{"id":385,"date":"2020-04-18T15:20:05","date_gmt":"2020-04-18T15:20:05","guid":{"rendered":"https:\/\/distribucionarc.com\/?post_type=product&#038;p=385"},"modified":"2023-07-31T18:19:57","modified_gmt":"2023-07-31T18:19:57","slug":"automatski-uredaj-za-zatvaranje-vrecica-%e2%99%be%ef%b8%8f-stroj-za-samozatvaranje-plasticnih-papirnatih-vrecica","status":"publish","type":"product","link":"https:\/\/distribucionarc.com\/hr\/producto\/selladora-de-bolsas-automatica-%e2%99%be%ef%b8%8f-maquina-de-autosellado-de-bolsas-plasticoaluniopapel\/","title":{"rendered":"Automatski zatvara\u010d vre\u0107ica \u267e\ufe0f Stroj za samozatvaranje plasti\u010dnih, aluminijskih i papirnatih vre\u0107ica"},"content":{"rendered":"<h3><strong>Automatski zatvara\u010d vre\u0107ica \u267e\ufe0f Stroj za samozatvaranje plasti\u010dnih, aluminijskih i papirnatih vre\u0107ica<\/strong><\/h3>\n<p>&nbsp;<\/p>\n<ul>\n<li>Kontinuirano horizontalno zavarivanje stolnih vre\u0107ica idealno za srednje i velike proizvodnje.<\/li>\n<li>Proizvedeno u\u00a0<strong>nehr\u0111aju\u0107i \u010delik<\/strong>.<\/li>\n<li>Vari vre\u0107ice od bilo kojeg plasti\u010dnog materijala. Njegova upotreba mo\u017ee varirati od hrane do steriliziranih vre\u0107ica za medicinsku upotrebu.<\/li>\n<li><strong>Podesiva brzina pokretne trake.<\/strong><\/li>\n<li><strong>Podesiva temperatura lemljenja.<\/strong><\/li>\n<li><strong>Uklju\u010duje marker.<\/strong><\/li>\n<li>To je vrlo robustan dio opreme izra\u0111en od obojenog \u010delika, ova kontinuirana traka za brtvljenje dizajnirana je za industrijsku upotrebu.<\/li>\n<li>Promjena s jednog materijala na drugi vrlo je jednostavna, a operater mo\u017ee brzo i jednostavno prilagoditi vrstu zavarivanja: tlak zavarivanja, temperaturu i brzinu. Na taj na\u010din se posti\u017ee savr\u0161en rezultat.<\/li>\n<li>\u0160irina dobivenog brtvila je od 6 mm do 12 mm, a duljina je bez ograni\u010denja.<\/li>\n<li>Odr\u017eavanje ovog aparata za zavarivanje je vrlo jednostavno i ekonomi\u010dno, potrebno je samo nekoliko minuta za zamjenu traka za zavarivanje.<\/li>\n<\/ul>\n<table border=\"0\" cellspacing=\"0\" cellpadding=\"0\">\n<thead>\n<tr>\n<th>TEHNI\u010cKE KARAKTERISTIKE<\/th>\n<th>AR900 STROJ ZA KONTINUIRANO ZAVARIVANJE<\/th>\n<\/tr>\n<\/thead>\n<tfoot>\n<tr>\n<td colspan=\"2\"><\/td>\n<\/tr>\n<\/tfoot>\n<tbody>\n<tr>\n<td>Napon<\/td>\n<td>220\u00b110V,50HZ<\/td>\n<\/tr>\n<tr>\n<td>Vlast<\/td>\n<td>500 W<\/td>\n<\/tr>\n<tr>\n<td>Dimenzije<\/td>\n<td>844 x 390 x 300 mm (duljina x \u0161irina x visina)<\/td>\n<\/tr>\n<tr>\n<td>\u0160irina zavara<\/td>\n<td>od 6 mm do 12 mm<\/td>\n<\/tr>\n<tr>\n<td>Raspon temperature<\/td>\n<td>0-300\u00baC<\/td>\n<\/tr>\n<tr>\n<td>Te\u017eina<\/td>\n<td>30 kg<\/td>\n<\/tr>\n<tr>\n<td>Brzina zavarivanja<\/td>\n<td>0-12 metara\/min<\/td>\n<\/tr>\n<\/tbody>\n<\/table>\n<div class=\"row\"><\/div>\n<div class=\"row\"><\/div>\n<p><iframe loading=\"lazy\" src=\"https:\/\/www.youtube.com\/embed\/YzkENIqPNVY\" width=\"560\" height=\"315\" frameborder=\"0\" allowfullscreen=\"allowfullscreen\"><\/iframe><br \/>\n<iframe loading=\"lazy\" src=\"https:\/\/www.youtube.com\/embed\/G3fXjF5u1L4\" width=\"560\" height=\"315\" frameborder=\"0\" allowfullscreen=\"allowfullscreen\"><\/iframe><\/p>","protected":false},"excerpt":{"rendered":"<p><strong>Horizontalno kontinuirano brtvilo<\/strong>.<\/p>\n<p>Stolni stroj izra\u0111en u\u00a0<strong>nehr\u0111aju\u0107i \u010delik<\/strong>,\u00a0<strong>idealan za srednje i velike produkcije.<\/strong><\/p>\n<p>Vrlo jednostavan za konfiguriranje, jam\u010di savr\u0161eno zavarivanje bilo kojeg materijala koji se mo\u017ee zavariti toplinom: polietilena (PE), polipropilena (PP) i laminata.<\/p>\n<p>Pogodno za sve vrste torbi<\/p>","protected":false},"featured_media":418,"comment_status":"open","ping_status":"closed","template":"","meta":{"wds_primary_product_brand":0,"wds_primary_product_cat":0},"product_brand":[],"product_cat":[15,27],"product_tag":[],"class_list":{"0":"post-385","1":"product","2":"type-product","3":"status-publish","4":"has-post-thumbnail","6":"product_cat-llenadoras-y-selladoras-automaticas-flow-pack-sachet","7":"product_cat-selladoras-de-bolsas","9":"first","10":"instock","11":"sale","12":"taxable","13":"shipping-taxable","14":"purchasable","15":"product-type-simple"},"yoast_head":"<!-- This site is optimized with the Yoast SEO Premium plugin v24.9 (Yoast SEO v26.1) - https:\/\/yoast.com\/wordpress\/plugins\/seo\/ -->\n<title>Selladora de Bolsas Autom\u00e1tica \u267e\ufe0f M\u00e1quina de Autosellado de Bolsas de Pl\u00e1stico, Aluminio, Papel - distribuci\u00f3n ARC<\/title>\n<meta name=\"robots\" content=\"index, follow, max-snippet:-1, max-image-preview:large, max-video-preview:-1\" \/>\n<link rel=\"canonical\" href=\"https:\/\/distribucionarc.com\/hr\/proizvod\/automatski-uredaj-za-zatvaranje-vrecica-\u267e\ufe0f-stroj-za-samozatvaranje-plasticnih-papirnatih-vrecica\/\" \/>\n<meta property=\"og:locale\" content=\"hr_HR\" \/>\n<meta property=\"og:type\" content=\"article\" \/>\n<meta property=\"og:title\" content=\"Selladora de Bolsas Autom\u00e1tica \u267e\ufe0f M\u00e1quina de Autosellado de Bolsas de Pl\u00e1stico, Aluminio, Papel\" \/>\n<meta property=\"og:description\" content=\"Selladora Horizontalmente en Continuo.  M\u00e1quina de sobremesa fabricada en\u00a0acero inoxidable,\u00a0ideal para medias y grandes producciones.  Muy f\u00e1cil de configurar, garantiza un soldado perfecto de cualquier material termosellable: polietileno (PE), polipropileno (PP) y laminados.  Adecuada para todo tipo de bolsas\" \/>\n<meta property=\"og:url\" content=\"https:\/\/distribucionarc.com\/hr\/proizvod\/automatski-uredaj-za-zatvaranje-vrecica-\u267e\ufe0f-stroj-za-samozatvaranje-plasticnih-papirnatih-vrecica\/\" \/>\n<meta property=\"og:site_name\" content=\"distribuci\u00f3n ARC\" \/>\n<meta property=\"article:modified_time\" content=\"2023-07-31T18:19:57+00:00\" \/>\n<meta property=\"og:image\" content=\"https:\/\/distribucionarc.com\/wp-content\/uploads\/2020\/04\/selladora_de_bolsas_autom\u00e1tica_0.jpg\" \/>\n\t<meta property=\"og:image:width\" content=\"1600\" \/>\n\t<meta property=\"og:image:height\" content=\"1600\" \/>\n\t<meta property=\"og:image:type\" content=\"image\/jpeg\" \/>\n<meta name=\"twitter:card\" content=\"summary_large_image\" \/>\n<meta name=\"twitter:label1\" content=\"Procijenjeno vrijeme \u010ditanja\" \/>\n\t<meta name=\"twitter:data1\" content=\"1 minuta\" \/>\n<script type=\"application\/ld+json\" class=\"yoast-schema-graph\">{\"@context\":\"https:\/\/schema.org\",\"@graph\":[{\"@type\":\"WebPage\",\"@id\":\"https:\/\/distribucionarc.com\/hr\/producto\/selladora-de-bolsas-automatica-%e2%99%be%ef%b8%8f-maquina-de-autosellado-de-bolsas-plasticoaluniopapel\/\",\"url\":\"https:\/\/distribucionarc.com\/hr\/producto\/selladora-de-bolsas-automatica-%e2%99%be%ef%b8%8f-maquina-de-autosellado-de-bolsas-plasticoaluniopapel\/\",\"name\":\"Selladora de Bolsas Autom\u00e1tica \u267e\ufe0f M\u00e1quina de Autosellado de Bolsas de Pl\u00e1stico, Aluminio, Papel - distribuci\u00f3n ARC\",\"isPartOf\":{\"@id\":\"https:\/\/distribucionarc.com\/ar\/#website\"},\"primaryImageOfPage\":{\"@id\":\"https:\/\/distribucionarc.com\/hr\/producto\/selladora-de-bolsas-automatica-%e2%99%be%ef%b8%8f-maquina-de-autosellado-de-bolsas-plasticoaluniopapel\/#primaryimage\"},\"image\":{\"@id\":\"https:\/\/distribucionarc.com\/hr\/producto\/selladora-de-bolsas-automatica-%e2%99%be%ef%b8%8f-maquina-de-autosellado-de-bolsas-plasticoaluniopapel\/#primaryimage\"},\"thumbnailUrl\":\"https:\/\/distribucionarc.com\/wp-content\/uploads\/2020\/04\/selladora_de_bolsas_autom\u00e1tica_0.jpg\",\"datePublished\":\"2020-04-18T15:20:05+00:00\",\"dateModified\":\"2023-07-31T18:19:57+00:00\",\"breadcrumb\":{\"@id\":\"https:\/\/distribucionarc.com\/hr\/producto\/selladora-de-bolsas-automatica-%e2%99%be%ef%b8%8f-maquina-de-autosellado-de-bolsas-plasticoaluniopapel\/#breadcrumb\"},\"inLanguage\":\"hr\",\"potentialAction\":[{\"@type\":\"ReadAction\",\"target\":[\"https:\/\/distribucionarc.com\/hr\/producto\/selladora-de-bolsas-automatica-%e2%99%be%ef%b8%8f-maquina-de-autosellado-de-bolsas-plasticoaluniopapel\/\"]}]},{\"@type\":\"ImageObject\",\"inLanguage\":\"hr\",\"@id\":\"https:\/\/distribucionarc.com\/hr\/producto\/selladora-de-bolsas-automatica-%e2%99%be%ef%b8%8f-maquina-de-autosellado-de-bolsas-plasticoaluniopapel\/#primaryimage\",\"url\":\"https:\/\/distribucionarc.com\/wp-content\/uploads\/2020\/04\/selladora_de_bolsas_autom\u00e1tica_0.jpg\",\"contentUrl\":\"https:\/\/distribucionarc.com\/wp-content\/uploads\/2020\/04\/selladora_de_bolsas_autom\u00e1tica_0.jpg\",\"width\":1600,\"height\":1600},{\"@type\":\"BreadcrumbList\",\"@id\":\"https:\/\/distribucionarc.com\/hr\/producto\/selladora-de-bolsas-automatica-%e2%99%be%ef%b8%8f-maquina-de-autosellado-de-bolsas-plasticoaluniopapel\/#breadcrumb\",\"itemListElement\":[{\"@type\":\"ListItem\",\"position\":1,\"name\":\"Portada\",\"item\":\"https:\/\/www.distribucionarc.com\/pt\/\"},{\"@type\":\"ListItem\",\"position\":2,\"name\":\"Produtos\",\"item\":\"https:\/\/www.distribucionarc.com\/pt\/shop\/\"},{\"@type\":\"ListItem\",\"position\":3,\"name\":\"Selladora de Bolsas Autom\u00e1tica \u267e\ufe0f M\u00e1quina de Autosellado de Bolsas de Pl\u00e1stico, Aluminio, Papel\"}]},{\"@type\":\"WebSite\",\"@id\":\"https:\/\/distribucionarc.com\/ar\/#website\",\"url\":\"https:\/\/distribucionarc.com\/ar\/\",\"name\":\"distribuci\u00f3n ARC\",\"description\":\"Empresa especializada en la fabricaci\u00f3n y distribuci\u00f3n de maquinaria industrial, selladoras de latas, Maquinas de hacer pastillas, Maquinas de cortar carne...\",\"publisher\":{\"@id\":\"https:\/\/distribucionarc.com\/ar\/#organization\"},\"potentialAction\":[{\"@type\":\"SearchAction\",\"target\":{\"@type\":\"EntryPoint\",\"urlTemplate\":\"https:\/\/distribucionarc.com\/ar\/?s={search_term_string}\"},\"query-input\":{\"@type\":\"PropertyValueSpecification\",\"valueRequired\":true,\"valueName\":\"search_term_string\"}}],\"inLanguage\":\"hr\"},{\"@type\":\"Organization\",\"@id\":\"https:\/\/distribucionarc.com\/ar\/#organization\",\"name\":\"Distribuci\u00f3n ARC\",\"url\":\"https:\/\/distribucionarc.com\/ar\/\",\"logo\":{\"@type\":\"ImageObject\",\"inLanguage\":\"hr\",\"@id\":\"https:\/\/distribucionarc.com\/ar\/#\/schema\/logo\/image\/\",\"url\":\"https:\/\/distribucionarc.com\/wp-content\/uploads\/2024\/10\/distribucion-ARC-COLOR-SIN-FONDO-e1732295305345.png\",\"contentUrl\":\"https:\/\/distribucionarc.com\/wp-content\/uploads\/2024\/10\/distribucion-ARC-COLOR-SIN-FONDO-e1732295305345.png\",\"width\":1164,\"height\":558,\"caption\":\"Distribuci\u00f3n ARC\"},\"image\":{\"@id\":\"https:\/\/distribucionarc.com\/ar\/#\/schema\/logo\/image\/\"},\"description\":\"Empresa especializada en la fabricaci\u00f3n y distribuci\u00f3n de maquinaria industrial para los sectores alimentario y farmac\u00e9utico. Nos especializamos en: M\u00e1quinas de cortar carne Fabricaci\u00f3n de comprimidos Sistemas de transporte industrial L\u00edneas de embotellado Dosificadores Y mucho m\u00e1s... Ofrecemos soluciones innovadoras y personalizadas para optimizar los procesos productivos de tu empresa.\",\"email\":\"Admistracion@distribucionarc.com\",\"telephone\":\"+34 643496664\",\"legalName\":\"ARC TECH SOLUTIONS\",\"foundingDate\":\"2024-04-09\",\"vatID\":\"B55480172\",\"numberOfEmployees\":{\"@type\":\"QuantitativeValue\",\"minValue\":\"1\",\"maxValue\":\"10\"}}]}<\/script>\n<!-- \/ Yoast SEO Premium plugin. -->","yoast_head_json":{"title":"Automatski zatvara\u010d vre\u0107ica \u267e\ufe0f Stroj za samozatvaranje plasti\u010dnih, aluminijskih i papirnatih vre\u0107ica - ARC distribucija","robots":{"index":"index","follow":"follow","max-snippet":"max-snippet:-1","max-image-preview":"max-image-preview:large","max-video-preview":"max-video-preview:-1"},"canonical":"https:\/\/distribucionarc.com\/hr\/proizvod\/automatski-uredaj-za-zatvaranje-vrecica-\u267e\ufe0f-stroj-za-samozatvaranje-plasticnih-papirnatih-vrecica\/","og_locale":"hr_HR","og_type":"article","og_title":"Selladora de Bolsas Autom\u00e1tica \u267e\ufe0f M\u00e1quina de Autosellado de Bolsas de Pl\u00e1stico, Aluminio, Papel","og_description":"Selladora Horizontalmente en Continuo.  M\u00e1quina de sobremesa fabricada en\u00a0acero inoxidable,\u00a0ideal para medias y grandes producciones.  Muy f\u00e1cil de configurar, garantiza un soldado perfecto de cualquier material termosellable: polietileno (PE), polipropileno (PP) y laminados.  Adecuada para todo tipo de bolsas","og_url":"https:\/\/distribucionarc.com\/hr\/proizvod\/automatski-uredaj-za-zatvaranje-vrecica-\u267e\ufe0f-stroj-za-samozatvaranje-plasticnih-papirnatih-vrecica\/","og_site_name":"distribuci\u00f3n ARC","article_modified_time":"2023-07-31T18:19:57+00:00","og_image":[{"width":1600,"height":1600,"url":"https:\/\/distribucionarc.com\/wp-content\/uploads\/2020\/04\/selladora_de_bolsas_autom\u00e1tica_0.jpg","type":"image\/jpeg"}],"twitter_card":"summary_large_image","twitter_misc":{"Procijenjeno vrijeme \u010ditanja":"1 minuta"},"schema":{"@context":"https:\/\/schema.org","@graph":[{"@type":"WebPage","@id":"https:\/\/distribucionarc.com\/hr\/producto\/selladora-de-bolsas-automatica-%e2%99%be%ef%b8%8f-maquina-de-autosellado-de-bolsas-plasticoaluniopapel\/","url":"https:\/\/distribucionarc.com\/hr\/producto\/selladora-de-bolsas-automatica-%e2%99%be%ef%b8%8f-maquina-de-autosellado-de-bolsas-plasticoaluniopapel\/","name":"Automatski zatvara\u010d vre\u0107ica \u267e\ufe0f Stroj za samozatvaranje plasti\u010dnih, aluminijskih i papirnatih vre\u0107ica - ARC distribucija","isPartOf":{"@id":"https:\/\/distribucionarc.com\/ar\/#website"},"primaryImageOfPage":{"@id":"https:\/\/distribucionarc.com\/hr\/producto\/selladora-de-bolsas-automatica-%e2%99%be%ef%b8%8f-maquina-de-autosellado-de-bolsas-plasticoaluniopapel\/#primaryimage"},"image":{"@id":"https:\/\/distribucionarc.com\/hr\/producto\/selladora-de-bolsas-automatica-%e2%99%be%ef%b8%8f-maquina-de-autosellado-de-bolsas-plasticoaluniopapel\/#primaryimage"},"thumbnailUrl":"https:\/\/distribucionarc.com\/wp-content\/uploads\/2020\/04\/selladora_de_bolsas_autom\u00e1tica_0.jpg","datePublished":"2020-04-18T15:20:05+00:00","dateModified":"2023-07-31T18:19:57+00:00","breadcrumb":{"@id":"https:\/\/distribucionarc.com\/hr\/producto\/selladora-de-bolsas-automatica-%e2%99%be%ef%b8%8f-maquina-de-autosellado-de-bolsas-plasticoaluniopapel\/#breadcrumb"},"inLanguage":"hr","potentialAction":[{"@type":"ReadAction","target":["https:\/\/distribucionarc.com\/hr\/producto\/selladora-de-bolsas-automatica-%e2%99%be%ef%b8%8f-maquina-de-autosellado-de-bolsas-plasticoaluniopapel\/"]}]},{"@type":"ImageObject","inLanguage":"hr","@id":"https:\/\/distribucionarc.com\/hr\/producto\/selladora-de-bolsas-automatica-%e2%99%be%ef%b8%8f-maquina-de-autosellado-de-bolsas-plasticoaluniopapel\/#primaryimage","url":"https:\/\/distribucionarc.com\/wp-content\/uploads\/2020\/04\/selladora_de_bolsas_autom\u00e1tica_0.jpg","contentUrl":"https:\/\/distribucionarc.com\/wp-content\/uploads\/2020\/04\/selladora_de_bolsas_autom\u00e1tica_0.jpg","width":1600,"height":1600},{"@type":"BreadcrumbList","@id":"https:\/\/distribucionarc.com\/hr\/producto\/selladora-de-bolsas-automatica-%e2%99%be%ef%b8%8f-maquina-de-autosellado-de-bolsas-plasticoaluniopapel\/#breadcrumb","itemListElement":[{"@type":"ListItem","position":1,"name":"Portada","item":"https:\/\/www.distribucionarc.com\/pt\/"},{"@type":"ListItem","position":2,"name":"Produtos","item":"https:\/\/www.distribucionarc.com\/pt\/shop\/"},{"@type":"ListItem","position":3,"name":"Selladora de Bolsas Autom\u00e1tica \u267e\ufe0f M\u00e1quina de Autosellado de Bolsas de Pl\u00e1stico, Aluminio, Papel"}]},{"@type":"WebSite","@id":"https:\/\/distribucionarc.com\/ar\/#website","url":"https:\/\/distribucionarc.com\/ar\/","name":"ARC distribucija","description":"Tvrtka specijalizirana za proizvodnju i distribuciju industrijskih strojeva, strojeva za zatvaranje limenki, strojeva za izradu pilula, strojeva za rezanje mesa itd.","publisher":{"@id":"https:\/\/distribucionarc.com\/ar\/#organization"},"potentialAction":[{"@type":"SearchAction","target":{"@type":"EntryPoint","urlTemplate":"https:\/\/distribucionarc.com\/ar\/?s={search_term_string}"},"query-input":{"@type":"PropertyValueSpecification","valueRequired":true,"valueName":"search_term_string"}}],"inLanguage":"hr"},{"@type":"Organization","@id":"https:\/\/distribucionarc.com\/ar\/#organization","name":"ARC distribucija","url":"https:\/\/distribucionarc.com\/ar\/","logo":{"@type":"ImageObject","inLanguage":"hr","@id":"https:\/\/distribucionarc.com\/ar\/#\/schema\/logo\/image\/","url":"https:\/\/distribucionarc.com\/wp-content\/uploads\/2024\/10\/distribucion-ARC-COLOR-SIN-FONDO-e1732295305345.png","contentUrl":"https:\/\/distribucionarc.com\/wp-content\/uploads\/2024\/10\/distribucion-ARC-COLOR-SIN-FONDO-e1732295305345.png","width":1164,"height":558,"caption":"Distribuci\u00f3n ARC"},"image":{"@id":"https:\/\/distribucionarc.com\/ar\/#\/schema\/logo\/image\/"},"description":"Tvrtka specijalizirana za proizvodnju i distribuciju industrijskih strojeva za prehrambeni i farmaceutski sektor. Specijalizirani smo za: Strojeve za rezanje mesa Proizvodnja tableta Industrijske transportne sustave Linije za punjenje Strojevi za doziranje I jo\u0161 mnogo toga... Nudimo inovativna i prilago\u0111ena rje\u0161enja za optimizaciju proizvodnih procesa Va\u0161e tvrtke.","email":"Admistracion@distribucionarc.com","telephone":"+34 643496664","legalName":"ARC TECH SOLUTIONS","foundingDate":"2024-04-09","vatID":"B55480172","numberOfEmployees":{"@type":"QuantitativeValue","minValue":"1","maxValue":"10"}}]}},"_links":{"self":[{"href":"https:\/\/distribucionarc.com\/hr\/wp-json\/wp\/v2\/product\/385","targetHints":{"allow":["GET"]}}],"collection":[{"href":"https:\/\/distribucionarc.com\/hr\/wp-json\/wp\/v2\/product"}],"about":[{"href":"https:\/\/distribucionarc.com\/hr\/wp-json\/wp\/v2\/types\/product"}],"replies":[{"embeddable":true,"href":"https:\/\/distribucionarc.com\/hr\/wp-json\/wp\/v2\/comments?post=385"}],"version-history":[{"count":0,"href":"https:\/\/distribucionarc.com\/hr\/wp-json\/wp\/v2\/product\/385\/revisions"}],"wp:featuredmedia":[{"embeddable":true,"href":"https:\/\/distribucionarc.com\/hr\/wp-json\/wp\/v2\/media\/418"}],"wp:attachment":[{"href":"https:\/\/distribucionarc.com\/hr\/wp-json\/wp\/v2\/media?parent=385"}],"wp:term":[{"taxonomy":"product_brand","embeddable":true,"href":"https:\/\/distribucionarc.com\/hr\/wp-json\/wp\/v2\/product_brand?post=385"},{"taxonomy":"product_cat","embeddable":true,"href":"https:\/\/distribucionarc.com\/hr\/wp-json\/wp\/v2\/product_cat?post=385"},{"taxonomy":"product_tag","embeddable":true,"href":"https:\/\/distribucionarc.com\/hr\/wp-json\/wp\/v2\/product_tag?post=385"}],"curies":[{"name":"radni list","href":"https:\/\/api.w.org\/{rel}","templated":true}]}}