{"id":3862,"date":"2020-10-10T10:52:38","date_gmt":"2020-10-10T10:52:38","guid":{"rendered":"https:\/\/distribucionarc.com\/?post_type=product&#038;p=3862"},"modified":"2020-10-10T10:52:39","modified_gmt":"2020-10-10T10:52:39","slug":"industrijski-sudoper","status":"publish","type":"product","link":"https:\/\/distribucionarc.com\/hr\/producto\/fregadero-industrial\/","title":{"rendered":"industrijski sudoper"},"content":{"rendered":"<h3>Radni stol sa sudoperom<\/h3>\n<p>Ovaj <strong>radni stol <span style=\"color: #ff0000;\">DO<span style=\"color: #0000ff;\">R<\/span><\/span>CBF1<\/strong> Izra\u0111ena je od vrhunskog nehr\u0111aju\u0107eg \u010delika, dizajnirana u potpunosti ru\u010dno, te ima ocjednjak na desnoj strani koji uklju\u010duje cjedilo za ko\u0161aru za bolju odvodnju. Ima kanal za kapanje koji okru\u017euje odvodnik. Rubovi i uglovi su zaobljeni kako bi se osigurala sigurnost korisnika.<\/p>\n<h6><strong>Jamstvo\u00a0<span style=\"color: #ff0000;\">DO<\/span><span style=\"color: #0000ff;\">R<\/span>C 2 GODINE<\/strong><\/h6>\n<h6><strong>uklju\u010dena tehni\u010dka podr\u0161ka<\/strong><\/h6>\n<p>&nbsp;<\/p>\n<table width=\"100%\">\n<tbody>\n<tr>\n<td>Marka:<\/td>\n<td width=\"32%\">LUK<\/td>\n<td>Te\u017eina:<\/td>\n<td width=\"30%\">11,5 kg<\/td>\n<\/tr>\n<tr>\n<td>Zemlja distribucije:<\/td>\n<td width=\"32%\">\u0160panjolska, Njema\u010dka, SAD<\/td>\n<td>Visina:<\/td>\n<td width=\"30%\">92 cm<\/td>\n<\/tr>\n<tr>\n<td>Boja:<\/td>\n<td width=\"32%\">Srebro<\/td>\n<td>dugo:<\/td>\n<td width=\"30%\">100 cm<\/td>\n<\/tr>\n<tr>\n<td>Vrsta proizvoda:<\/td>\n<td width=\"32%\">Sudopera<\/td>\n<td>\u0160iroko:<\/td>\n<td width=\"30%\">50 cm<\/td>\n<\/tr>\n<tr>\n<td>Proizvo\u0111a\u010dki broj:<\/td>\n<td width=\"32%\">ARCBF1<\/td>\n<td>Dimenzije sudopera:<\/td>\n<td width=\"30%\">35x35x24 cm<\/td>\n<\/tr>\n<tr>\n<td>Materijal:<\/td>\n<td width=\"32%\">304 nehr\u0111aju\u0107i \u010delik<\/td>\n<td>\u00a0\u00a0Jamstvo:<\/td>\n<td width=\"30%\">2 GODINE<\/td>\n<\/tr>\n<tr>\n<td>Debljina \u010delika:<\/td>\n<td width=\"32%\">0,8 mm<\/td>\n<td><\/td>\n<td width=\"30%\"><\/td>\n<\/tr>\n<\/tbody>\n<\/table>\n<p>&nbsp;<\/p>\n<p>&nbsp;<\/p>","protected":false},"excerpt":{"rendered":"<h2>Radni stol sa sudoperom<\/h2>\n<p>Ovaj <strong>radni stol sa sudoperom <span style=\"color: #ff0000;\">DO<\/span><span style=\"color: #0000ff;\">R<\/span>c<\/strong> Ru\u010dno je izra\u0111en od vrhunskog nehr\u0111aju\u0107eg \u010delika; Ima ocje\u0111iva\u010d. Cijeli sudoper je kompaktan komad poliranog \u010delika sa zavarenim podru\u010djima i prekrasnom satenskom zavr\u0161nom obradom. Noge od nehr\u0111aju\u0107eg \u010delika s popre\u010dnim nosa\u010dima osiguravaju \u010dvrstu potporu.<\/p>\n<h6><strong>Jamstvo\u00a0<span style=\"color: #ff0000;\">DO<\/span><span style=\"color: #0000ff;\">R<\/span>C 2 GODINE<\/strong><\/h6>\n<h6><strong>uklju\u010dena tehni\u010dka podr\u0161ka<\/strong><\/h6>","protected":false},"featured_media":3869,"comment_status":"open","ping_status":"closed","template":"","meta":{"wds_primary_product_brand":0,"wds_primary_product_cat":0},"product_brand":[],"product_cat":[64],"product_tag":[],"class_list":{"0":"post-3862","1":"product","2":"type-product","3":"status-publish","4":"has-post-thumbnail","6":"product_cat-fregaderos-mesas-de-apoyo-mesones-de-trabajo","7":"product_shipping_class-hosteleria","9":"first","10":"instock","11":"sale","12":"taxable","13":"shipping-taxable","14":"purchasable","15":"product-type-simple"},"yoast_head":"<!-- This site is optimized with the Yoast SEO Premium plugin v24.9 (Yoast SEO v26.1) - https:\/\/yoast.com\/wordpress\/plugins\/seo\/ -->\n<title>Fregadero industrial - distribuci\u00f3n ARC<\/title>\n<meta name=\"robots\" content=\"index, follow, max-snippet:-1, max-image-preview:large, max-video-preview:-1\" \/>\n<link rel=\"canonical\" href=\"https:\/\/www.distribucionarc.com\/lt\/producto\/fregadero-industrial\/\" \/>\n<meta property=\"og:locale\" content=\"hr_HR\" \/>\n<meta property=\"og:type\" content=\"article\" \/>\n<meta property=\"og:title\" content=\"Fregadero industrial\" \/>\n<meta property=\"og:description\" content=\"Banco de trabajo con fregadero Este banco de trabajo con fregadero ARC est\u00e1 fabricado a mano con acero inoxidable de primera calidad; cuenta con escurridor. Todo el fregadero es una pieza compacta de acero pulido con \u00e1reas soldadas y un hermoso acabado satinado. Las patas de acero inoxidable con refuerzos cruzados \u00a0aseguran un apoyo firme. Garant\u00eda\u00a0ARC 2 A\u00d1OS soporte t\u00e9cnico incluido\" \/>\n<meta property=\"og:url\" content=\"https:\/\/www.distribucionarc.com\/lt\/producto\/fregadero-industrial\/\" \/>\n<meta property=\"og:site_name\" content=\"distribuci\u00f3n ARC\" \/>\n<meta property=\"article:modified_time\" content=\"2020-10-10T10:52:39+00:00\" \/>\n<meta property=\"og:image\" content=\"https:\/\/www.distribucionarc.com\/wp-content\/uploads\/2020\/10\/Fregadero-industrial-0.jpg\" \/>\n\t<meta property=\"og:image:width\" content=\"1001\" \/>\n\t<meta property=\"og:image:height\" content=\"1001\" \/>\n\t<meta property=\"og:image:type\" content=\"image\/jpeg\" \/>\n<meta name=\"twitter:card\" content=\"summary_large_image\" \/>\n<meta name=\"twitter:label1\" content=\"Procijenjeno vrijeme \u010ditanja\" \/>\n\t<meta name=\"twitter:data1\" content=\"1 minuta\" \/>\n<script type=\"application\/ld+json\" class=\"yoast-schema-graph\">{\"@context\":\"https:\/\/schema.org\",\"@graph\":[{\"@type\":\"WebPage\",\"@id\":\"https:\/\/www.distribucionarc.com\/lt\/producto\/fregadero-industrial\/\",\"url\":\"https:\/\/www.distribucionarc.com\/lt\/producto\/fregadero-industrial\/\",\"name\":\"Fregadero industrial - distribuci\u00f3n ARC\",\"isPartOf\":{\"@id\":\"https:\/\/distribucionarc.com\/de\/#website\"},\"primaryImageOfPage\":{\"@id\":\"https:\/\/www.distribucionarc.com\/lt\/producto\/fregadero-industrial\/#primaryimage\"},\"image\":{\"@id\":\"https:\/\/www.distribucionarc.com\/lt\/producto\/fregadero-industrial\/#primaryimage\"},\"thumbnailUrl\":\"https:\/\/distribucionarc.com\/wp-content\/uploads\/2020\/10\/Fregadero-industrial-0.jpg\",\"datePublished\":\"2020-10-10T10:52:38+00:00\",\"dateModified\":\"2020-10-10T10:52:39+00:00\",\"breadcrumb\":{\"@id\":\"https:\/\/www.distribucionarc.com\/lt\/producto\/fregadero-industrial\/#breadcrumb\"},\"inLanguage\":\"hr\",\"potentialAction\":[{\"@type\":\"ReadAction\",\"target\":[\"https:\/\/www.distribucionarc.com\/lt\/producto\/fregadero-industrial\/\"]}]},{\"@type\":\"ImageObject\",\"inLanguage\":\"hr\",\"@id\":\"https:\/\/www.distribucionarc.com\/lt\/producto\/fregadero-industrial\/#primaryimage\",\"url\":\"https:\/\/distribucionarc.com\/wp-content\/uploads\/2020\/10\/Fregadero-industrial-0.jpg\",\"contentUrl\":\"https:\/\/distribucionarc.com\/wp-content\/uploads\/2020\/10\/Fregadero-industrial-0.jpg\",\"width\":1001,\"height\":1001,\"caption\":\"Fregadero industrial\"},{\"@type\":\"BreadcrumbList\",\"@id\":\"https:\/\/www.distribucionarc.com\/lt\/producto\/fregadero-industrial\/#breadcrumb\",\"itemListElement\":[{\"@type\":\"ListItem\",\"position\":1,\"name\":\"Portada\",\"item\":\"https:\/\/distribucionarc.com\/pl\/\"},{\"@type\":\"ListItem\",\"position\":2,\"name\":\"Produkty\",\"item\":\"https:\/\/distribucionarc.com\/pl\/shop\/\"},{\"@type\":\"ListItem\",\"position\":3,\"name\":\"Fregadero industrial\"}]},{\"@type\":\"WebSite\",\"@id\":\"https:\/\/distribucionarc.com\/de\/#website\",\"url\":\"https:\/\/distribucionarc.com\/de\/\",\"name\":\"distribuci\u00f3n ARC\",\"description\":\"Empresa especializada en la fabricaci\u00f3n y distribuci\u00f3n de maquinaria industrial, selladoras de latas, Maquinas de hacer pastillas, Maquinas de cortar carne...\",\"publisher\":{\"@id\":\"https:\/\/distribucionarc.com\/de\/#organization\"},\"potentialAction\":[{\"@type\":\"SearchAction\",\"target\":{\"@type\":\"EntryPoint\",\"urlTemplate\":\"https:\/\/distribucionarc.com\/de\/?s={search_term_string}\"},\"query-input\":{\"@type\":\"PropertyValueSpecification\",\"valueRequired\":true,\"valueName\":\"search_term_string\"}}],\"inLanguage\":\"hr\"},{\"@type\":\"Organization\",\"@id\":\"https:\/\/distribucionarc.com\/de\/#organization\",\"name\":\"Distribuci\u00f3n ARC\",\"url\":\"https:\/\/distribucionarc.com\/de\/\",\"logo\":{\"@type\":\"ImageObject\",\"inLanguage\":\"hr\",\"@id\":\"https:\/\/distribucionarc.com\/de\/#\/schema\/logo\/image\/\",\"url\":\"https:\/\/distribucionarc.com\/wp-content\/uploads\/2024\/10\/distribucion-ARC-COLOR-SIN-FONDO-e1732295305345.png\",\"contentUrl\":\"https:\/\/distribucionarc.com\/wp-content\/uploads\/2024\/10\/distribucion-ARC-COLOR-SIN-FONDO-e1732295305345.png\",\"width\":1164,\"height\":558,\"caption\":\"Distribuci\u00f3n ARC\"},\"image\":{\"@id\":\"https:\/\/distribucionarc.com\/de\/#\/schema\/logo\/image\/\"},\"description\":\"Empresa especializada en la fabricaci\u00f3n y distribuci\u00f3n de maquinaria industrial para los sectores alimentario y farmac\u00e9utico. Nos especializamos en: M\u00e1quinas de cortar carne Fabricaci\u00f3n de comprimidos Sistemas de transporte industrial L\u00edneas de embotellado Dosificadores Y mucho m\u00e1s... Ofrecemos soluciones innovadoras y personalizadas para optimizar los procesos productivos de tu empresa.\",\"email\":\"Admistracion@distribucionarc.com\",\"telephone\":\"+34 643496664\",\"legalName\":\"ARC TECH SOLUTIONS\",\"foundingDate\":\"2024-04-09\",\"vatID\":\"B55480172\",\"numberOfEmployees\":{\"@type\":\"QuantitativeValue\",\"minValue\":\"1\",\"maxValue\":\"10\"}}]}<\/script>\n<!-- \/ Yoast SEO Premium plugin. -->","yoast_head_json":{"title":"Industrijski sudoper - ARC distribucija","robots":{"index":"index","follow":"follow","max-snippet":"max-snippet:-1","max-image-preview":"max-image-preview:large","max-video-preview":"max-video-preview:-1"},"canonical":"https:\/\/www.distribucionarc.com\/lt\/producto\/fregadero-industrial\/","og_locale":"hr_HR","og_type":"article","og_title":"Fregadero industrial","og_description":"Banco de trabajo con fregadero Este banco de trabajo con fregadero ARC est\u00e1 fabricado a mano con acero inoxidable de primera calidad; cuenta con escurridor. Todo el fregadero es una pieza compacta de acero pulido con \u00e1reas soldadas y un hermoso acabado satinado. Las patas de acero inoxidable con refuerzos cruzados \u00a0aseguran un apoyo firme. Garant\u00eda\u00a0ARC 2 A\u00d1OS soporte t\u00e9cnico incluido","og_url":"https:\/\/www.distribucionarc.com\/lt\/producto\/fregadero-industrial\/","og_site_name":"distribuci\u00f3n ARC","article_modified_time":"2020-10-10T10:52:39+00:00","og_image":[{"width":1001,"height":1001,"url":"https:\/\/www.distribucionarc.com\/wp-content\/uploads\/2020\/10\/Fregadero-industrial-0.jpg","type":"image\/jpeg"}],"twitter_card":"summary_large_image","twitter_misc":{"Procijenjeno vrijeme \u010ditanja":"1 minuta"},"schema":{"@context":"https:\/\/schema.org","@graph":[{"@type":"WebPage","@id":"https:\/\/www.distribucionarc.com\/lt\/producto\/fregadero-industrial\/","url":"https:\/\/www.distribucionarc.com\/lt\/producto\/fregadero-industrial\/","name":"Industrijski sudoper - ARC distribucija","isPartOf":{"@id":"https:\/\/distribucionarc.com\/de\/#website"},"primaryImageOfPage":{"@id":"https:\/\/www.distribucionarc.com\/lt\/producto\/fregadero-industrial\/#primaryimage"},"image":{"@id":"https:\/\/www.distribucionarc.com\/lt\/producto\/fregadero-industrial\/#primaryimage"},"thumbnailUrl":"https:\/\/distribucionarc.com\/wp-content\/uploads\/2020\/10\/Fregadero-industrial-0.jpg","datePublished":"2020-10-10T10:52:38+00:00","dateModified":"2020-10-10T10:52:39+00:00","breadcrumb":{"@id":"https:\/\/www.distribucionarc.com\/lt\/producto\/fregadero-industrial\/#breadcrumb"},"inLanguage":"hr","potentialAction":[{"@type":"ReadAction","target":["https:\/\/www.distribucionarc.com\/lt\/producto\/fregadero-industrial\/"]}]},{"@type":"ImageObject","inLanguage":"hr","@id":"https:\/\/www.distribucionarc.com\/lt\/producto\/fregadero-industrial\/#primaryimage","url":"https:\/\/distribucionarc.com\/wp-content\/uploads\/2020\/10\/Fregadero-industrial-0.jpg","contentUrl":"https:\/\/distribucionarc.com\/wp-content\/uploads\/2020\/10\/Fregadero-industrial-0.jpg","width":1001,"height":1001,"caption":"Fregadero industrial"},{"@type":"BreadcrumbList","@id":"https:\/\/www.distribucionarc.com\/lt\/producto\/fregadero-industrial\/#breadcrumb","itemListElement":[{"@type":"ListItem","position":1,"name":"Portada","item":"https:\/\/distribucionarc.com\/pl\/"},{"@type":"ListItem","position":2,"name":"Produkty","item":"https:\/\/distribucionarc.com\/pl\/shop\/"},{"@type":"ListItem","position":3,"name":"Fregadero industrial"}]},{"@type":"WebSite","@id":"https:\/\/distribucionarc.com\/de\/#website","url":"https:\/\/distribucionarc.com\/de\/","name":"ARC distribucija","description":"Tvrtka specijalizirana za proizvodnju i distribuciju industrijskih strojeva, strojeva za zatvaranje limenki, strojeva za izradu pilula, strojeva za rezanje mesa itd.","publisher":{"@id":"https:\/\/distribucionarc.com\/de\/#organization"},"potentialAction":[{"@type":"SearchAction","target":{"@type":"EntryPoint","urlTemplate":"https:\/\/distribucionarc.com\/de\/?s={search_term_string}"},"query-input":{"@type":"PropertyValueSpecification","valueRequired":true,"valueName":"search_term_string"}}],"inLanguage":"hr"},{"@type":"Organization","@id":"https:\/\/distribucionarc.com\/de\/#organization","name":"ARC distribucija","url":"https:\/\/distribucionarc.com\/de\/","logo":{"@type":"ImageObject","inLanguage":"hr","@id":"https:\/\/distribucionarc.com\/de\/#\/schema\/logo\/image\/","url":"https:\/\/distribucionarc.com\/wp-content\/uploads\/2024\/10\/distribucion-ARC-COLOR-SIN-FONDO-e1732295305345.png","contentUrl":"https:\/\/distribucionarc.com\/wp-content\/uploads\/2024\/10\/distribucion-ARC-COLOR-SIN-FONDO-e1732295305345.png","width":1164,"height":558,"caption":"Distribuci\u00f3n ARC"},"image":{"@id":"https:\/\/distribucionarc.com\/de\/#\/schema\/logo\/image\/"},"description":"Tvrtka specijalizirana za proizvodnju i distribuciju industrijskih strojeva za prehrambeni i farmaceutski sektor. Specijalizirani smo za: Strojeve za rezanje mesa Proizvodnja tableta Industrijske transportne sustave Linije za punjenje Strojevi za doziranje I jo\u0161 mnogo toga... Nudimo inovativna i prilago\u0111ena rje\u0161enja za optimizaciju proizvodnih procesa Va\u0161e tvrtke.","email":"Admistracion@distribucionarc.com","telephone":"+34 643496664","legalName":"ARC TECH SOLUTIONS","foundingDate":"2024-04-09","vatID":"B55480172","numberOfEmployees":{"@type":"QuantitativeValue","minValue":"1","maxValue":"10"}}]}},"_links":{"self":[{"href":"https:\/\/distribucionarc.com\/hr\/wp-json\/wp\/v2\/product\/3862","targetHints":{"allow":["GET"]}}],"collection":[{"href":"https:\/\/distribucionarc.com\/hr\/wp-json\/wp\/v2\/product"}],"about":[{"href":"https:\/\/distribucionarc.com\/hr\/wp-json\/wp\/v2\/types\/product"}],"replies":[{"embeddable":true,"href":"https:\/\/distribucionarc.com\/hr\/wp-json\/wp\/v2\/comments?post=3862"}],"version-history":[{"count":0,"href":"https:\/\/distribucionarc.com\/hr\/wp-json\/wp\/v2\/product\/3862\/revisions"}],"wp:featuredmedia":[{"embeddable":true,"href":"https:\/\/distribucionarc.com\/hr\/wp-json\/wp\/v2\/media\/3869"}],"wp:attachment":[{"href":"https:\/\/distribucionarc.com\/hr\/wp-json\/wp\/v2\/media?parent=3862"}],"wp:term":[{"taxonomy":"product_brand","embeddable":true,"href":"https:\/\/distribucionarc.com\/hr\/wp-json\/wp\/v2\/product_brand?post=3862"},{"taxonomy":"product_cat","embeddable":true,"href":"https:\/\/distribucionarc.com\/hr\/wp-json\/wp\/v2\/product_cat?post=3862"},{"taxonomy":"product_tag","embeddable":true,"href":"https:\/\/distribucionarc.com\/hr\/wp-json\/wp\/v2\/product_tag?post=3862"}],"curies":[{"name":"radni list","href":"https:\/\/api.w.org\/{rel}","templated":true}]}}