{"id":4099,"date":"2020-11-18T13:53:14","date_gmt":"2020-11-18T13:53:14","guid":{"rendered":"https:\/\/distribucionarc.com\/?post_type=product&#038;p=4099"},"modified":"2021-01-26T09:22:51","modified_gmt":"2021-01-26T09:22:51","slug":"cnc-laserski-graver","status":"publish","type":"product","link":"https:\/\/distribucionarc.com\/hr\/producto\/grabador-laser-cnc\/","title":{"rendered":"CNC laserski graver"},"content":{"rendered":"<h3>Graver, CNC laser marker za drvo, PVC, PCB, metal<\/h3>\n<p>On\u00a0<b>laserski marker\u00a0<span style=\"color: #ff0000;\">DO<\/span><span style=\"color: #0000ff;\">R<\/span>c<\/b>\u00a0To je stroj koji uklju\u010duje najnoviju tehnologiju i najbolje materijale izra\u0111ene od aluminija i akrila, uklju\u010duje jednostavan softver lak za kori\u0161tenje s besplatnim a\u017euriranjem zauvijek.<\/p>\n<p>Visina graviranja je neograni\u010dena i mo\u017ee se postaviti izravno na vrh radi bli\u017ee metalu\u00a0<strong>stroj za graviranje\u00a0<span style=\"color: #ff0000;\">DO<\/span><span style=\"color: #0000ff;\">R<\/span>CMGLA1<\/strong>\u00a0Vi\u0161enamjenski je s raznim metalima i \u010delicima.<\/p>\n<p>Ako imate strast za umjetno\u0161\u0107u, ovaj stroj \u0107e vam ponuditi sjajan na\u010din da ponavljate procese i radite stvari koje vam nijedan ru\u010dni alat nikada nije omogu\u0107io.<\/p>\n<h6><strong>Jamstvo\u00a0<span style=\"color: #ff0000;\">DO<\/span><span style=\"color: #0000ff;\">R<\/span>C 2 GODINE<\/strong><\/h6>\n<h6><span style=\"color: #008000;\">U\u010dinkovit laserski graver, napajanje 12V 5A<\/span><\/h6>\n<h6><strong>uklju\u010dena tehni\u010dka podr\u0161ka<\/strong><\/h6>\n<p>&nbsp;<\/p>\n<p>&nbsp;<\/p>\n<hr \/>\n<p>Radna povr\u0161ina: 30x18x4,5cm.<\/p>\n<p>Veli\u010dina okvira: 33x40x24CM<\/p>\n<p>Vreteno: 775 motor vretena (12-36V) 24V: 10000r\/min<\/p>\n<p>Stezna \u010dahura vretena: ER11<\/p>\n<p>Kora\u010dni motor: Nema17 kora\u010dni moment, moment 0,3 N\/M, 1,3 A<\/p>\n<p>Napajanje: AC110-240V<\/p>\n<p>Softver: GRBL drajver<\/p>\n<p>Sustav podr\u0161ke: Windows XP \/ Win 7 \/ Win 8 \/ Win 10<\/p>\n<p>Svrdla: vrh 0,1 mm, 20 stupnjeva, promjer 3,175 mm.<\/p>\n<p>Laser: podr\u017eava 500mw 405nm, 12v\/2500mw 450nm, 12v\/5500mw 450nm, 12v.<\/p>","protected":false},"excerpt":{"rendered":"<h2>Graver, CNC laser marker za drvo, PVC, PCB, metal<\/h2>\n<p>Ovaj stroj<strong> lasersko ozna\u010davanje\u00a0<span style=\"color: #ff0000;\">DO<\/span><span style=\"color: #0000ff;\">R<\/span>c<\/strong> For DIY idealan je za lasersko graviranje s ispisom u sivim tonovima, pozicioniranjem pri slabom osvjetljenju i funkcijama slobodnog pozicioniranja. Ovaj mini stroj savr\u0161en je za umjetnike, profesionalce i zanatlije. Samo ga trebate spojiti na ra\u010dunalo, a zatim mo\u017eete vlastitom kreativno\u0161\u0107u ispisati bilo koju sliku koju \u017eelite.<\/p>\n<h6><strong>Jamstvo\u00a0<span style=\"color: #ff0000;\">DO<\/span><span style=\"color: #0000ff;\">R<\/span>C 2 GODINE<\/strong><\/h6>\n<h6><span style=\"color: #008000;\">U\u010dinkovit laserski graver, napajanje 12V 5A<\/span><\/h6>\n<h6><strong>uklju\u010dena tehni\u010dka podr\u0161ka<\/strong><\/h6>\n<p>&nbsp;<\/p>","protected":false},"featured_media":4106,"comment_status":"open","ping_status":"closed","template":"","meta":{"wds_primary_product_brand":0,"wds_primary_product_cat":0},"product_brand":[],"product_cat":[69,70],"product_tag":[],"class_list":{"0":"post-4099","1":"product","2":"type-product","3":"status-publish","4":"has-post-thumbnail","6":"product_cat-maquinas-variadas","7":"product_cat-talladoras-marcadoras-de-metal-grabadoras-laser","8":"product_shipping_class-hosteleria","10":"first","11":"instock","12":"sale","13":"taxable","14":"shipping-taxable","15":"purchasable","16":"product-type-simple"},"yoast_head":"<!-- This site is optimized with the Yoast SEO Premium plugin v24.9 (Yoast SEO v26.1) - https:\/\/yoast.com\/wordpress\/plugins\/seo\/ -->\n<title>Grabador l\u00e1ser CNC - distribuci\u00f3n ARC<\/title>\n<meta name=\"robots\" content=\"index, follow, max-snippet:-1, max-image-preview:large, max-video-preview:-1\" \/>\n<link rel=\"canonical\" href=\"https:\/\/www.distribucionarc.com\/ro\/producto\/grabador-laser-cnc\/\" \/>\n<meta property=\"og:locale\" content=\"hr_HR\" \/>\n<meta property=\"og:type\" content=\"article\" \/>\n<meta property=\"og:title\" content=\"Grabador l\u00e1ser CNC\" \/>\n<meta property=\"og:description\" content=\"Grabador, marcador l\u00e1ser CNC para madera, PVC, PCB, metal Esta\u00a0m\u00e1quina de marcado l\u00e1ser\u00a0ARC para bricolaje es ideal para el uso de grabado l\u00e1ser con funciones de impresi\u00f3n en escala de grises, posicionamiento con poca luz y posicionamiento de libertad. Esta mini m\u00e1quina es perfecta para artistas, profesionales y artesanos. Solo necesita conectarlo al ordenador, y luego puede imprimir cualquier imagen que desee con su propia creatividad. Garant\u00eda\u00a0ARC 2 A\u00d1OS Grabador l\u00e1ser eficiente, fuente alimentacion\u00a0 12V 5A soporte t\u00e9cnico incluido &nbsp;\" \/>\n<meta property=\"og:url\" content=\"https:\/\/www.distribucionarc.com\/ro\/producto\/grabador-laser-cnc\/\" \/>\n<meta property=\"og:site_name\" content=\"distribuci\u00f3n ARC\" \/>\n<meta property=\"article:modified_time\" content=\"2021-01-26T09:22:51+00:00\" \/>\n<meta property=\"og:image\" content=\"https:\/\/distribucionarc.com\/wp-content\/uploads\/2020\/11\/Grabador-l\u00e1ser-CNC-5.jpg\" \/>\n\t<meta property=\"og:image:width\" content=\"980\" \/>\n\t<meta property=\"og:image:height\" content=\"964\" \/>\n\t<meta property=\"og:image:type\" content=\"image\/jpeg\" \/>\n<meta name=\"twitter:card\" content=\"summary_large_image\" \/>\n<meta name=\"twitter:label1\" content=\"Procijenjeno vrijeme \u010ditanja\" \/>\n\t<meta name=\"twitter:data1\" content=\"1 minuta\" \/>\n<script type=\"application\/ld+json\" class=\"yoast-schema-graph\">{\"@context\":\"https:\/\/schema.org\",\"@graph\":[{\"@type\":\"WebPage\",\"@id\":\"https:\/\/www.distribucionarc.com\/ro\/producto\/grabador-laser-cnc\/\",\"url\":\"https:\/\/www.distribucionarc.com\/ro\/producto\/grabador-laser-cnc\/\",\"name\":\"Grabador l\u00e1ser CNC - distribuci\u00f3n ARC\",\"isPartOf\":{\"@id\":\"https:\/\/www.distribucionarc.com\/sl\/#website\"},\"primaryImageOfPage\":{\"@id\":\"https:\/\/www.distribucionarc.com\/ro\/producto\/grabador-laser-cnc\/#primaryimage\"},\"image\":{\"@id\":\"https:\/\/www.distribucionarc.com\/ro\/producto\/grabador-laser-cnc\/#primaryimage\"},\"thumbnailUrl\":\"https:\/\/distribucionarc.com\/wp-content\/uploads\/2020\/11\/Grabador-l\u00e1ser-CNC-5.jpg\",\"datePublished\":\"2020-11-18T13:53:14+00:00\",\"dateModified\":\"2021-01-26T09:22:51+00:00\",\"breadcrumb\":{\"@id\":\"https:\/\/www.distribucionarc.com\/ro\/producto\/grabador-laser-cnc\/#breadcrumb\"},\"inLanguage\":\"hr\",\"potentialAction\":[{\"@type\":\"ReadAction\",\"target\":[\"https:\/\/www.distribucionarc.com\/ro\/producto\/grabador-laser-cnc\/\"]}]},{\"@type\":\"ImageObject\",\"inLanguage\":\"hr\",\"@id\":\"https:\/\/www.distribucionarc.com\/ro\/producto\/grabador-laser-cnc\/#primaryimage\",\"url\":\"https:\/\/distribucionarc.com\/wp-content\/uploads\/2020\/11\/Grabador-l\u00e1ser-CNC-5.jpg\",\"contentUrl\":\"https:\/\/distribucionarc.com\/wp-content\/uploads\/2020\/11\/Grabador-l\u00e1ser-CNC-5.jpg\",\"width\":980,\"height\":964,\"caption\":\"Grabador l\u00e1ser CNC\"},{\"@type\":\"BreadcrumbList\",\"@id\":\"https:\/\/www.distribucionarc.com\/ro\/producto\/grabador-laser-cnc\/#breadcrumb\",\"itemListElement\":[{\"@type\":\"ListItem\",\"position\":1,\"name\":\"Portada\",\"item\":\"https:\/\/www.distribucionarc.com\/\"},{\"@type\":\"ListItem\",\"position\":2,\"name\":\"\u00dcr\u00fcnler\",\"item\":\"https:\/\/www.distribucionarc.com\/tr\/magaza\/\"},{\"@type\":\"ListItem\",\"position\":3,\"name\":\"Grabador l\u00e1ser CNC\"}]},{\"@type\":\"WebSite\",\"@id\":\"https:\/\/www.distribucionarc.com\/sl\/#website\",\"url\":\"https:\/\/www.distribucionarc.com\/sl\/\",\"name\":\"distribuci\u00f3n ARC\",\"description\":\"Empresa especializada en la fabricaci\u00f3n y distribuci\u00f3n de maquinaria industrial, selladoras de latas, Maquinas de hacer pastillas, Maquinas de cortar carne...\",\"publisher\":{\"@id\":\"https:\/\/www.distribucionarc.com\/sl\/#organization\"},\"potentialAction\":[{\"@type\":\"SearchAction\",\"target\":{\"@type\":\"EntryPoint\",\"urlTemplate\":\"https:\/\/www.distribucionarc.com\/sl\/?s={search_term_string}\"},\"query-input\":{\"@type\":\"PropertyValueSpecification\",\"valueRequired\":true,\"valueName\":\"search_term_string\"}}],\"inLanguage\":\"hr\"},{\"@type\":\"Organization\",\"@id\":\"https:\/\/www.distribucionarc.com\/sl\/#organization\",\"name\":\"Distribuci\u00f3n ARC\",\"url\":\"https:\/\/www.distribucionarc.com\/sl\/\",\"logo\":{\"@type\":\"ImageObject\",\"inLanguage\":\"hr\",\"@id\":\"https:\/\/www.distribucionarc.com\/sl\/#\/schema\/logo\/image\/\",\"url\":\"https:\/\/distribucionarc.com\/wp-content\/uploads\/2024\/10\/distribucion-ARC-COLOR-SIN-FONDO-e1732295305345.png\",\"contentUrl\":\"https:\/\/distribucionarc.com\/wp-content\/uploads\/2024\/10\/distribucion-ARC-COLOR-SIN-FONDO-e1732295305345.png\",\"width\":1164,\"height\":558,\"caption\":\"Distribuci\u00f3n ARC\"},\"image\":{\"@id\":\"https:\/\/www.distribucionarc.com\/sl\/#\/schema\/logo\/image\/\"},\"description\":\"Empresa especializada en la fabricaci\u00f3n y distribuci\u00f3n de maquinaria industrial para los sectores alimentario y farmac\u00e9utico. Nos especializamos en: M\u00e1quinas de cortar carne Fabricaci\u00f3n de comprimidos Sistemas de transporte industrial L\u00edneas de embotellado Dosificadores Y mucho m\u00e1s... Ofrecemos soluciones innovadoras y personalizadas para optimizar los procesos productivos de tu empresa.\",\"email\":\"Admistracion@distribucionarc.com\",\"telephone\":\"+34 643496664\",\"legalName\":\"ARC TECH SOLUTIONS\",\"foundingDate\":\"2024-04-09\",\"vatID\":\"B55480172\",\"numberOfEmployees\":{\"@type\":\"QuantitativeValue\",\"minValue\":\"1\",\"maxValue\":\"10\"}}]}<\/script>\n<!-- \/ Yoast SEO Premium plugin. -->","yoast_head_json":{"title":"CNC laserski graver - ARC distribucija","robots":{"index":"index","follow":"follow","max-snippet":"max-snippet:-1","max-image-preview":"max-image-preview:large","max-video-preview":"max-video-preview:-1"},"canonical":"https:\/\/www.distribucionarc.com\/ro\/producto\/grabador-laser-cnc\/","og_locale":"hr_HR","og_type":"article","og_title":"Grabador l\u00e1ser CNC","og_description":"Grabador, marcador l\u00e1ser CNC para madera, PVC, PCB, metal Esta\u00a0m\u00e1quina de marcado l\u00e1ser\u00a0ARC para bricolaje es ideal para el uso de grabado l\u00e1ser con funciones de impresi\u00f3n en escala de grises, posicionamiento con poca luz y posicionamiento de libertad. Esta mini m\u00e1quina es perfecta para artistas, profesionales y artesanos. Solo necesita conectarlo al ordenador, y luego puede imprimir cualquier imagen que desee con su propia creatividad. Garant\u00eda\u00a0ARC 2 A\u00d1OS Grabador l\u00e1ser eficiente, fuente alimentacion\u00a0 12V 5A soporte t\u00e9cnico incluido &nbsp;","og_url":"https:\/\/www.distribucionarc.com\/ro\/producto\/grabador-laser-cnc\/","og_site_name":"distribuci\u00f3n ARC","article_modified_time":"2021-01-26T09:22:51+00:00","og_image":[{"width":980,"height":964,"url":"https:\/\/distribucionarc.com\/wp-content\/uploads\/2020\/11\/Grabador-l\u00e1ser-CNC-5.jpg","type":"image\/jpeg"}],"twitter_card":"summary_large_image","twitter_misc":{"Procijenjeno vrijeme \u010ditanja":"1 minuta"},"schema":{"@context":"https:\/\/schema.org","@graph":[{"@type":"WebPage","@id":"https:\/\/www.distribucionarc.com\/ro\/producto\/grabador-laser-cnc\/","url":"https:\/\/www.distribucionarc.com\/ro\/producto\/grabador-laser-cnc\/","name":"CNC laserski graver - ARC distribucija","isPartOf":{"@id":"https:\/\/www.distribucionarc.com\/sl\/#website"},"primaryImageOfPage":{"@id":"https:\/\/www.distribucionarc.com\/ro\/producto\/grabador-laser-cnc\/#primaryimage"},"image":{"@id":"https:\/\/www.distribucionarc.com\/ro\/producto\/grabador-laser-cnc\/#primaryimage"},"thumbnailUrl":"https:\/\/distribucionarc.com\/wp-content\/uploads\/2020\/11\/Grabador-l\u00e1ser-CNC-5.jpg","datePublished":"2020-11-18T13:53:14+00:00","dateModified":"2021-01-26T09:22:51+00:00","breadcrumb":{"@id":"https:\/\/www.distribucionarc.com\/ro\/producto\/grabador-laser-cnc\/#breadcrumb"},"inLanguage":"hr","potentialAction":[{"@type":"ReadAction","target":["https:\/\/www.distribucionarc.com\/ro\/producto\/grabador-laser-cnc\/"]}]},{"@type":"ImageObject","inLanguage":"hr","@id":"https:\/\/www.distribucionarc.com\/ro\/producto\/grabador-laser-cnc\/#primaryimage","url":"https:\/\/distribucionarc.com\/wp-content\/uploads\/2020\/11\/Grabador-l\u00e1ser-CNC-5.jpg","contentUrl":"https:\/\/distribucionarc.com\/wp-content\/uploads\/2020\/11\/Grabador-l\u00e1ser-CNC-5.jpg","width":980,"height":964,"caption":"Grabador l\u00e1ser CNC"},{"@type":"BreadcrumbList","@id":"https:\/\/www.distribucionarc.com\/ro\/producto\/grabador-laser-cnc\/#breadcrumb","itemListElement":[{"@type":"ListItem","position":1,"name":"Portada","item":"https:\/\/www.distribucionarc.com\/"},{"@type":"ListItem","position":2,"name":"\u00dcr\u00fcnler","item":"https:\/\/www.distribucionarc.com\/tr\/magaza\/"},{"@type":"ListItem","position":3,"name":"Grabador l\u00e1ser CNC"}]},{"@type":"WebSite","@id":"https:\/\/www.distribucionarc.com\/sl\/#website","url":"https:\/\/www.distribucionarc.com\/sl\/","name":"ARC distribucija","description":"Tvrtka specijalizirana za proizvodnju i distribuciju industrijskih strojeva, strojeva za zatvaranje limenki, strojeva za izradu pilula, strojeva za rezanje mesa itd.","publisher":{"@id":"https:\/\/www.distribucionarc.com\/sl\/#organization"},"potentialAction":[{"@type":"SearchAction","target":{"@type":"EntryPoint","urlTemplate":"https:\/\/www.distribucionarc.com\/sl\/?s={search_term_string}"},"query-input":{"@type":"PropertyValueSpecification","valueRequired":true,"valueName":"search_term_string"}}],"inLanguage":"hr"},{"@type":"Organization","@id":"https:\/\/www.distribucionarc.com\/sl\/#organization","name":"ARC distribucija","url":"https:\/\/www.distribucionarc.com\/sl\/","logo":{"@type":"ImageObject","inLanguage":"hr","@id":"https:\/\/www.distribucionarc.com\/sl\/#\/schema\/logo\/image\/","url":"https:\/\/distribucionarc.com\/wp-content\/uploads\/2024\/10\/distribucion-ARC-COLOR-SIN-FONDO-e1732295305345.png","contentUrl":"https:\/\/distribucionarc.com\/wp-content\/uploads\/2024\/10\/distribucion-ARC-COLOR-SIN-FONDO-e1732295305345.png","width":1164,"height":558,"caption":"Distribuci\u00f3n ARC"},"image":{"@id":"https:\/\/www.distribucionarc.com\/sl\/#\/schema\/logo\/image\/"},"description":"Tvrtka specijalizirana za proizvodnju i distribuciju industrijskih strojeva za prehrambeni i farmaceutski sektor. Specijalizirani smo za: Strojeve za rezanje mesa Proizvodnja tableta Industrijske transportne sustave Linije za punjenje Strojevi za doziranje I jo\u0161 mnogo toga... Nudimo inovativna i prilago\u0111ena rje\u0161enja za optimizaciju proizvodnih procesa Va\u0161e tvrtke.","email":"Admistracion@distribucionarc.com","telephone":"+34 643496664","legalName":"ARC TECH SOLUTIONS","foundingDate":"2024-04-09","vatID":"B55480172","numberOfEmployees":{"@type":"QuantitativeValue","minValue":"1","maxValue":"10"}}]}},"_links":{"self":[{"href":"https:\/\/distribucionarc.com\/hr\/wp-json\/wp\/v2\/product\/4099","targetHints":{"allow":["GET"]}}],"collection":[{"href":"https:\/\/distribucionarc.com\/hr\/wp-json\/wp\/v2\/product"}],"about":[{"href":"https:\/\/distribucionarc.com\/hr\/wp-json\/wp\/v2\/types\/product"}],"replies":[{"embeddable":true,"href":"https:\/\/distribucionarc.com\/hr\/wp-json\/wp\/v2\/comments?post=4099"}],"version-history":[{"count":0,"href":"https:\/\/distribucionarc.com\/hr\/wp-json\/wp\/v2\/product\/4099\/revisions"}],"wp:featuredmedia":[{"embeddable":true,"href":"https:\/\/distribucionarc.com\/hr\/wp-json\/wp\/v2\/media\/4106"}],"wp:attachment":[{"href":"https:\/\/distribucionarc.com\/hr\/wp-json\/wp\/v2\/media?parent=4099"}],"wp:term":[{"taxonomy":"product_brand","embeddable":true,"href":"https:\/\/distribucionarc.com\/hr\/wp-json\/wp\/v2\/product_brand?post=4099"},{"taxonomy":"product_cat","embeddable":true,"href":"https:\/\/distribucionarc.com\/hr\/wp-json\/wp\/v2\/product_cat?post=4099"},{"taxonomy":"product_tag","embeddable":true,"href":"https:\/\/distribucionarc.com\/hr\/wp-json\/wp\/v2\/product_tag?post=4099"}],"curies":[{"name":"radni list","href":"https:\/\/api.w.org\/{rel}","templated":true}]}}