{"id":4167,"date":"2020-12-20T18:40:47","date_gmt":"2020-12-20T18:40:47","guid":{"rendered":"https:\/\/distribucionarc.com\/?post_type=product&#038;p=4167"},"modified":"2020-12-20T18:40:47","modified_gmt":"2020-12-20T18:40:47","slug":"elektricna-invalidska-kolica-za-uspon-stepenicama-2","status":"publish","type":"product","link":"https:\/\/distribucionarc.com\/hr\/producto\/silla-ruedas-electrica-para-subir-escaleras-2\/","title":{"rendered":"Elektri\u010dna invalidska kolica za penjanje uz stepenice"},"content":{"rendered":"<h3 class=\"product_title entry-title\">Elektri\u010dna invalidska kolica za penjanje uz stepenice<\/h3>\n<p>S ovim\u00a0<strong>elektri\u010dna invalidska kolica\u00a0<span style=\"color: #ff0000;\">DO<\/span><span style=\"color: #0000ff;\">R<\/span>c<\/strong>\u00a0mo\u017ee prevoziti pacijente kroz uske prostore i uz ili niz stepenice, sigurno i u\u010dinkovito, zahvaljuju\u0107i\u00a0<strong>sna\u017ean motor od 120W<\/strong>\u00a0mo\u017ee prijevoz u\u010diniti sigurnijim i za korisnika stolice i za osobu zadu\u017eenu za obavljanje prijevoza. Opremljen \u010dvrstim aluminijskim okvirom dovoljno je jak da izdr\u017ei do\u00a0<strong>160 kg<\/strong>. Sigurnosni pojas za tijelo i drugi ergonomski dizajni osiguravaju udobnost i sigurnost korisnika. Ru\u010dke s razli\u010ditim funkcijama omogu\u0107uju vam manevriranje\u00a0<strong>stolica za stepenice<\/strong>\u00a0lako.<\/p>\n<h6><strong>Jamstvo\u00a0<\/strong><span style=\"color: #ff0000;\"><strong>DO<\/strong><\/span><span style=\"color: #0000ff;\"><strong>R<\/strong><\/span><strong>C 2 GODINE<\/strong><\/h6>\n<h6><span style=\"color: #008000;\">U\u010dinkovita elektri\u010dna invalidska kolica, elektri\u010dne potro\u0161nje 100W<\/span><\/h6>\n<h6><strong>uklju\u010dena tehni\u010dka podr\u0161ka<\/strong><\/h6>\n<p>&nbsp;<\/p>\n<table width=\"100%\">\n<tbody>\n<tr>\n<td>Tip:<\/td>\n<td width=\"50%\">Elektri\u010dno\/ru\u010dno<\/td>\n<td colspan=\"2\" width=\"327\"><\/td>\n<\/tr>\n<tr>\n<td>Zemlja distribucije:<\/td>\n<td width=\"50%\">\u0160panjolska, Njema\u010dka, SAD<\/td>\n<td>Te\u017eina:<\/td>\n<td width=\"50%\">30 kg<\/td>\n<\/tr>\n<tr>\n<td>Marka:<\/td>\n<td width=\"50%\">LUK<\/td>\n<td>Visina:<\/td>\n<td width=\"50%\">115 cm<\/td>\n<\/tr>\n<tr>\n<td>Boja:<\/td>\n<td width=\"50%\">Zelena, crna<\/td>\n<td>dugo:<\/td>\n<td width=\"50%\">65 cm<\/td>\n<\/tr>\n<tr>\n<td>Vrsta proizvoda:<\/td>\n<td width=\"50%\">stubi\u0161te invalidska kolica<\/td>\n<td>\u0160iroko:<\/td>\n<td width=\"50%\">50 cm<\/td>\n<\/tr>\n<tr>\n<td>Proizvo\u0111a\u010dki broj:<\/td>\n<td width=\"50%\">ARCSRE3<\/td>\n<td>Vrsta penja\u010da:<\/td>\n<td width=\"50%\">oja\u010dane staze<\/td>\n<\/tr>\n<tr>\n<td>Materijal:<\/td>\n<td width=\"50%\">\u00a0aluminijska legura, zadebljana guma, u\u010dinkovit motor<\/td>\n<td>Maksimalna visina:<\/td>\n<td width=\"50%\">162 cm<\/td>\n<\/tr>\n<tr>\n<td>Jamstvo:<\/td>\n<td width=\"50%\">2 GODINE<\/td>\n<td>Materijal sjedala:<\/td>\n<td width=\"50%\">Podstavljena pjena<\/td>\n<\/tr>\n<tr>\n<td>Alati za instalaciju:<\/td>\n<td width=\"50%\">Da<\/td>\n<td>Materijal kota\u010da:<\/td>\n<td width=\"50%\">guma<\/td>\n<\/tr>\n<\/tbody>\n<\/table>","protected":false},"excerpt":{"rendered":"<h2 class=\"product_title entry-title\">Elektri\u010dna invalidska kolica za penjanje uz stepenice<\/h2>\n<p><!--more--><\/p>\n<p><!--more--><\/p>\n<p>Sjedi\u0161te i naslon\u00a0<strong>invalidska kolica\u00a0<span style=\"color: #ff0000;\">DO<\/span><span style=\"color: #0000ff;\">R<\/span>c<\/strong>\u00a0Pahuljaste su, mekane i udobne, a lako se steriliziraju i \u010diste. Dva pojasa osiguravaju sigurnost korisnika pri penjanju\/spu\u0161tanju stepenicama. Sklopivi naslon za ruke i noge su ergonomi\u010dni.  Podr\u017eava veliki kapacitet do 160 kg<\/p>\n<p>Gumene gusjenice su se podebljale i izdu\u017eile. Jednostavno se otvaraju i zatvaraju laganim pritiskom. Oni su dizajnirani da se suprotstave gravitaciji i sporom spu\u0161tanju trenjem; Oni izvode kretanje trenjem koje pokre\u0107e motor od 120 W za minimalan napor i ve\u0107u sigurnost. Ima litijsku bateriju od 24 V koja se mo\u017ee popeti i spustiti 15 katova 15 puta uz maksimalnu u\u010dinkovitost, pru\u017eaju\u0107i\u00a0<strong>Trajanje 2-3H<\/strong>. Kota\u010di su izra\u0111eni od gume, otporni su na ogrebotine i izdr\u017eljivi.<\/p>\n<p>Stra\u017enja strana\u00a0<strong>stolica za evakuaciju <span style=\"color: #ff0000;\">DO<\/span><span style=\"color: #0000ff;\">R<\/span>CSRE3<\/strong>\u00a0Dizajniran je s dvije sklopljene ru\u010dke koje se zaklju\u010davaju u polo\u017eaju, omogu\u0107uju\u0107i rukovatelju neklizaju\u0107e ru\u010dke za sigurno rukovanje i jednostavno upravljanje. Prednje ru\u010dke se mogu uvu\u0107i pritiskom na crveni gumb, koji slu\u017ei za podizanje stolice.<\/p>\n<h6><strong>Jamstvo\u00a0<\/strong><span style=\"color: #ff0000;\"><strong>DO<\/strong><\/span><span style=\"color: #0000ff;\"><strong>R<\/strong><\/span><strong>C 2 GODINE<\/strong><\/h6>\n<h6><span style=\"color: #008000;\">U\u010dinkovita elektri\u010dna invalidska kolica, elektri\u010dne potro\u0161nje 100W<\/span><\/h6>\n<h6><strong>uklju\u010dena tehni\u010dka podr\u0161ka<\/strong><\/h6>\n<p>&nbsp;<\/p>","protected":false},"featured_media":4177,"comment_status":"open","ping_status":"closed","template":"","meta":{"wds_primary_product_brand":0,"wds_primary_product_cat":0},"product_brand":[],"product_cat":[69],"product_tag":[],"class_list":{"0":"post-4167","1":"product","2":"type-product","3":"status-publish","4":"has-post-thumbnail","6":"product_cat-maquinas-variadas","7":"product_shipping_class-express","9":"first","10":"instock","11":"sale","12":"taxable","13":"shipping-taxable","14":"purchasable","15":"product-type-simple"},"yoast_head":"<!-- This site is optimized with the Yoast SEO Premium plugin v24.9 (Yoast SEO v26.1) - https:\/\/yoast.com\/wordpress\/plugins\/seo\/ -->\n<title>Silla ruedas el\u00e9ctrica para subir escaleras - distribuci\u00f3n ARC<\/title>\n<meta name=\"robots\" content=\"index, follow, max-snippet:-1, max-image-preview:large, max-video-preview:-1\" \/>\n<link rel=\"canonical\" href=\"https:\/\/distribucionarc.com\/hr\/proizvod\/elektricna-invalidska-kolica-za-uspon-stepenicama-2\/\" \/>\n<meta property=\"og:locale\" content=\"hr_HR\" \/>\n<meta property=\"og:type\" content=\"article\" \/>\n<meta property=\"og:title\" content=\"Silla ruedas el\u00e9ctrica para subir escaleras\" \/>\n<meta property=\"og:description\" content=\"Silla ruedas el\u00e9ctrica para subir escaleras     El asiento y el respaldo de la\u00a0silla de ruedas\u00a0ARC\u00a0son esponjosos, suaves y c\u00f3modos tambi\u00e9n f\u00e1ciles de esterilizar y limpiar. Dos cinturones garantizan la seguridad de los usuarios cuando suben \/ bajan escaleras. El reposabrazos y el reposapi\u00e9s plegables son ergon\u00f3micos. \u00a0Soporta gran capacidad de hasta 160 kg  Las orugas de goma engrosadas y alargadas. Se abren y cierran sencillamente con una prensa ligera. Est\u00e1n dise\u00f1adas para contrarrestar la gravedad y ralentizar el descenso con fricci\u00f3n; estas realizan el movimiento de fricci\u00f3n impulsadas por un motor de 120W para un m\u00ednimo esfuerzo y mayor seguridad. Dispone una una bater\u00eda de litio 24V capaz de subir y bajar 15 pisos 15 veces a m\u00e1ximo rendimiento aportandole de\u00a02-3 H duraci\u00f3n. Las ruedas est\u00e1n hechas de goma, son resistentes a los ara\u00f1azos y duraderas.  La parte posterior de la\u00a0silla de evacuaci\u00f3n ARCSRE3\u00a0est\u00e1 dise\u00f1ada con dos manijas plegadas que se bloquean en su posici\u00f3n, lo que permite a los operadores agarres antideslizantes para un manejo seguro y una direcci\u00f3n f\u00e1cil. Las manijas delanteras son retr\u00e1ctiles presionando el bot\u00f3n rojo, usado para levantar la silla. Garant\u00eda\u00a0ARC 2 A\u00d1OS Silla de ruedas el\u00e9ctrica eficiente,\u00a0 consumo el\u00e9ctrico 100W soporte t\u00e9cnico\u00a0incluido &nbsp;\" \/>\n<meta property=\"og:url\" content=\"https:\/\/distribucionarc.com\/hr\/proizvod\/elektricna-invalidska-kolica-za-uspon-stepenicama-2\/\" \/>\n<meta property=\"og:site_name\" content=\"distribuci\u00f3n ARC\" \/>\n<meta property=\"og:image\" content=\"https:\/\/distribucionarc.com\/wp-content\/uploads\/2020\/12\/Silla-electrica-ARC-1.jpg\" \/>\n\t<meta property=\"og:image:width\" content=\"1001\" \/>\n\t<meta property=\"og:image:height\" content=\"1001\" \/>\n\t<meta property=\"og:image:type\" content=\"image\/jpeg\" \/>\n<meta name=\"twitter:card\" content=\"summary_large_image\" \/>\n<meta name=\"twitter:label1\" content=\"Procijenjeno vrijeme \u010ditanja\" \/>\n\t<meta name=\"twitter:data1\" content=\"1 minuta\" \/>\n<script type=\"application\/ld+json\" class=\"yoast-schema-graph\">{\"@context\":\"https:\/\/schema.org\",\"@graph\":[{\"@type\":\"WebPage\",\"@id\":\"https:\/\/distribucionarc.com\/tr\/producto\/silla-ruedas-electrica-para-subir-escaleras-2\/\",\"url\":\"https:\/\/distribucionarc.com\/tr\/producto\/silla-ruedas-electrica-para-subir-escaleras-2\/\",\"name\":\"Silla ruedas el\u00e9ctrica para subir escaleras - distribuci\u00f3n ARC\",\"isPartOf\":{\"@id\":\"https:\/\/distribucionarc.com\/bg\/#website\"},\"primaryImageOfPage\":{\"@id\":\"https:\/\/distribucionarc.com\/tr\/producto\/silla-ruedas-electrica-para-subir-escaleras-2\/#primaryimage\"},\"image\":{\"@id\":\"https:\/\/distribucionarc.com\/tr\/producto\/silla-ruedas-electrica-para-subir-escaleras-2\/#primaryimage\"},\"thumbnailUrl\":\"https:\/\/distribucionarc.com\/wp-content\/uploads\/2020\/12\/Silla-electrica-ARC-1.jpg\",\"datePublished\":\"2020-12-20T18:40:47+00:00\",\"breadcrumb\":{\"@id\":\"https:\/\/distribucionarc.com\/tr\/producto\/silla-ruedas-electrica-para-subir-escaleras-2\/#breadcrumb\"},\"inLanguage\":\"hr\",\"potentialAction\":[{\"@type\":\"ReadAction\",\"target\":[\"https:\/\/distribucionarc.com\/tr\/producto\/silla-ruedas-electrica-para-subir-escaleras-2\/\"]}]},{\"@type\":\"ImageObject\",\"inLanguage\":\"hr\",\"@id\":\"https:\/\/distribucionarc.com\/tr\/producto\/silla-ruedas-electrica-para-subir-escaleras-2\/#primaryimage\",\"url\":\"https:\/\/distribucionarc.com\/wp-content\/uploads\/2020\/12\/Silla-electrica-ARC-1.jpg\",\"contentUrl\":\"https:\/\/distribucionarc.com\/wp-content\/uploads\/2020\/12\/Silla-electrica-ARC-1.jpg\",\"width\":1001,\"height\":1001},{\"@type\":\"BreadcrumbList\",\"@id\":\"https:\/\/distribucionarc.com\/tr\/producto\/silla-ruedas-electrica-para-subir-escaleras-2\/#breadcrumb\",\"itemListElement\":[{\"@type\":\"ListItem\",\"position\":1,\"name\":\"Portada\",\"item\":\"https:\/\/distribucionarc.com\/nb\/\"},{\"@type\":\"ListItem\",\"position\":2,\"name\":\"Products\",\"item\":\"https:\/\/www.distribucionarc.com\/en\/shop\/\"},{\"@type\":\"ListItem\",\"position\":3,\"name\":\"Silla ruedas el\u00e9ctrica para subir escaleras\"}]},{\"@type\":\"WebSite\",\"@id\":\"https:\/\/distribucionarc.com\/bg\/#website\",\"url\":\"https:\/\/distribucionarc.com\/bg\/\",\"name\":\"distribuci\u00f3n ARC\",\"description\":\"Empresa especializada en la fabricaci\u00f3n y distribuci\u00f3n de maquinaria industrial, selladoras de latas, Maquinas de hacer pastillas, Maquinas de cortar carne...\",\"publisher\":{\"@id\":\"https:\/\/distribucionarc.com\/bg\/#organization\"},\"potentialAction\":[{\"@type\":\"SearchAction\",\"target\":{\"@type\":\"EntryPoint\",\"urlTemplate\":\"https:\/\/distribucionarc.com\/bg\/?s={search_term_string}\"},\"query-input\":{\"@type\":\"PropertyValueSpecification\",\"valueRequired\":true,\"valueName\":\"search_term_string\"}}],\"inLanguage\":\"hr\"},{\"@type\":\"Organization\",\"@id\":\"https:\/\/distribucionarc.com\/bg\/#organization\",\"name\":\"Distribuci\u00f3n ARC\",\"url\":\"https:\/\/distribucionarc.com\/bg\/\",\"logo\":{\"@type\":\"ImageObject\",\"inLanguage\":\"hr\",\"@id\":\"https:\/\/distribucionarc.com\/bg\/#\/schema\/logo\/image\/\",\"url\":\"https:\/\/distribucionarc.com\/wp-content\/uploads\/2024\/10\/distribucion-ARC-COLOR-SIN-FONDO-e1732295305345.png\",\"contentUrl\":\"https:\/\/distribucionarc.com\/wp-content\/uploads\/2024\/10\/distribucion-ARC-COLOR-SIN-FONDO-e1732295305345.png\",\"width\":1164,\"height\":558,\"caption\":\"Distribuci\u00f3n ARC\"},\"image\":{\"@id\":\"https:\/\/distribucionarc.com\/bg\/#\/schema\/logo\/image\/\"},\"description\":\"Empresa especializada en la fabricaci\u00f3n y distribuci\u00f3n de maquinaria industrial para los sectores alimentario y farmac\u00e9utico. Nos especializamos en: M\u00e1quinas de cortar carne Fabricaci\u00f3n de comprimidos Sistemas de transporte industrial L\u00edneas de embotellado Dosificadores Y mucho m\u00e1s... Ofrecemos soluciones innovadoras y personalizadas para optimizar los procesos productivos de tu empresa.\",\"email\":\"Admistracion@distribucionarc.com\",\"telephone\":\"+34 643496664\",\"legalName\":\"ARC TECH SOLUTIONS\",\"foundingDate\":\"2024-04-09\",\"vatID\":\"B55480172\",\"numberOfEmployees\":{\"@type\":\"QuantitativeValue\",\"minValue\":\"1\",\"maxValue\":\"10\"}}]}<\/script>\n<!-- \/ Yoast SEO Premium plugin. -->","yoast_head_json":{"title":"Elektri\u010dna invalidska kolica za penjanje uz stepenice - ARC distribucija","robots":{"index":"index","follow":"follow","max-snippet":"max-snippet:-1","max-image-preview":"max-image-preview:large","max-video-preview":"max-video-preview:-1"},"canonical":"https:\/\/distribucionarc.com\/hr\/proizvod\/elektricna-invalidska-kolica-za-uspon-stepenicama-2\/","og_locale":"hr_HR","og_type":"article","og_title":"Silla ruedas el\u00e9ctrica para subir escaleras","og_description":"Silla ruedas el\u00e9ctrica para subir escaleras     El asiento y el respaldo de la\u00a0silla de ruedas\u00a0ARC\u00a0son esponjosos, suaves y c\u00f3modos tambi\u00e9n f\u00e1ciles de esterilizar y limpiar. Dos cinturones garantizan la seguridad de los usuarios cuando suben \/ bajan escaleras. El reposabrazos y el reposapi\u00e9s plegables son ergon\u00f3micos. \u00a0Soporta gran capacidad de hasta 160 kg  Las orugas de goma engrosadas y alargadas. Se abren y cierran sencillamente con una prensa ligera. Est\u00e1n dise\u00f1adas para contrarrestar la gravedad y ralentizar el descenso con fricci\u00f3n; estas realizan el movimiento de fricci\u00f3n impulsadas por un motor de 120W para un m\u00ednimo esfuerzo y mayor seguridad. Dispone una una bater\u00eda de litio 24V capaz de subir y bajar 15 pisos 15 veces a m\u00e1ximo rendimiento aportandole de\u00a02-3 H duraci\u00f3n. Las ruedas est\u00e1n hechas de goma, son resistentes a los ara\u00f1azos y duraderas.  La parte posterior de la\u00a0silla de evacuaci\u00f3n ARCSRE3\u00a0est\u00e1 dise\u00f1ada con dos manijas plegadas que se bloquean en su posici\u00f3n, lo que permite a los operadores agarres antideslizantes para un manejo seguro y una direcci\u00f3n f\u00e1cil. Las manijas delanteras son retr\u00e1ctiles presionando el bot\u00f3n rojo, usado para levantar la silla. Garant\u00eda\u00a0ARC 2 A\u00d1OS Silla de ruedas el\u00e9ctrica eficiente,\u00a0 consumo el\u00e9ctrico 100W soporte t\u00e9cnico\u00a0incluido &nbsp;","og_url":"https:\/\/distribucionarc.com\/hr\/proizvod\/elektricna-invalidska-kolica-za-uspon-stepenicama-2\/","og_site_name":"distribuci\u00f3n ARC","og_image":[{"width":1001,"height":1001,"url":"https:\/\/distribucionarc.com\/wp-content\/uploads\/2020\/12\/Silla-electrica-ARC-1.jpg","type":"image\/jpeg"}],"twitter_card":"summary_large_image","twitter_misc":{"Procijenjeno vrijeme \u010ditanja":"1 minuta"},"schema":{"@context":"https:\/\/schema.org","@graph":[{"@type":"WebPage","@id":"https:\/\/distribucionarc.com\/tr\/producto\/silla-ruedas-electrica-para-subir-escaleras-2\/","url":"https:\/\/distribucionarc.com\/tr\/producto\/silla-ruedas-electrica-para-subir-escaleras-2\/","name":"Elektri\u010dna invalidska kolica za penjanje uz stepenice - ARC distribucija","isPartOf":{"@id":"https:\/\/distribucionarc.com\/bg\/#website"},"primaryImageOfPage":{"@id":"https:\/\/distribucionarc.com\/tr\/producto\/silla-ruedas-electrica-para-subir-escaleras-2\/#primaryimage"},"image":{"@id":"https:\/\/distribucionarc.com\/tr\/producto\/silla-ruedas-electrica-para-subir-escaleras-2\/#primaryimage"},"thumbnailUrl":"https:\/\/distribucionarc.com\/wp-content\/uploads\/2020\/12\/Silla-electrica-ARC-1.jpg","datePublished":"2020-12-20T18:40:47+00:00","breadcrumb":{"@id":"https:\/\/distribucionarc.com\/tr\/producto\/silla-ruedas-electrica-para-subir-escaleras-2\/#breadcrumb"},"inLanguage":"hr","potentialAction":[{"@type":"ReadAction","target":["https:\/\/distribucionarc.com\/tr\/producto\/silla-ruedas-electrica-para-subir-escaleras-2\/"]}]},{"@type":"ImageObject","inLanguage":"hr","@id":"https:\/\/distribucionarc.com\/tr\/producto\/silla-ruedas-electrica-para-subir-escaleras-2\/#primaryimage","url":"https:\/\/distribucionarc.com\/wp-content\/uploads\/2020\/12\/Silla-electrica-ARC-1.jpg","contentUrl":"https:\/\/distribucionarc.com\/wp-content\/uploads\/2020\/12\/Silla-electrica-ARC-1.jpg","width":1001,"height":1001},{"@type":"BreadcrumbList","@id":"https:\/\/distribucionarc.com\/tr\/producto\/silla-ruedas-electrica-para-subir-escaleras-2\/#breadcrumb","itemListElement":[{"@type":"ListItem","position":1,"name":"Portada","item":"https:\/\/distribucionarc.com\/nb\/"},{"@type":"ListItem","position":2,"name":"Products","item":"https:\/\/www.distribucionarc.com\/en\/shop\/"},{"@type":"ListItem","position":3,"name":"Silla ruedas el\u00e9ctrica para subir escaleras"}]},{"@type":"WebSite","@id":"https:\/\/distribucionarc.com\/bg\/#website","url":"https:\/\/distribucionarc.com\/bg\/","name":"ARC distribucija","description":"Tvrtka specijalizirana za proizvodnju i distribuciju industrijskih strojeva, strojeva za zatvaranje limenki, strojeva za izradu pilula, strojeva za rezanje mesa itd.","publisher":{"@id":"https:\/\/distribucionarc.com\/bg\/#organization"},"potentialAction":[{"@type":"SearchAction","target":{"@type":"EntryPoint","urlTemplate":"https:\/\/distribucionarc.com\/bg\/?s={search_term_string}"},"query-input":{"@type":"PropertyValueSpecification","valueRequired":true,"valueName":"search_term_string"}}],"inLanguage":"hr"},{"@type":"Organization","@id":"https:\/\/distribucionarc.com\/bg\/#organization","name":"ARC distribucija","url":"https:\/\/distribucionarc.com\/bg\/","logo":{"@type":"ImageObject","inLanguage":"hr","@id":"https:\/\/distribucionarc.com\/bg\/#\/schema\/logo\/image\/","url":"https:\/\/distribucionarc.com\/wp-content\/uploads\/2024\/10\/distribucion-ARC-COLOR-SIN-FONDO-e1732295305345.png","contentUrl":"https:\/\/distribucionarc.com\/wp-content\/uploads\/2024\/10\/distribucion-ARC-COLOR-SIN-FONDO-e1732295305345.png","width":1164,"height":558,"caption":"Distribuci\u00f3n ARC"},"image":{"@id":"https:\/\/distribucionarc.com\/bg\/#\/schema\/logo\/image\/"},"description":"Tvrtka specijalizirana za proizvodnju i distribuciju industrijskih strojeva za prehrambeni i farmaceutski sektor. Specijalizirani smo za: Strojeve za rezanje mesa Proizvodnja tableta Industrijske transportne sustave Linije za punjenje Strojevi za doziranje I jo\u0161 mnogo toga... Nudimo inovativna i prilago\u0111ena rje\u0161enja za optimizaciju proizvodnih procesa Va\u0161e tvrtke.","email":"Admistracion@distribucionarc.com","telephone":"+34 643496664","legalName":"ARC TECH SOLUTIONS","foundingDate":"2024-04-09","vatID":"B55480172","numberOfEmployees":{"@type":"QuantitativeValue","minValue":"1","maxValue":"10"}}]}},"_links":{"self":[{"href":"https:\/\/distribucionarc.com\/hr\/wp-json\/wp\/v2\/product\/4167","targetHints":{"allow":["GET"]}}],"collection":[{"href":"https:\/\/distribucionarc.com\/hr\/wp-json\/wp\/v2\/product"}],"about":[{"href":"https:\/\/distribucionarc.com\/hr\/wp-json\/wp\/v2\/types\/product"}],"replies":[{"embeddable":true,"href":"https:\/\/distribucionarc.com\/hr\/wp-json\/wp\/v2\/comments?post=4167"}],"version-history":[{"count":0,"href":"https:\/\/distribucionarc.com\/hr\/wp-json\/wp\/v2\/product\/4167\/revisions"}],"wp:featuredmedia":[{"embeddable":true,"href":"https:\/\/distribucionarc.com\/hr\/wp-json\/wp\/v2\/media\/4177"}],"wp:attachment":[{"href":"https:\/\/distribucionarc.com\/hr\/wp-json\/wp\/v2\/media?parent=4167"}],"wp:term":[{"taxonomy":"product_brand","embeddable":true,"href":"https:\/\/distribucionarc.com\/hr\/wp-json\/wp\/v2\/product_brand?post=4167"},{"taxonomy":"product_cat","embeddable":true,"href":"https:\/\/distribucionarc.com\/hr\/wp-json\/wp\/v2\/product_cat?post=4167"},{"taxonomy":"product_tag","embeddable":true,"href":"https:\/\/distribucionarc.com\/hr\/wp-json\/wp\/v2\/product_tag?post=4167"}],"curies":[{"name":"radni list","href":"https:\/\/api.w.org\/{rel}","templated":true}]}}