{"id":4274,"date":"2021-01-27T11:36:14","date_gmt":"2021-01-27T11:36:14","guid":{"rendered":"https:\/\/distribucionarc.com\/?post_type=product&#038;p=4274"},"modified":"2021-01-27T11:36:14","modified_gmt":"2021-01-27T11:36:14","slug":"automatski-ljustilac-cesnjaka","status":"publish","type":"product","link":"https:\/\/distribucionarc.com\/hr\/producto\/peladora-de-ajos-automatica\/","title":{"rendered":"Automatski gulitelj \u010de\u0161njaka"},"content":{"rendered":"<h3>Automatski gulitelj \u010de\u0161njaka<\/h3>\n<p>The<strong> elektri\u010dna ma\u0161ina za guljenje <span style=\"color: #ff0000;\">DO<\/span><span style=\"color: #0000ff;\">R<\/span>c<\/strong> Izra\u0111en je od visokokvalitetnog debelog nehr\u0111aju\u0107eg \u010delika; osim \u0161to osigurava njegovu upotrebu u prehrambenoj industriji. Tako\u0111er je izdr\u017eljiv i otporan na koroziju kako bi se osigurala dugotrajna uporaba.<\/p>\n<p>Ovaj <strong>lju\u0161tilica za \u010de\u0161njak <span style=\"color: #ff0000;\">DO<\/span><span style=\"color: #0000ff;\">R<\/span>CPA25<\/strong> Ima vrhunski motor snage 175 W, velikom brzinom lju\u0161tenja rotacijom uspijeva oguliti 35 kg \u010de\u0161njaka svakih 30 minuta na sat. Stopa lju\u0161tenja mo\u017ee biti oko 95%, kada je kora \u010de\u0161njaka su\u0161a, pogoduje<strong> automatski \u010dista\u010d \u010de\u0161njaka<span style=\"color: #ff0000;\"> DO<\/span><span style=\"color: #0000ff;\">R<\/span>CPA25<\/strong> izvedite br\u017ei i u\u010dinkovitiji piling.<\/p>\n<p>Otvorite <strong>stroj za olju\u0161teni \u010de\u0161njak<\/strong> i stavite re\u017enjeve \u010de\u0161njaka. Kora \u010de\u0161njaka i plod se automatski odvajaju. Piling s ovim<strong> lju\u0161tilica za \u010de\u0161njak<\/strong> Vrlo je brz. Opremljen je kri\u017enim separatorom od posebnog silikona; To pobolj\u0161ava u\u010dinkovitost lju\u0161tenja i smanjuje o\u0161te\u0107enje, sjeckanje ili rezanje \u010de\u0161njaka. The <strong>automatska lju\u0161tilica<\/strong> Pobolj\u0161ava monotoni separator lju\u0161tenja \u010de\u0161njaka.<\/p>\n<p>The <strong>stroj za \u010di\u0161\u0107enje \u010de\u0161njaka<\/strong> Lako se pomi\u010de s dvije bo\u010dne ru\u010dke, kako bi se olak\u0161ao transport gdje god je potrebno. Sadr\u017ei zadebljani otvor za punjenje i \u010dep od nehr\u0111aju\u0107eg \u010delika, mo\u017ee se koristiti za guljenje razli\u010ditih veli\u010dina \u010de\u0161njaka.  Ovaj <strong>ure\u0111aj za guljenje \u010de\u0161njaka<\/strong> Savr\u0161en je za restorane, ro\u0161tilje, proizvo\u0111a\u010de umaka, hotele, prehrambenu industriju itd.<\/p>\n<p>&nbsp;<\/p>\n<h6><strong>Jamstvo\u00a0<span style=\"color: #ff0000;\">DO<\/span><span style=\"color: #0000ff;\">R<\/span>C 2 GODINE<\/strong><\/h6>\n<h6><span style=\"color: #008000;\">U\u010dinkovit gulitelj \u010de\u0161njaka, niske potro\u0161nje 175W<\/span><\/h6>\n<h6><strong>uklju\u010dena tehni\u010dka podr\u0161ka<\/strong><\/h6>\n<p>&nbsp;<\/p>\n<table role=\"presentation\" width=\"100%\" cellspacing=\"0\" cellpadding=\"0\">\n<tbody>\n<tr>\n<td class=\"attrLabels\">Marka:<\/td>\n<td width=\"50.0%\">LUK<\/td>\n<\/tr>\n<tr>\n<td class=\"attrLabels\">Jamstvo:<\/td>\n<td width=\"50.0%\">2 godine<\/td>\n<td class=\"attrLabels\">Te\u017eina:<\/td>\n<td width=\"50.0%\">9 kg<\/td>\n<\/tr>\n<tr>\n<td class=\"attrLabels\">Zemlja distribucije:<\/td>\n<td width=\"50.0%\">\u0160panjolska, Njema\u010dka, SAD<\/td>\n<td class=\"attrLabels\">Visina:<\/td>\n<td width=\"50.0%\">52,1 cm<\/td>\n<\/tr>\n<tr>\n<td class=\"attrLabels\">Boja:<\/td>\n<td width=\"50.0%\">Srebro<\/td>\n<td class=\"attrLabels\">dugo:<\/td>\n<td width=\"50.0%\">20,3 cm<\/td>\n<\/tr>\n<tr>\n<td class=\"attrLabels\">Vrsta proizvoda:<\/td>\n<td width=\"50.0%\">automatski \u010dista\u010d \u010de\u0161njaka<\/td>\n<td class=\"attrLabels\">\u0160iroko:<\/td>\n<td width=\"50.0%\">20,3 cm<\/td>\n<\/tr>\n<tr>\n<td class=\"attrLabels\">Proizvo\u0111a\u010dki broj:<\/td>\n<td width=\"50.0%\">ARCPA25<\/td>\n<td class=\"attrLabels\">Kapacitet spremnika:<\/td>\n<td width=\"50.0%\">25 kg<\/td>\n<\/tr>\n<tr>\n<td class=\"attrLabels\">Materijal:<\/td>\n<td width=\"50.0%\">304 nehr\u0111aju\u0107i \u010delik za hranu<\/td>\n<td class=\"attrLabels\">Brzina lju\u0161tenja:<\/td>\n<td width=\"50.0%\">35 kg na sat<\/td>\n<\/tr>\n<tr>\n<td class=\"attrLabels\">Operacija:<\/td>\n<td width=\"50.0%\">energi\u010dno<\/td>\n<td class=\"attrLabels\">Brzina lju\u0161tenja:<\/td>\n<td width=\"50.0%\">95%<\/td>\n<\/tr>\n<tr>\n<td class=\"attrLabels\">Potro\u0161nja elektri\u010dne energije:<\/td>\n<td width=\"50.0%\">175 W<\/td>\n<td class=\"attrLabels\">Napon:<\/td>\n<td width=\"50.0%\">220V 50Hz<\/td>\n<\/tr>\n<\/tbody>\n<\/table>\n<p>&nbsp;<\/p>\n<p>&nbsp;<\/p>","protected":false},"excerpt":{"rendered":"<h2>Automatski gulitelj \u010de\u0161njaka<\/h2>\n<p>Ovaj <strong>lju\u0161tilica za \u010de\u0161njak <span style=\"color: #ff0000;\">DO<\/span><span style=\"color: #0000ff;\">R<\/span>c<\/strong> Karakterizira ga visoka otpornost na rastezanje i koroziju. Izra\u0111en od nehr\u0111aju\u0107eg \u010delika, izdr\u017eljiv, otporan na habanje i specifi\u010dne kvalitete za upotrebu u prehrambenoj industriji. The <strong>industrijski stroj za lju\u0161tenje \u010de\u0161njaka <span style=\"color: #ff0000;\">DO<\/span><span style=\"color: #0000ff;\">R<\/span>c<\/strong> Ima vrhunski motor snage 175 W. Zahvaljuju\u0107i tome, ovaj profesionalni lju\u0161ti\u010d \u010de\u0161njaka pru\u017ea veliku brzinu lju\u0161tenja po rotaciji i mo\u017ee oguliti do 35 kg \u010de\u0161njaka. Ovaj <strong>\u010dista\u010d \u010de\u0161njaka<\/strong> Pomo\u0107i \u0107e vam da ubrzate proizvodnju za izradu umaka, ulja, krema, maslaca itd. Zahvaljuju\u0107i kompaktnom i jednostavnom dizajnu, olak\u0161ava \u010di\u0161\u0107enje i odr\u017eavanje stroja.<strong> automatska lju\u0161tilica<\/strong>.<\/p>\n<h6><strong>Jamstvo\u00a0<span style=\"color: #ff0000;\">DO<\/span><span style=\"color: #0000ff;\">R<\/span>C 2 GODINE<\/strong><\/h6>\n<h6><span style=\"color: #008000;\">U\u010dinkovit gulitelj \u010de\u0161njaka, niske potro\u0161nje 175W<\/span><\/h6>\n<h6><strong>uklju\u010dena tehni\u010dka podr\u0161ka<\/strong><\/h6>\n<p>&nbsp;<\/p>","protected":false},"featured_media":4275,"comment_status":"open","ping_status":"closed","template":"","meta":{"wds_primary_product_brand":0,"wds_primary_product_cat":0},"product_brand":[],"product_cat":[43,61],"product_tag":[],"class_list":{"0":"post-4274","1":"product","2":"type-product","3":"status-publish","4":"has-post-thumbnail","6":"product_cat-cortadoras-de-alimentos","7":"product_cat-peladoras-de-alimentos","8":"product_shipping_class-hosteleria","10":"first","11":"instock","12":"sale","13":"taxable","14":"shipping-taxable","15":"purchasable","16":"product-type-simple"},"yoast_head":"<!-- This site is optimized with the Yoast SEO Premium plugin v24.9 (Yoast SEO v26.1) - https:\/\/yoast.com\/wordpress\/plugins\/seo\/ -->\n<title>Peladora de ajos autom\u00e1tica - distribuci\u00f3n ARC<\/title>\n<meta name=\"robots\" content=\"index, follow, max-snippet:-1, max-image-preview:large, max-video-preview:-1\" \/>\n<link rel=\"canonical\" href=\"https:\/\/distribucionarc.com\/hr\/proizvod\/automatski-ljustilac-cesnjaka\/\" \/>\n<meta property=\"og:locale\" content=\"hr_HR\" \/>\n<meta property=\"og:type\" content=\"article\" \/>\n<meta property=\"og:title\" content=\"Peladora de ajos autom\u00e1tica\" \/>\n<meta property=\"og:description\" content=\"Peladora de ajos autom\u00e1tica Esta peladora de ajos ARC se caracteriza por una alta resistencia a la tracci\u00f3n y a la corrosi\u00f3n. Hecha de acero inoxidable, duradero, resistente al desgaste y de calidad espec\u00edfica para el uso en la industria alimentaria. La m\u00e1quina industrial para pelar ajos ARC cuenta con un motor premium con 175 W de potencia. Gracias a esto esta peladora profesional de ajos le proporciona una alta velocidad de pelado por rotaci\u00f3n siendo capaz de pelar hasta 35kg de ajos. Esta limpiadora de ajos le favorecer\u00e1 a acelerar la producci\u00f3n para elaborar salsas, aceites, cremas, mantequillas, etc. Gracias a su dise\u00f1o compacto y sencillo le facilita la limpieza y mantenimiento de la peladora autom\u00e1tica. Garant\u00eda\u00a0ARC 2 A\u00d1OS Peladora de ajos eficiente, bajo consumo\u00a0 175W soporte t\u00e9cnico incluido &nbsp;\" \/>\n<meta property=\"og:url\" content=\"https:\/\/distribucionarc.com\/hr\/proizvod\/automatski-ljustilac-cesnjaka\/\" \/>\n<meta property=\"og:site_name\" content=\"distribuci\u00f3n ARC\" \/>\n<meta property=\"og:image\" content=\"https:\/\/distribucionarc.com\/wp-content\/uploads\/2021\/01\/Peladora-de-ajos-automatica-0.jpg\" \/>\n\t<meta property=\"og:image:width\" content=\"1600\" \/>\n\t<meta property=\"og:image:height\" content=\"1600\" \/>\n\t<meta property=\"og:image:type\" content=\"image\/jpeg\" \/>\n<meta name=\"twitter:card\" content=\"summary_large_image\" \/>\n<meta name=\"twitter:label1\" content=\"Procijenjeno vrijeme \u010ditanja\" \/>\n\t<meta name=\"twitter:data1\" content=\"2 minute\" \/>\n<script type=\"application\/ld+json\" class=\"yoast-schema-graph\">{\"@context\":\"https:\/\/schema.org\",\"@graph\":[{\"@type\":\"WebPage\",\"@id\":\"https:\/\/distribucionarc.com\/producto\/peladora-de-ajos-automatica\/\",\"url\":\"https:\/\/distribucionarc.com\/producto\/peladora-de-ajos-automatica\/\",\"name\":\"Peladora de ajos autom\u00e1tica - distribuci\u00f3n ARC\",\"isPartOf\":{\"@id\":\"https:\/\/www.distribucionarc.com\/de\/#website\"},\"primaryImageOfPage\":{\"@id\":\"https:\/\/distribucionarc.com\/producto\/peladora-de-ajos-automatica\/#primaryimage\"},\"image\":{\"@id\":\"https:\/\/distribucionarc.com\/producto\/peladora-de-ajos-automatica\/#primaryimage\"},\"thumbnailUrl\":\"https:\/\/distribucionarc.com\/wp-content\/uploads\/2021\/01\/Peladora-de-ajos-automatica-0.jpg\",\"datePublished\":\"2021-01-27T11:36:14+00:00\",\"breadcrumb\":{\"@id\":\"https:\/\/distribucionarc.com\/producto\/peladora-de-ajos-automatica\/#breadcrumb\"},\"inLanguage\":\"hr\",\"potentialAction\":[{\"@type\":\"ReadAction\",\"target\":[\"https:\/\/distribucionarc.com\/producto\/peladora-de-ajos-automatica\/\"]}]},{\"@type\":\"ImageObject\",\"inLanguage\":\"hr\",\"@id\":\"https:\/\/distribucionarc.com\/producto\/peladora-de-ajos-automatica\/#primaryimage\",\"url\":\"https:\/\/distribucionarc.com\/wp-content\/uploads\/2021\/01\/Peladora-de-ajos-automatica-0.jpg\",\"contentUrl\":\"https:\/\/distribucionarc.com\/wp-content\/uploads\/2021\/01\/Peladora-de-ajos-automatica-0.jpg\",\"width\":1600,\"height\":1600,\"caption\":\"Peladora de ajos autom\u00e1tica\"},{\"@type\":\"BreadcrumbList\",\"@id\":\"https:\/\/distribucionarc.com\/producto\/peladora-de-ajos-automatica\/#breadcrumb\",\"itemListElement\":[{\"@type\":\"ListItem\",\"position\":1,\"name\":\"Portada\",\"item\":\"https:\/\/www.distribucionarc.com\/en\/\"},{\"@type\":\"ListItem\",\"position\":2,\"name\":\"Products\",\"item\":\"https:\/\/www.distribucionarc.com\/en\/shop\/\"},{\"@type\":\"ListItem\",\"position\":3,\"name\":\"Peladora de ajos autom\u00e1tica\"}]},{\"@type\":\"WebSite\",\"@id\":\"https:\/\/www.distribucionarc.com\/de\/#website\",\"url\":\"https:\/\/www.distribucionarc.com\/de\/\",\"name\":\"distribuci\u00f3n ARC\",\"description\":\"Empresa especializada en la fabricaci\u00f3n y distribuci\u00f3n de maquinaria industrial, selladoras de latas, Maquinas de hacer pastillas, Maquinas de cortar carne...\",\"publisher\":{\"@id\":\"https:\/\/www.distribucionarc.com\/de\/#organization\"},\"potentialAction\":[{\"@type\":\"SearchAction\",\"target\":{\"@type\":\"EntryPoint\",\"urlTemplate\":\"https:\/\/www.distribucionarc.com\/de\/?s={search_term_string}\"},\"query-input\":{\"@type\":\"PropertyValueSpecification\",\"valueRequired\":true,\"valueName\":\"search_term_string\"}}],\"inLanguage\":\"hr\"},{\"@type\":\"Organization\",\"@id\":\"https:\/\/www.distribucionarc.com\/de\/#organization\",\"name\":\"Distribuci\u00f3n ARC\",\"url\":\"https:\/\/www.distribucionarc.com\/de\/\",\"logo\":{\"@type\":\"ImageObject\",\"inLanguage\":\"hr\",\"@id\":\"https:\/\/www.distribucionarc.com\/de\/#\/schema\/logo\/image\/\",\"url\":\"https:\/\/distribucionarc.com\/wp-content\/uploads\/2024\/10\/distribucion-ARC-COLOR-SIN-FONDO-e1732295305345.png\",\"contentUrl\":\"https:\/\/distribucionarc.com\/wp-content\/uploads\/2024\/10\/distribucion-ARC-COLOR-SIN-FONDO-e1732295305345.png\",\"width\":1164,\"height\":558,\"caption\":\"Distribuci\u00f3n ARC\"},\"image\":{\"@id\":\"https:\/\/www.distribucionarc.com\/de\/#\/schema\/logo\/image\/\"},\"description\":\"Empresa especializada en la fabricaci\u00f3n y distribuci\u00f3n de maquinaria industrial para los sectores alimentario y farmac\u00e9utico. Nos especializamos en: M\u00e1quinas de cortar carne Fabricaci\u00f3n de comprimidos Sistemas de transporte industrial L\u00edneas de embotellado Dosificadores Y mucho m\u00e1s... Ofrecemos soluciones innovadoras y personalizadas para optimizar los procesos productivos de tu empresa.\",\"email\":\"Admistracion@distribucionarc.com\",\"telephone\":\"+34 643496664\",\"legalName\":\"ARC TECH SOLUTIONS\",\"foundingDate\":\"2024-04-09\",\"vatID\":\"B55480172\",\"numberOfEmployees\":{\"@type\":\"QuantitativeValue\",\"minValue\":\"1\",\"maxValue\":\"10\"}}]}<\/script>\n<!-- \/ Yoast SEO Premium plugin. -->","yoast_head_json":{"title":"Automatski lju\u0161tilica za \u010de\u0161njak - ARC distribucija","robots":{"index":"index","follow":"follow","max-snippet":"max-snippet:-1","max-image-preview":"max-image-preview:large","max-video-preview":"max-video-preview:-1"},"canonical":"https:\/\/distribucionarc.com\/hr\/proizvod\/automatski-ljustilac-cesnjaka\/","og_locale":"hr_HR","og_type":"article","og_title":"Peladora de ajos autom\u00e1tica","og_description":"Peladora de ajos autom\u00e1tica Esta peladora de ajos ARC se caracteriza por una alta resistencia a la tracci\u00f3n y a la corrosi\u00f3n. Hecha de acero inoxidable, duradero, resistente al desgaste y de calidad espec\u00edfica para el uso en la industria alimentaria. La m\u00e1quina industrial para pelar ajos ARC cuenta con un motor premium con 175 W de potencia. Gracias a esto esta peladora profesional de ajos le proporciona una alta velocidad de pelado por rotaci\u00f3n siendo capaz de pelar hasta 35kg de ajos. Esta limpiadora de ajos le favorecer\u00e1 a acelerar la producci\u00f3n para elaborar salsas, aceites, cremas, mantequillas, etc. Gracias a su dise\u00f1o compacto y sencillo le facilita la limpieza y mantenimiento de la peladora autom\u00e1tica. Garant\u00eda\u00a0ARC 2 A\u00d1OS Peladora de ajos eficiente, bajo consumo\u00a0 175W soporte t\u00e9cnico incluido &nbsp;","og_url":"https:\/\/distribucionarc.com\/hr\/proizvod\/automatski-ljustilac-cesnjaka\/","og_site_name":"distribuci\u00f3n ARC","og_image":[{"width":1600,"height":1600,"url":"https:\/\/distribucionarc.com\/wp-content\/uploads\/2021\/01\/Peladora-de-ajos-automatica-0.jpg","type":"image\/jpeg"}],"twitter_card":"summary_large_image","twitter_misc":{"Procijenjeno vrijeme \u010ditanja":"2 minute"},"schema":{"@context":"https:\/\/schema.org","@graph":[{"@type":"WebPage","@id":"https:\/\/distribucionarc.com\/producto\/peladora-de-ajos-automatica\/","url":"https:\/\/distribucionarc.com\/producto\/peladora-de-ajos-automatica\/","name":"Automatski lju\u0161tilica za \u010de\u0161njak - ARC distribucija","isPartOf":{"@id":"https:\/\/www.distribucionarc.com\/de\/#website"},"primaryImageOfPage":{"@id":"https:\/\/distribucionarc.com\/producto\/peladora-de-ajos-automatica\/#primaryimage"},"image":{"@id":"https:\/\/distribucionarc.com\/producto\/peladora-de-ajos-automatica\/#primaryimage"},"thumbnailUrl":"https:\/\/distribucionarc.com\/wp-content\/uploads\/2021\/01\/Peladora-de-ajos-automatica-0.jpg","datePublished":"2021-01-27T11:36:14+00:00","breadcrumb":{"@id":"https:\/\/distribucionarc.com\/producto\/peladora-de-ajos-automatica\/#breadcrumb"},"inLanguage":"hr","potentialAction":[{"@type":"ReadAction","target":["https:\/\/distribucionarc.com\/producto\/peladora-de-ajos-automatica\/"]}]},{"@type":"ImageObject","inLanguage":"hr","@id":"https:\/\/distribucionarc.com\/producto\/peladora-de-ajos-automatica\/#primaryimage","url":"https:\/\/distribucionarc.com\/wp-content\/uploads\/2021\/01\/Peladora-de-ajos-automatica-0.jpg","contentUrl":"https:\/\/distribucionarc.com\/wp-content\/uploads\/2021\/01\/Peladora-de-ajos-automatica-0.jpg","width":1600,"height":1600,"caption":"Peladora de ajos autom\u00e1tica"},{"@type":"BreadcrumbList","@id":"https:\/\/distribucionarc.com\/producto\/peladora-de-ajos-automatica\/#breadcrumb","itemListElement":[{"@type":"ListItem","position":1,"name":"Portada","item":"https:\/\/www.distribucionarc.com\/en\/"},{"@type":"ListItem","position":2,"name":"Products","item":"https:\/\/www.distribucionarc.com\/en\/shop\/"},{"@type":"ListItem","position":3,"name":"Peladora de ajos autom\u00e1tica"}]},{"@type":"WebSite","@id":"https:\/\/www.distribucionarc.com\/de\/#website","url":"https:\/\/www.distribucionarc.com\/de\/","name":"ARC distribucija","description":"Tvrtka specijalizirana za proizvodnju i distribuciju industrijskih strojeva, strojeva za zatvaranje limenki, strojeva za izradu pilula, strojeva za rezanje mesa itd.","publisher":{"@id":"https:\/\/www.distribucionarc.com\/de\/#organization"},"potentialAction":[{"@type":"SearchAction","target":{"@type":"EntryPoint","urlTemplate":"https:\/\/www.distribucionarc.com\/de\/?s={search_term_string}"},"query-input":{"@type":"PropertyValueSpecification","valueRequired":true,"valueName":"search_term_string"}}],"inLanguage":"hr"},{"@type":"Organization","@id":"https:\/\/www.distribucionarc.com\/de\/#organization","name":"ARC distribucija","url":"https:\/\/www.distribucionarc.com\/de\/","logo":{"@type":"ImageObject","inLanguage":"hr","@id":"https:\/\/www.distribucionarc.com\/de\/#\/schema\/logo\/image\/","url":"https:\/\/distribucionarc.com\/wp-content\/uploads\/2024\/10\/distribucion-ARC-COLOR-SIN-FONDO-e1732295305345.png","contentUrl":"https:\/\/distribucionarc.com\/wp-content\/uploads\/2024\/10\/distribucion-ARC-COLOR-SIN-FONDO-e1732295305345.png","width":1164,"height":558,"caption":"Distribuci\u00f3n ARC"},"image":{"@id":"https:\/\/www.distribucionarc.com\/de\/#\/schema\/logo\/image\/"},"description":"Tvrtka specijalizirana za proizvodnju i distribuciju industrijskih strojeva za prehrambeni i farmaceutski sektor. Specijalizirani smo za: Strojeve za rezanje mesa Proizvodnja tableta Industrijske transportne sustave Linije za punjenje Strojevi za doziranje I jo\u0161 mnogo toga... Nudimo inovativna i prilago\u0111ena rje\u0161enja za optimizaciju proizvodnih procesa Va\u0161e tvrtke.","email":"Admistracion@distribucionarc.com","telephone":"+34 643496664","legalName":"ARC TECH SOLUTIONS","foundingDate":"2024-04-09","vatID":"B55480172","numberOfEmployees":{"@type":"QuantitativeValue","minValue":"1","maxValue":"10"}}]}},"_links":{"self":[{"href":"https:\/\/distribucionarc.com\/hr\/wp-json\/wp\/v2\/product\/4274","targetHints":{"allow":["GET"]}}],"collection":[{"href":"https:\/\/distribucionarc.com\/hr\/wp-json\/wp\/v2\/product"}],"about":[{"href":"https:\/\/distribucionarc.com\/hr\/wp-json\/wp\/v2\/types\/product"}],"replies":[{"embeddable":true,"href":"https:\/\/distribucionarc.com\/hr\/wp-json\/wp\/v2\/comments?post=4274"}],"version-history":[{"count":0,"href":"https:\/\/distribucionarc.com\/hr\/wp-json\/wp\/v2\/product\/4274\/revisions"}],"wp:featuredmedia":[{"embeddable":true,"href":"https:\/\/distribucionarc.com\/hr\/wp-json\/wp\/v2\/media\/4275"}],"wp:attachment":[{"href":"https:\/\/distribucionarc.com\/hr\/wp-json\/wp\/v2\/media?parent=4274"}],"wp:term":[{"taxonomy":"product_brand","embeddable":true,"href":"https:\/\/distribucionarc.com\/hr\/wp-json\/wp\/v2\/product_brand?post=4274"},{"taxonomy":"product_cat","embeddable":true,"href":"https:\/\/distribucionarc.com\/hr\/wp-json\/wp\/v2\/product_cat?post=4274"},{"taxonomy":"product_tag","embeddable":true,"href":"https:\/\/distribucionarc.com\/hr\/wp-json\/wp\/v2\/product_tag?post=4274"}],"curies":[{"name":"radni list","href":"https:\/\/api.w.org\/{rel}","templated":true}]}}