{"id":4330,"date":"2021-01-28T15:10:44","date_gmt":"2021-01-28T15:10:44","guid":{"rendered":"https:\/\/distribucionarc.com\/?post_type=product&#038;p=4330"},"modified":"2021-01-28T15:10:44","modified_gmt":"2021-01-28T15:10:44","slug":"multifunkcionalni-rezac-rezac","status":"publish","type":"product","link":"https:\/\/distribucionarc.com\/hr\/producto\/cortador-de-rodajas-multifuncional\/","title":{"rendered":"Vi\u0161enamjenski reza\u010d za rezanje"},"content":{"rendered":"<h3>Vi\u0161enamjenski reza\u010d za rezanje<\/h3>\n<p>O\u0161trice ovoga <strong>pre\u0161a za rezanje vo\u0107a<\/strong> Izra\u0111ene su od nehr\u0111aju\u0107eg \u010delika 420, o\u0161tre su i izdr\u017eljive, a re\u017eu razli\u010dite vrste vo\u0107a i povr\u0107a (luk, krumpir, limun, mladi luk itd.) na jednoli\u010dne komade, trakice i kockice. Glavni dio ovoga <strong>reza\u010d limuna<span style=\"color: #ff0000;\"> DO<\/span><span style=\"color: #0000ff;\">R<\/span>CCRM64<\/strong> Dizajniran je od lijevanog aluminija, lagan je, jak, izdr\u017eljiv i jednostavan za transport. Cijeli tla\u010dni reza\u010d mo\u017ee se isprati izravno vodom.<\/p>\n<p>Duga ru\u010dka s dovoljnom udaljenosti za pomicanje i lako dr\u017eanje \u0161tedi rad i vrijeme. S ovim<strong> Reza\u010d <span style=\"color: #ff0000;\">DO<\/span><span style=\"color: #0000ff;\">R<\/span>CCRM64<\/strong>, mo\u017ee lak\u0161e rezati \u010dak i tvrde materijale. Isporu\u010dena ladica dr\u017ei nasjeckane proizvode na mjestu i sprje\u010dava prskanje soka od vo\u0107a\/povr\u0107a prilikom sjeckanja.<\/p>\n<p>The <strong>reza\u010d limuna<\/strong> Ima \u010detiri jastu\u010di\u0107a za stopala koji mu daju ve\u0107u otpornost na klizanje. Gumeni materijal smanjuje vibracije zahvaljuju\u0107i elasti\u010dnosti. Stoga se buka tako\u0111er mo\u017ee smanjiti, \u010dine\u0107i da proces rezanja te\u010de glatko i stabilno. Ovaj reza\u010d luka posebno je prikladan za vo\u0107e i povr\u0107e.<\/p>\n<h6><strong>Jamstvo\u00a0<span style=\"color: #ff0000;\">DO<\/span><span style=\"color: #0000ff;\">R<\/span>C 2 GODINE<\/strong><\/h6>\n<h6><strong>uklju\u010dena tehni\u010dka podr\u0161ka<\/strong><\/h6>\n<p>&nbsp;<\/p>\n<table width=\"100%\">\n<tbody>\n<tr>\n<td>Marka:<\/td>\n<td width=\"32%\">LUK<\/td>\n<td>Te\u017eina:<\/td>\n<td width=\"30%\">8,9 kg<\/td>\n<\/tr>\n<tr>\n<td>Zemlja distribucije:<\/td>\n<td width=\"32%\">\u0160panjolska, Njema\u010dka, SAD<\/td>\n<td>Visina:<\/td>\n<td width=\"30%\">80,2 cm<\/td>\n<\/tr>\n<tr>\n<td>Boja:<\/td>\n<td width=\"32%\">Srebro<\/td>\n<td>dugo:<\/td>\n<td width=\"30%\">25,9 cm<\/td>\n<\/tr>\n<tr>\n<td>Vrsta proizvoda:<\/td>\n<td width=\"32%\">Reza\u010d za rezanje<\/td>\n<td>\u0160iroko:<\/td>\n<td width=\"30%\">49,5 cm<\/td>\n<\/tr>\n<tr>\n<td>Proizvo\u0111a\u010dki broj:<\/td>\n<td width=\"32%\">ARCCRM64<\/td>\n<td>O\u0161trica za rezanje:<\/td>\n<td width=\"30%\">Nehr\u0111aju\u0107i \u010delik. 420<\/td>\n<\/tr>\n<tr>\n<td>Materijal:<\/td>\n<td width=\"32%\">nehr\u0111aju\u0107i \u010delik<\/td>\n<td>Koli\u010dina rezanja:<\/td>\n<td width=\"30%\">15 kri\u0161ki<\/td>\n<\/tr>\n<tr>\n<td>Veli\u010dina rezanja:<\/td>\n<td width=\"32%\">6,5 mm<\/td>\n<td>Jamstvo:<\/td>\n<td width=\"30%\">2 GODINE<\/td>\n<\/tr>\n<\/tbody>\n<\/table>\n<p>&nbsp;<\/p>","protected":false},"excerpt":{"rendered":"<h2>Vi\u0161enamjenski reza\u010d za rezanje<\/h2>\n<p>Uz ovaj otporan <strong>reza\u010d limuna<\/strong> mo\u017ee u\u0161tedjeti vrijeme, rad i stvoriti jednolike kri\u0161ke. Ovaj <strong>industrijski reza\u010d <span style=\"color: #ff0000;\">DO<\/span><span style=\"color: #0000ff;\">R<\/span>c<\/strong> Jednostavan je za kori\u0161tenje. Jednostavno stavite vo\u0107e ili povr\u0107e izme\u0111u o\u0161trica i pritisnite ergonomsku ru\u010dku. Izra\u0111en od izdr\u017eljivog aluminija i nehr\u0111aju\u0107eg \u010delika <strong>reza\u010d povr\u0107a<\/strong> osigurava dugotrajnu upotrebu, siguran i u\u010dinkovit alat za poslovne i privatne kuhinje.<\/p>\n<h6><strong>Jamstvo\u00a0<span style=\"color: #ff0000;\">DO<\/span><span style=\"color: #0000ff;\">R<\/span>C 2 GODINE<\/strong><\/h6>\n<h6><strong>uklju\u010dena tehni\u010dka podr\u0161ka<\/strong><\/h6>","protected":false},"featured_media":4331,"comment_status":"open","ping_status":"closed","template":"","meta":{"wds_primary_product_brand":0,"wds_primary_product_cat":0},"product_brand":[],"product_cat":[43],"product_tag":[],"class_list":{"0":"post-4330","1":"product","2":"type-product","3":"status-publish","4":"has-post-thumbnail","6":"product_cat-cortadoras-de-alimentos","7":"product_shipping_class-hosteleria","9":"first","10":"instock","11":"sale","12":"taxable","13":"shipping-taxable","14":"purchasable","15":"product-type-simple"},"yoast_head":"<!-- This site is optimized with the Yoast SEO Premium plugin v24.9 (Yoast SEO v26.1) - https:\/\/yoast.com\/wordpress\/plugins\/seo\/ -->\n<title>Cortador de rodajas multifuncional - distribuci\u00f3n ARC<\/title>\n<meta name=\"robots\" content=\"index, follow, max-snippet:-1, max-image-preview:large, max-video-preview:-1\" \/>\n<link rel=\"canonical\" href=\"https:\/\/distribucionarc.com\/hr\/proizvod\/multifunkcionalni-rezac-rezac\/\" \/>\n<meta property=\"og:locale\" content=\"hr_HR\" \/>\n<meta property=\"og:type\" content=\"article\" \/>\n<meta property=\"og:title\" content=\"Cortador de rodajas multifuncional\" \/>\n<meta property=\"og:description\" content=\"Cortador de rodajas multifuncional Con este resistente cortador de limones puede ahorrar tiempo, trabajo y crear rodajas uniformes. Este cortador industrial ARC es f\u00e1cil de usar. Simplemente coloca la fruta o verdura entre las cuchillas y presiona el mango ergon\u00f3mico hacia abajo. Hecho de aluminio duradero y acero inoxidable el fileteador de verduras garantiza un uso a largo plazo, una herramienta segura y eficiente para cocinas comerciales y privadas. Garant\u00eda\u00a0ARC 2 A\u00d1OS soporte t\u00e9cnico incluido\" \/>\n<meta property=\"og:url\" content=\"https:\/\/distribucionarc.com\/hr\/proizvod\/multifunkcionalni-rezac-rezac\/\" \/>\n<meta property=\"og:site_name\" content=\"distribuci\u00f3n ARC\" \/>\n<meta property=\"og:image\" content=\"https:\/\/distribucionarc.com\/wp-content\/uploads\/2021\/01\/Cortador-de-rodajas-multifuncional-0.jpg\" \/>\n\t<meta property=\"og:image:width\" content=\"1600\" \/>\n\t<meta property=\"og:image:height\" content=\"1600\" \/>\n\t<meta property=\"og:image:type\" content=\"image\/jpeg\" \/>\n<meta name=\"twitter:card\" content=\"summary_large_image\" \/>\n<meta name=\"twitter:label1\" content=\"Procijenjeno vrijeme \u010ditanja\" \/>\n\t<meta name=\"twitter:data1\" content=\"1 minuta\" \/>\n<script type=\"application\/ld+json\" class=\"yoast-schema-graph\">{\"@context\":\"https:\/\/schema.org\",\"@graph\":[{\"@type\":\"WebPage\",\"@id\":\"https:\/\/distribucionarc.com\/it\/producto\/cortador-de-rodajas-multifuncional\/\",\"url\":\"https:\/\/distribucionarc.com\/it\/producto\/cortador-de-rodajas-multifuncional\/\",\"name\":\"Cortador de rodajas multifuncional - distribuci\u00f3n ARC\",\"isPartOf\":{\"@id\":\"https:\/\/www.distribucionarc.com\/de\/#website\"},\"primaryImageOfPage\":{\"@id\":\"https:\/\/distribucionarc.com\/it\/producto\/cortador-de-rodajas-multifuncional\/#primaryimage\"},\"image\":{\"@id\":\"https:\/\/distribucionarc.com\/it\/producto\/cortador-de-rodajas-multifuncional\/#primaryimage\"},\"thumbnailUrl\":\"https:\/\/distribucionarc.com\/wp-content\/uploads\/2021\/01\/Cortador-de-rodajas-multifuncional-0.jpg\",\"datePublished\":\"2021-01-28T15:10:44+00:00\",\"breadcrumb\":{\"@id\":\"https:\/\/distribucionarc.com\/it\/producto\/cortador-de-rodajas-multifuncional\/#breadcrumb\"},\"inLanguage\":\"hr\",\"potentialAction\":[{\"@type\":\"ReadAction\",\"target\":[\"https:\/\/distribucionarc.com\/it\/producto\/cortador-de-rodajas-multifuncional\/\"]}]},{\"@type\":\"ImageObject\",\"inLanguage\":\"hr\",\"@id\":\"https:\/\/distribucionarc.com\/it\/producto\/cortador-de-rodajas-multifuncional\/#primaryimage\",\"url\":\"https:\/\/distribucionarc.com\/wp-content\/uploads\/2021\/01\/Cortador-de-rodajas-multifuncional-0.jpg\",\"contentUrl\":\"https:\/\/distribucionarc.com\/wp-content\/uploads\/2021\/01\/Cortador-de-rodajas-multifuncional-0.jpg\",\"width\":1600,\"height\":1600,\"caption\":\"Cortador de rodajas multifuncional\"},{\"@type\":\"BreadcrumbList\",\"@id\":\"https:\/\/distribucionarc.com\/it\/producto\/cortador-de-rodajas-multifuncional\/#breadcrumb\",\"itemListElement\":[{\"@type\":\"ListItem\",\"position\":1,\"name\":\"Portada\",\"item\":\"https:\/\/www.distribucionarc.com\/en\/\"},{\"@type\":\"ListItem\",\"position\":2,\"name\":\"Products\",\"item\":\"https:\/\/www.distribucionarc.com\/en\/shop\/\"},{\"@type\":\"ListItem\",\"position\":3,\"name\":\"Cortador de rodajas multifuncional\"}]},{\"@type\":\"WebSite\",\"@id\":\"https:\/\/www.distribucionarc.com\/de\/#website\",\"url\":\"https:\/\/www.distribucionarc.com\/de\/\",\"name\":\"distribuci\u00f3n ARC\",\"description\":\"Empresa especializada en la fabricaci\u00f3n y distribuci\u00f3n de maquinaria industrial, selladoras de latas, Maquinas de hacer pastillas, Maquinas de cortar carne...\",\"publisher\":{\"@id\":\"https:\/\/www.distribucionarc.com\/de\/#organization\"},\"potentialAction\":[{\"@type\":\"SearchAction\",\"target\":{\"@type\":\"EntryPoint\",\"urlTemplate\":\"https:\/\/www.distribucionarc.com\/de\/?s={search_term_string}\"},\"query-input\":{\"@type\":\"PropertyValueSpecification\",\"valueRequired\":true,\"valueName\":\"search_term_string\"}}],\"inLanguage\":\"hr\"},{\"@type\":\"Organization\",\"@id\":\"https:\/\/www.distribucionarc.com\/de\/#organization\",\"name\":\"Distribuci\u00f3n ARC\",\"url\":\"https:\/\/www.distribucionarc.com\/de\/\",\"logo\":{\"@type\":\"ImageObject\",\"inLanguage\":\"hr\",\"@id\":\"https:\/\/www.distribucionarc.com\/de\/#\/schema\/logo\/image\/\",\"url\":\"https:\/\/distribucionarc.com\/wp-content\/uploads\/2024\/10\/distribucion-ARC-COLOR-SIN-FONDO-e1732295305345.png\",\"contentUrl\":\"https:\/\/distribucionarc.com\/wp-content\/uploads\/2024\/10\/distribucion-ARC-COLOR-SIN-FONDO-e1732295305345.png\",\"width\":1164,\"height\":558,\"caption\":\"Distribuci\u00f3n ARC\"},\"image\":{\"@id\":\"https:\/\/www.distribucionarc.com\/de\/#\/schema\/logo\/image\/\"},\"description\":\"Empresa especializada en la fabricaci\u00f3n y distribuci\u00f3n de maquinaria industrial para los sectores alimentario y farmac\u00e9utico. Nos especializamos en: M\u00e1quinas de cortar carne Fabricaci\u00f3n de comprimidos Sistemas de transporte industrial L\u00edneas de embotellado Dosificadores Y mucho m\u00e1s... Ofrecemos soluciones innovadoras y personalizadas para optimizar los procesos productivos de tu empresa.\",\"email\":\"Admistracion@distribucionarc.com\",\"telephone\":\"+34 643496664\",\"legalName\":\"ARC TECH SOLUTIONS\",\"foundingDate\":\"2024-04-09\",\"vatID\":\"B55480172\",\"numberOfEmployees\":{\"@type\":\"QuantitativeValue\",\"minValue\":\"1\",\"maxValue\":\"10\"}}]}<\/script>\n<!-- \/ Yoast SEO Premium plugin. -->","yoast_head_json":{"title":"Vi\u0161enamjenski reza\u010d - ARC distribucija","robots":{"index":"index","follow":"follow","max-snippet":"max-snippet:-1","max-image-preview":"max-image-preview:large","max-video-preview":"max-video-preview:-1"},"canonical":"https:\/\/distribucionarc.com\/hr\/proizvod\/multifunkcionalni-rezac-rezac\/","og_locale":"hr_HR","og_type":"article","og_title":"Cortador de rodajas multifuncional","og_description":"Cortador de rodajas multifuncional Con este resistente cortador de limones puede ahorrar tiempo, trabajo y crear rodajas uniformes. Este cortador industrial ARC es f\u00e1cil de usar. Simplemente coloca la fruta o verdura entre las cuchillas y presiona el mango ergon\u00f3mico hacia abajo. Hecho de aluminio duradero y acero inoxidable el fileteador de verduras garantiza un uso a largo plazo, una herramienta segura y eficiente para cocinas comerciales y privadas. Garant\u00eda\u00a0ARC 2 A\u00d1OS soporte t\u00e9cnico incluido","og_url":"https:\/\/distribucionarc.com\/hr\/proizvod\/multifunkcionalni-rezac-rezac\/","og_site_name":"distribuci\u00f3n ARC","og_image":[{"width":1600,"height":1600,"url":"https:\/\/distribucionarc.com\/wp-content\/uploads\/2021\/01\/Cortador-de-rodajas-multifuncional-0.jpg","type":"image\/jpeg"}],"twitter_card":"summary_large_image","twitter_misc":{"Procijenjeno vrijeme \u010ditanja":"1 minuta"},"schema":{"@context":"https:\/\/schema.org","@graph":[{"@type":"WebPage","@id":"https:\/\/distribucionarc.com\/it\/producto\/cortador-de-rodajas-multifuncional\/","url":"https:\/\/distribucionarc.com\/it\/producto\/cortador-de-rodajas-multifuncional\/","name":"Vi\u0161enamjenski reza\u010d - ARC distribucija","isPartOf":{"@id":"https:\/\/www.distribucionarc.com\/de\/#website"},"primaryImageOfPage":{"@id":"https:\/\/distribucionarc.com\/it\/producto\/cortador-de-rodajas-multifuncional\/#primaryimage"},"image":{"@id":"https:\/\/distribucionarc.com\/it\/producto\/cortador-de-rodajas-multifuncional\/#primaryimage"},"thumbnailUrl":"https:\/\/distribucionarc.com\/wp-content\/uploads\/2021\/01\/Cortador-de-rodajas-multifuncional-0.jpg","datePublished":"2021-01-28T15:10:44+00:00","breadcrumb":{"@id":"https:\/\/distribucionarc.com\/it\/producto\/cortador-de-rodajas-multifuncional\/#breadcrumb"},"inLanguage":"hr","potentialAction":[{"@type":"ReadAction","target":["https:\/\/distribucionarc.com\/it\/producto\/cortador-de-rodajas-multifuncional\/"]}]},{"@type":"ImageObject","inLanguage":"hr","@id":"https:\/\/distribucionarc.com\/it\/producto\/cortador-de-rodajas-multifuncional\/#primaryimage","url":"https:\/\/distribucionarc.com\/wp-content\/uploads\/2021\/01\/Cortador-de-rodajas-multifuncional-0.jpg","contentUrl":"https:\/\/distribucionarc.com\/wp-content\/uploads\/2021\/01\/Cortador-de-rodajas-multifuncional-0.jpg","width":1600,"height":1600,"caption":"Cortador de rodajas multifuncional"},{"@type":"BreadcrumbList","@id":"https:\/\/distribucionarc.com\/it\/producto\/cortador-de-rodajas-multifuncional\/#breadcrumb","itemListElement":[{"@type":"ListItem","position":1,"name":"Portada","item":"https:\/\/www.distribucionarc.com\/en\/"},{"@type":"ListItem","position":2,"name":"Products","item":"https:\/\/www.distribucionarc.com\/en\/shop\/"},{"@type":"ListItem","position":3,"name":"Cortador de rodajas multifuncional"}]},{"@type":"WebSite","@id":"https:\/\/www.distribucionarc.com\/de\/#website","url":"https:\/\/www.distribucionarc.com\/de\/","name":"ARC distribucija","description":"Tvrtka specijalizirana za proizvodnju i distribuciju industrijskih strojeva, strojeva za zatvaranje limenki, strojeva za izradu pilula, strojeva za rezanje mesa itd.","publisher":{"@id":"https:\/\/www.distribucionarc.com\/de\/#organization"},"potentialAction":[{"@type":"SearchAction","target":{"@type":"EntryPoint","urlTemplate":"https:\/\/www.distribucionarc.com\/de\/?s={search_term_string}"},"query-input":{"@type":"PropertyValueSpecification","valueRequired":true,"valueName":"search_term_string"}}],"inLanguage":"hr"},{"@type":"Organization","@id":"https:\/\/www.distribucionarc.com\/de\/#organization","name":"ARC distribucija","url":"https:\/\/www.distribucionarc.com\/de\/","logo":{"@type":"ImageObject","inLanguage":"hr","@id":"https:\/\/www.distribucionarc.com\/de\/#\/schema\/logo\/image\/","url":"https:\/\/distribucionarc.com\/wp-content\/uploads\/2024\/10\/distribucion-ARC-COLOR-SIN-FONDO-e1732295305345.png","contentUrl":"https:\/\/distribucionarc.com\/wp-content\/uploads\/2024\/10\/distribucion-ARC-COLOR-SIN-FONDO-e1732295305345.png","width":1164,"height":558,"caption":"Distribuci\u00f3n ARC"},"image":{"@id":"https:\/\/www.distribucionarc.com\/de\/#\/schema\/logo\/image\/"},"description":"Tvrtka specijalizirana za proizvodnju i distribuciju industrijskih strojeva za prehrambeni i farmaceutski sektor. Specijalizirani smo za: Strojeve za rezanje mesa Proizvodnja tableta Industrijske transportne sustave Linije za punjenje Strojevi za doziranje I jo\u0161 mnogo toga... Nudimo inovativna i prilago\u0111ena rje\u0161enja za optimizaciju proizvodnih procesa Va\u0161e tvrtke.","email":"Admistracion@distribucionarc.com","telephone":"+34 643496664","legalName":"ARC TECH SOLUTIONS","foundingDate":"2024-04-09","vatID":"B55480172","numberOfEmployees":{"@type":"QuantitativeValue","minValue":"1","maxValue":"10"}}]}},"_links":{"self":[{"href":"https:\/\/distribucionarc.com\/hr\/wp-json\/wp\/v2\/product\/4330","targetHints":{"allow":["GET"]}}],"collection":[{"href":"https:\/\/distribucionarc.com\/hr\/wp-json\/wp\/v2\/product"}],"about":[{"href":"https:\/\/distribucionarc.com\/hr\/wp-json\/wp\/v2\/types\/product"}],"replies":[{"embeddable":true,"href":"https:\/\/distribucionarc.com\/hr\/wp-json\/wp\/v2\/comments?post=4330"}],"version-history":[{"count":0,"href":"https:\/\/distribucionarc.com\/hr\/wp-json\/wp\/v2\/product\/4330\/revisions"}],"wp:featuredmedia":[{"embeddable":true,"href":"https:\/\/distribucionarc.com\/hr\/wp-json\/wp\/v2\/media\/4331"}],"wp:attachment":[{"href":"https:\/\/distribucionarc.com\/hr\/wp-json\/wp\/v2\/media?parent=4330"}],"wp:term":[{"taxonomy":"product_brand","embeddable":true,"href":"https:\/\/distribucionarc.com\/hr\/wp-json\/wp\/v2\/product_brand?post=4330"},{"taxonomy":"product_cat","embeddable":true,"href":"https:\/\/distribucionarc.com\/hr\/wp-json\/wp\/v2\/product_cat?post=4330"},{"taxonomy":"product_tag","embeddable":true,"href":"https:\/\/distribucionarc.com\/hr\/wp-json\/wp\/v2\/product_tag?post=4330"}],"curies":[{"name":"radni list","href":"https:\/\/api.w.org\/{rel}","templated":true}]}}