{"id":4345,"date":"2021-01-29T10:05:10","date_gmt":"2021-01-29T10:05:10","guid":{"rendered":"https:\/\/distribucionarc.com\/?post_type=product&#038;p=4345"},"modified":"2021-01-29T10:05:10","modified_gmt":"2021-01-29T10:05:10","slug":"inflator-za-kukuruz-zitarice-psenicu-rizu","status":"publish","type":"product","link":"https:\/\/distribucionarc.com\/hr\/producto\/inflador-para-maiz-cereales-trigo-arroz\/","title":{"rendered":"Puhalo za kukuruz, \u017eitarice, p\u0161enicu, ri\u017eu"},"content":{"rendered":"<h3>Puhalo za kukuruz, \u017eitarice, p\u0161enicu, ri\u017eu<\/h3>\n<p>S ovim <strong>pufer za grickalice <span style=\"color: #ff0000;\">DO<\/span><span style=\"color: #0000ff;\">R<\/span>c<\/strong> Mo\u017eete napraviti razli\u010dite \u017eitarice ili grickalice. Zahvaljuju\u0107i va\u0161em <strong>vru\u0107a inflacija<\/strong> Mo\u017ee pobolj\u0161ati okus va\u0161eg tijesta napravljenog od ri\u017ee, p\u0161enice, kukuruza itd. S ovim <strong>ekstruder za \u017eitarice <span style=\"color: #ff0000;\">DO<\/span><span style=\"color: #0000ff;\">R<\/span>CIC35<\/strong> Mo\u017eete kombinirati razli\u010dite okuse kako biste prilagodili svoj proizvod. Zahtijeva dizelski motor od 6 KS ili elektri\u010dni motor od 3,5 kW.<\/p>\n<p>Ovaj <strong>napuhiva\u010d grickalica<\/strong> Sadr\u017ei 7 kalupa za izradu razli\u010ditih \u017eitarica ili grickalica. Zahvaljuju\u0107i sustavu grijanja ovog <strong>ekstruder za grickalice <span style=\"color: #ff0000;\">DO<\/span><span style=\"color: #0000ff;\">R<\/span>c<\/strong> Mo\u017eete pobolj\u0161ati svoj proizvod kako biste stvorili jedinstvene grickalice ili \u017eitarice s vlastitim identitetom.<\/p>\n<h6><\/h6>\n<h6><strong>Jamstvo\u00a0<span style=\"color: #ff0000;\">DO<\/span><span style=\"color: #0000ff;\">R<\/span>C 2 GODINE<\/strong><\/h6>\n<h6><span style=\"color: #008000;\">U\u010dinkovita pumpa za napuhavanje \u017eitarica, niske potro\u0161nje 3,5 kW<\/span><\/h6>\n<h6><strong>uklju\u010dena tehni\u010dka podr\u0161ka<\/strong><\/h6>\n<hr \/>\n<p>Potrebna snaga: 4-5,5 kW motor ili 6 KS dizel<\/p>\n<p>Potrebna brzina motora: 1400r\/m<\/p>\n<p>Brzina stroja: 440-500r\/m<\/p>\n<p>Promjer motocikla: 90-100 mm<\/p>\n<p>Kapacitet: cca 20 kg\/h<\/p>\n<p>Sirovina: p\u0161eni\u010dno bra\u0161no, ri\u017ea i kukuruz.<\/p>\n<p>7 oblika, 1 spremnik, 2 para vijaka, 2 zup\u010danika, 1 kota\u010d, 1 reza\u010d<\/p>\n<p>&nbsp;<\/p>\n<table role=\"presentation\" width=\"100%\" cellspacing=\"0\" cellpadding=\"0\">\n<tbody>\n<tr>\n<td class=\"attrLabels\">Marka:<\/td>\n<td width=\"50.0%\">LUK<\/td>\n<\/tr>\n<tr>\n<td class=\"attrLabels\">Jamstvo:<\/td>\n<td width=\"50.0%\">2 godine<\/td>\n<td class=\"attrLabels\">Visina:<\/td>\n<td width=\"50.0%\">72 cm<\/td>\n<\/tr>\n<tr>\n<td class=\"attrLabels\">Zemlja distribucije:<\/td>\n<td width=\"50.0%\">\u0160panjolska, Njema\u010dka, SAD<\/td>\n<td class=\"attrLabels\">dugo:<\/td>\n<td width=\"50.0%\">85 cm<\/td>\n<\/tr>\n<tr>\n<td class=\"attrLabels\">Boja:<\/td>\n<td width=\"50.0%\">zelena<\/td>\n<td class=\"attrLabels\">\u0160iroko:<\/td>\n<td width=\"50.0%\">45 cm<\/td>\n<\/tr>\n<tr>\n<td class=\"attrLabels\">Vrsta proizvoda:<\/td>\n<td width=\"50.0%\">pufer za grickalice<\/td>\n<td class=\"attrLabels\">Kapacitet spremnika:<\/td>\n<td width=\"50.0%\">20 kg<\/td>\n<\/tr>\n<tr>\n<td class=\"attrLabels\">Proizvo\u0111a\u010dki broj:<\/td>\n<td width=\"50.0%\">ARCIC35<\/td>\n<td class=\"attrLabels\">Elektri\u010dna snaga:<\/td>\n<td width=\"50.0%\">3500 W<\/td>\n<\/tr>\n<tr>\n<td class=\"attrLabels\">Materijal:<\/td>\n<td width=\"50.0%\">304 nehr\u0111aju\u0107i \u010delik za hranu<\/td>\n<td class=\"attrLabels\">Snaga motora:<\/td>\n<td width=\"50.0%\">Dizel 6 KS<\/td>\n<\/tr>\n<tr>\n<td class=\"attrLabels\">Operacija:<\/td>\n<td width=\"50.0%\">Energetski ili Diesel motor<\/td>\n<td class=\"attrLabels\">Vrsta inflacije:<\/td>\n<td width=\"50.0%\">vru\u0107i ekstruder<\/td>\n<\/tr>\n<tr>\n<td class=\"attrLabels\">Te\u017eina:<\/td>\n<td width=\"50.0%\">15 kg<\/td>\n<td class=\"attrLabels\">Promjer zavojnice:<\/td>\n<td width=\"50.0%\">90 \u2013 100 mm<\/td>\n<\/tr>\n<\/tbody>\n<\/table>\n<p>&nbsp;<\/p>\n<p>&nbsp;<\/p>\n<p>&nbsp;<\/p>","protected":false},"excerpt":{"rendered":"<h2>Puhalo za kukuruz, \u017eitarice, p\u0161enicu, ri\u017eu<\/h2>\n<p>Ovaj <strong>napuhiva\u010d \u017eitarica<span style=\"color: #ff0000;\"> DO<\/span><span style=\"color: #0000ff;\">R<\/span>c<\/strong> Ima prednosti zbog male veli\u010dine, male te\u017eine, kvalitetne strukture i jednostavnog rukovanja. S ovim<strong> ekstruder<\/strong> <strong>ri\u017ea<\/strong> Mo\u017eete koristiti razli\u010dite proizvode kao \u0161to su ri\u017ea, kukuruzno tijesto kao sirovine i dodati razli\u010dite okuse za proizvodnju razli\u010ditih \u017eitarica ili grickalica. Ovaj <strong>industrijski inflator <\/strong>Sadr\u017ei grija\u010d za prikupljanje izvornog proizvoda i pove\u0107anje okusa do 90 puta. The <strong>ekstruder za kukuruz <span style=\"color: #ff0000;\">DO<\/span><span style=\"color: #0000ff;\">R<\/span>c<\/strong> Mo\u017eete izraditi razli\u010dite oblike s razli\u010ditim kalupima koje sadr\u017ei, za izradu ljutih, slatkih, slanih predjela.<\/p>\n<h6><strong>Jamstvo\u00a0<span style=\"color: #ff0000;\">DO<\/span><span style=\"color: #0000ff;\">R<\/span>C 2 GODINE<\/strong><\/h6>\n<h6><span style=\"color: #008000;\">U\u010dinkovita pumpa za napuhavanje \u017eitarica, niske potro\u0161nje 3,5 kW<\/span><\/h6>\n<h6><strong>uklju\u010dena tehni\u010dka podr\u0161ka<\/strong><\/h6>","protected":false},"featured_media":4348,"comment_status":"open","ping_status":"closed","template":"","meta":{"wds_primary_product_brand":0,"wds_primary_product_cat":0},"product_brand":[],"product_cat":[266],"product_tag":[],"class_list":{"0":"post-4345","1":"product","2":"type-product","3":"status-publish","4":"has-post-thumbnail","6":"product_cat-accessories","7":"product_shipping_class-express","9":"first","10":"instock","11":"sale","12":"taxable","13":"shipping-taxable","14":"purchasable","15":"product-type-simple"},"yoast_head":"<!-- This site is optimized with the Yoast SEO Premium plugin v24.9 (Yoast SEO v26.1) - https:\/\/yoast.com\/wordpress\/plugins\/seo\/ -->\n<title>Inflador para ma\u00edz, cereales, trigo, arroz - distribuci\u00f3n ARC<\/title>\n<meta name=\"robots\" content=\"index, follow, max-snippet:-1, max-image-preview:large, max-video-preview:-1\" \/>\n<link rel=\"canonical\" href=\"https:\/\/distribucionarc.com\/hr\/proizvod\/inflator-za-kukuruz-zitarice-psenicu-rizu\/\" \/>\n<meta property=\"og:locale\" content=\"hr_HR\" \/>\n<meta property=\"og:type\" content=\"article\" \/>\n<meta property=\"og:title\" content=\"Inflador para ma\u00edz, cereales, trigo, arroz\" \/>\n<meta property=\"og:description\" content=\"Inflador para ma\u00edz, cereales, trigo, arroz Esta infladora de cereales ARC tiene ventajas debido a su reducido tama\u00f1o, peso ligero, estructura de calidad, a su vez que el funcionamiento es sencillo. Con este extrusora de arroz puede utilizar diferentes productos como arroz, masa de ma\u00edz como materia prima y agregar varios sabores para producir diferentes cereales o aperitivos. Este inflador industrial incorpora un calentador para recoger el producto original e incrementar el sabor hasta 90 veces. La extrusora de ma\u00edz ARC puede hacer diferentes formas con la variedad de moldes que incorpora, para elaborar aperitivos picantes, dulces, salados. Garant\u00eda\u00a0ARC 2 A\u00d1OS Infladora para cereales eficiente, bajo consumo\u00a0 3,5 kW soporte t\u00e9cnico incluido\" \/>\n<meta property=\"og:url\" content=\"https:\/\/distribucionarc.com\/hr\/proizvod\/inflator-za-kukuruz-zitarice-psenicu-rizu\/\" \/>\n<meta property=\"og:site_name\" content=\"distribuci\u00f3n ARC\" \/>\n<meta property=\"og:image\" content=\"https:\/\/distribucionarc.com\/wp-content\/uploads\/2021\/01\/Inflador-para-maiz-cereales-trigo-arroz-0.jpg\" \/>\n\t<meta property=\"og:image:width\" content=\"1000\" \/>\n\t<meta property=\"og:image:height\" content=\"1000\" \/>\n\t<meta property=\"og:image:type\" content=\"image\/jpeg\" \/>\n<meta name=\"twitter:card\" content=\"summary_large_image\" \/>\n<meta name=\"twitter:label1\" content=\"Procijenjeno vrijeme \u010ditanja\" \/>\n\t<meta name=\"twitter:data1\" content=\"1 minuta\" \/>\n<script type=\"application\/ld+json\" class=\"yoast-schema-graph\">{\"@context\":\"https:\/\/schema.org\",\"@graph\":[{\"@type\":\"WebPage\",\"@id\":\"https:\/\/distribucionarc.com\/en\/producto\/inflador-para-maiz-cereales-trigo-arroz\/\",\"url\":\"https:\/\/distribucionarc.com\/en\/producto\/inflador-para-maiz-cereales-trigo-arroz\/\",\"name\":\"Inflador para ma\u00edz, cereales, trigo, arroz - distribuci\u00f3n ARC\",\"isPartOf\":{\"@id\":\"https:\/\/distribucionarc.com\/pl\/#website\"},\"primaryImageOfPage\":{\"@id\":\"https:\/\/distribucionarc.com\/en\/producto\/inflador-para-maiz-cereales-trigo-arroz\/#primaryimage\"},\"image\":{\"@id\":\"https:\/\/distribucionarc.com\/en\/producto\/inflador-para-maiz-cereales-trigo-arroz\/#primaryimage\"},\"thumbnailUrl\":\"https:\/\/distribucionarc.com\/wp-content\/uploads\/2021\/01\/Inflador-para-maiz-cereales-trigo-arroz-0.jpg\",\"datePublished\":\"2021-01-29T10:05:10+00:00\",\"breadcrumb\":{\"@id\":\"https:\/\/distribucionarc.com\/en\/producto\/inflador-para-maiz-cereales-trigo-arroz\/#breadcrumb\"},\"inLanguage\":\"hr\",\"potentialAction\":[{\"@type\":\"ReadAction\",\"target\":[\"https:\/\/distribucionarc.com\/en\/producto\/inflador-para-maiz-cereales-trigo-arroz\/\"]}]},{\"@type\":\"ImageObject\",\"inLanguage\":\"hr\",\"@id\":\"https:\/\/distribucionarc.com\/en\/producto\/inflador-para-maiz-cereales-trigo-arroz\/#primaryimage\",\"url\":\"https:\/\/distribucionarc.com\/wp-content\/uploads\/2021\/01\/Inflador-para-maiz-cereales-trigo-arroz-0.jpg\",\"contentUrl\":\"https:\/\/distribucionarc.com\/wp-content\/uploads\/2021\/01\/Inflador-para-maiz-cereales-trigo-arroz-0.jpg\",\"width\":1000,\"height\":1000,\"caption\":\"Inflador para ma\u00edz, cereales, trigo, arroz\"},{\"@type\":\"BreadcrumbList\",\"@id\":\"https:\/\/distribucionarc.com\/en\/producto\/inflador-para-maiz-cereales-trigo-arroz\/#breadcrumb\",\"itemListElement\":[{\"@type\":\"ListItem\",\"position\":1,\"name\":\"Portada\",\"item\":\"https:\/\/www.distribucionarc.com\/tr\/\"},{\"@type\":\"ListItem\",\"position\":2,\"name\":\"Izdelki\",\"item\":\"https:\/\/www.distribucionarc.com\/sl\/trgovina\/\"},{\"@type\":\"ListItem\",\"position\":3,\"name\":\"Inflador para ma\u00edz, cereales, trigo, arroz\"}]},{\"@type\":\"WebSite\",\"@id\":\"https:\/\/distribucionarc.com\/pl\/#website\",\"url\":\"https:\/\/distribucionarc.com\/pl\/\",\"name\":\"distribuci\u00f3n ARC\",\"description\":\"Empresa especializada en la fabricaci\u00f3n y distribuci\u00f3n de maquinaria industrial, selladoras de latas, Maquinas de hacer pastillas, Maquinas de cortar carne...\",\"publisher\":{\"@id\":\"https:\/\/distribucionarc.com\/pl\/#organization\"},\"potentialAction\":[{\"@type\":\"SearchAction\",\"target\":{\"@type\":\"EntryPoint\",\"urlTemplate\":\"https:\/\/distribucionarc.com\/pl\/?s={search_term_string}\"},\"query-input\":{\"@type\":\"PropertyValueSpecification\",\"valueRequired\":true,\"valueName\":\"search_term_string\"}}],\"inLanguage\":\"hr\"},{\"@type\":\"Organization\",\"@id\":\"https:\/\/distribucionarc.com\/pl\/#organization\",\"name\":\"Distribuci\u00f3n ARC\",\"url\":\"https:\/\/distribucionarc.com\/pl\/\",\"logo\":{\"@type\":\"ImageObject\",\"inLanguage\":\"hr\",\"@id\":\"https:\/\/distribucionarc.com\/pl\/#\/schema\/logo\/image\/\",\"url\":\"https:\/\/distribucionarc.com\/wp-content\/uploads\/2024\/10\/distribucion-ARC-COLOR-SIN-FONDO-e1732295305345.png\",\"contentUrl\":\"https:\/\/distribucionarc.com\/wp-content\/uploads\/2024\/10\/distribucion-ARC-COLOR-SIN-FONDO-e1732295305345.png\",\"width\":1164,\"height\":558,\"caption\":\"Distribuci\u00f3n ARC\"},\"image\":{\"@id\":\"https:\/\/distribucionarc.com\/pl\/#\/schema\/logo\/image\/\"},\"description\":\"Empresa especializada en la fabricaci\u00f3n y distribuci\u00f3n de maquinaria industrial para los sectores alimentario y farmac\u00e9utico. Nos especializamos en: M\u00e1quinas de cortar carne Fabricaci\u00f3n de comprimidos Sistemas de transporte industrial L\u00edneas de embotellado Dosificadores Y mucho m\u00e1s... Ofrecemos soluciones innovadoras y personalizadas para optimizar los procesos productivos de tu empresa.\",\"email\":\"Admistracion@distribucionarc.com\",\"telephone\":\"+34 643496664\",\"legalName\":\"ARC TECH SOLUTIONS\",\"foundingDate\":\"2024-04-09\",\"vatID\":\"B55480172\",\"numberOfEmployees\":{\"@type\":\"QuantitativeValue\",\"minValue\":\"1\",\"maxValue\":\"10\"}}]}<\/script>\n<!-- \/ Yoast SEO Premium plugin. -->","yoast_head_json":{"title":"Inflator za kukuruz, \u017eitarice, p\u0161enicu, ri\u017eu - ARC distribucija","robots":{"index":"index","follow":"follow","max-snippet":"max-snippet:-1","max-image-preview":"max-image-preview:large","max-video-preview":"max-video-preview:-1"},"canonical":"https:\/\/distribucionarc.com\/hr\/proizvod\/inflator-za-kukuruz-zitarice-psenicu-rizu\/","og_locale":"hr_HR","og_type":"article","og_title":"Inflador para ma\u00edz, cereales, trigo, arroz","og_description":"Inflador para ma\u00edz, cereales, trigo, arroz Esta infladora de cereales ARC tiene ventajas debido a su reducido tama\u00f1o, peso ligero, estructura de calidad, a su vez que el funcionamiento es sencillo. Con este extrusora de arroz puede utilizar diferentes productos como arroz, masa de ma\u00edz como materia prima y agregar varios sabores para producir diferentes cereales o aperitivos. Este inflador industrial incorpora un calentador para recoger el producto original e incrementar el sabor hasta 90 veces. La extrusora de ma\u00edz ARC puede hacer diferentes formas con la variedad de moldes que incorpora, para elaborar aperitivos picantes, dulces, salados. Garant\u00eda\u00a0ARC 2 A\u00d1OS Infladora para cereales eficiente, bajo consumo\u00a0 3,5 kW soporte t\u00e9cnico incluido","og_url":"https:\/\/distribucionarc.com\/hr\/proizvod\/inflator-za-kukuruz-zitarice-psenicu-rizu\/","og_site_name":"distribuci\u00f3n ARC","og_image":[{"width":1000,"height":1000,"url":"https:\/\/distribucionarc.com\/wp-content\/uploads\/2021\/01\/Inflador-para-maiz-cereales-trigo-arroz-0.jpg","type":"image\/jpeg"}],"twitter_card":"summary_large_image","twitter_misc":{"Procijenjeno vrijeme \u010ditanja":"1 minuta"},"schema":{"@context":"https:\/\/schema.org","@graph":[{"@type":"WebPage","@id":"https:\/\/distribucionarc.com\/en\/producto\/inflador-para-maiz-cereales-trigo-arroz\/","url":"https:\/\/distribucionarc.com\/en\/producto\/inflador-para-maiz-cereales-trigo-arroz\/","name":"Inflator za kukuruz, \u017eitarice, p\u0161enicu, ri\u017eu - ARC distribucija","isPartOf":{"@id":"https:\/\/distribucionarc.com\/pl\/#website"},"primaryImageOfPage":{"@id":"https:\/\/distribucionarc.com\/en\/producto\/inflador-para-maiz-cereales-trigo-arroz\/#primaryimage"},"image":{"@id":"https:\/\/distribucionarc.com\/en\/producto\/inflador-para-maiz-cereales-trigo-arroz\/#primaryimage"},"thumbnailUrl":"https:\/\/distribucionarc.com\/wp-content\/uploads\/2021\/01\/Inflador-para-maiz-cereales-trigo-arroz-0.jpg","datePublished":"2021-01-29T10:05:10+00:00","breadcrumb":{"@id":"https:\/\/distribucionarc.com\/en\/producto\/inflador-para-maiz-cereales-trigo-arroz\/#breadcrumb"},"inLanguage":"hr","potentialAction":[{"@type":"ReadAction","target":["https:\/\/distribucionarc.com\/en\/producto\/inflador-para-maiz-cereales-trigo-arroz\/"]}]},{"@type":"ImageObject","inLanguage":"hr","@id":"https:\/\/distribucionarc.com\/en\/producto\/inflador-para-maiz-cereales-trigo-arroz\/#primaryimage","url":"https:\/\/distribucionarc.com\/wp-content\/uploads\/2021\/01\/Inflador-para-maiz-cereales-trigo-arroz-0.jpg","contentUrl":"https:\/\/distribucionarc.com\/wp-content\/uploads\/2021\/01\/Inflador-para-maiz-cereales-trigo-arroz-0.jpg","width":1000,"height":1000,"caption":"Inflador para ma\u00edz, cereales, trigo, arroz"},{"@type":"BreadcrumbList","@id":"https:\/\/distribucionarc.com\/en\/producto\/inflador-para-maiz-cereales-trigo-arroz\/#breadcrumb","itemListElement":[{"@type":"ListItem","position":1,"name":"Portada","item":"https:\/\/www.distribucionarc.com\/tr\/"},{"@type":"ListItem","position":2,"name":"Izdelki","item":"https:\/\/www.distribucionarc.com\/sl\/trgovina\/"},{"@type":"ListItem","position":3,"name":"Inflador para ma\u00edz, cereales, trigo, arroz"}]},{"@type":"WebSite","@id":"https:\/\/distribucionarc.com\/pl\/#website","url":"https:\/\/distribucionarc.com\/pl\/","name":"ARC distribucija","description":"Tvrtka specijalizirana za proizvodnju i distribuciju industrijskih strojeva, strojeva za zatvaranje limenki, strojeva za izradu pilula, strojeva za rezanje mesa itd.","publisher":{"@id":"https:\/\/distribucionarc.com\/pl\/#organization"},"potentialAction":[{"@type":"SearchAction","target":{"@type":"EntryPoint","urlTemplate":"https:\/\/distribucionarc.com\/pl\/?s={search_term_string}"},"query-input":{"@type":"PropertyValueSpecification","valueRequired":true,"valueName":"search_term_string"}}],"inLanguage":"hr"},{"@type":"Organization","@id":"https:\/\/distribucionarc.com\/pl\/#organization","name":"ARC distribucija","url":"https:\/\/distribucionarc.com\/pl\/","logo":{"@type":"ImageObject","inLanguage":"hr","@id":"https:\/\/distribucionarc.com\/pl\/#\/schema\/logo\/image\/","url":"https:\/\/distribucionarc.com\/wp-content\/uploads\/2024\/10\/distribucion-ARC-COLOR-SIN-FONDO-e1732295305345.png","contentUrl":"https:\/\/distribucionarc.com\/wp-content\/uploads\/2024\/10\/distribucion-ARC-COLOR-SIN-FONDO-e1732295305345.png","width":1164,"height":558,"caption":"Distribuci\u00f3n ARC"},"image":{"@id":"https:\/\/distribucionarc.com\/pl\/#\/schema\/logo\/image\/"},"description":"Tvrtka specijalizirana za proizvodnju i distribuciju industrijskih strojeva za prehrambeni i farmaceutski sektor. Specijalizirani smo za: Strojeve za rezanje mesa Proizvodnja tableta Industrijske transportne sustave Linije za punjenje Strojevi za doziranje I jo\u0161 mnogo toga... Nudimo inovativna i prilago\u0111ena rje\u0161enja za optimizaciju proizvodnih procesa Va\u0161e tvrtke.","email":"Admistracion@distribucionarc.com","telephone":"+34 643496664","legalName":"ARC TECH SOLUTIONS","foundingDate":"2024-04-09","vatID":"B55480172","numberOfEmployees":{"@type":"QuantitativeValue","minValue":"1","maxValue":"10"}}]}},"_links":{"self":[{"href":"https:\/\/distribucionarc.com\/hr\/wp-json\/wp\/v2\/product\/4345","targetHints":{"allow":["GET"]}}],"collection":[{"href":"https:\/\/distribucionarc.com\/hr\/wp-json\/wp\/v2\/product"}],"about":[{"href":"https:\/\/distribucionarc.com\/hr\/wp-json\/wp\/v2\/types\/product"}],"replies":[{"embeddable":true,"href":"https:\/\/distribucionarc.com\/hr\/wp-json\/wp\/v2\/comments?post=4345"}],"version-history":[{"count":0,"href":"https:\/\/distribucionarc.com\/hr\/wp-json\/wp\/v2\/product\/4345\/revisions"}],"wp:featuredmedia":[{"embeddable":true,"href":"https:\/\/distribucionarc.com\/hr\/wp-json\/wp\/v2\/media\/4348"}],"wp:attachment":[{"href":"https:\/\/distribucionarc.com\/hr\/wp-json\/wp\/v2\/media?parent=4345"}],"wp:term":[{"taxonomy":"product_brand","embeddable":true,"href":"https:\/\/distribucionarc.com\/hr\/wp-json\/wp\/v2\/product_brand?post=4345"},{"taxonomy":"product_cat","embeddable":true,"href":"https:\/\/distribucionarc.com\/hr\/wp-json\/wp\/v2\/product_cat?post=4345"},{"taxonomy":"product_tag","embeddable":true,"href":"https:\/\/distribucionarc.com\/hr\/wp-json\/wp\/v2\/product_tag?post=4345"}],"curies":[{"name":"radni list","href":"https:\/\/api.w.org\/{rel}","templated":true}]}}