{"id":4586,"date":"2021-05-04T09:34:24","date_gmt":"2021-05-04T09:34:24","guid":{"rendered":"https:\/\/distribucionarc.com\/?post_type=product&#038;p=4586"},"modified":"2023-06-05T11:10:16","modified_gmt":"2023-06-05T11:10:16","slug":"industrijski-stroj-za-sladoled","status":"publish","type":"product","link":"https:\/\/distribucionarc.com\/hr\/producto\/maquina-de-helados-industrial\/","title":{"rendered":"industrijski stroj za sladoled"},"content":{"rendered":"<h3>industrijski stroj za sladoled<\/h3>\n<p><strong>stroj za sladoled<\/strong>\u00a0od\u00a0<strong><span style=\"color: #ff0000;\">DO<\/span><span style=\"color: #0000ff;\">R<\/span>c<\/strong>\u00a0\u0160iroko se primjenjuje u restoranima, kafi\u0107ima, slasti\u010darnicama, odmori\u0161tu. brza hrana. Bez kompliciranih koraka, mo\u017eete\u00a0<strong>brzo pripremiti sladoled<\/strong>,\u00a0<strong>jogurt<\/strong>\u00a0ili\u00a0<strong>\u0161erbet. <\/strong>The\u00a0<strong><span style=\"color: #ff0000;\">DO<\/span><span style=\"color: #0000ff;\">R<\/span>CMH400<\/strong> Opremljen je visokou\u010dinkovitim kompresorom koji osigurava trenuta\u010dno hla\u0111enje, a istovremeno smanjuje potro\u0161nju energije i buku. Uklju\u010duje dva spremnika od nehr\u0111aju\u0107eg \u010delika, visokoenergetski radijator i rashladno sredstvo R410a, s funkcijom prethodnog hla\u0111enja proizvodnja i proizvodnja u rasponu od 25 L\/H do 35 L\/H.<\/p>\n<p>The\u00a0<strong>aparat za sladoled<\/strong>\u00a0Ima dvije ugra\u0111ene posude od nehr\u0111aju\u0107eg \u010delika, ovu\u00a0<strong>aparat za sladoled<\/strong>\u00a0od\u00a0<strong><span style=\"color: #ff0000;\">DO<\/span><span style=\"color: #0000ff;\">R<\/span>c<\/strong> Mo\u017ee se koristiti za stvaranje triju okusa sladoleda, uklju\u010duju\u0107i dva obi\u010dna okusa i jednu mje\u0161avinu okusa, za razli\u010dite okuse. Vrijeme, temperatura, tvrdo\u0107a i koli\u010dina sladoleda mogu se prikazati na LCD zaslonu osjetljivom na dodir za stalno promatranje. Mo\u017eete slobodno modulirati prema ukusu. Dodatno, \u010di\u0161\u0107enje jednim gumbom omogu\u0107uje brzo i automatsko \u010di\u0161\u0107enje aparata za sladoled.<\/p>\n<p>Sastojci od\u00a0<strong>aparat za sladoled<\/strong>\u00a0Mogu se prethodno ohladiti kako bi sladoled mogao biti\u00a0<strong>brzo pripremiti<\/strong> nakon pokretanja stroja, pridonose\u0107i u\u0161tedi materijala. Zna\u010dajka skladi\u0161tenja preko no\u0107i smanjuje u\u010destalost \u010di\u0161\u0107enja i \u0161tedi sastojke. Pobolj\u0161ani dr\u017ea\u010d sto\u0161ca nalazi se s vanjske strane<strong>\u00a0aparat za sladoled<\/strong>, kako se korneti sladoleda ne bi lako smo\u010dili i kako bi se okus korneta zadr\u017eao.<\/p>\n<h6><\/h6>\n<h6><strong>Jamstvo\u00a0<span style=\"color: #ff0000;\">DO<\/span><span style=\"color: #0000ff;\">R<\/span>C 2 GODINE<\/strong><\/h6>\n<h6><span style=\"color: #008000;\">U\u010dinkovit stroj za izradu sladoleda, niske potro\u0161nje 2150w<\/span><\/h6>\n<h6><strong>uklju\u010dena tehni\u010dka podr\u0161ka<\/strong><\/h6>\n<p>&nbsp;<\/p>\n<table role=\"presentation\" width=\"100%\" cellspacing=\"0\" cellpadding=\"0\">\n<tbody>\n<tr>\n<td class=\"attrLabels\">Rashladno sredstvo:<\/td>\n<td width=\"50.0%\">R410a<\/td>\n<\/tr>\n<tr>\n<td class=\"attrLabels\">Zemlja distribucije:<\/td>\n<td width=\"50.0%\">\u0160panjolska, Njema\u010dka, SAD<\/td>\n<td class=\"attrLabels\">Te\u017eina:<\/td>\n<td width=\"50.0%\">133 kg<\/td>\n<\/tr>\n<tr>\n<td class=\"attrLabels\">Marka:<\/td>\n<td width=\"50.0%\">LUK<\/td>\n<td class=\"attrLabels\">Visina:<\/td>\n<td width=\"50.0%\">136 cm<\/td>\n<\/tr>\n<tr>\n<td class=\"attrLabels\">Boja:<\/td>\n<td width=\"50.0%\">Srebro<\/td>\n<td class=\"attrLabels\">dugo:<\/td>\n<td width=\"50.0%\">54 cm<\/td>\n<\/tr>\n<tr>\n<td class=\"attrLabels\">Vrsta proizvoda:<\/td>\n<td width=\"50.0%\">stroj za pravljenje sladoleda<\/td>\n<td class=\"attrLabels\">\u0160iroko:<\/td>\n<td width=\"50.0%\">\u00a067,6 cm<\/td>\n<\/tr>\n<tr>\n<td class=\"attrLabels\">Proizvo\u0111a\u010dki broj:<\/td>\n<td width=\"50.0%\">ARCMH400<\/td>\n<td class=\"attrLabels\">Vlast:<\/td>\n<td width=\"50.0%\">2150 W<\/td>\n<\/tr>\n<tr>\n<td class=\"attrLabels\">Materijal:<\/td>\n<td width=\"50.0%\">nehr\u0111aju\u0107i \u010delik, inteligentna kontrola, LCD zaslon osjetljiv na dodir, industrijski kompresor visokih performansi<\/td>\n<td class=\"attrLabels\">ulazni napon<\/td>\n<td width=\"50.0%\">220V \u2013 60Hz<\/td>\n<\/tr>\n<tr>\n<td class=\"attrLabels\">Sposobnost:<\/td>\n<td width=\"50.0%\">\u00a025 \u2013 35 L\/sat<\/td>\n<td class=\"attrLabels\">Veli\u010dina:<\/td>\n<td width=\"50.0%\">6L x 1<\/td>\n<\/tr>\n<tr>\n<td class=\"attrLabels\">Alati za instalaciju:<\/td>\n<td width=\"50.0%\">Da<\/td>\n<td class=\"attrLabels\">Jamstvo:<\/td>\n<td width=\"50.0%\">2 GODINE<\/td>\n<\/tr>\n<\/tbody>\n<\/table>","protected":false},"excerpt":{"rendered":"<h2>industrijski stroj za sladoled<\/h2>\n<p>U\u00a0<strong><span style=\"color: #ff0000;\">DO<\/span><span style=\"color: #0000ff;\">R<\/span>c<\/strong>\u00a0uvijek \u0107e\u0161 prona\u0107i\u00a0<strong>strojevi za sladoled<\/strong>\u00a0za kori\u0161tenje\u00a0<strong>profesionalna reklama<\/strong>\u00a0najinovativniji na tr\u017ei\u0161tu zbog svojih elegantnih detalja, brige za proizvodnju i zauzvrat kvalitete proizvoda, uz pomo\u0107 u potro\u0161nji energije s<strong>\u00a0<span style=\"color: #008000;\">strojevi za sladoled niske potro\u0161nje energije<\/span><\/strong>.<\/p>\n<p>Ovaj\u00a0<strong>aparat za sladoled od jogurta<\/strong> s vertikalnom strukturom sposoban je proizvesti<span style=\"color: #ff6600;\"> <strong>3 okusa<\/strong><\/span> sladoleda koriste\u0107i svoju tre\u0107u mlaznicu za izradu mije\u0161anog sladoleda na najjednostavniji na\u010din, s funkcijom prethodnog hla\u0111enja i \u010di\u0161\u0107enja. Stroj za sladoled <strong><span style=\"color: #ff0000;\">DO<\/span><span style=\"color: #0000ff;\">R<\/span>CMH400<\/strong>\u00a0Dolazi s dvostrukim kompresorima, dva spremnika od nehr\u0111aju\u0107eg \u010delika od 6L, vanjskim dr\u017ea\u010dem konusa za vla\u017enost i<strong>\u00a0LCD zaslon osjetljiv na dodir<\/strong>\u00a0izravno promatrati rad<strong>\u00a0aparat za sladoled<\/strong>, \u0161to \u010dini\u00a0<strong>aparat za sladoled<\/strong>\u00a0od\u00a0<strong><span style=\"color: #ff0000;\">DO<\/span><span style=\"color: #0000ff;\">R<\/span>c<\/strong> u idealnom alatu za lokacije s velikom potra\u017enjom zahvaljuju\u0107i mogu\u0107oj proizvodnji <span style=\"color: #ff0000;\"><strong>400 \u010dunjeva u minuti.<\/strong><\/span> Ima kota\u010de s ko\u010dnicama \u0161to \u010dini stroj lakim za ponijeti gdje god \u017eelite.<\/p>\n<h6><strong>Jamstvo<span style=\"color: #ff0000;\">\u00a0DO<\/span><span style=\"color: #0000ff;\">R<\/span>C 2 GODINE<\/strong><\/h6>\n<h6><span style=\"color: #008000;\">U\u010dinkovit stroj za izradu sladoleda, niske potro\u0161nje 2150w<\/span><\/h6>\n<h6><strong>uklju\u010dena tehni\u010dka podr\u0161ka<\/strong><\/h6>","protected":false},"featured_media":6059,"comment_status":"open","ping_status":"closed","template":"","meta":{"wds_primary_product_brand":0,"wds_primary_product_cat":0},"product_brand":[],"product_cat":[58],"product_tag":[],"class_list":{"0":"post-4586","1":"product","2":"type-product","3":"status-publish","4":"has-post-thumbnail","6":"product_cat-maquinaria-para-heladerias-profesionales","7":"product_shipping_class-express","9":"first","10":"instock","11":"sale","12":"taxable","13":"shipping-taxable","14":"purchasable","15":"product-type-simple"},"yoast_head":"<!-- This site is optimized with the Yoast SEO Premium plugin v24.9 (Yoast SEO v26.1) - https:\/\/yoast.com\/wordpress\/plugins\/seo\/ -->\n<title>M\u00e1quina de helados industrial - distribuci\u00f3n ARC<\/title>\n<meta name=\"robots\" content=\"index, follow, max-snippet:-1, max-image-preview:large, max-video-preview:-1\" \/>\n<link rel=\"canonical\" href=\"https:\/\/www.distribucionarc.com\/pt\/producto\/maquina-de-helados-industrial\/\" \/>\n<meta property=\"og:locale\" content=\"hr_HR\" \/>\n<meta property=\"og:type\" content=\"article\" \/>\n<meta property=\"og:title\" content=\"M\u00e1quina de helados industrial\" \/>\n<meta property=\"og:description\" content=\"M\u00e1quina de helados industrial En\u00a0ARC\u00a0siempre encontrar\u00e1s la\u00a0maquinaria para helados\u00a0para uso\u00a0comercial profesional\u00a0m\u00e1s innovadora del mercado por sus detalles elegantes, su cuidado en favorecer la producci\u00f3n y a su vez la calidad del producto, adem\u00e1s de ayudar en el consumo energ\u00e9tico con\u00a0m\u00e1quinas de helado de\u00a0bajo consumo energ\u00e9tico.  Esta\u00a0m\u00e1quina para helado yogurt con estructura vertical es capaz de producir 3 sabores de helado aprovechando su tercera boquilla para elaborar uno mixto de la formas mas sencilla, con una funci\u00f3n de pre enfriamiento y limpieza. La m\u00e1quina de helados ARCMH400\u00a0Viene con compresores duales, dos dep\u00f3sitos de acero inoxidable de 6L, un soporte de cono de humedad externo y una\u00a0pantalla LCD t\u00e1ctil\u00a0para observar directamente el funcionamiento de la\u00a0m\u00e1quina heladera, lo que convierte a\u00a0la m\u00e1quina de helados\u00a0de\u00a0ARC en una herramienta ideal para ubicaciones de alta demanda gracias a su posible producci\u00f3n de 400 conos por minuto. Dispone de ruedas con frenos lo que hace que la m\u00e1quina sea f\u00e1cil de llevar a donde quiera. Garant\u00eda\u00a0ARC 2 A\u00d1OS Maquina para hacer helados eficiente, bajo consumo 2150w soporte t\u00e9cnico incluido\" \/>\n<meta property=\"og:url\" content=\"https:\/\/www.distribucionarc.com\/pt\/producto\/maquina-de-helados-industrial\/\" \/>\n<meta property=\"og:site_name\" content=\"distribuci\u00f3n ARC\" \/>\n<meta property=\"article:modified_time\" content=\"2023-06-05T11:10:16+00:00\" \/>\n<meta property=\"og:image\" content=\"https:\/\/www.distribucionarc.com\/wp-content\/uploads\/2021\/05\/Maquina-helados-cremosos-400xmin-.jpg\" \/>\n\t<meta property=\"og:image:width\" content=\"1600\" \/>\n\t<meta property=\"og:image:height\" content=\"1600\" \/>\n\t<meta property=\"og:image:type\" content=\"image\/jpeg\" \/>\n<meta name=\"twitter:card\" content=\"summary_large_image\" \/>\n<meta name=\"twitter:label1\" content=\"Procijenjeno vrijeme \u010ditanja\" \/>\n\t<meta name=\"twitter:data1\" content=\"2 minute\" \/>\n<script type=\"application\/ld+json\" class=\"yoast-schema-graph\">{\"@context\":\"https:\/\/schema.org\",\"@graph\":[{\"@type\":\"WebPage\",\"@id\":\"https:\/\/www.distribucionarc.com\/pt\/producto\/maquina-de-helados-industrial\/\",\"url\":\"https:\/\/www.distribucionarc.com\/pt\/producto\/maquina-de-helados-industrial\/\",\"name\":\"M\u00e1quina de helados industrial - distribuci\u00f3n ARC\",\"isPartOf\":{\"@id\":\"https:\/\/distribucionarc.com\/bg\/#website\"},\"primaryImageOfPage\":{\"@id\":\"https:\/\/www.distribucionarc.com\/pt\/producto\/maquina-de-helados-industrial\/#primaryimage\"},\"image\":{\"@id\":\"https:\/\/www.distribucionarc.com\/pt\/producto\/maquina-de-helados-industrial\/#primaryimage\"},\"thumbnailUrl\":\"https:\/\/distribucionarc.com\/wp-content\/uploads\/2021\/05\/Maquina-helados-cremosos-400xmin-.jpg\",\"datePublished\":\"2021-05-04T09:34:24+00:00\",\"dateModified\":\"2023-06-05T11:10:16+00:00\",\"breadcrumb\":{\"@id\":\"https:\/\/www.distribucionarc.com\/pt\/producto\/maquina-de-helados-industrial\/#breadcrumb\"},\"inLanguage\":\"hr\",\"potentialAction\":[{\"@type\":\"ReadAction\",\"target\":[\"https:\/\/www.distribucionarc.com\/pt\/producto\/maquina-de-helados-industrial\/\"]}]},{\"@type\":\"ImageObject\",\"inLanguage\":\"hr\",\"@id\":\"https:\/\/www.distribucionarc.com\/pt\/producto\/maquina-de-helados-industrial\/#primaryimage\",\"url\":\"https:\/\/distribucionarc.com\/wp-content\/uploads\/2021\/05\/Maquina-helados-cremosos-400xmin-.jpg\",\"contentUrl\":\"https:\/\/distribucionarc.com\/wp-content\/uploads\/2021\/05\/Maquina-helados-cremosos-400xmin-.jpg\",\"width\":1600,\"height\":1600},{\"@type\":\"BreadcrumbList\",\"@id\":\"https:\/\/www.distribucionarc.com\/pt\/producto\/maquina-de-helados-industrial\/#breadcrumb\",\"itemListElement\":[{\"@type\":\"ListItem\",\"position\":1,\"name\":\"Portada\",\"item\":\"https:\/\/distribucionarc.com\/nb\/\"},{\"@type\":\"ListItem\",\"position\":2,\"name\":\"Products\",\"item\":\"https:\/\/www.distribucionarc.com\/en\/shop\/\"},{\"@type\":\"ListItem\",\"position\":3,\"name\":\"M\u00e1quina de helados industrial\"}]},{\"@type\":\"WebSite\",\"@id\":\"https:\/\/distribucionarc.com\/bg\/#website\",\"url\":\"https:\/\/distribucionarc.com\/bg\/\",\"name\":\"distribuci\u00f3n ARC\",\"description\":\"Empresa especializada en la fabricaci\u00f3n y distribuci\u00f3n de maquinaria industrial, selladoras de latas, Maquinas de hacer pastillas, Maquinas de cortar carne...\",\"publisher\":{\"@id\":\"https:\/\/distribucionarc.com\/bg\/#organization\"},\"potentialAction\":[{\"@type\":\"SearchAction\",\"target\":{\"@type\":\"EntryPoint\",\"urlTemplate\":\"https:\/\/distribucionarc.com\/bg\/?s={search_term_string}\"},\"query-input\":{\"@type\":\"PropertyValueSpecification\",\"valueRequired\":true,\"valueName\":\"search_term_string\"}}],\"inLanguage\":\"hr\"},{\"@type\":\"Organization\",\"@id\":\"https:\/\/distribucionarc.com\/bg\/#organization\",\"name\":\"Distribuci\u00f3n ARC\",\"url\":\"https:\/\/distribucionarc.com\/bg\/\",\"logo\":{\"@type\":\"ImageObject\",\"inLanguage\":\"hr\",\"@id\":\"https:\/\/distribucionarc.com\/bg\/#\/schema\/logo\/image\/\",\"url\":\"https:\/\/distribucionarc.com\/wp-content\/uploads\/2024\/10\/distribucion-ARC-COLOR-SIN-FONDO-e1732295305345.png\",\"contentUrl\":\"https:\/\/distribucionarc.com\/wp-content\/uploads\/2024\/10\/distribucion-ARC-COLOR-SIN-FONDO-e1732295305345.png\",\"width\":1164,\"height\":558,\"caption\":\"Distribuci\u00f3n ARC\"},\"image\":{\"@id\":\"https:\/\/distribucionarc.com\/bg\/#\/schema\/logo\/image\/\"},\"description\":\"Empresa especializada en la fabricaci\u00f3n y distribuci\u00f3n de maquinaria industrial para los sectores alimentario y farmac\u00e9utico. Nos especializamos en: M\u00e1quinas de cortar carne Fabricaci\u00f3n de comprimidos Sistemas de transporte industrial L\u00edneas de embotellado Dosificadores Y mucho m\u00e1s... Ofrecemos soluciones innovadoras y personalizadas para optimizar los procesos productivos de tu empresa.\",\"email\":\"Admistracion@distribucionarc.com\",\"telephone\":\"+34 643496664\",\"legalName\":\"ARC TECH SOLUTIONS\",\"foundingDate\":\"2024-04-09\",\"vatID\":\"B55480172\",\"numberOfEmployees\":{\"@type\":\"QuantitativeValue\",\"minValue\":\"1\",\"maxValue\":\"10\"}}]}<\/script>\n<!-- \/ Yoast SEO Premium plugin. -->","yoast_head_json":{"title":"Industrijski aparat za sladoled - ARC distribucija","robots":{"index":"index","follow":"follow","max-snippet":"max-snippet:-1","max-image-preview":"max-image-preview:large","max-video-preview":"max-video-preview:-1"},"canonical":"https:\/\/www.distribucionarc.com\/pt\/producto\/maquina-de-helados-industrial\/","og_locale":"hr_HR","og_type":"article","og_title":"M\u00e1quina de helados industrial","og_description":"M\u00e1quina de helados industrial En\u00a0ARC\u00a0siempre encontrar\u00e1s la\u00a0maquinaria para helados\u00a0para uso\u00a0comercial profesional\u00a0m\u00e1s innovadora del mercado por sus detalles elegantes, su cuidado en favorecer la producci\u00f3n y a su vez la calidad del producto, adem\u00e1s de ayudar en el consumo energ\u00e9tico con\u00a0m\u00e1quinas de helado de\u00a0bajo consumo energ\u00e9tico.  Esta\u00a0m\u00e1quina para helado yogurt con estructura vertical es capaz de producir 3 sabores de helado aprovechando su tercera boquilla para elaborar uno mixto de la formas mas sencilla, con una funci\u00f3n de pre enfriamiento y limpieza. La m\u00e1quina de helados ARCMH400\u00a0Viene con compresores duales, dos dep\u00f3sitos de acero inoxidable de 6L, un soporte de cono de humedad externo y una\u00a0pantalla LCD t\u00e1ctil\u00a0para observar directamente el funcionamiento de la\u00a0m\u00e1quina heladera, lo que convierte a\u00a0la m\u00e1quina de helados\u00a0de\u00a0ARC en una herramienta ideal para ubicaciones de alta demanda gracias a su posible producci\u00f3n de 400 conos por minuto. Dispone de ruedas con frenos lo que hace que la m\u00e1quina sea f\u00e1cil de llevar a donde quiera. Garant\u00eda\u00a0ARC 2 A\u00d1OS Maquina para hacer helados eficiente, bajo consumo 2150w soporte t\u00e9cnico incluido","og_url":"https:\/\/www.distribucionarc.com\/pt\/producto\/maquina-de-helados-industrial\/","og_site_name":"distribuci\u00f3n ARC","article_modified_time":"2023-06-05T11:10:16+00:00","og_image":[{"width":1600,"height":1600,"url":"https:\/\/www.distribucionarc.com\/wp-content\/uploads\/2021\/05\/Maquina-helados-cremosos-400xmin-.jpg","type":"image\/jpeg"}],"twitter_card":"summary_large_image","twitter_misc":{"Procijenjeno vrijeme \u010ditanja":"2 minute"},"schema":{"@context":"https:\/\/schema.org","@graph":[{"@type":"WebPage","@id":"https:\/\/www.distribucionarc.com\/pt\/producto\/maquina-de-helados-industrial\/","url":"https:\/\/www.distribucionarc.com\/pt\/producto\/maquina-de-helados-industrial\/","name":"Industrijski aparat za sladoled - ARC distribucija","isPartOf":{"@id":"https:\/\/distribucionarc.com\/bg\/#website"},"primaryImageOfPage":{"@id":"https:\/\/www.distribucionarc.com\/pt\/producto\/maquina-de-helados-industrial\/#primaryimage"},"image":{"@id":"https:\/\/www.distribucionarc.com\/pt\/producto\/maquina-de-helados-industrial\/#primaryimage"},"thumbnailUrl":"https:\/\/distribucionarc.com\/wp-content\/uploads\/2021\/05\/Maquina-helados-cremosos-400xmin-.jpg","datePublished":"2021-05-04T09:34:24+00:00","dateModified":"2023-06-05T11:10:16+00:00","breadcrumb":{"@id":"https:\/\/www.distribucionarc.com\/pt\/producto\/maquina-de-helados-industrial\/#breadcrumb"},"inLanguage":"hr","potentialAction":[{"@type":"ReadAction","target":["https:\/\/www.distribucionarc.com\/pt\/producto\/maquina-de-helados-industrial\/"]}]},{"@type":"ImageObject","inLanguage":"hr","@id":"https:\/\/www.distribucionarc.com\/pt\/producto\/maquina-de-helados-industrial\/#primaryimage","url":"https:\/\/distribucionarc.com\/wp-content\/uploads\/2021\/05\/Maquina-helados-cremosos-400xmin-.jpg","contentUrl":"https:\/\/distribucionarc.com\/wp-content\/uploads\/2021\/05\/Maquina-helados-cremosos-400xmin-.jpg","width":1600,"height":1600},{"@type":"BreadcrumbList","@id":"https:\/\/www.distribucionarc.com\/pt\/producto\/maquina-de-helados-industrial\/#breadcrumb","itemListElement":[{"@type":"ListItem","position":1,"name":"Portada","item":"https:\/\/distribucionarc.com\/nb\/"},{"@type":"ListItem","position":2,"name":"Products","item":"https:\/\/www.distribucionarc.com\/en\/shop\/"},{"@type":"ListItem","position":3,"name":"M\u00e1quina de helados industrial"}]},{"@type":"WebSite","@id":"https:\/\/distribucionarc.com\/bg\/#website","url":"https:\/\/distribucionarc.com\/bg\/","name":"ARC distribucija","description":"Tvrtka specijalizirana za proizvodnju i distribuciju industrijskih strojeva, strojeva za zatvaranje limenki, strojeva za izradu pilula, strojeva za rezanje mesa itd.","publisher":{"@id":"https:\/\/distribucionarc.com\/bg\/#organization"},"potentialAction":[{"@type":"SearchAction","target":{"@type":"EntryPoint","urlTemplate":"https:\/\/distribucionarc.com\/bg\/?s={search_term_string}"},"query-input":{"@type":"PropertyValueSpecification","valueRequired":true,"valueName":"search_term_string"}}],"inLanguage":"hr"},{"@type":"Organization","@id":"https:\/\/distribucionarc.com\/bg\/#organization","name":"ARC distribucija","url":"https:\/\/distribucionarc.com\/bg\/","logo":{"@type":"ImageObject","inLanguage":"hr","@id":"https:\/\/distribucionarc.com\/bg\/#\/schema\/logo\/image\/","url":"https:\/\/distribucionarc.com\/wp-content\/uploads\/2024\/10\/distribucion-ARC-COLOR-SIN-FONDO-e1732295305345.png","contentUrl":"https:\/\/distribucionarc.com\/wp-content\/uploads\/2024\/10\/distribucion-ARC-COLOR-SIN-FONDO-e1732295305345.png","width":1164,"height":558,"caption":"Distribuci\u00f3n ARC"},"image":{"@id":"https:\/\/distribucionarc.com\/bg\/#\/schema\/logo\/image\/"},"description":"Tvrtka specijalizirana za proizvodnju i distribuciju industrijskih strojeva za prehrambeni i farmaceutski sektor. Specijalizirani smo za: Strojeve za rezanje mesa Proizvodnja tableta Industrijske transportne sustave Linije za punjenje Strojevi za doziranje I jo\u0161 mnogo toga... Nudimo inovativna i prilago\u0111ena rje\u0161enja za optimizaciju proizvodnih procesa Va\u0161e tvrtke.","email":"Admistracion@distribucionarc.com","telephone":"+34 643496664","legalName":"ARC TECH SOLUTIONS","foundingDate":"2024-04-09","vatID":"B55480172","numberOfEmployees":{"@type":"QuantitativeValue","minValue":"1","maxValue":"10"}}]}},"_links":{"self":[{"href":"https:\/\/distribucionarc.com\/hr\/wp-json\/wp\/v2\/product\/4586","targetHints":{"allow":["GET"]}}],"collection":[{"href":"https:\/\/distribucionarc.com\/hr\/wp-json\/wp\/v2\/product"}],"about":[{"href":"https:\/\/distribucionarc.com\/hr\/wp-json\/wp\/v2\/types\/product"}],"replies":[{"embeddable":true,"href":"https:\/\/distribucionarc.com\/hr\/wp-json\/wp\/v2\/comments?post=4586"}],"version-history":[{"count":0,"href":"https:\/\/distribucionarc.com\/hr\/wp-json\/wp\/v2\/product\/4586\/revisions"}],"wp:featuredmedia":[{"embeddable":true,"href":"https:\/\/distribucionarc.com\/hr\/wp-json\/wp\/v2\/media\/6059"}],"wp:attachment":[{"href":"https:\/\/distribucionarc.com\/hr\/wp-json\/wp\/v2\/media?parent=4586"}],"wp:term":[{"taxonomy":"product_brand","embeddable":true,"href":"https:\/\/distribucionarc.com\/hr\/wp-json\/wp\/v2\/product_brand?post=4586"},{"taxonomy":"product_cat","embeddable":true,"href":"https:\/\/distribucionarc.com\/hr\/wp-json\/wp\/v2\/product_cat?post=4586"},{"taxonomy":"product_tag","embeddable":true,"href":"https:\/\/distribucionarc.com\/hr\/wp-json\/wp\/v2\/product_tag?post=4586"}],"curies":[{"name":"radni list","href":"https:\/\/api.w.org\/{rel}","templated":true}]}}