{"id":525,"date":"2020-04-21T14:25:35","date_gmt":"2020-04-21T14:25:35","guid":{"rendered":"https:\/\/distribucionarc.com\/?post_type=product&#038;p=525"},"modified":"2024-09-04T15:31:31","modified_gmt":"2024-09-04T15:31:31","slug":"limenke-stroja-za-zatvaranje-boca-10-mm-%e2%9e%a1%ef%b8%8f-50-mm","status":"publish","type":"product","link":"https:\/\/distribucionarc.com\/hr\/producto\/maquina-tapadora-de-botellas-botes-10mm-%e2%9e%a1%ef%b8%8f-50mm\/","title":{"rendered":"Stroj za zatvaranje boca, staklenke od 10 mm \u27a1\ufe0f 50 mm"},"content":{"rendered":"<h2><strong>Stroj za zatvaranje boca, staklenke od 10 mm \u27a1\ufe0f 50 mm<\/strong><\/h2>\n<p>U proizvodnji proizvoda koji moraju biti pakirani u boce, zatvaranje boca mo\u017ee biti prili\u010dno komplicirano zbog propisa jer je jedan od zahtjeva da moraju biti \u010dvrsto zavrnute. Poklopci staklenki imaju genijalan dizajn koji ih \u010dini lakim za ru\u010dno otvaranje i zatvaranje, ali stavljanje na proizvodnu traku je sasvim druga pri\u010da. Ovdje ovaj stroj za zatvaranje ima svoj debi. Ovaj stroj \u0107e omogu\u0107iti operateru da zategne \u010depove boce dovoljnom snagom da se ne mogu slu\u010dajno otvoriti tijekom transporta ili skladi\u0161tenja.<br \/>\nBez sumnje, ovo je idealan stroj za mala i srednja poduze\u0107a, koji poma\u017ee u izbjegavanju dosadnog ru\u010dnog rada zatezanja poklopaca na svakom spremniku jedan po jedan.<\/p>\n<p>Kako je ovo ru\u010dni elektri\u010dni stroj, to zna\u010di da mo\u017eete raditi s njim bilo gdje u blizini postoji elektri\u010dna uti\u010dnica.<br \/>\nDr\u017eanje samo jednom rukom omogu\u0107uje operateru bolje dr\u017eanje i bolje pozicioniranje, \u010dine\u0107i rad preciznijim.<br \/>\nSila kva\u010dila mo\u017ee se podesiti kako bi se izbjeglo pretjerano zatezanje i tako izbjeglo o\u0161te\u0107enje navoja spremnika.<\/p>\n<p>Na\u0161i strojevi prolaze strogu kontrolu kvalitete prije nego \u0161to budu pohranjeni u na\u0161im skladi\u0161tima. Svi na\u0161i strojevi imaju jamstvo od 2 godine.<\/p>\n<p>Jam\u010dimo tehni\u010dku podr\u0161ku u slu\u010daju kvarova.<\/p>\n<h3 class=\"s8gg2 _2UIKs\" data-hook=\"info-section-title\">Nao\u010dale:<\/h3>\n<div class=\"_2tV5m cell\"><\/div>\n<div class=\"rah-static rah-static--height-auto\" aria-hidden=\"false\">\n<div>\n<div class=\"_1yvxJ cell\">\n<div class=\"WncCi\" data-hook=\"info-section-description\">\n<ul>\n<li>Napon: 220V.<\/li>\n<li>Snaga: 80W.<\/li>\n<li>Rad: Ru\u010dni.<\/li>\n<li>Promjer kapice navoja: 10 \u2796 50 mm. do 120 mm<\/li>\n<li>Prosje\u010dna brzina: 20 boca u minuti.<\/li>\n<li>Sila kva\u010dila: Podesiva.<\/li>\n<\/ul>\n<p>video stroja u radu?<\/p>\n<\/div>\n<\/div>\n<\/div>\n<\/div>","protected":false},"excerpt":{"rendered":"<p>Ru\u010dni stroj <strong>ARC distribucija<\/strong> Savr\u0161eno je rje\u0161enje za zatvaranje staklenki i boca razli\u010ditih veli\u010dina. Vrlo je prilagodljiv, s mogu\u0107no\u0161\u0107u rada s velikim brojevima u rasponu od <strong>10<\/strong> <strong>deset milimetara<\/strong>, idealno za male posude s teku\u0107inama i proizvode s malim \u010depovima, do <strong>120<\/strong> <strong>sto dvadeset milimetara<\/strong>, \u0161to ga \u010dini savr\u0161enim za ve\u0107e staklenke, kao \u0161to su staklenke za proteine.<\/p>\n<p>Ovaj je stroj tako\u0111er prikladan za zatvaranje tipi\u010dnih bo\u010dica s tabletama, pru\u017eaju\u0107i veliku svestranost za brtvljenje spremnika u farmaceutskoj, prehrambenoj i kozmeti\u010dkoj industriji. Bilo da radite s malim staklenkama proizvoda ili velikim bocama dodataka prehrani, ovaj se stroj prilago\u0111ava va\u0161im potrebama.<\/p>\n<p><strong>Va\u017ena napomena<\/strong>: Stroj je opremljen standardnim kalupima koji pokrivaju maksimalnu veli\u010dinu poklopca od <strong>50<\/strong> <strong>pedeset milimetara<\/strong>. Za ve\u0107e kape, a <strong>custom die<\/strong> koji odgovara veli\u010dini va\u0161eg spremnika, jam\u010de\u0107i sigurno i precizno brtvljenje.<\/p>","protected":false},"featured_media":526,"comment_status":"open","ping_status":"closed","template":"","meta":{"wds_primary_product_brand":0,"wds_primary_product_cat":0},"product_brand":[],"product_cat":[45,28],"product_tag":[],"class_list":{"0":"post-525","1":"product","2":"type-product","3":"status-publish","4":"has-post-thumbnail","6":"product_cat-selladoras-de-induccion","7":"product_cat-tapadoras","9":"first","10":"instock","11":"taxable","12":"shipping-taxable","13":"purchasable","14":"product-type-simple"},"yoast_head":"<!-- This site is optimized with the Yoast SEO Premium plugin v24.9 (Yoast SEO v26.1) - https:\/\/yoast.com\/wordpress\/plugins\/seo\/ -->\n<title>M\u00e1quina Tapadora de Botellas, Botes 10mm \u27a1\ufe0f 50mm - distribuci\u00f3n ARC<\/title>\n<meta name=\"robots\" content=\"index, follow, max-snippet:-1, max-image-preview:large, max-video-preview:-1\" \/>\n<link rel=\"canonical\" href=\"https:\/\/www.distribucionarc.com\/en\/producto\/maquina-tapadora-de-botellas-botes-10mm-\u27a1\ufe0f-50mm\/\" \/>\n<meta property=\"og:locale\" content=\"hr_HR\" \/>\n<meta property=\"og:type\" content=\"article\" \/>\n<meta property=\"og:title\" content=\"M\u00e1quina Tapadora de Botellas, Botes 10mm \u27a1\ufe0f 50mm\" \/>\n<meta property=\"og:description\" content=\"La m\u00e1quina manual de Distribuci\u00f3n ARC es la soluci\u00f3n perfecta para el sellado de botes y botellas de diversos tama\u00f1os. Es altamente personalizable, con la capacidad de trabajar con tapas que var\u00edan desde 10 diez mil\u00edmetros, ideal para peque\u00f1os envases de l\u00edquidos y productos con tapones peque\u00f1os, hasta 120 ciento veinte mil\u00edmetros, lo que la hace perfecta para botes m\u00e1s grandes, como los de prote\u00ednas.  Esta m\u00e1quina tambi\u00e9n es apta para tapar botes t\u00edpicos de pastillas, brindando una gran versatilidad para sellar envases en la industria farmac\u00e9utica, alimentaria y cosm\u00e9tica. Ya sea que trabajes con peque\u00f1os frascos de productos o grandes botes de suplementos, esta m\u00e1quina se adapta a tus necesidades.  Nota importante: La m\u00e1quina est\u00e1 equipada con moldes est\u00e1ndar que cubren un tama\u00f1o m\u00e1ximo de tapa de 50 cincuenta mil\u00edmetros. Para tapas m\u00e1s grandes, se requiere un troquel personalizado que se ajuste al tama\u00f1o de tu envase, garantizando un sellado seguro y preciso.\" \/>\n<meta property=\"og:url\" content=\"https:\/\/www.distribucionarc.com\/en\/producto\/maquina-tapadora-de-botellas-botes-10mm-\u27a1\ufe0f-50mm\/\" \/>\n<meta property=\"og:site_name\" content=\"distribuci\u00f3n ARC\" \/>\n<meta property=\"article:modified_time\" content=\"2024-09-04T15:31:31+00:00\" \/>\n<meta property=\"og:image\" content=\"https:\/\/www.distribucionarc.com\/wp-content\/uploads\/2020\/04\/maquina_tapadora_de_botellas_botes-_10mm_50mm_0.jpg\" \/>\n\t<meta property=\"og:image:width\" content=\"1600\" \/>\n\t<meta property=\"og:image:height\" content=\"1600\" \/>\n\t<meta property=\"og:image:type\" content=\"image\/jpeg\" \/>\n<meta name=\"twitter:card\" content=\"summary_large_image\" \/>\n<meta name=\"twitter:label1\" content=\"Procijenjeno vrijeme \u010ditanja\" \/>\n\t<meta name=\"twitter:data1\" content=\"2 minute\" \/>\n<script type=\"application\/ld+json\" class=\"yoast-schema-graph\">{\"@context\":\"https:\/\/schema.org\",\"@graph\":[{\"@type\":\"WebPage\",\"@id\":\"https:\/\/www.distribucionarc.com\/en\/producto\/maquina-tapadora-de-botellas-botes-10mm-%e2%9e%a1%ef%b8%8f-50mm\/\",\"url\":\"https:\/\/www.distribucionarc.com\/en\/producto\/maquina-tapadora-de-botellas-botes-10mm-%e2%9e%a1%ef%b8%8f-50mm\/\",\"name\":\"M\u00e1quina Tapadora de Botellas, Botes 10mm \u27a1\ufe0f 50mm - distribuci\u00f3n ARC\",\"isPartOf\":{\"@id\":\"https:\/\/www.distribucionarc.com\/sl\/#website\"},\"primaryImageOfPage\":{\"@id\":\"https:\/\/www.distribucionarc.com\/en\/producto\/maquina-tapadora-de-botellas-botes-10mm-%e2%9e%a1%ef%b8%8f-50mm\/#primaryimage\"},\"image\":{\"@id\":\"https:\/\/www.distribucionarc.com\/en\/producto\/maquina-tapadora-de-botellas-botes-10mm-%e2%9e%a1%ef%b8%8f-50mm\/#primaryimage\"},\"thumbnailUrl\":\"https:\/\/distribucionarc.com\/wp-content\/uploads\/2020\/04\/maquina_tapadora_de_botellas_botes-_10mm_50mm_0.jpg\",\"datePublished\":\"2020-04-21T14:25:35+00:00\",\"dateModified\":\"2024-09-04T15:31:31+00:00\",\"breadcrumb\":{\"@id\":\"https:\/\/www.distribucionarc.com\/en\/producto\/maquina-tapadora-de-botellas-botes-10mm-%e2%9e%a1%ef%b8%8f-50mm\/#breadcrumb\"},\"inLanguage\":\"hr\",\"potentialAction\":[{\"@type\":\"ReadAction\",\"target\":[\"https:\/\/www.distribucionarc.com\/en\/producto\/maquina-tapadora-de-botellas-botes-10mm-%e2%9e%a1%ef%b8%8f-50mm\/\"]}]},{\"@type\":\"ImageObject\",\"inLanguage\":\"hr\",\"@id\":\"https:\/\/www.distribucionarc.com\/en\/producto\/maquina-tapadora-de-botellas-botes-10mm-%e2%9e%a1%ef%b8%8f-50mm\/#primaryimage\",\"url\":\"https:\/\/distribucionarc.com\/wp-content\/uploads\/2020\/04\/maquina_tapadora_de_botellas_botes-_10mm_50mm_0.jpg\",\"contentUrl\":\"https:\/\/distribucionarc.com\/wp-content\/uploads\/2020\/04\/maquina_tapadora_de_botellas_botes-_10mm_50mm_0.jpg\",\"width\":1600,\"height\":1600},{\"@type\":\"BreadcrumbList\",\"@id\":\"https:\/\/www.distribucionarc.com\/en\/producto\/maquina-tapadora-de-botellas-botes-10mm-%e2%9e%a1%ef%b8%8f-50mm\/#breadcrumb\",\"itemListElement\":[{\"@type\":\"ListItem\",\"position\":1,\"name\":\"Portada\",\"item\":\"https:\/\/www.distribucionarc.com\/\"},{\"@type\":\"ListItem\",\"position\":2,\"name\":\"\u00dcr\u00fcnler\",\"item\":\"https:\/\/www.distribucionarc.com\/tr\/magaza\/\"},{\"@type\":\"ListItem\",\"position\":3,\"name\":\"M\u00e1quina Tapadora de Botellas, Botes 10mm \u27a1\ufe0f 50mm\"}]},{\"@type\":\"WebSite\",\"@id\":\"https:\/\/www.distribucionarc.com\/sl\/#website\",\"url\":\"https:\/\/www.distribucionarc.com\/sl\/\",\"name\":\"distribuci\u00f3n ARC\",\"description\":\"Empresa especializada en la fabricaci\u00f3n y distribuci\u00f3n de maquinaria industrial, selladoras de latas, Maquinas de hacer pastillas, Maquinas de cortar carne...\",\"publisher\":{\"@id\":\"https:\/\/www.distribucionarc.com\/sl\/#organization\"},\"potentialAction\":[{\"@type\":\"SearchAction\",\"target\":{\"@type\":\"EntryPoint\",\"urlTemplate\":\"https:\/\/www.distribucionarc.com\/sl\/?s={search_term_string}\"},\"query-input\":{\"@type\":\"PropertyValueSpecification\",\"valueRequired\":true,\"valueName\":\"search_term_string\"}}],\"inLanguage\":\"hr\"},{\"@type\":\"Organization\",\"@id\":\"https:\/\/www.distribucionarc.com\/sl\/#organization\",\"name\":\"Distribuci\u00f3n ARC\",\"url\":\"https:\/\/www.distribucionarc.com\/sl\/\",\"logo\":{\"@type\":\"ImageObject\",\"inLanguage\":\"hr\",\"@id\":\"https:\/\/www.distribucionarc.com\/sl\/#\/schema\/logo\/image\/\",\"url\":\"https:\/\/distribucionarc.com\/wp-content\/uploads\/2024\/10\/distribucion-ARC-COLOR-SIN-FONDO-e1732295305345.png\",\"contentUrl\":\"https:\/\/distribucionarc.com\/wp-content\/uploads\/2024\/10\/distribucion-ARC-COLOR-SIN-FONDO-e1732295305345.png\",\"width\":1164,\"height\":558,\"caption\":\"Distribuci\u00f3n ARC\"},\"image\":{\"@id\":\"https:\/\/www.distribucionarc.com\/sl\/#\/schema\/logo\/image\/\"},\"description\":\"Empresa especializada en la fabricaci\u00f3n y distribuci\u00f3n de maquinaria industrial para los sectores alimentario y farmac\u00e9utico. Nos especializamos en: M\u00e1quinas de cortar carne Fabricaci\u00f3n de comprimidos Sistemas de transporte industrial L\u00edneas de embotellado Dosificadores Y mucho m\u00e1s... Ofrecemos soluciones innovadoras y personalizadas para optimizar los procesos productivos de tu empresa.\",\"email\":\"Admistracion@distribucionarc.com\",\"telephone\":\"+34 643496664\",\"legalName\":\"ARC TECH SOLUTIONS\",\"foundingDate\":\"2024-04-09\",\"vatID\":\"B55480172\",\"numberOfEmployees\":{\"@type\":\"QuantitativeValue\",\"minValue\":\"1\",\"maxValue\":\"10\"}}]}<\/script>\n<!-- \/ Yoast SEO Premium plugin. -->","yoast_head_json":{"title":"Stroj za zatvaranje boca, 10 mm \u27a1\ufe0f limenke 50 mm - ARC distribucija","robots":{"index":"index","follow":"follow","max-snippet":"max-snippet:-1","max-image-preview":"max-image-preview:large","max-video-preview":"max-video-preview:-1"},"canonical":"https:\/\/www.distribucionarc.com\/en\/producto\/maquina-tapadora-de-botellas-botes-10mm-\u27a1\ufe0f-50mm\/","og_locale":"hr_HR","og_type":"article","og_title":"M\u00e1quina Tapadora de Botellas, Botes 10mm \u27a1\ufe0f 50mm","og_description":"La m\u00e1quina manual de Distribuci\u00f3n ARC es la soluci\u00f3n perfecta para el sellado de botes y botellas de diversos tama\u00f1os. Es altamente personalizable, con la capacidad de trabajar con tapas que var\u00edan desde 10 diez mil\u00edmetros, ideal para peque\u00f1os envases de l\u00edquidos y productos con tapones peque\u00f1os, hasta 120 ciento veinte mil\u00edmetros, lo que la hace perfecta para botes m\u00e1s grandes, como los de prote\u00ednas.  Esta m\u00e1quina tambi\u00e9n es apta para tapar botes t\u00edpicos de pastillas, brindando una gran versatilidad para sellar envases en la industria farmac\u00e9utica, alimentaria y cosm\u00e9tica. Ya sea que trabajes con peque\u00f1os frascos de productos o grandes botes de suplementos, esta m\u00e1quina se adapta a tus necesidades.  Nota importante: La m\u00e1quina est\u00e1 equipada con moldes est\u00e1ndar que cubren un tama\u00f1o m\u00e1ximo de tapa de 50 cincuenta mil\u00edmetros. Para tapas m\u00e1s grandes, se requiere un troquel personalizado que se ajuste al tama\u00f1o de tu envase, garantizando un sellado seguro y preciso.","og_url":"https:\/\/www.distribucionarc.com\/en\/producto\/maquina-tapadora-de-botellas-botes-10mm-\u27a1\ufe0f-50mm\/","og_site_name":"distribuci\u00f3n ARC","article_modified_time":"2024-09-04T15:31:31+00:00","og_image":[{"width":1600,"height":1600,"url":"https:\/\/www.distribucionarc.com\/wp-content\/uploads\/2020\/04\/maquina_tapadora_de_botellas_botes-_10mm_50mm_0.jpg","type":"image\/jpeg"}],"twitter_card":"summary_large_image","twitter_misc":{"Procijenjeno vrijeme \u010ditanja":"2 minute"},"schema":{"@context":"https:\/\/schema.org","@graph":[{"@type":"WebPage","@id":"https:\/\/www.distribucionarc.com\/en\/producto\/maquina-tapadora-de-botellas-botes-10mm-%e2%9e%a1%ef%b8%8f-50mm\/","url":"https:\/\/www.distribucionarc.com\/en\/producto\/maquina-tapadora-de-botellas-botes-10mm-%e2%9e%a1%ef%b8%8f-50mm\/","name":"Stroj za zatvaranje boca, 10 mm \u27a1\ufe0f limenke 50 mm - ARC distribucija","isPartOf":{"@id":"https:\/\/www.distribucionarc.com\/sl\/#website"},"primaryImageOfPage":{"@id":"https:\/\/www.distribucionarc.com\/en\/producto\/maquina-tapadora-de-botellas-botes-10mm-%e2%9e%a1%ef%b8%8f-50mm\/#primaryimage"},"image":{"@id":"https:\/\/www.distribucionarc.com\/en\/producto\/maquina-tapadora-de-botellas-botes-10mm-%e2%9e%a1%ef%b8%8f-50mm\/#primaryimage"},"thumbnailUrl":"https:\/\/distribucionarc.com\/wp-content\/uploads\/2020\/04\/maquina_tapadora_de_botellas_botes-_10mm_50mm_0.jpg","datePublished":"2020-04-21T14:25:35+00:00","dateModified":"2024-09-04T15:31:31+00:00","breadcrumb":{"@id":"https:\/\/www.distribucionarc.com\/en\/producto\/maquina-tapadora-de-botellas-botes-10mm-%e2%9e%a1%ef%b8%8f-50mm\/#breadcrumb"},"inLanguage":"hr","potentialAction":[{"@type":"ReadAction","target":["https:\/\/www.distribucionarc.com\/en\/producto\/maquina-tapadora-de-botellas-botes-10mm-%e2%9e%a1%ef%b8%8f-50mm\/"]}]},{"@type":"ImageObject","inLanguage":"hr","@id":"https:\/\/www.distribucionarc.com\/en\/producto\/maquina-tapadora-de-botellas-botes-10mm-%e2%9e%a1%ef%b8%8f-50mm\/#primaryimage","url":"https:\/\/distribucionarc.com\/wp-content\/uploads\/2020\/04\/maquina_tapadora_de_botellas_botes-_10mm_50mm_0.jpg","contentUrl":"https:\/\/distribucionarc.com\/wp-content\/uploads\/2020\/04\/maquina_tapadora_de_botellas_botes-_10mm_50mm_0.jpg","width":1600,"height":1600},{"@type":"BreadcrumbList","@id":"https:\/\/www.distribucionarc.com\/en\/producto\/maquina-tapadora-de-botellas-botes-10mm-%e2%9e%a1%ef%b8%8f-50mm\/#breadcrumb","itemListElement":[{"@type":"ListItem","position":1,"name":"Portada","item":"https:\/\/www.distribucionarc.com\/"},{"@type":"ListItem","position":2,"name":"\u00dcr\u00fcnler","item":"https:\/\/www.distribucionarc.com\/tr\/magaza\/"},{"@type":"ListItem","position":3,"name":"M\u00e1quina Tapadora de Botellas, Botes 10mm \u27a1\ufe0f 50mm"}]},{"@type":"WebSite","@id":"https:\/\/www.distribucionarc.com\/sl\/#website","url":"https:\/\/www.distribucionarc.com\/sl\/","name":"ARC distribucija","description":"Tvrtka specijalizirana za proizvodnju i distribuciju industrijskih strojeva, strojeva za zatvaranje limenki, strojeva za izradu pilula, strojeva za rezanje mesa itd.","publisher":{"@id":"https:\/\/www.distribucionarc.com\/sl\/#organization"},"potentialAction":[{"@type":"SearchAction","target":{"@type":"EntryPoint","urlTemplate":"https:\/\/www.distribucionarc.com\/sl\/?s={search_term_string}"},"query-input":{"@type":"PropertyValueSpecification","valueRequired":true,"valueName":"search_term_string"}}],"inLanguage":"hr"},{"@type":"Organization","@id":"https:\/\/www.distribucionarc.com\/sl\/#organization","name":"ARC distribucija","url":"https:\/\/www.distribucionarc.com\/sl\/","logo":{"@type":"ImageObject","inLanguage":"hr","@id":"https:\/\/www.distribucionarc.com\/sl\/#\/schema\/logo\/image\/","url":"https:\/\/distribucionarc.com\/wp-content\/uploads\/2024\/10\/distribucion-ARC-COLOR-SIN-FONDO-e1732295305345.png","contentUrl":"https:\/\/distribucionarc.com\/wp-content\/uploads\/2024\/10\/distribucion-ARC-COLOR-SIN-FONDO-e1732295305345.png","width":1164,"height":558,"caption":"Distribuci\u00f3n ARC"},"image":{"@id":"https:\/\/www.distribucionarc.com\/sl\/#\/schema\/logo\/image\/"},"description":"Tvrtka specijalizirana za proizvodnju i distribuciju industrijskih strojeva za prehrambeni i farmaceutski sektor. Specijalizirani smo za: Strojeve za rezanje mesa Proizvodnja tableta Industrijske transportne sustave Linije za punjenje Strojevi za doziranje I jo\u0161 mnogo toga... Nudimo inovativna i prilago\u0111ena rje\u0161enja za optimizaciju proizvodnih procesa Va\u0161e tvrtke.","email":"Admistracion@distribucionarc.com","telephone":"+34 643496664","legalName":"ARC TECH SOLUTIONS","foundingDate":"2024-04-09","vatID":"B55480172","numberOfEmployees":{"@type":"QuantitativeValue","minValue":"1","maxValue":"10"}}]}},"_links":{"self":[{"href":"https:\/\/distribucionarc.com\/hr\/wp-json\/wp\/v2\/product\/525","targetHints":{"allow":["GET"]}}],"collection":[{"href":"https:\/\/distribucionarc.com\/hr\/wp-json\/wp\/v2\/product"}],"about":[{"href":"https:\/\/distribucionarc.com\/hr\/wp-json\/wp\/v2\/types\/product"}],"replies":[{"embeddable":true,"href":"https:\/\/distribucionarc.com\/hr\/wp-json\/wp\/v2\/comments?post=525"}],"version-history":[{"count":0,"href":"https:\/\/distribucionarc.com\/hr\/wp-json\/wp\/v2\/product\/525\/revisions"}],"wp:featuredmedia":[{"embeddable":true,"href":"https:\/\/distribucionarc.com\/hr\/wp-json\/wp\/v2\/media\/526"}],"wp:attachment":[{"href":"https:\/\/distribucionarc.com\/hr\/wp-json\/wp\/v2\/media?parent=525"}],"wp:term":[{"taxonomy":"product_brand","embeddable":true,"href":"https:\/\/distribucionarc.com\/hr\/wp-json\/wp\/v2\/product_brand?post=525"},{"taxonomy":"product_cat","embeddable":true,"href":"https:\/\/distribucionarc.com\/hr\/wp-json\/wp\/v2\/product_cat?post=525"},{"taxonomy":"product_tag","embeddable":true,"href":"https:\/\/distribucionarc.com\/hr\/wp-json\/wp\/v2\/product_tag?post=525"}],"curies":[{"name":"radni list","href":"https:\/\/api.w.org\/{rel}","templated":true}]}}