{"id":5705,"date":"2023-05-11T15:04:22","date_gmt":"2023-05-11T15:04:22","guid":{"rendered":"https:\/\/distribucionarc.com\/?post_type=product&#038;p=5705"},"modified":"2024-10-05T03:48:21","modified_gmt":"2024-10-05T03:48:21","slug":"visokokvalitetni-svjezi-profesionalni-mlinac-za-meso","status":"publish","type":"product","link":"https:\/\/distribucionarc.com\/hr\/producto\/picadora-profesional-de-carne-fresca-de-alta-calidad\/","title":{"rendered":"Visokokvalitetna profesionalna ma\u0161ina za mljevenje svje\u017eeg mesa"},"content":{"rendered":"<h2>Profesionalna ma\u0161ina za mljevenje mesa 400kg\/h<\/h2>\n<p><a href=\"https:\/\/distribucionarc.com\/wp-content\/uploads\/2023\/05\/picadora-profesional-de-carne.jpg\"><img loading=\"lazy\" decoding=\"async\" class=\"alignnone size-medium wp-image-5707\" src=\"https:\/\/distribucionarc.com\/wp-content\/uploads\/2023\/05\/picadora-profesional-de-carne-300x300.jpg\" alt=\"\" width=\"300\" height=\"300\" srcset=\"https:\/\/distribucionarc.com\/wp-content\/uploads\/2023\/05\/picadora-profesional-de-carne-300x300.jpg 300w, https:\/\/distribucionarc.com\/wp-content\/uploads\/2023\/05\/picadora-profesional-de-carne-430x430.jpg 430w, https:\/\/distribucionarc.com\/wp-content\/uploads\/2023\/05\/picadora-profesional-de-carne-150x150.jpg 150w, https:\/\/distribucionarc.com\/wp-content\/uploads\/2023\/05\/picadora-profesional-de-carne-700x700.jpg 700w, https:\/\/distribucionarc.com\/wp-content\/uploads\/2023\/05\/picadora-profesional-de-carne-768x768.jpg 768w, https:\/\/distribucionarc.com\/wp-content\/uploads\/2023\/05\/picadora-profesional-de-carne-12x12.jpg 12w, https:\/\/distribucionarc.com\/wp-content\/uploads\/2023\/05\/picadora-profesional-de-carne-48x48.jpg 48w, https:\/\/distribucionarc.com\/wp-content\/uploads\/2023\/05\/picadora-profesional-de-carne.jpg 1000w\" sizes=\"auto, (max-width: 300px) 100vw, 300px\" \/><\/a><a href=\"https:\/\/distribucionarc.com\/wp-content\/uploads\/2023\/05\/picadora-profesional.webp\"><img loading=\"lazy\" decoding=\"async\" class=\"alignnone size-medium wp-image-5709\" src=\"https:\/\/distribucionarc.com\/wp-content\/uploads\/2023\/05\/picadora-profesional-196x300.webp\" alt=\"\" width=\"196\" height=\"300\" srcset=\"https:\/\/distribucionarc.com\/wp-content\/uploads\/2023\/05\/picadora-profesional-196x300.webp 196w, https:\/\/distribucionarc.com\/wp-content\/uploads\/2023\/05\/picadora-profesional-430x660.webp 430w, https:\/\/distribucionarc.com\/wp-content\/uploads\/2023\/05\/picadora-profesional-150x230.webp 150w, https:\/\/distribucionarc.com\/wp-content\/uploads\/2023\/05\/picadora-profesional-600x920.webp 600w, https:\/\/distribucionarc.com\/wp-content\/uploads\/2023\/05\/picadora-profesional-8x12.webp 8w, https:\/\/distribucionarc.com\/wp-content\/uploads\/2023\/05\/picadora-profesional-48x74.webp 48w, https:\/\/distribucionarc.com\/wp-content\/uploads\/2023\/05\/picadora-profesional.webp 652w\" sizes=\"auto, (max-width: 196px) 100vw, 196px\" \/><\/a><\/p>\n<p>Ovaj <strong>profesionalni mlin za meso<\/strong> Ima kapacitet od 400 kg i broj okretaja u minuti od 1400. Dizajniran je s hla\u0111enim dijelom osovine za punjenje i vijkom te \u0161titnikom za ruku kako bi se osigurao siguran rad. Izra\u0111en je od nehr\u0111aju\u0107eg \u010delika i ima snagu 1,5 kW. Njegove vanjske mjere su 670 x 340 x 545 mm i lako se \u010disti. Dolazi s plasti\u010dnim klipom, o\u0161tricom od nehr\u0111aju\u0107eg \u010delika i perforiranim diskom od 4 mm. Preporu\u010da se uklju\u010diti hla\u0111enje najmanje 30 minuta prije obrade mesa.<\/p>\n<p><a href=\"https:\/\/distribucionarc.com\/wp-content\/uploads\/2023\/05\/picadora-carne-accesorio.webp\"><img loading=\"lazy\" decoding=\"async\" class=\"alignnone size-medium wp-image-5710\" src=\"https:\/\/distribucionarc.com\/wp-content\/uploads\/2023\/05\/picadora-carne-accesorio-300x191.webp\" alt=\"\" width=\"300\" height=\"191\" srcset=\"https:\/\/distribucionarc.com\/wp-content\/uploads\/2023\/05\/picadora-carne-accesorio-300x191.webp 300w, https:\/\/distribucionarc.com\/wp-content\/uploads\/2023\/05\/picadora-carne-accesorio-430x273.webp 430w, https:\/\/distribucionarc.com\/wp-content\/uploads\/2023\/05\/picadora-carne-accesorio-150x95.webp 150w, https:\/\/distribucionarc.com\/wp-content\/uploads\/2023\/05\/picadora-carne-accesorio-700x445.webp 700w, https:\/\/distribucionarc.com\/wp-content\/uploads\/2023\/05\/picadora-carne-accesorio-768x488.webp 768w, https:\/\/distribucionarc.com\/wp-content\/uploads\/2023\/05\/picadora-carne-accesorio-18x12.webp 18w, https:\/\/distribucionarc.com\/wp-content\/uploads\/2023\/05\/picadora-carne-accesorio-48x31.webp 48w, https:\/\/distribucionarc.com\/wp-content\/uploads\/2023\/05\/picadora-carne-accesorio.webp 914w\" sizes=\"auto, (max-width: 300px) 100vw, 300px\" \/><\/a> <a href=\"https:\/\/distribucionarc.com\/wp-content\/uploads\/2023\/05\/picadora-carne-profesional.webp\"><img loading=\"lazy\" decoding=\"async\" class=\"alignnone size-medium wp-image-5711\" src=\"https:\/\/distribucionarc.com\/wp-content\/uploads\/2023\/05\/picadora-carne-profesional-300x300.webp\" alt=\"\" width=\"300\" height=\"300\" srcset=\"https:\/\/distribucionarc.com\/wp-content\/uploads\/2023\/05\/picadora-carne-profesional-300x300.webp 300w, https:\/\/distribucionarc.com\/wp-content\/uploads\/2023\/05\/picadora-carne-profesional-430x430.webp 430w, https:\/\/distribucionarc.com\/wp-content\/uploads\/2023\/05\/picadora-carne-profesional-150x150.webp 150w, https:\/\/distribucionarc.com\/wp-content\/uploads\/2023\/05\/picadora-carne-profesional-700x700.webp 700w, https:\/\/distribucionarc.com\/wp-content\/uploads\/2023\/05\/picadora-carne-profesional-768x768.webp 768w, https:\/\/distribucionarc.com\/wp-content\/uploads\/2023\/05\/picadora-carne-profesional-12x12.webp 12w, https:\/\/distribucionarc.com\/wp-content\/uploads\/2023\/05\/picadora-carne-profesional-48x48.webp 48w, https:\/\/distribucionarc.com\/wp-content\/uploads\/2023\/05\/picadora-carne-profesional.webp 1000w\" sizes=\"auto, (max-width: 300px) 100vw, 300px\" \/><\/a><a href=\"https:\/\/distribucionarc.com\/wp-content\/uploads\/2023\/05\/picadora-control.jpg\"><img loading=\"lazy\" decoding=\"async\" class=\"alignnone size-medium wp-image-5712\" src=\"https:\/\/distribucionarc.com\/wp-content\/uploads\/2023\/05\/picadora-control-300x300.jpg\" alt=\"\" width=\"300\" height=\"300\" srcset=\"https:\/\/distribucionarc.com\/wp-content\/uploads\/2023\/05\/picadora-control-300x300.jpg 300w, https:\/\/distribucionarc.com\/wp-content\/uploads\/2023\/05\/picadora-control-430x430.jpg 430w, https:\/\/distribucionarc.com\/wp-content\/uploads\/2023\/05\/picadora-control-150x150.jpg 150w, https:\/\/distribucionarc.com\/wp-content\/uploads\/2023\/05\/picadora-control-700x700.jpg 700w, https:\/\/distribucionarc.com\/wp-content\/uploads\/2023\/05\/picadora-control-768x768.jpg 768w, https:\/\/distribucionarc.com\/wp-content\/uploads\/2023\/05\/picadora-control-12x12.jpg 12w, https:\/\/distribucionarc.com\/wp-content\/uploads\/2023\/05\/picadora-control-48x48.jpg 48w, https:\/\/distribucionarc.com\/wp-content\/uploads\/2023\/05\/picadora-control.jpg 1000w\" sizes=\"auto, (max-width: 300px) 100vw, 300px\" \/><\/a><\/p>\n<p>Tehni\u010dke specifikacije <strong>AR00928<\/strong><\/p>\n<ul>\n<li>\u0160irina: 670 mm<\/li>\n<li>Dubina: 340 mm<\/li>\n<li>Visina: 545 mm<\/li>\n<li>Izvedba: 1,5kW<\/li>\n<li>Napon: 230 volti<\/li>\n<li>Frekvencija: 50Hz<\/li>\n<li>Rashladno sredstvo: R290<\/li>\n<li>Vrsta ure\u0111aja: mlin za meso<\/li>\n<li>Kapacitet: 400 kg\/h<\/li>\n<li>Broj okretaja u minuti: 1400 okretaja u minuti<\/li>\n<li>Volumen: 0,10 m\u00b3<\/li>\n<li>Te\u017eina 64 kg<\/li>\n<\/ul>\n<h3>Elektri\u010dni mlin za meso 600kg\/h<\/h3>\n<p>The <strong>elektri\u010dni mlin za meso<\/strong> To je otporan i kvalitetan stroj, izra\u0111en od nehr\u0111aju\u0107eg \u010delika i kapaciteta 600 kg. Sadr\u017ei spremnik za meso s hla\u0111enjem, za\u0161titu za ruke za siguran rad i integrirano hla\u0111enje za smanjenje broja bakterija. Dolazi s plasti\u010dnim klipom, o\u0161tricom od nehr\u0111aju\u0107eg \u010delika i perforiranim diskom od 4 mm. Lako se \u010disti, a preporu\u010dljivo je aktivirati hla\u0111enje najmanje 30 minuta prije obrade mesa. Snaga stroja za mljevenje mesa je 2,2 kW, a vanjske dimenzije su mu 645 x 340 x 575 mm.<\/p>\n<p><a href=\"https:\/\/distribucionarc.com\/wp-content\/uploads\/2023\/05\/picadora-electrica-de-carne.jpg\"><img loading=\"lazy\" decoding=\"async\" class=\"alignnone size-medium wp-image-5713\" src=\"https:\/\/distribucionarc.com\/wp-content\/uploads\/2023\/05\/picadora-electrica-de-carne-300x300.jpg\" alt=\"\" width=\"300\" height=\"300\" srcset=\"https:\/\/distribucionarc.com\/wp-content\/uploads\/2023\/05\/picadora-electrica-de-carne-300x300.jpg 300w, https:\/\/distribucionarc.com\/wp-content\/uploads\/2023\/05\/picadora-electrica-de-carne-430x430.jpg 430w, https:\/\/distribucionarc.com\/wp-content\/uploads\/2023\/05\/picadora-electrica-de-carne-150x150.jpg 150w, https:\/\/distribucionarc.com\/wp-content\/uploads\/2023\/05\/picadora-electrica-de-carne-700x700.jpg 700w, https:\/\/distribucionarc.com\/wp-content\/uploads\/2023\/05\/picadora-electrica-de-carne-768x768.jpg 768w, https:\/\/distribucionarc.com\/wp-content\/uploads\/2023\/05\/picadora-electrica-de-carne-12x12.jpg 12w, https:\/\/distribucionarc.com\/wp-content\/uploads\/2023\/05\/picadora-electrica-de-carne-48x48.jpg 48w, https:\/\/distribucionarc.com\/wp-content\/uploads\/2023\/05\/picadora-electrica-de-carne.jpg 1000w\" sizes=\"auto, (max-width: 300px) 100vw, 300px\" \/><\/a><a href=\"https:\/\/distribucionarc.com\/wp-content\/uploads\/2023\/05\/picadora-electrica-interior.webp\"><img loading=\"lazy\" decoding=\"async\" class=\"alignnone size-medium wp-image-5714\" src=\"https:\/\/distribucionarc.com\/wp-content\/uploads\/2023\/05\/picadora-electrica-interior-300x300.webp\" alt=\"\" width=\"300\" height=\"300\" srcset=\"https:\/\/distribucionarc.com\/wp-content\/uploads\/2023\/05\/picadora-electrica-interior-300x300.webp 300w, https:\/\/distribucionarc.com\/wp-content\/uploads\/2023\/05\/picadora-electrica-interior-430x430.webp 430w, https:\/\/distribucionarc.com\/wp-content\/uploads\/2023\/05\/picadora-electrica-interior-150x150.webp 150w, https:\/\/distribucionarc.com\/wp-content\/uploads\/2023\/05\/picadora-electrica-interior-700x700.webp 700w, https:\/\/distribucionarc.com\/wp-content\/uploads\/2023\/05\/picadora-electrica-interior-768x768.webp 768w, https:\/\/distribucionarc.com\/wp-content\/uploads\/2023\/05\/picadora-electrica-interior-12x12.webp 12w, https:\/\/distribucionarc.com\/wp-content\/uploads\/2023\/05\/picadora-electrica-interior-48x48.webp 48w, https:\/\/distribucionarc.com\/wp-content\/uploads\/2023\/05\/picadora-electrica-interior.webp 1000w\" sizes=\"auto, (max-width: 300px) 100vw, 300px\" \/><\/a><a href=\"https:\/\/distribucionarc.com\/wp-content\/uploads\/2023\/05\/picadora-de-carne-vista.webp\"><img loading=\"lazy\" decoding=\"async\" class=\"alignnone size-medium wp-image-5715\" src=\"https:\/\/distribucionarc.com\/wp-content\/uploads\/2023\/05\/picadora-de-carne-vista-184x300.webp\" alt=\"\" width=\"184\" height=\"300\" srcset=\"https:\/\/distribucionarc.com\/wp-content\/uploads\/2023\/05\/picadora-de-carne-vista-184x300.webp 184w, https:\/\/distribucionarc.com\/wp-content\/uploads\/2023\/05\/picadora-de-carne-vista-430x700.webp 430w, https:\/\/distribucionarc.com\/wp-content\/uploads\/2023\/05\/picadora-de-carne-vista-150x244.webp 150w, https:\/\/distribucionarc.com\/wp-content\/uploads\/2023\/05\/picadora-de-carne-vista-600x977.webp 600w, https:\/\/distribucionarc.com\/wp-content\/uploads\/2023\/05\/picadora-de-carne-vista-7x12.webp 7w, https:\/\/distribucionarc.com\/wp-content\/uploads\/2023\/05\/picadora-de-carne-vista-48x78.webp 48w, https:\/\/distribucionarc.com\/wp-content\/uploads\/2023\/05\/picadora-de-carne-vista.webp 614w\" sizes=\"auto, (max-width: 184px) 100vw, 184px\" \/><\/a><\/p>\n<p>Tehni\u010dke specifikacije <strong>AR00929<\/strong><\/p>\n<ul>\n<li>\u0160irina: 645 mm<\/li>\n<li>Dubina: 340 mm<\/li>\n<li>Visina: 575 mm<\/li>\n<li>Vrsta ure\u0111aja: mlin za meso<\/li>\n<li>Kapacitet: 600 kg\/h<\/li>\n<li>Broj okretaja u minuti: 1400 okretaja u minuti<\/li>\n<li>Volumen: 0,12 m\u00b3<\/li>\n<li>Snaga: 2200 watta<\/li>\n<li>Napon: 230V<\/li>\n<li>Frekvencija: 50Hz<\/li>\n<li>Te\u017eina 67 kg<\/li>\n<\/ul>\n<p>&nbsp;<\/p>","protected":false},"excerpt":{"rendered":"<p>The <strong>strojevi za mljevenje mesa<\/strong> To su strojevi dizajnirani za mljevenje i mljevenje mesa. Ovi strojevi se obi\u010dno koriste u prehrambenoj i mesnoj industriji za pripremu razli\u010ditih vrsta mljevenog mesa. Dolaze u razli\u010ditim veli\u010dinama i kapacitetima kako bi odgovarali proizvodnim potrebama, a mogu se opremiti razli\u010ditim vrstama o\u0161trica i plo\u010da za rezanje kako bi se postigle razli\u010dite teksture mljevene govedine. Mlinci za meso tako\u0111er mogu biti dizajnirani za obradu drugih vrsta hrane, poput vo\u0107a i povr\u0107a, za stvaranje pirea i umaka.<\/p>","protected":false},"featured_media":5709,"comment_status":"open","ping_status":"closed","template":"","meta":{"wds_primary_product_brand":0,"wds_primary_product_cat":0},"product_brand":[],"product_cat":[120],"product_tag":[],"class_list":{"0":"post-5705","1":"product","2":"type-product","3":"status-publish","4":"has-post-thumbnail","6":"product_cat-picadoras-carne","7":"product_shipping_class-express","9":"first","10":"instock","11":"taxable","12":"shipping-taxable","13":"purchasable","14":"product-type-simple"},"yoast_head":"<!-- This site is optimized with the Yoast SEO Premium plugin v24.9 (Yoast SEO v26.1) - https:\/\/yoast.com\/wordpress\/plugins\/seo\/ -->\n<title>Picadora profesional de carne fresca de alta calidad - distribuci\u00f3n ARC<\/title>\n<meta name=\"robots\" content=\"index, follow, max-snippet:-1, max-image-preview:large, max-video-preview:-1\" \/>\n<link rel=\"canonical\" href=\"https:\/\/www.distribucionarc.com\/sl\/producto\/picadora-profesional-de-carne-fresca-de-alta-calidad\/\" \/>\n<meta property=\"og:locale\" content=\"hr_HR\" \/>\n<meta property=\"og:type\" content=\"article\" \/>\n<meta property=\"og:title\" content=\"Picadora profesional de carne fresca de alta calidad\" \/>\n<meta property=\"og:description\" content=\"Las picadoras de carne son m\u00e1quinas dise\u00f1adas para moler y triturar carne. Estas m\u00e1quinas se utilizan com\u00fanmente en la industria alimentaria y de procesamiento de carne para preparar diferentes tipos de carne molida. Vienen en una variedad de tama\u00f1os y capacidades para adaptarse a las necesidades de producci\u00f3n, y pueden estar equipadas con diferentes tipos de cuchillas y platos de corte para lograr diferentes texturas de carne molida. Las picadoras de carne tambi\u00e9n pueden estar dise\u00f1adas para procesar otros tipos de alimentos, como frutas y verduras, para crear pur\u00e9s y salsas.\" \/>\n<meta property=\"og:url\" content=\"https:\/\/www.distribucionarc.com\/sl\/producto\/picadora-profesional-de-carne-fresca-de-alta-calidad\/\" \/>\n<meta property=\"og:site_name\" content=\"distribuci\u00f3n ARC\" \/>\n<meta property=\"article:modified_time\" content=\"2024-10-05T03:48:21+00:00\" \/>\n<meta property=\"og:image\" content=\"https:\/\/www.distribucionarc.com\/wp-content\/uploads\/2023\/05\/picadora-profesional.webp\" \/>\n\t<meta property=\"og:image:width\" content=\"652\" \/>\n\t<meta property=\"og:image:height\" content=\"1000\" \/>\n\t<meta property=\"og:image:type\" content=\"image\/webp\" \/>\n<meta name=\"twitter:card\" content=\"summary_large_image\" \/>\n<meta name=\"twitter:label1\" content=\"Procijenjeno vrijeme \u010ditanja\" \/>\n\t<meta name=\"twitter:data1\" content=\"4 minute\" \/>\n<script type=\"application\/ld+json\" class=\"yoast-schema-graph\">{\"@context\":\"https:\/\/schema.org\",\"@graph\":[{\"@type\":\"WebPage\",\"@id\":\"https:\/\/www.distribucionarc.com\/sl\/producto\/picadora-profesional-de-carne-fresca-de-alta-calidad\/\",\"url\":\"https:\/\/www.distribucionarc.com\/sl\/producto\/picadora-profesional-de-carne-fresca-de-alta-calidad\/\",\"name\":\"Picadora profesional de carne fresca de alta calidad - distribuci\u00f3n ARC\",\"isPartOf\":{\"@id\":\"https:\/\/distribucionarc.com\/pl\/#website\"},\"primaryImageOfPage\":{\"@id\":\"https:\/\/www.distribucionarc.com\/sl\/producto\/picadora-profesional-de-carne-fresca-de-alta-calidad\/#primaryimage\"},\"image\":{\"@id\":\"https:\/\/www.distribucionarc.com\/sl\/producto\/picadora-profesional-de-carne-fresca-de-alta-calidad\/#primaryimage\"},\"thumbnailUrl\":\"https:\/\/distribucionarc.com\/wp-content\/uploads\/2023\/05\/picadora-profesional.webp\",\"datePublished\":\"2023-05-11T15:04:22+00:00\",\"dateModified\":\"2024-10-05T03:48:21+00:00\",\"breadcrumb\":{\"@id\":\"https:\/\/www.distribucionarc.com\/sl\/producto\/picadora-profesional-de-carne-fresca-de-alta-calidad\/#breadcrumb\"},\"inLanguage\":\"hr\",\"potentialAction\":[{\"@type\":\"ReadAction\",\"target\":[\"https:\/\/www.distribucionarc.com\/sl\/producto\/picadora-profesional-de-carne-fresca-de-alta-calidad\/\"]}]},{\"@type\":\"ImageObject\",\"inLanguage\":\"hr\",\"@id\":\"https:\/\/www.distribucionarc.com\/sl\/producto\/picadora-profesional-de-carne-fresca-de-alta-calidad\/#primaryimage\",\"url\":\"https:\/\/distribucionarc.com\/wp-content\/uploads\/2023\/05\/picadora-profesional.webp\",\"contentUrl\":\"https:\/\/distribucionarc.com\/wp-content\/uploads\/2023\/05\/picadora-profesional.webp\",\"width\":652,\"height\":1000},{\"@type\":\"BreadcrumbList\",\"@id\":\"https:\/\/www.distribucionarc.com\/sl\/producto\/picadora-profesional-de-carne-fresca-de-alta-calidad\/#breadcrumb\",\"itemListElement\":[{\"@type\":\"ListItem\",\"position\":1,\"name\":\"Portada\",\"item\":\"https:\/\/www.distribucionarc.com\/tr\/\"},{\"@type\":\"ListItem\",\"position\":2,\"name\":\"Izdelki\",\"item\":\"https:\/\/www.distribucionarc.com\/sl\/trgovina\/\"},{\"@type\":\"ListItem\",\"position\":3,\"name\":\"Picadora profesional de carne fresca de alta calidad\"}]},{\"@type\":\"WebSite\",\"@id\":\"https:\/\/distribucionarc.com\/pl\/#website\",\"url\":\"https:\/\/distribucionarc.com\/pl\/\",\"name\":\"distribuci\u00f3n ARC\",\"description\":\"Empresa especializada en la fabricaci\u00f3n y distribuci\u00f3n de maquinaria industrial, selladoras de latas, Maquinas de hacer pastillas, Maquinas de cortar carne...\",\"publisher\":{\"@id\":\"https:\/\/distribucionarc.com\/pl\/#organization\"},\"potentialAction\":[{\"@type\":\"SearchAction\",\"target\":{\"@type\":\"EntryPoint\",\"urlTemplate\":\"https:\/\/distribucionarc.com\/pl\/?s={search_term_string}\"},\"query-input\":{\"@type\":\"PropertyValueSpecification\",\"valueRequired\":true,\"valueName\":\"search_term_string\"}}],\"inLanguage\":\"hr\"},{\"@type\":\"Organization\",\"@id\":\"https:\/\/distribucionarc.com\/pl\/#organization\",\"name\":\"Distribuci\u00f3n ARC\",\"url\":\"https:\/\/distribucionarc.com\/pl\/\",\"logo\":{\"@type\":\"ImageObject\",\"inLanguage\":\"hr\",\"@id\":\"https:\/\/distribucionarc.com\/pl\/#\/schema\/logo\/image\/\",\"url\":\"https:\/\/distribucionarc.com\/wp-content\/uploads\/2024\/10\/distribucion-ARC-COLOR-SIN-FONDO-e1732295305345.png\",\"contentUrl\":\"https:\/\/distribucionarc.com\/wp-content\/uploads\/2024\/10\/distribucion-ARC-COLOR-SIN-FONDO-e1732295305345.png\",\"width\":1164,\"height\":558,\"caption\":\"Distribuci\u00f3n ARC\"},\"image\":{\"@id\":\"https:\/\/distribucionarc.com\/pl\/#\/schema\/logo\/image\/\"},\"description\":\"Empresa especializada en la fabricaci\u00f3n y distribuci\u00f3n de maquinaria industrial para los sectores alimentario y farmac\u00e9utico. Nos especializamos en: M\u00e1quinas de cortar carne Fabricaci\u00f3n de comprimidos Sistemas de transporte industrial L\u00edneas de embotellado Dosificadores Y mucho m\u00e1s... Ofrecemos soluciones innovadoras y personalizadas para optimizar los procesos productivos de tu empresa.\",\"email\":\"Admistracion@distribucionarc.com\",\"telephone\":\"+34 643496664\",\"legalName\":\"ARC TECH SOLUTIONS\",\"foundingDate\":\"2024-04-09\",\"vatID\":\"B55480172\",\"numberOfEmployees\":{\"@type\":\"QuantitativeValue\",\"minValue\":\"1\",\"maxValue\":\"10\"}}]}<\/script>\n<!-- \/ Yoast SEO Premium plugin. -->","yoast_head_json":{"title":"Visokokvalitetna profesionalna ma\u0161ina za mljevenje svje\u017eeg mesa - ARC distribucija","robots":{"index":"index","follow":"follow","max-snippet":"max-snippet:-1","max-image-preview":"max-image-preview:large","max-video-preview":"max-video-preview:-1"},"canonical":"https:\/\/www.distribucionarc.com\/sl\/producto\/picadora-profesional-de-carne-fresca-de-alta-calidad\/","og_locale":"hr_HR","og_type":"article","og_title":"Picadora profesional de carne fresca de alta calidad","og_description":"Las picadoras de carne son m\u00e1quinas dise\u00f1adas para moler y triturar carne. Estas m\u00e1quinas se utilizan com\u00fanmente en la industria alimentaria y de procesamiento de carne para preparar diferentes tipos de carne molida. Vienen en una variedad de tama\u00f1os y capacidades para adaptarse a las necesidades de producci\u00f3n, y pueden estar equipadas con diferentes tipos de cuchillas y platos de corte para lograr diferentes texturas de carne molida. Las picadoras de carne tambi\u00e9n pueden estar dise\u00f1adas para procesar otros tipos de alimentos, como frutas y verduras, para crear pur\u00e9s y salsas.","og_url":"https:\/\/www.distribucionarc.com\/sl\/producto\/picadora-profesional-de-carne-fresca-de-alta-calidad\/","og_site_name":"distribuci\u00f3n ARC","article_modified_time":"2024-10-05T03:48:21+00:00","og_image":[{"width":652,"height":1000,"url":"https:\/\/www.distribucionarc.com\/wp-content\/uploads\/2023\/05\/picadora-profesional.webp","type":"image\/webp"}],"twitter_card":"summary_large_image","twitter_misc":{"Procijenjeno vrijeme \u010ditanja":"4 minute"},"schema":{"@context":"https:\/\/schema.org","@graph":[{"@type":"WebPage","@id":"https:\/\/www.distribucionarc.com\/sl\/producto\/picadora-profesional-de-carne-fresca-de-alta-calidad\/","url":"https:\/\/www.distribucionarc.com\/sl\/producto\/picadora-profesional-de-carne-fresca-de-alta-calidad\/","name":"Visokokvalitetna profesionalna ma\u0161ina za mljevenje svje\u017eeg mesa - ARC distribucija","isPartOf":{"@id":"https:\/\/distribucionarc.com\/pl\/#website"},"primaryImageOfPage":{"@id":"https:\/\/www.distribucionarc.com\/sl\/producto\/picadora-profesional-de-carne-fresca-de-alta-calidad\/#primaryimage"},"image":{"@id":"https:\/\/www.distribucionarc.com\/sl\/producto\/picadora-profesional-de-carne-fresca-de-alta-calidad\/#primaryimage"},"thumbnailUrl":"https:\/\/distribucionarc.com\/wp-content\/uploads\/2023\/05\/picadora-profesional.webp","datePublished":"2023-05-11T15:04:22+00:00","dateModified":"2024-10-05T03:48:21+00:00","breadcrumb":{"@id":"https:\/\/www.distribucionarc.com\/sl\/producto\/picadora-profesional-de-carne-fresca-de-alta-calidad\/#breadcrumb"},"inLanguage":"hr","potentialAction":[{"@type":"ReadAction","target":["https:\/\/www.distribucionarc.com\/sl\/producto\/picadora-profesional-de-carne-fresca-de-alta-calidad\/"]}]},{"@type":"ImageObject","inLanguage":"hr","@id":"https:\/\/www.distribucionarc.com\/sl\/producto\/picadora-profesional-de-carne-fresca-de-alta-calidad\/#primaryimage","url":"https:\/\/distribucionarc.com\/wp-content\/uploads\/2023\/05\/picadora-profesional.webp","contentUrl":"https:\/\/distribucionarc.com\/wp-content\/uploads\/2023\/05\/picadora-profesional.webp","width":652,"height":1000},{"@type":"BreadcrumbList","@id":"https:\/\/www.distribucionarc.com\/sl\/producto\/picadora-profesional-de-carne-fresca-de-alta-calidad\/#breadcrumb","itemListElement":[{"@type":"ListItem","position":1,"name":"Portada","item":"https:\/\/www.distribucionarc.com\/tr\/"},{"@type":"ListItem","position":2,"name":"Izdelki","item":"https:\/\/www.distribucionarc.com\/sl\/trgovina\/"},{"@type":"ListItem","position":3,"name":"Picadora profesional de carne fresca de alta calidad"}]},{"@type":"WebSite","@id":"https:\/\/distribucionarc.com\/pl\/#website","url":"https:\/\/distribucionarc.com\/pl\/","name":"ARC distribucija","description":"Tvrtka specijalizirana za proizvodnju i distribuciju industrijskih strojeva, strojeva za zatvaranje limenki, strojeva za izradu pilula, strojeva za rezanje mesa itd.","publisher":{"@id":"https:\/\/distribucionarc.com\/pl\/#organization"},"potentialAction":[{"@type":"SearchAction","target":{"@type":"EntryPoint","urlTemplate":"https:\/\/distribucionarc.com\/pl\/?s={search_term_string}"},"query-input":{"@type":"PropertyValueSpecification","valueRequired":true,"valueName":"search_term_string"}}],"inLanguage":"hr"},{"@type":"Organization","@id":"https:\/\/distribucionarc.com\/pl\/#organization","name":"ARC distribucija","url":"https:\/\/distribucionarc.com\/pl\/","logo":{"@type":"ImageObject","inLanguage":"hr","@id":"https:\/\/distribucionarc.com\/pl\/#\/schema\/logo\/image\/","url":"https:\/\/distribucionarc.com\/wp-content\/uploads\/2024\/10\/distribucion-ARC-COLOR-SIN-FONDO-e1732295305345.png","contentUrl":"https:\/\/distribucionarc.com\/wp-content\/uploads\/2024\/10\/distribucion-ARC-COLOR-SIN-FONDO-e1732295305345.png","width":1164,"height":558,"caption":"Distribuci\u00f3n ARC"},"image":{"@id":"https:\/\/distribucionarc.com\/pl\/#\/schema\/logo\/image\/"},"description":"Tvrtka specijalizirana za proizvodnju i distribuciju industrijskih strojeva za prehrambeni i farmaceutski sektor. Specijalizirani smo za: Strojeve za rezanje mesa Proizvodnja tableta Industrijske transportne sustave Linije za punjenje Strojevi za doziranje I jo\u0161 mnogo toga... Nudimo inovativna i prilago\u0111ena rje\u0161enja za optimizaciju proizvodnih procesa Va\u0161e tvrtke.","email":"Admistracion@distribucionarc.com","telephone":"+34 643496664","legalName":"ARC TECH SOLUTIONS","foundingDate":"2024-04-09","vatID":"B55480172","numberOfEmployees":{"@type":"QuantitativeValue","minValue":"1","maxValue":"10"}}]}},"_links":{"self":[{"href":"https:\/\/distribucionarc.com\/hr\/wp-json\/wp\/v2\/product\/5705","targetHints":{"allow":["GET"]}}],"collection":[{"href":"https:\/\/distribucionarc.com\/hr\/wp-json\/wp\/v2\/product"}],"about":[{"href":"https:\/\/distribucionarc.com\/hr\/wp-json\/wp\/v2\/types\/product"}],"replies":[{"embeddable":true,"href":"https:\/\/distribucionarc.com\/hr\/wp-json\/wp\/v2\/comments?post=5705"}],"version-history":[{"count":0,"href":"https:\/\/distribucionarc.com\/hr\/wp-json\/wp\/v2\/product\/5705\/revisions"}],"wp:featuredmedia":[{"embeddable":true,"href":"https:\/\/distribucionarc.com\/hr\/wp-json\/wp\/v2\/media\/5709"}],"wp:attachment":[{"href":"https:\/\/distribucionarc.com\/hr\/wp-json\/wp\/v2\/media?parent=5705"}],"wp:term":[{"taxonomy":"product_brand","embeddable":true,"href":"https:\/\/distribucionarc.com\/hr\/wp-json\/wp\/v2\/product_brand?post=5705"},{"taxonomy":"product_cat","embeddable":true,"href":"https:\/\/distribucionarc.com\/hr\/wp-json\/wp\/v2\/product_cat?post=5705"},{"taxonomy":"product_tag","embeddable":true,"href":"https:\/\/distribucionarc.com\/hr\/wp-json\/wp\/v2\/product_tag?post=5705"}],"curies":[{"name":"radni list","href":"https:\/\/api.w.org\/{rel}","templated":true}]}}