{"id":654,"date":"2020-05-28T22:34:21","date_gmt":"2020-05-28T22:34:21","guid":{"rendered":"https:\/\/distribucionarc.com\/?post_type=product&#038;p=654"},"modified":"2024-09-04T19:31:36","modified_gmt":"2024-09-04T19:31:36","slug":"elektricna-friteza-za-przenu-ribu-krumpir-i-sl-2x10l-%f0%9f%8d%9f","status":"publish","type":"product","link":"https:\/\/distribucionarc.com\/hr\/producto\/freidora-electrica-para-pescado-frito-patatas-etc-2x10l-%f0%9f%8d%9f\/","title":{"rendered":"Elektri\u010dna friteza za pr\u017eenu ribu, krumpir i sl. 2x10L?"},"content":{"rendered":"<div class=\"description-row description-text\">\n<h2>Elektri\u010dna friteza \u2013 2 x 10 litara<\/h2>\n<p>Elektri\u010dna friteza ARC DISTRIBUCION dizajnirana je za profesionalnu uporabu i radi na 220 volti. Omogu\u0107uje vam udobno pripremanje ukusnog pr\u017eenja bez obzira na vrstu jela koje \u017eelite pripremiti. Idealan za va\u0161 restoran ili bar, omogu\u0107it \u0107e vam da ponudite izvanredna gastronomska iskustva.<\/p>\n<\/div>\n<div class=\"product-icon--wrapper\">\n<div class=\"product--icon\">\n<div class=\"icon-body\">\n<div class=\"product_icon_container svg-icon\"><\/div>\n<div class=\"icon-text\">\n<p>Ovaj kuhinjski aparat ima maksimalni kapacitet ulja do 6,5 litara i a\u00a0<strong>ukupne zapremine 10 litara<\/strong>. Mo\u017eete ga koristiti profesionalno na vrlo svestran na\u010din, posebno je pogodan za pripremu <strong>riba<\/strong>, predjela ili \u010dips.<\/p>\n<\/div>\n<\/div>\n<h3 class=\"product--icon-headline\">Brzi i hrskavi zalogaji s elektri\u010dnom fritezom ARC 1020 za gastronomiju<\/h3>\n<div class=\"icon-body\">\n<div class=\"product_icon_easy_clean svg-icon\"><\/div>\n<div class=\"icon-text\">\n<p>Dimenzije elektri\u010dne ko\u0161are friteze su 20 x 22 x 10 cm. Eventualni ostaci hrane koji mogu ostati u spremniku nakupljaju se na njegovom dnu, u tzv. hladnoj zoni, kako ne bi izgorjeli. Na taj na\u010din ulje zadr\u017eava svoju prirodnu aromu. Osim toga, ispu\u0161tanje ulja je jednostavno.<\/p>\n<\/div>\n<\/div>\n<div class=\"icon-body\">\n<div class=\"product_icon_voltage svg-icon\"><\/div>\n<div class=\"icon-text\">\n<p>Zahvaljuju\u0107i visokim performansama<strong>\u00a0grija\u0107i element<\/strong> uklonjivi <strong>5000<\/strong>\u00a0<strong>vat<\/strong>, ulje za fritezu brzo posti\u017ee maksimalnu temperaturu od 200 \u00b0C. Za optimalne rezultate, visokoosjetljivi termostat odr\u017eava toplinu spremnika ulja na konstantnoj temperaturi. <span style=\"color: #0000ff;\">Ta se temperatura posti\u017ee vrlo brzo, a s inteligentnom elektroni\u010dkom plo\u010dom potro\u0161nja elektri\u010dne energije je svedena na minimum nakon \u0161to je ulje vru\u0107e.<\/span> <span style=\"color: #ff0000;\">U slu\u010daju pregrijavanja ulja ili uklanjanja grija\u0107e glave, osigura\u010d automatski isklju\u010duje jedinicu.<\/span><\/p>\n<\/div>\n<\/div>\n<div class=\"icon-body\">\n<div class=\"product_icon_durable svg-icon\"><\/div>\n<div class=\"icon-text\">\n<p>Poklopac modernog dizajna, proizveden u\u00a0<strong>dugotrajni nehr\u0111aju\u0107i \u010delik<\/strong>, vrlo je otporan i, zahvaljuju\u0107i uklonjivom grija\u0107em elementu, lako se \u010disti. Odlu\u010dite se za sna\u017enu elektri\u010dnu fritezu danas \u2013 va\u0161i kupci i gosti bit \u0107e vam zahvalni.<\/p>\n<\/div>\n<\/div>\n<\/div>\n<\/div>","protected":false},"excerpt":{"rendered":"<h2><strong>Elektri\u010dna friteza s dvostrukim spremnikom od 10 litara za bar ili restoran<\/strong><\/h2>\n<p>Na\u0161e <strong>profesionalna elektri\u010dna friteza s dva spremnika<\/strong> To je savr\u0161eno rje\u0161enje za one tvrtke koje trebaju brzo i u\u010dinkovito pr\u017eiti velike koli\u010dine hrane. S ukupnim kapacitetom od <strong>10 litara po spremniku<\/strong>, ova friteza dizajnirana je da zadovolji zahtjeve komercijalnih kuhinja, bilo u barovima, restoranima ili kafi\u0107ima.<\/p>\n<p>Zahvaljuju\u0107i dvostrukom spremniku, mo\u017eete <strong>pr\u017eite razli\u010dite namirnice istovremeno<\/strong>, \u0161to \u0107e vam omogu\u0107iti da zadr\u017eite kvalitetu i okus bez ne\u017eeljenih mje\u0161avina. Idealan je za pripremu raznih vrsta pr\u017eene hrane, kao \u0161to su:<\/p>\n<ul>\n<li><strong>pr\u017eena riba<\/strong>: Savr\u0161eno za hrskava jela od morskih plodova.<\/li>\n<li><strong>\u010cips<\/strong>: Klasi\u010dna pratnja u barovima i restoranima.<\/li>\n<li><strong>pr\u017eena svinjetina<\/strong>: Idealno za pripremu tapasa ili glavnih jela.<\/li>\n<li><strong>pile\u0107a krilca<\/strong>: Hrskavo i zlatno do to\u010dke.<\/li>\n<li><strong>Kroketi<\/strong>: Jednoli\u010dno pr\u017eenje za tapase ili predjela.<\/li>\n<li><strong>Pohano povr\u0107e<\/strong>: Za vegetarijansku opciju pr\u017eenja.<\/li>\n<\/ul>\n<p>Izra\u0111en od nehr\u0111aju\u0107eg \u010delika, ovaj <strong>friteza s dvostrukim spremnikom<\/strong> Osigurava trajnost i lako\u0107u \u010di\u0161\u0107enja, \u0161to je bitno u komercijalnim kuhinjama visokih performansi. Osim toga, svaki spremnik ima neovisnu kontrolu temperature, \u0161to vam omogu\u0107uje pode\u0161avanje topline ovisno o vrsti hrane koja se kuha. Ovo je klju\u010dno za dobivanje krumpiri\u0107a koji su hrskavi izvana i so\u010dni iznutra.<\/p>\n<p>Bilo da tra\u017eite a <strong>barska friteza<\/strong>, a <strong>restoranska friteza<\/strong>, ili a <strong>elektri\u010dna friteza velikog kapaciteta<\/strong>, ovaj je stroj savr\u0161ena opcija za optimizaciju procesa pr\u017eenja u va\u0161oj komercijalnoj kuhinji.<\/p>","protected":false},"featured_media":661,"comment_status":"open","ping_status":"closed","template":"","meta":{"wds_primary_product_brand":0,"wds_primary_product_cat":0},"product_brand":[],"product_cat":[38],"product_tag":[],"class_list":{"0":"post-654","1":"product","2":"type-product","3":"status-publish","4":"has-post-thumbnail","6":"product_cat-freidoras","7":"product_shipping_class-hosteleria","9":"first","10":"instock","11":"taxable","12":"shipping-taxable","13":"purchasable","14":"product-type-simple"},"yoast_head":"<!-- This site is optimized with the Yoast SEO Premium plugin v24.9 (Yoast SEO v26.1) - https:\/\/yoast.com\/wordpress\/plugins\/seo\/ -->\n<title>Freidora el\u00e9ctrica para pescado frito, patatas, etc. 2x10L ? - distribuci\u00f3n ARC<\/title>\n<meta name=\"description\" content=\"Freidora el\u00e9ctrica de doble tanque de 10 litros para bares y restaurantes. Perfecta para fre\u00edr patatas, pescado y m\u00e1s con control independiente. Ideal para cocinas comerciales\" \/>\n<meta name=\"robots\" content=\"index, follow, max-snippet:-1, max-image-preview:large, max-video-preview:-1\" \/>\n<link rel=\"canonical\" href=\"https:\/\/distribucionarc.com\/hr\/proizvod\/elektricna-friteza-za-przenu-ribu-krumpir-i-sl-2x10l-\ud83c\udf5f\/\" \/>\n<meta property=\"og:locale\" content=\"hr_HR\" \/>\n<meta property=\"og:type\" content=\"article\" \/>\n<meta property=\"og:title\" content=\"Freidora el\u00e9ctrica para pescado frito, patatas, etc. 2x10L ?\" \/>\n<meta property=\"og:description\" content=\"Freidora el\u00e9ctrica de doble tanque de 10 litros para bares y restaurantes. Perfecta para fre\u00edr patatas, pescado y m\u00e1s con control independiente. Ideal para cocinas comerciales\" \/>\n<meta property=\"og:url\" content=\"https:\/\/distribucionarc.com\/hr\/proizvod\/elektricna-friteza-za-przenu-ribu-krumpir-i-sl-2x10l-\ud83c\udf5f\/\" \/>\n<meta property=\"og:site_name\" content=\"distribuci\u00f3n ARC\" \/>\n<meta property=\"article:modified_time\" content=\"2024-09-04T19:31:36+00:00\" \/>\n<meta property=\"og:image\" content=\"https:\/\/distribucionarc.com\/wp-content\/uploads\/2020\/05\/Freidora-el\u00e9ctrica-para-pescado-frito-10L-0.jpg\" \/>\n\t<meta property=\"og:image:width\" content=\"1600\" \/>\n\t<meta property=\"og:image:height\" content=\"1600\" \/>\n\t<meta property=\"og:image:type\" content=\"image\/jpeg\" \/>\n<meta name=\"twitter:card\" content=\"summary_large_image\" \/>\n<meta name=\"twitter:label1\" content=\"Procijenjeno vrijeme \u010ditanja\" \/>\n\t<meta name=\"twitter:data1\" content=\"2 minute\" \/>\n<script type=\"application\/ld+json\" class=\"yoast-schema-graph\">{\"@context\":\"https:\/\/schema.org\",\"@graph\":[{\"@type\":\"WebPage\",\"@id\":\"https:\/\/distribucionarc.com\/bg\/producto\/freidora-electrica-para-pescado-frito-patatas-etc-2x10l-%f0%9f%8d%9f\/\",\"url\":\"https:\/\/distribucionarc.com\/bg\/producto\/freidora-electrica-para-pescado-frito-patatas-etc-2x10l-%f0%9f%8d%9f\/\",\"name\":\"Freidora el\u00e9ctrica para pescado frito, patatas, etc. 2x10L ? - distribuci\u00f3n ARC\",\"isPartOf\":{\"@id\":\"https:\/\/www.distribucionarc.com\/sl\/#website\"},\"primaryImageOfPage\":{\"@id\":\"https:\/\/distribucionarc.com\/bg\/producto\/freidora-electrica-para-pescado-frito-patatas-etc-2x10l-%f0%9f%8d%9f\/#primaryimage\"},\"image\":{\"@id\":\"https:\/\/distribucionarc.com\/bg\/producto\/freidora-electrica-para-pescado-frito-patatas-etc-2x10l-%f0%9f%8d%9f\/#primaryimage\"},\"thumbnailUrl\":\"https:\/\/distribucionarc.com\/wp-content\/uploads\/2020\/05\/Freidora-el\u00e9ctrica-para-pescado-frito-10L-0.jpg\",\"datePublished\":\"2020-05-28T22:34:21+00:00\",\"dateModified\":\"2024-09-04T19:31:36+00:00\",\"description\":\"Freidora el\u00e9ctrica de doble tanque de 10 litros para bares y restaurantes. Perfecta para fre\u00edr patatas, pescado y m\u00e1s con control independiente. Ideal para cocinas comerciales\",\"breadcrumb\":{\"@id\":\"https:\/\/distribucionarc.com\/bg\/producto\/freidora-electrica-para-pescado-frito-patatas-etc-2x10l-%f0%9f%8d%9f\/#breadcrumb\"},\"inLanguage\":\"hr\",\"potentialAction\":[{\"@type\":\"ReadAction\",\"target\":[\"https:\/\/distribucionarc.com\/bg\/producto\/freidora-electrica-para-pescado-frito-patatas-etc-2x10l-%f0%9f%8d%9f\/\"]}]},{\"@type\":\"ImageObject\",\"inLanguage\":\"hr\",\"@id\":\"https:\/\/distribucionarc.com\/bg\/producto\/freidora-electrica-para-pescado-frito-patatas-etc-2x10l-%f0%9f%8d%9f\/#primaryimage\",\"url\":\"https:\/\/distribucionarc.com\/wp-content\/uploads\/2020\/05\/Freidora-el\u00e9ctrica-para-pescado-frito-10L-0.jpg\",\"contentUrl\":\"https:\/\/distribucionarc.com\/wp-content\/uploads\/2020\/05\/Freidora-el\u00e9ctrica-para-pescado-frito-10L-0.jpg\",\"width\":1600,\"height\":1600},{\"@type\":\"BreadcrumbList\",\"@id\":\"https:\/\/distribucionarc.com\/bg\/producto\/freidora-electrica-para-pescado-frito-patatas-etc-2x10l-%f0%9f%8d%9f\/#breadcrumb\",\"itemListElement\":[{\"@type\":\"ListItem\",\"position\":1,\"name\":\"Portada\",\"item\":\"https:\/\/www.distribucionarc.com\/\"},{\"@type\":\"ListItem\",\"position\":2,\"name\":\"\u00dcr\u00fcnler\",\"item\":\"https:\/\/www.distribucionarc.com\/tr\/magaza\/\"},{\"@type\":\"ListItem\",\"position\":3,\"name\":\"Freidora el\u00e9ctrica para pescado frito, patatas, etc. 2x10L ?\"}]},{\"@type\":\"WebSite\",\"@id\":\"https:\/\/www.distribucionarc.com\/sl\/#website\",\"url\":\"https:\/\/www.distribucionarc.com\/sl\/\",\"name\":\"distribuci\u00f3n ARC\",\"description\":\"Empresa especializada en la fabricaci\u00f3n y distribuci\u00f3n de maquinaria industrial, selladoras de latas, Maquinas de hacer pastillas, Maquinas de cortar carne...\",\"publisher\":{\"@id\":\"https:\/\/www.distribucionarc.com\/sl\/#organization\"},\"potentialAction\":[{\"@type\":\"SearchAction\",\"target\":{\"@type\":\"EntryPoint\",\"urlTemplate\":\"https:\/\/www.distribucionarc.com\/sl\/?s={search_term_string}\"},\"query-input\":{\"@type\":\"PropertyValueSpecification\",\"valueRequired\":true,\"valueName\":\"search_term_string\"}}],\"inLanguage\":\"hr\"},{\"@type\":\"Organization\",\"@id\":\"https:\/\/www.distribucionarc.com\/sl\/#organization\",\"name\":\"Distribuci\u00f3n ARC\",\"url\":\"https:\/\/www.distribucionarc.com\/sl\/\",\"logo\":{\"@type\":\"ImageObject\",\"inLanguage\":\"hr\",\"@id\":\"https:\/\/www.distribucionarc.com\/sl\/#\/schema\/logo\/image\/\",\"url\":\"https:\/\/distribucionarc.com\/wp-content\/uploads\/2024\/10\/distribucion-ARC-COLOR-SIN-FONDO-e1732295305345.png\",\"contentUrl\":\"https:\/\/distribucionarc.com\/wp-content\/uploads\/2024\/10\/distribucion-ARC-COLOR-SIN-FONDO-e1732295305345.png\",\"width\":1164,\"height\":558,\"caption\":\"Distribuci\u00f3n ARC\"},\"image\":{\"@id\":\"https:\/\/www.distribucionarc.com\/sl\/#\/schema\/logo\/image\/\"},\"description\":\"Empresa especializada en la fabricaci\u00f3n y distribuci\u00f3n de maquinaria industrial para los sectores alimentario y farmac\u00e9utico. Nos especializamos en: M\u00e1quinas de cortar carne Fabricaci\u00f3n de comprimidos Sistemas de transporte industrial L\u00edneas de embotellado Dosificadores Y mucho m\u00e1s... Ofrecemos soluciones innovadoras y personalizadas para optimizar los procesos productivos de tu empresa.\",\"email\":\"Admistracion@distribucionarc.com\",\"telephone\":\"+34 643496664\",\"legalName\":\"ARC TECH SOLUTIONS\",\"foundingDate\":\"2024-04-09\",\"vatID\":\"B55480172\",\"numberOfEmployees\":{\"@type\":\"QuantitativeValue\",\"minValue\":\"1\",\"maxValue\":\"10\"}}]}<\/script>\n<!-- \/ Yoast SEO Premium plugin. -->","yoast_head_json":{"title":"Elektri\u010dna friteza za pr\u017eenu ribu, krumpir i sl. 2x10L? - ARC distribucija","description":"Elektri\u010dna friteza s dvostrukim spremnikom od 10 litara za barove i restorane. Savr\u0161eno za pr\u017eenje krumpira, ribe i vi\u0161e s neovisnom kontrolom. Idealno za komercijalne kuhinje","robots":{"index":"index","follow":"follow","max-snippet":"max-snippet:-1","max-image-preview":"max-image-preview:large","max-video-preview":"max-video-preview:-1"},"canonical":"https:\/\/distribucionarc.com\/hr\/proizvod\/elektricna-friteza-za-przenu-ribu-krumpir-i-sl-2x10l-\ud83c\udf5f\/","og_locale":"hr_HR","og_type":"article","og_title":"Freidora el\u00e9ctrica para pescado frito, patatas, etc. 2x10L ?","og_description":"Freidora el\u00e9ctrica de doble tanque de 10 litros para bares y restaurantes. Perfecta para fre\u00edr patatas, pescado y m\u00e1s con control independiente. Ideal para cocinas comerciales","og_url":"https:\/\/distribucionarc.com\/hr\/proizvod\/elektricna-friteza-za-przenu-ribu-krumpir-i-sl-2x10l-\ud83c\udf5f\/","og_site_name":"distribuci\u00f3n ARC","article_modified_time":"2024-09-04T19:31:36+00:00","og_image":[{"width":1600,"height":1600,"url":"https:\/\/distribucionarc.com\/wp-content\/uploads\/2020\/05\/Freidora-el\u00e9ctrica-para-pescado-frito-10L-0.jpg","type":"image\/jpeg"}],"twitter_card":"summary_large_image","twitter_misc":{"Procijenjeno vrijeme \u010ditanja":"2 minute"},"schema":{"@context":"https:\/\/schema.org","@graph":[{"@type":"WebPage","@id":"https:\/\/distribucionarc.com\/bg\/producto\/freidora-electrica-para-pescado-frito-patatas-etc-2x10l-%f0%9f%8d%9f\/","url":"https:\/\/distribucionarc.com\/bg\/producto\/freidora-electrica-para-pescado-frito-patatas-etc-2x10l-%f0%9f%8d%9f\/","name":"Elektri\u010dna friteza za pr\u017eenu ribu, krumpir i sl. 2x10L? - ARC distribucija","isPartOf":{"@id":"https:\/\/www.distribucionarc.com\/sl\/#website"},"primaryImageOfPage":{"@id":"https:\/\/distribucionarc.com\/bg\/producto\/freidora-electrica-para-pescado-frito-patatas-etc-2x10l-%f0%9f%8d%9f\/#primaryimage"},"image":{"@id":"https:\/\/distribucionarc.com\/bg\/producto\/freidora-electrica-para-pescado-frito-patatas-etc-2x10l-%f0%9f%8d%9f\/#primaryimage"},"thumbnailUrl":"https:\/\/distribucionarc.com\/wp-content\/uploads\/2020\/05\/Freidora-el\u00e9ctrica-para-pescado-frito-10L-0.jpg","datePublished":"2020-05-28T22:34:21+00:00","dateModified":"2024-09-04T19:31:36+00:00","description":"Elektri\u010dna friteza s dvostrukim spremnikom od 10 litara za barove i restorane. Savr\u0161eno za pr\u017eenje krumpira, ribe i vi\u0161e s neovisnom kontrolom. Idealno za komercijalne kuhinje","breadcrumb":{"@id":"https:\/\/distribucionarc.com\/bg\/producto\/freidora-electrica-para-pescado-frito-patatas-etc-2x10l-%f0%9f%8d%9f\/#breadcrumb"},"inLanguage":"hr","potentialAction":[{"@type":"ReadAction","target":["https:\/\/distribucionarc.com\/bg\/producto\/freidora-electrica-para-pescado-frito-patatas-etc-2x10l-%f0%9f%8d%9f\/"]}]},{"@type":"ImageObject","inLanguage":"hr","@id":"https:\/\/distribucionarc.com\/bg\/producto\/freidora-electrica-para-pescado-frito-patatas-etc-2x10l-%f0%9f%8d%9f\/#primaryimage","url":"https:\/\/distribucionarc.com\/wp-content\/uploads\/2020\/05\/Freidora-el\u00e9ctrica-para-pescado-frito-10L-0.jpg","contentUrl":"https:\/\/distribucionarc.com\/wp-content\/uploads\/2020\/05\/Freidora-el\u00e9ctrica-para-pescado-frito-10L-0.jpg","width":1600,"height":1600},{"@type":"BreadcrumbList","@id":"https:\/\/distribucionarc.com\/bg\/producto\/freidora-electrica-para-pescado-frito-patatas-etc-2x10l-%f0%9f%8d%9f\/#breadcrumb","itemListElement":[{"@type":"ListItem","position":1,"name":"Portada","item":"https:\/\/www.distribucionarc.com\/"},{"@type":"ListItem","position":2,"name":"\u00dcr\u00fcnler","item":"https:\/\/www.distribucionarc.com\/tr\/magaza\/"},{"@type":"ListItem","position":3,"name":"Freidora el\u00e9ctrica para pescado frito, patatas, etc. 2x10L ?"}]},{"@type":"WebSite","@id":"https:\/\/www.distribucionarc.com\/sl\/#website","url":"https:\/\/www.distribucionarc.com\/sl\/","name":"ARC distribucija","description":"Tvrtka specijalizirana za proizvodnju i distribuciju industrijskih strojeva, strojeva za zatvaranje limenki, strojeva za izradu pilula, strojeva za rezanje mesa itd.","publisher":{"@id":"https:\/\/www.distribucionarc.com\/sl\/#organization"},"potentialAction":[{"@type":"SearchAction","target":{"@type":"EntryPoint","urlTemplate":"https:\/\/www.distribucionarc.com\/sl\/?s={search_term_string}"},"query-input":{"@type":"PropertyValueSpecification","valueRequired":true,"valueName":"search_term_string"}}],"inLanguage":"hr"},{"@type":"Organization","@id":"https:\/\/www.distribucionarc.com\/sl\/#organization","name":"ARC distribucija","url":"https:\/\/www.distribucionarc.com\/sl\/","logo":{"@type":"ImageObject","inLanguage":"hr","@id":"https:\/\/www.distribucionarc.com\/sl\/#\/schema\/logo\/image\/","url":"https:\/\/distribucionarc.com\/wp-content\/uploads\/2024\/10\/distribucion-ARC-COLOR-SIN-FONDO-e1732295305345.png","contentUrl":"https:\/\/distribucionarc.com\/wp-content\/uploads\/2024\/10\/distribucion-ARC-COLOR-SIN-FONDO-e1732295305345.png","width":1164,"height":558,"caption":"Distribuci\u00f3n ARC"},"image":{"@id":"https:\/\/www.distribucionarc.com\/sl\/#\/schema\/logo\/image\/"},"description":"Tvrtka specijalizirana za proizvodnju i distribuciju industrijskih strojeva za prehrambeni i farmaceutski sektor. Specijalizirani smo za: Strojeve za rezanje mesa Proizvodnja tableta Industrijske transportne sustave Linije za punjenje Strojevi za doziranje I jo\u0161 mnogo toga... Nudimo inovativna i prilago\u0111ena rje\u0161enja za optimizaciju proizvodnih procesa Va\u0161e tvrtke.","email":"Admistracion@distribucionarc.com","telephone":"+34 643496664","legalName":"ARC TECH SOLUTIONS","foundingDate":"2024-04-09","vatID":"B55480172","numberOfEmployees":{"@type":"QuantitativeValue","minValue":"1","maxValue":"10"}}]}},"_links":{"self":[{"href":"https:\/\/distribucionarc.com\/hr\/wp-json\/wp\/v2\/product\/654","targetHints":{"allow":["GET"]}}],"collection":[{"href":"https:\/\/distribucionarc.com\/hr\/wp-json\/wp\/v2\/product"}],"about":[{"href":"https:\/\/distribucionarc.com\/hr\/wp-json\/wp\/v2\/types\/product"}],"replies":[{"embeddable":true,"href":"https:\/\/distribucionarc.com\/hr\/wp-json\/wp\/v2\/comments?post=654"}],"version-history":[{"count":0,"href":"https:\/\/distribucionarc.com\/hr\/wp-json\/wp\/v2\/product\/654\/revisions"}],"wp:featuredmedia":[{"embeddable":true,"href":"https:\/\/distribucionarc.com\/hr\/wp-json\/wp\/v2\/media\/661"}],"wp:attachment":[{"href":"https:\/\/distribucionarc.com\/hr\/wp-json\/wp\/v2\/media?parent=654"}],"wp:term":[{"taxonomy":"product_brand","embeddable":true,"href":"https:\/\/distribucionarc.com\/hr\/wp-json\/wp\/v2\/product_brand?post=654"},{"taxonomy":"product_cat","embeddable":true,"href":"https:\/\/distribucionarc.com\/hr\/wp-json\/wp\/v2\/product_cat?post=654"},{"taxonomy":"product_tag","embeddable":true,"href":"https:\/\/distribucionarc.com\/hr\/wp-json\/wp\/v2\/product_tag?post=654"}],"curies":[{"name":"radni list","href":"https:\/\/api.w.org\/{rel}","templated":true}]}}