{"id":6649,"date":"2024-04-24T18:12:18","date_gmt":"2024-04-24T18:12:18","guid":{"rendered":"https:\/\/distribucionarc.com\/?post_type=product&#038;p=6649"},"modified":"2024-04-24T18:12:20","modified_gmt":"2024-04-24T18:12:20","slug":"zarp-17b-stroj-za-sisanje-tableta-za-poboljsanje-prehrane","status":"publish","type":"product","link":"https:\/\/distribucionarc.com\/hr\/producto\/maquina-zarp-17b-para-tabletas-de-comprimidos-para-chupar-de-enrequicimiento-nutricional\/","title":{"rendered":"ZARP-17B APARAT ZA PREHRANU ULAZ TABLETE ZA SISANJE"},"content":{"rendered":"<p>Predstavljamo ZARP17B, a<strong> najsuvremeniji stroj dizajniran za proizvodnju tableta za oboga\u0107ivanje prehrane.<\/strong> Uz mogu\u0107nost uklju\u010divanja tableta <strong>dvostruki sloj,<\/strong> Ovaj stroj nudi iznimnu kvalitetu i \u0161irok izbor oblika, pru\u017eaju\u0107i neusporedivu svestranost za razli\u010dite primjene. Osim toga, ima funkciju automatskog zaustavljanja u slu\u010daju prekomjernog tlaka, jam\u010de\u0107i sigurnost i optimalne performanse opreme.<\/p>\n<p>&nbsp;<\/p>\n<table>\n<tbody>\n<tr>\n<td width=\"283\">Model<\/td>\n<td width=\"283\">ZARP-17B<\/td>\n<\/tr>\n<tr>\n<td width=\"283\">Matrice za probijanje<\/td>\n<td width=\"283\">17<\/td>\n<\/tr>\n<tr>\n<td width=\"283\">Maks. tlak (kn)<\/td>\n<td width=\"283\">100<\/td>\n<\/tr>\n<tr>\n<td width=\"283\">Najve\u0107i promjer tableta (mm)<\/td>\n<td width=\"283\">35<\/td>\n<\/tr>\n<tr>\n<td width=\"283\">Maksimalna dubina punjenja (mm)<\/td>\n<td width=\"283\">25<\/td>\n<\/tr>\n<tr>\n<td width=\"283\">Maksimalna debljina tableta (mm)<\/td>\n<td width=\"283\">12<\/td>\n<\/tr>\n<tr>\n<td width=\"283\">Brzina kupole (r-min)<\/td>\n<td width=\"283\">10-30<\/td>\n<\/tr>\n<tr>\n<td width=\"283\">Kapacitet proizvodnje (kom\/h)<\/td>\n<td width=\"283\">30600<\/td>\n<\/tr>\n<tr>\n<td width=\"283\">Snaga motora (kw)<\/td>\n<td width=\"283\">7.5<\/td>\n<\/tr>\n<tr>\n<td width=\"283\">Ukupna veli\u010dina (mm)<\/td>\n<td width=\"283\">900*<\/p>\n<p>800*<\/p>\n<p>1640*<\/td>\n<\/tr>\n<tr>\n<td width=\"283\">Neto te\u017eina kg<\/td>\n<td width=\"283\">1500<\/td>\n<\/tr>\n<\/tbody>\n<\/table>","protected":false},"excerpt":{"rendered":"<p>Predstavljamo ZARP17B, najsuvremeniji stroj dizajniran za proizvodnju pastila za oboga\u0107ivanje.<\/p>","protected":false},"featured_media":6657,"comment_status":"open","ping_status":"closed","template":"","meta":{"wds_primary_product_brand":0,"wds_primary_product_cat":0},"product_brand":[],"product_cat":[84],"product_tag":[],"class_list":{"0":"post-6649","1":"product","2":"type-product","3":"status-publish","4":"has-post-thumbnail","6":"product_cat-maquinas-para-hacer-pastillas","8":"first","9":"instock","10":"taxable","11":"shipping-taxable","12":"purchasable","13":"product-type-simple"},"yoast_head":"<!-- This site is optimized with the Yoast SEO Premium plugin v24.9 (Yoast SEO v26.1) - https:\/\/yoast.com\/wordpress\/plugins\/seo\/ -->\n<title>MAQUINA ZARP-17B PARA TABLETAS DE COMPRIMIDOS PARA CHUPAR DE ENREQUICIMIENTO NUTRICIONAL - distribuci\u00f3n ARC<\/title>\n<meta name=\"robots\" content=\"index, follow, max-snippet:-1, max-image-preview:large, max-video-preview:-1\" \/>\n<link rel=\"canonical\" href=\"https:\/\/distribucionarc.com\/hr\/proizvod\/zarp-17b-stroj-za-sisanje-tableta-za-poboljsanje-prehrane\/\" \/>\n<meta property=\"og:locale\" content=\"hr_HR\" \/>\n<meta property=\"og:type\" content=\"article\" \/>\n<meta property=\"og:title\" content=\"MAQUINA ZARP-17B PARA TABLETAS DE COMPRIMIDOS PARA CHUPAR DE ENREQUICIMIENTO NUTRICIONAL\" \/>\n<meta property=\"og:description\" content=\"Presentamos la ZARP17B, una m\u00e1quina de \u00faltima generaci\u00f3n dise\u00f1ada para la producci\u00f3n de tabletas de comprimidos para chupar de enriquecimiento\" \/>\n<meta property=\"og:url\" content=\"https:\/\/distribucionarc.com\/hr\/proizvod\/zarp-17b-stroj-za-sisanje-tableta-za-poboljsanje-prehrane\/\" \/>\n<meta property=\"og:site_name\" content=\"distribuci\u00f3n ARC\" \/>\n<meta property=\"article:modified_time\" content=\"2024-04-24T18:12:20+00:00\" \/>\n<meta property=\"og:image\" content=\"https:\/\/distribucionarc.com\/wp-content\/uploads\/2024\/04\/MAQUINA-ZARP-17B-PARA-TABLETAS-DE-COMPRIMIDOS-PARA-CHUPAR-DE-ENREQUICIMIENTO-NUTRICIONAL.jpg\" \/>\n\t<meta property=\"og:image:width\" content=\"680\" \/>\n\t<meta property=\"og:image:height\" content=\"960\" \/>\n\t<meta property=\"og:image:type\" content=\"image\/jpeg\" \/>\n<meta name=\"twitter:card\" content=\"summary_large_image\" \/>\n<meta name=\"twitter:label1\" content=\"Procijenjeno vrijeme \u010ditanja\" \/>\n\t<meta name=\"twitter:data1\" content=\"1 minuta\" \/>\n<script type=\"application\/ld+json\" class=\"yoast-schema-graph\">{\"@context\":\"https:\/\/schema.org\",\"@graph\":[{\"@type\":\"WebPage\",\"@id\":\"https:\/\/distribucionarc.com\/hr\/producto\/maquina-zarp-17b-para-tabletas-de-comprimidos-para-chupar-de-enrequicimiento-nutricional\/\",\"url\":\"https:\/\/distribucionarc.com\/hr\/producto\/maquina-zarp-17b-para-tabletas-de-comprimidos-para-chupar-de-enrequicimiento-nutricional\/\",\"name\":\"MAQUINA ZARP-17B PARA TABLETAS DE COMPRIMIDOS PARA CHUPAR DE ENREQUICIMIENTO NUTRICIONAL - distribuci\u00f3n ARC\",\"isPartOf\":{\"@id\":\"https:\/\/www.distribucionarc.com\/#website\"},\"primaryImageOfPage\":{\"@id\":\"https:\/\/distribucionarc.com\/hr\/producto\/maquina-zarp-17b-para-tabletas-de-comprimidos-para-chupar-de-enrequicimiento-nutricional\/#primaryimage\"},\"image\":{\"@id\":\"https:\/\/distribucionarc.com\/hr\/producto\/maquina-zarp-17b-para-tabletas-de-comprimidos-para-chupar-de-enrequicimiento-nutricional\/#primaryimage\"},\"thumbnailUrl\":\"https:\/\/distribucionarc.com\/wp-content\/uploads\/2024\/04\/MAQUINA-ZARP-17B-PARA-TABLETAS-DE-COMPRIMIDOS-PARA-CHUPAR-DE-ENREQUICIMIENTO-NUTRICIONAL.jpg\",\"datePublished\":\"2024-04-24T18:12:18+00:00\",\"dateModified\":\"2024-04-24T18:12:20+00:00\",\"breadcrumb\":{\"@id\":\"https:\/\/distribucionarc.com\/hr\/producto\/maquina-zarp-17b-para-tabletas-de-comprimidos-para-chupar-de-enrequicimiento-nutricional\/#breadcrumb\"},\"inLanguage\":\"hr\",\"potentialAction\":[{\"@type\":\"ReadAction\",\"target\":[\"https:\/\/distribucionarc.com\/hr\/producto\/maquina-zarp-17b-para-tabletas-de-comprimidos-para-chupar-de-enrequicimiento-nutricional\/\"]}]},{\"@type\":\"ImageObject\",\"inLanguage\":\"hr\",\"@id\":\"https:\/\/distribucionarc.com\/hr\/producto\/maquina-zarp-17b-para-tabletas-de-comprimidos-para-chupar-de-enrequicimiento-nutricional\/#primaryimage\",\"url\":\"https:\/\/distribucionarc.com\/wp-content\/uploads\/2024\/04\/MAQUINA-ZARP-17B-PARA-TABLETAS-DE-COMPRIMIDOS-PARA-CHUPAR-DE-ENREQUICIMIENTO-NUTRICIONAL.jpg\",\"contentUrl\":\"https:\/\/distribucionarc.com\/wp-content\/uploads\/2024\/04\/MAQUINA-ZARP-17B-PARA-TABLETAS-DE-COMPRIMIDOS-PARA-CHUPAR-DE-ENREQUICIMIENTO-NUTRICIONAL.jpg\",\"width\":680,\"height\":960,\"caption\":\"#image_title\"},{\"@type\":\"BreadcrumbList\",\"@id\":\"https:\/\/distribucionarc.com\/hr\/producto\/maquina-zarp-17b-para-tabletas-de-comprimidos-para-chupar-de-enrequicimiento-nutricional\/#breadcrumb\",\"itemListElement\":[{\"@type\":\"ListItem\",\"position\":1,\"name\":\"Portada\",\"item\":\"https:\/\/distribucionarc.com\/pl\/\"},{\"@type\":\"ListItem\",\"position\":2,\"name\":\"\u0627\u0644\u0645\u0646\u062a\u062c\u0627\u062a\",\"item\":\"https:\/\/www.distribucionarc.com\/ar\/%d9%85%d8%ad%d9%84\/\"},{\"@type\":\"ListItem\",\"position\":3,\"name\":\"MAQUINA ZARP-17B PARA TABLETAS DE COMPRIMIDOS PARA CHUPAR DE ENREQUICIMIENTO NUTRICIONAL\"}]},{\"@type\":\"WebSite\",\"@id\":\"https:\/\/www.distribucionarc.com\/#website\",\"url\":\"https:\/\/www.distribucionarc.com\/\",\"name\":\"distribuci\u00f3n ARC\",\"description\":\"Empresa especializada en la fabricaci\u00f3n y distribuci\u00f3n de maquinaria industrial, selladoras de latas, Maquinas de hacer pastillas, Maquinas de cortar carne...\",\"publisher\":{\"@id\":\"https:\/\/www.distribucionarc.com\/#organization\"},\"potentialAction\":[{\"@type\":\"SearchAction\",\"target\":{\"@type\":\"EntryPoint\",\"urlTemplate\":\"https:\/\/www.distribucionarc.com\/?s={search_term_string}\"},\"query-input\":{\"@type\":\"PropertyValueSpecification\",\"valueRequired\":true,\"valueName\":\"search_term_string\"}}],\"inLanguage\":\"hr\"},{\"@type\":\"Organization\",\"@id\":\"https:\/\/www.distribucionarc.com\/#organization\",\"name\":\"Distribuci\u00f3n ARC\",\"url\":\"https:\/\/www.distribucionarc.com\/\",\"logo\":{\"@type\":\"ImageObject\",\"inLanguage\":\"hr\",\"@id\":\"https:\/\/www.distribucionarc.com\/#\/schema\/logo\/image\/\",\"url\":\"https:\/\/distribucionarc.com\/wp-content\/uploads\/2024\/10\/distribucion-ARC-COLOR-SIN-FONDO-e1732295305345.png\",\"contentUrl\":\"https:\/\/distribucionarc.com\/wp-content\/uploads\/2024\/10\/distribucion-ARC-COLOR-SIN-FONDO-e1732295305345.png\",\"width\":1164,\"height\":558,\"caption\":\"Distribuci\u00f3n ARC\"},\"image\":{\"@id\":\"https:\/\/www.distribucionarc.com\/#\/schema\/logo\/image\/\"},\"description\":\"Empresa especializada en la fabricaci\u00f3n y distribuci\u00f3n de maquinaria industrial para los sectores alimentario y farmac\u00e9utico. Nos especializamos en: M\u00e1quinas de cortar carne Fabricaci\u00f3n de comprimidos Sistemas de transporte industrial L\u00edneas de embotellado Dosificadores Y mucho m\u00e1s... Ofrecemos soluciones innovadoras y personalizadas para optimizar los procesos productivos de tu empresa.\",\"email\":\"Admistracion@distribucionarc.com\",\"telephone\":\"+34 643496664\",\"legalName\":\"ARC TECH SOLUTIONS\",\"foundingDate\":\"2024-04-09\",\"vatID\":\"B55480172\",\"numberOfEmployees\":{\"@type\":\"QuantitativeValue\",\"minValue\":\"1\",\"maxValue\":\"10\"}}]}<\/script>\n<!-- \/ Yoast SEO Premium plugin. -->","yoast_head_json":{"title":"ZARP-17B APARAT ZA PREHRANU ULAZ TABLETE ZA SISANJE - ARC distribucija","robots":{"index":"index","follow":"follow","max-snippet":"max-snippet:-1","max-image-preview":"max-image-preview:large","max-video-preview":"max-video-preview:-1"},"canonical":"https:\/\/distribucionarc.com\/hr\/proizvod\/zarp-17b-stroj-za-sisanje-tableta-za-poboljsanje-prehrane\/","og_locale":"hr_HR","og_type":"article","og_title":"MAQUINA ZARP-17B PARA TABLETAS DE COMPRIMIDOS PARA CHUPAR DE ENREQUICIMIENTO NUTRICIONAL","og_description":"Presentamos la ZARP17B, una m\u00e1quina de \u00faltima generaci\u00f3n dise\u00f1ada para la producci\u00f3n de tabletas de comprimidos para chupar de enriquecimiento","og_url":"https:\/\/distribucionarc.com\/hr\/proizvod\/zarp-17b-stroj-za-sisanje-tableta-za-poboljsanje-prehrane\/","og_site_name":"distribuci\u00f3n ARC","article_modified_time":"2024-04-24T18:12:20+00:00","og_image":[{"width":680,"height":960,"url":"https:\/\/distribucionarc.com\/wp-content\/uploads\/2024\/04\/MAQUINA-ZARP-17B-PARA-TABLETAS-DE-COMPRIMIDOS-PARA-CHUPAR-DE-ENREQUICIMIENTO-NUTRICIONAL.jpg","type":"image\/jpeg"}],"twitter_card":"summary_large_image","twitter_misc":{"Procijenjeno vrijeme \u010ditanja":"1 minuta"},"schema":{"@context":"https:\/\/schema.org","@graph":[{"@type":"WebPage","@id":"https:\/\/distribucionarc.com\/hr\/producto\/maquina-zarp-17b-para-tabletas-de-comprimidos-para-chupar-de-enrequicimiento-nutricional\/","url":"https:\/\/distribucionarc.com\/hr\/producto\/maquina-zarp-17b-para-tabletas-de-comprimidos-para-chupar-de-enrequicimiento-nutricional\/","name":"ZARP-17B APARAT ZA PREHRANU ULAZ TABLETE ZA SISANJE - ARC distribucija","isPartOf":{"@id":"https:\/\/www.distribucionarc.com\/#website"},"primaryImageOfPage":{"@id":"https:\/\/distribucionarc.com\/hr\/producto\/maquina-zarp-17b-para-tabletas-de-comprimidos-para-chupar-de-enrequicimiento-nutricional\/#primaryimage"},"image":{"@id":"https:\/\/distribucionarc.com\/hr\/producto\/maquina-zarp-17b-para-tabletas-de-comprimidos-para-chupar-de-enrequicimiento-nutricional\/#primaryimage"},"thumbnailUrl":"https:\/\/distribucionarc.com\/wp-content\/uploads\/2024\/04\/MAQUINA-ZARP-17B-PARA-TABLETAS-DE-COMPRIMIDOS-PARA-CHUPAR-DE-ENREQUICIMIENTO-NUTRICIONAL.jpg","datePublished":"2024-04-24T18:12:18+00:00","dateModified":"2024-04-24T18:12:20+00:00","breadcrumb":{"@id":"https:\/\/distribucionarc.com\/hr\/producto\/maquina-zarp-17b-para-tabletas-de-comprimidos-para-chupar-de-enrequicimiento-nutricional\/#breadcrumb"},"inLanguage":"hr","potentialAction":[{"@type":"ReadAction","target":["https:\/\/distribucionarc.com\/hr\/producto\/maquina-zarp-17b-para-tabletas-de-comprimidos-para-chupar-de-enrequicimiento-nutricional\/"]}]},{"@type":"ImageObject","inLanguage":"hr","@id":"https:\/\/distribucionarc.com\/hr\/producto\/maquina-zarp-17b-para-tabletas-de-comprimidos-para-chupar-de-enrequicimiento-nutricional\/#primaryimage","url":"https:\/\/distribucionarc.com\/wp-content\/uploads\/2024\/04\/MAQUINA-ZARP-17B-PARA-TABLETAS-DE-COMPRIMIDOS-PARA-CHUPAR-DE-ENREQUICIMIENTO-NUTRICIONAL.jpg","contentUrl":"https:\/\/distribucionarc.com\/wp-content\/uploads\/2024\/04\/MAQUINA-ZARP-17B-PARA-TABLETAS-DE-COMPRIMIDOS-PARA-CHUPAR-DE-ENREQUICIMIENTO-NUTRICIONAL.jpg","width":680,"height":960,"caption":"#image_title"},{"@type":"BreadcrumbList","@id":"https:\/\/distribucionarc.com\/hr\/producto\/maquina-zarp-17b-para-tabletas-de-comprimidos-para-chupar-de-enrequicimiento-nutricional\/#breadcrumb","itemListElement":[{"@type":"ListItem","position":1,"name":"Portada","item":"https:\/\/distribucionarc.com\/pl\/"},{"@type":"ListItem","position":2,"name":"\u0627\u0644\u0645\u0646\u062a\u062c\u0627\u062a","item":"https:\/\/www.distribucionarc.com\/ar\/%d9%85%d8%ad%d9%84\/"},{"@type":"ListItem","position":3,"name":"MAQUINA ZARP-17B PARA TABLETAS DE COMPRIMIDOS PARA CHUPAR DE ENREQUICIMIENTO NUTRICIONAL"}]},{"@type":"WebSite","@id":"https:\/\/www.distribucionarc.com\/#website","url":"https:\/\/www.distribucionarc.com\/","name":"ARC distribucija","description":"Tvrtka specijalizirana za proizvodnju i distribuciju industrijskih strojeva, strojeva za zatvaranje limenki, strojeva za izradu pilula, strojeva za rezanje mesa itd.","publisher":{"@id":"https:\/\/www.distribucionarc.com\/#organization"},"potentialAction":[{"@type":"SearchAction","target":{"@type":"EntryPoint","urlTemplate":"https:\/\/www.distribucionarc.com\/?s={search_term_string}"},"query-input":{"@type":"PropertyValueSpecification","valueRequired":true,"valueName":"search_term_string"}}],"inLanguage":"hr"},{"@type":"Organization","@id":"https:\/\/www.distribucionarc.com\/#organization","name":"ARC distribucija","url":"https:\/\/www.distribucionarc.com\/","logo":{"@type":"ImageObject","inLanguage":"hr","@id":"https:\/\/www.distribucionarc.com\/#\/schema\/logo\/image\/","url":"https:\/\/distribucionarc.com\/wp-content\/uploads\/2024\/10\/distribucion-ARC-COLOR-SIN-FONDO-e1732295305345.png","contentUrl":"https:\/\/distribucionarc.com\/wp-content\/uploads\/2024\/10\/distribucion-ARC-COLOR-SIN-FONDO-e1732295305345.png","width":1164,"height":558,"caption":"Distribuci\u00f3n ARC"},"image":{"@id":"https:\/\/www.distribucionarc.com\/#\/schema\/logo\/image\/"},"description":"Tvrtka specijalizirana za proizvodnju i distribuciju industrijskih strojeva za prehrambeni i farmaceutski sektor. Specijalizirani smo za: Strojeve za rezanje mesa Proizvodnja tableta Industrijske transportne sustave Linije za punjenje Strojevi za doziranje I jo\u0161 mnogo toga... Nudimo inovativna i prilago\u0111ena rje\u0161enja za optimizaciju proizvodnih procesa Va\u0161e tvrtke.","email":"Admistracion@distribucionarc.com","telephone":"+34 643496664","legalName":"ARC TECH SOLUTIONS","foundingDate":"2024-04-09","vatID":"B55480172","numberOfEmployees":{"@type":"QuantitativeValue","minValue":"1","maxValue":"10"}}]}},"_links":{"self":[{"href":"https:\/\/distribucionarc.com\/hr\/wp-json\/wp\/v2\/product\/6649","targetHints":{"allow":["GET"]}}],"collection":[{"href":"https:\/\/distribucionarc.com\/hr\/wp-json\/wp\/v2\/product"}],"about":[{"href":"https:\/\/distribucionarc.com\/hr\/wp-json\/wp\/v2\/types\/product"}],"replies":[{"embeddable":true,"href":"https:\/\/distribucionarc.com\/hr\/wp-json\/wp\/v2\/comments?post=6649"}],"version-history":[{"count":0,"href":"https:\/\/distribucionarc.com\/hr\/wp-json\/wp\/v2\/product\/6649\/revisions"}],"wp:featuredmedia":[{"embeddable":true,"href":"https:\/\/distribucionarc.com\/hr\/wp-json\/wp\/v2\/media\/6657"}],"wp:attachment":[{"href":"https:\/\/distribucionarc.com\/hr\/wp-json\/wp\/v2\/media?parent=6649"}],"wp:term":[{"taxonomy":"product_brand","embeddable":true,"href":"https:\/\/distribucionarc.com\/hr\/wp-json\/wp\/v2\/product_brand?post=6649"},{"taxonomy":"product_cat","embeddable":true,"href":"https:\/\/distribucionarc.com\/hr\/wp-json\/wp\/v2\/product_cat?post=6649"},{"taxonomy":"product_tag","embeddable":true,"href":"https:\/\/distribucionarc.com\/hr\/wp-json\/wp\/v2\/product_tag?post=6649"}],"curies":[{"name":"radni list","href":"https:\/\/api.w.org\/{rel}","templated":true}]}}