{"id":6667,"date":"2024-04-24T18:45:23","date_gmt":"2024-04-24T18:45:23","guid":{"rendered":"https:\/\/distribucionarc.com\/?post_type=product&#038;p=6667"},"modified":"2024-04-24T18:45:25","modified_gmt":"2024-04-24T18:45:25","slug":"profesionalni-rotacijski-stroj-za-presanje-vitaminskih-i-mineralnih-tableta","status":"publish","type":"product","link":"https:\/\/distribucionarc.com\/hr\/producto\/maquina-prensadora-rotativa-profesional-para-tabletas-de-vitaminas-y-minerales\/","title":{"rendered":"PROFESIONALNA ROTACIJSKA PRE\u0160A\u010cKA ZA VITAMINSKE I MINERALNE TABLETE"},"content":{"rendered":"<p>The <strong>ZARP-15\/17\/19A Rotacijski stroj za pre\u0161anje<\/strong> idealan je za<strong> proizvodnja vitaminsko-mineralnih tableta.<\/strong> Sposoban za male serije, nudi potpunu kontrolu nad brzinom rotacije, punjenjem praha i debljinom tablete. Opremljen mehani\u010dkim ure\u0111ajem za prigu\u0161ivanje, jam\u010di za\u0161titu od o\u0161te\u0107enja uslijed preoptere\u0107enja, osiguravaju\u0107i trajnost i pouzdanost opreme.<\/p>\n<p>&nbsp;<\/p>\n<table>\n<tbody>\n<tr>\n<td width=\"142\">Model<\/td>\n<td width=\"142\">ZARP-15A<\/td>\n<td width=\"142\">ZARP-17A<\/td>\n<td width=\"142\">ZARP-19A<\/td>\n<\/tr>\n<tr>\n<td width=\"142\">Matrice za probijanje<\/td>\n<td width=\"142\">15<\/td>\n<td width=\"142\">17<\/td>\n<td width=\"142\">19<\/td>\n<\/tr>\n<tr>\n<td width=\"142\">Maksimalni tlak (kn)<\/td>\n<td width=\"142\">80<\/td>\n<td width=\"142\">80<\/td>\n<td width=\"142\">80<\/td>\n<\/tr>\n<tr>\n<td width=\"142\">Najve\u0107i promjer tableta (mm)<\/td>\n<td width=\"142\">3-25<\/td>\n<td width=\"142\">3-20<\/td>\n<td width=\"142\">3-13<\/td>\n<\/tr>\n<tr>\n<td width=\"142\">Maksimalna dubina punjenja (mm)<\/td>\n<td width=\"142\">0-17 (podesivo)<\/td>\n<td width=\"142\">0-17 (podesivo)<\/td>\n<td width=\"142\">0-17 (podesivo)<\/td>\n<\/tr>\n<tr>\n<td width=\"142\">Maksimalna debljina tableta (mm)<\/td>\n<td width=\"142\">0-8 podesivo<\/td>\n<td width=\"142\">0-8 podesivo<\/td>\n<td width=\"142\">0-8 podesivo<\/td>\n<\/tr>\n<tr>\n<td width=\"142\">Brzina kupole (r-min)<\/td>\n<td width=\"142\">0-30<\/td>\n<td width=\"142\">0-30<\/td>\n<td width=\"142\">0-30<\/td>\n<\/tr>\n<tr>\n<td width=\"142\">Kapacitet proizvodnje (kom\/h)<\/td>\n<td width=\"142\">31500<\/td>\n<td width=\"142\">35700<\/td>\n<td width=\"142\">39900<\/td>\n<\/tr>\n<tr>\n<td width=\"142\">Napon (V)<\/td>\n<td width=\"142\">220V I 380V<\/td>\n<td width=\"142\">220V 380V<\/td>\n<td width=\"142\">220V 380V<\/td>\n<\/tr>\n<tr>\n<td width=\"142\">Snaga motora (kw)<\/td>\n<td width=\"142\">3.0<\/td>\n<td width=\"142\">3.0<\/td>\n<td width=\"142\">3.0<\/td>\n<\/tr>\n<tr>\n<td width=\"142\">Ukupna veli\u010dina (mm)<\/td>\n<td width=\"142\">800*<\/p>\n<p>850*<\/p>\n<p>1750*<\/td>\n<td width=\"142\">800*<\/p>\n<p>850*<\/p>\n<p>1750*<\/td>\n<td width=\"142\">800*<\/p>\n<p>850*<\/p>\n<p>1750*<\/td>\n<\/tr>\n<tr>\n<td width=\"142\">Neto te\u017eina kg<\/td>\n<td width=\"142\">500<\/td>\n<td width=\"142\">500<\/td>\n<td width=\"142\">500<\/td>\n<\/tr>\n<\/tbody>\n<\/table>","protected":false},"excerpt":{"rendered":"<p>Rotacijska pre\u0161a za tablete ZARP-15\/17\/19A idealna je za proizvodnju tableta vitamina i minerala. S kapacitetom za serije<\/p>","protected":false},"featured_media":6668,"comment_status":"open","ping_status":"closed","template":"","meta":{"wds_primary_product_brand":0,"wds_primary_product_cat":0},"product_brand":[],"product_cat":[84],"product_tag":[],"class_list":{"0":"post-6667","1":"product","2":"type-product","3":"status-publish","4":"has-post-thumbnail","6":"product_cat-maquinas-para-hacer-pastillas","8":"first","9":"instock","10":"taxable","11":"shipping-taxable","12":"purchasable","13":"product-type-simple"},"yoast_head":"<!-- This site is optimized with the Yoast SEO Premium plugin v24.9 (Yoast SEO v26.1) - https:\/\/yoast.com\/wordpress\/plugins\/seo\/ -->\n<title>MAQUINA PRENSADORA ROTATIVA PROFESIONAL PARA TABLETAS DE VITAMINAS Y MINERALES - distribuci\u00f3n ARC<\/title>\n<meta name=\"robots\" content=\"index, follow, max-snippet:-1, max-image-preview:large, max-video-preview:-1\" \/>\n<link rel=\"canonical\" href=\"https:\/\/distribucionarc.com\/hr\/proizvod\/profesionalni-rotacijski-stroj-za-presanje-vitaminskih-i-mineralnih-tableta\/\" \/>\n<meta property=\"og:locale\" content=\"hr_HR\" \/>\n<meta property=\"og:type\" content=\"article\" \/>\n<meta property=\"og:title\" content=\"MAQUINA PRENSADORA ROTATIVA PROFESIONAL PARA TABLETAS DE VITAMINAS Y MINERALES\" \/>\n<meta property=\"og:description\" content=\"La M\u00e1quina Prensadora Rotativa ZARP-15\/17\/19A es ideal para la producci\u00f3n de tabletas de vitaminas y minerales. Con capacidad para lotes\" \/>\n<meta property=\"og:url\" content=\"https:\/\/distribucionarc.com\/hr\/proizvod\/profesionalni-rotacijski-stroj-za-presanje-vitaminskih-i-mineralnih-tableta\/\" \/>\n<meta property=\"og:site_name\" content=\"distribuci\u00f3n ARC\" \/>\n<meta property=\"article:modified_time\" content=\"2024-04-24T18:45:25+00:00\" \/>\n<meta property=\"og:image\" content=\"https:\/\/distribucionarc.com\/wp-content\/uploads\/2024\/04\/MAQUINA-PRENSADORA-ROTATIVA-PROFESIONAL-PARA-TABLETAS-DE-VITAMINAS-Y-MINERALES.jpg\" \/>\n\t<meta property=\"og:image:width\" content=\"664\" \/>\n\t<meta property=\"og:image:height\" content=\"960\" \/>\n\t<meta property=\"og:image:type\" content=\"image\/jpeg\" \/>\n<meta name=\"twitter:card\" content=\"summary_large_image\" \/>\n<meta name=\"twitter:label1\" content=\"Procijenjeno vrijeme \u010ditanja\" \/>\n\t<meta name=\"twitter:data1\" content=\"1 minuta\" \/>\n<script type=\"application\/ld+json\" class=\"yoast-schema-graph\">{\"@context\":\"https:\/\/schema.org\",\"@graph\":[{\"@type\":\"WebPage\",\"@id\":\"https:\/\/distribucionarc.com\/fr\/producto\/maquina-prensadora-rotativa-profesional-para-tabletas-de-vitaminas-y-minerales\/\",\"url\":\"https:\/\/distribucionarc.com\/fr\/producto\/maquina-prensadora-rotativa-profesional-para-tabletas-de-vitaminas-y-minerales\/\",\"name\":\"MAQUINA PRENSADORA ROTATIVA PROFESIONAL PARA TABLETAS DE VITAMINAS Y MINERALES - distribuci\u00f3n ARC\",\"isPartOf\":{\"@id\":\"https:\/\/distribucionarc.com\/de\/#website\"},\"primaryImageOfPage\":{\"@id\":\"https:\/\/distribucionarc.com\/fr\/producto\/maquina-prensadora-rotativa-profesional-para-tabletas-de-vitaminas-y-minerales\/#primaryimage\"},\"image\":{\"@id\":\"https:\/\/distribucionarc.com\/fr\/producto\/maquina-prensadora-rotativa-profesional-para-tabletas-de-vitaminas-y-minerales\/#primaryimage\"},\"thumbnailUrl\":\"https:\/\/distribucionarc.com\/wp-content\/uploads\/2024\/04\/MAQUINA-PRENSADORA-ROTATIVA-PROFESIONAL-PARA-TABLETAS-DE-VITAMINAS-Y-MINERALES.jpg\",\"datePublished\":\"2024-04-24T18:45:23+00:00\",\"dateModified\":\"2024-04-24T18:45:25+00:00\",\"breadcrumb\":{\"@id\":\"https:\/\/distribucionarc.com\/fr\/producto\/maquina-prensadora-rotativa-profesional-para-tabletas-de-vitaminas-y-minerales\/#breadcrumb\"},\"inLanguage\":\"hr\",\"potentialAction\":[{\"@type\":\"ReadAction\",\"target\":[\"https:\/\/distribucionarc.com\/fr\/producto\/maquina-prensadora-rotativa-profesional-para-tabletas-de-vitaminas-y-minerales\/\"]}]},{\"@type\":\"ImageObject\",\"inLanguage\":\"hr\",\"@id\":\"https:\/\/distribucionarc.com\/fr\/producto\/maquina-prensadora-rotativa-profesional-para-tabletas-de-vitaminas-y-minerales\/#primaryimage\",\"url\":\"https:\/\/distribucionarc.com\/wp-content\/uploads\/2024\/04\/MAQUINA-PRENSADORA-ROTATIVA-PROFESIONAL-PARA-TABLETAS-DE-VITAMINAS-Y-MINERALES.jpg\",\"contentUrl\":\"https:\/\/distribucionarc.com\/wp-content\/uploads\/2024\/04\/MAQUINA-PRENSADORA-ROTATIVA-PROFESIONAL-PARA-TABLETAS-DE-VITAMINAS-Y-MINERALES.jpg\",\"width\":664,\"height\":960,\"caption\":\"#image_title\"},{\"@type\":\"BreadcrumbList\",\"@id\":\"https:\/\/distribucionarc.com\/fr\/producto\/maquina-prensadora-rotativa-profesional-para-tabletas-de-vitaminas-y-minerales\/#breadcrumb\",\"itemListElement\":[{\"@type\":\"ListItem\",\"position\":1,\"name\":\"Portada\",\"item\":\"https:\/\/distribucionarc.com\/pl\/\"},{\"@type\":\"ListItem\",\"position\":2,\"name\":\"Produkty\",\"item\":\"https:\/\/distribucionarc.com\/pl\/shop\/\"},{\"@type\":\"ListItem\",\"position\":3,\"name\":\"MAQUINA PRENSADORA ROTATIVA PROFESIONAL PARA TABLETAS DE VITAMINAS Y MINERALES\"}]},{\"@type\":\"WebSite\",\"@id\":\"https:\/\/distribucionarc.com\/de\/#website\",\"url\":\"https:\/\/distribucionarc.com\/de\/\",\"name\":\"distribuci\u00f3n ARC\",\"description\":\"Empresa especializada en la fabricaci\u00f3n y distribuci\u00f3n de maquinaria industrial, selladoras de latas, Maquinas de hacer pastillas, Maquinas de cortar carne...\",\"publisher\":{\"@id\":\"https:\/\/distribucionarc.com\/de\/#organization\"},\"potentialAction\":[{\"@type\":\"SearchAction\",\"target\":{\"@type\":\"EntryPoint\",\"urlTemplate\":\"https:\/\/distribucionarc.com\/de\/?s={search_term_string}\"},\"query-input\":{\"@type\":\"PropertyValueSpecification\",\"valueRequired\":true,\"valueName\":\"search_term_string\"}}],\"inLanguage\":\"hr\"},{\"@type\":\"Organization\",\"@id\":\"https:\/\/distribucionarc.com\/de\/#organization\",\"name\":\"Distribuci\u00f3n ARC\",\"url\":\"https:\/\/distribucionarc.com\/de\/\",\"logo\":{\"@type\":\"ImageObject\",\"inLanguage\":\"hr\",\"@id\":\"https:\/\/distribucionarc.com\/de\/#\/schema\/logo\/image\/\",\"url\":\"https:\/\/distribucionarc.com\/wp-content\/uploads\/2024\/10\/distribucion-ARC-COLOR-SIN-FONDO-e1732295305345.png\",\"contentUrl\":\"https:\/\/distribucionarc.com\/wp-content\/uploads\/2024\/10\/distribucion-ARC-COLOR-SIN-FONDO-e1732295305345.png\",\"width\":1164,\"height\":558,\"caption\":\"Distribuci\u00f3n ARC\"},\"image\":{\"@id\":\"https:\/\/distribucionarc.com\/de\/#\/schema\/logo\/image\/\"},\"description\":\"Empresa especializada en la fabricaci\u00f3n y distribuci\u00f3n de maquinaria industrial para los sectores alimentario y farmac\u00e9utico. Nos especializamos en: M\u00e1quinas de cortar carne Fabricaci\u00f3n de comprimidos Sistemas de transporte industrial L\u00edneas de embotellado Dosificadores Y mucho m\u00e1s... Ofrecemos soluciones innovadoras y personalizadas para optimizar los procesos productivos de tu empresa.\",\"email\":\"Admistracion@distribucionarc.com\",\"telephone\":\"+34 643496664\",\"legalName\":\"ARC TECH SOLUTIONS\",\"foundingDate\":\"2024-04-09\",\"vatID\":\"B55480172\",\"numberOfEmployees\":{\"@type\":\"QuantitativeValue\",\"minValue\":\"1\",\"maxValue\":\"10\"}}]}<\/script>\n<!-- \/ Yoast SEO Premium plugin. -->","yoast_head_json":{"title":"PROFESIONALNA ROTACIJSKA PRE\u0160A ZA VITAMINSKE I MINERALNE TABLETE - ARC distribucija","robots":{"index":"index","follow":"follow","max-snippet":"max-snippet:-1","max-image-preview":"max-image-preview:large","max-video-preview":"max-video-preview:-1"},"canonical":"https:\/\/distribucionarc.com\/hr\/proizvod\/profesionalni-rotacijski-stroj-za-presanje-vitaminskih-i-mineralnih-tableta\/","og_locale":"hr_HR","og_type":"article","og_title":"MAQUINA PRENSADORA ROTATIVA PROFESIONAL PARA TABLETAS DE VITAMINAS Y MINERALES","og_description":"La M\u00e1quina Prensadora Rotativa ZARP-15\/17\/19A es ideal para la producci\u00f3n de tabletas de vitaminas y minerales. Con capacidad para lotes","og_url":"https:\/\/distribucionarc.com\/hr\/proizvod\/profesionalni-rotacijski-stroj-za-presanje-vitaminskih-i-mineralnih-tableta\/","og_site_name":"distribuci\u00f3n ARC","article_modified_time":"2024-04-24T18:45:25+00:00","og_image":[{"width":664,"height":960,"url":"https:\/\/distribucionarc.com\/wp-content\/uploads\/2024\/04\/MAQUINA-PRENSADORA-ROTATIVA-PROFESIONAL-PARA-TABLETAS-DE-VITAMINAS-Y-MINERALES.jpg","type":"image\/jpeg"}],"twitter_card":"summary_large_image","twitter_misc":{"Procijenjeno vrijeme \u010ditanja":"1 minuta"},"schema":{"@context":"https:\/\/schema.org","@graph":[{"@type":"WebPage","@id":"https:\/\/distribucionarc.com\/fr\/producto\/maquina-prensadora-rotativa-profesional-para-tabletas-de-vitaminas-y-minerales\/","url":"https:\/\/distribucionarc.com\/fr\/producto\/maquina-prensadora-rotativa-profesional-para-tabletas-de-vitaminas-y-minerales\/","name":"PROFESIONALNA ROTACIJSKA PRE\u0160A ZA VITAMINSKE I MINERALNE TABLETE - ARC distribucija","isPartOf":{"@id":"https:\/\/distribucionarc.com\/de\/#website"},"primaryImageOfPage":{"@id":"https:\/\/distribucionarc.com\/fr\/producto\/maquina-prensadora-rotativa-profesional-para-tabletas-de-vitaminas-y-minerales\/#primaryimage"},"image":{"@id":"https:\/\/distribucionarc.com\/fr\/producto\/maquina-prensadora-rotativa-profesional-para-tabletas-de-vitaminas-y-minerales\/#primaryimage"},"thumbnailUrl":"https:\/\/distribucionarc.com\/wp-content\/uploads\/2024\/04\/MAQUINA-PRENSADORA-ROTATIVA-PROFESIONAL-PARA-TABLETAS-DE-VITAMINAS-Y-MINERALES.jpg","datePublished":"2024-04-24T18:45:23+00:00","dateModified":"2024-04-24T18:45:25+00:00","breadcrumb":{"@id":"https:\/\/distribucionarc.com\/fr\/producto\/maquina-prensadora-rotativa-profesional-para-tabletas-de-vitaminas-y-minerales\/#breadcrumb"},"inLanguage":"hr","potentialAction":[{"@type":"ReadAction","target":["https:\/\/distribucionarc.com\/fr\/producto\/maquina-prensadora-rotativa-profesional-para-tabletas-de-vitaminas-y-minerales\/"]}]},{"@type":"ImageObject","inLanguage":"hr","@id":"https:\/\/distribucionarc.com\/fr\/producto\/maquina-prensadora-rotativa-profesional-para-tabletas-de-vitaminas-y-minerales\/#primaryimage","url":"https:\/\/distribucionarc.com\/wp-content\/uploads\/2024\/04\/MAQUINA-PRENSADORA-ROTATIVA-PROFESIONAL-PARA-TABLETAS-DE-VITAMINAS-Y-MINERALES.jpg","contentUrl":"https:\/\/distribucionarc.com\/wp-content\/uploads\/2024\/04\/MAQUINA-PRENSADORA-ROTATIVA-PROFESIONAL-PARA-TABLETAS-DE-VITAMINAS-Y-MINERALES.jpg","width":664,"height":960,"caption":"#image_title"},{"@type":"BreadcrumbList","@id":"https:\/\/distribucionarc.com\/fr\/producto\/maquina-prensadora-rotativa-profesional-para-tabletas-de-vitaminas-y-minerales\/#breadcrumb","itemListElement":[{"@type":"ListItem","position":1,"name":"Portada","item":"https:\/\/distribucionarc.com\/pl\/"},{"@type":"ListItem","position":2,"name":"Produkty","item":"https:\/\/distribucionarc.com\/pl\/shop\/"},{"@type":"ListItem","position":3,"name":"MAQUINA PRENSADORA ROTATIVA PROFESIONAL PARA TABLETAS DE VITAMINAS Y MINERALES"}]},{"@type":"WebSite","@id":"https:\/\/distribucionarc.com\/de\/#website","url":"https:\/\/distribucionarc.com\/de\/","name":"ARC distribucija","description":"Tvrtka specijalizirana za proizvodnju i distribuciju industrijskih strojeva, strojeva za zatvaranje limenki, strojeva za izradu pilula, strojeva za rezanje mesa itd.","publisher":{"@id":"https:\/\/distribucionarc.com\/de\/#organization"},"potentialAction":[{"@type":"SearchAction","target":{"@type":"EntryPoint","urlTemplate":"https:\/\/distribucionarc.com\/de\/?s={search_term_string}"},"query-input":{"@type":"PropertyValueSpecification","valueRequired":true,"valueName":"search_term_string"}}],"inLanguage":"hr"},{"@type":"Organization","@id":"https:\/\/distribucionarc.com\/de\/#organization","name":"ARC distribucija","url":"https:\/\/distribucionarc.com\/de\/","logo":{"@type":"ImageObject","inLanguage":"hr","@id":"https:\/\/distribucionarc.com\/de\/#\/schema\/logo\/image\/","url":"https:\/\/distribucionarc.com\/wp-content\/uploads\/2024\/10\/distribucion-ARC-COLOR-SIN-FONDO-e1732295305345.png","contentUrl":"https:\/\/distribucionarc.com\/wp-content\/uploads\/2024\/10\/distribucion-ARC-COLOR-SIN-FONDO-e1732295305345.png","width":1164,"height":558,"caption":"Distribuci\u00f3n ARC"},"image":{"@id":"https:\/\/distribucionarc.com\/de\/#\/schema\/logo\/image\/"},"description":"Tvrtka specijalizirana za proizvodnju i distribuciju industrijskih strojeva za prehrambeni i farmaceutski sektor. Specijalizirani smo za: Strojeve za rezanje mesa Proizvodnja tableta Industrijske transportne sustave Linije za punjenje Strojevi za doziranje I jo\u0161 mnogo toga... Nudimo inovativna i prilago\u0111ena rje\u0161enja za optimizaciju proizvodnih procesa Va\u0161e tvrtke.","email":"Admistracion@distribucionarc.com","telephone":"+34 643496664","legalName":"ARC TECH SOLUTIONS","foundingDate":"2024-04-09","vatID":"B55480172","numberOfEmployees":{"@type":"QuantitativeValue","minValue":"1","maxValue":"10"}}]}},"_links":{"self":[{"href":"https:\/\/distribucionarc.com\/hr\/wp-json\/wp\/v2\/product\/6667","targetHints":{"allow":["GET"]}}],"collection":[{"href":"https:\/\/distribucionarc.com\/hr\/wp-json\/wp\/v2\/product"}],"about":[{"href":"https:\/\/distribucionarc.com\/hr\/wp-json\/wp\/v2\/types\/product"}],"replies":[{"embeddable":true,"href":"https:\/\/distribucionarc.com\/hr\/wp-json\/wp\/v2\/comments?post=6667"}],"version-history":[{"count":0,"href":"https:\/\/distribucionarc.com\/hr\/wp-json\/wp\/v2\/product\/6667\/revisions"}],"wp:featuredmedia":[{"embeddable":true,"href":"https:\/\/distribucionarc.com\/hr\/wp-json\/wp\/v2\/media\/6668"}],"wp:attachment":[{"href":"https:\/\/distribucionarc.com\/hr\/wp-json\/wp\/v2\/media?parent=6667"}],"wp:term":[{"taxonomy":"product_brand","embeddable":true,"href":"https:\/\/distribucionarc.com\/hr\/wp-json\/wp\/v2\/product_brand?post=6667"},{"taxonomy":"product_cat","embeddable":true,"href":"https:\/\/distribucionarc.com\/hr\/wp-json\/wp\/v2\/product_cat?post=6667"},{"taxonomy":"product_tag","embeddable":true,"href":"https:\/\/distribucionarc.com\/hr\/wp-json\/wp\/v2\/product_tag?post=6667"}],"curies":[{"name":"radni list","href":"https:\/\/api.w.org\/{rel}","templated":true}]}}