{"id":6748,"date":"2024-04-25T12:11:18","date_gmt":"2024-04-25T12:11:18","guid":{"rendered":"https:\/\/distribucionarc.com\/?post_type=product&#038;p=6748"},"modified":"2024-04-25T12:12:15","modified_gmt":"2024-04-25T12:12:15","slug":"presanje-tableta-za-zvakace-vitaminske-impulsne-tablete","status":"publish","type":"product","link":"https:\/\/distribucionarc.com\/hr\/producto\/prensadora-de-tabletas-para-comprimidos-masticables-de-impulso-vitaminico\/","title":{"rendered":"PRE\u0160A ZA TABLETE ZA VITAMIN BOOST TABLETE ZA \u017dVAKANJE"},"content":{"rendered":"<p><strong>Rotaciona pre\u0161a za tablete serije ZARPS<\/strong> Rije\u010d je o vrhunskom stroju za proizvodnju <strong>tablete za \u017evakanje za pove\u0107anje vitamina.<\/strong> Opremljen PLC kontrolom, nudi precizno pode\u0161avanje tlaka, dubine punjenja, debljine tablete i kapaciteta. Osim toga, ima USB su\u010delje za izvoz radnih podataka.<\/p>\n<p>&nbsp;<\/p>\n<table>\n<tbody>\n<tr>\n<td width=\"113\">Model<\/td>\n<td width=\"113\">ZARPS-8<\/td>\n<td width=\"113\">ZARPS-10<\/td>\n<td width=\"113\">ZARPS-18<\/td>\n<td width=\"113\">ZARPS-20<\/td>\n<\/tr>\n<tr>\n<td width=\"113\">Matrice za probijanje<\/td>\n<td width=\"113\">8<\/td>\n<td width=\"113\">10<\/td>\n<td width=\"113\">18<\/td>\n<td width=\"113\">20<\/td>\n<\/tr>\n<tr>\n<td width=\"113\">Vrsta alata<\/td>\n<td width=\"113\">IPT<\/td>\n<td width=\"113\">IPT<\/td>\n<td width=\"113\">ZP<\/td>\n<td width=\"113\">ZP<\/td>\n<\/tr>\n<tr>\n<td width=\"113\">max tlak<\/td>\n<td width=\"113\">80<\/td>\n<td width=\"113\">80<\/td>\n<td width=\"113\">80<\/td>\n<td width=\"113\">80<\/td>\n<\/tr>\n<tr>\n<td width=\"113\">Predtlak kukuruza (kn)<\/td>\n<td width=\"113\">10<\/td>\n<td width=\"113\">10<\/td>\n<td width=\"113\">10<\/td>\n<td width=\"113\">10<\/td>\n<\/tr>\n<tr>\n<td width=\"113\">Maksimalni promjer tablete (mm)<\/td>\n<td width=\"113\">23<\/td>\n<td width=\"113\">22<\/td>\n<td width=\"113\">13<\/td>\n<td width=\"113\">13<\/td>\n<\/tr>\n<tr>\n<td width=\"113\">Maksimalna dubina punjenja (mm)<\/td>\n<td width=\"113\">17<\/td>\n<td width=\"113\">17<\/td>\n<td width=\"113\">17<\/td>\n<td width=\"113\">17<\/td>\n<\/tr>\n<tr>\n<td width=\"113\">Maksimalna debljina tableta (mm)<\/td>\n<td width=\"113\">6<\/td>\n<td width=\"113\">6<\/td>\n<td width=\"113\">6<\/td>\n<td width=\"113\">6<\/td>\n<\/tr>\n<tr>\n<td width=\"113\">Brzina kupole (r\/min)<\/td>\n<td width=\"113\">5-30<\/td>\n<td width=\"113\">5-30<\/td>\n<td width=\"113\">5-30<\/td>\n<td width=\"113\">5-30<\/td>\n<\/tr>\n<tr>\n<td width=\"113\">Kapacitet proizvodnje (kom\/h)<\/td>\n<td width=\"113\">14400<\/td>\n<td width=\"113\">1800<\/td>\n<td width=\"113\">32400<\/td>\n<td width=\"113\">36000<\/td>\n<\/tr>\n<tr>\n<td width=\"113\">Snaga motora (kw)<\/td>\n<td width=\"113\">2.2<\/td>\n<td width=\"113\">2.2<\/td>\n<td width=\"113\">2.2<\/td>\n<td width=\"113\">2.2<\/td>\n<\/tr>\n<tr>\n<td width=\"113\">Ukupna veli\u010dina (mm)<\/td>\n<td width=\"113\">750*<\/p>\n<p>660*<\/p>\n<p>1620*<\/td>\n<td width=\"113\">750*<\/p>\n<p>660*<\/p>\n<p>1620*<\/td>\n<td width=\"113\">750*<\/p>\n<p>660*<\/p>\n<p>1620*<\/td>\n<td width=\"113\">750*<\/p>\n<p>660*<\/p>\n<p>1620*<\/td>\n<\/tr>\n<tr>\n<td width=\"113\">Neto te\u017eina<\/td>\n<td width=\"113\">780<\/td>\n<td width=\"113\">780<\/td>\n<td width=\"113\">780<\/td>\n<td width=\"113\">780<\/td>\n<\/tr>\n<tr>\n<td width=\"113\">&nbsp;<\/td>\n<td width=\"113\">&nbsp;<\/td>\n<td width=\"113\">&nbsp;<\/td>\n<td width=\"113\">&nbsp;<\/td>\n<td width=\"113\">&nbsp;<\/td>\n<\/tr>\n<\/tbody>\n<\/table>","protected":false},"excerpt":{"rendered":"<p>Rotacijska pre\u0161a za tablete serije ZARPS je najsuvremeniji stroj za proizvodnju impulsnih tableta za \u017evakanje.<\/p>","protected":false},"featured_media":6749,"comment_status":"open","ping_status":"closed","template":"","meta":{"wds_primary_product_brand":0,"wds_primary_product_cat":0},"product_brand":[],"product_cat":[84],"product_tag":[],"class_list":{"0":"post-6748","1":"product","2":"type-product","3":"status-publish","4":"has-post-thumbnail","6":"product_cat-maquinas-para-hacer-pastillas","8":"first","9":"instock","10":"taxable","11":"shipping-taxable","12":"purchasable","13":"product-type-simple"},"yoast_head":"<!-- This site is optimized with the Yoast SEO Premium plugin v24.9 (Yoast SEO v26.1) - https:\/\/yoast.com\/wordpress\/plugins\/seo\/ -->\n<title>PRENSADORA DE TABLETAS PARA COMPRIMIDOS MASTICABLES DE IMPULSO VITAMINICO - distribuci\u00f3n ARC<\/title>\n<meta name=\"robots\" content=\"index, follow, max-snippet:-1, max-image-preview:large, max-video-preview:-1\" \/>\n<link rel=\"canonical\" href=\"https:\/\/www.distribucionarc.com\/ar\/producto\/prensadora-de-tabletas-para-comprimidos-masticables-de-impulso-vitaminico\/\" \/>\n<meta property=\"og:locale\" content=\"hr_HR\" \/>\n<meta property=\"og:type\" content=\"article\" \/>\n<meta property=\"og:title\" content=\"PRENSADORA DE TABLETAS PARA COMPRIMIDOS MASTICABLES DE IMPULSO VITAMINICO\" \/>\n<meta property=\"og:description\" content=\"La prensadora de tabletas rotativa serie ZARPS es una m\u00e1quina de vanguardia para la producci\u00f3n de comprimidos masticables de impulso\" \/>\n<meta property=\"og:url\" content=\"https:\/\/www.distribucionarc.com\/ar\/producto\/prensadora-de-tabletas-para-comprimidos-masticables-de-impulso-vitaminico\/\" \/>\n<meta property=\"og:site_name\" content=\"distribuci\u00f3n ARC\" \/>\n<meta property=\"article:modified_time\" content=\"2024-04-25T12:12:15+00:00\" \/>\n<meta property=\"og:image\" content=\"https:\/\/www.distribucionarc.com\/wp-content\/uploads\/2024\/04\/PRENSADORA-DE-TABLETAS-PARA-COMPRIMIDOS-MASTICABLES-DE-IMPULSO-VITAMINICO.jpg\" \/>\n\t<meta property=\"og:image:width\" content=\"656\" \/>\n\t<meta property=\"og:image:height\" content=\"848\" \/>\n\t<meta property=\"og:image:type\" content=\"image\/jpeg\" \/>\n<meta name=\"twitter:card\" content=\"summary_large_image\" \/>\n<meta name=\"twitter:label1\" content=\"Procijenjeno vrijeme \u010ditanja\" \/>\n\t<meta name=\"twitter:data1\" content=\"1 minuta\" \/>\n<script type=\"application\/ld+json\" class=\"yoast-schema-graph\">{\"@context\":\"https:\/\/schema.org\",\"@graph\":[{\"@type\":\"WebPage\",\"@id\":\"https:\/\/www.distribucionarc.com\/ar\/producto\/prensadora-de-tabletas-para-comprimidos-masticables-de-impulso-vitaminico\/\",\"url\":\"https:\/\/www.distribucionarc.com\/ar\/producto\/prensadora-de-tabletas-para-comprimidos-masticables-de-impulso-vitaminico\/\",\"name\":\"PRENSADORA DE TABLETAS PARA COMPRIMIDOS MASTICABLES DE IMPULSO VITAMINICO - distribuci\u00f3n ARC\",\"isPartOf\":{\"@id\":\"https:\/\/distribucionarc.com\/de\/#website\"},\"primaryImageOfPage\":{\"@id\":\"https:\/\/www.distribucionarc.com\/ar\/producto\/prensadora-de-tabletas-para-comprimidos-masticables-de-impulso-vitaminico\/#primaryimage\"},\"image\":{\"@id\":\"https:\/\/www.distribucionarc.com\/ar\/producto\/prensadora-de-tabletas-para-comprimidos-masticables-de-impulso-vitaminico\/#primaryimage\"},\"thumbnailUrl\":\"https:\/\/distribucionarc.com\/wp-content\/uploads\/2024\/04\/PRENSADORA-DE-TABLETAS-PARA-COMPRIMIDOS-MASTICABLES-DE-IMPULSO-VITAMINICO.jpg\",\"datePublished\":\"2024-04-25T12:11:18+00:00\",\"dateModified\":\"2024-04-25T12:12:15+00:00\",\"breadcrumb\":{\"@id\":\"https:\/\/www.distribucionarc.com\/ar\/producto\/prensadora-de-tabletas-para-comprimidos-masticables-de-impulso-vitaminico\/#breadcrumb\"},\"inLanguage\":\"hr\",\"potentialAction\":[{\"@type\":\"ReadAction\",\"target\":[\"https:\/\/www.distribucionarc.com\/ar\/producto\/prensadora-de-tabletas-para-comprimidos-masticables-de-impulso-vitaminico\/\"]}]},{\"@type\":\"ImageObject\",\"inLanguage\":\"hr\",\"@id\":\"https:\/\/www.distribucionarc.com\/ar\/producto\/prensadora-de-tabletas-para-comprimidos-masticables-de-impulso-vitaminico\/#primaryimage\",\"url\":\"https:\/\/distribucionarc.com\/wp-content\/uploads\/2024\/04\/PRENSADORA-DE-TABLETAS-PARA-COMPRIMIDOS-MASTICABLES-DE-IMPULSO-VITAMINICO.jpg\",\"contentUrl\":\"https:\/\/distribucionarc.com\/wp-content\/uploads\/2024\/04\/PRENSADORA-DE-TABLETAS-PARA-COMPRIMIDOS-MASTICABLES-DE-IMPULSO-VITAMINICO.jpg\",\"width\":656,\"height\":848,\"caption\":\"#image_title\"},{\"@type\":\"BreadcrumbList\",\"@id\":\"https:\/\/www.distribucionarc.com\/ar\/producto\/prensadora-de-tabletas-para-comprimidos-masticables-de-impulso-vitaminico\/#breadcrumb\",\"itemListElement\":[{\"@type\":\"ListItem\",\"position\":1,\"name\":\"Portada\",\"item\":\"https:\/\/distribucionarc.com\/pl\/\"},{\"@type\":\"ListItem\",\"position\":2,\"name\":\"Produkty\",\"item\":\"https:\/\/distribucionarc.com\/pl\/shop\/\"},{\"@type\":\"ListItem\",\"position\":3,\"name\":\"PRENSADORA DE TABLETAS PARA COMPRIMIDOS MASTICABLES DE IMPULSO VITAMINICO\"}]},{\"@type\":\"WebSite\",\"@id\":\"https:\/\/distribucionarc.com\/de\/#website\",\"url\":\"https:\/\/distribucionarc.com\/de\/\",\"name\":\"distribuci\u00f3n ARC\",\"description\":\"Empresa especializada en la fabricaci\u00f3n y distribuci\u00f3n de maquinaria industrial, selladoras de latas, Maquinas de hacer pastillas, Maquinas de cortar carne...\",\"publisher\":{\"@id\":\"https:\/\/distribucionarc.com\/de\/#organization\"},\"potentialAction\":[{\"@type\":\"SearchAction\",\"target\":{\"@type\":\"EntryPoint\",\"urlTemplate\":\"https:\/\/distribucionarc.com\/de\/?s={search_term_string}\"},\"query-input\":{\"@type\":\"PropertyValueSpecification\",\"valueRequired\":true,\"valueName\":\"search_term_string\"}}],\"inLanguage\":\"hr\"},{\"@type\":\"Organization\",\"@id\":\"https:\/\/distribucionarc.com\/de\/#organization\",\"name\":\"Distribuci\u00f3n ARC\",\"url\":\"https:\/\/distribucionarc.com\/de\/\",\"logo\":{\"@type\":\"ImageObject\",\"inLanguage\":\"hr\",\"@id\":\"https:\/\/distribucionarc.com\/de\/#\/schema\/logo\/image\/\",\"url\":\"https:\/\/distribucionarc.com\/wp-content\/uploads\/2024\/10\/distribucion-ARC-COLOR-SIN-FONDO-e1732295305345.png\",\"contentUrl\":\"https:\/\/distribucionarc.com\/wp-content\/uploads\/2024\/10\/distribucion-ARC-COLOR-SIN-FONDO-e1732295305345.png\",\"width\":1164,\"height\":558,\"caption\":\"Distribuci\u00f3n ARC\"},\"image\":{\"@id\":\"https:\/\/distribucionarc.com\/de\/#\/schema\/logo\/image\/\"},\"description\":\"Empresa especializada en la fabricaci\u00f3n y distribuci\u00f3n de maquinaria industrial para los sectores alimentario y farmac\u00e9utico. Nos especializamos en: M\u00e1quinas de cortar carne Fabricaci\u00f3n de comprimidos Sistemas de transporte industrial L\u00edneas de embotellado Dosificadores Y mucho m\u00e1s... Ofrecemos soluciones innovadoras y personalizadas para optimizar los procesos productivos de tu empresa.\",\"email\":\"Admistracion@distribucionarc.com\",\"telephone\":\"+34 643496664\",\"legalName\":\"ARC TECH SOLUTIONS\",\"foundingDate\":\"2024-04-09\",\"vatID\":\"B55480172\",\"numberOfEmployees\":{\"@type\":\"QuantitativeValue\",\"minValue\":\"1\",\"maxValue\":\"10\"}}]}<\/script>\n<!-- \/ Yoast SEO Premium plugin. -->","yoast_head_json":{"title":"PRE\u0160A ZA TABLETE ZA VITAMIN BOOST TABLETE ZA \u017dVAKANJE - ARC distribucija","robots":{"index":"index","follow":"follow","max-snippet":"max-snippet:-1","max-image-preview":"max-image-preview:large","max-video-preview":"max-video-preview:-1"},"canonical":"https:\/\/www.distribucionarc.com\/ar\/producto\/prensadora-de-tabletas-para-comprimidos-masticables-de-impulso-vitaminico\/","og_locale":"hr_HR","og_type":"article","og_title":"PRENSADORA DE TABLETAS PARA COMPRIMIDOS MASTICABLES DE IMPULSO VITAMINICO","og_description":"La prensadora de tabletas rotativa serie ZARPS es una m\u00e1quina de vanguardia para la producci\u00f3n de comprimidos masticables de impulso","og_url":"https:\/\/www.distribucionarc.com\/ar\/producto\/prensadora-de-tabletas-para-comprimidos-masticables-de-impulso-vitaminico\/","og_site_name":"distribuci\u00f3n ARC","article_modified_time":"2024-04-25T12:12:15+00:00","og_image":[{"width":656,"height":848,"url":"https:\/\/www.distribucionarc.com\/wp-content\/uploads\/2024\/04\/PRENSADORA-DE-TABLETAS-PARA-COMPRIMIDOS-MASTICABLES-DE-IMPULSO-VITAMINICO.jpg","type":"image\/jpeg"}],"twitter_card":"summary_large_image","twitter_misc":{"Procijenjeno vrijeme \u010ditanja":"1 minuta"},"schema":{"@context":"https:\/\/schema.org","@graph":[{"@type":"WebPage","@id":"https:\/\/www.distribucionarc.com\/ar\/producto\/prensadora-de-tabletas-para-comprimidos-masticables-de-impulso-vitaminico\/","url":"https:\/\/www.distribucionarc.com\/ar\/producto\/prensadora-de-tabletas-para-comprimidos-masticables-de-impulso-vitaminico\/","name":"PRE\u0160A ZA TABLETE ZA VITAMIN BOOST TABLETE ZA \u017dVAKANJE - ARC distribucija","isPartOf":{"@id":"https:\/\/distribucionarc.com\/de\/#website"},"primaryImageOfPage":{"@id":"https:\/\/www.distribucionarc.com\/ar\/producto\/prensadora-de-tabletas-para-comprimidos-masticables-de-impulso-vitaminico\/#primaryimage"},"image":{"@id":"https:\/\/www.distribucionarc.com\/ar\/producto\/prensadora-de-tabletas-para-comprimidos-masticables-de-impulso-vitaminico\/#primaryimage"},"thumbnailUrl":"https:\/\/distribucionarc.com\/wp-content\/uploads\/2024\/04\/PRENSADORA-DE-TABLETAS-PARA-COMPRIMIDOS-MASTICABLES-DE-IMPULSO-VITAMINICO.jpg","datePublished":"2024-04-25T12:11:18+00:00","dateModified":"2024-04-25T12:12:15+00:00","breadcrumb":{"@id":"https:\/\/www.distribucionarc.com\/ar\/producto\/prensadora-de-tabletas-para-comprimidos-masticables-de-impulso-vitaminico\/#breadcrumb"},"inLanguage":"hr","potentialAction":[{"@type":"ReadAction","target":["https:\/\/www.distribucionarc.com\/ar\/producto\/prensadora-de-tabletas-para-comprimidos-masticables-de-impulso-vitaminico\/"]}]},{"@type":"ImageObject","inLanguage":"hr","@id":"https:\/\/www.distribucionarc.com\/ar\/producto\/prensadora-de-tabletas-para-comprimidos-masticables-de-impulso-vitaminico\/#primaryimage","url":"https:\/\/distribucionarc.com\/wp-content\/uploads\/2024\/04\/PRENSADORA-DE-TABLETAS-PARA-COMPRIMIDOS-MASTICABLES-DE-IMPULSO-VITAMINICO.jpg","contentUrl":"https:\/\/distribucionarc.com\/wp-content\/uploads\/2024\/04\/PRENSADORA-DE-TABLETAS-PARA-COMPRIMIDOS-MASTICABLES-DE-IMPULSO-VITAMINICO.jpg","width":656,"height":848,"caption":"#image_title"},{"@type":"BreadcrumbList","@id":"https:\/\/www.distribucionarc.com\/ar\/producto\/prensadora-de-tabletas-para-comprimidos-masticables-de-impulso-vitaminico\/#breadcrumb","itemListElement":[{"@type":"ListItem","position":1,"name":"Portada","item":"https:\/\/distribucionarc.com\/pl\/"},{"@type":"ListItem","position":2,"name":"Produkty","item":"https:\/\/distribucionarc.com\/pl\/shop\/"},{"@type":"ListItem","position":3,"name":"PRENSADORA DE TABLETAS PARA COMPRIMIDOS MASTICABLES DE IMPULSO VITAMINICO"}]},{"@type":"WebSite","@id":"https:\/\/distribucionarc.com\/de\/#website","url":"https:\/\/distribucionarc.com\/de\/","name":"ARC distribucija","description":"Tvrtka specijalizirana za proizvodnju i distribuciju industrijskih strojeva, strojeva za zatvaranje limenki, strojeva za izradu pilula, strojeva za rezanje mesa itd.","publisher":{"@id":"https:\/\/distribucionarc.com\/de\/#organization"},"potentialAction":[{"@type":"SearchAction","target":{"@type":"EntryPoint","urlTemplate":"https:\/\/distribucionarc.com\/de\/?s={search_term_string}"},"query-input":{"@type":"PropertyValueSpecification","valueRequired":true,"valueName":"search_term_string"}}],"inLanguage":"hr"},{"@type":"Organization","@id":"https:\/\/distribucionarc.com\/de\/#organization","name":"ARC distribucija","url":"https:\/\/distribucionarc.com\/de\/","logo":{"@type":"ImageObject","inLanguage":"hr","@id":"https:\/\/distribucionarc.com\/de\/#\/schema\/logo\/image\/","url":"https:\/\/distribucionarc.com\/wp-content\/uploads\/2024\/10\/distribucion-ARC-COLOR-SIN-FONDO-e1732295305345.png","contentUrl":"https:\/\/distribucionarc.com\/wp-content\/uploads\/2024\/10\/distribucion-ARC-COLOR-SIN-FONDO-e1732295305345.png","width":1164,"height":558,"caption":"Distribuci\u00f3n ARC"},"image":{"@id":"https:\/\/distribucionarc.com\/de\/#\/schema\/logo\/image\/"},"description":"Tvrtka specijalizirana za proizvodnju i distribuciju industrijskih strojeva za prehrambeni i farmaceutski sektor. Specijalizirani smo za: Strojeve za rezanje mesa Proizvodnja tableta Industrijske transportne sustave Linije za punjenje Strojevi za doziranje I jo\u0161 mnogo toga... Nudimo inovativna i prilago\u0111ena rje\u0161enja za optimizaciju proizvodnih procesa Va\u0161e tvrtke.","email":"Admistracion@distribucionarc.com","telephone":"+34 643496664","legalName":"ARC TECH SOLUTIONS","foundingDate":"2024-04-09","vatID":"B55480172","numberOfEmployees":{"@type":"QuantitativeValue","minValue":"1","maxValue":"10"}}]}},"_links":{"self":[{"href":"https:\/\/distribucionarc.com\/hr\/wp-json\/wp\/v2\/product\/6748","targetHints":{"allow":["GET"]}}],"collection":[{"href":"https:\/\/distribucionarc.com\/hr\/wp-json\/wp\/v2\/product"}],"about":[{"href":"https:\/\/distribucionarc.com\/hr\/wp-json\/wp\/v2\/types\/product"}],"replies":[{"embeddable":true,"href":"https:\/\/distribucionarc.com\/hr\/wp-json\/wp\/v2\/comments?post=6748"}],"version-history":[{"count":0,"href":"https:\/\/distribucionarc.com\/hr\/wp-json\/wp\/v2\/product\/6748\/revisions"}],"wp:featuredmedia":[{"embeddable":true,"href":"https:\/\/distribucionarc.com\/hr\/wp-json\/wp\/v2\/media\/6749"}],"wp:attachment":[{"href":"https:\/\/distribucionarc.com\/hr\/wp-json\/wp\/v2\/media?parent=6748"}],"wp:term":[{"taxonomy":"product_brand","embeddable":true,"href":"https:\/\/distribucionarc.com\/hr\/wp-json\/wp\/v2\/product_brand?post=6748"},{"taxonomy":"product_cat","embeddable":true,"href":"https:\/\/distribucionarc.com\/hr\/wp-json\/wp\/v2\/product_cat?post=6748"},{"taxonomy":"product_tag","embeddable":true,"href":"https:\/\/distribucionarc.com\/hr\/wp-json\/wp\/v2\/product_tag?post=6748"}],"curies":[{"name":"radni list","href":"https:\/\/api.w.org\/{rel}","templated":true}]}}