{"id":6791,"date":"2024-04-25T18:07:04","date_gmt":"2024-04-25T18:07:04","guid":{"rendered":"https:\/\/distribucionarc.com\/?post_type=product&#038;p=6791"},"modified":"2024-04-25T18:11:05","modified_gmt":"2024-04-25T18:11:05","slug":"stroj-za-obogacivanje-tableta-hranjivim-tvarima","status":"publish","type":"product","link":"https:\/\/distribucionarc.com\/hr\/producto\/maquina-formadora-de-tabletas-enriquecedoras-de-nutrientes\/","title":{"rendered":"STROJ ZA OBLIKOVANJE TABLETA ZA OBOGA\u0106IVANJE HRANLJIVIM TVRTKAMA"},"content":{"rendered":"<p>Predstavljamo inovativno<strong> Rotacijski stroj za pre\u0161anje, model ZARP-5\/7\/9A,<\/strong> dizajniran za u\u010dinkovitu proizvodnju<strong> tablete za oboga\u0107ivanje nutrijenata<\/strong> u farmaceutskoj industriji. Ovaj stroj je neophodan za pre\u0161anje praha, zrna, malih granulatora i peleta u tablete razli\u010ditih oblika, osiguravaju\u0107i visoku kvalitetu i dosljedan kona\u010dni proizvod. Daju\u0107i prioritet sigurnosti i pouzdanosti, stroj ima ure\u0111aj za za\u0161titu od preoptere\u0107enja tlaka koji se automatski aktivira u slu\u010daju prekora\u010denja, zaustavljaju\u0107i rad kako bi se o\u010duvao integritet opreme i kvaliteta kona\u010dnog proizvoda.<\/p>\n<p>Otkrijte izvrsnost u proizvodnji tableta oboga\u0107enih hranjivim tvarima s rotacijskim strojem za pre\u0161anje modela ZARP-5\/7\/9A, pouzdanom i u\u010dinkovitom investicijom koja \u0107e zadovoljiti najzahtjevnije zahtjeve farmaceutskog tr\u017ei\u0161ta.<\/p>\n<p>&nbsp;<\/p>\n<table>\n<tbody>\n<tr>\n<td width=\"142\">Model<\/td>\n<td width=\"142\">ZARP-5A<\/td>\n<td width=\"142\">ZARP-7A<\/td>\n<td width=\"142\">ZARP-9A<\/td>\n<\/tr>\n<tr>\n<td width=\"142\">Igra<\/td>\n<td width=\"142\">5<\/td>\n<td width=\"142\">7<\/td>\n<td width=\"142\">9<\/td>\n<\/tr>\n<tr>\n<td width=\"142\">Maksimalni pritisak (tona)<\/td>\n<td width=\"142\">50\/60 (POJA\u010cANO)<\/td>\n<td width=\"142\">50\/60 (POJA\u010cANO)<\/td>\n<td width=\"142\">50\/60 (POJA\u010cANO)<\/td>\n<\/tr>\n<tr>\n<td width=\"142\">Maks. promjer tableta (mm)<\/td>\n<td width=\"142\">3-12 (14)\/20 OJA\u010cANO<\/td>\n<td width=\"142\">3-12 (14)\/20 OJA\u010cANO<\/td>\n<td width=\"142\">3-12 (14)\/20 OJA\u010cANO<\/td>\n<\/tr>\n<tr>\n<td width=\"142\">Maksimalna dubina punjenje (mm)<\/td>\n<td width=\"142\">0-15<\/td>\n<td width=\"142\">0-15<\/td>\n<td width=\"142\">0-15<\/td>\n<\/tr>\n<tr>\n<td width=\"142\">Maksimalna debljina tableta (mm)<\/td>\n<td width=\"142\">0-6<\/td>\n<td width=\"142\">0-6<\/td>\n<td width=\"142\">0-6<\/td>\n<\/tr>\n<tr>\n<td width=\"142\">Brzina kupole (okretaji\/min)<\/td>\n<td width=\"142\">30<\/td>\n<td width=\"142\">30<\/td>\n<td width=\"142\">30<\/td>\n<\/tr>\n<tr>\n<td width=\"142\">Kapacitet proizvodnje (kom\/h)<\/td>\n<td width=\"142\">9000<\/td>\n<td width=\"142\">12600<\/td>\n<td width=\"142\">16200<\/td>\n<\/tr>\n<tr>\n<td width=\"142\">Snaga motora (KW)<\/td>\n<td width=\"142\">1500-2200 OJA\u010cANO<\/td>\n<td width=\"142\">1500-2200 OJA\u010cANO<\/td>\n<td width=\"142\">1500-2200 OJA\u010cANO<\/td>\n<\/tr>\n<tr>\n<td width=\"142\">Ukupna veli\u010dina (mm)<\/td>\n<td width=\"142\">480*<\/p>\n<p>630*<\/p>\n<p>1100*<\/td>\n<td width=\"142\">480*<\/p>\n<p>630*<\/p>\n<p>1100*<\/td>\n<td width=\"142\">480*<\/p>\n<p>630*<\/p>\n<p>1100*<\/td>\n<\/tr>\n<tr>\n<td width=\"142\">Neto te\u017eina (kg)<\/td>\n<td width=\"142\">180 (220 OJA\u010cANO)<\/td>\n<td width=\"142\">180 (220 REFURBISHED)<\/td>\n<td width=\"142\">180 (220 OJA\u010cANO)<\/td>\n<\/tr>\n<\/tbody>\n<\/table>","protected":false},"excerpt":{"rendered":"<p>Predstavljamo inovativnu rotacijsku pre\u0161u za tablete, model ZARP-5\/7\/9A, dizajniranu za u\u010dinkovitu proizvodnju tableta za oboga\u0107ivanje hranjivim tvarima u<\/p>","protected":false},"featured_media":6796,"comment_status":"open","ping_status":"closed","template":"","meta":{"wds_primary_product_brand":0,"wds_primary_product_cat":0},"product_brand":[],"product_cat":[84],"product_tag":[],"class_list":{"0":"post-6791","1":"product","2":"type-product","3":"status-publish","4":"has-post-thumbnail","6":"product_cat-maquinas-para-hacer-pastillas","8":"first","9":"instock","10":"taxable","11":"shipping-taxable","12":"purchasable","13":"product-type-simple"},"yoast_head":"<!-- This site is optimized with the Yoast SEO Premium plugin v24.9 (Yoast SEO v26.1) - https:\/\/yoast.com\/wordpress\/plugins\/seo\/ -->\n<title>MAQUINA FORMADORA DE TABLETAS ENRIQUECEDORAS DE NUTRIENTES - distribuci\u00f3n ARC<\/title>\n<meta name=\"robots\" content=\"index, follow, max-snippet:-1, max-image-preview:large, max-video-preview:-1\" \/>\n<link rel=\"canonical\" href=\"https:\/\/distribucionarc.com\/hr\/proizvod\/stroj-za-obogacivanje-tableta-hranjivim-tvarima\/\" \/>\n<meta property=\"og:locale\" content=\"hr_HR\" \/>\n<meta property=\"og:type\" content=\"article\" \/>\n<meta property=\"og:title\" content=\"MAQUINA FORMADORA DE TABLETAS ENRIQUECEDORAS DE NUTRIENTES\" \/>\n<meta property=\"og:description\" content=\"Presentamos la innovadora M\u00e1quina Prensadora Rotativa, modelo ZARP-5\/7\/9A, dise\u00f1ada para la producci\u00f3n eficiente de tabletas enriquecedoras de nutrientes en la\" \/>\n<meta property=\"og:url\" content=\"https:\/\/distribucionarc.com\/hr\/proizvod\/stroj-za-obogacivanje-tableta-hranjivim-tvarima\/\" \/>\n<meta property=\"og:site_name\" content=\"distribuci\u00f3n ARC\" \/>\n<meta property=\"article:modified_time\" content=\"2024-04-25T18:11:05+00:00\" \/>\n<meta property=\"og:image\" content=\"https:\/\/distribucionarc.com\/wp-content\/uploads\/2024\/04\/MAQUINA-FORMADORA-DE-TABLETAS-ENRIQUECEDORAS-DE-NUTRIENTES.jpg\" \/>\n\t<meta property=\"og:image:width\" content=\"464\" \/>\n\t<meta property=\"og:image:height\" content=\"816\" \/>\n\t<meta property=\"og:image:type\" content=\"image\/jpeg\" \/>\n<meta name=\"twitter:card\" content=\"summary_large_image\" \/>\n<meta name=\"twitter:label1\" content=\"Procijenjeno vrijeme \u010ditanja\" \/>\n\t<meta name=\"twitter:data1\" content=\"1 minuta\" \/>\n<script type=\"application\/ld+json\" class=\"yoast-schema-graph\">{\"@context\":\"https:\/\/schema.org\",\"@graph\":[{\"@type\":\"WebPage\",\"@id\":\"https:\/\/distribucionarc.com\/hr\/producto\/maquina-formadora-de-tabletas-enriquecedoras-de-nutrientes\/\",\"url\":\"https:\/\/distribucionarc.com\/hr\/producto\/maquina-formadora-de-tabletas-enriquecedoras-de-nutrientes\/\",\"name\":\"MAQUINA FORMADORA DE TABLETAS ENRIQUECEDORAS DE NUTRIENTES - distribuci\u00f3n ARC\",\"isPartOf\":{\"@id\":\"https:\/\/distribucionarc.com\/ro\/#website\"},\"primaryImageOfPage\":{\"@id\":\"https:\/\/distribucionarc.com\/hr\/producto\/maquina-formadora-de-tabletas-enriquecedoras-de-nutrientes\/#primaryimage\"},\"image\":{\"@id\":\"https:\/\/distribucionarc.com\/hr\/producto\/maquina-formadora-de-tabletas-enriquecedoras-de-nutrientes\/#primaryimage\"},\"thumbnailUrl\":\"https:\/\/distribucionarc.com\/wp-content\/uploads\/2024\/04\/MAQUINA-FORMADORA-DE-TABLETAS-ENRIQUECEDORAS-DE-NUTRIENTES.jpg\",\"datePublished\":\"2024-04-25T18:07:04+00:00\",\"dateModified\":\"2024-04-25T18:11:05+00:00\",\"breadcrumb\":{\"@id\":\"https:\/\/distribucionarc.com\/hr\/producto\/maquina-formadora-de-tabletas-enriquecedoras-de-nutrientes\/#breadcrumb\"},\"inLanguage\":\"hr\",\"potentialAction\":[{\"@type\":\"ReadAction\",\"target\":[\"https:\/\/distribucionarc.com\/hr\/producto\/maquina-formadora-de-tabletas-enriquecedoras-de-nutrientes\/\"]}]},{\"@type\":\"ImageObject\",\"inLanguage\":\"hr\",\"@id\":\"https:\/\/distribucionarc.com\/hr\/producto\/maquina-formadora-de-tabletas-enriquecedoras-de-nutrientes\/#primaryimage\",\"url\":\"https:\/\/distribucionarc.com\/wp-content\/uploads\/2024\/04\/MAQUINA-FORMADORA-DE-TABLETAS-ENRIQUECEDORAS-DE-NUTRIENTES.jpg\",\"contentUrl\":\"https:\/\/distribucionarc.com\/wp-content\/uploads\/2024\/04\/MAQUINA-FORMADORA-DE-TABLETAS-ENRIQUECEDORAS-DE-NUTRIENTES.jpg\",\"width\":464,\"height\":816,\"caption\":\"#image_title\"},{\"@type\":\"BreadcrumbList\",\"@id\":\"https:\/\/distribucionarc.com\/hr\/producto\/maquina-formadora-de-tabletas-enriquecedoras-de-nutrientes\/#breadcrumb\",\"itemListElement\":[{\"@type\":\"ListItem\",\"position\":1,\"name\":\"Portada\",\"item\":\"https:\/\/distribucionarc.com\/ar\/\"},{\"@type\":\"ListItem\",\"position\":2,\"name\":\"Proizvodi\",\"item\":\"https:\/\/www.distribucionarc.com\/hr\/ducan\/\"},{\"@type\":\"ListItem\",\"position\":3,\"name\":\"MAQUINA FORMADORA DE TABLETAS ENRIQUECEDORAS DE NUTRIENTES\"}]},{\"@type\":\"WebSite\",\"@id\":\"https:\/\/distribucionarc.com\/ro\/#website\",\"url\":\"https:\/\/distribucionarc.com\/ro\/\",\"name\":\"distribuci\u00f3n ARC\",\"description\":\"Empresa especializada en la fabricaci\u00f3n y distribuci\u00f3n de maquinaria industrial, selladoras de latas, Maquinas de hacer pastillas, Maquinas de cortar carne...\",\"publisher\":{\"@id\":\"https:\/\/distribucionarc.com\/ro\/#organization\"},\"potentialAction\":[{\"@type\":\"SearchAction\",\"target\":{\"@type\":\"EntryPoint\",\"urlTemplate\":\"https:\/\/distribucionarc.com\/ro\/?s={search_term_string}\"},\"query-input\":{\"@type\":\"PropertyValueSpecification\",\"valueRequired\":true,\"valueName\":\"search_term_string\"}}],\"inLanguage\":\"hr\"},{\"@type\":\"Organization\",\"@id\":\"https:\/\/distribucionarc.com\/ro\/#organization\",\"name\":\"Distribuci\u00f3n ARC\",\"url\":\"https:\/\/distribucionarc.com\/ro\/\",\"logo\":{\"@type\":\"ImageObject\",\"inLanguage\":\"hr\",\"@id\":\"https:\/\/distribucionarc.com\/ro\/#\/schema\/logo\/image\/\",\"url\":\"https:\/\/distribucionarc.com\/wp-content\/uploads\/2024\/10\/distribucion-ARC-COLOR-SIN-FONDO-e1732295305345.png\",\"contentUrl\":\"https:\/\/distribucionarc.com\/wp-content\/uploads\/2024\/10\/distribucion-ARC-COLOR-SIN-FONDO-e1732295305345.png\",\"width\":1164,\"height\":558,\"caption\":\"Distribuci\u00f3n ARC\"},\"image\":{\"@id\":\"https:\/\/distribucionarc.com\/ro\/#\/schema\/logo\/image\/\"},\"description\":\"Empresa especializada en la fabricaci\u00f3n y distribuci\u00f3n de maquinaria industrial para los sectores alimentario y farmac\u00e9utico. Nos especializamos en: M\u00e1quinas de cortar carne Fabricaci\u00f3n de comprimidos Sistemas de transporte industrial L\u00edneas de embotellado Dosificadores Y mucho m\u00e1s... Ofrecemos soluciones innovadoras y personalizadas para optimizar los procesos productivos de tu empresa.\",\"email\":\"Admistracion@distribucionarc.com\",\"telephone\":\"+34 643496664\",\"legalName\":\"ARC TECH SOLUTIONS\",\"foundingDate\":\"2024-04-09\",\"vatID\":\"B55480172\",\"numberOfEmployees\":{\"@type\":\"QuantitativeValue\",\"minValue\":\"1\",\"maxValue\":\"10\"}}]}<\/script>\n<!-- \/ Yoast SEO Premium plugin. -->","yoast_head_json":{"title":"STROJ ZA OBLIKOVANJE TABLETA ZA OBOGA\u0106IVANJE HRANLJIVIM TVRTKAMA - ARC distribucija","robots":{"index":"index","follow":"follow","max-snippet":"max-snippet:-1","max-image-preview":"max-image-preview:large","max-video-preview":"max-video-preview:-1"},"canonical":"https:\/\/distribucionarc.com\/hr\/proizvod\/stroj-za-obogacivanje-tableta-hranjivim-tvarima\/","og_locale":"hr_HR","og_type":"article","og_title":"MAQUINA FORMADORA DE TABLETAS ENRIQUECEDORAS DE NUTRIENTES","og_description":"Presentamos la innovadora M\u00e1quina Prensadora Rotativa, modelo ZARP-5\/7\/9A, dise\u00f1ada para la producci\u00f3n eficiente de tabletas enriquecedoras de nutrientes en la","og_url":"https:\/\/distribucionarc.com\/hr\/proizvod\/stroj-za-obogacivanje-tableta-hranjivim-tvarima\/","og_site_name":"distribuci\u00f3n ARC","article_modified_time":"2024-04-25T18:11:05+00:00","og_image":[{"width":464,"height":816,"url":"https:\/\/distribucionarc.com\/wp-content\/uploads\/2024\/04\/MAQUINA-FORMADORA-DE-TABLETAS-ENRIQUECEDORAS-DE-NUTRIENTES.jpg","type":"image\/jpeg"}],"twitter_card":"summary_large_image","twitter_misc":{"Procijenjeno vrijeme \u010ditanja":"1 minuta"},"schema":{"@context":"https:\/\/schema.org","@graph":[{"@type":"WebPage","@id":"https:\/\/distribucionarc.com\/hr\/producto\/maquina-formadora-de-tabletas-enriquecedoras-de-nutrientes\/","url":"https:\/\/distribucionarc.com\/hr\/producto\/maquina-formadora-de-tabletas-enriquecedoras-de-nutrientes\/","name":"STROJ ZA OBLIKOVANJE TABLETA ZA OBOGA\u0106IVANJE HRANLJIVIM TVRTKAMA - ARC distribucija","isPartOf":{"@id":"https:\/\/distribucionarc.com\/ro\/#website"},"primaryImageOfPage":{"@id":"https:\/\/distribucionarc.com\/hr\/producto\/maquina-formadora-de-tabletas-enriquecedoras-de-nutrientes\/#primaryimage"},"image":{"@id":"https:\/\/distribucionarc.com\/hr\/producto\/maquina-formadora-de-tabletas-enriquecedoras-de-nutrientes\/#primaryimage"},"thumbnailUrl":"https:\/\/distribucionarc.com\/wp-content\/uploads\/2024\/04\/MAQUINA-FORMADORA-DE-TABLETAS-ENRIQUECEDORAS-DE-NUTRIENTES.jpg","datePublished":"2024-04-25T18:07:04+00:00","dateModified":"2024-04-25T18:11:05+00:00","breadcrumb":{"@id":"https:\/\/distribucionarc.com\/hr\/producto\/maquina-formadora-de-tabletas-enriquecedoras-de-nutrientes\/#breadcrumb"},"inLanguage":"hr","potentialAction":[{"@type":"ReadAction","target":["https:\/\/distribucionarc.com\/hr\/producto\/maquina-formadora-de-tabletas-enriquecedoras-de-nutrientes\/"]}]},{"@type":"ImageObject","inLanguage":"hr","@id":"https:\/\/distribucionarc.com\/hr\/producto\/maquina-formadora-de-tabletas-enriquecedoras-de-nutrientes\/#primaryimage","url":"https:\/\/distribucionarc.com\/wp-content\/uploads\/2024\/04\/MAQUINA-FORMADORA-DE-TABLETAS-ENRIQUECEDORAS-DE-NUTRIENTES.jpg","contentUrl":"https:\/\/distribucionarc.com\/wp-content\/uploads\/2024\/04\/MAQUINA-FORMADORA-DE-TABLETAS-ENRIQUECEDORAS-DE-NUTRIENTES.jpg","width":464,"height":816,"caption":"#image_title"},{"@type":"BreadcrumbList","@id":"https:\/\/distribucionarc.com\/hr\/producto\/maquina-formadora-de-tabletas-enriquecedoras-de-nutrientes\/#breadcrumb","itemListElement":[{"@type":"ListItem","position":1,"name":"Portada","item":"https:\/\/distribucionarc.com\/ar\/"},{"@type":"ListItem","position":2,"name":"Proizvodi","item":"https:\/\/www.distribucionarc.com\/hr\/ducan\/"},{"@type":"ListItem","position":3,"name":"MAQUINA FORMADORA DE TABLETAS ENRIQUECEDORAS DE NUTRIENTES"}]},{"@type":"WebSite","@id":"https:\/\/distribucionarc.com\/ro\/#website","url":"https:\/\/distribucionarc.com\/ro\/","name":"ARC distribucija","description":"Tvrtka specijalizirana za proizvodnju i distribuciju industrijskih strojeva, strojeva za zatvaranje limenki, strojeva za izradu pilula, strojeva za rezanje mesa itd.","publisher":{"@id":"https:\/\/distribucionarc.com\/ro\/#organization"},"potentialAction":[{"@type":"SearchAction","target":{"@type":"EntryPoint","urlTemplate":"https:\/\/distribucionarc.com\/ro\/?s={search_term_string}"},"query-input":{"@type":"PropertyValueSpecification","valueRequired":true,"valueName":"search_term_string"}}],"inLanguage":"hr"},{"@type":"Organization","@id":"https:\/\/distribucionarc.com\/ro\/#organization","name":"ARC distribucija","url":"https:\/\/distribucionarc.com\/ro\/","logo":{"@type":"ImageObject","inLanguage":"hr","@id":"https:\/\/distribucionarc.com\/ro\/#\/schema\/logo\/image\/","url":"https:\/\/distribucionarc.com\/wp-content\/uploads\/2024\/10\/distribucion-ARC-COLOR-SIN-FONDO-e1732295305345.png","contentUrl":"https:\/\/distribucionarc.com\/wp-content\/uploads\/2024\/10\/distribucion-ARC-COLOR-SIN-FONDO-e1732295305345.png","width":1164,"height":558,"caption":"Distribuci\u00f3n ARC"},"image":{"@id":"https:\/\/distribucionarc.com\/ro\/#\/schema\/logo\/image\/"},"description":"Tvrtka specijalizirana za proizvodnju i distribuciju industrijskih strojeva za prehrambeni i farmaceutski sektor. Specijalizirani smo za: Strojeve za rezanje mesa Proizvodnja tableta Industrijske transportne sustave Linije za punjenje Strojevi za doziranje I jo\u0161 mnogo toga... Nudimo inovativna i prilago\u0111ena rje\u0161enja za optimizaciju proizvodnih procesa Va\u0161e tvrtke.","email":"Admistracion@distribucionarc.com","telephone":"+34 643496664","legalName":"ARC TECH SOLUTIONS","foundingDate":"2024-04-09","vatID":"B55480172","numberOfEmployees":{"@type":"QuantitativeValue","minValue":"1","maxValue":"10"}}]}},"_links":{"self":[{"href":"https:\/\/distribucionarc.com\/hr\/wp-json\/wp\/v2\/product\/6791","targetHints":{"allow":["GET"]}}],"collection":[{"href":"https:\/\/distribucionarc.com\/hr\/wp-json\/wp\/v2\/product"}],"about":[{"href":"https:\/\/distribucionarc.com\/hr\/wp-json\/wp\/v2\/types\/product"}],"replies":[{"embeddable":true,"href":"https:\/\/distribucionarc.com\/hr\/wp-json\/wp\/v2\/comments?post=6791"}],"version-history":[{"count":0,"href":"https:\/\/distribucionarc.com\/hr\/wp-json\/wp\/v2\/product\/6791\/revisions"}],"wp:featuredmedia":[{"embeddable":true,"href":"https:\/\/distribucionarc.com\/hr\/wp-json\/wp\/v2\/media\/6796"}],"wp:attachment":[{"href":"https:\/\/distribucionarc.com\/hr\/wp-json\/wp\/v2\/media?parent=6791"}],"wp:term":[{"taxonomy":"product_brand","embeddable":true,"href":"https:\/\/distribucionarc.com\/hr\/wp-json\/wp\/v2\/product_brand?post=6791"},{"taxonomy":"product_cat","embeddable":true,"href":"https:\/\/distribucionarc.com\/hr\/wp-json\/wp\/v2\/product_cat?post=6791"},{"taxonomy":"product_tag","embeddable":true,"href":"https:\/\/distribucionarc.com\/hr\/wp-json\/wp\/v2\/product_tag?post=6791"}],"curies":[{"name":"radni list","href":"https:\/\/api.w.org\/{rel}","templated":true}]}}