{"id":6837,"date":"2024-04-26T10:48:20","date_gmt":"2024-04-26T10:48:20","guid":{"rendered":"https:\/\/distribucionarc.com\/?post_type=product&#038;p=6837"},"modified":"2024-04-26T10:48:22","modified_gmt":"2024-04-26T10:48:22","slug":"stroj-za-presanje-tableta-kalcija-i-folne-kiseline","status":"publish","type":"product","link":"https:\/\/distribucionarc.com\/hr\/producto\/maquina-prensadora-de-tabletas-de-calcio-y-acido-folico\/","title":{"rendered":"STROJ ZA PRE\u0160ANJE TABLETA KALCIJA I FOLNE KISELINE"},"content":{"rendered":"<p>Predstavljamo <strong>DARP60A Stroj za pre\u0161anje tableta<\/strong>, dizajniran za<strong> precizna proizvodnja tableta kalcija i folne kiseline<\/strong>ili u raznim oblicima. \u0160iroko kori\u0161ten u farmaceutskoj industriji, kao iu kemijskim i prehrambenim tvrtkama, ovaj stroj nudi svestranost i u\u010dinkovitost. Model<strong> DARP60B<\/strong>, opremljen regulacijom frekvencije brzine, omogu\u0107uje pode\u0161avanje brzine stroja prema proizvodnim potrebama. Osim toga, nudi fleksibilnost za jednostavno pode\u0161avanje pritiska, debljine tablete i koli\u010dine pra\u0161ka za punjenje kako bi se osigurali optimalni rezultati u svakoj proizvodnji. Otkrijte izvrsnost u <strong>proizvodnja tableta kalcija i folne kiseline sa strojem za pre\u0161anje tableta DARP60A<\/strong>, pouzdana investicija za tvrtke u razli\u010ditim sektorima.<\/p>\n<p>&nbsp;<\/p>\n<table>\n<tbody>\n<tr>\n<td width=\"189\">Model<\/td>\n<td width=\"189\">DARP-60A<\/td>\n<td width=\"189\">DARP-60B (KONVERZIJA FREKVENCIJE)<\/td>\n<\/tr>\n<tr>\n<td width=\"189\">Igre<\/td>\n<td width=\"189\">1<\/td>\n<td width=\"189\">1<\/td>\n<\/tr>\n<tr>\n<td width=\"189\">Maksimalni pritisak (tona)<\/td>\n<td width=\"189\">60<\/td>\n<td width=\"189\">60<\/td>\n<\/tr>\n<tr>\n<td width=\"189\">Maksimalni promjer tablete (milimetri)<\/td>\n<td width=\"189\">25<\/td>\n<td width=\"189\">25<\/td>\n<\/tr>\n<tr>\n<td width=\"189\">Maksimalna dubina punjenja (milimetri)<\/td>\n<td width=\"189\">18<\/td>\n<td width=\"189\">18<\/td>\n<\/tr>\n<tr>\n<td width=\"189\">Maksimalna debljina tableta (milimetri)<\/td>\n<td width=\"189\">8<\/td>\n<td width=\"189\">8<\/td>\n<\/tr>\n<tr>\n<td width=\"189\">Kapacitet proizvodnje (kom\/h)<\/td>\n<td width=\"189\">2150<\/td>\n<td width=\"189\">0-2150 (podesiva brzina)<\/td>\n<\/tr>\n<tr>\n<td width=\"189\">Snaga motora (KW)<\/td>\n<td width=\"189\">1.5<\/td>\n<td width=\"189\">1.5<\/td>\n<\/tr>\n<tr>\n<td width=\"189\">Ukupna veli\u010dina (milimetri)<\/td>\n<td width=\"189\">470*<\/p>\n<p>420*<\/p>\n<p>680*<\/td>\n<td width=\"189\">470*<\/p>\n<p>420*<\/p>\n<p>680*<\/td>\n<\/tr>\n<tr>\n<td width=\"189\">Neto te\u017eina (kg)<\/td>\n<td width=\"189\">85<\/td>\n<td width=\"189\">85<\/td>\n<\/tr>\n<\/tbody>\n<\/table>","protected":false},"excerpt":{"rendered":"<p>Predstavljamo vam pre\u0161u za tablete DARP60A, dizajniranu za preciznu proizvodnju tableta kalcija i folne kiseline u<\/p>","protected":false},"featured_media":6839,"comment_status":"open","ping_status":"closed","template":"","meta":{"wds_primary_product_brand":0,"wds_primary_product_cat":0},"product_brand":[],"product_cat":[84],"product_tag":[],"class_list":{"0":"post-6837","1":"product","2":"type-product","3":"status-publish","4":"has-post-thumbnail","6":"product_cat-maquinas-para-hacer-pastillas","8":"first","9":"instock","10":"taxable","11":"shipping-taxable","12":"purchasable","13":"product-type-simple"},"yoast_head":"<!-- This site is optimized with the Yoast SEO Premium plugin v24.9 (Yoast SEO v26.1) - https:\/\/yoast.com\/wordpress\/plugins\/seo\/ -->\n<title>MAQUINA PRENSADORA DE TABLETAS DE CALCIO Y ACIDO FOLICO - distribuci\u00f3n ARC<\/title>\n<meta name=\"robots\" content=\"index, follow, max-snippet:-1, max-image-preview:large, max-video-preview:-1\" \/>\n<link rel=\"canonical\" href=\"https:\/\/distribucionarc.com\/hr\/proizvod\/stroj-za-presanje-tableta-kalcija-i-folne-kiseline\/\" \/>\n<meta property=\"og:locale\" content=\"hr_HR\" \/>\n<meta property=\"og:type\" content=\"article\" \/>\n<meta property=\"og:title\" content=\"MAQUINA PRENSADORA DE TABLETAS DE CALCIO Y ACIDO FOLICO\" \/>\n<meta property=\"og:description\" content=\"Introducimos la M\u00e1quina Prensadora de Tabletas DARP60A, dise\u00f1ada para la producci\u00f3n precisa de tabletas de calcio y \u00e1cido f\u00f3lico en\" \/>\n<meta property=\"og:url\" content=\"https:\/\/distribucionarc.com\/hr\/proizvod\/stroj-za-presanje-tableta-kalcija-i-folne-kiseline\/\" \/>\n<meta property=\"og:site_name\" content=\"distribuci\u00f3n ARC\" \/>\n<meta property=\"article:modified_time\" content=\"2024-04-26T10:48:22+00:00\" \/>\n<meta property=\"og:image\" content=\"https:\/\/distribucionarc.com\/wp-content\/uploads\/2024\/04\/MAQUINA-PRENSADORA-DE-TABLETAS-DE-CALCIO-Y-ACIDO-FOLICO.jpg\" \/>\n\t<meta property=\"og:image:width\" content=\"544\" \/>\n\t<meta property=\"og:image:height\" content=\"488\" \/>\n\t<meta property=\"og:image:type\" content=\"image\/jpeg\" \/>\n<meta name=\"twitter:card\" content=\"summary_large_image\" \/>\n<meta name=\"twitter:label1\" content=\"Procijenjeno vrijeme \u010ditanja\" \/>\n\t<meta name=\"twitter:data1\" content=\"1 minuta\" \/>\n<script type=\"application\/ld+json\" class=\"yoast-schema-graph\">{\"@context\":\"https:\/\/schema.org\",\"@graph\":[{\"@type\":\"WebPage\",\"@id\":\"https:\/\/distribucionarc.com\/de\/producto\/maquina-prensadora-de-tabletas-de-calcio-y-acido-folico\/\",\"url\":\"https:\/\/distribucionarc.com\/de\/producto\/maquina-prensadora-de-tabletas-de-calcio-y-acido-folico\/\",\"name\":\"MAQUINA PRENSADORA DE TABLETAS DE CALCIO Y ACIDO FOLICO - distribuci\u00f3n ARC\",\"isPartOf\":{\"@id\":\"https:\/\/www.distribucionarc.com\/#website\"},\"primaryImageOfPage\":{\"@id\":\"https:\/\/distribucionarc.com\/de\/producto\/maquina-prensadora-de-tabletas-de-calcio-y-acido-folico\/#primaryimage\"},\"image\":{\"@id\":\"https:\/\/distribucionarc.com\/de\/producto\/maquina-prensadora-de-tabletas-de-calcio-y-acido-folico\/#primaryimage\"},\"thumbnailUrl\":\"https:\/\/distribucionarc.com\/wp-content\/uploads\/2024\/04\/MAQUINA-PRENSADORA-DE-TABLETAS-DE-CALCIO-Y-ACIDO-FOLICO.jpg\",\"datePublished\":\"2024-04-26T10:48:20+00:00\",\"dateModified\":\"2024-04-26T10:48:22+00:00\",\"breadcrumb\":{\"@id\":\"https:\/\/distribucionarc.com\/de\/producto\/maquina-prensadora-de-tabletas-de-calcio-y-acido-folico\/#breadcrumb\"},\"inLanguage\":\"hr\",\"potentialAction\":[{\"@type\":\"ReadAction\",\"target\":[\"https:\/\/distribucionarc.com\/de\/producto\/maquina-prensadora-de-tabletas-de-calcio-y-acido-folico\/\"]}]},{\"@type\":\"ImageObject\",\"inLanguage\":\"hr\",\"@id\":\"https:\/\/distribucionarc.com\/de\/producto\/maquina-prensadora-de-tabletas-de-calcio-y-acido-folico\/#primaryimage\",\"url\":\"https:\/\/distribucionarc.com\/wp-content\/uploads\/2024\/04\/MAQUINA-PRENSADORA-DE-TABLETAS-DE-CALCIO-Y-ACIDO-FOLICO.jpg\",\"contentUrl\":\"https:\/\/distribucionarc.com\/wp-content\/uploads\/2024\/04\/MAQUINA-PRENSADORA-DE-TABLETAS-DE-CALCIO-Y-ACIDO-FOLICO.jpg\",\"width\":544,\"height\":488,\"caption\":\"#image_title\"},{\"@type\":\"BreadcrumbList\",\"@id\":\"https:\/\/distribucionarc.com\/de\/producto\/maquina-prensadora-de-tabletas-de-calcio-y-acido-folico\/#breadcrumb\",\"itemListElement\":[{\"@type\":\"ListItem\",\"position\":1,\"name\":\"Portada\",\"item\":\"https:\/\/distribucionarc.com\/pl\/\"},{\"@type\":\"ListItem\",\"position\":2,\"name\":\"\u0627\u0644\u0645\u0646\u062a\u062c\u0627\u062a\",\"item\":\"https:\/\/www.distribucionarc.com\/ar\/%d9%85%d8%ad%d9%84\/\"},{\"@type\":\"ListItem\",\"position\":3,\"name\":\"MAQUINA PRENSADORA DE TABLETAS DE CALCIO Y ACIDO FOLICO\"}]},{\"@type\":\"WebSite\",\"@id\":\"https:\/\/www.distribucionarc.com\/#website\",\"url\":\"https:\/\/www.distribucionarc.com\/\",\"name\":\"distribuci\u00f3n ARC\",\"description\":\"Empresa especializada en la fabricaci\u00f3n y distribuci\u00f3n de maquinaria industrial, selladoras de latas, Maquinas de hacer pastillas, Maquinas de cortar carne...\",\"publisher\":{\"@id\":\"https:\/\/www.distribucionarc.com\/#organization\"},\"potentialAction\":[{\"@type\":\"SearchAction\",\"target\":{\"@type\":\"EntryPoint\",\"urlTemplate\":\"https:\/\/www.distribucionarc.com\/?s={search_term_string}\"},\"query-input\":{\"@type\":\"PropertyValueSpecification\",\"valueRequired\":true,\"valueName\":\"search_term_string\"}}],\"inLanguage\":\"hr\"},{\"@type\":\"Organization\",\"@id\":\"https:\/\/www.distribucionarc.com\/#organization\",\"name\":\"Distribuci\u00f3n ARC\",\"url\":\"https:\/\/www.distribucionarc.com\/\",\"logo\":{\"@type\":\"ImageObject\",\"inLanguage\":\"hr\",\"@id\":\"https:\/\/www.distribucionarc.com\/#\/schema\/logo\/image\/\",\"url\":\"https:\/\/distribucionarc.com\/wp-content\/uploads\/2024\/10\/distribucion-ARC-COLOR-SIN-FONDO-e1732295305345.png\",\"contentUrl\":\"https:\/\/distribucionarc.com\/wp-content\/uploads\/2024\/10\/distribucion-ARC-COLOR-SIN-FONDO-e1732295305345.png\",\"width\":1164,\"height\":558,\"caption\":\"Distribuci\u00f3n ARC\"},\"image\":{\"@id\":\"https:\/\/www.distribucionarc.com\/#\/schema\/logo\/image\/\"},\"description\":\"Empresa especializada en la fabricaci\u00f3n y distribuci\u00f3n de maquinaria industrial para los sectores alimentario y farmac\u00e9utico. Nos especializamos en: M\u00e1quinas de cortar carne Fabricaci\u00f3n de comprimidos Sistemas de transporte industrial L\u00edneas de embotellado Dosificadores Y mucho m\u00e1s... Ofrecemos soluciones innovadoras y personalizadas para optimizar los procesos productivos de tu empresa.\",\"email\":\"Admistracion@distribucionarc.com\",\"telephone\":\"+34 643496664\",\"legalName\":\"ARC TECH SOLUTIONS\",\"foundingDate\":\"2024-04-09\",\"vatID\":\"B55480172\",\"numberOfEmployees\":{\"@type\":\"QuantitativeValue\",\"minValue\":\"1\",\"maxValue\":\"10\"}}]}<\/script>\n<!-- \/ Yoast SEO Premium plugin. -->","yoast_head_json":{"title":"STROJ ZA PRE\u0160ANJE TABLETA KALCIJA I FOLNE KISELINE - ARC distribucija","robots":{"index":"index","follow":"follow","max-snippet":"max-snippet:-1","max-image-preview":"max-image-preview:large","max-video-preview":"max-video-preview:-1"},"canonical":"https:\/\/distribucionarc.com\/hr\/proizvod\/stroj-za-presanje-tableta-kalcija-i-folne-kiseline\/","og_locale":"hr_HR","og_type":"article","og_title":"MAQUINA PRENSADORA DE TABLETAS DE CALCIO Y ACIDO FOLICO","og_description":"Introducimos la M\u00e1quina Prensadora de Tabletas DARP60A, dise\u00f1ada para la producci\u00f3n precisa de tabletas de calcio y \u00e1cido f\u00f3lico en","og_url":"https:\/\/distribucionarc.com\/hr\/proizvod\/stroj-za-presanje-tableta-kalcija-i-folne-kiseline\/","og_site_name":"distribuci\u00f3n ARC","article_modified_time":"2024-04-26T10:48:22+00:00","og_image":[{"width":544,"height":488,"url":"https:\/\/distribucionarc.com\/wp-content\/uploads\/2024\/04\/MAQUINA-PRENSADORA-DE-TABLETAS-DE-CALCIO-Y-ACIDO-FOLICO.jpg","type":"image\/jpeg"}],"twitter_card":"summary_large_image","twitter_misc":{"Procijenjeno vrijeme \u010ditanja":"1 minuta"},"schema":{"@context":"https:\/\/schema.org","@graph":[{"@type":"WebPage","@id":"https:\/\/distribucionarc.com\/de\/producto\/maquina-prensadora-de-tabletas-de-calcio-y-acido-folico\/","url":"https:\/\/distribucionarc.com\/de\/producto\/maquina-prensadora-de-tabletas-de-calcio-y-acido-folico\/","name":"STROJ ZA PRE\u0160ANJE TABLETA KALCIJA I FOLNE KISELINE - ARC distribucija","isPartOf":{"@id":"https:\/\/www.distribucionarc.com\/#website"},"primaryImageOfPage":{"@id":"https:\/\/distribucionarc.com\/de\/producto\/maquina-prensadora-de-tabletas-de-calcio-y-acido-folico\/#primaryimage"},"image":{"@id":"https:\/\/distribucionarc.com\/de\/producto\/maquina-prensadora-de-tabletas-de-calcio-y-acido-folico\/#primaryimage"},"thumbnailUrl":"https:\/\/distribucionarc.com\/wp-content\/uploads\/2024\/04\/MAQUINA-PRENSADORA-DE-TABLETAS-DE-CALCIO-Y-ACIDO-FOLICO.jpg","datePublished":"2024-04-26T10:48:20+00:00","dateModified":"2024-04-26T10:48:22+00:00","breadcrumb":{"@id":"https:\/\/distribucionarc.com\/de\/producto\/maquina-prensadora-de-tabletas-de-calcio-y-acido-folico\/#breadcrumb"},"inLanguage":"hr","potentialAction":[{"@type":"ReadAction","target":["https:\/\/distribucionarc.com\/de\/producto\/maquina-prensadora-de-tabletas-de-calcio-y-acido-folico\/"]}]},{"@type":"ImageObject","inLanguage":"hr","@id":"https:\/\/distribucionarc.com\/de\/producto\/maquina-prensadora-de-tabletas-de-calcio-y-acido-folico\/#primaryimage","url":"https:\/\/distribucionarc.com\/wp-content\/uploads\/2024\/04\/MAQUINA-PRENSADORA-DE-TABLETAS-DE-CALCIO-Y-ACIDO-FOLICO.jpg","contentUrl":"https:\/\/distribucionarc.com\/wp-content\/uploads\/2024\/04\/MAQUINA-PRENSADORA-DE-TABLETAS-DE-CALCIO-Y-ACIDO-FOLICO.jpg","width":544,"height":488,"caption":"#image_title"},{"@type":"BreadcrumbList","@id":"https:\/\/distribucionarc.com\/de\/producto\/maquina-prensadora-de-tabletas-de-calcio-y-acido-folico\/#breadcrumb","itemListElement":[{"@type":"ListItem","position":1,"name":"Portada","item":"https:\/\/distribucionarc.com\/pl\/"},{"@type":"ListItem","position":2,"name":"\u0627\u0644\u0645\u0646\u062a\u062c\u0627\u062a","item":"https:\/\/www.distribucionarc.com\/ar\/%d9%85%d8%ad%d9%84\/"},{"@type":"ListItem","position":3,"name":"MAQUINA PRENSADORA DE TABLETAS DE CALCIO Y ACIDO FOLICO"}]},{"@type":"WebSite","@id":"https:\/\/www.distribucionarc.com\/#website","url":"https:\/\/www.distribucionarc.com\/","name":"ARC distribucija","description":"Tvrtka specijalizirana za proizvodnju i distribuciju industrijskih strojeva, strojeva za zatvaranje limenki, strojeva za izradu pilula, strojeva za rezanje mesa itd.","publisher":{"@id":"https:\/\/www.distribucionarc.com\/#organization"},"potentialAction":[{"@type":"SearchAction","target":{"@type":"EntryPoint","urlTemplate":"https:\/\/www.distribucionarc.com\/?s={search_term_string}"},"query-input":{"@type":"PropertyValueSpecification","valueRequired":true,"valueName":"search_term_string"}}],"inLanguage":"hr"},{"@type":"Organization","@id":"https:\/\/www.distribucionarc.com\/#organization","name":"ARC distribucija","url":"https:\/\/www.distribucionarc.com\/","logo":{"@type":"ImageObject","inLanguage":"hr","@id":"https:\/\/www.distribucionarc.com\/#\/schema\/logo\/image\/","url":"https:\/\/distribucionarc.com\/wp-content\/uploads\/2024\/10\/distribucion-ARC-COLOR-SIN-FONDO-e1732295305345.png","contentUrl":"https:\/\/distribucionarc.com\/wp-content\/uploads\/2024\/10\/distribucion-ARC-COLOR-SIN-FONDO-e1732295305345.png","width":1164,"height":558,"caption":"Distribuci\u00f3n ARC"},"image":{"@id":"https:\/\/www.distribucionarc.com\/#\/schema\/logo\/image\/"},"description":"Tvrtka specijalizirana za proizvodnju i distribuciju industrijskih strojeva za prehrambeni i farmaceutski sektor. Specijalizirani smo za: Strojeve za rezanje mesa Proizvodnja tableta Industrijske transportne sustave Linije za punjenje Strojevi za doziranje I jo\u0161 mnogo toga... Nudimo inovativna i prilago\u0111ena rje\u0161enja za optimizaciju proizvodnih procesa Va\u0161e tvrtke.","email":"Admistracion@distribucionarc.com","telephone":"+34 643496664","legalName":"ARC TECH SOLUTIONS","foundingDate":"2024-04-09","vatID":"B55480172","numberOfEmployees":{"@type":"QuantitativeValue","minValue":"1","maxValue":"10"}}]}},"_links":{"self":[{"href":"https:\/\/distribucionarc.com\/hr\/wp-json\/wp\/v2\/product\/6837","targetHints":{"allow":["GET"]}}],"collection":[{"href":"https:\/\/distribucionarc.com\/hr\/wp-json\/wp\/v2\/product"}],"about":[{"href":"https:\/\/distribucionarc.com\/hr\/wp-json\/wp\/v2\/types\/product"}],"replies":[{"embeddable":true,"href":"https:\/\/distribucionarc.com\/hr\/wp-json\/wp\/v2\/comments?post=6837"}],"version-history":[{"count":0,"href":"https:\/\/distribucionarc.com\/hr\/wp-json\/wp\/v2\/product\/6837\/revisions"}],"wp:featuredmedia":[{"embeddable":true,"href":"https:\/\/distribucionarc.com\/hr\/wp-json\/wp\/v2\/media\/6839"}],"wp:attachment":[{"href":"https:\/\/distribucionarc.com\/hr\/wp-json\/wp\/v2\/media?parent=6837"}],"wp:term":[{"taxonomy":"product_brand","embeddable":true,"href":"https:\/\/distribucionarc.com\/hr\/wp-json\/wp\/v2\/product_brand?post=6837"},{"taxonomy":"product_cat","embeddable":true,"href":"https:\/\/distribucionarc.com\/hr\/wp-json\/wp\/v2\/product_cat?post=6837"},{"taxonomy":"product_tag","embeddable":true,"href":"https:\/\/distribucionarc.com\/hr\/wp-json\/wp\/v2\/product_tag?post=6837"}],"curies":[{"name":"radni list","href":"https:\/\/api.w.org\/{rel}","templated":true}]}}