{"id":7008,"date":"2024-04-27T09:43:52","date_gmt":"2024-04-27T09:43:52","guid":{"rendered":"https:\/\/distribucionarc.com\/?post_type=product&#038;p=7008"},"modified":"2024-04-27T09:43:54","modified_gmt":"2024-04-27T09:43:54","slug":"brzi-stroj-za-povlacenje-taurin-pilula","status":"publish","type":"product","link":"https:\/\/distribucionarc.com\/hr\/producto\/maquina-grajeadora-de-alta-velocidad-para-pildoras-de-taurina\/","title":{"rendered":"STROJ ZA GRAVIRANJE VELIKE BRZINE ZA TAURIN PILULE"},"content":{"rendered":"<p>Otkrijte <strong>Stroj za nano\u0161enje premaza velikom brzinom<\/strong> BARG serija, idealna za premazivanje <strong>tablete, pilule i diuretici s zamu\u0107iva\u010dima taurina<\/strong>. Uz primjenu u farmaciji, hrani i biologiji, nudi \u0161e\u0107erne premaze, organske i vodotopive filmove. Njegov inteligentan dizajn i velika brzina jam\u010de u\u010dinkovitost i preciznost u proizvodnji. Optimizirajte svoje procese ovim inovativnim i svestranim rje\u0161enjem.<\/p>\n<p>&nbsp;<\/p>\n<table>\n<tbody>\n<tr>\n<td width=\"71\">Model<\/td>\n<td width=\"71\">Maksimalni kapacitet proizvodnja (kg\/vrijeme)<\/td>\n<td width=\"71\">Brzina bubnja za premazivanje (okretaji\/min)<\/td>\n<td width=\"71\">Snaga motora glavnog stroja (kw)<\/td>\n<td width=\"71\">Brzina protoka vru\u0107eg zraka (m3\/h)<\/td>\n<td width=\"71\">Snaga motora kabineta s toplim zrakom (kw)<\/td>\n<td width=\"71\">Protok ispu\u0161nog zraka<\/td>\n<td width=\"71\">Motor komore za odvod zraka (kw)<\/td>\n<\/tr>\n<tr>\n<td width=\"71\">BARG-40E<\/td>\n<td width=\"71\">40<\/td>\n<td width=\"71\">1-20<\/td>\n<td width=\"71\">1.1<\/td>\n<td width=\"71\">2010<\/td>\n<td width=\"71\">0.75<\/td>\n<td width=\"71\">3640<\/td>\n<td width=\"71\">2.2<\/td>\n<\/tr>\n<tr>\n<td width=\"71\">BARG-80E<\/td>\n<td width=\"71\">80<\/td>\n<td width=\"71\">2-18<\/td>\n<td width=\"71\">1.5<\/td>\n<td width=\"71\">1250-2590<\/td>\n<td width=\"71\">1.1<\/td>\n<td width=\"71\">2235-3570<\/td>\n<td width=\"71\">3.0<\/td>\n<\/tr>\n<tr>\n<td width=\"71\">BARG-150E<\/td>\n<td width=\"71\">150<\/td>\n<td width=\"71\">2-18<\/td>\n<td width=\"71\">2.2<\/td>\n<td width=\"71\">1555-2980<\/td>\n<td width=\"71\">1.5<\/td>\n<td width=\"71\">5210-7419<\/td>\n<td width=\"71\">5.5<\/td>\n<\/tr>\n<tr>\n<td width=\"71\">BARG-250E<\/td>\n<td width=\"71\">250<\/td>\n<td width=\"71\">2-15<\/td>\n<td width=\"71\">3.0<\/td>\n<td width=\"71\">1555-2356<\/td>\n<td width=\"71\">3.0<\/td>\n<td width=\"71\">5210-7419<\/td>\n<td width=\"71\">7.5<\/td>\n<\/tr>\n<tr>\n<td width=\"71\">BARG-350E<\/td>\n<td width=\"71\">300<\/td>\n<td width=\"71\">2-15<\/td>\n<td width=\"71\">3.0<\/td>\n<td width=\"71\">1555-2356<\/td>\n<td width=\"71\">3.0<\/td>\n<td width=\"71\">5210-7417<\/td>\n<td width=\"71\">7.5<\/td>\n<\/tr>\n<tr>\n<td width=\"71\">BARG-400E<\/td>\n<td width=\"71\">400<\/td>\n<td width=\"71\">2-15<\/td>\n<td width=\"71\">4.0<\/td>\n<td width=\"71\">1688-3517<\/td>\n<td width=\"71\">3.0<\/td>\n<td width=\"71\">5712-12062<\/td>\n<td width=\"71\">7.5<\/td>\n<\/tr>\n<tr>\n<td width=\"71\">BARG-600E<\/td>\n<td width=\"71\">600<\/td>\n<td width=\"71\">3-12<\/td>\n<td width=\"71\">5.0<\/td>\n<td width=\"71\">1688-3517<\/td>\n<td width=\"71\">5.5<\/td>\n<td width=\"71\">5712-12062<\/td>\n<td width=\"71\">11<\/td>\n<\/tr>\n<\/tbody>\n<\/table>\n<p>&nbsp;<\/p>","protected":false},"excerpt":{"rendered":"<p>Otkrijte stroj za oblaganje velike brzine serije BARG, idealan za oblaganje tableta, pilula i diuretika sredstvima za zamu\u0107enje.<\/p>","protected":false},"featured_media":7010,"comment_status":"open","ping_status":"closed","template":"","meta":{"wds_primary_product_brand":0,"wds_primary_product_cat":0},"product_brand":[],"product_cat":[84],"product_tag":[],"class_list":{"0":"post-7008","1":"product","2":"type-product","3":"status-publish","4":"has-post-thumbnail","6":"product_cat-maquinas-para-hacer-pastillas","8":"first","9":"instock","10":"taxable","11":"shipping-taxable","12":"purchasable","13":"product-type-simple"},"yoast_head":"<!-- This site is optimized with the Yoast SEO Premium plugin v24.9 (Yoast SEO v26.1) - https:\/\/yoast.com\/wordpress\/plugins\/seo\/ -->\n<title>MAQUINA GRAJEADORA DE ALTA VELOCIDAD PARA PILDORAS DE TAURINA - distribuci\u00f3n ARC<\/title>\n<meta name=\"robots\" content=\"index, follow, max-snippet:-1, max-image-preview:large, max-video-preview:-1\" \/>\n<link rel=\"canonical\" href=\"https:\/\/distribucionarc.com\/hr\/proizvod\/brzi-stroj-za-povlacenje-taurin-pilula\/\" \/>\n<meta property=\"og:locale\" content=\"hr_HR\" \/>\n<meta property=\"og:type\" content=\"article\" \/>\n<meta property=\"og:title\" content=\"MAQUINA GRAJEADORA DE ALTA VELOCIDAD PARA PILDORAS DE TAURINA\" \/>\n<meta property=\"og:description\" content=\"Descubre la M\u00e1quina Grajeadora de Recubrimiento de Alta Velocidad Serie BARG, ideal para recubrir tabletas, p\u00edldoras y diur\u00e9ticos con opacificantes\" \/>\n<meta property=\"og:url\" content=\"https:\/\/distribucionarc.com\/hr\/proizvod\/brzi-stroj-za-povlacenje-taurin-pilula\/\" \/>\n<meta property=\"og:site_name\" content=\"distribuci\u00f3n ARC\" \/>\n<meta property=\"article:modified_time\" content=\"2024-04-27T09:43:54+00:00\" \/>\n<meta property=\"og:image\" content=\"https:\/\/distribucionarc.com\/wp-content\/uploads\/2024\/04\/MAQUINA-GRAJEADORA-DE-ALTA-VELOCIDAD-PARA-PILDORAS-DE-TAURINA.webp\" \/>\n\t<meta property=\"og:image:width\" content=\"1312\" \/>\n\t<meta property=\"og:image:height\" content=\"952\" \/>\n\t<meta property=\"og:image:type\" content=\"image\/webp\" \/>\n<meta name=\"twitter:card\" content=\"summary_large_image\" \/>\n<meta name=\"twitter:label1\" content=\"Procijenjeno vrijeme \u010ditanja\" \/>\n\t<meta name=\"twitter:data1\" content=\"1 minuta\" \/>\n<script type=\"application\/ld+json\" class=\"yoast-schema-graph\">{\"@context\":\"https:\/\/schema.org\",\"@graph\":[{\"@type\":\"WebPage\",\"@id\":\"https:\/\/distribucionarc.com\/hr\/producto\/maquina-grajeadora-de-alta-velocidad-para-pildoras-de-taurina\/\",\"url\":\"https:\/\/distribucionarc.com\/hr\/producto\/maquina-grajeadora-de-alta-velocidad-para-pildoras-de-taurina\/\",\"name\":\"MAQUINA GRAJEADORA DE ALTA VELOCIDAD PARA PILDORAS DE TAURINA - distribuci\u00f3n ARC\",\"isPartOf\":{\"@id\":\"https:\/\/www.distribucionarc.com\/tr\/#website\"},\"primaryImageOfPage\":{\"@id\":\"https:\/\/distribucionarc.com\/hr\/producto\/maquina-grajeadora-de-alta-velocidad-para-pildoras-de-taurina\/#primaryimage\"},\"image\":{\"@id\":\"https:\/\/distribucionarc.com\/hr\/producto\/maquina-grajeadora-de-alta-velocidad-para-pildoras-de-taurina\/#primaryimage\"},\"thumbnailUrl\":\"https:\/\/distribucionarc.com\/wp-content\/uploads\/2024\/04\/MAQUINA-GRAJEADORA-DE-ALTA-VELOCIDAD-PARA-PILDORAS-DE-TAURINA.webp\",\"datePublished\":\"2024-04-27T09:43:52+00:00\",\"dateModified\":\"2024-04-27T09:43:54+00:00\",\"breadcrumb\":{\"@id\":\"https:\/\/distribucionarc.com\/hr\/producto\/maquina-grajeadora-de-alta-velocidad-para-pildoras-de-taurina\/#breadcrumb\"},\"inLanguage\":\"hr\",\"potentialAction\":[{\"@type\":\"ReadAction\",\"target\":[\"https:\/\/distribucionarc.com\/hr\/producto\/maquina-grajeadora-de-alta-velocidad-para-pildoras-de-taurina\/\"]}]},{\"@type\":\"ImageObject\",\"inLanguage\":\"hr\",\"@id\":\"https:\/\/distribucionarc.com\/hr\/producto\/maquina-grajeadora-de-alta-velocidad-para-pildoras-de-taurina\/#primaryimage\",\"url\":\"https:\/\/distribucionarc.com\/wp-content\/uploads\/2024\/04\/MAQUINA-GRAJEADORA-DE-ALTA-VELOCIDAD-PARA-PILDORAS-DE-TAURINA.webp\",\"contentUrl\":\"https:\/\/distribucionarc.com\/wp-content\/uploads\/2024\/04\/MAQUINA-GRAJEADORA-DE-ALTA-VELOCIDAD-PARA-PILDORAS-DE-TAURINA.webp\",\"width\":1312,\"height\":952,\"caption\":\"#image_title\"},{\"@type\":\"BreadcrumbList\",\"@id\":\"https:\/\/distribucionarc.com\/hr\/producto\/maquina-grajeadora-de-alta-velocidad-para-pildoras-de-taurina\/#breadcrumb\",\"itemListElement\":[{\"@type\":\"ListItem\",\"position\":1,\"name\":\"Portada\",\"item\":\"https:\/\/www.distribucionarc.com\/tr\/\"},{\"@type\":\"ListItem\",\"position\":2,\"name\":\"Produktai\",\"item\":\"https:\/\/distribucionarc.com\/lt\/parduotuve\/\"},{\"@type\":\"ListItem\",\"position\":3,\"name\":\"MAQUINA GRAJEADORA DE ALTA VELOCIDAD PARA PILDORAS DE TAURINA\"}]},{\"@type\":\"WebSite\",\"@id\":\"https:\/\/www.distribucionarc.com\/tr\/#website\",\"url\":\"https:\/\/www.distribucionarc.com\/tr\/\",\"name\":\"distribuci\u00f3n ARC\",\"description\":\"Empresa especializada en la fabricaci\u00f3n y distribuci\u00f3n de maquinaria industrial, selladoras de latas, Maquinas de hacer pastillas, Maquinas de cortar carne...\",\"publisher\":{\"@id\":\"https:\/\/www.distribucionarc.com\/tr\/#organization\"},\"potentialAction\":[{\"@type\":\"SearchAction\",\"target\":{\"@type\":\"EntryPoint\",\"urlTemplate\":\"https:\/\/www.distribucionarc.com\/tr\/?s={search_term_string}\"},\"query-input\":{\"@type\":\"PropertyValueSpecification\",\"valueRequired\":true,\"valueName\":\"search_term_string\"}}],\"inLanguage\":\"hr\"},{\"@type\":\"Organization\",\"@id\":\"https:\/\/www.distribucionarc.com\/tr\/#organization\",\"name\":\"Distribuci\u00f3n ARC\",\"url\":\"https:\/\/www.distribucionarc.com\/tr\/\",\"logo\":{\"@type\":\"ImageObject\",\"inLanguage\":\"hr\",\"@id\":\"https:\/\/www.distribucionarc.com\/tr\/#\/schema\/logo\/image\/\",\"url\":\"https:\/\/distribucionarc.com\/wp-content\/uploads\/2024\/10\/distribucion-ARC-COLOR-SIN-FONDO-e1732295305345.png\",\"contentUrl\":\"https:\/\/distribucionarc.com\/wp-content\/uploads\/2024\/10\/distribucion-ARC-COLOR-SIN-FONDO-e1732295305345.png\",\"width\":1164,\"height\":558,\"caption\":\"Distribuci\u00f3n ARC\"},\"image\":{\"@id\":\"https:\/\/www.distribucionarc.com\/tr\/#\/schema\/logo\/image\/\"},\"description\":\"Empresa especializada en la fabricaci\u00f3n y distribuci\u00f3n de maquinaria industrial para los sectores alimentario y farmac\u00e9utico. Nos especializamos en: M\u00e1quinas de cortar carne Fabricaci\u00f3n de comprimidos Sistemas de transporte industrial L\u00edneas de embotellado Dosificadores Y mucho m\u00e1s... Ofrecemos soluciones innovadoras y personalizadas para optimizar los procesos productivos de tu empresa.\",\"email\":\"Admistracion@distribucionarc.com\",\"telephone\":\"+34 643496664\",\"legalName\":\"ARC TECH SOLUTIONS\",\"foundingDate\":\"2024-04-09\",\"vatID\":\"B55480172\",\"numberOfEmployees\":{\"@type\":\"QuantitativeValue\",\"minValue\":\"1\",\"maxValue\":\"10\"}}]}<\/script>\n<!-- \/ Yoast SEO Premium plugin. -->","yoast_head_json":{"title":"BRZI STROJ ZA GRAVIRANJE TAURIN PILULA - ARC distribucija","robots":{"index":"index","follow":"follow","max-snippet":"max-snippet:-1","max-image-preview":"max-image-preview:large","max-video-preview":"max-video-preview:-1"},"canonical":"https:\/\/distribucionarc.com\/hr\/proizvod\/brzi-stroj-za-povlacenje-taurin-pilula\/","og_locale":"hr_HR","og_type":"article","og_title":"MAQUINA GRAJEADORA DE ALTA VELOCIDAD PARA PILDORAS DE TAURINA","og_description":"Descubre la M\u00e1quina Grajeadora de Recubrimiento de Alta Velocidad Serie BARG, ideal para recubrir tabletas, p\u00edldoras y diur\u00e9ticos con opacificantes","og_url":"https:\/\/distribucionarc.com\/hr\/proizvod\/brzi-stroj-za-povlacenje-taurin-pilula\/","og_site_name":"distribuci\u00f3n ARC","article_modified_time":"2024-04-27T09:43:54+00:00","og_image":[{"width":1312,"height":952,"url":"https:\/\/distribucionarc.com\/wp-content\/uploads\/2024\/04\/MAQUINA-GRAJEADORA-DE-ALTA-VELOCIDAD-PARA-PILDORAS-DE-TAURINA.webp","type":"image\/webp"}],"twitter_card":"summary_large_image","twitter_misc":{"Procijenjeno vrijeme \u010ditanja":"1 minuta"},"schema":{"@context":"https:\/\/schema.org","@graph":[{"@type":"WebPage","@id":"https:\/\/distribucionarc.com\/hr\/producto\/maquina-grajeadora-de-alta-velocidad-para-pildoras-de-taurina\/","url":"https:\/\/distribucionarc.com\/hr\/producto\/maquina-grajeadora-de-alta-velocidad-para-pildoras-de-taurina\/","name":"BRZI STROJ ZA GRAVIRANJE TAURIN PILULA - ARC distribucija","isPartOf":{"@id":"https:\/\/www.distribucionarc.com\/tr\/#website"},"primaryImageOfPage":{"@id":"https:\/\/distribucionarc.com\/hr\/producto\/maquina-grajeadora-de-alta-velocidad-para-pildoras-de-taurina\/#primaryimage"},"image":{"@id":"https:\/\/distribucionarc.com\/hr\/producto\/maquina-grajeadora-de-alta-velocidad-para-pildoras-de-taurina\/#primaryimage"},"thumbnailUrl":"https:\/\/distribucionarc.com\/wp-content\/uploads\/2024\/04\/MAQUINA-GRAJEADORA-DE-ALTA-VELOCIDAD-PARA-PILDORAS-DE-TAURINA.webp","datePublished":"2024-04-27T09:43:52+00:00","dateModified":"2024-04-27T09:43:54+00:00","breadcrumb":{"@id":"https:\/\/distribucionarc.com\/hr\/producto\/maquina-grajeadora-de-alta-velocidad-para-pildoras-de-taurina\/#breadcrumb"},"inLanguage":"hr","potentialAction":[{"@type":"ReadAction","target":["https:\/\/distribucionarc.com\/hr\/producto\/maquina-grajeadora-de-alta-velocidad-para-pildoras-de-taurina\/"]}]},{"@type":"ImageObject","inLanguage":"hr","@id":"https:\/\/distribucionarc.com\/hr\/producto\/maquina-grajeadora-de-alta-velocidad-para-pildoras-de-taurina\/#primaryimage","url":"https:\/\/distribucionarc.com\/wp-content\/uploads\/2024\/04\/MAQUINA-GRAJEADORA-DE-ALTA-VELOCIDAD-PARA-PILDORAS-DE-TAURINA.webp","contentUrl":"https:\/\/distribucionarc.com\/wp-content\/uploads\/2024\/04\/MAQUINA-GRAJEADORA-DE-ALTA-VELOCIDAD-PARA-PILDORAS-DE-TAURINA.webp","width":1312,"height":952,"caption":"#image_title"},{"@type":"BreadcrumbList","@id":"https:\/\/distribucionarc.com\/hr\/producto\/maquina-grajeadora-de-alta-velocidad-para-pildoras-de-taurina\/#breadcrumb","itemListElement":[{"@type":"ListItem","position":1,"name":"Portada","item":"https:\/\/www.distribucionarc.com\/tr\/"},{"@type":"ListItem","position":2,"name":"Produktai","item":"https:\/\/distribucionarc.com\/lt\/parduotuve\/"},{"@type":"ListItem","position":3,"name":"MAQUINA GRAJEADORA DE ALTA VELOCIDAD PARA PILDORAS DE TAURINA"}]},{"@type":"WebSite","@id":"https:\/\/www.distribucionarc.com\/tr\/#website","url":"https:\/\/www.distribucionarc.com\/tr\/","name":"ARC distribucija","description":"Tvrtka specijalizirana za proizvodnju i distribuciju industrijskih strojeva, strojeva za zatvaranje limenki, strojeva za izradu pilula, strojeva za rezanje mesa itd.","publisher":{"@id":"https:\/\/www.distribucionarc.com\/tr\/#organization"},"potentialAction":[{"@type":"SearchAction","target":{"@type":"EntryPoint","urlTemplate":"https:\/\/www.distribucionarc.com\/tr\/?s={search_term_string}"},"query-input":{"@type":"PropertyValueSpecification","valueRequired":true,"valueName":"search_term_string"}}],"inLanguage":"hr"},{"@type":"Organization","@id":"https:\/\/www.distribucionarc.com\/tr\/#organization","name":"ARC distribucija","url":"https:\/\/www.distribucionarc.com\/tr\/","logo":{"@type":"ImageObject","inLanguage":"hr","@id":"https:\/\/www.distribucionarc.com\/tr\/#\/schema\/logo\/image\/","url":"https:\/\/distribucionarc.com\/wp-content\/uploads\/2024\/10\/distribucion-ARC-COLOR-SIN-FONDO-e1732295305345.png","contentUrl":"https:\/\/distribucionarc.com\/wp-content\/uploads\/2024\/10\/distribucion-ARC-COLOR-SIN-FONDO-e1732295305345.png","width":1164,"height":558,"caption":"Distribuci\u00f3n ARC"},"image":{"@id":"https:\/\/www.distribucionarc.com\/tr\/#\/schema\/logo\/image\/"},"description":"Tvrtka specijalizirana za proizvodnju i distribuciju industrijskih strojeva za prehrambeni i farmaceutski sektor. Specijalizirani smo za: Strojeve za rezanje mesa Proizvodnja tableta Industrijske transportne sustave Linije za punjenje Strojevi za doziranje I jo\u0161 mnogo toga... Nudimo inovativna i prilago\u0111ena rje\u0161enja za optimizaciju proizvodnih procesa Va\u0161e tvrtke.","email":"Admistracion@distribucionarc.com","telephone":"+34 643496664","legalName":"ARC TECH SOLUTIONS","foundingDate":"2024-04-09","vatID":"B55480172","numberOfEmployees":{"@type":"QuantitativeValue","minValue":"1","maxValue":"10"}}]}},"_links":{"self":[{"href":"https:\/\/distribucionarc.com\/hr\/wp-json\/wp\/v2\/product\/7008","targetHints":{"allow":["GET"]}}],"collection":[{"href":"https:\/\/distribucionarc.com\/hr\/wp-json\/wp\/v2\/product"}],"about":[{"href":"https:\/\/distribucionarc.com\/hr\/wp-json\/wp\/v2\/types\/product"}],"replies":[{"embeddable":true,"href":"https:\/\/distribucionarc.com\/hr\/wp-json\/wp\/v2\/comments?post=7008"}],"version-history":[{"count":0,"href":"https:\/\/distribucionarc.com\/hr\/wp-json\/wp\/v2\/product\/7008\/revisions"}],"wp:featuredmedia":[{"embeddable":true,"href":"https:\/\/distribucionarc.com\/hr\/wp-json\/wp\/v2\/media\/7010"}],"wp:attachment":[{"href":"https:\/\/distribucionarc.com\/hr\/wp-json\/wp\/v2\/media?parent=7008"}],"wp:term":[{"taxonomy":"product_brand","embeddable":true,"href":"https:\/\/distribucionarc.com\/hr\/wp-json\/wp\/v2\/product_brand?post=7008"},{"taxonomy":"product_cat","embeddable":true,"href":"https:\/\/distribucionarc.com\/hr\/wp-json\/wp\/v2\/product_cat?post=7008"},{"taxonomy":"product_tag","embeddable":true,"href":"https:\/\/distribucionarc.com\/hr\/wp-json\/wp\/v2\/product_tag?post=7008"}],"curies":[{"name":"radni list","href":"https:\/\/api.w.org\/{rel}","templated":true}]}}