{"id":707,"date":"2020-06-30T16:11:47","date_gmt":"2020-06-30T16:11:47","guid":{"rendered":"https:\/\/distribucionarc.com\/?post_type=product&#038;p=707"},"modified":"2024-09-04T20:09:38","modified_gmt":"2024-09-04T20:09:38","slug":"novi-model-visokih-performansi-profesionalni-vakuumski-zavarivac-26mm","status":"publish","type":"product","link":"https:\/\/distribucionarc.com\/hr\/producto\/envasadora-al-vacio-profesional-nuevo-modelo-de-alto-rendimiento-26mm\/","title":{"rendered":"Profesionalni aparat za vakumiranje novi model visokih performansi 26mm"},"content":{"rendered":"<div class=\"col-xs-12 nopaddinglr\">\n<div id=\"product-tabs\" class=\"tabs\">\n<div class=\"tab-content responsive white shadow roundcorners\">\n<div id=\"product-tab-content\" class=\"tab-pane fade in active\" role=\"tabpanel\">\n<p>The <strong>aparat za vakumiranje<\/strong> To je stroj <strong>vakum pakiranje<\/strong> Deluxe automatski pakira va\u0161u hranu. Jer tako \u0107e i va\u0161a hrana dulje trajati! Ovaj <strong>stroj za vakuumsko pakiranje<\/strong> te\u0161ka 25 kg. Sjedi na \u010detiri gumene no\u017eice tako da je osiguran od klizanja. Prakti\u010dnost stroja <strong>vakum pakiranje<\/strong>\u00a0 Vrlo se lako \u010disti. Ispod mo\u017eete prona\u0107i sve zna\u010dajke usisava\u010da<\/p>\n<ul>\n<li>luksuzni stroj za vakuumsko pakiranje<\/li>\n<li>potpuno automatski ciklus pakiranja<\/li>\n<li>mali stolni model s prekrasnom zavr\u0161nom obradom<\/li>\n<li>ku\u0107i\u0161te i komora od nehr\u0111aju\u0107eg \u010delika<\/li>\n<li>Digitalna upravlja\u010dka plo\u010da<\/li>\n<li>jaki poklopac s krivuljom<\/li>\n<li>Dimenzije zatvorene \u0161ipke: <span style=\"color: #ff0000;\">260 x 10 mm<\/span><\/li>\n<li>Dimenzije komore: 330x275x100mm<\/li>\n<li>Kapacitet vakuum pumpe: 20 m3<\/li>\n<li>Sigurnosni prekida\u010d na poklopcu<\/li>\n<li>Standard s paketom usluga<\/li>\n<li>\u010cetiri gumene baze za noge<\/li>\n<li>Jednostavan za \u010di\u0161\u0107enje<\/li>\n<li>Potpuno programabilan: podesivo vrijeme vakuuma, podesivo vrijeme zatvaranja<\/li>\n<li>Neto te\u017eina: 25kg<\/li>\n<li>Dimenzije: 560430x50mm<\/li>\n<li>230V\/50Hz\/1 faza 120 W<\/li>\n<li>buka &lt;60 dB<\/li>\n<li><span style=\"color: #008000;\">naju\u010dinkovitiji motor male potro\u0161nje 120w<\/span><\/li>\n<li><strong>jamstvo <span style=\"color: #000080;\">DO<\/span><span style=\"color: #ff0000;\">R<\/span>C 2 GODINE\u00a0<\/strong><\/li>\n<li>uklju\u010dena tehni\u010dka podr\u0161ka<\/li>\n<\/ul>\n<\/div>\n<\/div>\n<\/div>\n<\/div>\n<div class=\"col-xs-12 nopadding\">\n<div class=\"related\"><\/div>\n<\/div>\n<p><iframe loading=\"lazy\" src=\"https:\/\/www.youtube.com\/embed\/61IKicnNuoY\" width=\"560\" height=\"315\" frameborder=\"0\" allowfullscreen=\"allowfullscreen\"><\/iframe><\/p>","protected":false},"excerpt":{"rendered":"<h2><strong>Profesionalni i industrijski komorni ure\u0111aj za vakuumiranje s pumpom od 20 m\u00b3<\/strong><\/h2>\n<p>Na\u0161e <strong>komora za vakuumiranje<\/strong> to je stroj <strong>profesionalni<\/strong> Vrhunski, idealan za brzo i u\u010dinkovito zatvaranje proizvoda. Dizajniran za <strong>industrijska uporaba<\/strong>, ovaj stroj omogu\u0107uje pakiranje vre\u0107ica do <strong>33 centimetra (cm) x 27 centimetara (cm)<\/strong> dug, s maksimalnom visinom proizvoda od <strong>10 centimetara (cm)<\/strong>. Mo\u0107an je <strong>Pumpa od 20 kubi\u010dnih metara (m\u00b3).<\/strong> Jam\u010di hermeti\u010dko i precizno brtvljenje, idealno za du\u017ee o\u010duvanje prehrambenih proizvoda.<\/p>\n<p>Ovaj <strong>industrijski vakuumski stroj za pakiranje<\/strong> Savr\u0161eno je za \u0161iroku paletu proizvoda, kao \u0161to su:<\/p>\n<ul>\n<li><strong>kobasice<\/strong>: Chorizo, salchich\u00f3n i su\u0161ena \u0161unka.<\/li>\n<li><strong>Gotovi proizvodi<\/strong>: Lazanje, variva i salate.<\/li>\n<li><strong>svje\u017ee meso<\/strong>: Piletina, svinjetina i junetina.<\/li>\n<li><strong>Sirevi<\/strong>: Manchego, jarac i drugi.<\/li>\n<\/ul>\n<p>Zahvaljuju\u0107i robusnoj vakuumskoj pumpi <strong>20 m\u00b3<\/strong>, ovaj stroj <strong>profesionalni<\/strong> osigurava vrhunsko i u\u010dinkovito brtvljenje, \u0161to ga \u010dini idealnom opcijom za mesnice, trgovine gotove hrane i tvornice kobasica koje \u017eele optimizirati svoj proces pakiranja. Kombinacija njegove sposobnosti brtvljenja velikih vre\u0107ica i dizajna <strong>industrijski<\/strong> \u010dini ga savr\u0161enim za odr\u017eavanje svje\u017eine i kvalitete hrane.<\/p>\n<p>Ako tra\u017eite a <strong>stroj za vakuumsko pakiranje<\/strong> koji kombinira <strong>profesionalna izvedba<\/strong> i vrhunske tehnologije, ovo je savr\u0161eno rje\u0161enje.<\/p>","protected":false},"featured_media":710,"comment_status":"open","ping_status":"closed","template":"","meta":{"wds_primary_product_brand":0,"wds_primary_product_cat":0},"product_brand":[],"product_cat":[49],"product_tag":[],"class_list":{"0":"post-707","1":"product","2":"type-product","3":"status-publish","4":"has-post-thumbnail","6":"product_cat-envasadoras-al-vacio","7":"product_shipping_class-hosteleria","9":"first","10":"instock","11":"taxable","12":"shipping-taxable","13":"purchasable","14":"product-type-simple"},"yoast_head":"<!-- This site is optimized with the Yoast SEO Premium plugin v24.9 (Yoast SEO v26.1) - https:\/\/yoast.com\/wordpress\/plugins\/seo\/ -->\n<title>Envasadora al vacio profesional nuevo modelo de alto rendimiento 26mm - distribuci\u00f3n ARC<\/title>\n<meta name=\"description\" content=\"Envasadora al vac\u00edo de campana profesional e industrial con bomba de 20 m\u00b3. Ideal para sellar bolsas de hasta 33 cm x 27 cm para embutidos, carnes y productos preparados. Perfecta para uso en restaurantes y f\u00e1bricas.\" \/>\n<meta name=\"robots\" content=\"index, follow, max-snippet:-1, max-image-preview:large, max-video-preview:-1\" \/>\n<link rel=\"canonical\" href=\"https:\/\/www.distribucionarc.com\/en\/producto\/envasadora-al-vacio-profesional-nuevo-modelo-de-alto-rendimiento-26mm\/\" \/>\n<meta property=\"og:locale\" content=\"hr_HR\" \/>\n<meta property=\"og:type\" content=\"article\" \/>\n<meta property=\"og:title\" content=\"Envasadora al vacio profesional nuevo modelo de alto rendimiento 26mm\" \/>\n<meta property=\"og:description\" content=\"Envasadora al vac\u00edo de campana profesional e industrial con bomba de 20 m\u00b3. Ideal para sellar bolsas de hasta 33 cm x 27 cm para embutidos, carnes y productos preparados. Perfecta para uso en restaurantes y f\u00e1bricas.\" \/>\n<meta property=\"og:url\" content=\"https:\/\/www.distribucionarc.com\/en\/producto\/envasadora-al-vacio-profesional-nuevo-modelo-de-alto-rendimiento-26mm\/\" \/>\n<meta property=\"og:site_name\" content=\"distribuci\u00f3n ARC\" \/>\n<meta property=\"article:modified_time\" content=\"2024-09-04T20:09:38+00:00\" \/>\n<meta property=\"og:image\" content=\"https:\/\/www.distribucionarc.com\/wp-content\/uploads\/2020\/06\/Envasadora-al-vacio-profesional-0.jpg\" \/>\n\t<meta property=\"og:image:width\" content=\"1600\" \/>\n\t<meta property=\"og:image:height\" content=\"1600\" \/>\n\t<meta property=\"og:image:type\" content=\"image\/jpeg\" \/>\n<meta name=\"twitter:card\" content=\"summary_large_image\" \/>\n<meta name=\"twitter:label1\" content=\"Procijenjeno vrijeme \u010ditanja\" \/>\n\t<meta name=\"twitter:data1\" content=\"2 minute\" \/>\n<script type=\"application\/ld+json\" class=\"yoast-schema-graph\">{\"@context\":\"https:\/\/schema.org\",\"@graph\":[{\"@type\":\"WebPage\",\"@id\":\"https:\/\/www.distribucionarc.com\/en\/producto\/envasadora-al-vacio-profesional-nuevo-modelo-de-alto-rendimiento-26mm\/\",\"url\":\"https:\/\/www.distribucionarc.com\/en\/producto\/envasadora-al-vacio-profesional-nuevo-modelo-de-alto-rendimiento-26mm\/\",\"name\":\"Envasadora al vacio profesional nuevo modelo de alto rendimiento 26mm - distribuci\u00f3n ARC\",\"isPartOf\":{\"@id\":\"https:\/\/distribucionarc.com\/pl\/#website\"},\"primaryImageOfPage\":{\"@id\":\"https:\/\/www.distribucionarc.com\/en\/producto\/envasadora-al-vacio-profesional-nuevo-modelo-de-alto-rendimiento-26mm\/#primaryimage\"},\"image\":{\"@id\":\"https:\/\/www.distribucionarc.com\/en\/producto\/envasadora-al-vacio-profesional-nuevo-modelo-de-alto-rendimiento-26mm\/#primaryimage\"},\"thumbnailUrl\":\"https:\/\/distribucionarc.com\/wp-content\/uploads\/2020\/06\/Envasadora-al-vacio-profesional-0.jpg\",\"datePublished\":\"2020-06-30T16:11:47+00:00\",\"dateModified\":\"2024-09-04T20:09:38+00:00\",\"description\":\"Envasadora al vac\u00edo de campana profesional e industrial con bomba de 20 m\u00b3. Ideal para sellar bolsas de hasta 33 cm x 27 cm para embutidos, carnes y productos preparados. Perfecta para uso en restaurantes y f\u00e1bricas.\",\"breadcrumb\":{\"@id\":\"https:\/\/www.distribucionarc.com\/en\/producto\/envasadora-al-vacio-profesional-nuevo-modelo-de-alto-rendimiento-26mm\/#breadcrumb\"},\"inLanguage\":\"hr\",\"potentialAction\":[{\"@type\":\"ReadAction\",\"target\":[\"https:\/\/www.distribucionarc.com\/en\/producto\/envasadora-al-vacio-profesional-nuevo-modelo-de-alto-rendimiento-26mm\/\"]}]},{\"@type\":\"ImageObject\",\"inLanguage\":\"hr\",\"@id\":\"https:\/\/www.distribucionarc.com\/en\/producto\/envasadora-al-vacio-profesional-nuevo-modelo-de-alto-rendimiento-26mm\/#primaryimage\",\"url\":\"https:\/\/distribucionarc.com\/wp-content\/uploads\/2020\/06\/Envasadora-al-vacio-profesional-0.jpg\",\"contentUrl\":\"https:\/\/distribucionarc.com\/wp-content\/uploads\/2020\/06\/Envasadora-al-vacio-profesional-0.jpg\",\"width\":1600,\"height\":1600},{\"@type\":\"BreadcrumbList\",\"@id\":\"https:\/\/www.distribucionarc.com\/en\/producto\/envasadora-al-vacio-profesional-nuevo-modelo-de-alto-rendimiento-26mm\/#breadcrumb\",\"itemListElement\":[{\"@type\":\"ListItem\",\"position\":1,\"name\":\"Portada\",\"item\":\"https:\/\/www.distribucionarc.com\/tr\/\"},{\"@type\":\"ListItem\",\"position\":2,\"name\":\"Izdelki\",\"item\":\"https:\/\/www.distribucionarc.com\/sl\/trgovina\/\"},{\"@type\":\"ListItem\",\"position\":3,\"name\":\"Envasadora al vacio profesional nuevo modelo de alto rendimiento 26mm\"}]},{\"@type\":\"WebSite\",\"@id\":\"https:\/\/distribucionarc.com\/pl\/#website\",\"url\":\"https:\/\/distribucionarc.com\/pl\/\",\"name\":\"distribuci\u00f3n ARC\",\"description\":\"Empresa especializada en la fabricaci\u00f3n y distribuci\u00f3n de maquinaria industrial, selladoras de latas, Maquinas de hacer pastillas, Maquinas de cortar carne...\",\"publisher\":{\"@id\":\"https:\/\/distribucionarc.com\/pl\/#organization\"},\"potentialAction\":[{\"@type\":\"SearchAction\",\"target\":{\"@type\":\"EntryPoint\",\"urlTemplate\":\"https:\/\/distribucionarc.com\/pl\/?s={search_term_string}\"},\"query-input\":{\"@type\":\"PropertyValueSpecification\",\"valueRequired\":true,\"valueName\":\"search_term_string\"}}],\"inLanguage\":\"hr\"},{\"@type\":\"Organization\",\"@id\":\"https:\/\/distribucionarc.com\/pl\/#organization\",\"name\":\"Distribuci\u00f3n ARC\",\"url\":\"https:\/\/distribucionarc.com\/pl\/\",\"logo\":{\"@type\":\"ImageObject\",\"inLanguage\":\"hr\",\"@id\":\"https:\/\/distribucionarc.com\/pl\/#\/schema\/logo\/image\/\",\"url\":\"https:\/\/distribucionarc.com\/wp-content\/uploads\/2024\/10\/distribucion-ARC-COLOR-SIN-FONDO-e1732295305345.png\",\"contentUrl\":\"https:\/\/distribucionarc.com\/wp-content\/uploads\/2024\/10\/distribucion-ARC-COLOR-SIN-FONDO-e1732295305345.png\",\"width\":1164,\"height\":558,\"caption\":\"Distribuci\u00f3n ARC\"},\"image\":{\"@id\":\"https:\/\/distribucionarc.com\/pl\/#\/schema\/logo\/image\/\"},\"description\":\"Empresa especializada en la fabricaci\u00f3n y distribuci\u00f3n de maquinaria industrial para los sectores alimentario y farmac\u00e9utico. Nos especializamos en: M\u00e1quinas de cortar carne Fabricaci\u00f3n de comprimidos Sistemas de transporte industrial L\u00edneas de embotellado Dosificadores Y mucho m\u00e1s... Ofrecemos soluciones innovadoras y personalizadas para optimizar los procesos productivos de tu empresa.\",\"email\":\"Admistracion@distribucionarc.com\",\"telephone\":\"+34 643496664\",\"legalName\":\"ARC TECH SOLUTIONS\",\"foundingDate\":\"2024-04-09\",\"vatID\":\"B55480172\",\"numberOfEmployees\":{\"@type\":\"QuantitativeValue\",\"minValue\":\"1\",\"maxValue\":\"10\"}}]}<\/script>\n<!-- \/ Yoast SEO Premium plugin. -->","yoast_head_json":{"title":"Profesionalni aparat za vakumiranje novi model visokih performansi 26mm - ARC distribucija","description":"Profesionalni i industrijski komorni ure\u0111aj za vakuumiranje s pumpom od 20 m\u00b3. Idealno za brtvljenje vre\u0107ica do 33 cm x 27 cm za kobasice, meso i gotove proizvode. Savr\u0161en za upotrebu u restoranima i tvornicama.","robots":{"index":"index","follow":"follow","max-snippet":"max-snippet:-1","max-image-preview":"max-image-preview:large","max-video-preview":"max-video-preview:-1"},"canonical":"https:\/\/www.distribucionarc.com\/en\/producto\/envasadora-al-vacio-profesional-nuevo-modelo-de-alto-rendimiento-26mm\/","og_locale":"hr_HR","og_type":"article","og_title":"Envasadora al vacio profesional nuevo modelo de alto rendimiento 26mm","og_description":"Envasadora al vac\u00edo de campana profesional e industrial con bomba de 20 m\u00b3. Ideal para sellar bolsas de hasta 33 cm x 27 cm para embutidos, carnes y productos preparados. Perfecta para uso en restaurantes y f\u00e1bricas.","og_url":"https:\/\/www.distribucionarc.com\/en\/producto\/envasadora-al-vacio-profesional-nuevo-modelo-de-alto-rendimiento-26mm\/","og_site_name":"distribuci\u00f3n ARC","article_modified_time":"2024-09-04T20:09:38+00:00","og_image":[{"width":1600,"height":1600,"url":"https:\/\/www.distribucionarc.com\/wp-content\/uploads\/2020\/06\/Envasadora-al-vacio-profesional-0.jpg","type":"image\/jpeg"}],"twitter_card":"summary_large_image","twitter_misc":{"Procijenjeno vrijeme \u010ditanja":"2 minute"},"schema":{"@context":"https:\/\/schema.org","@graph":[{"@type":"WebPage","@id":"https:\/\/www.distribucionarc.com\/en\/producto\/envasadora-al-vacio-profesional-nuevo-modelo-de-alto-rendimiento-26mm\/","url":"https:\/\/www.distribucionarc.com\/en\/producto\/envasadora-al-vacio-profesional-nuevo-modelo-de-alto-rendimiento-26mm\/","name":"Profesionalni aparat za vakumiranje novi model visokih performansi 26mm - ARC distribucija","isPartOf":{"@id":"https:\/\/distribucionarc.com\/pl\/#website"},"primaryImageOfPage":{"@id":"https:\/\/www.distribucionarc.com\/en\/producto\/envasadora-al-vacio-profesional-nuevo-modelo-de-alto-rendimiento-26mm\/#primaryimage"},"image":{"@id":"https:\/\/www.distribucionarc.com\/en\/producto\/envasadora-al-vacio-profesional-nuevo-modelo-de-alto-rendimiento-26mm\/#primaryimage"},"thumbnailUrl":"https:\/\/distribucionarc.com\/wp-content\/uploads\/2020\/06\/Envasadora-al-vacio-profesional-0.jpg","datePublished":"2020-06-30T16:11:47+00:00","dateModified":"2024-09-04T20:09:38+00:00","description":"Profesionalni i industrijski komorni ure\u0111aj za vakuumiranje s pumpom od 20 m\u00b3. Idealno za brtvljenje vre\u0107ica do 33 cm x 27 cm za kobasice, meso i gotove proizvode. Savr\u0161en za upotrebu u restoranima i tvornicama.","breadcrumb":{"@id":"https:\/\/www.distribucionarc.com\/en\/producto\/envasadora-al-vacio-profesional-nuevo-modelo-de-alto-rendimiento-26mm\/#breadcrumb"},"inLanguage":"hr","potentialAction":[{"@type":"ReadAction","target":["https:\/\/www.distribucionarc.com\/en\/producto\/envasadora-al-vacio-profesional-nuevo-modelo-de-alto-rendimiento-26mm\/"]}]},{"@type":"ImageObject","inLanguage":"hr","@id":"https:\/\/www.distribucionarc.com\/en\/producto\/envasadora-al-vacio-profesional-nuevo-modelo-de-alto-rendimiento-26mm\/#primaryimage","url":"https:\/\/distribucionarc.com\/wp-content\/uploads\/2020\/06\/Envasadora-al-vacio-profesional-0.jpg","contentUrl":"https:\/\/distribucionarc.com\/wp-content\/uploads\/2020\/06\/Envasadora-al-vacio-profesional-0.jpg","width":1600,"height":1600},{"@type":"BreadcrumbList","@id":"https:\/\/www.distribucionarc.com\/en\/producto\/envasadora-al-vacio-profesional-nuevo-modelo-de-alto-rendimiento-26mm\/#breadcrumb","itemListElement":[{"@type":"ListItem","position":1,"name":"Portada","item":"https:\/\/www.distribucionarc.com\/tr\/"},{"@type":"ListItem","position":2,"name":"Izdelki","item":"https:\/\/www.distribucionarc.com\/sl\/trgovina\/"},{"@type":"ListItem","position":3,"name":"Envasadora al vacio profesional nuevo modelo de alto rendimiento 26mm"}]},{"@type":"WebSite","@id":"https:\/\/distribucionarc.com\/pl\/#website","url":"https:\/\/distribucionarc.com\/pl\/","name":"ARC distribucija","description":"Tvrtka specijalizirana za proizvodnju i distribuciju industrijskih strojeva, strojeva za zatvaranje limenki, strojeva za izradu pilula, strojeva za rezanje mesa itd.","publisher":{"@id":"https:\/\/distribucionarc.com\/pl\/#organization"},"potentialAction":[{"@type":"SearchAction","target":{"@type":"EntryPoint","urlTemplate":"https:\/\/distribucionarc.com\/pl\/?s={search_term_string}"},"query-input":{"@type":"PropertyValueSpecification","valueRequired":true,"valueName":"search_term_string"}}],"inLanguage":"hr"},{"@type":"Organization","@id":"https:\/\/distribucionarc.com\/pl\/#organization","name":"ARC distribucija","url":"https:\/\/distribucionarc.com\/pl\/","logo":{"@type":"ImageObject","inLanguage":"hr","@id":"https:\/\/distribucionarc.com\/pl\/#\/schema\/logo\/image\/","url":"https:\/\/distribucionarc.com\/wp-content\/uploads\/2024\/10\/distribucion-ARC-COLOR-SIN-FONDO-e1732295305345.png","contentUrl":"https:\/\/distribucionarc.com\/wp-content\/uploads\/2024\/10\/distribucion-ARC-COLOR-SIN-FONDO-e1732295305345.png","width":1164,"height":558,"caption":"Distribuci\u00f3n ARC"},"image":{"@id":"https:\/\/distribucionarc.com\/pl\/#\/schema\/logo\/image\/"},"description":"Tvrtka specijalizirana za proizvodnju i distribuciju industrijskih strojeva za prehrambeni i farmaceutski sektor. Specijalizirani smo za: Strojeve za rezanje mesa Proizvodnja tableta Industrijske transportne sustave Linije za punjenje Strojevi za doziranje I jo\u0161 mnogo toga... Nudimo inovativna i prilago\u0111ena rje\u0161enja za optimizaciju proizvodnih procesa Va\u0161e tvrtke.","email":"Admistracion@distribucionarc.com","telephone":"+34 643496664","legalName":"ARC TECH SOLUTIONS","foundingDate":"2024-04-09","vatID":"B55480172","numberOfEmployees":{"@type":"QuantitativeValue","minValue":"1","maxValue":"10"}}]}},"_links":{"self":[{"href":"https:\/\/distribucionarc.com\/hr\/wp-json\/wp\/v2\/product\/707","targetHints":{"allow":["GET"]}}],"collection":[{"href":"https:\/\/distribucionarc.com\/hr\/wp-json\/wp\/v2\/product"}],"about":[{"href":"https:\/\/distribucionarc.com\/hr\/wp-json\/wp\/v2\/types\/product"}],"replies":[{"embeddable":true,"href":"https:\/\/distribucionarc.com\/hr\/wp-json\/wp\/v2\/comments?post=707"}],"version-history":[{"count":0,"href":"https:\/\/distribucionarc.com\/hr\/wp-json\/wp\/v2\/product\/707\/revisions"}],"wp:featuredmedia":[{"embeddable":true,"href":"https:\/\/distribucionarc.com\/hr\/wp-json\/wp\/v2\/media\/710"}],"wp:attachment":[{"href":"https:\/\/distribucionarc.com\/hr\/wp-json\/wp\/v2\/media?parent=707"}],"wp:term":[{"taxonomy":"product_brand","embeddable":true,"href":"https:\/\/distribucionarc.com\/hr\/wp-json\/wp\/v2\/product_brand?post=707"},{"taxonomy":"product_cat","embeddable":true,"href":"https:\/\/distribucionarc.com\/hr\/wp-json\/wp\/v2\/product_cat?post=707"},{"taxonomy":"product_tag","embeddable":true,"href":"https:\/\/distribucionarc.com\/hr\/wp-json\/wp\/v2\/product_tag?post=707"}],"curies":[{"name":"radni list","href":"https:\/\/api.w.org\/{rel}","templated":true}]}}