{"id":722,"date":"2020-07-01T18:13:10","date_gmt":"2020-07-01T18:13:10","guid":{"rendered":"https:\/\/distribucionarc.com\/?post_type=product&#038;p=722"},"modified":"2020-09-26T15:14:42","modified_gmt":"2020-09-26T15:14:42","slug":"elektricna-friteza-profesionalna-industrijska-za-przenu-ribu-krumpir-itd-18l","status":"publish","type":"product","link":"https:\/\/distribucionarc.com\/hr\/producto\/freidora-electrica-profesional-industrial-para-pescado-frito-patatas-etc-18l\/","title":{"rendered":"Industrijska profesionalna elektri\u010dna friteza za pr\u017eenu ribu, krumpir i sl. 18l"},"content":{"rendered":"<div class=\"description-row description-text\">\n<h2>Elektri\u010dna friteza \u2013 18 litara<\/h2>\n<p>Elektri\u010dna friteza <span style=\"color: #ff0000;\">DO<\/span><span style=\"color: #0000ff;\">R<\/span>C DISTRIBUTION je dizajniran za profesionalnu uporabu i radi na 3000 volti. Omogu\u0107uje vam pripremu ukusne pr\u017eene hrane na ugodan na\u010din bez obzira na vrstu proizvoda koji \u017eelite pripremiti. Idealno za va\u0161e <strong>restoranska industrija<\/strong> ili <strong>bar,<\/strong> omogu\u0107it \u0107e vam ponudu nesvakida\u0161njih gastronomskih do\u017eivljaja.<\/p>\n<\/div>\n<div class=\"product-icon--wrapper\">\n<div class=\"product--icon\">\n<div class=\"icon-body\">\n<div class=\"product_icon_container svg-icon\"><\/div>\n<div class=\"icon-text\">\n<p>Ovaj kuhinjski aparat ima maksimalni kapacitet ulja do 14 litara i a <strong>ukupne zapremine 18 litara<\/strong>. Mo\u017eete ga koristiti profesionalno na vrlo svestran na\u010din, posebno je pogodan za pripremu <strong>riba<\/strong>, <strong>predjela, krokete ili \u010dips.<\/strong><\/p>\n<\/div>\n<\/div>\n<h3 class=\"product--icon-headline\">Brzi i hrskavi zalogaji uz elektri\u010dnu fritezu <span style=\"color: #ff0000;\">DO<\/span><span style=\"color: #0000ff;\">R<\/span>CFRT18L za gastronomiju<\/h3>\n<div class=\"icon-body\">\n<div class=\"product_icon_easy_clean svg-icon\"><\/div>\n<div class=\"icon-text\">\n<p>Dimenzije elektri\u010dne ko\u0161are friteze su 20 x 22 x 10 cm. Eventualni ostaci hrane koji mogu ostati u spremniku nakupljaju se na njegovom dnu, u tzv. hladnoj zoni, kako ne bi izgorjeli. Na taj na\u010din ulje zadr\u017eava svoju prirodnu aromu. Osim toga, ispu\u0161tanje ulja je jednostavno.<\/p>\n<\/div>\n<\/div>\n<div class=\"icon-body\">\n<div class=\"product_icon_voltage svg-icon\"><\/div>\n<div class=\"icon-text\">\n<p>Zahvaljuju\u0107i visokim performansama<strong>\u00a0grija\u0107i element<\/strong> uklonjivi <strong>3000<\/strong>\u00a0<strong>vat<\/strong>, ulje za fritezu brzo posti\u017ee maksimalnu temperaturu od 200 \u00b0C. Za optimalne rezultate, visokoosjetljivi termostat odr\u017eava toplinu spremnika ulja na konstantnoj temperaturi. <span style=\"color: #0000ff;\">Ta se temperatura posti\u017ee vrlo brzo, a s inteligentnom elektroni\u010dkom plo\u010dom potro\u0161nja elektri\u010dne energije je svedena na minimum nakon \u0161to je ulje vru\u0107e.<\/span> <span style=\"color: #ff0000;\">U slu\u010daju pregrijavanja ulja ili uklanjanja grija\u0107e glave, osigura\u010d automatski isklju\u010duje jedinicu.<\/span><\/p>\n<\/div>\n<\/div>\n<div class=\"icon-body\">\n<div class=\"product_icon_durable svg-icon\"><\/div>\n<div class=\"icon-text\">\n<p>Poklopac modernog dizajna, proizveden u\u00a0<strong>dugotrajni nehr\u0111aju\u0107i \u010delik<\/strong>, vrlo je <strong>otporan<\/strong> i, zahvaljuju\u0107i uklonjivom grija\u0107em elementu, lako se \u010disti. Odlu\u010dite se za sna\u017enu elektri\u010dnu fritezu danas \u2013 va\u0161i kupci i gosti bit \u0107e vam zahvalni.<\/p>\n<p><b>Tehni\u010dki podaci<\/b><\/p>\n<ul>\n<li>Model <span style=\"color: #ff0000;\">DO<\/span><span style=\"color: #0000ff;\">R<\/span>CFRT18L<\/li>\n<li>Materijal ku\u0107i\u0161ta nehr\u0111aju\u0107i \u010delik<\/li>\n<li>Broj ko\u0161ara i depozit 1<\/li>\n<li>Zapremina rezervoara 18L<\/li>\n<li>Kapacitet ulja 14L<\/li>\n<li>Snaga 3000 vata<\/li>\n<li>Nema funkcije mjera\u010da vremena<\/li>\n<li>Mre\u017eni napon 230V \/ 50Hz<\/li>\n<li>Dimenzije 52x47x41 cm<\/li>\n<li>Te\u017eina ca. 19 kg<\/li>\n<\/ul>\n<\/div>\n<\/div>\n<\/div>\n<\/div>","protected":false},"excerpt":{"rendered":"<h2>INDUSTRIJSKA FRITEZA 18L SPREMNIK<\/h2>\n<p>&nbsp;<\/p>\n<h3>Marka <span style=\"color: #ff0000;\">DO<\/span><span style=\"color: #0000ff;\">R<\/span>C koristi pa\u017eljivo odabrane materijale, \u010dime nudi visokokvalitetne proizvode za industrijski sektor. Materijali visoke kvalitete omogu\u0107uju na\u0161im proizvodima dug \u017eivotni vijek.<\/h3>\n<p>Savr\u0161ena friteza za pr\u017eenu ribu, krumpir, itd.<\/p>\n<p>svi na\u0161i strojevi imaju <strong>2 godine jamstva<\/strong><\/p>\n<p><strong>tehni\u010dka podr\u0161ka u slu\u010daju kvara<\/strong><\/p>\n<p>sve \u0161to vam je potrebno za va\u0161e poslovanje na jednom mjestu<\/p>","protected":false},"featured_media":726,"comment_status":"open","ping_status":"closed","template":"","meta":{"wds_primary_product_brand":0,"wds_primary_product_cat":0},"product_brand":[],"product_cat":[38],"product_tag":[],"class_list":{"0":"post-722","1":"product","2":"type-product","3":"status-publish","4":"has-post-thumbnail","6":"product_cat-freidoras","7":"product_shipping_class-express","9":"first","10":"instock","11":"sale","12":"taxable","13":"shipping-taxable","14":"purchasable","15":"product-type-simple"},"yoast_head":"<!-- This site is optimized with the Yoast SEO Premium plugin v24.9 (Yoast SEO v26.1) - https:\/\/yoast.com\/wordpress\/plugins\/seo\/ -->\n<title>Freidora el\u00e9ctrica profesional industrial para pescado frito, patatas, etc. 18l - distribuci\u00f3n ARC<\/title>\n<meta name=\"robots\" content=\"index, follow, max-snippet:-1, max-image-preview:large, max-video-preview:-1\" \/>\n<link rel=\"canonical\" href=\"https:\/\/distribucionarc.com\/hr\/proizvod\/elektricna-friteza-profesionalna-industrijska-za-przenu-ribu-krumpir-itd-18l\/\" \/>\n<meta property=\"og:locale\" content=\"hr_HR\" \/>\n<meta property=\"og:type\" content=\"article\" \/>\n<meta property=\"og:title\" content=\"Freidora el\u00e9ctrica profesional industrial para pescado frito, patatas, etc. 18l\" \/>\n<meta property=\"og:description\" content=\"FREIDORA INDUSTRIAL TANQUE DE 18L &nbsp; La marca ARC utiliza materiales cuidadosamente seleccionados ofreciendo as\u00ed productos de alta calidad para el sector de la industria. Los materiales de alta calidad posibilitan que nuestros productos tengan una larga vida util. freidora perfecta para pescado frito, patatas, etc  toda nuestra maquinaria tiene garantia de 2 a\u00f1os  soporte tecnico en caso de averia  todo lo necesario para su negocio en un solo lugar\" \/>\n<meta property=\"og:url\" content=\"https:\/\/distribucionarc.com\/hr\/proizvod\/elektricna-friteza-profesionalna-industrijska-za-przenu-ribu-krumpir-itd-18l\/\" \/>\n<meta property=\"og:site_name\" content=\"distribuci\u00f3n ARC\" \/>\n<meta property=\"article:modified_time\" content=\"2020-09-26T15:14:42+00:00\" \/>\n<meta property=\"og:image\" content=\"https:\/\/distribucionarc.com\/wp-content\/uploads\/2020\/07\/freidora-profesional-industrial-18L-0.jpg\" \/>\n\t<meta property=\"og:image:width\" content=\"1500\" \/>\n\t<meta property=\"og:image:height\" content=\"1500\" \/>\n\t<meta property=\"og:image:type\" content=\"image\/jpeg\" \/>\n<meta name=\"twitter:card\" content=\"summary_large_image\" \/>\n<meta name=\"twitter:label1\" content=\"Procijenjeno vrijeme \u010ditanja\" \/>\n\t<meta name=\"twitter:data1\" content=\"2 minute\" \/>\n<script type=\"application\/ld+json\" class=\"yoast-schema-graph\">{\"@context\":\"https:\/\/schema.org\",\"@graph\":[{\"@type\":\"WebPage\",\"@id\":\"https:\/\/distribucionarc.com\/producto\/freidora-electrica-profesional-industrial-para-pescado-frito-patatas-etc-18l\/\",\"url\":\"https:\/\/distribucionarc.com\/producto\/freidora-electrica-profesional-industrial-para-pescado-frito-patatas-etc-18l\/\",\"name\":\"Freidora el\u00e9ctrica profesional industrial para pescado frito, patatas, etc. 18l - distribuci\u00f3n ARC\",\"isPartOf\":{\"@id\":\"https:\/\/www.distribucionarc.com\/sl\/#website\"},\"primaryImageOfPage\":{\"@id\":\"https:\/\/distribucionarc.com\/producto\/freidora-electrica-profesional-industrial-para-pescado-frito-patatas-etc-18l\/#primaryimage\"},\"image\":{\"@id\":\"https:\/\/distribucionarc.com\/producto\/freidora-electrica-profesional-industrial-para-pescado-frito-patatas-etc-18l\/#primaryimage\"},\"thumbnailUrl\":\"https:\/\/distribucionarc.com\/wp-content\/uploads\/2020\/07\/freidora-profesional-industrial-18L-0.jpg\",\"datePublished\":\"2020-07-01T18:13:10+00:00\",\"dateModified\":\"2020-09-26T15:14:42+00:00\",\"breadcrumb\":{\"@id\":\"https:\/\/distribucionarc.com\/producto\/freidora-electrica-profesional-industrial-para-pescado-frito-patatas-etc-18l\/#breadcrumb\"},\"inLanguage\":\"hr\",\"potentialAction\":[{\"@type\":\"ReadAction\",\"target\":[\"https:\/\/distribucionarc.com\/producto\/freidora-electrica-profesional-industrial-para-pescado-frito-patatas-etc-18l\/\"]}]},{\"@type\":\"ImageObject\",\"inLanguage\":\"hr\",\"@id\":\"https:\/\/distribucionarc.com\/producto\/freidora-electrica-profesional-industrial-para-pescado-frito-patatas-etc-18l\/#primaryimage\",\"url\":\"https:\/\/distribucionarc.com\/wp-content\/uploads\/2020\/07\/freidora-profesional-industrial-18L-0.jpg\",\"contentUrl\":\"https:\/\/distribucionarc.com\/wp-content\/uploads\/2020\/07\/freidora-profesional-industrial-18L-0.jpg\",\"width\":1500,\"height\":1500,\"caption\":\"FREIDORA INDUSTRIAL 18L\"},{\"@type\":\"BreadcrumbList\",\"@id\":\"https:\/\/distribucionarc.com\/producto\/freidora-electrica-profesional-industrial-para-pescado-frito-patatas-etc-18l\/#breadcrumb\",\"itemListElement\":[{\"@type\":\"ListItem\",\"position\":1,\"name\":\"Portada\",\"item\":\"https:\/\/www.distribucionarc.com\/\"},{\"@type\":\"ListItem\",\"position\":2,\"name\":\"\u00dcr\u00fcnler\",\"item\":\"https:\/\/www.distribucionarc.com\/tr\/magaza\/\"},{\"@type\":\"ListItem\",\"position\":3,\"name\":\"Freidora el\u00e9ctrica profesional industrial para pescado frito, patatas, etc. 18l\"}]},{\"@type\":\"WebSite\",\"@id\":\"https:\/\/www.distribucionarc.com\/sl\/#website\",\"url\":\"https:\/\/www.distribucionarc.com\/sl\/\",\"name\":\"distribuci\u00f3n ARC\",\"description\":\"Empresa especializada en la fabricaci\u00f3n y distribuci\u00f3n de maquinaria industrial, selladoras de latas, Maquinas de hacer pastillas, Maquinas de cortar carne...\",\"publisher\":{\"@id\":\"https:\/\/www.distribucionarc.com\/sl\/#organization\"},\"potentialAction\":[{\"@type\":\"SearchAction\",\"target\":{\"@type\":\"EntryPoint\",\"urlTemplate\":\"https:\/\/www.distribucionarc.com\/sl\/?s={search_term_string}\"},\"query-input\":{\"@type\":\"PropertyValueSpecification\",\"valueRequired\":true,\"valueName\":\"search_term_string\"}}],\"inLanguage\":\"hr\"},{\"@type\":\"Organization\",\"@id\":\"https:\/\/www.distribucionarc.com\/sl\/#organization\",\"name\":\"Distribuci\u00f3n ARC\",\"url\":\"https:\/\/www.distribucionarc.com\/sl\/\",\"logo\":{\"@type\":\"ImageObject\",\"inLanguage\":\"hr\",\"@id\":\"https:\/\/www.distribucionarc.com\/sl\/#\/schema\/logo\/image\/\",\"url\":\"https:\/\/distribucionarc.com\/wp-content\/uploads\/2024\/10\/distribucion-ARC-COLOR-SIN-FONDO-e1732295305345.png\",\"contentUrl\":\"https:\/\/distribucionarc.com\/wp-content\/uploads\/2024\/10\/distribucion-ARC-COLOR-SIN-FONDO-e1732295305345.png\",\"width\":1164,\"height\":558,\"caption\":\"Distribuci\u00f3n ARC\"},\"image\":{\"@id\":\"https:\/\/www.distribucionarc.com\/sl\/#\/schema\/logo\/image\/\"},\"description\":\"Empresa especializada en la fabricaci\u00f3n y distribuci\u00f3n de maquinaria industrial para los sectores alimentario y farmac\u00e9utico. Nos especializamos en: M\u00e1quinas de cortar carne Fabricaci\u00f3n de comprimidos Sistemas de transporte industrial L\u00edneas de embotellado Dosificadores Y mucho m\u00e1s... Ofrecemos soluciones innovadoras y personalizadas para optimizar los procesos productivos de tu empresa.\",\"email\":\"Admistracion@distribucionarc.com\",\"telephone\":\"+34 643496664\",\"legalName\":\"ARC TECH SOLUTIONS\",\"foundingDate\":\"2024-04-09\",\"vatID\":\"B55480172\",\"numberOfEmployees\":{\"@type\":\"QuantitativeValue\",\"minValue\":\"1\",\"maxValue\":\"10\"}}]}<\/script>\n<!-- \/ Yoast SEO Premium plugin. -->","yoast_head_json":{"title":"Industrijska profesionalna elektri\u010dna friteza za pr\u017eenu ribu, krumpir i sl. 18l - ARC distribucija","robots":{"index":"index","follow":"follow","max-snippet":"max-snippet:-1","max-image-preview":"max-image-preview:large","max-video-preview":"max-video-preview:-1"},"canonical":"https:\/\/distribucionarc.com\/hr\/proizvod\/elektricna-friteza-profesionalna-industrijska-za-przenu-ribu-krumpir-itd-18l\/","og_locale":"hr_HR","og_type":"article","og_title":"Freidora el\u00e9ctrica profesional industrial para pescado frito, patatas, etc. 18l","og_description":"FREIDORA INDUSTRIAL TANQUE DE 18L &nbsp; La marca ARC utiliza materiales cuidadosamente seleccionados ofreciendo as\u00ed productos de alta calidad para el sector de la industria. Los materiales de alta calidad posibilitan que nuestros productos tengan una larga vida util. freidora perfecta para pescado frito, patatas, etc  toda nuestra maquinaria tiene garantia de 2 a\u00f1os  soporte tecnico en caso de averia  todo lo necesario para su negocio en un solo lugar","og_url":"https:\/\/distribucionarc.com\/hr\/proizvod\/elektricna-friteza-profesionalna-industrijska-za-przenu-ribu-krumpir-itd-18l\/","og_site_name":"distribuci\u00f3n ARC","article_modified_time":"2020-09-26T15:14:42+00:00","og_image":[{"width":1500,"height":1500,"url":"https:\/\/distribucionarc.com\/wp-content\/uploads\/2020\/07\/freidora-profesional-industrial-18L-0.jpg","type":"image\/jpeg"}],"twitter_card":"summary_large_image","twitter_misc":{"Procijenjeno vrijeme \u010ditanja":"2 minute"},"schema":{"@context":"https:\/\/schema.org","@graph":[{"@type":"WebPage","@id":"https:\/\/distribucionarc.com\/producto\/freidora-electrica-profesional-industrial-para-pescado-frito-patatas-etc-18l\/","url":"https:\/\/distribucionarc.com\/producto\/freidora-electrica-profesional-industrial-para-pescado-frito-patatas-etc-18l\/","name":"Industrijska profesionalna elektri\u010dna friteza za pr\u017eenu ribu, krumpir i sl. 18l - ARC distribucija","isPartOf":{"@id":"https:\/\/www.distribucionarc.com\/sl\/#website"},"primaryImageOfPage":{"@id":"https:\/\/distribucionarc.com\/producto\/freidora-electrica-profesional-industrial-para-pescado-frito-patatas-etc-18l\/#primaryimage"},"image":{"@id":"https:\/\/distribucionarc.com\/producto\/freidora-electrica-profesional-industrial-para-pescado-frito-patatas-etc-18l\/#primaryimage"},"thumbnailUrl":"https:\/\/distribucionarc.com\/wp-content\/uploads\/2020\/07\/freidora-profesional-industrial-18L-0.jpg","datePublished":"2020-07-01T18:13:10+00:00","dateModified":"2020-09-26T15:14:42+00:00","breadcrumb":{"@id":"https:\/\/distribucionarc.com\/producto\/freidora-electrica-profesional-industrial-para-pescado-frito-patatas-etc-18l\/#breadcrumb"},"inLanguage":"hr","potentialAction":[{"@type":"ReadAction","target":["https:\/\/distribucionarc.com\/producto\/freidora-electrica-profesional-industrial-para-pescado-frito-patatas-etc-18l\/"]}]},{"@type":"ImageObject","inLanguage":"hr","@id":"https:\/\/distribucionarc.com\/producto\/freidora-electrica-profesional-industrial-para-pescado-frito-patatas-etc-18l\/#primaryimage","url":"https:\/\/distribucionarc.com\/wp-content\/uploads\/2020\/07\/freidora-profesional-industrial-18L-0.jpg","contentUrl":"https:\/\/distribucionarc.com\/wp-content\/uploads\/2020\/07\/freidora-profesional-industrial-18L-0.jpg","width":1500,"height":1500,"caption":"FREIDORA INDUSTRIAL 18L"},{"@type":"BreadcrumbList","@id":"https:\/\/distribucionarc.com\/producto\/freidora-electrica-profesional-industrial-para-pescado-frito-patatas-etc-18l\/#breadcrumb","itemListElement":[{"@type":"ListItem","position":1,"name":"Portada","item":"https:\/\/www.distribucionarc.com\/"},{"@type":"ListItem","position":2,"name":"\u00dcr\u00fcnler","item":"https:\/\/www.distribucionarc.com\/tr\/magaza\/"},{"@type":"ListItem","position":3,"name":"Freidora el\u00e9ctrica profesional industrial para pescado frito, patatas, etc. 18l"}]},{"@type":"WebSite","@id":"https:\/\/www.distribucionarc.com\/sl\/#website","url":"https:\/\/www.distribucionarc.com\/sl\/","name":"ARC distribucija","description":"Tvrtka specijalizirana za proizvodnju i distribuciju industrijskih strojeva, strojeva za zatvaranje limenki, strojeva za izradu pilula, strojeva za rezanje mesa itd.","publisher":{"@id":"https:\/\/www.distribucionarc.com\/sl\/#organization"},"potentialAction":[{"@type":"SearchAction","target":{"@type":"EntryPoint","urlTemplate":"https:\/\/www.distribucionarc.com\/sl\/?s={search_term_string}"},"query-input":{"@type":"PropertyValueSpecification","valueRequired":true,"valueName":"search_term_string"}}],"inLanguage":"hr"},{"@type":"Organization","@id":"https:\/\/www.distribucionarc.com\/sl\/#organization","name":"ARC distribucija","url":"https:\/\/www.distribucionarc.com\/sl\/","logo":{"@type":"ImageObject","inLanguage":"hr","@id":"https:\/\/www.distribucionarc.com\/sl\/#\/schema\/logo\/image\/","url":"https:\/\/distribucionarc.com\/wp-content\/uploads\/2024\/10\/distribucion-ARC-COLOR-SIN-FONDO-e1732295305345.png","contentUrl":"https:\/\/distribucionarc.com\/wp-content\/uploads\/2024\/10\/distribucion-ARC-COLOR-SIN-FONDO-e1732295305345.png","width":1164,"height":558,"caption":"Distribuci\u00f3n ARC"},"image":{"@id":"https:\/\/www.distribucionarc.com\/sl\/#\/schema\/logo\/image\/"},"description":"Tvrtka specijalizirana za proizvodnju i distribuciju industrijskih strojeva za prehrambeni i farmaceutski sektor. Specijalizirani smo za: Strojeve za rezanje mesa Proizvodnja tableta Industrijske transportne sustave Linije za punjenje Strojevi za doziranje I jo\u0161 mnogo toga... Nudimo inovativna i prilago\u0111ena rje\u0161enja za optimizaciju proizvodnih procesa Va\u0161e tvrtke.","email":"Admistracion@distribucionarc.com","telephone":"+34 643496664","legalName":"ARC TECH SOLUTIONS","foundingDate":"2024-04-09","vatID":"B55480172","numberOfEmployees":{"@type":"QuantitativeValue","minValue":"1","maxValue":"10"}}]}},"_links":{"self":[{"href":"https:\/\/distribucionarc.com\/hr\/wp-json\/wp\/v2\/product\/722","targetHints":{"allow":["GET"]}}],"collection":[{"href":"https:\/\/distribucionarc.com\/hr\/wp-json\/wp\/v2\/product"}],"about":[{"href":"https:\/\/distribucionarc.com\/hr\/wp-json\/wp\/v2\/types\/product"}],"replies":[{"embeddable":true,"href":"https:\/\/distribucionarc.com\/hr\/wp-json\/wp\/v2\/comments?post=722"}],"version-history":[{"count":0,"href":"https:\/\/distribucionarc.com\/hr\/wp-json\/wp\/v2\/product\/722\/revisions"}],"wp:featuredmedia":[{"embeddable":true,"href":"https:\/\/distribucionarc.com\/hr\/wp-json\/wp\/v2\/media\/726"}],"wp:attachment":[{"href":"https:\/\/distribucionarc.com\/hr\/wp-json\/wp\/v2\/media?parent=722"}],"wp:term":[{"taxonomy":"product_brand","embeddable":true,"href":"https:\/\/distribucionarc.com\/hr\/wp-json\/wp\/v2\/product_brand?post=722"},{"taxonomy":"product_cat","embeddable":true,"href":"https:\/\/distribucionarc.com\/hr\/wp-json\/wp\/v2\/product_cat?post=722"},{"taxonomy":"product_tag","embeddable":true,"href":"https:\/\/distribucionarc.com\/hr\/wp-json\/wp\/v2\/product_tag?post=722"}],"curies":[{"name":"radni list","href":"https:\/\/api.w.org\/{rel}","templated":true}]}}