{"id":776,"date":"2020-07-09T06:09:14","date_gmt":"2020-07-09T06:09:14","guid":{"rendered":"https:\/\/distribucionarc.com\/?post_type=product&#038;p=776"},"modified":"2024-09-04T20:44:41","modified_gmt":"2024-09-04T20:44:41","slug":"pakiranje-pakiranje-punjenje-vrecica-dozator-za-prah-lece-i-mahunarki","status":"publish","type":"product","link":"https:\/\/distribucionarc.com\/hr\/producto\/empacadora-empaquetadora-llenadora-de-bolsas-dosificadora-para-polvo-lentejas-y-legumbres\/","title":{"rendered":"Stroj za pakiranje, stroj za pakiranje, ure\u0111aj za punjenje vre\u0107ica, stroj za doziranje praha, le\u0107e i mahunarki"},"content":{"rendered":"<h3 class=\"LC20lb DKV0Md\">Stroj za pakiranje, Stroj za pakiranje, Stroj za pakiranje, Punilica za vre\u0107ice, Stroj za doziranje praha, le\u0107e i mahunarki<\/h3>\n<p>&nbsp;<\/p>\n<p>Stroj za pakiranje 10g\u27965000g<\/p>\n<p>S na\u0161im strojem za pakiranje mo\u017eete imati do 5000 vre\u0107ica na dan. Ovaj stroj je savr\u0161en za doziranje neoguljenog kikirikija proizvod.<\/p>\n<p>Sustav pakiranja je jednostavan, to je sustav vibracija, mo\u017eete programirati stroj s 3 razine: meko\/srednje\/brzo. Neki proizvodi rade bolje s jednom ili drugom razinom koji najbolje odgovara va\u0161em proizvodu. lijevak koji ima vibrator unutra tako da proizvod pada u drugi lijevak, koji \u0107e vagati proizvod dok ne dosegne oznaku punjenja koju je odredio operater, zaustavit \u0107e se i otvoriti vrata kako bi ga dozirao u vre\u0107icu<\/p>\n<p>Zavr\u0161eci od nehr\u0111aju\u0107eg \u010delika 304<\/p>\n<p>Na\u0161 stroj za pakiranje dizajniran je po modulima, ako do\u0111e do kvara, morat \u0107ete zamijeniti samo modul, imamo 2 godine jamstva, na\u0161i strojevi prolaze strogu kontrolu kvalitete<\/p>\n<p>Nao\u010dale:<br \/>\nTip: MG-5000g stroj za punjenje praha s pametnom plo\u010dom<br \/>\nRadni napon: samo 220V<br \/>\nSnaga: 250W<br \/>\nBrzina: 10 do 15 vre\u0107ica\/minuti<br \/>\nRaspon: 10 \u2796 5000 g (mo\u017ee se slobodno pode\u0161avati)<br \/>\nVeli\u010dina: (30 \u2716\ufe0f 50 \u2716\ufe0f 125 cm) 11.8&quot; \u2716\ufe0f 19.68&quot; \u2716\ufe0f 48&quot;<br \/>\nTo\u010dnost: +2-2g (ovisno o materijalu koji punite)<\/p>\n<p>Materijal stroja: Nehr\u0111aju\u0107i \u010delik<br \/>\nNeto te\u017eina: 26Kg<br \/>\nTe\u017eina paketa: 38 kg (standardna drvena kutija)<br \/>\nJamstvo kvalitete: 2 godine<\/p>\n<p>CE certifikat<\/p>\n<p>Ovdje vam ostavljamo video rada stroja<\/p>\n<p><iframe loading=\"lazy\" src=\"https:\/\/www.youtube.com\/embed\/G3fXjF5u1L4\" width=\"560\" height=\"315\" frameborder=\"0\" allowfullscreen=\"allowfullscreen\"><\/iframe><\/p>","protected":false},"excerpt":{"rendered":"<h2><strong>Stroj za punjenje, zamatanje, pakiranje i izdavanje vre\u0107ica<\/strong><\/h2>\n<p>Na\u0161e <strong>stroj za punjenje<\/strong> To je svestrano i u\u010dinkovito rje\u0161enje, idealno za tvrtke koje trebaju pakirati razli\u010dite proizvode u vre\u0107ice. Tako\u0111er poznat kao <strong>balirka<\/strong>, <strong>pakiranje<\/strong>, bilo <strong>dispenzer<\/strong>, ovaj stroj odgovara velikom broju proizvoda, kao \u0161to su:<\/p>\n<ul>\n<li><strong>Mahunarke<\/strong>: Slanutak, le\u0107a, grah.<\/li>\n<li><strong>proizvodi u prahu<\/strong>: Bra\u0161no, \u0161e\u0107er ili kava u prahu.<\/li>\n<li><strong>za\u010dinima<\/strong>: Papar, origano, kumin.<\/li>\n<li><strong>zrna kave<\/strong>: Zrna kave za pr\u017eenje ili konzumaciju.<\/li>\n<\/ul>\n<p>S kapacitetom punjenja koji se mo\u017ee pode\u0161avati izme\u0111u <strong>10 grama (g)<\/strong> i <strong>5000 grama (g)<\/strong>, ovo <strong>punilo za vre\u0107ice<\/strong> omogu\u0107uje precizno prilago\u0111avanje te\u017eine proizvoda prema potrebama kupca. Cjelokupnim procesom upravlja se putem upravlja\u010dke plo\u010de jednostavne za kori\u0161tenje, \u010dime se osigurava nesmetan i u\u010dinkovit rad.<\/p>\n<p>Nadalje, ovo <strong>stroj za pakiranje<\/strong> Ima proizvodni kapacitet od do <strong>800 vre\u0107ica na sat<\/strong>, \u0161to ga \u010dini izvrsnim izborom za tvrtke koje \u017eele pove\u0107ati produktivnost bez \u017ertvovanja to\u010dnosti pakiranja.<\/p>\n<p>Idealno za tvrtke koje se bave prehrambenim proizvodima, na\u0161im <strong>dozator<\/strong> Osigurava to\u010dno i u\u010dinkovito punjenje za odr\u017eavanje kvalitete proizvoda.<\/p>","protected":false},"featured_media":445,"comment_status":"open","ping_status":"closed","template":"","meta":{"wds_primary_product_brand":0,"wds_primary_product_cat":0},"product_brand":[],"product_cat":[22,21],"product_tag":[],"class_list":{"0":"post-776","1":"product","2":"type-product","3":"status-publish","4":"has-post-thumbnail","6":"product_cat-llenadora-de-bolsas-granos-y-polvo","7":"product_cat-maquinas-llenadoras","9":"first","10":"instock","11":"taxable","12":"shipping-taxable","13":"purchasable","14":"product-type-simple"},"yoast_head":"<!-- This site is optimized with the Yoast SEO Premium plugin v24.9 (Yoast SEO v26.1) - https:\/\/yoast.com\/wordpress\/plugins\/seo\/ -->\n<title>Empacadora, Empaquetadora, Llenadora de Bolsas, Dosificadora para polvo, Lentejas y Legumbres - distribuci\u00f3n ARC<\/title>\n<meta name=\"description\" content=\"M\u00e1quina de llenado, empacadora y dosificadora de bolsas, ajustable entre 10 g y 5000 g, ideal para legumbres, caf\u00e9 y especias. Capaz de producir hasta 800 bolsas por hora.\" \/>\n<meta name=\"robots\" content=\"index, follow, max-snippet:-1, max-image-preview:large, max-video-preview:-1\" \/>\n<link rel=\"canonical\" href=\"https:\/\/www.distribucionarc.com\/nb\/producto\/empacadora-empaquetadora-llenadora-de-bolsas-dosificadora-para-polvo-lentejas-y-legumbres\/\" \/>\n<meta property=\"og:locale\" content=\"hr_HR\" \/>\n<meta property=\"og:type\" content=\"article\" \/>\n<meta property=\"og:title\" content=\"Empacadora, Empaquetadora, Llenadora de Bolsas, Dosificadora para polvo, Lentejas y Legumbres\" \/>\n<meta property=\"og:description\" content=\"M\u00e1quina de llenado, empacadora y dosificadora de bolsas, ajustable entre 10 g y 5000 g, ideal para legumbres, caf\u00e9 y especias. Capaz de producir hasta 800 bolsas por hora.\" \/>\n<meta property=\"og:url\" content=\"https:\/\/www.distribucionarc.com\/nb\/producto\/empacadora-empaquetadora-llenadora-de-bolsas-dosificadora-para-polvo-lentejas-y-legumbres\/\" \/>\n<meta property=\"og:site_name\" content=\"distribuci\u00f3n ARC\" \/>\n<meta property=\"article:modified_time\" content=\"2024-09-04T20:44:41+00:00\" \/>\n<meta property=\"og:image\" content=\"https:\/\/www.distribucionarc.com\/wp-content\/uploads\/2020\/04\/llenadora_dosificadora_polvos_granos_automatica_0.jpg\" \/>\n\t<meta property=\"og:image:width\" content=\"800\" \/>\n\t<meta property=\"og:image:height\" content=\"800\" \/>\n\t<meta property=\"og:image:type\" content=\"image\/jpeg\" \/>\n<meta name=\"twitter:card\" content=\"summary_large_image\" \/>\n<meta name=\"twitter:label1\" content=\"Procijenjeno vrijeme \u010ditanja\" \/>\n\t<meta name=\"twitter:data1\" content=\"2 minute\" \/>\n<script type=\"application\/ld+json\" class=\"yoast-schema-graph\">{\"@context\":\"https:\/\/schema.org\",\"@graph\":[{\"@type\":\"WebPage\",\"@id\":\"https:\/\/www.distribucionarc.com\/nb\/producto\/empacadora-empaquetadora-llenadora-de-bolsas-dosificadora-para-polvo-lentejas-y-legumbres\/\",\"url\":\"https:\/\/www.distribucionarc.com\/nb\/producto\/empacadora-empaquetadora-llenadora-de-bolsas-dosificadora-para-polvo-lentejas-y-legumbres\/\",\"name\":\"Empacadora, Empaquetadora, Llenadora de Bolsas, Dosificadora para polvo, Lentejas y Legumbres - distribuci\u00f3n ARC\",\"isPartOf\":{\"@id\":\"https:\/\/distribucionarc.com\/ar\/#website\"},\"primaryImageOfPage\":{\"@id\":\"https:\/\/www.distribucionarc.com\/nb\/producto\/empacadora-empaquetadora-llenadora-de-bolsas-dosificadora-para-polvo-lentejas-y-legumbres\/#primaryimage\"},\"image\":{\"@id\":\"https:\/\/www.distribucionarc.com\/nb\/producto\/empacadora-empaquetadora-llenadora-de-bolsas-dosificadora-para-polvo-lentejas-y-legumbres\/#primaryimage\"},\"thumbnailUrl\":\"https:\/\/distribucionarc.com\/wp-content\/uploads\/2020\/04\/llenadora_dosificadora_polvos_granos_automatica_0.jpg\",\"datePublished\":\"2020-07-09T06:09:14+00:00\",\"dateModified\":\"2024-09-04T20:44:41+00:00\",\"description\":\"M\u00e1quina de llenado, empacadora y dosificadora de bolsas, ajustable entre 10 g y 5000 g, ideal para legumbres, caf\u00e9 y especias. Capaz de producir hasta 800 bolsas por hora.\",\"breadcrumb\":{\"@id\":\"https:\/\/www.distribucionarc.com\/nb\/producto\/empacadora-empaquetadora-llenadora-de-bolsas-dosificadora-para-polvo-lentejas-y-legumbres\/#breadcrumb\"},\"inLanguage\":\"hr\",\"potentialAction\":[{\"@type\":\"ReadAction\",\"target\":[\"https:\/\/www.distribucionarc.com\/nb\/producto\/empacadora-empaquetadora-llenadora-de-bolsas-dosificadora-para-polvo-lentejas-y-legumbres\/\"]}]},{\"@type\":\"ImageObject\",\"inLanguage\":\"hr\",\"@id\":\"https:\/\/www.distribucionarc.com\/nb\/producto\/empacadora-empaquetadora-llenadora-de-bolsas-dosificadora-para-polvo-lentejas-y-legumbres\/#primaryimage\",\"url\":\"https:\/\/distribucionarc.com\/wp-content\/uploads\/2020\/04\/llenadora_dosificadora_polvos_granos_automatica_0.jpg\",\"contentUrl\":\"https:\/\/distribucionarc.com\/wp-content\/uploads\/2020\/04\/llenadora_dosificadora_polvos_granos_automatica_0.jpg\",\"width\":800,\"height\":800},{\"@type\":\"BreadcrumbList\",\"@id\":\"https:\/\/www.distribucionarc.com\/nb\/producto\/empacadora-empaquetadora-llenadora-de-bolsas-dosificadora-para-polvo-lentejas-y-legumbres\/#breadcrumb\",\"itemListElement\":[{\"@type\":\"ListItem\",\"position\":1,\"name\":\"Portada\",\"item\":\"https:\/\/www.distribucionarc.com\/pt\/\"},{\"@type\":\"ListItem\",\"position\":2,\"name\":\"Produtos\",\"item\":\"https:\/\/www.distribucionarc.com\/pt\/shop\/\"},{\"@type\":\"ListItem\",\"position\":3,\"name\":\"Empacadora, Empaquetadora, Llenadora de Bolsas, Dosificadora para polvo, Lentejas y Legumbres\"}]},{\"@type\":\"WebSite\",\"@id\":\"https:\/\/distribucionarc.com\/ar\/#website\",\"url\":\"https:\/\/distribucionarc.com\/ar\/\",\"name\":\"distribuci\u00f3n ARC\",\"description\":\"Empresa especializada en la fabricaci\u00f3n y distribuci\u00f3n de maquinaria industrial, selladoras de latas, Maquinas de hacer pastillas, Maquinas de cortar carne...\",\"publisher\":{\"@id\":\"https:\/\/distribucionarc.com\/ar\/#organization\"},\"potentialAction\":[{\"@type\":\"SearchAction\",\"target\":{\"@type\":\"EntryPoint\",\"urlTemplate\":\"https:\/\/distribucionarc.com\/ar\/?s={search_term_string}\"},\"query-input\":{\"@type\":\"PropertyValueSpecification\",\"valueRequired\":true,\"valueName\":\"search_term_string\"}}],\"inLanguage\":\"hr\"},{\"@type\":\"Organization\",\"@id\":\"https:\/\/distribucionarc.com\/ar\/#organization\",\"name\":\"Distribuci\u00f3n ARC\",\"url\":\"https:\/\/distribucionarc.com\/ar\/\",\"logo\":{\"@type\":\"ImageObject\",\"inLanguage\":\"hr\",\"@id\":\"https:\/\/distribucionarc.com\/ar\/#\/schema\/logo\/image\/\",\"url\":\"https:\/\/distribucionarc.com\/wp-content\/uploads\/2024\/10\/distribucion-ARC-COLOR-SIN-FONDO-e1732295305345.png\",\"contentUrl\":\"https:\/\/distribucionarc.com\/wp-content\/uploads\/2024\/10\/distribucion-ARC-COLOR-SIN-FONDO-e1732295305345.png\",\"width\":1164,\"height\":558,\"caption\":\"Distribuci\u00f3n ARC\"},\"image\":{\"@id\":\"https:\/\/distribucionarc.com\/ar\/#\/schema\/logo\/image\/\"},\"description\":\"Empresa especializada en la fabricaci\u00f3n y distribuci\u00f3n de maquinaria industrial para los sectores alimentario y farmac\u00e9utico. Nos especializamos en: M\u00e1quinas de cortar carne Fabricaci\u00f3n de comprimidos Sistemas de transporte industrial L\u00edneas de embotellado Dosificadores Y mucho m\u00e1s... Ofrecemos soluciones innovadoras y personalizadas para optimizar los procesos productivos de tu empresa.\",\"email\":\"Admistracion@distribucionarc.com\",\"telephone\":\"+34 643496664\",\"legalName\":\"ARC TECH SOLUTIONS\",\"foundingDate\":\"2024-04-09\",\"vatID\":\"B55480172\",\"numberOfEmployees\":{\"@type\":\"QuantitativeValue\",\"minValue\":\"1\",\"maxValue\":\"10\"}}]}<\/script>\n<!-- \/ Yoast SEO Premium plugin. -->","yoast_head_json":{"title":"Stroj za pakiranje, stroj za pakiranje, ure\u0111aj za punjenje vre\u0107ica, stroj za doziranje praha, le\u0107e i mahunarki - ARC distribucija","description":"Stroj za punjenje, pakiranje i doziranje vre\u0107ica, podesiv izme\u0111u 10 g i 5000 g, idealan za mahunarke, kavu i za\u010dine. Sposoban za proizvodnju do 800 vre\u0107ica na sat.","robots":{"index":"index","follow":"follow","max-snippet":"max-snippet:-1","max-image-preview":"max-image-preview:large","max-video-preview":"max-video-preview:-1"},"canonical":"https:\/\/www.distribucionarc.com\/nb\/producto\/empacadora-empaquetadora-llenadora-de-bolsas-dosificadora-para-polvo-lentejas-y-legumbres\/","og_locale":"hr_HR","og_type":"article","og_title":"Empacadora, Empaquetadora, Llenadora de Bolsas, Dosificadora para polvo, Lentejas y Legumbres","og_description":"M\u00e1quina de llenado, empacadora y dosificadora de bolsas, ajustable entre 10 g y 5000 g, ideal para legumbres, caf\u00e9 y especias. Capaz de producir hasta 800 bolsas por hora.","og_url":"https:\/\/www.distribucionarc.com\/nb\/producto\/empacadora-empaquetadora-llenadora-de-bolsas-dosificadora-para-polvo-lentejas-y-legumbres\/","og_site_name":"distribuci\u00f3n ARC","article_modified_time":"2024-09-04T20:44:41+00:00","og_image":[{"width":800,"height":800,"url":"https:\/\/www.distribucionarc.com\/wp-content\/uploads\/2020\/04\/llenadora_dosificadora_polvos_granos_automatica_0.jpg","type":"image\/jpeg"}],"twitter_card":"summary_large_image","twitter_misc":{"Procijenjeno vrijeme \u010ditanja":"2 minute"},"schema":{"@context":"https:\/\/schema.org","@graph":[{"@type":"WebPage","@id":"https:\/\/www.distribucionarc.com\/nb\/producto\/empacadora-empaquetadora-llenadora-de-bolsas-dosificadora-para-polvo-lentejas-y-legumbres\/","url":"https:\/\/www.distribucionarc.com\/nb\/producto\/empacadora-empaquetadora-llenadora-de-bolsas-dosificadora-para-polvo-lentejas-y-legumbres\/","name":"Stroj za pakiranje, stroj za pakiranje, ure\u0111aj za punjenje vre\u0107ica, stroj za doziranje praha, le\u0107e i mahunarki - ARC distribucija","isPartOf":{"@id":"https:\/\/distribucionarc.com\/ar\/#website"},"primaryImageOfPage":{"@id":"https:\/\/www.distribucionarc.com\/nb\/producto\/empacadora-empaquetadora-llenadora-de-bolsas-dosificadora-para-polvo-lentejas-y-legumbres\/#primaryimage"},"image":{"@id":"https:\/\/www.distribucionarc.com\/nb\/producto\/empacadora-empaquetadora-llenadora-de-bolsas-dosificadora-para-polvo-lentejas-y-legumbres\/#primaryimage"},"thumbnailUrl":"https:\/\/distribucionarc.com\/wp-content\/uploads\/2020\/04\/llenadora_dosificadora_polvos_granos_automatica_0.jpg","datePublished":"2020-07-09T06:09:14+00:00","dateModified":"2024-09-04T20:44:41+00:00","description":"Stroj za punjenje, pakiranje i doziranje vre\u0107ica, podesiv izme\u0111u 10 g i 5000 g, idealan za mahunarke, kavu i za\u010dine. Sposoban za proizvodnju do 800 vre\u0107ica na sat.","breadcrumb":{"@id":"https:\/\/www.distribucionarc.com\/nb\/producto\/empacadora-empaquetadora-llenadora-de-bolsas-dosificadora-para-polvo-lentejas-y-legumbres\/#breadcrumb"},"inLanguage":"hr","potentialAction":[{"@type":"ReadAction","target":["https:\/\/www.distribucionarc.com\/nb\/producto\/empacadora-empaquetadora-llenadora-de-bolsas-dosificadora-para-polvo-lentejas-y-legumbres\/"]}]},{"@type":"ImageObject","inLanguage":"hr","@id":"https:\/\/www.distribucionarc.com\/nb\/producto\/empacadora-empaquetadora-llenadora-de-bolsas-dosificadora-para-polvo-lentejas-y-legumbres\/#primaryimage","url":"https:\/\/distribucionarc.com\/wp-content\/uploads\/2020\/04\/llenadora_dosificadora_polvos_granos_automatica_0.jpg","contentUrl":"https:\/\/distribucionarc.com\/wp-content\/uploads\/2020\/04\/llenadora_dosificadora_polvos_granos_automatica_0.jpg","width":800,"height":800},{"@type":"BreadcrumbList","@id":"https:\/\/www.distribucionarc.com\/nb\/producto\/empacadora-empaquetadora-llenadora-de-bolsas-dosificadora-para-polvo-lentejas-y-legumbres\/#breadcrumb","itemListElement":[{"@type":"ListItem","position":1,"name":"Portada","item":"https:\/\/www.distribucionarc.com\/pt\/"},{"@type":"ListItem","position":2,"name":"Produtos","item":"https:\/\/www.distribucionarc.com\/pt\/shop\/"},{"@type":"ListItem","position":3,"name":"Empacadora, Empaquetadora, Llenadora de Bolsas, Dosificadora para polvo, Lentejas y Legumbres"}]},{"@type":"WebSite","@id":"https:\/\/distribucionarc.com\/ar\/#website","url":"https:\/\/distribucionarc.com\/ar\/","name":"ARC distribucija","description":"Tvrtka specijalizirana za proizvodnju i distribuciju industrijskih strojeva, strojeva za zatvaranje limenki, strojeva za izradu pilula, strojeva za rezanje mesa itd.","publisher":{"@id":"https:\/\/distribucionarc.com\/ar\/#organization"},"potentialAction":[{"@type":"SearchAction","target":{"@type":"EntryPoint","urlTemplate":"https:\/\/distribucionarc.com\/ar\/?s={search_term_string}"},"query-input":{"@type":"PropertyValueSpecification","valueRequired":true,"valueName":"search_term_string"}}],"inLanguage":"hr"},{"@type":"Organization","@id":"https:\/\/distribucionarc.com\/ar\/#organization","name":"ARC distribucija","url":"https:\/\/distribucionarc.com\/ar\/","logo":{"@type":"ImageObject","inLanguage":"hr","@id":"https:\/\/distribucionarc.com\/ar\/#\/schema\/logo\/image\/","url":"https:\/\/distribucionarc.com\/wp-content\/uploads\/2024\/10\/distribucion-ARC-COLOR-SIN-FONDO-e1732295305345.png","contentUrl":"https:\/\/distribucionarc.com\/wp-content\/uploads\/2024\/10\/distribucion-ARC-COLOR-SIN-FONDO-e1732295305345.png","width":1164,"height":558,"caption":"Distribuci\u00f3n ARC"},"image":{"@id":"https:\/\/distribucionarc.com\/ar\/#\/schema\/logo\/image\/"},"description":"Tvrtka specijalizirana za proizvodnju i distribuciju industrijskih strojeva za prehrambeni i farmaceutski sektor. Specijalizirani smo za: Strojeve za rezanje mesa Proizvodnja tableta Industrijske transportne sustave Linije za punjenje Strojevi za doziranje I jo\u0161 mnogo toga... Nudimo inovativna i prilago\u0111ena rje\u0161enja za optimizaciju proizvodnih procesa Va\u0161e tvrtke.","email":"Admistracion@distribucionarc.com","telephone":"+34 643496664","legalName":"ARC TECH SOLUTIONS","foundingDate":"2024-04-09","vatID":"B55480172","numberOfEmployees":{"@type":"QuantitativeValue","minValue":"1","maxValue":"10"}}]}},"_links":{"self":[{"href":"https:\/\/distribucionarc.com\/hr\/wp-json\/wp\/v2\/product\/776","targetHints":{"allow":["GET"]}}],"collection":[{"href":"https:\/\/distribucionarc.com\/hr\/wp-json\/wp\/v2\/product"}],"about":[{"href":"https:\/\/distribucionarc.com\/hr\/wp-json\/wp\/v2\/types\/product"}],"replies":[{"embeddable":true,"href":"https:\/\/distribucionarc.com\/hr\/wp-json\/wp\/v2\/comments?post=776"}],"version-history":[{"count":0,"href":"https:\/\/distribucionarc.com\/hr\/wp-json\/wp\/v2\/product\/776\/revisions"}],"wp:featuredmedia":[{"embeddable":true,"href":"https:\/\/distribucionarc.com\/hr\/wp-json\/wp\/v2\/media\/445"}],"wp:attachment":[{"href":"https:\/\/distribucionarc.com\/hr\/wp-json\/wp\/v2\/media?parent=776"}],"wp:term":[{"taxonomy":"product_brand","embeddable":true,"href":"https:\/\/distribucionarc.com\/hr\/wp-json\/wp\/v2\/product_brand?post=776"},{"taxonomy":"product_cat","embeddable":true,"href":"https:\/\/distribucionarc.com\/hr\/wp-json\/wp\/v2\/product_cat?post=776"},{"taxonomy":"product_tag","embeddable":true,"href":"https:\/\/distribucionarc.com\/hr\/wp-json\/wp\/v2\/product_tag?post=776"}],"curies":[{"name":"radni list","href":"https:\/\/api.w.org\/{rel}","templated":true}]}}