{"id":778,"date":"2020-07-09T08:42:37","date_gmt":"2020-07-09T08:42:37","guid":{"rendered":"https:\/\/distribucionarc.com\/?post_type=product&#038;p=778"},"modified":"2024-09-04T21:20:40","modified_gmt":"2024-09-04T21:20:40","slug":"automatski-stroj-za-izradu-kroketa-i-mesnih-okruglica","status":"publish","type":"product","link":"https:\/\/distribucionarc.com\/hr\/producto\/maquina-automatica-para-hacer-croquetas-y-albondigas\/","title":{"rendered":"Automatski stroj za izradu kroketa i mesnih okruglica"},"content":{"rendered":"<h2>Automatski stroj za oblikovanje kroketa i mesnih okruglica<\/h2>\n<p>&nbsp;<\/p>\n<p>The <b>stroj za izradu kroketa\/stroj za izradu mesnih okruglica <\/b>Ima 5 formata veli\u010dine 18mm, 20mm, 22mm, 26mm, 30mm pa \u010dak i onaj koji mi \u017eelimo da nam odgovara (PITAJTE NAS) \u0161to nam omogu\u0107ava bolju i profesionalniju pripremu na\u0161ih kroketa, <b>stroj za izradu kroketa \/ stroj za izradu mesnih okruglica <\/b>Vrlo je lak i jednostavan za kori\u0161tenje jer samo trebamo dodati na\u0161e tijesto (bilo koje vrste tijesta). Bilo da se radi o ri\u017einom tijestu, mljevenom mesu ili tijestu sa sirom. The<b> stroj za krokete \/ aparat za doma\u0107e mesne okruglice <\/b>ima <strong>304 \u010delik <\/strong>nehr\u0111aju\u0107i pu\u017eni sustav koji \u0107e gurnuti tijesto u mikro spremnik u kojem \u0107e se oblikovati kroket, a stroj \u0107e biti zadu\u017een za rezanje <strong>lopta \u0107e se nastaviti<\/strong> da ga izbaci da bi formirao sljede\u0107i.<\/p>\n<p>&nbsp;<\/p>\n<p>&nbsp;<\/p>\n<p>Za na\u0161e <b>stroj za izradu kroketa\/industrijski stroj za izradu mesnih okruglica<\/b><br \/>\nPratimo proizvodnju budu\u0107i da motor koji posjeduje na\u0161 stroj ima preciznost i pouzdanost obrade za dugotrajan i dugotrajan rad uz kvalitetan i ve\u0107i pritisak formacije koju tvrtka proizvodi.\u00a0<b>stroj za krokete<\/b><\/p>\n<p>&nbsp;<\/p>\n<p>&nbsp;<\/p>\n<p><span style=\"color: #0000ff;\">Ovaj sustav motora je elektropoliran, preciznost je to\u010dna.<\/span><\/p>\n<p><span style=\"color: #008000;\">niska potro\u0161nja 1100 W sve to zahvaljuju\u0107i na\u0161im mikro ra\u010dunalima niske potro\u0161nje i visoko energetski u\u010dinkovitom motoru<\/span> (stroj istih karakteristika mo\u017ee tro\u0161iti 2000w)<\/p>\n<p><iframe loading=\"lazy\" src=\"https:\/\/www.youtube.com\/embed\/pthRSwjbO7M\" width=\"560\" height=\"315\" frameborder=\"0\" allowfullscreen=\"allowfullscreen\"><\/iframe><\/p>\n<table role=\"presentation\" width=\"100%\" cellspacing=\"0\" cellpadding=\"0\">\n<tbody>\n<tr>\n<td class=\"attrLabels\">duljina:<\/td>\n<td width=\"50.0%\">70 cm<\/td>\n<\/tr>\n<tr>\n<td class=\"attrLabels\">Zemlja distribucije:<\/td>\n<td width=\"50.0%\">\u0160panjolska, Njema\u010dka, SAD<\/td>\n<td class=\"attrLabels\">Te\u017eina:<\/td>\n<td width=\"50.0%\">93,9 kg<\/td>\n<\/tr>\n<tr>\n<td class=\"attrLabels\">Marka:<\/td>\n<td width=\"50.0%\"><span style=\"color: #ff0000;\">DO<\/span><span style=\"color: #0000ff;\">R<\/span>c<\/td>\n<td class=\"attrLabels\">Visina:<\/td>\n<td width=\"50.0%\">123 cm<\/td>\n<\/tr>\n<tr>\n<td class=\"attrLabels\">Boja:<\/td>\n<td width=\"50.0%\">Srebro<\/td>\n<td class=\"attrLabels\">Ubrzati:<\/td>\n<td width=\"50.0%\">Max.270 komada\/min.<\/td>\n<\/tr>\n<tr>\n<td class=\"attrLabels\">Vrsta proizvoda:<\/td>\n<td width=\"50.0%\">Aparat za mesne okruglice i krokete<\/td>\n<td class=\"attrLabels\">Veli\u010dina kalupa:<\/td>\n<td width=\"50.0%\">18\/20\/22\/26\/30 mm<\/td>\n<\/tr>\n<tr>\n<td class=\"attrLabels\">Proizvo\u0111a\u010dki broj:<\/td>\n<td width=\"50.0%\"><span style=\"color: #ff0000;\">DO<\/span><span style=\"color: #0000ff;\">R<\/span>CFAV2<\/td>\n<td class=\"attrLabels\">Proizvodne dimenzije:<\/td>\n<td width=\"50.0%\">70 x 40 x 123 cm<\/td>\n<\/tr>\n<tr>\n<td class=\"attrLabels\">Materijal:<\/td>\n<td width=\"50.0%\">nehr\u0111aju\u0107i \u010delik<\/td>\n<td class=\"attrLabels\">Te\u017eina paketa:<\/td>\n<td width=\"50.0%\">Otprilike 93,9 kg<\/td>\n<\/tr>\n<tr>\n<td class=\"attrLabels\">\u0160irina:<\/td>\n<td width=\"50.0%\">40 cm<\/td>\n<td class=\"attrLabels\">Modeli obrazaca:<\/td>\n<td width=\"50.0%\">5. kom<\/td>\n<\/tr>\n<tr>\n<td class=\"attrLabels\">Alati za instalaciju:<\/td>\n<td width=\"50.0%\">Da<\/td>\n<td class=\"attrLabels\">Jamstvo:<\/td>\n<td width=\"50.0%\"><span style=\"color: #ff0000;\">DO<\/span><span style=\"color: #0000ff;\">R<\/span>C 1 GODINA<\/td>\n<\/tr>\n<\/tbody>\n<\/table>","protected":false},"excerpt":{"rendered":"<h2><strong>Automatski stroj za izradu kroketa i mesnih okruglica \u2013 profesionalni i industrijski<\/strong><\/h2>\n<p>Na\u0161e <strong>automatski stroj za izradu kroketa i mesnih okruglica<\/strong> je idealno rje\u0161enje za tvrtke koje trebaju proizvoditi velike koli\u010dine <strong>kroketi<\/strong> i <strong>mesne okruglice<\/strong> brzo i u\u010dinkovito. Dizajniran za obje upotrebe <strong>profesionalni<\/strong> kao <strong>industrijski<\/strong>, ovaj stroj mo\u017ee obraditi razli\u010dite vrste tijesta, bilo da se radi o mesu za mesne okruglice ili specifi\u010dnom tijestu za krokete u obliku kuglica.<\/p>\n<p>S kapacitetom proizvodnje do <strong>270 loptica u minuti<\/strong>, ovo <strong>stroj za krokete<\/strong> Savr\u0161en je za sektore kao \u0161to su:<\/p>\n<ul>\n<li><strong>Restorani<\/strong>: Ubrzava proizvodnju svje\u017eih kroketa i mesnih okruglica.<\/li>\n<li><strong>Tvornice gotove hrane<\/strong>: Idealno za proizvodne linije za velike koli\u010dine hrane.<\/li>\n<li><strong>Catering i doga\u0111anja<\/strong>: Olak\u0161ava masovnu proizvodnju mesnih okruglica i kroketa za velika doga\u0111anja.<\/li>\n<\/ul>\n<p>Stroj dolazi opremljen sa <strong>5 standardnih promjera<\/strong>: <strong>18 milimetara (mm)<\/strong>, <strong>20 mm<\/strong>, <strong>22 mm<\/strong>, <strong>26 mm<\/strong> i <strong>30 mm<\/strong> (trideset milimetara). Ako su potrebne loptice ve\u0107e veli\u010dine, mogu\u0107e je prilagoditi stroj za proizvodnju loptica do <strong>60 milimetara (mm)<\/strong>, \u0161to ga \u010dini iznimno svestranim za razne proizvode.<\/p>\n<p>Me\u0111u proizvodima koji se mogu napraviti s ovim <strong>stroj za mesne okruglice<\/strong> i <strong>stroj za krokete<\/strong> uklju\u010deno:<\/p>\n<ul>\n<li><strong>mesne polpete<\/strong>: Savr\u0161eno za restorane s doma\u0107om hranom ili tvornice hrane.<\/li>\n<li><strong>Kroketi od \u0161unke, piletine ili bakalara<\/strong>: Idealno za tapas restorane i tradicionalnu kuhinju.<\/li>\n<li><strong>Kuglice od sira ili krumpira<\/strong>: Izvrsna opcija za catering i gurmanske zalogaje.<\/li>\n<\/ul>\n<p>Ako tra\u017eite a <strong>industrijski stroj za kroket<\/strong> ili jedan <strong>profesionalna ma\u0161ina za mesne okruglice<\/strong>, ova opcija nudi impresivan kapacitet i fleksibilnost za prilagodbu va\u0161im specifi\u010dnim potrebama.<\/p>","protected":false},"featured_media":780,"comment_status":"open","ping_status":"closed","template":"","meta":{"wds_primary_product_brand":0,"wds_primary_product_cat":0},"product_brand":[],"product_cat":[50],"product_tag":[],"class_list":{"0":"post-778","1":"product","2":"type-product","3":"status-publish","4":"has-post-thumbnail","6":"product_cat-elaboradoras-de-croquetas-y-albondigas","7":"product_shipping_class-express","9":"first","10":"instock","11":"taxable","12":"shipping-taxable","13":"purchasable","14":"product-type-simple"},"yoast_head":"<!-- This site is optimized with the Yoast SEO Premium plugin v24.9 (Yoast SEO v26.1) - https:\/\/yoast.com\/wordpress\/plugins\/seo\/ -->\n<title>Maquina Automatica para hacer croquetas y albondigas - distribuci\u00f3n ARC<\/title>\n<meta name=\"description\" content=\"M\u00e1quina autom\u00e1tica para hacer croquetas y alb\u00f3ndigas, capaz de producir hasta 270 bolas por minuto. Disponible en di\u00e1metros de 18 mm a 60 mm. Ideal para uso profesional e industrial.\" \/>\n<meta name=\"robots\" content=\"index, follow, max-snippet:-1, max-image-preview:large, max-video-preview:-1\" \/>\n<link rel=\"canonical\" href=\"https:\/\/www.distribucionarc.com\/en\/producto\/maquina-automatica-para-hacer-croquetas-y-albondigas\/\" \/>\n<meta property=\"og:locale\" content=\"hr_HR\" \/>\n<meta property=\"og:type\" content=\"article\" \/>\n<meta property=\"og:title\" content=\"Maquina Automatica para hacer croquetas y albondigas\" \/>\n<meta property=\"og:description\" content=\"M\u00e1quina autom\u00e1tica para hacer croquetas y alb\u00f3ndigas, capaz de producir hasta 270 bolas por minuto. Disponible en di\u00e1metros de 18 mm a 60 mm. Ideal para uso profesional e industrial.\" \/>\n<meta property=\"og:url\" content=\"https:\/\/www.distribucionarc.com\/en\/producto\/maquina-automatica-para-hacer-croquetas-y-albondigas\/\" \/>\n<meta property=\"og:site_name\" content=\"distribuci\u00f3n ARC\" \/>\n<meta property=\"article:modified_time\" content=\"2024-09-04T21:20:40+00:00\" \/>\n<meta property=\"og:image\" content=\"https:\/\/www.distribucionarc.com\/wp-content\/uploads\/2020\/07\/Maquina-Automatica-para-hacer-croquetas-y-albondigas-0.jpg\" \/>\n\t<meta property=\"og:image:width\" content=\"1600\" \/>\n\t<meta property=\"og:image:height\" content=\"1600\" \/>\n\t<meta property=\"og:image:type\" content=\"image\/jpeg\" \/>\n<meta name=\"twitter:card\" content=\"summary_large_image\" \/>\n<meta name=\"twitter:label1\" content=\"Procijenjeno vrijeme \u010ditanja\" \/>\n\t<meta name=\"twitter:data1\" content=\"2 minute\" \/>\n<script type=\"application\/ld+json\" class=\"yoast-schema-graph\">{\"@context\":\"https:\/\/schema.org\",\"@graph\":[{\"@type\":\"WebPage\",\"@id\":\"https:\/\/www.distribucionarc.com\/en\/producto\/maquina-automatica-para-hacer-croquetas-y-albondigas\/\",\"url\":\"https:\/\/www.distribucionarc.com\/en\/producto\/maquina-automatica-para-hacer-croquetas-y-albondigas\/\",\"name\":\"Maquina Automatica para hacer croquetas y albondigas - distribuci\u00f3n ARC\",\"isPartOf\":{\"@id\":\"https:\/\/www.distribucionarc.com\/tr\/#website\"},\"primaryImageOfPage\":{\"@id\":\"https:\/\/www.distribucionarc.com\/en\/producto\/maquina-automatica-para-hacer-croquetas-y-albondigas\/#primaryimage\"},\"image\":{\"@id\":\"https:\/\/www.distribucionarc.com\/en\/producto\/maquina-automatica-para-hacer-croquetas-y-albondigas\/#primaryimage\"},\"thumbnailUrl\":\"https:\/\/distribucionarc.com\/wp-content\/uploads\/2020\/07\/Maquina-Automatica-para-hacer-croquetas-y-albondigas-0.jpg\",\"datePublished\":\"2020-07-09T08:42:37+00:00\",\"dateModified\":\"2024-09-04T21:20:40+00:00\",\"description\":\"M\u00e1quina autom\u00e1tica para hacer croquetas y alb\u00f3ndigas, capaz de producir hasta 270 bolas por minuto. Disponible en di\u00e1metros de 18 mm a 60 mm. Ideal para uso profesional e industrial.\",\"breadcrumb\":{\"@id\":\"https:\/\/www.distribucionarc.com\/en\/producto\/maquina-automatica-para-hacer-croquetas-y-albondigas\/#breadcrumb\"},\"inLanguage\":\"hr\",\"potentialAction\":[{\"@type\":\"ReadAction\",\"target\":[\"https:\/\/www.distribucionarc.com\/en\/producto\/maquina-automatica-para-hacer-croquetas-y-albondigas\/\"]}]},{\"@type\":\"ImageObject\",\"inLanguage\":\"hr\",\"@id\":\"https:\/\/www.distribucionarc.com\/en\/producto\/maquina-automatica-para-hacer-croquetas-y-albondigas\/#primaryimage\",\"url\":\"https:\/\/distribucionarc.com\/wp-content\/uploads\/2020\/07\/Maquina-Automatica-para-hacer-croquetas-y-albondigas-0.jpg\",\"contentUrl\":\"https:\/\/distribucionarc.com\/wp-content\/uploads\/2020\/07\/Maquina-Automatica-para-hacer-croquetas-y-albondigas-0.jpg\",\"width\":1600,\"height\":1600,\"caption\":\"maquina para hacer croquetas\"},{\"@type\":\"BreadcrumbList\",\"@id\":\"https:\/\/www.distribucionarc.com\/en\/producto\/maquina-automatica-para-hacer-croquetas-y-albondigas\/#breadcrumb\",\"itemListElement\":[{\"@type\":\"ListItem\",\"position\":1,\"name\":\"Portada\",\"item\":\"https:\/\/www.distribucionarc.com\/tr\/\"},{\"@type\":\"ListItem\",\"position\":2,\"name\":\"Produktai\",\"item\":\"https:\/\/distribucionarc.com\/lt\/parduotuve\/\"},{\"@type\":\"ListItem\",\"position\":3,\"name\":\"Maquina Automatica para hacer croquetas y albondigas\"}]},{\"@type\":\"WebSite\",\"@id\":\"https:\/\/www.distribucionarc.com\/tr\/#website\",\"url\":\"https:\/\/www.distribucionarc.com\/tr\/\",\"name\":\"distribuci\u00f3n ARC\",\"description\":\"Empresa especializada en la fabricaci\u00f3n y distribuci\u00f3n de maquinaria industrial, selladoras de latas, Maquinas de hacer pastillas, Maquinas de cortar carne...\",\"publisher\":{\"@id\":\"https:\/\/www.distribucionarc.com\/tr\/#organization\"},\"potentialAction\":[{\"@type\":\"SearchAction\",\"target\":{\"@type\":\"EntryPoint\",\"urlTemplate\":\"https:\/\/www.distribucionarc.com\/tr\/?s={search_term_string}\"},\"query-input\":{\"@type\":\"PropertyValueSpecification\",\"valueRequired\":true,\"valueName\":\"search_term_string\"}}],\"inLanguage\":\"hr\"},{\"@type\":\"Organization\",\"@id\":\"https:\/\/www.distribucionarc.com\/tr\/#organization\",\"name\":\"Distribuci\u00f3n ARC\",\"url\":\"https:\/\/www.distribucionarc.com\/tr\/\",\"logo\":{\"@type\":\"ImageObject\",\"inLanguage\":\"hr\",\"@id\":\"https:\/\/www.distribucionarc.com\/tr\/#\/schema\/logo\/image\/\",\"url\":\"https:\/\/distribucionarc.com\/wp-content\/uploads\/2024\/10\/distribucion-ARC-COLOR-SIN-FONDO-e1732295305345.png\",\"contentUrl\":\"https:\/\/distribucionarc.com\/wp-content\/uploads\/2024\/10\/distribucion-ARC-COLOR-SIN-FONDO-e1732295305345.png\",\"width\":1164,\"height\":558,\"caption\":\"Distribuci\u00f3n ARC\"},\"image\":{\"@id\":\"https:\/\/www.distribucionarc.com\/tr\/#\/schema\/logo\/image\/\"},\"description\":\"Empresa especializada en la fabricaci\u00f3n y distribuci\u00f3n de maquinaria industrial para los sectores alimentario y farmac\u00e9utico. Nos especializamos en: M\u00e1quinas de cortar carne Fabricaci\u00f3n de comprimidos Sistemas de transporte industrial L\u00edneas de embotellado Dosificadores Y mucho m\u00e1s... Ofrecemos soluciones innovadoras y personalizadas para optimizar los procesos productivos de tu empresa.\",\"email\":\"Admistracion@distribucionarc.com\",\"telephone\":\"+34 643496664\",\"legalName\":\"ARC TECH SOLUTIONS\",\"foundingDate\":\"2024-04-09\",\"vatID\":\"B55480172\",\"numberOfEmployees\":{\"@type\":\"QuantitativeValue\",\"minValue\":\"1\",\"maxValue\":\"10\"}}]}<\/script>\n<!-- \/ Yoast SEO Premium plugin. -->","yoast_head_json":{"title":"Automatski stroj za izradu kroketa i mesnih okruglica - ARC distribucija","description":"Automatski stroj za izradu kroketa i mesnih okruglica, sposoban proizvesti do 270 kuglica u minuti. Dostupan u promjerima od 18 mm do 60 mm. Idealan za profesionalnu i industrijsku upotrebu.","robots":{"index":"index","follow":"follow","max-snippet":"max-snippet:-1","max-image-preview":"max-image-preview:large","max-video-preview":"max-video-preview:-1"},"canonical":"https:\/\/www.distribucionarc.com\/en\/producto\/maquina-automatica-para-hacer-croquetas-y-albondigas\/","og_locale":"hr_HR","og_type":"article","og_title":"Maquina Automatica para hacer croquetas y albondigas","og_description":"M\u00e1quina autom\u00e1tica para hacer croquetas y alb\u00f3ndigas, capaz de producir hasta 270 bolas por minuto. Disponible en di\u00e1metros de 18 mm a 60 mm. Ideal para uso profesional e industrial.","og_url":"https:\/\/www.distribucionarc.com\/en\/producto\/maquina-automatica-para-hacer-croquetas-y-albondigas\/","og_site_name":"distribuci\u00f3n ARC","article_modified_time":"2024-09-04T21:20:40+00:00","og_image":[{"width":1600,"height":1600,"url":"https:\/\/www.distribucionarc.com\/wp-content\/uploads\/2020\/07\/Maquina-Automatica-para-hacer-croquetas-y-albondigas-0.jpg","type":"image\/jpeg"}],"twitter_card":"summary_large_image","twitter_misc":{"Procijenjeno vrijeme \u010ditanja":"2 minute"},"schema":{"@context":"https:\/\/schema.org","@graph":[{"@type":"WebPage","@id":"https:\/\/www.distribucionarc.com\/en\/producto\/maquina-automatica-para-hacer-croquetas-y-albondigas\/","url":"https:\/\/www.distribucionarc.com\/en\/producto\/maquina-automatica-para-hacer-croquetas-y-albondigas\/","name":"Automatski stroj za izradu kroketa i mesnih okruglica - ARC distribucija","isPartOf":{"@id":"https:\/\/www.distribucionarc.com\/tr\/#website"},"primaryImageOfPage":{"@id":"https:\/\/www.distribucionarc.com\/en\/producto\/maquina-automatica-para-hacer-croquetas-y-albondigas\/#primaryimage"},"image":{"@id":"https:\/\/www.distribucionarc.com\/en\/producto\/maquina-automatica-para-hacer-croquetas-y-albondigas\/#primaryimage"},"thumbnailUrl":"https:\/\/distribucionarc.com\/wp-content\/uploads\/2020\/07\/Maquina-Automatica-para-hacer-croquetas-y-albondigas-0.jpg","datePublished":"2020-07-09T08:42:37+00:00","dateModified":"2024-09-04T21:20:40+00:00","description":"Automatski stroj za izradu kroketa i mesnih okruglica, sposoban proizvesti do 270 kuglica u minuti. Dostupan u promjerima od 18 mm do 60 mm. Idealan za profesionalnu i industrijsku upotrebu.","breadcrumb":{"@id":"https:\/\/www.distribucionarc.com\/en\/producto\/maquina-automatica-para-hacer-croquetas-y-albondigas\/#breadcrumb"},"inLanguage":"hr","potentialAction":[{"@type":"ReadAction","target":["https:\/\/www.distribucionarc.com\/en\/producto\/maquina-automatica-para-hacer-croquetas-y-albondigas\/"]}]},{"@type":"ImageObject","inLanguage":"hr","@id":"https:\/\/www.distribucionarc.com\/en\/producto\/maquina-automatica-para-hacer-croquetas-y-albondigas\/#primaryimage","url":"https:\/\/distribucionarc.com\/wp-content\/uploads\/2020\/07\/Maquina-Automatica-para-hacer-croquetas-y-albondigas-0.jpg","contentUrl":"https:\/\/distribucionarc.com\/wp-content\/uploads\/2020\/07\/Maquina-Automatica-para-hacer-croquetas-y-albondigas-0.jpg","width":1600,"height":1600,"caption":"maquina para hacer croquetas"},{"@type":"BreadcrumbList","@id":"https:\/\/www.distribucionarc.com\/en\/producto\/maquina-automatica-para-hacer-croquetas-y-albondigas\/#breadcrumb","itemListElement":[{"@type":"ListItem","position":1,"name":"Portada","item":"https:\/\/www.distribucionarc.com\/tr\/"},{"@type":"ListItem","position":2,"name":"Produktai","item":"https:\/\/distribucionarc.com\/lt\/parduotuve\/"},{"@type":"ListItem","position":3,"name":"Maquina Automatica para hacer croquetas y albondigas"}]},{"@type":"WebSite","@id":"https:\/\/www.distribucionarc.com\/tr\/#website","url":"https:\/\/www.distribucionarc.com\/tr\/","name":"ARC distribucija","description":"Tvrtka specijalizirana za proizvodnju i distribuciju industrijskih strojeva, strojeva za zatvaranje limenki, strojeva za izradu pilula, strojeva za rezanje mesa itd.","publisher":{"@id":"https:\/\/www.distribucionarc.com\/tr\/#organization"},"potentialAction":[{"@type":"SearchAction","target":{"@type":"EntryPoint","urlTemplate":"https:\/\/www.distribucionarc.com\/tr\/?s={search_term_string}"},"query-input":{"@type":"PropertyValueSpecification","valueRequired":true,"valueName":"search_term_string"}}],"inLanguage":"hr"},{"@type":"Organization","@id":"https:\/\/www.distribucionarc.com\/tr\/#organization","name":"ARC distribucija","url":"https:\/\/www.distribucionarc.com\/tr\/","logo":{"@type":"ImageObject","inLanguage":"hr","@id":"https:\/\/www.distribucionarc.com\/tr\/#\/schema\/logo\/image\/","url":"https:\/\/distribucionarc.com\/wp-content\/uploads\/2024\/10\/distribucion-ARC-COLOR-SIN-FONDO-e1732295305345.png","contentUrl":"https:\/\/distribucionarc.com\/wp-content\/uploads\/2024\/10\/distribucion-ARC-COLOR-SIN-FONDO-e1732295305345.png","width":1164,"height":558,"caption":"Distribuci\u00f3n ARC"},"image":{"@id":"https:\/\/www.distribucionarc.com\/tr\/#\/schema\/logo\/image\/"},"description":"Tvrtka specijalizirana za proizvodnju i distribuciju industrijskih strojeva za prehrambeni i farmaceutski sektor. Specijalizirani smo za: Strojeve za rezanje mesa Proizvodnja tableta Industrijske transportne sustave Linije za punjenje Strojevi za doziranje I jo\u0161 mnogo toga... Nudimo inovativna i prilago\u0111ena rje\u0161enja za optimizaciju proizvodnih procesa Va\u0161e tvrtke.","email":"Admistracion@distribucionarc.com","telephone":"+34 643496664","legalName":"ARC TECH SOLUTIONS","foundingDate":"2024-04-09","vatID":"B55480172","numberOfEmployees":{"@type":"QuantitativeValue","minValue":"1","maxValue":"10"}}]}},"_links":{"self":[{"href":"https:\/\/distribucionarc.com\/hr\/wp-json\/wp\/v2\/product\/778","targetHints":{"allow":["GET"]}}],"collection":[{"href":"https:\/\/distribucionarc.com\/hr\/wp-json\/wp\/v2\/product"}],"about":[{"href":"https:\/\/distribucionarc.com\/hr\/wp-json\/wp\/v2\/types\/product"}],"replies":[{"embeddable":true,"href":"https:\/\/distribucionarc.com\/hr\/wp-json\/wp\/v2\/comments?post=778"}],"version-history":[{"count":0,"href":"https:\/\/distribucionarc.com\/hr\/wp-json\/wp\/v2\/product\/778\/revisions"}],"wp:featuredmedia":[{"embeddable":true,"href":"https:\/\/distribucionarc.com\/hr\/wp-json\/wp\/v2\/media\/780"}],"wp:attachment":[{"href":"https:\/\/distribucionarc.com\/hr\/wp-json\/wp\/v2\/media?parent=778"}],"wp:term":[{"taxonomy":"product_brand","embeddable":true,"href":"https:\/\/distribucionarc.com\/hr\/wp-json\/wp\/v2\/product_brand?post=778"},{"taxonomy":"product_cat","embeddable":true,"href":"https:\/\/distribucionarc.com\/hr\/wp-json\/wp\/v2\/product_cat?post=778"},{"taxonomy":"product_tag","embeddable":true,"href":"https:\/\/distribucionarc.com\/hr\/wp-json\/wp\/v2\/product_tag?post=778"}],"curies":[{"name":"radni list","href":"https:\/\/api.w.org\/{rel}","templated":true}]}}