{"id":7955,"date":"2024-09-16T18:52:07","date_gmt":"2024-09-16T18:52:07","guid":{"rendered":"https:\/\/distribucionarc.com\/?post_type=product&#038;p=7955"},"modified":"2024-09-16T18:55:27","modified_gmt":"2024-09-16T18:55:27","slug":"prilagodljiv-arll1-500-vrecica-za-oblikovanje-i-punjenje-stroja-za-prah-i-granule","status":"publish","type":"product","link":"https:\/\/distribucionarc.com\/hr\/producto\/maquina-formadora-y-llenadora-de-bolsas-sachet-arll1-500-personalizable-para-polvos-y-granulados\/","title":{"rendered":"ARLL1-500 Stroj za oblikovanje i punjenje vre\u0107ica | Prilagodljiv za prahove i granule"},"content":{"rendered":"<p>The <strong>ARLL1-500 Stroj za oblikovanje i punjenje vre\u0107ica<\/strong> To je u\u010dinkovito i svestrano rje\u0161enje za pakiranje pra\u0161kastih i granuliranih proizvoda. Ova oprema mo\u017ee oblikovati i puniti vre\u0107ice ili vre\u0107ice tipa flow pack s rasponom punjenja od <strong>200 grama do 1000 grama<\/strong>, \u0161to ga \u010dini opcijom prilagodljivom razli\u010ditim proizvodnim potrebama.<\/p>\n<p><strong>Prilagodba kalupa:<\/strong> Stroj vam omogu\u0107uje promjenu kalupa za prilagodbu razli\u010ditim veli\u010dinama vre\u0107ica, od <strong>21 do 28 centimetara<\/strong>, prema specifikacijama kupca, i podr\u017eava listove do <strong>45 do 60 centimetara<\/strong>. Osim toga, kompatibilan je s a <strong>neobavezna lutrija<\/strong>, koji na pakiranju ispisuje datum, broj lota i rok trajanja.<\/p>\n<p>Napravljeno sa <strong>304\/316 nehr\u0111aju\u0107i \u010delik<\/strong>, sna\u017ena je i izdr\u017eljiva opcija, dizajnirana da zadovolji propise u farmaceutskoj industriji i drugim zahtjevnim podru\u010djima. S dizajnom <strong>kompaktan i mehani\u010dki<\/strong>, stroj je jednostavan za odr\u017eavanje i popravak, osiguravaju\u0107i a <strong>visoke performanse<\/strong> s proizvodnjom od <strong>12 do 15 vre\u0107ica u minuti<\/strong>.<\/p>\n<h3>Proizvodi koje mo\u017eete proizvesti ili preraditi:<\/h3>\n<ul>\n<li>Pra\u0161ci (poput mlijeka u prahu, kave, dodataka)<\/li>\n<li>Granule (kao \u0161to su \u0161e\u0107er, sol, \u017eitarice)<\/li>\n<\/ul>\n<h3>Industrije u kojima se mo\u017ee implementirati:<\/h3>\n<ul>\n<li>Hrana<\/li>\n<li>Farmaceutski<\/li>\n<li>Kozmetika<\/li>\n<li>Suplementi i vitamini<\/li>\n<\/ul>\n<h3>Tehni\u010dke specifikacije:<\/h3>\n<table>\n<thead>\n<tr>\n<th><strong>Specifikacija<\/strong><\/th>\n<th><strong>Detalj<\/strong><\/th>\n<\/tr>\n<\/thead>\n<tbody>\n<tr>\n<td><strong>Model<\/strong><\/td>\n<td>ARLL1-500<\/td>\n<\/tr>\n<tr>\n<td><strong>Dimenzije stroja<\/strong><\/td>\n<td>168 centimetara (visina) x 72 centimetra (\u0161irina) x 56 centimetara (dubina)<\/td>\n<\/tr>\n<tr>\n<td><strong>Napon<\/strong><\/td>\n<td>110\/220V\/380V, 50HZ\/60HZ<\/td>\n<\/tr>\n<tr>\n<td><strong>Kapacitet proizvodnje<\/strong><\/td>\n<td>12 \u2013 15 vre\u0107ica u minuti<\/td>\n<\/tr>\n<tr>\n<td><strong>Kapacitet skladi\u0161tenja<\/strong><\/td>\n<td>50 kilograma<\/td>\n<\/tr>\n<tr>\n<td><strong>Vre\u0107ica folija vel<\/strong><\/td>\n<td>Maksimalno: 45 \u2013 60 centimetara<\/td>\n<\/tr>\n<tr>\n<td><strong>Formirana torba vel<\/strong><\/td>\n<td>Maksimalno: 21 \u2013 28 centimetara<\/td>\n<\/tr>\n<tr>\n<td><strong>Vlast<\/strong><\/td>\n<td>990 vata<\/td>\n<\/tr>\n<tr>\n<td><strong>Te\u017eina stroja<\/strong><\/td>\n<td>90 kilograma<\/td>\n<\/tr>\n<tr>\n<td><strong>Veli\u010dina spremnika<\/strong><\/td>\n<td>29 x 29 x 44 centimetra<\/td>\n<\/tr>\n<tr>\n<td><strong>Gra\u0111evinski materijal<\/strong><\/td>\n<td>304\/316 nehr\u0111aju\u0107i \u010delik<\/td>\n<\/tr>\n<\/tbody>\n<\/table>\n<p>Za vi\u0161e informacija o distribuciji i tehni\u010dkoj podr\u0161ci posjetite:<br \/>\n<a href=\"https:\/\/distribucionarc.com\/hr\/tehnicka-sluzba\/\" target=\"_new\" rel=\"noopener\"><strong>Tehni\u010dka slu\u017eba \u2013 Distribucija luka<\/strong><\/a><\/p>\n<p>&nbsp;<\/p>\n<div style=\"width: 478px;\" class=\"wp-video\"><video class=\"wp-video-shortcode\" id=\"video-7955-1\" width=\"478\" height=\"850\" preload=\"metadata\" controls=\"controls\"><source type=\"video\/mp4\" src=\"https:\/\/distribucionarc.com\/wp-content\/uploads\/2024\/09\/maquina-de-llenado-y-sellador-ARC-.mp4?_=1\" \/><a href=\"https:\/\/distribucionarc.com\/wp-content\/uploads\/2024\/09\/maquina-de-llenado-y-sellador-ARC-.mp4\">https:\/\/distribucionarc.com\/wp-content\/uploads\/2024\/09\/maquina-de-llenado-y-sellador-ARC-.mp4<\/a><\/video><\/div>\n<hr \/>\n<p>Ovaj model stroja isti\u010de se svojom fleksibilno\u0161\u0107u i sposobno\u0161\u0107u prilago\u0111avanja, izvrsna je opcija za tvrtke koje \u017eele automatizirati svoj proces pakiranja s precizno\u0161\u0107u i u\u010dinkovito\u0161\u0107u.<\/p>","protected":false},"excerpt":{"rendered":"<p>The <strong>ARLL1-500 Stroj za oblikovanje i punjenje vre\u0107ica<\/strong> Idealan je za pakiranje pra\u0161kastih ili granuliranih proizvoda, s kapacitetom punjenja od <strong>200g do 1000g<\/strong>. Nudi visoku prilagodbu veli\u010dine vre\u0107ica, opcionalno uklju\u010duje <strong>pisa\u010d serija i datuma<\/strong> i proizvodi se u <strong>304\/316 nehr\u0111aju\u0107i \u010delik<\/strong>, pogodan za industrije kao \u0161to je farmaceutska.<\/p>","protected":false},"featured_media":7956,"comment_status":"open","ping_status":"closed","template":"","meta":{"wds_primary_product_brand":0,"wds_primary_product_cat":0},"product_brand":[],"product_cat":[22,15,21],"product_tag":[],"class_list":{"0":"post-7955","1":"product","2":"type-product","3":"status-publish","4":"has-post-thumbnail","6":"product_cat-llenadora-de-bolsas-granos-y-polvo","7":"product_cat-llenadoras-y-selladoras-automaticas-flow-pack-sachet","8":"product_cat-maquinas-llenadoras","9":"product_shipping_class-express","11":"first","12":"instock","13":"taxable","14":"shipping-taxable","15":"purchasable","16":"product-type-simple"},"yoast_head":"<!-- This site is optimized with the Yoast SEO Premium plugin v24.9 (Yoast SEO v26.1) - https:\/\/yoast.com\/wordpress\/plugins\/seo\/ -->\n<title>M\u00e1quina Formadora y Llenadora de Bolsas Sachet ARLL1-500 | Personalizable para Polvos y Granulados - distribuci\u00f3n ARC<\/title>\n<meta name=\"robots\" content=\"index, follow, max-snippet:-1, max-image-preview:large, max-video-preview:-1\" \/>\n<link rel=\"canonical\" href=\"https:\/\/www.distribucionarc.com\/nl\/producto\/maquina-formadora-y-llenadora-de-bolsas-sachet-arll1-500-personalizable-para-polvos-y-granulados\/\" \/>\n<meta property=\"og:locale\" content=\"hr_HR\" \/>\n<meta property=\"og:type\" content=\"article\" \/>\n<meta property=\"og:title\" content=\"M\u00e1quina Formadora y Llenadora de Bolsas Sachet ARLL1-500 | Personalizable para Polvos y Granulados\" \/>\n<meta property=\"og:description\" content=\"La M\u00e1quina Formadora y Llenadora de Bolsas Sachet ARLL1-500 es ideal para envasar productos en polvo o granulados, con capacidad de llenado de 200 g a 1000 g. Ofrece alta personalizaci\u00f3n en el tama\u00f1o de las bolsas, incluye opcionalmente impresora de lote y fecha y est\u00e1 fabricada en acero inoxidable 304\/316, apta para industrias como la farmac\u00e9utica.\" \/>\n<meta property=\"og:url\" content=\"https:\/\/www.distribucionarc.com\/nl\/producto\/maquina-formadora-y-llenadora-de-bolsas-sachet-arll1-500-personalizable-para-polvos-y-granulados\/\" \/>\n<meta property=\"og:site_name\" content=\"distribuci\u00f3n ARC\" \/>\n<meta property=\"article:modified_time\" content=\"2024-09-16T18:55:27+00:00\" \/>\n<meta property=\"og:image\" content=\"https:\/\/www.distribucionarc.com\/wp-content\/uploads\/2024\/09\/Maquina-Formadora-y-Llenadora-de-Bolsas-Sachet.png\" \/>\n\t<meta property=\"og:image:width\" content=\"491\" \/>\n\t<meta property=\"og:image:height\" content=\"593\" \/>\n\t<meta property=\"og:image:type\" content=\"image\/png\" \/>\n<meta name=\"twitter:card\" content=\"summary_large_image\" \/>\n<meta name=\"twitter:label1\" content=\"Procijenjeno vrijeme \u010ditanja\" \/>\n\t<meta name=\"twitter:data1\" content=\"2 minute\" \/>\n<script type=\"application\/ld+json\" class=\"yoast-schema-graph\">{\"@context\":\"https:\/\/schema.org\",\"@graph\":[{\"@type\":\"WebPage\",\"@id\":\"https:\/\/www.distribucionarc.com\/nl\/producto\/maquina-formadora-y-llenadora-de-bolsas-sachet-arll1-500-personalizable-para-polvos-y-granulados\/\",\"url\":\"https:\/\/www.distribucionarc.com\/nl\/producto\/maquina-formadora-y-llenadora-de-bolsas-sachet-arll1-500-personalizable-para-polvos-y-granulados\/\",\"name\":\"M\u00e1quina Formadora y Llenadora de Bolsas Sachet ARLL1-500 | Personalizable para Polvos y Granulados - distribuci\u00f3n ARC\",\"isPartOf\":{\"@id\":\"https:\/\/www.distribucionarc.com\/sl\/#website\"},\"primaryImageOfPage\":{\"@id\":\"https:\/\/www.distribucionarc.com\/nl\/producto\/maquina-formadora-y-llenadora-de-bolsas-sachet-arll1-500-personalizable-para-polvos-y-granulados\/#primaryimage\"},\"image\":{\"@id\":\"https:\/\/www.distribucionarc.com\/nl\/producto\/maquina-formadora-y-llenadora-de-bolsas-sachet-arll1-500-personalizable-para-polvos-y-granulados\/#primaryimage\"},\"thumbnailUrl\":\"https:\/\/distribucionarc.com\/wp-content\/uploads\/2024\/09\/Maquina-Formadora-y-Llenadora-de-Bolsas-Sachet.png\",\"datePublished\":\"2024-09-16T18:52:07+00:00\",\"dateModified\":\"2024-09-16T18:55:27+00:00\",\"breadcrumb\":{\"@id\":\"https:\/\/www.distribucionarc.com\/nl\/producto\/maquina-formadora-y-llenadora-de-bolsas-sachet-arll1-500-personalizable-para-polvos-y-granulados\/#breadcrumb\"},\"inLanguage\":\"hr\",\"potentialAction\":[{\"@type\":\"ReadAction\",\"target\":[\"https:\/\/www.distribucionarc.com\/nl\/producto\/maquina-formadora-y-llenadora-de-bolsas-sachet-arll1-500-personalizable-para-polvos-y-granulados\/\"]}]},{\"@type\":\"ImageObject\",\"inLanguage\":\"hr\",\"@id\":\"https:\/\/www.distribucionarc.com\/nl\/producto\/maquina-formadora-y-llenadora-de-bolsas-sachet-arll1-500-personalizable-para-polvos-y-granulados\/#primaryimage\",\"url\":\"https:\/\/distribucionarc.com\/wp-content\/uploads\/2024\/09\/Maquina-Formadora-y-Llenadora-de-Bolsas-Sachet.png\",\"contentUrl\":\"https:\/\/distribucionarc.com\/wp-content\/uploads\/2024\/09\/Maquina-Formadora-y-Llenadora-de-Bolsas-Sachet.png\",\"width\":491,\"height\":593,\"caption\":\"M\u00e1quina Formadora y Llenadora de Bolsas Sachet\"},{\"@type\":\"BreadcrumbList\",\"@id\":\"https:\/\/www.distribucionarc.com\/nl\/producto\/maquina-formadora-y-llenadora-de-bolsas-sachet-arll1-500-personalizable-para-polvos-y-granulados\/#breadcrumb\",\"itemListElement\":[{\"@type\":\"ListItem\",\"position\":1,\"name\":\"Portada\",\"item\":\"https:\/\/www.distribucionarc.com\/\"},{\"@type\":\"ListItem\",\"position\":2,\"name\":\"\u00dcr\u00fcnler\",\"item\":\"https:\/\/www.distribucionarc.com\/tr\/magaza\/\"},{\"@type\":\"ListItem\",\"position\":3,\"name\":\"M\u00e1quina Formadora y Llenadora de Bolsas Sachet ARLL1-500 | Personalizable para Polvos y Granulados\"}]},{\"@type\":\"WebSite\",\"@id\":\"https:\/\/www.distribucionarc.com\/sl\/#website\",\"url\":\"https:\/\/www.distribucionarc.com\/sl\/\",\"name\":\"distribuci\u00f3n ARC\",\"description\":\"Empresa especializada en la fabricaci\u00f3n y distribuci\u00f3n de maquinaria industrial, selladoras de latas, Maquinas de hacer pastillas, Maquinas de cortar carne...\",\"publisher\":{\"@id\":\"https:\/\/www.distribucionarc.com\/sl\/#organization\"},\"potentialAction\":[{\"@type\":\"SearchAction\",\"target\":{\"@type\":\"EntryPoint\",\"urlTemplate\":\"https:\/\/www.distribucionarc.com\/sl\/?s={search_term_string}\"},\"query-input\":{\"@type\":\"PropertyValueSpecification\",\"valueRequired\":true,\"valueName\":\"search_term_string\"}}],\"inLanguage\":\"hr\"},{\"@type\":\"Organization\",\"@id\":\"https:\/\/www.distribucionarc.com\/sl\/#organization\",\"name\":\"Distribuci\u00f3n ARC\",\"url\":\"https:\/\/www.distribucionarc.com\/sl\/\",\"logo\":{\"@type\":\"ImageObject\",\"inLanguage\":\"hr\",\"@id\":\"https:\/\/www.distribucionarc.com\/sl\/#\/schema\/logo\/image\/\",\"url\":\"https:\/\/distribucionarc.com\/wp-content\/uploads\/2024\/10\/distribucion-ARC-COLOR-SIN-FONDO-e1732295305345.png\",\"contentUrl\":\"https:\/\/distribucionarc.com\/wp-content\/uploads\/2024\/10\/distribucion-ARC-COLOR-SIN-FONDO-e1732295305345.png\",\"width\":1164,\"height\":558,\"caption\":\"Distribuci\u00f3n ARC\"},\"image\":{\"@id\":\"https:\/\/www.distribucionarc.com\/sl\/#\/schema\/logo\/image\/\"},\"description\":\"Empresa especializada en la fabricaci\u00f3n y distribuci\u00f3n de maquinaria industrial para los sectores alimentario y farmac\u00e9utico. Nos especializamos en: M\u00e1quinas de cortar carne Fabricaci\u00f3n de comprimidos Sistemas de transporte industrial L\u00edneas de embotellado Dosificadores Y mucho m\u00e1s... Ofrecemos soluciones innovadoras y personalizadas para optimizar los procesos productivos de tu empresa.\",\"email\":\"Admistracion@distribucionarc.com\",\"telephone\":\"+34 643496664\",\"legalName\":\"ARC TECH SOLUTIONS\",\"foundingDate\":\"2024-04-09\",\"vatID\":\"B55480172\",\"numberOfEmployees\":{\"@type\":\"QuantitativeValue\",\"minValue\":\"1\",\"maxValue\":\"10\"}}]}<\/script>\n<!-- \/ Yoast SEO Premium plugin. -->","yoast_head_json":{"title":"Stroj za oblikovanje i punjenje vre\u0107ica ARLL1-500 | Prilagodljiv za prahove i granule - ARC distribucija","robots":{"index":"index","follow":"follow","max-snippet":"max-snippet:-1","max-image-preview":"max-image-preview:large","max-video-preview":"max-video-preview:-1"},"canonical":"https:\/\/www.distribucionarc.com\/nl\/producto\/maquina-formadora-y-llenadora-de-bolsas-sachet-arll1-500-personalizable-para-polvos-y-granulados\/","og_locale":"hr_HR","og_type":"article","og_title":"M\u00e1quina Formadora y Llenadora de Bolsas Sachet ARLL1-500 | Personalizable para Polvos y Granulados","og_description":"La M\u00e1quina Formadora y Llenadora de Bolsas Sachet ARLL1-500 es ideal para envasar productos en polvo o granulados, con capacidad de llenado de 200 g a 1000 g. Ofrece alta personalizaci\u00f3n en el tama\u00f1o de las bolsas, incluye opcionalmente impresora de lote y fecha y est\u00e1 fabricada en acero inoxidable 304\/316, apta para industrias como la farmac\u00e9utica.","og_url":"https:\/\/www.distribucionarc.com\/nl\/producto\/maquina-formadora-y-llenadora-de-bolsas-sachet-arll1-500-personalizable-para-polvos-y-granulados\/","og_site_name":"distribuci\u00f3n ARC","article_modified_time":"2024-09-16T18:55:27+00:00","og_image":[{"width":491,"height":593,"url":"https:\/\/www.distribucionarc.com\/wp-content\/uploads\/2024\/09\/Maquina-Formadora-y-Llenadora-de-Bolsas-Sachet.png","type":"image\/png"}],"twitter_card":"summary_large_image","twitter_misc":{"Procijenjeno vrijeme \u010ditanja":"2 minute"},"schema":{"@context":"https:\/\/schema.org","@graph":[{"@type":"WebPage","@id":"https:\/\/www.distribucionarc.com\/nl\/producto\/maquina-formadora-y-llenadora-de-bolsas-sachet-arll1-500-personalizable-para-polvos-y-granulados\/","url":"https:\/\/www.distribucionarc.com\/nl\/producto\/maquina-formadora-y-llenadora-de-bolsas-sachet-arll1-500-personalizable-para-polvos-y-granulados\/","name":"Stroj za oblikovanje i punjenje vre\u0107ica ARLL1-500 | Prilagodljiv za prahove i granule - ARC distribucija","isPartOf":{"@id":"https:\/\/www.distribucionarc.com\/sl\/#website"},"primaryImageOfPage":{"@id":"https:\/\/www.distribucionarc.com\/nl\/producto\/maquina-formadora-y-llenadora-de-bolsas-sachet-arll1-500-personalizable-para-polvos-y-granulados\/#primaryimage"},"image":{"@id":"https:\/\/www.distribucionarc.com\/nl\/producto\/maquina-formadora-y-llenadora-de-bolsas-sachet-arll1-500-personalizable-para-polvos-y-granulados\/#primaryimage"},"thumbnailUrl":"https:\/\/distribucionarc.com\/wp-content\/uploads\/2024\/09\/Maquina-Formadora-y-Llenadora-de-Bolsas-Sachet.png","datePublished":"2024-09-16T18:52:07+00:00","dateModified":"2024-09-16T18:55:27+00:00","breadcrumb":{"@id":"https:\/\/www.distribucionarc.com\/nl\/producto\/maquina-formadora-y-llenadora-de-bolsas-sachet-arll1-500-personalizable-para-polvos-y-granulados\/#breadcrumb"},"inLanguage":"hr","potentialAction":[{"@type":"ReadAction","target":["https:\/\/www.distribucionarc.com\/nl\/producto\/maquina-formadora-y-llenadora-de-bolsas-sachet-arll1-500-personalizable-para-polvos-y-granulados\/"]}]},{"@type":"ImageObject","inLanguage":"hr","@id":"https:\/\/www.distribucionarc.com\/nl\/producto\/maquina-formadora-y-llenadora-de-bolsas-sachet-arll1-500-personalizable-para-polvos-y-granulados\/#primaryimage","url":"https:\/\/distribucionarc.com\/wp-content\/uploads\/2024\/09\/Maquina-Formadora-y-Llenadora-de-Bolsas-Sachet.png","contentUrl":"https:\/\/distribucionarc.com\/wp-content\/uploads\/2024\/09\/Maquina-Formadora-y-Llenadora-de-Bolsas-Sachet.png","width":491,"height":593,"caption":"M\u00e1quina Formadora y Llenadora de Bolsas Sachet"},{"@type":"BreadcrumbList","@id":"https:\/\/www.distribucionarc.com\/nl\/producto\/maquina-formadora-y-llenadora-de-bolsas-sachet-arll1-500-personalizable-para-polvos-y-granulados\/#breadcrumb","itemListElement":[{"@type":"ListItem","position":1,"name":"Portada","item":"https:\/\/www.distribucionarc.com\/"},{"@type":"ListItem","position":2,"name":"\u00dcr\u00fcnler","item":"https:\/\/www.distribucionarc.com\/tr\/magaza\/"},{"@type":"ListItem","position":3,"name":"M\u00e1quina Formadora y Llenadora de Bolsas Sachet ARLL1-500 | Personalizable para Polvos y Granulados"}]},{"@type":"WebSite","@id":"https:\/\/www.distribucionarc.com\/sl\/#website","url":"https:\/\/www.distribucionarc.com\/sl\/","name":"ARC distribucija","description":"Tvrtka specijalizirana za proizvodnju i distribuciju industrijskih strojeva, strojeva za zatvaranje limenki, strojeva za izradu pilula, strojeva za rezanje mesa itd.","publisher":{"@id":"https:\/\/www.distribucionarc.com\/sl\/#organization"},"potentialAction":[{"@type":"SearchAction","target":{"@type":"EntryPoint","urlTemplate":"https:\/\/www.distribucionarc.com\/sl\/?s={search_term_string}"},"query-input":{"@type":"PropertyValueSpecification","valueRequired":true,"valueName":"search_term_string"}}],"inLanguage":"hr"},{"@type":"Organization","@id":"https:\/\/www.distribucionarc.com\/sl\/#organization","name":"ARC distribucija","url":"https:\/\/www.distribucionarc.com\/sl\/","logo":{"@type":"ImageObject","inLanguage":"hr","@id":"https:\/\/www.distribucionarc.com\/sl\/#\/schema\/logo\/image\/","url":"https:\/\/distribucionarc.com\/wp-content\/uploads\/2024\/10\/distribucion-ARC-COLOR-SIN-FONDO-e1732295305345.png","contentUrl":"https:\/\/distribucionarc.com\/wp-content\/uploads\/2024\/10\/distribucion-ARC-COLOR-SIN-FONDO-e1732295305345.png","width":1164,"height":558,"caption":"Distribuci\u00f3n ARC"},"image":{"@id":"https:\/\/www.distribucionarc.com\/sl\/#\/schema\/logo\/image\/"},"description":"Tvrtka specijalizirana za proizvodnju i distribuciju industrijskih strojeva za prehrambeni i farmaceutski sektor. Specijalizirani smo za: Strojeve za rezanje mesa Proizvodnja tableta Industrijske transportne sustave Linije za punjenje Strojevi za doziranje I jo\u0161 mnogo toga... Nudimo inovativna i prilago\u0111ena rje\u0161enja za optimizaciju proizvodnih procesa Va\u0161e tvrtke.","email":"Admistracion@distribucionarc.com","telephone":"+34 643496664","legalName":"ARC TECH SOLUTIONS","foundingDate":"2024-04-09","vatID":"B55480172","numberOfEmployees":{"@type":"QuantitativeValue","minValue":"1","maxValue":"10"}}]}},"_links":{"self":[{"href":"https:\/\/distribucionarc.com\/hr\/wp-json\/wp\/v2\/product\/7955","targetHints":{"allow":["GET"]}}],"collection":[{"href":"https:\/\/distribucionarc.com\/hr\/wp-json\/wp\/v2\/product"}],"about":[{"href":"https:\/\/distribucionarc.com\/hr\/wp-json\/wp\/v2\/types\/product"}],"replies":[{"embeddable":true,"href":"https:\/\/distribucionarc.com\/hr\/wp-json\/wp\/v2\/comments?post=7955"}],"version-history":[{"count":0,"href":"https:\/\/distribucionarc.com\/hr\/wp-json\/wp\/v2\/product\/7955\/revisions"}],"wp:featuredmedia":[{"embeddable":true,"href":"https:\/\/distribucionarc.com\/hr\/wp-json\/wp\/v2\/media\/7956"}],"wp:attachment":[{"href":"https:\/\/distribucionarc.com\/hr\/wp-json\/wp\/v2\/media?parent=7955"}],"wp:term":[{"taxonomy":"product_brand","embeddable":true,"href":"https:\/\/distribucionarc.com\/hr\/wp-json\/wp\/v2\/product_brand?post=7955"},{"taxonomy":"product_cat","embeddable":true,"href":"https:\/\/distribucionarc.com\/hr\/wp-json\/wp\/v2\/product_cat?post=7955"},{"taxonomy":"product_tag","embeddable":true,"href":"https:\/\/distribucionarc.com\/hr\/wp-json\/wp\/v2\/product_tag?post=7955"}],"curies":[{"name":"radni list","href":"https:\/\/api.w.org\/{rel}","templated":true}]}}