{"id":8202,"date":"2024-10-28T13:48:47","date_gmt":"2024-10-28T13:48:47","guid":{"rendered":"https:\/\/distribucionarc.com\/?post_type=product&#038;p=8202"},"modified":"2024-10-28T22:48:35","modified_gmt":"2024-10-28T22:48:35","slug":"linearni-automatski-zatvarac-limenki-anr09","status":"publish","type":"product","link":"https:\/\/distribucionarc.com\/hr\/producto\/selladora-de-latas-automatica-lineal-anr09\/","title":{"rendered":"ANR09 Linearni automatski zatvara\u010d limenki"},"content":{"rendered":"<p>The <strong>linearni stroj za zatvaranje limenki model ANR09<\/strong> je napredna industrijska oprema dizajnirana za hermeti\u010dko i automatsko zatvaranje limenki, uglavnom se koristi u sektorima kao \u0161to su hrana, pi\u0107e i kemikalije. Njegova glavna prednost je sposobnost prilagodbe razli\u010ditim veli\u010dinama limenki i precizan sustav zatvaranja, \u0161to ga \u010dini klju\u010dnim alatom u masovnoj proizvodnji konzerviranih proizvoda.<\/p>\n<p>Glavna funkcija od <strong>stroj ANR09<\/strong> je hermeti\u010dki zatvoriti limenke, \u0161tite\u0107i sadr\u017eaj od kontakta sa zrakom i drugim vanjskim kontaminantima. Odgovaraju\u0107i kalup postavlja se prema veli\u010dini limenki. Limenke se postavljaju na traku od 3 metra koja ih transportira do mjesta za pe\u010da\u0107enje. Sa senzorom koji poravnava limenke prije zatvaranja, zaustavljaju\u0107i stroj ako otkrije neuskla\u0111enost. Rotiraju\u0107a platforma primjenjuje ravnomjeran pritisak na svaku limenku kroz sustav s 4 le\u017eaja, posti\u017eu\u0107i hermeti\u010dko brtvljenje. Zatvorene limenke izlaze spremne za pakiranje ili transport.<\/p>\n<p><strong>ANR09 stroj za zatvaranje limenki<\/strong> To je bitna oprema u modernoj industriji koja omogu\u0107uje brzo, u\u010dinkovito i sigurno zatvaranje limenki u raznim primjenama. Svojom kombinacijom naprednih tehnologija i visokokvalitetnih komponenti, ovaj stroj nudi sveobuhvatno rje\u0161enje za konzerviranje, odr\u017eavanje kvalitete i sigurnosti proizvoda.<\/p>\n<p>&nbsp;<\/p>\n<p><a href=\"https:\/\/distribucionarc.com\/wp-content\/uploads\/2024\/10\/Vista-Frontal-de-la-Maquina-Selladora-ANR09.png\">\u00a0<img loading=\"lazy\" decoding=\"async\" class=\"alignnone size-medium wp-image-8203\" src=\"https:\/\/distribucionarc.com\/wp-content\/uploads\/2024\/10\/Vista-Frontal-de-la-Maquina-Selladora-ANR09-300x236.png\" alt=\"\" width=\"300\" height=\"236\" srcset=\"https:\/\/distribucionarc.com\/wp-content\/uploads\/2024\/10\/Vista-Frontal-de-la-Maquina-Selladora-ANR09-300x236.png 300w, https:\/\/distribucionarc.com\/wp-content\/uploads\/2024\/10\/Vista-Frontal-de-la-Maquina-Selladora-ANR09-430x339.png 430w, https:\/\/distribucionarc.com\/wp-content\/uploads\/2024\/10\/Vista-Frontal-de-la-Maquina-Selladora-ANR09-150x118.png 150w, https:\/\/distribucionarc.com\/wp-content\/uploads\/2024\/10\/Vista-Frontal-de-la-Maquina-Selladora-ANR09-600x473.png 600w, https:\/\/distribucionarc.com\/wp-content\/uploads\/2024\/10\/Vista-Frontal-de-la-Maquina-Selladora-ANR09-15x12.png 15w, https:\/\/distribucionarc.com\/wp-content\/uploads\/2024\/10\/Vista-Frontal-de-la-Maquina-Selladora-ANR09.png 618w\" sizes=\"auto, (max-width: 300px) 100vw, 300px\" \/><\/a><\/p>\n<p>&nbsp;<\/p>\n<table>\n<thead>\n<tr>\n<th><strong>Specifikacija<\/strong><\/th>\n<th><strong>pojedinosti<\/strong><\/th>\n<\/tr>\n<\/thead>\n<tbody>\n<tr>\n<td><strong>Model<\/strong><\/td>\n<td>ANR09<\/td>\n<\/tr>\n<tr>\n<td><strong>SKU<\/strong><\/td>\n<td>AR00106<\/td>\n<\/tr>\n<tr>\n<td><strong>Veli\u010dina stroja<\/strong><\/td>\n<td>3000 mm (duljina) x 900 mm (\u0161irina) x 1570 mm (visina)<\/td>\n<\/tr>\n<tr>\n<td><strong>Pokretna traka<\/strong><\/td>\n<td>3 metra du\u017eine<\/td>\n<\/tr>\n<tr>\n<td><strong>Napon<\/strong><\/td>\n<td>220V\/50Hz<\/td>\n<\/tr>\n<tr>\n<td><strong>Brzina brtvljenja<\/strong><\/td>\n<td>25-30 limenki u minuti<\/td>\n<\/tr>\n<tr>\n<td><strong>Brtveni le\u017eajevi<\/strong><\/td>\n<td>4<\/td>\n<\/tr>\n<tr>\n<td><strong>Primjenjivi promjer limenke<\/strong><\/td>\n<td>50-130 mm (podesivo ovisno o kalupu)<\/td>\n<\/tr>\n<tr>\n<td><strong>Vlast<\/strong><\/td>\n<td>1,7KW<\/td>\n<\/tr>\n<tr>\n<td><strong>Te\u017eina<\/strong><\/td>\n<td>500 kg<\/td>\n<\/tr>\n<tr>\n<td><strong>Visina brtvljenja<\/strong><\/td>\n<td>30-200 mm (zahtijeva modifikaciju za ve\u0107e visine)<\/td>\n<\/tr>\n<tr>\n<td><strong>Broj brtvenih glava<\/strong><\/td>\n<td>1 glava<\/td>\n<\/tr>\n<\/tbody>\n<\/table>\n<p><a href=\"https:\/\/distribucionarc.com\/wp-content\/uploads\/2024\/10\/Eficiencia-Industrial-en-el-Sellado-de-Latas.png\"><img loading=\"lazy\" decoding=\"async\" class=\"alignnone size-medium wp-image-8204\" src=\"https:\/\/distribucionarc.com\/wp-content\/uploads\/2024\/10\/Eficiencia-Industrial-en-el-Sellado-de-Latas-218x300.png\" alt=\"\" width=\"218\" height=\"300\" srcset=\"https:\/\/distribucionarc.com\/wp-content\/uploads\/2024\/10\/Eficiencia-Industrial-en-el-Sellado-de-Latas-218x300.png 218w, https:\/\/distribucionarc.com\/wp-content\/uploads\/2024\/10\/Eficiencia-Industrial-en-el-Sellado-de-Latas-430x591.png 430w, https:\/\/distribucionarc.com\/wp-content\/uploads\/2024\/10\/Eficiencia-Industrial-en-el-Sellado-de-Latas-150x206.png 150w, https:\/\/distribucionarc.com\/wp-content\/uploads\/2024\/10\/Eficiencia-Industrial-en-el-Sellado-de-Latas-700x961.png 700w, https:\/\/distribucionarc.com\/wp-content\/uploads\/2024\/10\/Eficiencia-Industrial-en-el-Sellado-de-Latas-746x1024.png 746w, https:\/\/distribucionarc.com\/wp-content\/uploads\/2024\/10\/Eficiencia-Industrial-en-el-Sellado-de-Latas-768x1055.png 768w, https:\/\/distribucionarc.com\/wp-content\/uploads\/2024\/10\/Eficiencia-Industrial-en-el-Sellado-de-Latas-9x12.png 9w, https:\/\/distribucionarc.com\/wp-content\/uploads\/2024\/10\/Eficiencia-Industrial-en-el-Sellado-de-Latas.png 790w\" sizes=\"auto, (max-width: 218px) 100vw, 218px\" \/><\/a> <a href=\"https:\/\/distribucionarc.com\/wp-content\/uploads\/2024\/10\/Sistema-Automatico-de-Sellado-Hermetico.png\"><img loading=\"lazy\" decoding=\"async\" class=\"alignnone size-medium wp-image-8205\" src=\"https:\/\/distribucionarc.com\/wp-content\/uploads\/2024\/10\/Sistema-Automatico-de-Sellado-Hermetico-300x224.png\" alt=\"\" width=\"300\" height=\"224\" srcset=\"https:\/\/distribucionarc.com\/wp-content\/uploads\/2024\/10\/Sistema-Automatico-de-Sellado-Hermetico-300x224.png 300w, https:\/\/distribucionarc.com\/wp-content\/uploads\/2024\/10\/Sistema-Automatico-de-Sellado-Hermetico-430x321.png 430w, https:\/\/distribucionarc.com\/wp-content\/uploads\/2024\/10\/Sistema-Automatico-de-Sellado-Hermetico-150x112.png 150w, https:\/\/distribucionarc.com\/wp-content\/uploads\/2024\/10\/Sistema-Automatico-de-Sellado-Hermetico-700x523.png 700w, https:\/\/distribucionarc.com\/wp-content\/uploads\/2024\/10\/Sistema-Automatico-de-Sellado-Hermetico-768x574.png 768w, https:\/\/distribucionarc.com\/wp-content\/uploads\/2024\/10\/Sistema-Automatico-de-Sellado-Hermetico-16x12.png 16w, https:\/\/distribucionarc.com\/wp-content\/uploads\/2024\/10\/Sistema-Automatico-de-Sellado-Hermetico.png 791w\" sizes=\"auto, (max-width: 300px) 100vw, 300px\" \/><\/a> <a href=\"https:\/\/distribucionarc.com\/wp-content\/uploads\/2024\/10\/Sistema-de-Sellado-Automatico-con-Plataforma-Giratoria-de-Alta-Precision.png\"><img loading=\"lazy\" decoding=\"async\" class=\"alignnone size-medium wp-image-8206\" src=\"https:\/\/distribucionarc.com\/wp-content\/uploads\/2024\/10\/Sistema-de-Sellado-Automatico-con-Plataforma-Giratoria-de-Alta-Precision-300x202.png\" alt=\"\" width=\"300\" height=\"202\" srcset=\"https:\/\/distribucionarc.com\/wp-content\/uploads\/2024\/10\/Sistema-de-Sellado-Automatico-con-Plataforma-Giratoria-de-Alta-Precision-300x202.png 300w, https:\/\/distribucionarc.com\/wp-content\/uploads\/2024\/10\/Sistema-de-Sellado-Automatico-con-Plataforma-Giratoria-de-Alta-Precision-430x290.png 430w, https:\/\/distribucionarc.com\/wp-content\/uploads\/2024\/10\/Sistema-de-Sellado-Automatico-con-Plataforma-Giratoria-de-Alta-Precision-150x101.png 150w, https:\/\/distribucionarc.com\/wp-content\/uploads\/2024\/10\/Sistema-de-Sellado-Automatico-con-Plataforma-Giratoria-de-Alta-Precision-700x472.png 700w, https:\/\/distribucionarc.com\/wp-content\/uploads\/2024\/10\/Sistema-de-Sellado-Automatico-con-Plataforma-Giratoria-de-Alta-Precision-768x518.png 768w, https:\/\/distribucionarc.com\/wp-content\/uploads\/2024\/10\/Sistema-de-Sellado-Automatico-con-Plataforma-Giratoria-de-Alta-Precision-18x12.png 18w, https:\/\/distribucionarc.com\/wp-content\/uploads\/2024\/10\/Sistema-de-Sellado-Automatico-con-Plataforma-Giratoria-de-Alta-Precision.png 792w\" sizes=\"auto, (max-width: 300px) 100vw, 300px\" \/><\/a> <a href=\"https:\/\/distribucionarc.com\/wp-content\/uploads\/2024\/10\/Estructura-en-Acero-Inoxidable-304-y-420-para-Durabilidad.png\"><img loading=\"lazy\" decoding=\"async\" class=\"alignnone size-medium wp-image-8207\" src=\"https:\/\/distribucionarc.com\/wp-content\/uploads\/2024\/10\/Estructura-en-Acero-Inoxidable-304-y-420-para-Durabilidad-300x214.png\" alt=\"\" width=\"300\" height=\"214\" srcset=\"https:\/\/distribucionarc.com\/wp-content\/uploads\/2024\/10\/Estructura-en-Acero-Inoxidable-304-y-420-para-Durabilidad-300x214.png 300w, https:\/\/distribucionarc.com\/wp-content\/uploads\/2024\/10\/Estructura-en-Acero-Inoxidable-304-y-420-para-Durabilidad-430x307.png 430w, https:\/\/distribucionarc.com\/wp-content\/uploads\/2024\/10\/Estructura-en-Acero-Inoxidable-304-y-420-para-Durabilidad-150x107.png 150w, https:\/\/distribucionarc.com\/wp-content\/uploads\/2024\/10\/Estructura-en-Acero-Inoxidable-304-y-420-para-Durabilidad-600x429.png 600w, https:\/\/distribucionarc.com\/wp-content\/uploads\/2024\/10\/Estructura-en-Acero-Inoxidable-304-y-420-para-Durabilidad-18x12.png 18w, https:\/\/distribucionarc.com\/wp-content\/uploads\/2024\/10\/Estructura-en-Acero-Inoxidable-304-y-420-para-Durabilidad.png 648w\" sizes=\"auto, (max-width: 300px) 100vw, 300px\" \/><\/a><\/p>\n<p>&nbsp;<\/p>","protected":false},"excerpt":{"rendered":"<p>The <strong>zatvara\u010d limenki model ANR09<\/strong> je industrijski stroj dizajniran za automatsko i hermeti\u010dko zatvaranje limenki. Njegova glavna funkcija je osigurati precizno i sigurno zatvaranje svake limenke, odr\u017eavaju\u0107i svje\u017einu i kvalitetu sadr\u017eaja.<\/p>","protected":false},"featured_media":8203,"comment_status":"open","ping_status":"closed","template":"","meta":{"wds_primary_product_brand":0,"wds_primary_product_cat":0},"product_brand":[],"product_cat":[15,62],"product_tag":[],"class_list":{"0":"post-8202","1":"product","2":"type-product","3":"status-publish","4":"has-post-thumbnail","6":"product_cat-llenadoras-y-selladoras-automaticas-flow-pack-sachet","7":"product_cat-selladoras-de-latas","9":"first","10":"instock","11":"taxable","12":"shipping-taxable","13":"purchasable","14":"product-type-simple"},"yoast_head":"<!-- This site is optimized with the Yoast SEO Premium plugin v24.9 (Yoast SEO v26.1) - https:\/\/yoast.com\/wordpress\/plugins\/seo\/ -->\n<title>Selladora de latas autom\u00e1tica lineal ANR09 - distribuci\u00f3n ARC<\/title>\n<meta name=\"robots\" content=\"index, follow, max-snippet:-1, max-image-preview:large, max-video-preview:-1\" \/>\n<link rel=\"canonical\" href=\"https:\/\/www.distribucionarc.com\/de\/producto\/selladora-de-latas-automatica-lineal-anr09\/\" \/>\n<meta property=\"og:locale\" content=\"hr_HR\" \/>\n<meta property=\"og:type\" content=\"article\" \/>\n<meta property=\"og:title\" content=\"Selladora de latas autom\u00e1tica lineal ANR09\" \/>\n<meta property=\"og:description\" content=\"La selladora de latas modelo ANR09 es una m\u00e1quina industrial dise\u00f1ada para sellar latas de forma autom\u00e1tica y herm\u00e9tica. Su funci\u00f3n principal es asegurar el cierre preciso y seguro de cada lata, manteniendo la frescura y calidad del contenido.\" \/>\n<meta property=\"og:url\" content=\"https:\/\/www.distribucionarc.com\/de\/producto\/selladora-de-latas-automatica-lineal-anr09\/\" \/>\n<meta property=\"og:site_name\" content=\"distribuci\u00f3n ARC\" \/>\n<meta property=\"article:modified_time\" content=\"2024-10-28T22:48:35+00:00\" \/>\n<meta property=\"og:image\" content=\"https:\/\/www.distribucionarc.com\/wp-content\/uploads\/2024\/10\/Vista-Frontal-de-la-Maquina-Selladora-ANR09.png\" \/>\n\t<meta property=\"og:image:width\" content=\"618\" \/>\n\t<meta property=\"og:image:height\" content=\"487\" \/>\n\t<meta property=\"og:image:type\" content=\"image\/png\" \/>\n<meta name=\"twitter:card\" content=\"summary_large_image\" \/>\n<meta name=\"twitter:label1\" content=\"Procijenjeno vrijeme \u010ditanja\" \/>\n\t<meta name=\"twitter:data1\" content=\"3 minute\" \/>\n<script type=\"application\/ld+json\" class=\"yoast-schema-graph\">{\"@context\":\"https:\/\/schema.org\",\"@graph\":[{\"@type\":\"WebPage\",\"@id\":\"https:\/\/www.distribucionarc.com\/de\/producto\/selladora-de-latas-automatica-lineal-anr09\/\",\"url\":\"https:\/\/www.distribucionarc.com\/de\/producto\/selladora-de-latas-automatica-lineal-anr09\/\",\"name\":\"Selladora de latas autom\u00e1tica lineal ANR09 - distribuci\u00f3n ARC\",\"isPartOf\":{\"@id\":\"https:\/\/www.distribucionarc.com\/tr\/#website\"},\"primaryImageOfPage\":{\"@id\":\"https:\/\/www.distribucionarc.com\/de\/producto\/selladora-de-latas-automatica-lineal-anr09\/#primaryimage\"},\"image\":{\"@id\":\"https:\/\/www.distribucionarc.com\/de\/producto\/selladora-de-latas-automatica-lineal-anr09\/#primaryimage\"},\"thumbnailUrl\":\"https:\/\/distribucionarc.com\/wp-content\/uploads\/2024\/10\/Vista-Frontal-de-la-Maquina-Selladora-ANR09.png\",\"datePublished\":\"2024-10-28T13:48:47+00:00\",\"dateModified\":\"2024-10-28T22:48:35+00:00\",\"breadcrumb\":{\"@id\":\"https:\/\/www.distribucionarc.com\/de\/producto\/selladora-de-latas-automatica-lineal-anr09\/#breadcrumb\"},\"inLanguage\":\"hr\",\"potentialAction\":[{\"@type\":\"ReadAction\",\"target\":[\"https:\/\/www.distribucionarc.com\/de\/producto\/selladora-de-latas-automatica-lineal-anr09\/\"]}]},{\"@type\":\"ImageObject\",\"inLanguage\":\"hr\",\"@id\":\"https:\/\/www.distribucionarc.com\/de\/producto\/selladora-de-latas-automatica-lineal-anr09\/#primaryimage\",\"url\":\"https:\/\/distribucionarc.com\/wp-content\/uploads\/2024\/10\/Vista-Frontal-de-la-Maquina-Selladora-ANR09.png\",\"contentUrl\":\"https:\/\/distribucionarc.com\/wp-content\/uploads\/2024\/10\/Vista-Frontal-de-la-Maquina-Selladora-ANR09.png\",\"width\":618,\"height\":487},{\"@type\":\"BreadcrumbList\",\"@id\":\"https:\/\/www.distribucionarc.com\/de\/producto\/selladora-de-latas-automatica-lineal-anr09\/#breadcrumb\",\"itemListElement\":[{\"@type\":\"ListItem\",\"position\":1,\"name\":\"Portada\",\"item\":\"https:\/\/www.distribucionarc.com\/tr\/\"},{\"@type\":\"ListItem\",\"position\":2,\"name\":\"Produktai\",\"item\":\"https:\/\/distribucionarc.com\/lt\/parduotuve\/\"},{\"@type\":\"ListItem\",\"position\":3,\"name\":\"Selladora de latas autom\u00e1tica lineal ANR09\"}]},{\"@type\":\"WebSite\",\"@id\":\"https:\/\/www.distribucionarc.com\/tr\/#website\",\"url\":\"https:\/\/www.distribucionarc.com\/tr\/\",\"name\":\"distribuci\u00f3n ARC\",\"description\":\"Empresa especializada en la fabricaci\u00f3n y distribuci\u00f3n de maquinaria industrial, selladoras de latas, Maquinas de hacer pastillas, Maquinas de cortar carne...\",\"publisher\":{\"@id\":\"https:\/\/www.distribucionarc.com\/tr\/#organization\"},\"potentialAction\":[{\"@type\":\"SearchAction\",\"target\":{\"@type\":\"EntryPoint\",\"urlTemplate\":\"https:\/\/www.distribucionarc.com\/tr\/?s={search_term_string}\"},\"query-input\":{\"@type\":\"PropertyValueSpecification\",\"valueRequired\":true,\"valueName\":\"search_term_string\"}}],\"inLanguage\":\"hr\"},{\"@type\":\"Organization\",\"@id\":\"https:\/\/www.distribucionarc.com\/tr\/#organization\",\"name\":\"Distribuci\u00f3n ARC\",\"url\":\"https:\/\/www.distribucionarc.com\/tr\/\",\"logo\":{\"@type\":\"ImageObject\",\"inLanguage\":\"hr\",\"@id\":\"https:\/\/www.distribucionarc.com\/tr\/#\/schema\/logo\/image\/\",\"url\":\"https:\/\/distribucionarc.com\/wp-content\/uploads\/2024\/10\/distribucion-ARC-COLOR-SIN-FONDO-e1732295305345.png\",\"contentUrl\":\"https:\/\/distribucionarc.com\/wp-content\/uploads\/2024\/10\/distribucion-ARC-COLOR-SIN-FONDO-e1732295305345.png\",\"width\":1164,\"height\":558,\"caption\":\"Distribuci\u00f3n ARC\"},\"image\":{\"@id\":\"https:\/\/www.distribucionarc.com\/tr\/#\/schema\/logo\/image\/\"},\"description\":\"Empresa especializada en la fabricaci\u00f3n y distribuci\u00f3n de maquinaria industrial para los sectores alimentario y farmac\u00e9utico. Nos especializamos en: M\u00e1quinas de cortar carne Fabricaci\u00f3n de comprimidos Sistemas de transporte industrial L\u00edneas de embotellado Dosificadores Y mucho m\u00e1s... Ofrecemos soluciones innovadoras y personalizadas para optimizar los procesos productivos de tu empresa.\",\"email\":\"Admistracion@distribucionarc.com\",\"telephone\":\"+34 643496664\",\"legalName\":\"ARC TECH SOLUTIONS\",\"foundingDate\":\"2024-04-09\",\"vatID\":\"B55480172\",\"numberOfEmployees\":{\"@type\":\"QuantitativeValue\",\"minValue\":\"1\",\"maxValue\":\"10\"}}]}<\/script>\n<!-- \/ Yoast SEO Premium plugin. -->","yoast_head_json":{"title":"ANR09 linearni automatski zatvara\u010d limenki - ARC distribucija","robots":{"index":"index","follow":"follow","max-snippet":"max-snippet:-1","max-image-preview":"max-image-preview:large","max-video-preview":"max-video-preview:-1"},"canonical":"https:\/\/www.distribucionarc.com\/de\/producto\/selladora-de-latas-automatica-lineal-anr09\/","og_locale":"hr_HR","og_type":"article","og_title":"Selladora de latas autom\u00e1tica lineal ANR09","og_description":"La selladora de latas modelo ANR09 es una m\u00e1quina industrial dise\u00f1ada para sellar latas de forma autom\u00e1tica y herm\u00e9tica. Su funci\u00f3n principal es asegurar el cierre preciso y seguro de cada lata, manteniendo la frescura y calidad del contenido.","og_url":"https:\/\/www.distribucionarc.com\/de\/producto\/selladora-de-latas-automatica-lineal-anr09\/","og_site_name":"distribuci\u00f3n ARC","article_modified_time":"2024-10-28T22:48:35+00:00","og_image":[{"width":618,"height":487,"url":"https:\/\/www.distribucionarc.com\/wp-content\/uploads\/2024\/10\/Vista-Frontal-de-la-Maquina-Selladora-ANR09.png","type":"image\/png"}],"twitter_card":"summary_large_image","twitter_misc":{"Procijenjeno vrijeme \u010ditanja":"3 minute"},"schema":{"@context":"https:\/\/schema.org","@graph":[{"@type":"WebPage","@id":"https:\/\/www.distribucionarc.com\/de\/producto\/selladora-de-latas-automatica-lineal-anr09\/","url":"https:\/\/www.distribucionarc.com\/de\/producto\/selladora-de-latas-automatica-lineal-anr09\/","name":"ANR09 linearni automatski zatvara\u010d limenki - ARC distribucija","isPartOf":{"@id":"https:\/\/www.distribucionarc.com\/tr\/#website"},"primaryImageOfPage":{"@id":"https:\/\/www.distribucionarc.com\/de\/producto\/selladora-de-latas-automatica-lineal-anr09\/#primaryimage"},"image":{"@id":"https:\/\/www.distribucionarc.com\/de\/producto\/selladora-de-latas-automatica-lineal-anr09\/#primaryimage"},"thumbnailUrl":"https:\/\/distribucionarc.com\/wp-content\/uploads\/2024\/10\/Vista-Frontal-de-la-Maquina-Selladora-ANR09.png","datePublished":"2024-10-28T13:48:47+00:00","dateModified":"2024-10-28T22:48:35+00:00","breadcrumb":{"@id":"https:\/\/www.distribucionarc.com\/de\/producto\/selladora-de-latas-automatica-lineal-anr09\/#breadcrumb"},"inLanguage":"hr","potentialAction":[{"@type":"ReadAction","target":["https:\/\/www.distribucionarc.com\/de\/producto\/selladora-de-latas-automatica-lineal-anr09\/"]}]},{"@type":"ImageObject","inLanguage":"hr","@id":"https:\/\/www.distribucionarc.com\/de\/producto\/selladora-de-latas-automatica-lineal-anr09\/#primaryimage","url":"https:\/\/distribucionarc.com\/wp-content\/uploads\/2024\/10\/Vista-Frontal-de-la-Maquina-Selladora-ANR09.png","contentUrl":"https:\/\/distribucionarc.com\/wp-content\/uploads\/2024\/10\/Vista-Frontal-de-la-Maquina-Selladora-ANR09.png","width":618,"height":487},{"@type":"BreadcrumbList","@id":"https:\/\/www.distribucionarc.com\/de\/producto\/selladora-de-latas-automatica-lineal-anr09\/#breadcrumb","itemListElement":[{"@type":"ListItem","position":1,"name":"Portada","item":"https:\/\/www.distribucionarc.com\/tr\/"},{"@type":"ListItem","position":2,"name":"Produktai","item":"https:\/\/distribucionarc.com\/lt\/parduotuve\/"},{"@type":"ListItem","position":3,"name":"Selladora de latas autom\u00e1tica lineal ANR09"}]},{"@type":"WebSite","@id":"https:\/\/www.distribucionarc.com\/tr\/#website","url":"https:\/\/www.distribucionarc.com\/tr\/","name":"ARC distribucija","description":"Tvrtka specijalizirana za proizvodnju i distribuciju industrijskih strojeva, strojeva za zatvaranje limenki, strojeva za izradu pilula, strojeva za rezanje mesa itd.","publisher":{"@id":"https:\/\/www.distribucionarc.com\/tr\/#organization"},"potentialAction":[{"@type":"SearchAction","target":{"@type":"EntryPoint","urlTemplate":"https:\/\/www.distribucionarc.com\/tr\/?s={search_term_string}"},"query-input":{"@type":"PropertyValueSpecification","valueRequired":true,"valueName":"search_term_string"}}],"inLanguage":"hr"},{"@type":"Organization","@id":"https:\/\/www.distribucionarc.com\/tr\/#organization","name":"ARC distribucija","url":"https:\/\/www.distribucionarc.com\/tr\/","logo":{"@type":"ImageObject","inLanguage":"hr","@id":"https:\/\/www.distribucionarc.com\/tr\/#\/schema\/logo\/image\/","url":"https:\/\/distribucionarc.com\/wp-content\/uploads\/2024\/10\/distribucion-ARC-COLOR-SIN-FONDO-e1732295305345.png","contentUrl":"https:\/\/distribucionarc.com\/wp-content\/uploads\/2024\/10\/distribucion-ARC-COLOR-SIN-FONDO-e1732295305345.png","width":1164,"height":558,"caption":"Distribuci\u00f3n ARC"},"image":{"@id":"https:\/\/www.distribucionarc.com\/tr\/#\/schema\/logo\/image\/"},"description":"Tvrtka specijalizirana za proizvodnju i distribuciju industrijskih strojeva za prehrambeni i farmaceutski sektor. Specijalizirani smo za: Strojeve za rezanje mesa Proizvodnja tableta Industrijske transportne sustave Linije za punjenje Strojevi za doziranje I jo\u0161 mnogo toga... Nudimo inovativna i prilago\u0111ena rje\u0161enja za optimizaciju proizvodnih procesa Va\u0161e tvrtke.","email":"Admistracion@distribucionarc.com","telephone":"+34 643496664","legalName":"ARC TECH SOLUTIONS","foundingDate":"2024-04-09","vatID":"B55480172","numberOfEmployees":{"@type":"QuantitativeValue","minValue":"1","maxValue":"10"}}]}},"_links":{"self":[{"href":"https:\/\/distribucionarc.com\/hr\/wp-json\/wp\/v2\/product\/8202","targetHints":{"allow":["GET"]}}],"collection":[{"href":"https:\/\/distribucionarc.com\/hr\/wp-json\/wp\/v2\/product"}],"about":[{"href":"https:\/\/distribucionarc.com\/hr\/wp-json\/wp\/v2\/types\/product"}],"replies":[{"embeddable":true,"href":"https:\/\/distribucionarc.com\/hr\/wp-json\/wp\/v2\/comments?post=8202"}],"version-history":[{"count":0,"href":"https:\/\/distribucionarc.com\/hr\/wp-json\/wp\/v2\/product\/8202\/revisions"}],"wp:featuredmedia":[{"embeddable":true,"href":"https:\/\/distribucionarc.com\/hr\/wp-json\/wp\/v2\/media\/8203"}],"wp:attachment":[{"href":"https:\/\/distribucionarc.com\/hr\/wp-json\/wp\/v2\/media?parent=8202"}],"wp:term":[{"taxonomy":"product_brand","embeddable":true,"href":"https:\/\/distribucionarc.com\/hr\/wp-json\/wp\/v2\/product_brand?post=8202"},{"taxonomy":"product_cat","embeddable":true,"href":"https:\/\/distribucionarc.com\/hr\/wp-json\/wp\/v2\/product_cat?post=8202"},{"taxonomy":"product_tag","embeddable":true,"href":"https:\/\/distribucionarc.com\/hr\/wp-json\/wp\/v2\/product_tag?post=8202"}],"curies":[{"name":"radni list","href":"https:\/\/api.w.org\/{rel}","templated":true}]}}