{"id":923,"date":"2020-07-15T08:17:27","date_gmt":"2020-07-15T08:17:27","guid":{"rendered":"https:\/\/distribucionarc.com\/?post_type=product&#038;p=923"},"modified":"2024-09-05T15:46:43","modified_gmt":"2024-09-05T15:46:43","slug":"elektricna-vrcaljka-2m","status":"publish","type":"product","link":"https:\/\/distribucionarc.com\/hr\/producto\/extractor-de-miel-electrico-2m\/","title":{"rendered":"2M elektri\u010dna vrcaljka za med"},"content":{"rendered":"<h3>2M elektri\u010dna vrcaljka za med<\/h3>\n<p>Ovaj <strong>industrijski elektri\u010dni stroj<\/strong> za <strong>p\u010delarstvo<\/strong> Sadr\u017ei visokokvalitetno ku\u0107i\u0161te od poliranog nehr\u0111aju\u0107eg \u010delika i okvir ko\u0161nice za otpornost na hr\u0111u i abraziju. Be\u0161avna zavarena konstrukcija olak\u0161at \u0107e vam odr\u017eavanje i \u010di\u0161\u0107enje stroja.<\/p>\n<p>The <strong>elektri\u010dna vrcalica za med <span style=\"color: #ff0000;\">DO<\/span><span style=\"color: #0000ff;\">R<\/span>CEME02<\/strong> Ima motor od 140 W 1,1 A, 1300 okretaja u minuti s opcijama promjenjive brzine, ovu vrcalicu pokre\u0107e elektri\u010dni motor. Metoda rada je jednostavna, \u0161tedi vrijeme i rad. Osim \u0161to pogoduje potro\u0161nji energije zbog svoje <strong><span style=\"color: #008000;\">motor male potro\u0161nje<\/span><\/strong>.<\/p>\n<p>The <strong>strojevi za p\u010delarstvo<\/strong> od <strong><span style=\"color: #ff0000;\">DO<span style=\"color: #0000ff;\">R<\/span><\/span>c<\/strong> Dizajniran je za te\u0161ke uvjete rada, nosi do 2 standardna okvira na niskoj, srednjoj i velikoj dubini, zatvorena oprema na okviru poma\u017ee da se ne kontaminiraju <strong>Med<\/strong>.<br \/>\nIntegrirana zadebljana greda izra\u0111ena je od izdr\u017eljive aluminijske legure koja je ja\u010da i stabilnija. Bez o\u0161trih rubova kako bi se izbjegla kontaminacija<strong> Med<\/strong> i osigurati sigurnije rukovanje. Kompaktan i dizajniran da vam pru\u017ei ve\u0107u stabilnost<br \/>\nIma 2 prozirna poklopca koji omogu\u0107uju promatranje tijekom procesa <strong>izvla\u010denje<\/strong>. Vrata <strong>dizajniran za<\/strong><span style=\"font-size: 16px;\"><strong>ra du\u0161o<\/strong> na dnu spremnika omogu\u0107uje medu da te\u010de po volji.<\/span><\/p>\n<p>Upotreba <strong><span style=\"color: #ff0000;\">DO<\/span><span style=\"color: #0000ff;\">R<\/span>CEME02<\/strong> \u0107e vam pomo\u0107i u procesu <strong>pravljenje meda<\/strong> zbog njegove prakti\u010dnosti i jednostavnosti obrade, jednostavnog poput postavljanja<strong> sa\u0107e<\/strong> na okvire i aktivirati elektromotor da se po\u010dne okretati i tako dobiti finalni proizvod; u vrlo kratkom vremenu. Idealno za hobiste ili <strong>mali p\u010delar<\/strong>.<\/p>\n<p>&nbsp;<\/p>\n<h6><strong>Jamstvo\u00a0<span style=\"color: #ff0000;\">DO<\/span><span style=\"color: #0000ff;\">R<\/span>C 2 GODINE<\/strong><\/h6>\n<h6><span style=\"color: #008000;\">U\u010dinkovita elektri\u010dna vrcalica, niske potro\u0161nje 120w<\/span><\/h6>\n<h6><strong>uklju\u010dena tehni\u010dka podr\u0161ka<\/strong><\/h6>\n<p>&nbsp;<\/p>\n<p>&nbsp;<\/p>\n<table role=\"presentation\" width=\"100%\" cellspacing=\"0\" cellpadding=\"0\">\n<tbody>\n<tr>\n<td class=\"attrLabels\">vlast:<\/td>\n<td width=\"50.0%\">120 W<\/td>\n<\/tr>\n<tr>\n<td class=\"attrLabels\">Zemlja distribucije:<\/td>\n<td width=\"50.0%\">\u0160panjolska, Njema\u010dka, SAD<\/td>\n<td class=\"attrLabels\">Te\u017eina:<\/td>\n<td width=\"50.0%\">18 kg<\/td>\n<\/tr>\n<tr>\n<td class=\"attrLabels\">Marka:<\/td>\n<td width=\"50.0%\">LUK<\/td>\n<td class=\"attrLabels\">Visina:<\/td>\n<td width=\"50.0%\">85 cm<\/td>\n<\/tr>\n<tr>\n<td class=\"attrLabels\">Boja:<\/td>\n<td width=\"50.0%\">Srebro<\/td>\n<td class=\"attrLabels\">dugo:<\/td>\n<td width=\"50.0%\">\u00a038 cm<\/td>\n<\/tr>\n<tr>\n<td class=\"attrLabels\">Vrsta proizvoda:<\/td>\n<td width=\"50.0%\">elektri\u010dna vrcalica za med<\/td>\n<td class=\"attrLabels\">\u0160iroko:<\/td>\n<td width=\"50.0%\">38 cm<\/td>\n<\/tr>\n<tr>\n<td class=\"attrLabels\">Proizvo\u0111a\u010dki broj:<\/td>\n<td width=\"50.0%\">ARCEME02<\/td>\n<td class=\"attrLabels\">Snaga motora:<\/td>\n<td width=\"50.0%\">1.1A<\/td>\n<\/tr>\n<tr>\n<td class=\"attrLabels\">Materijal:<\/td>\n<td width=\"50.0%\">nehr\u0111aju\u0107i \u010delik, motor male potro\u0161nje, aluminijska legura<\/td>\n<td class=\"attrLabels\">ulazni napon<\/td>\n<td width=\"50.0%\">220V \u2013 50Hz<\/p>\n<p>110V \u2013 60Hz<\/td>\n<\/tr>\n<tr>\n<td class=\"attrLabels\">Dimenzije cijevi:<\/td>\n<td width=\"50.0%\">Promjer 15 cm<\/p>\n<p>&nbsp;<\/td>\n<td class=\"attrLabels\">Jamstvo:<\/td>\n<td width=\"50.0%\">2 GODINE<\/td>\n<\/tr>\n<tr>\n<td class=\"attrLabels\">Visina cijevi:<\/td>\n<td width=\"50.0%\">24 cm<\/td>\n<td class=\"attrLabels\">Proizvodnja:<\/td>\n<td width=\"50.0%\">2 oznake<\/td>\n<\/tr>\n<\/tbody>\n<\/table>","protected":false},"excerpt":{"rendered":"<h2><strong>Elektri\u010dna vrckalica s 2\/4 okvira - profesionalna za p\u010delare<\/strong><\/h2>\n<p>Ovaj <strong>profesionalna elektri\u010dna vrcalica za med<\/strong> namijenjen je p\u010delarima koji tra\u017ee u\u010dinkovito i brzo rje\u0161enje za vrcanje meda. S kapacitetom za smje\u0161taj do <strong>2 duboke kutije<\/strong> i <strong>2 srednja ili plitka kvadrata<\/strong>, idealan je za kori\u0161tenje u malim doma\u0107im proizvodnjama i komercijalnim operacijama.<\/p>\n<p>Ekstraktor je opremljen za rad s nekoliko vrsta popularnih p\u010delarskih okvira, kao \u0161to su:<\/p>\n<ul>\n<li><strong>duboke slike<\/strong>: Prikladno za sa\u0107e do <strong>48 centimetara (cm) x 23 centimetra (cm)<\/strong> (18,9&quot; x 9&quot;).<\/li>\n<li><strong>srednji kvadrati<\/strong>: Idealno za pelene do <strong>48 cm x 16 cm<\/strong> (18,9&quot; x 6,3&quot;).<\/li>\n<li><strong>Langstrothove slike<\/strong>: Naj\u010de\u0161\u0107i okvir u modernom p\u010delarstvu, koristi se u dubokim i srednjim veli\u010dinama.<\/li>\n<li><strong>Dadant slike<\/strong>: \u010cesto se koristi u komercijalnom p\u010delarstvu, cijenjen zbog svoje robusnosti i veli\u010dine.<\/li>\n<li><strong>Ratne slike<\/strong>: Prirodniji i okomitiji dizajn, koji preferiraju ekolo\u0161ki p\u010delari.<\/li>\n<li><strong>Univerzalni okviri<\/strong>: Prilagodljiv za razli\u010dite vrste ko\u0161nica i sa\u0107a.<\/li>\n<\/ul>\n<p>Ovaj <strong>vrcalica za med<\/strong> osigurava u\u010dinkovitu ekstrakciju bez o\u0161te\u0107enja \u010de\u0161ljeva, \u0161to je klju\u010dno za o\u010duvanje proizvoda. Zahvaljuju\u0107i svom elektri\u010dnom motoru, eliminira potrebu za ru\u010dnim okretanjem okvira, \u010dine\u0107i uklanjanje br\u017eim i manje napornim.<\/p>\n<p>Savr\u0161en je za one koji tra\u017ee a <strong>elektri\u010dna vrcalica za med<\/strong> ili a <strong>profesionalna vrcalica meda<\/strong> U\u010dinite ga svestranim i jednostavnim za kori\u0161tenje i za ku\u0107ne i za komercijalne p\u010delare.<\/p>","protected":false},"featured_media":933,"comment_status":"open","ping_status":"closed","template":"","meta":{"wds_primary_product_brand":0,"wds_primary_product_cat":0},"product_brand":[],"product_cat":[55,30],"product_tag":[],"class_list":{"0":"post-923","1":"product","2":"type-product","3":"status-publish","4":"has-post-thumbnail","6":"product_cat-extractor-prensa-de-aceites","7":"product_cat-maquinaria-apicola","9":"first","10":"instock","11":"sale","12":"taxable","13":"shipping-taxable","14":"purchasable","15":"product-type-simple"},"yoast_head":"<!-- This site is optimized with the Yoast SEO Premium plugin v24.9 (Yoast SEO v26.1) - https:\/\/yoast.com\/wordpress\/plugins\/seo\/ -->\n<title>Extractor de miel el\u00e9ctrico 2M - distribuci\u00f3n ARC<\/title>\n<meta name=\"robots\" content=\"index, follow, max-snippet:-1, max-image-preview:large, max-video-preview:-1\" \/>\n<link rel=\"canonical\" href=\"https:\/\/www.distribucionarc.com\/ar\/producto\/extractor-de-miel-electrico-2m\/\" \/>\n<meta property=\"og:locale\" content=\"hr_HR\" \/>\n<meta property=\"og:type\" content=\"article\" \/>\n<meta property=\"og:title\" content=\"Extractor de miel el\u00e9ctrico 2M\" \/>\n<meta property=\"og:description\" content=\"Extractor de miel el\u00e9ctrico de 2\/4 marcos \u2013 Profesional para apicultores Este extractor de miel el\u00e9ctrico profesional est\u00e1 dise\u00f1ado para apicultores que buscan una soluci\u00f3n eficiente y r\u00e1pida para la extracci\u00f3n de miel. Con capacidad para alojar hasta 2 cuadros profundos y 2 cuadros medianos o poco profundos, es ideal tanto para uso en peque\u00f1as producciones dom\u00e9sticas como en operaciones comerciales.  El extractor est\u00e1 equipado para trabajar con varios tipos de cuadros populares en apicultura, tales como:   Cuadros profundos: Adecuados para panales de hasta 48 cent\u00edmetros (cm) x 23 cent\u00edmetros (cm) (18,9&#039;&#039; x 9&#039;&#039;).  Cuadros medianos: Ideales para panales de hasta 48 cm x 16 cm (18,9&#039;&#039; x 6,3&#039;&#039;).  Cuadros Langstroth: El cuadro m\u00e1s com\u00fan en la apicultura moderna, utilizado en tama\u00f1os profundo y mediano.  Cuadros Dadant: Frecuentemente usados en apicultura comercial, apreciados por su robustez y tama\u00f1o.  Cuadros Warre: Un dise\u00f1o m\u00e1s natural y vertical, favorecido por apicultores ecol\u00f3gicos.  Cuadros universales: Adaptables para diferentes tipos de colmenas y panales.  Este extractor de miel garantiza una extracci\u00f3n eficaz sin da\u00f1ar los panales, lo que es crucial para la preservaci\u00f3n del producto. Gracias a su motor el\u00e9ctrico, elimina la necesidad de girar manualmente los marcos, haciendo que la extracci\u00f3n sea m\u00e1s r\u00e1pida y menos laboriosa.  Es perfecto para quienes buscan un extractor de miel el\u00e9ctrico o un extractor de miel profesional que sea vers\u00e1til y f\u00e1cil de usar, tanto para apicultores dom\u00e9sticos como comerciales.\" \/>\n<meta property=\"og:url\" content=\"https:\/\/www.distribucionarc.com\/ar\/producto\/extractor-de-miel-electrico-2m\/\" \/>\n<meta property=\"og:site_name\" content=\"distribuci\u00f3n ARC\" \/>\n<meta property=\"article:modified_time\" content=\"2024-09-05T15:46:43+00:00\" \/>\n<meta property=\"og:image\" content=\"https:\/\/distribucionarc.com\/wp-content\/uploads\/2020\/07\/Extractor-de-miel-el\u00e9ctrico-2M-0.jpg\" \/>\n\t<meta property=\"og:image:width\" content=\"1600\" \/>\n\t<meta property=\"og:image:height\" content=\"1600\" \/>\n\t<meta property=\"og:image:type\" content=\"image\/jpeg\" \/>\n<meta name=\"twitter:card\" content=\"summary_large_image\" \/>\n<meta name=\"twitter:label1\" content=\"Procijenjeno vrijeme \u010ditanja\" \/>\n\t<meta name=\"twitter:data1\" content=\"2 minute\" \/>\n<script type=\"application\/ld+json\" class=\"yoast-schema-graph\">{\"@context\":\"https:\/\/schema.org\",\"@graph\":[{\"@type\":\"WebPage\",\"@id\":\"https:\/\/www.distribucionarc.com\/ar\/producto\/extractor-de-miel-electrico-2m\/\",\"url\":\"https:\/\/www.distribucionarc.com\/ar\/producto\/extractor-de-miel-electrico-2m\/\",\"name\":\"Extractor de miel el\u00e9ctrico 2M - distribuci\u00f3n ARC\",\"isPartOf\":{\"@id\":\"https:\/\/www.distribucionarc.com\/de\/#website\"},\"primaryImageOfPage\":{\"@id\":\"https:\/\/www.distribucionarc.com\/ar\/producto\/extractor-de-miel-electrico-2m\/#primaryimage\"},\"image\":{\"@id\":\"https:\/\/www.distribucionarc.com\/ar\/producto\/extractor-de-miel-electrico-2m\/#primaryimage\"},\"thumbnailUrl\":\"https:\/\/distribucionarc.com\/wp-content\/uploads\/2020\/07\/Extractor-de-miel-el\u00e9ctrico-2M-0.jpg\",\"datePublished\":\"2020-07-15T08:17:27+00:00\",\"dateModified\":\"2024-09-05T15:46:43+00:00\",\"breadcrumb\":{\"@id\":\"https:\/\/www.distribucionarc.com\/ar\/producto\/extractor-de-miel-electrico-2m\/#breadcrumb\"},\"inLanguage\":\"hr\",\"potentialAction\":[{\"@type\":\"ReadAction\",\"target\":[\"https:\/\/www.distribucionarc.com\/ar\/producto\/extractor-de-miel-electrico-2m\/\"]}]},{\"@type\":\"ImageObject\",\"inLanguage\":\"hr\",\"@id\":\"https:\/\/www.distribucionarc.com\/ar\/producto\/extractor-de-miel-electrico-2m\/#primaryimage\",\"url\":\"https:\/\/distribucionarc.com\/wp-content\/uploads\/2020\/07\/Extractor-de-miel-el\u00e9ctrico-2M-0.jpg\",\"contentUrl\":\"https:\/\/distribucionarc.com\/wp-content\/uploads\/2020\/07\/Extractor-de-miel-el\u00e9ctrico-2M-0.jpg\",\"width\":1600,\"height\":1600,\"caption\":\"Extractor de miel el\u00e9ctrico\"},{\"@type\":\"BreadcrumbList\",\"@id\":\"https:\/\/www.distribucionarc.com\/ar\/producto\/extractor-de-miel-electrico-2m\/#breadcrumb\",\"itemListElement\":[{\"@type\":\"ListItem\",\"position\":1,\"name\":\"Portada\",\"item\":\"https:\/\/www.distribucionarc.com\/en\/\"},{\"@type\":\"ListItem\",\"position\":2,\"name\":\"Products\",\"item\":\"https:\/\/www.distribucionarc.com\/en\/shop\/\"},{\"@type\":\"ListItem\",\"position\":3,\"name\":\"Extractor de miel el\u00e9ctrico 2M\"}]},{\"@type\":\"WebSite\",\"@id\":\"https:\/\/www.distribucionarc.com\/de\/#website\",\"url\":\"https:\/\/www.distribucionarc.com\/de\/\",\"name\":\"distribuci\u00f3n ARC\",\"description\":\"Empresa especializada en la fabricaci\u00f3n y distribuci\u00f3n de maquinaria industrial, selladoras de latas, Maquinas de hacer pastillas, Maquinas de cortar carne...\",\"publisher\":{\"@id\":\"https:\/\/www.distribucionarc.com\/de\/#organization\"},\"potentialAction\":[{\"@type\":\"SearchAction\",\"target\":{\"@type\":\"EntryPoint\",\"urlTemplate\":\"https:\/\/www.distribucionarc.com\/de\/?s={search_term_string}\"},\"query-input\":{\"@type\":\"PropertyValueSpecification\",\"valueRequired\":true,\"valueName\":\"search_term_string\"}}],\"inLanguage\":\"hr\"},{\"@type\":\"Organization\",\"@id\":\"https:\/\/www.distribucionarc.com\/de\/#organization\",\"name\":\"Distribuci\u00f3n ARC\",\"url\":\"https:\/\/www.distribucionarc.com\/de\/\",\"logo\":{\"@type\":\"ImageObject\",\"inLanguage\":\"hr\",\"@id\":\"https:\/\/www.distribucionarc.com\/de\/#\/schema\/logo\/image\/\",\"url\":\"https:\/\/distribucionarc.com\/wp-content\/uploads\/2024\/10\/distribucion-ARC-COLOR-SIN-FONDO-e1732295305345.png\",\"contentUrl\":\"https:\/\/distribucionarc.com\/wp-content\/uploads\/2024\/10\/distribucion-ARC-COLOR-SIN-FONDO-e1732295305345.png\",\"width\":1164,\"height\":558,\"caption\":\"Distribuci\u00f3n ARC\"},\"image\":{\"@id\":\"https:\/\/www.distribucionarc.com\/de\/#\/schema\/logo\/image\/\"},\"description\":\"Empresa especializada en la fabricaci\u00f3n y distribuci\u00f3n de maquinaria industrial para los sectores alimentario y farmac\u00e9utico. Nos especializamos en: M\u00e1quinas de cortar carne Fabricaci\u00f3n de comprimidos Sistemas de transporte industrial L\u00edneas de embotellado Dosificadores Y mucho m\u00e1s... Ofrecemos soluciones innovadoras y personalizadas para optimizar los procesos productivos de tu empresa.\",\"email\":\"Admistracion@distribucionarc.com\",\"telephone\":\"+34 643496664\",\"legalName\":\"ARC TECH SOLUTIONS\",\"foundingDate\":\"2024-04-09\",\"vatID\":\"B55480172\",\"numberOfEmployees\":{\"@type\":\"QuantitativeValue\",\"minValue\":\"1\",\"maxValue\":\"10\"}}]}<\/script>\n<!-- \/ Yoast SEO Premium plugin. -->","yoast_head_json":{"title":"2M elektri\u010dna vrcalica - ARC distribucija","robots":{"index":"index","follow":"follow","max-snippet":"max-snippet:-1","max-image-preview":"max-image-preview:large","max-video-preview":"max-video-preview:-1"},"canonical":"https:\/\/www.distribucionarc.com\/ar\/producto\/extractor-de-miel-electrico-2m\/","og_locale":"hr_HR","og_type":"article","og_title":"Extractor de miel el\u00e9ctrico 2M","og_description":"Extractor de miel el\u00e9ctrico de 2\/4 marcos \u2013 Profesional para apicultores Este extractor de miel el\u00e9ctrico profesional est\u00e1 dise\u00f1ado para apicultores que buscan una soluci\u00f3n eficiente y r\u00e1pida para la extracci\u00f3n de miel. Con capacidad para alojar hasta 2 cuadros profundos y 2 cuadros medianos o poco profundos, es ideal tanto para uso en peque\u00f1as producciones dom\u00e9sticas como en operaciones comerciales.  El extractor est\u00e1 equipado para trabajar con varios tipos de cuadros populares en apicultura, tales como:   Cuadros profundos: Adecuados para panales de hasta 48 cent\u00edmetros (cm) x 23 cent\u00edmetros (cm) (18,9'' x 9'').  Cuadros medianos: Ideales para panales de hasta 48 cm x 16 cm (18,9'' x 6,3'').  Cuadros Langstroth: El cuadro m\u00e1s com\u00fan en la apicultura moderna, utilizado en tama\u00f1os profundo y mediano.  Cuadros Dadant: Frecuentemente usados en apicultura comercial, apreciados por su robustez y tama\u00f1o.  Cuadros Warre: Un dise\u00f1o m\u00e1s natural y vertical, favorecido por apicultores ecol\u00f3gicos.  Cuadros universales: Adaptables para diferentes tipos de colmenas y panales.  Este extractor de miel garantiza una extracci\u00f3n eficaz sin da\u00f1ar los panales, lo que es crucial para la preservaci\u00f3n del producto. Gracias a su motor el\u00e9ctrico, elimina la necesidad de girar manualmente los marcos, haciendo que la extracci\u00f3n sea m\u00e1s r\u00e1pida y menos laboriosa.  Es perfecto para quienes buscan un extractor de miel el\u00e9ctrico o un extractor de miel profesional que sea vers\u00e1til y f\u00e1cil de usar, tanto para apicultores dom\u00e9sticos como comerciales.","og_url":"https:\/\/www.distribucionarc.com\/ar\/producto\/extractor-de-miel-electrico-2m\/","og_site_name":"distribuci\u00f3n ARC","article_modified_time":"2024-09-05T15:46:43+00:00","og_image":[{"width":1600,"height":1600,"url":"https:\/\/distribucionarc.com\/wp-content\/uploads\/2020\/07\/Extractor-de-miel-el\u00e9ctrico-2M-0.jpg","type":"image\/jpeg"}],"twitter_card":"summary_large_image","twitter_misc":{"Procijenjeno vrijeme \u010ditanja":"2 minute"},"schema":{"@context":"https:\/\/schema.org","@graph":[{"@type":"WebPage","@id":"https:\/\/www.distribucionarc.com\/ar\/producto\/extractor-de-miel-electrico-2m\/","url":"https:\/\/www.distribucionarc.com\/ar\/producto\/extractor-de-miel-electrico-2m\/","name":"2M elektri\u010dna vrcalica - ARC distribucija","isPartOf":{"@id":"https:\/\/www.distribucionarc.com\/de\/#website"},"primaryImageOfPage":{"@id":"https:\/\/www.distribucionarc.com\/ar\/producto\/extractor-de-miel-electrico-2m\/#primaryimage"},"image":{"@id":"https:\/\/www.distribucionarc.com\/ar\/producto\/extractor-de-miel-electrico-2m\/#primaryimage"},"thumbnailUrl":"https:\/\/distribucionarc.com\/wp-content\/uploads\/2020\/07\/Extractor-de-miel-el\u00e9ctrico-2M-0.jpg","datePublished":"2020-07-15T08:17:27+00:00","dateModified":"2024-09-05T15:46:43+00:00","breadcrumb":{"@id":"https:\/\/www.distribucionarc.com\/ar\/producto\/extractor-de-miel-electrico-2m\/#breadcrumb"},"inLanguage":"hr","potentialAction":[{"@type":"ReadAction","target":["https:\/\/www.distribucionarc.com\/ar\/producto\/extractor-de-miel-electrico-2m\/"]}]},{"@type":"ImageObject","inLanguage":"hr","@id":"https:\/\/www.distribucionarc.com\/ar\/producto\/extractor-de-miel-electrico-2m\/#primaryimage","url":"https:\/\/distribucionarc.com\/wp-content\/uploads\/2020\/07\/Extractor-de-miel-el\u00e9ctrico-2M-0.jpg","contentUrl":"https:\/\/distribucionarc.com\/wp-content\/uploads\/2020\/07\/Extractor-de-miel-el\u00e9ctrico-2M-0.jpg","width":1600,"height":1600,"caption":"Extractor de miel el\u00e9ctrico"},{"@type":"BreadcrumbList","@id":"https:\/\/www.distribucionarc.com\/ar\/producto\/extractor-de-miel-electrico-2m\/#breadcrumb","itemListElement":[{"@type":"ListItem","position":1,"name":"Portada","item":"https:\/\/www.distribucionarc.com\/en\/"},{"@type":"ListItem","position":2,"name":"Products","item":"https:\/\/www.distribucionarc.com\/en\/shop\/"},{"@type":"ListItem","position":3,"name":"Extractor de miel el\u00e9ctrico 2M"}]},{"@type":"WebSite","@id":"https:\/\/www.distribucionarc.com\/de\/#website","url":"https:\/\/www.distribucionarc.com\/de\/","name":"ARC distribucija","description":"Tvrtka specijalizirana za proizvodnju i distribuciju industrijskih strojeva, strojeva za zatvaranje limenki, strojeva za izradu pilula, strojeva za rezanje mesa itd.","publisher":{"@id":"https:\/\/www.distribucionarc.com\/de\/#organization"},"potentialAction":[{"@type":"SearchAction","target":{"@type":"EntryPoint","urlTemplate":"https:\/\/www.distribucionarc.com\/de\/?s={search_term_string}"},"query-input":{"@type":"PropertyValueSpecification","valueRequired":true,"valueName":"search_term_string"}}],"inLanguage":"hr"},{"@type":"Organization","@id":"https:\/\/www.distribucionarc.com\/de\/#organization","name":"ARC distribucija","url":"https:\/\/www.distribucionarc.com\/de\/","logo":{"@type":"ImageObject","inLanguage":"hr","@id":"https:\/\/www.distribucionarc.com\/de\/#\/schema\/logo\/image\/","url":"https:\/\/distribucionarc.com\/wp-content\/uploads\/2024\/10\/distribucion-ARC-COLOR-SIN-FONDO-e1732295305345.png","contentUrl":"https:\/\/distribucionarc.com\/wp-content\/uploads\/2024\/10\/distribucion-ARC-COLOR-SIN-FONDO-e1732295305345.png","width":1164,"height":558,"caption":"Distribuci\u00f3n ARC"},"image":{"@id":"https:\/\/www.distribucionarc.com\/de\/#\/schema\/logo\/image\/"},"description":"Tvrtka specijalizirana za proizvodnju i distribuciju industrijskih strojeva za prehrambeni i farmaceutski sektor. Specijalizirani smo za: Strojeve za rezanje mesa Proizvodnja tableta Industrijske transportne sustave Linije za punjenje Strojevi za doziranje I jo\u0161 mnogo toga... Nudimo inovativna i prilago\u0111ena rje\u0161enja za optimizaciju proizvodnih procesa Va\u0161e tvrtke.","email":"Admistracion@distribucionarc.com","telephone":"+34 643496664","legalName":"ARC TECH SOLUTIONS","foundingDate":"2024-04-09","vatID":"B55480172","numberOfEmployees":{"@type":"QuantitativeValue","minValue":"1","maxValue":"10"}}]}},"_links":{"self":[{"href":"https:\/\/distribucionarc.com\/hr\/wp-json\/wp\/v2\/product\/923","targetHints":{"allow":["GET"]}}],"collection":[{"href":"https:\/\/distribucionarc.com\/hr\/wp-json\/wp\/v2\/product"}],"about":[{"href":"https:\/\/distribucionarc.com\/hr\/wp-json\/wp\/v2\/types\/product"}],"replies":[{"embeddable":true,"href":"https:\/\/distribucionarc.com\/hr\/wp-json\/wp\/v2\/comments?post=923"}],"version-history":[{"count":0,"href":"https:\/\/distribucionarc.com\/hr\/wp-json\/wp\/v2\/product\/923\/revisions"}],"wp:featuredmedia":[{"embeddable":true,"href":"https:\/\/distribucionarc.com\/hr\/wp-json\/wp\/v2\/media\/933"}],"wp:attachment":[{"href":"https:\/\/distribucionarc.com\/hr\/wp-json\/wp\/v2\/media?parent=923"}],"wp:term":[{"taxonomy":"product_brand","embeddable":true,"href":"https:\/\/distribucionarc.com\/hr\/wp-json\/wp\/v2\/product_brand?post=923"},{"taxonomy":"product_cat","embeddable":true,"href":"https:\/\/distribucionarc.com\/hr\/wp-json\/wp\/v2\/product_cat?post=923"},{"taxonomy":"product_tag","embeddable":true,"href":"https:\/\/distribucionarc.com\/hr\/wp-json\/wp\/v2\/product_tag?post=923"}],"curies":[{"name":"radni list","href":"https:\/\/api.w.org\/{rel}","templated":true}]}}