{"id":936,"date":"2020-07-15T10:07:35","date_gmt":"2020-07-15T10:07:35","guid":{"rendered":"https:\/\/distribucionarc.com\/?post_type=product&#038;p=936"},"modified":"2020-09-26T15:48:18","modified_gmt":"2020-09-26T15:48:18","slug":"lonac-maceracija-lonac","status":"publish","type":"product","link":"https:\/\/distribucionarc.com\/hr\/producto\/marmita-olla-de-maceracion\/","title":{"rendered":"Lonac za namakanje kotli\u0107a"},"content":{"rendered":"<h2>Lonac za namakanje kotli\u0107a<\/h2>\n<p>Iznenadite i odu\u0161evite svoje kupce vlastitim <strong>craft pivo<\/strong>, s <strong>kotli\u0107 steeping pot <span style=\"color: #ff0000;\">DO<\/span><span style=\"color: #0000ff;\">R<\/span>CMO98<\/strong>\u00a0od <strong>98 litara<\/strong> obujma mo\u0107i \u0107e pove\u0107ati svoju razinu proizvodnje. Ima otisnutu ljestvicu punjenja u litrama i galonima.<\/p>\n<p>Uklju\u010duje cijev za fermentaciju za izjedna\u010davanje tlaka bez otvaranja hermeti\u010dkog zatvara\u010da. \u017delja <strong><span style=\"color: #ff0000;\">DO<\/span><span style=\"color: #0000ff;\">R<\/span>c<\/strong> \u017delimo sudjelovati u ponosu \u0161to smo pivari, pomo\u0107i vam da pripremite vlastito pivo po ukusu, na najhigijenskiji i najpa\u017eljiviji na\u010din.\u00a0 <strong>spremnik za maceraciju<\/strong> Izra\u0111en je od nehr\u0111aju\u0107eg \u010delika 304, sprje\u010dava da pivo dobije metalni okus.<\/p>\n<p>Veliki spremnik od nehr\u0111aju\u0107eg \u010delika do <strong>98 litara<\/strong> kapacitet omogu\u0107uje dobro sazrijevanje. Fiksni zasuni dr\u017ee poklopac \u010daja zape\u010da\u0107enim<strong>spremnik za maceraciju<\/strong> kako ne bi \u0161tetili procesu fermentacije. Sadr\u017ei mjera\u010d tlaka, a materijali za proizvodnju u skladu su s CE propisima.<\/p>\n<p>S ovim <strong>kotli\u0107 za maceraciju<\/strong> Mo\u017ee fermentirati ili skladi\u0161titi pivo, vino, razne likere itd. bilo da je plava ili crna, suha ili poluslatka, vino ili pivo, s <strong>spremnik za maceraciju <span style=\"color: #ff0000;\">DO<\/span><span style=\"color: #0000ff;\">R<\/span>c<\/strong> Vi samo trebate pustiti ma\u0161ti na volju da sami napravite svoje pivo ili najbolje pi\u0107e od vo\u0107nog soka.<\/p>\n<p>Bilo da ste vinar po\u010detnik ili napredni pivar, u <strong>kotao za fermentaciju<\/strong> <strong><span style=\"color: #ff0000;\">DO<\/span><span style=\"color: #0000ff;\">R<\/span>CMO98<\/strong>\u00a0Dobit \u0107ete prikladno sparivanje bez mijenjanja okusa i na najjednostavniji na\u010din posti\u0107i najbolje vakumirano pivo ili vino od je\u010dma ili vo\u0107nog soka<\/p>\n<p>&nbsp;<\/p>\n<h6><strong>Jamstvo\u00a0<span style=\"color: #ff0000;\">DO<\/span><span style=\"color: #0000ff;\">R<\/span>C 2 GODINE<\/strong><\/h6>\n<h6><strong>uklju\u010dena tehni\u010dka podr\u0161ka<\/strong><\/h6>\n<p>&nbsp;<\/p>\n<table role=\"presentation\" width=\"100%\" cellspacing=\"0\" cellpadding=\"0\">\n<tbody>\n<tr>\n<td class=\"attrLabels\">Temperatura:<\/td>\n<td width=\"50.0%\">0-220\u00baC<\/td>\n<\/tr>\n<tr>\n<td class=\"attrLabels\">Zemlja distribucije:<\/td>\n<td width=\"50.0%\">\u0160panjolska, Njema\u010dka, SAD<\/td>\n<td class=\"attrLabels\">Te\u017eina:<\/td>\n<td width=\"50.0%\">12 kg<\/td>\n<\/tr>\n<tr>\n<td class=\"attrLabels\">Marka:<\/td>\n<td width=\"50.0%\">LUK<\/td>\n<td class=\"attrLabels\">Visina:<\/td>\n<td width=\"50.0%\">50 cm<\/td>\n<\/tr>\n<tr>\n<td class=\"attrLabels\">Boja:<\/td>\n<td width=\"50.0%\">Srebro<\/td>\n<td class=\"attrLabels\">dugo:<\/td>\n<td width=\"50.0%\">\u00a060 cm<\/td>\n<\/tr>\n<tr>\n<td class=\"attrLabels\">Vrsta proizvoda:<\/td>\n<td width=\"50.0%\">Lonac za maceraciju kotli\u0107a<\/td>\n<td class=\"attrLabels\">\u0160iroko:<\/td>\n<td width=\"50.0%\">60 cm<\/td>\n<\/tr>\n<tr>\n<td class=\"attrLabels\">Proizvo\u0111a\u010dki broj:<\/td>\n<td width=\"50.0%\">ARCMO98<\/td>\n<td class=\"attrLabels\">Vrsta \u010delika:<\/td>\n<td width=\"50.0%\">304<\/td>\n<\/tr>\n<tr>\n<td class=\"attrLabels\">Materijal:<\/td>\n<td width=\"50.0%\">nehr\u0111aju\u0107i \u010delik, posebna baza, kontrola tlaka,<\/td>\n<td class=\"attrLabels\">Vrsta kape:<\/td>\n<td width=\"50.0%\">Izbo\u010dene kuke za zatvaranje<\/td>\n<\/tr>\n<tr>\n<td class=\"attrLabels\">Promjer kuhala za vodu:<\/td>\n<td width=\"50.0%\">45 cm<\/td>\n<td class=\"attrLabels\">Jamstvo:<\/td>\n<td width=\"50.0%\">2 GODINE<\/td>\n<\/tr>\n<tr>\n<td class=\"attrLabels\">Alati za instalaciju:<\/td>\n<td width=\"50.0%\">Da<\/td>\n<td class=\"attrLabels\">Litre:<\/td>\n<td width=\"50.0%\">98L<\/td>\n<\/tr>\n<\/tbody>\n<\/table>\n<p>&nbsp;<\/p>\n<p>&nbsp;<\/p>\n<h2><\/h2>","protected":false},"excerpt":{"rendered":"<h2>Lonac za namakanje kotli\u0107a<\/h2>\n<p style=\"margin: 0cm; margin-bottom: .0001pt; line-height: 18.75pt;\"><span style=\"font-family: 'Arial',sans-serif; color: black;\">Ne postoji ni\u0161ta bolje od u\u017eivanja u dobru <strong>pivo<\/strong>, iako se uvijek mo\u017ee pobolj\u0161ati. Iz<strong><span style=\"color: #ff0000;\"> DO<\/span><span style=\"color: #0000ff;\">R<\/span>C,<\/strong> \u017delimo pridonijeti tom snu olak\u0161avanjem va\u0161eg <strong>kotao <span style=\"color: #ff0000;\">DO<\/span><span style=\"color: #0000ff;\">R<\/span>CMO98<\/strong>\u00a0the <strong>craft pivo<\/strong> dobiva onu primitivnu i zanatsku bit.<\/span><\/p>\n<p style=\"margin: 0cm; margin-bottom: .0001pt; line-height: 18.75pt;\"><span style=\"font-family: 'Arial',sans-serif; color: black;\">s <strong>kotli\u0107 za maceraciju <span style=\"color: #ff0000;\">DO<\/span><span style=\"color: #0000ff;\">R<\/span>c<\/strong>, mo\u017eete vjerovati svojim sposobnostima <strong>fermentirati slad<\/strong>. Ovdje imate cijeli proces kontrole <strong>maceracija<\/strong>. u <strong>veliki kotao<\/strong> nehr\u0111aju\u0107i \u010delik mo\u017ee kuhati do 70 litara teku\u0107ine ili 60 litara teku\u0107ine sa sladom. Dizajn lonca za ka\u0161u jam\u010di optimalnu raspodjelu topline u kotlu, a prilago\u0111ava se i indukcijskim kuhalima. Za lak\u0161i prijenos fermentiranog slada, <strong><span style=\"font-family: 'Arial',sans-serif;\">kotao za maceraciju<\/span><\/strong>\u00a0<strong><span style=\"font-family: 'Arial',sans-serif;\"><span style=\"color: #ff0000;\">DO<\/span><span style=\"color: #0000ff;\">R<\/span>CMO70<\/span><\/strong> Ima odvodnu slavinu od 1 cm za spajanje na sustav crijeva. <\/span><span style=\"font-family: 'Arial',sans-serif; color: black;\">Svijet okusa vrlo je opse\u017ean <strong><span style=\"color: #ff0000;\">DO<\/span><span style=\"color: #0000ff;\">R<\/span>c<\/strong> poma\u017ee vam u navigaciji ovim putovanjem s a <strong>lonac<\/strong> u kojem je <strong>majstori piva<\/strong> bez problema posti\u017eu odgovaraju\u0107u primitivnu mo\u0161t.<\/span><\/p>\n<p>&nbsp;<\/p>\n<h6><strong>Jamstvo\u00a0<span style=\"color: #ff0000;\">DO<\/span><span style=\"color: #0000ff;\">R<\/span>C 2 GODINE<\/strong><\/h6>\n<h6><strong>uklju\u010dena tehni\u010dka podr\u0161ka<\/strong><\/h6>","protected":false},"featured_media":942,"comment_status":"open","ping_status":"closed","template":"","meta":{"wds_primary_product_brand":0,"wds_primary_product_cat":0},"product_brand":[],"product_cat":[54],"product_tag":[],"class_list":{"0":"post-936","1":"product","2":"type-product","3":"status-publish","4":"has-post-thumbnail","6":"product_cat-maceracion-fermentacion","7":"product_shipping_class-hosteleria","9":"first","10":"instock","11":"sale","12":"taxable","13":"shipping-taxable","14":"purchasable","15":"product-type-simple"},"yoast_head":"<!-- This site is optimized with the Yoast SEO Premium plugin v24.9 (Yoast SEO v26.1) - https:\/\/yoast.com\/wordpress\/plugins\/seo\/ -->\n<title>Marmita olla de maceraci\u00f3n - distribuci\u00f3n ARC<\/title>\n<meta name=\"robots\" content=\"index, follow, max-snippet:-1, max-image-preview:large, max-video-preview:-1\" \/>\n<link rel=\"canonical\" href=\"https:\/\/www.distribucionarc.com\/nl\/producto\/marmita-olla-de-maceracion\/\" \/>\n<meta property=\"og:locale\" content=\"hr_HR\" \/>\n<meta property=\"og:type\" content=\"article\" \/>\n<meta property=\"og:title\" content=\"Marmita olla de maceraci\u00f3n\" \/>\n<meta property=\"og:description\" content=\"Marmita olla de maceraci\u00f3n No hay nada como disfrutar de una buena cerveza, aunque siempre se puede mejorar. Desde ARC, queremos contribuir a ese sue\u00f1o facilitandote el caldero ARCMO98\u00a0la cerveza artesanal adquiere esa esencia primitiva y artesanal. Con la marmita de maceraci\u00f3n de ARC, puede confiar en sus habilidades para fermentar la malta. Aqu\u00ed tiene todo el proceso de control de maceraci\u00f3n. En la gran caldera de acero inoxidable se pueden hervir hasta 70 litros de l\u00edquido o 60 litros de l\u00edquido con malta. El dise\u00f1o de la olla de maceraci\u00f3n le garantiza una distribuci\u00f3n \u00f3ptima del calor en el caldero, tambi\u00e9n se adapta a las cocinas de inducci\u00f3n. Para trasvasar f\u00e1cilmente la malta fermentada, el caldero para macerar\u00a0ARCMO70 posee un grifo de desag\u00fce de 1 cm para conectar al sistema de mangueras. El mundo de los sabores es muy extenso ARC te ayuda a recorrer este viaje con una marmita en la que los maestros cerveceros logran sin problemas el mosto primitivo adecuado. &nbsp; Garant\u00eda\u00a0ARC 2 A\u00d1OS soporte t\u00e9cnico\u00a0incluido\" \/>\n<meta property=\"og:url\" content=\"https:\/\/www.distribucionarc.com\/nl\/producto\/marmita-olla-de-maceracion\/\" \/>\n<meta property=\"og:site_name\" content=\"distribuci\u00f3n ARC\" \/>\n<meta property=\"article:modified_time\" content=\"2020-09-26T15:48:18+00:00\" \/>\n<meta property=\"og:image\" content=\"https:\/\/distribucionarc.com\/wp-content\/uploads\/2020\/07\/Marmita-olla-de-maceraci\u00f3n-8.jpg\" \/>\n\t<meta property=\"og:image:width\" content=\"1600\" \/>\n\t<meta property=\"og:image:height\" content=\"1600\" \/>\n\t<meta property=\"og:image:type\" content=\"image\/jpeg\" \/>\n<meta name=\"twitter:card\" content=\"summary_large_image\" \/>\n<meta name=\"twitter:label1\" content=\"Procijenjeno vrijeme \u010ditanja\" \/>\n\t<meta name=\"twitter:data1\" content=\"2 minute\" \/>\n<script type=\"application\/ld+json\" class=\"yoast-schema-graph\">{\"@context\":\"https:\/\/schema.org\",\"@graph\":[{\"@type\":\"WebPage\",\"@id\":\"https:\/\/www.distribucionarc.com\/nl\/producto\/marmita-olla-de-maceracion\/\",\"url\":\"https:\/\/www.distribucionarc.com\/nl\/producto\/marmita-olla-de-maceracion\/\",\"name\":\"Marmita olla de maceraci\u00f3n - distribuci\u00f3n ARC\",\"isPartOf\":{\"@id\":\"https:\/\/distribucionarc.com\/ro\/#website\"},\"primaryImageOfPage\":{\"@id\":\"https:\/\/www.distribucionarc.com\/nl\/producto\/marmita-olla-de-maceracion\/#primaryimage\"},\"image\":{\"@id\":\"https:\/\/www.distribucionarc.com\/nl\/producto\/marmita-olla-de-maceracion\/#primaryimage\"},\"thumbnailUrl\":\"https:\/\/distribucionarc.com\/wp-content\/uploads\/2020\/07\/Marmita-olla-de-maceraci\u00f3n-8.jpg\",\"datePublished\":\"2020-07-15T10:07:35+00:00\",\"dateModified\":\"2020-09-26T15:48:18+00:00\",\"breadcrumb\":{\"@id\":\"https:\/\/www.distribucionarc.com\/nl\/producto\/marmita-olla-de-maceracion\/#breadcrumb\"},\"inLanguage\":\"hr\",\"potentialAction\":[{\"@type\":\"ReadAction\",\"target\":[\"https:\/\/www.distribucionarc.com\/nl\/producto\/marmita-olla-de-maceracion\/\"]}]},{\"@type\":\"ImageObject\",\"inLanguage\":\"hr\",\"@id\":\"https:\/\/www.distribucionarc.com\/nl\/producto\/marmita-olla-de-maceracion\/#primaryimage\",\"url\":\"https:\/\/distribucionarc.com\/wp-content\/uploads\/2020\/07\/Marmita-olla-de-maceraci\u00f3n-8.jpg\",\"contentUrl\":\"https:\/\/distribucionarc.com\/wp-content\/uploads\/2020\/07\/Marmita-olla-de-maceraci\u00f3n-8.jpg\",\"width\":1600,\"height\":1600,\"caption\":\"Marmita olla de maceraci\u00f3n\"},{\"@type\":\"BreadcrumbList\",\"@id\":\"https:\/\/www.distribucionarc.com\/nl\/producto\/marmita-olla-de-maceracion\/#breadcrumb\",\"itemListElement\":[{\"@type\":\"ListItem\",\"position\":1,\"name\":\"Portada\",\"item\":\"https:\/\/distribucionarc.com\/ar\/\"},{\"@type\":\"ListItem\",\"position\":2,\"name\":\"Proizvodi\",\"item\":\"https:\/\/www.distribucionarc.com\/hr\/ducan\/\"},{\"@type\":\"ListItem\",\"position\":3,\"name\":\"Marmita olla de maceraci\u00f3n\"}]},{\"@type\":\"WebSite\",\"@id\":\"https:\/\/distribucionarc.com\/ro\/#website\",\"url\":\"https:\/\/distribucionarc.com\/ro\/\",\"name\":\"distribuci\u00f3n ARC\",\"description\":\"Empresa especializada en la fabricaci\u00f3n y distribuci\u00f3n de maquinaria industrial, selladoras de latas, Maquinas de hacer pastillas, Maquinas de cortar carne...\",\"publisher\":{\"@id\":\"https:\/\/distribucionarc.com\/ro\/#organization\"},\"potentialAction\":[{\"@type\":\"SearchAction\",\"target\":{\"@type\":\"EntryPoint\",\"urlTemplate\":\"https:\/\/distribucionarc.com\/ro\/?s={search_term_string}\"},\"query-input\":{\"@type\":\"PropertyValueSpecification\",\"valueRequired\":true,\"valueName\":\"search_term_string\"}}],\"inLanguage\":\"hr\"},{\"@type\":\"Organization\",\"@id\":\"https:\/\/distribucionarc.com\/ro\/#organization\",\"name\":\"Distribuci\u00f3n ARC\",\"url\":\"https:\/\/distribucionarc.com\/ro\/\",\"logo\":{\"@type\":\"ImageObject\",\"inLanguage\":\"hr\",\"@id\":\"https:\/\/distribucionarc.com\/ro\/#\/schema\/logo\/image\/\",\"url\":\"https:\/\/distribucionarc.com\/wp-content\/uploads\/2024\/10\/distribucion-ARC-COLOR-SIN-FONDO-e1732295305345.png\",\"contentUrl\":\"https:\/\/distribucionarc.com\/wp-content\/uploads\/2024\/10\/distribucion-ARC-COLOR-SIN-FONDO-e1732295305345.png\",\"width\":1164,\"height\":558,\"caption\":\"Distribuci\u00f3n ARC\"},\"image\":{\"@id\":\"https:\/\/distribucionarc.com\/ro\/#\/schema\/logo\/image\/\"},\"description\":\"Empresa especializada en la fabricaci\u00f3n y distribuci\u00f3n de maquinaria industrial para los sectores alimentario y farmac\u00e9utico. Nos especializamos en: M\u00e1quinas de cortar carne Fabricaci\u00f3n de comprimidos Sistemas de transporte industrial L\u00edneas de embotellado Dosificadores Y mucho m\u00e1s... Ofrecemos soluciones innovadoras y personalizadas para optimizar los procesos productivos de tu empresa.\",\"email\":\"Admistracion@distribucionarc.com\",\"telephone\":\"+34 643496664\",\"legalName\":\"ARC TECH SOLUTIONS\",\"foundingDate\":\"2024-04-09\",\"vatID\":\"B55480172\",\"numberOfEmployees\":{\"@type\":\"QuantitativeValue\",\"minValue\":\"1\",\"maxValue\":\"10\"}}]}<\/script>\n<!-- \/ Yoast SEO Premium plugin. -->","yoast_head_json":{"title":"Kuhalo za mije\u0161anje - ARC distribucija","robots":{"index":"index","follow":"follow","max-snippet":"max-snippet:-1","max-image-preview":"max-image-preview:large","max-video-preview":"max-video-preview:-1"},"canonical":"https:\/\/www.distribucionarc.com\/nl\/producto\/marmita-olla-de-maceracion\/","og_locale":"hr_HR","og_type":"article","og_title":"Marmita olla de maceraci\u00f3n","og_description":"Marmita olla de maceraci\u00f3n No hay nada como disfrutar de una buena cerveza, aunque siempre se puede mejorar. Desde ARC, queremos contribuir a ese sue\u00f1o facilitandote el caldero ARCMO98\u00a0la cerveza artesanal adquiere esa esencia primitiva y artesanal. Con la marmita de maceraci\u00f3n de ARC, puede confiar en sus habilidades para fermentar la malta. Aqu\u00ed tiene todo el proceso de control de maceraci\u00f3n. En la gran caldera de acero inoxidable se pueden hervir hasta 70 litros de l\u00edquido o 60 litros de l\u00edquido con malta. El dise\u00f1o de la olla de maceraci\u00f3n le garantiza una distribuci\u00f3n \u00f3ptima del calor en el caldero, tambi\u00e9n se adapta a las cocinas de inducci\u00f3n. Para trasvasar f\u00e1cilmente la malta fermentada, el caldero para macerar\u00a0ARCMO70 posee un grifo de desag\u00fce de 1 cm para conectar al sistema de mangueras. El mundo de los sabores es muy extenso ARC te ayuda a recorrer este viaje con una marmita en la que los maestros cerveceros logran sin problemas el mosto primitivo adecuado. &nbsp; Garant\u00eda\u00a0ARC 2 A\u00d1OS soporte t\u00e9cnico\u00a0incluido","og_url":"https:\/\/www.distribucionarc.com\/nl\/producto\/marmita-olla-de-maceracion\/","og_site_name":"distribuci\u00f3n ARC","article_modified_time":"2020-09-26T15:48:18+00:00","og_image":[{"width":1600,"height":1600,"url":"https:\/\/distribucionarc.com\/wp-content\/uploads\/2020\/07\/Marmita-olla-de-maceraci\u00f3n-8.jpg","type":"image\/jpeg"}],"twitter_card":"summary_large_image","twitter_misc":{"Procijenjeno vrijeme \u010ditanja":"2 minute"},"schema":{"@context":"https:\/\/schema.org","@graph":[{"@type":"WebPage","@id":"https:\/\/www.distribucionarc.com\/nl\/producto\/marmita-olla-de-maceracion\/","url":"https:\/\/www.distribucionarc.com\/nl\/producto\/marmita-olla-de-maceracion\/","name":"Kuhalo za mije\u0161anje - ARC distribucija","isPartOf":{"@id":"https:\/\/distribucionarc.com\/ro\/#website"},"primaryImageOfPage":{"@id":"https:\/\/www.distribucionarc.com\/nl\/producto\/marmita-olla-de-maceracion\/#primaryimage"},"image":{"@id":"https:\/\/www.distribucionarc.com\/nl\/producto\/marmita-olla-de-maceracion\/#primaryimage"},"thumbnailUrl":"https:\/\/distribucionarc.com\/wp-content\/uploads\/2020\/07\/Marmita-olla-de-maceraci\u00f3n-8.jpg","datePublished":"2020-07-15T10:07:35+00:00","dateModified":"2020-09-26T15:48:18+00:00","breadcrumb":{"@id":"https:\/\/www.distribucionarc.com\/nl\/producto\/marmita-olla-de-maceracion\/#breadcrumb"},"inLanguage":"hr","potentialAction":[{"@type":"ReadAction","target":["https:\/\/www.distribucionarc.com\/nl\/producto\/marmita-olla-de-maceracion\/"]}]},{"@type":"ImageObject","inLanguage":"hr","@id":"https:\/\/www.distribucionarc.com\/nl\/producto\/marmita-olla-de-maceracion\/#primaryimage","url":"https:\/\/distribucionarc.com\/wp-content\/uploads\/2020\/07\/Marmita-olla-de-maceraci\u00f3n-8.jpg","contentUrl":"https:\/\/distribucionarc.com\/wp-content\/uploads\/2020\/07\/Marmita-olla-de-maceraci\u00f3n-8.jpg","width":1600,"height":1600,"caption":"Marmita olla de maceraci\u00f3n"},{"@type":"BreadcrumbList","@id":"https:\/\/www.distribucionarc.com\/nl\/producto\/marmita-olla-de-maceracion\/#breadcrumb","itemListElement":[{"@type":"ListItem","position":1,"name":"Portada","item":"https:\/\/distribucionarc.com\/ar\/"},{"@type":"ListItem","position":2,"name":"Proizvodi","item":"https:\/\/www.distribucionarc.com\/hr\/ducan\/"},{"@type":"ListItem","position":3,"name":"Marmita olla de maceraci\u00f3n"}]},{"@type":"WebSite","@id":"https:\/\/distribucionarc.com\/ro\/#website","url":"https:\/\/distribucionarc.com\/ro\/","name":"ARC distribucija","description":"Tvrtka specijalizirana za proizvodnju i distribuciju industrijskih strojeva, strojeva za zatvaranje limenki, strojeva za izradu pilula, strojeva za rezanje mesa itd.","publisher":{"@id":"https:\/\/distribucionarc.com\/ro\/#organization"},"potentialAction":[{"@type":"SearchAction","target":{"@type":"EntryPoint","urlTemplate":"https:\/\/distribucionarc.com\/ro\/?s={search_term_string}"},"query-input":{"@type":"PropertyValueSpecification","valueRequired":true,"valueName":"search_term_string"}}],"inLanguage":"hr"},{"@type":"Organization","@id":"https:\/\/distribucionarc.com\/ro\/#organization","name":"ARC distribucija","url":"https:\/\/distribucionarc.com\/ro\/","logo":{"@type":"ImageObject","inLanguage":"hr","@id":"https:\/\/distribucionarc.com\/ro\/#\/schema\/logo\/image\/","url":"https:\/\/distribucionarc.com\/wp-content\/uploads\/2024\/10\/distribucion-ARC-COLOR-SIN-FONDO-e1732295305345.png","contentUrl":"https:\/\/distribucionarc.com\/wp-content\/uploads\/2024\/10\/distribucion-ARC-COLOR-SIN-FONDO-e1732295305345.png","width":1164,"height":558,"caption":"Distribuci\u00f3n ARC"},"image":{"@id":"https:\/\/distribucionarc.com\/ro\/#\/schema\/logo\/image\/"},"description":"Tvrtka specijalizirana za proizvodnju i distribuciju industrijskih strojeva za prehrambeni i farmaceutski sektor. Specijalizirani smo za: Strojeve za rezanje mesa Proizvodnja tableta Industrijske transportne sustave Linije za punjenje Strojevi za doziranje I jo\u0161 mnogo toga... Nudimo inovativna i prilago\u0111ena rje\u0161enja za optimizaciju proizvodnih procesa Va\u0161e tvrtke.","email":"Admistracion@distribucionarc.com","telephone":"+34 643496664","legalName":"ARC TECH SOLUTIONS","foundingDate":"2024-04-09","vatID":"B55480172","numberOfEmployees":{"@type":"QuantitativeValue","minValue":"1","maxValue":"10"}}]}},"_links":{"self":[{"href":"https:\/\/distribucionarc.com\/hr\/wp-json\/wp\/v2\/product\/936","targetHints":{"allow":["GET"]}}],"collection":[{"href":"https:\/\/distribucionarc.com\/hr\/wp-json\/wp\/v2\/product"}],"about":[{"href":"https:\/\/distribucionarc.com\/hr\/wp-json\/wp\/v2\/types\/product"}],"replies":[{"embeddable":true,"href":"https:\/\/distribucionarc.com\/hr\/wp-json\/wp\/v2\/comments?post=936"}],"version-history":[{"count":0,"href":"https:\/\/distribucionarc.com\/hr\/wp-json\/wp\/v2\/product\/936\/revisions"}],"wp:featuredmedia":[{"embeddable":true,"href":"https:\/\/distribucionarc.com\/hr\/wp-json\/wp\/v2\/media\/942"}],"wp:attachment":[{"href":"https:\/\/distribucionarc.com\/hr\/wp-json\/wp\/v2\/media?parent=936"}],"wp:term":[{"taxonomy":"product_brand","embeddable":true,"href":"https:\/\/distribucionarc.com\/hr\/wp-json\/wp\/v2\/product_brand?post=936"},{"taxonomy":"product_cat","embeddable":true,"href":"https:\/\/distribucionarc.com\/hr\/wp-json\/wp\/v2\/product_cat?post=936"},{"taxonomy":"product_tag","embeddable":true,"href":"https:\/\/distribucionarc.com\/hr\/wp-json\/wp\/v2\/product_tag?post=936"}],"curies":[{"name":"radni list","href":"https:\/\/api.w.org\/{rel}","templated":true}]}}