{"id":983,"date":"2020-07-15T15:30:51","date_gmt":"2020-07-15T15:30:51","guid":{"rendered":"https:\/\/distribucionarc.com\/?post_type=product&#038;p=983"},"modified":"2024-09-05T17:41:15","modified_gmt":"2024-09-05T17:41:15","slug":"pekac-za-vafle-profesionalni-dvostruki","status":"publish","type":"product","link":"https:\/\/distribucionarc.com\/hr\/producto\/gofrera-profesional-doble\/","title":{"rendered":"Dvostruki profesionalni peka\u010d za vafle"},"content":{"rendered":"<h3>Dvostruki profesionalni peka\u010d za vafle<\/h3>\n<p>The <strong>Dvostruki profesionalni peka\u010d za vafle<\/strong> od <strong><span style=\"color: #ff0000;\">DO<\/span><span style=\"color: #0000ff;\">R<\/span>c<\/strong>, ima dizajn s dvostrukom glavom, \u010dine\u0107i proces kuhanja od <strong>vafli<\/strong> biti u\u010dinkovitiji i profitabilniji. Dovoljna snaga od 1000 W po svakom kalupu osigurava kontinuirano zagrijavanje od 360 stupnjeva i bolje iskustvo pe\u010denja. Oni tako\u0111er doprinose jo\u0161 vi\u0161e<span style=\"color: #008000;\"><strong>u\u010dinkovita energetska u\u010dinkovitost<\/strong><\/span> od <strong>profesionalni peka\u010d za vafle<\/strong>.<\/p>\n<p>Svakom glavom upravlja se neovisno glatkim gumbima. Temperatura se kre\u0107e izme\u0111u 50 i 300\u00baC uz LED svjetlo koje pokazuje radni status. The <strong>profesionalni peka\u010d za vafle <span style=\"color: #ff0000;\">DO<\/span><span style=\"color: #0000ff;\">R<\/span>CMGE1<\/strong> Ima precizan mjera\u010d vremena od najvi\u0161e 5 minuta, s jasnim i melodi\u010dnim alarmom kada su vafli spremni.<\/p>\n<p>Svaka glava od <strong>profesionalni peka\u010d za vafle<\/strong> Usvaja dva kalupa (gornji i donji). Zajedno tvore ukusne vafle. Oba kalupa vam omogu\u0107uju ravnomjerno zagrijavanje. Teflon presvu\u010dena povr\u0161ina za kuhanje je neprianjaju\u0107a i \u010dini aparat lakim za \u010di\u0161\u0107enje. <strong>vafli<\/strong>.<\/p>\n<p>Zadebljani stra\u017enji nosa\u010d povezuje kalup s <strong>stroj za vafle<\/strong>, prednji nosa\u010d ima stabilnu trokutastu strukturu. Takav dizajn pobolj\u0161ava razinu sigurnosti, izdr\u017eljiviji je i \u010dini<strong> aparat za vafle <span style=\"color: #ff0000;\">DO<\/span><span style=\"color: #0000ff;\">R<\/span>CMGE1<\/strong> Dobijte funkcionalan dizajn koji je ujedno i estetski elegantan. Set debele ru\u010dke od nehr\u0111aju\u0107eg \u010delika za jednostavno dr\u017eanje i kori\u0161tenje bez napora. Upotreba materijala koji dobro odvodi toplinu osigurava da njegova temperatura nije previsoka. \u0160titi korisnika od opeklina.<\/p>\n<p>s <strong>Profesionalni aparat za vafle<\/strong> od <strong><span style=\"color: #ff0000;\">DO<span style=\"color: #0000ff;\">R<\/span><\/span>c<\/strong> dobit \u0107e\u0161 ne\u0161to <strong>vafli<\/strong> okruglo, meke unutra\u0161njosti i hrskave vanj\u0161tine s beskrajnim okusom. \u010cokolada, bomboni i drugi ukrasi mogu se dodati slobodno za dodatni okus.<\/p>\n<p>&nbsp;<\/p>\n<h6><strong>Jamstvo\u00a0<span style=\"color: #ff0000;\">DO<\/span><span style=\"color: #0000ff;\">R<\/span>C 2 GODINE<\/strong><\/h6>\n<h6><span style=\"color: #008000;\">Dvostruki profesionalni peka\u010d za vafle, mala potro\u0161nja 1000w<\/span><\/h6>\n<h6><strong>uklju\u010dena tehni\u010dka podr\u0161ka.<\/strong><\/h6>\n<p>&nbsp;<\/p>\n<p>&nbsp;<\/p>\n<table role=\"presentation\" width=\"100%\" cellspacing=\"0\" cellpadding=\"0\">\n<tbody>\n<tr>\n<td class=\"attrLabels\">Temperatura:<\/td>\n<td width=\"50.0%\">50-300\u00baC<\/td>\n<\/tr>\n<tr>\n<td class=\"attrLabels\">Zemlja distribucije:<\/td>\n<td width=\"50.0%\">\u0160panjolska, Njema\u010dka, SAD<\/td>\n<td class=\"attrLabels\">Te\u017eina:<\/td>\n<td width=\"50.0%\">18,5 kg<\/td>\n<\/tr>\n<tr>\n<td class=\"attrLabels\">Marka:<\/td>\n<td width=\"50.0%\">LUK<\/td>\n<td class=\"attrLabels\">Visina:<\/td>\n<td width=\"50.0%\">45 cm<\/td>\n<\/tr>\n<tr>\n<td class=\"attrLabels\">Boja:<\/td>\n<td width=\"50.0%\">Srebro<\/td>\n<td class=\"attrLabels\">dugo:<\/td>\n<td width=\"50.0%\">62 cm<\/td>\n<\/tr>\n<tr>\n<td class=\"attrLabels\">Vrsta proizvoda:<\/td>\n<td width=\"50.0%\">Dvostruki profesionalni peka\u010d za vafle<\/td>\n<td class=\"attrLabels\">\u0160iroko:<\/td>\n<td width=\"50.0%\">35 cm<\/td>\n<\/tr>\n<tr>\n<td class=\"attrLabels\">Proizvo\u0111a\u010dki broj:<\/td>\n<td width=\"50.0%\">ARCMGE1<\/td>\n<td class=\"attrLabels\">Vlast:<\/td>\n<td width=\"50.0%\">1000 W<\/td>\n<\/tr>\n<tr>\n<td class=\"attrLabels\">Materijal:<\/td>\n<td width=\"50.0%\">nehr\u0111aju\u0107i \u010delik, teflonska plo\u010da, kontrola temperature<\/td>\n<td class=\"attrLabels\">ulazni napon<\/td>\n<td width=\"50.0%\">220V \u2013 60Hz<\/td>\n<\/tr>\n<tr>\n<td class=\"attrLabels\">Veli\u010dina vafla:<\/td>\n<td width=\"50.0%\">\u00a018 cm promjera<\/td>\n<td class=\"attrLabels\">Jamstvo:<\/td>\n<td width=\"50.0%\">2 GODINE<\/td>\n<\/tr>\n<tr>\n<td class=\"attrLabels\">Alati za instalaciju:<\/td>\n<td width=\"50.0%\">Da<\/td>\n<td class=\"attrLabels\">Proizvodnja:<\/td>\n<td width=\"50.0%\">2 komada<\/td>\n<\/tr>\n<\/tbody>\n<\/table>","protected":false},"excerpt":{"rendered":"<div class=\"flex-shrink-0 flex flex-col relative items-end\">\n<div>\n<div class=\"pt-0\">\n<div class=\"gizmo-bot-avatar flex h-8 w-8 items-center justify-center overflow-hidden rounded-full\"><\/div>\n<\/div>\n<\/div>\n<\/div>\n<div class=\"group\/conversation-turn relative flex w-full min-w-0 flex-col agent-turn\">\n<div class=\"flex-col gap-1 md:gap-3\">\n<div class=\"flex max-w-full flex-col flex-grow\">\n<div class=\"min-h-[20px] text-message flex w-full flex-col items-end gap-2 break-words [.text-message+&amp;]:mt-5 overflow-x-auto whitespace-normal\" dir=\"auto\" data-message-author-role=\"assistant\" data-message-id=\"feda014c-c5d2-4115-8ea5-ca39a495231a\">\n<div class=\"flex w-full flex-col gap-1 empty:hidden first:pt-[3px]\">\n<div class=\"markdown prose w-full break-words dark:prose-invert light\">\n<p>&nbsp;<\/p>\n<h2><strong>M\u00e1quina para hacer gofres doble profesional el\u00e9ctrica \u2013 1200W<\/strong><\/h2>\n<p>La <strong>m\u00e1quina para hacer gofres doble profesional el\u00e9ctrica<\/strong> es la herramienta perfecta para aquellos negocios que buscan ofrecer productos de alta calidad de manera eficiente. Con una potencia de <strong>1200 vatios (W)<\/strong>, esta gofrera permite preparar gofres de manera r\u00e1pida y uniforme, garantizando un acabado dorado y crujiente.<\/p>\n<h3>Productos que puedes hacer con esta <strong>gofrera profesional<\/strong>:<\/h3>\n<ul>\n<li><strong>Gofres tradicionales<\/strong>: Crujientes por fuera y esponjosos por dentro, perfectos para servir con miel, chocolate o frutas.<\/li>\n<li><strong>Gofres belgas<\/strong>: De mayor tama\u00f1o y con una textura m\u00e1s ligera, ideales para postres gourmet.<\/li>\n<li><strong>Gofres salados<\/strong>: Como gofres de queso, espinacas o con jam\u00f3n, perfectos para desayunos o brunches.<\/li>\n<li><strong>Gofres de masa integral o sin gluten<\/strong>: Adaptados para diferentes necesidades diet\u00e9ticas, ideales para cafeter\u00edas y restaurantes con men\u00fas saludables.<\/li>\n<\/ul>\n<h3>Sectores donde puedes implementar esta <strong>gofrera doble profesional<\/strong>:<\/h3>\n<ul>\n<li><strong>Cafeter\u00edas<\/strong>: Ofrece gofres como parte de un men\u00fa variado de desayunos o meriendas.<\/li>\n<li><strong>Restaurantes<\/strong>: Ideal para crear postres personalizados y atractivos para los comensales.<\/li>\n<li><strong>Food trucks<\/strong>: Perfecta para preparar gofres frescos y calientes en eventos o ferias.<\/li>\n<li><strong>Pasteler\u00edas y panader\u00edas<\/strong>: A\u00f1ade gofres frescos a tu oferta de productos dulces.<\/li>\n<li><strong>Hoteles y buffets<\/strong>: La rapidez y eficiencia de esta <strong>gofrera el\u00e9ctrica<\/strong> te permite servir gofres calientes en el desayuno sin problemas.<\/li>\n<\/ul>\n<p>Gracias a su dise\u00f1o <strong>doble<\/strong>, esta m\u00e1quina permite preparar dos gofres al mismo tiempo, lo que maximiza la productividad en entornos comerciales. Su placa antiadherente facilita la limpieza, lo que la convierte en una herramienta imprescindible para cualquier negocio que quiera incorporar gofres en su men\u00fa.<\/p>\n<p>Si est\u00e1s buscando una <strong>gofrera profesional el\u00e9ctrica<\/strong> que combine potencia, eficiencia y durabilidad, esta m\u00e1quina de <strong>1200W<\/strong> es la elecci\u00f3n perfecta para cualquier negocio que busque ofrecer productos de calidad de forma r\u00e1pida y consistente.<\/p>\n<\/div>\n<\/div>\n<\/div>\n<\/div>\n<\/div>\n<\/div>\n","protected":false},"featured_media":992,"comment_status":"open","ping_status":"closed","template":"","meta":{"wds_primary_product_brand":0,"wds_primary_product_cat":0},"product_brand":[],"product_cat":[51],"product_tag":[],"class_list":{"0":"post-983","1":"product","2":"type-product","3":"status-publish","4":"has-post-thumbnail","6":"product_cat-gofreras-profesionales","8":"first","9":"instock","10":"taxable","11":"shipping-taxable","12":"purchasable","13":"product-type-simple"},"yoast_head":"<!-- This site is optimized with the Yoast SEO Premium plugin v24.9 (Yoast SEO v26.1) - https:\/\/yoast.com\/wordpress\/plugins\/seo\/ -->\n<title>Gofrera profesional doble - distribuci\u00f3n ARC<\/title>\n<meta name=\"robots\" content=\"index, follow, max-snippet:-1, max-image-preview:large, max-video-preview:-1\" \/>\n<link rel=\"canonical\" href=\"https:\/\/distribucionarc.com\/hr\/proizvod\/pekac-za-vafle-profesionalni-dvostruki\/\" \/>\n<meta property=\"og:locale\" content=\"hr_HR\" \/>\n<meta property=\"og:type\" content=\"article\" \/>\n<meta property=\"og:title\" content=\"Gofrera profesional doble\" \/>\n<meta property=\"og:description\" content=\"&nbsp; M\u00e1quina para hacer gofres doble profesional el\u00e9ctrica \u2013 1200W La m\u00e1quina para hacer gofres doble profesional el\u00e9ctrica es la herramienta perfecta para aquellos negocios que buscan ofrecer productos de alta calidad de manera eficiente. Con una potencia de 1200 vatios (W), esta gofrera permite preparar gofres de manera r\u00e1pida y uniforme, garantizando un acabado dorado y crujiente. Productos que puedes hacer con esta gofrera profesional:   Gofres tradicionales: Crujientes por fuera y esponjosos por dentro, perfectos para servir con miel, chocolate o frutas.  Gofres belgas: De mayor tama\u00f1o y con una textura m\u00e1s ligera, ideales para postres gourmet.  Gofres salados: Como gofres de queso, espinacas o con jam\u00f3n, perfectos para desayunos o brunches.  Gofres de masa integral o sin gluten: Adaptados para diferentes necesidades diet\u00e9ticas, ideales para cafeter\u00edas y restaurantes con men\u00fas saludables.  Sectores donde puedes implementar esta gofrera doble profesional:   Cafeter\u00edas: Ofrece gofres como parte de un men\u00fa variado de desayunos o meriendas.  Restaurantes: Ideal para crear postres personalizados y atractivos para los comensales.  Food trucks: Perfecta para preparar gofres frescos y calientes en eventos o ferias.  Pasteler\u00edas y panader\u00edas: A\u00f1ade gofres frescos a tu oferta de productos dulces.  Hoteles y buffets: La rapidez y eficiencia de esta gofrera el\u00e9ctrica te permite servir gofres calientes en el desayuno sin problemas.  Gracias a su dise\u00f1o doble, esta m\u00e1quina permite preparar dos gofres al mismo tiempo, lo que maximiza la productividad en entornos comerciales. Su placa antiadherente facilita la limpieza, lo que la convierte en una herramienta imprescindible para cualquier negocio que quiera incorporar gofres en su men\u00fa.  Si est\u00e1s buscando una gofrera profesional el\u00e9ctrica que combine potencia, eficiencia y durabilidad, esta m\u00e1quina de 1200W es la elecci\u00f3n perfecta para cualquier negocio que busque ofrecer productos de calidad de forma r\u00e1pida y consistente.\" \/>\n<meta property=\"og:url\" content=\"https:\/\/distribucionarc.com\/hr\/proizvod\/pekac-za-vafle-profesionalni-dvostruki\/\" \/>\n<meta property=\"og:site_name\" content=\"distribuci\u00f3n ARC\" \/>\n<meta property=\"article:modified_time\" content=\"2024-09-05T17:41:15+00:00\" \/>\n<meta property=\"og:image\" content=\"https:\/\/distribucionarc.com\/wp-content\/uploads\/2020\/07\/Gofrera-profesional-doble-0.jpg\" \/>\n\t<meta property=\"og:image:width\" content=\"1600\" \/>\n\t<meta property=\"og:image:height\" content=\"1600\" \/>\n\t<meta property=\"og:image:type\" content=\"image\/jpeg\" \/>\n<meta name=\"twitter:card\" content=\"summary_large_image\" \/>\n<meta name=\"twitter:label1\" content=\"Procijenjeno vrijeme \u010ditanja\" \/>\n\t<meta name=\"twitter:data1\" content=\"2 minute\" \/>\n<script type=\"application\/ld+json\" class=\"yoast-schema-graph\">{\"@context\":\"https:\/\/schema.org\",\"@graph\":[{\"@type\":\"WebPage\",\"@id\":\"https:\/\/distribucionarc.com\/pt\/producto\/gofrera-profesional-doble\/\",\"url\":\"https:\/\/distribucionarc.com\/pt\/producto\/gofrera-profesional-doble\/\",\"name\":\"Gofrera profesional doble - distribuci\u00f3n ARC\",\"isPartOf\":{\"@id\":\"https:\/\/www.distribucionarc.com\/sl\/#website\"},\"primaryImageOfPage\":{\"@id\":\"https:\/\/distribucionarc.com\/pt\/producto\/gofrera-profesional-doble\/#primaryimage\"},\"image\":{\"@id\":\"https:\/\/distribucionarc.com\/pt\/producto\/gofrera-profesional-doble\/#primaryimage\"},\"thumbnailUrl\":\"https:\/\/distribucionarc.com\/wp-content\/uploads\/2020\/07\/Gofrera-profesional-doble-0.jpg\",\"datePublished\":\"2020-07-15T15:30:51+00:00\",\"dateModified\":\"2024-09-05T17:41:15+00:00\",\"breadcrumb\":{\"@id\":\"https:\/\/distribucionarc.com\/pt\/producto\/gofrera-profesional-doble\/#breadcrumb\"},\"inLanguage\":\"hr\",\"potentialAction\":[{\"@type\":\"ReadAction\",\"target\":[\"https:\/\/distribucionarc.com\/pt\/producto\/gofrera-profesional-doble\/\"]}]},{\"@type\":\"ImageObject\",\"inLanguage\":\"hr\",\"@id\":\"https:\/\/distribucionarc.com\/pt\/producto\/gofrera-profesional-doble\/#primaryimage\",\"url\":\"https:\/\/distribucionarc.com\/wp-content\/uploads\/2020\/07\/Gofrera-profesional-doble-0.jpg\",\"contentUrl\":\"https:\/\/distribucionarc.com\/wp-content\/uploads\/2020\/07\/Gofrera-profesional-doble-0.jpg\",\"width\":1600,\"height\":1600,\"caption\":\"Gofrera profesional doble\"},{\"@type\":\"BreadcrumbList\",\"@id\":\"https:\/\/distribucionarc.com\/pt\/producto\/gofrera-profesional-doble\/#breadcrumb\",\"itemListElement\":[{\"@type\":\"ListItem\",\"position\":1,\"name\":\"Portada\",\"item\":\"https:\/\/www.distribucionarc.com\/\"},{\"@type\":\"ListItem\",\"position\":2,\"name\":\"\u00dcr\u00fcnler\",\"item\":\"https:\/\/www.distribucionarc.com\/tr\/magaza\/\"},{\"@type\":\"ListItem\",\"position\":3,\"name\":\"Gofrera profesional doble\"}]},{\"@type\":\"WebSite\",\"@id\":\"https:\/\/www.distribucionarc.com\/sl\/#website\",\"url\":\"https:\/\/www.distribucionarc.com\/sl\/\",\"name\":\"distribuci\u00f3n ARC\",\"description\":\"Empresa especializada en la fabricaci\u00f3n y distribuci\u00f3n de maquinaria industrial, selladoras de latas, Maquinas de hacer pastillas, Maquinas de cortar carne...\",\"publisher\":{\"@id\":\"https:\/\/www.distribucionarc.com\/sl\/#organization\"},\"potentialAction\":[{\"@type\":\"SearchAction\",\"target\":{\"@type\":\"EntryPoint\",\"urlTemplate\":\"https:\/\/www.distribucionarc.com\/sl\/?s={search_term_string}\"},\"query-input\":{\"@type\":\"PropertyValueSpecification\",\"valueRequired\":true,\"valueName\":\"search_term_string\"}}],\"inLanguage\":\"hr\"},{\"@type\":\"Organization\",\"@id\":\"https:\/\/www.distribucionarc.com\/sl\/#organization\",\"name\":\"Distribuci\u00f3n ARC\",\"url\":\"https:\/\/www.distribucionarc.com\/sl\/\",\"logo\":{\"@type\":\"ImageObject\",\"inLanguage\":\"hr\",\"@id\":\"https:\/\/www.distribucionarc.com\/sl\/#\/schema\/logo\/image\/\",\"url\":\"https:\/\/distribucionarc.com\/wp-content\/uploads\/2024\/10\/distribucion-ARC-COLOR-SIN-FONDO-e1732295305345.png\",\"contentUrl\":\"https:\/\/distribucionarc.com\/wp-content\/uploads\/2024\/10\/distribucion-ARC-COLOR-SIN-FONDO-e1732295305345.png\",\"width\":1164,\"height\":558,\"caption\":\"Distribuci\u00f3n ARC\"},\"image\":{\"@id\":\"https:\/\/www.distribucionarc.com\/sl\/#\/schema\/logo\/image\/\"},\"description\":\"Empresa especializada en la fabricaci\u00f3n y distribuci\u00f3n de maquinaria industrial para los sectores alimentario y farmac\u00e9utico. Nos especializamos en: M\u00e1quinas de cortar carne Fabricaci\u00f3n de comprimidos Sistemas de transporte industrial L\u00edneas de embotellado Dosificadores Y mucho m\u00e1s... Ofrecemos soluciones innovadoras y personalizadas para optimizar los procesos productivos de tu empresa.\",\"email\":\"Admistracion@distribucionarc.com\",\"telephone\":\"+34 643496664\",\"legalName\":\"ARC TECH SOLUTIONS\",\"foundingDate\":\"2024-04-09\",\"vatID\":\"B55480172\",\"numberOfEmployees\":{\"@type\":\"QuantitativeValue\",\"minValue\":\"1\",\"maxValue\":\"10\"}}]}<\/script>\n<!-- \/ Yoast SEO Premium plugin. -->","yoast_head_json":{"title":"Dvostruki profesionalni peka\u010d za vafle - ARC distribucija","robots":{"index":"index","follow":"follow","max-snippet":"max-snippet:-1","max-image-preview":"max-image-preview:large","max-video-preview":"max-video-preview:-1"},"canonical":"https:\/\/distribucionarc.com\/hr\/proizvod\/pekac-za-vafle-profesionalni-dvostruki\/","og_locale":"hr_HR","og_type":"article","og_title":"Gofrera profesional doble","og_description":"&nbsp; M\u00e1quina para hacer gofres doble profesional el\u00e9ctrica \u2013 1200W La m\u00e1quina para hacer gofres doble profesional el\u00e9ctrica es la herramienta perfecta para aquellos negocios que buscan ofrecer productos de alta calidad de manera eficiente. Con una potencia de 1200 vatios (W), esta gofrera permite preparar gofres de manera r\u00e1pida y uniforme, garantizando un acabado dorado y crujiente. Productos que puedes hacer con esta gofrera profesional:   Gofres tradicionales: Crujientes por fuera y esponjosos por dentro, perfectos para servir con miel, chocolate o frutas.  Gofres belgas: De mayor tama\u00f1o y con una textura m\u00e1s ligera, ideales para postres gourmet.  Gofres salados: Como gofres de queso, espinacas o con jam\u00f3n, perfectos para desayunos o brunches.  Gofres de masa integral o sin gluten: Adaptados para diferentes necesidades diet\u00e9ticas, ideales para cafeter\u00edas y restaurantes con men\u00fas saludables.  Sectores donde puedes implementar esta gofrera doble profesional:   Cafeter\u00edas: Ofrece gofres como parte de un men\u00fa variado de desayunos o meriendas.  Restaurantes: Ideal para crear postres personalizados y atractivos para los comensales.  Food trucks: Perfecta para preparar gofres frescos y calientes en eventos o ferias.  Pasteler\u00edas y panader\u00edas: A\u00f1ade gofres frescos a tu oferta de productos dulces.  Hoteles y buffets: La rapidez y eficiencia de esta gofrera el\u00e9ctrica te permite servir gofres calientes en el desayuno sin problemas.  Gracias a su dise\u00f1o doble, esta m\u00e1quina permite preparar dos gofres al mismo tiempo, lo que maximiza la productividad en entornos comerciales. Su placa antiadherente facilita la limpieza, lo que la convierte en una herramienta imprescindible para cualquier negocio que quiera incorporar gofres en su men\u00fa.  Si est\u00e1s buscando una gofrera profesional el\u00e9ctrica que combine potencia, eficiencia y durabilidad, esta m\u00e1quina de 1200W es la elecci\u00f3n perfecta para cualquier negocio que busque ofrecer productos de calidad de forma r\u00e1pida y consistente.","og_url":"https:\/\/distribucionarc.com\/hr\/proizvod\/pekac-za-vafle-profesionalni-dvostruki\/","og_site_name":"distribuci\u00f3n ARC","article_modified_time":"2024-09-05T17:41:15+00:00","og_image":[{"width":1600,"height":1600,"url":"https:\/\/distribucionarc.com\/wp-content\/uploads\/2020\/07\/Gofrera-profesional-doble-0.jpg","type":"image\/jpeg"}],"twitter_card":"summary_large_image","twitter_misc":{"Procijenjeno vrijeme \u010ditanja":"2 minute"},"schema":{"@context":"https:\/\/schema.org","@graph":[{"@type":"WebPage","@id":"https:\/\/distribucionarc.com\/pt\/producto\/gofrera-profesional-doble\/","url":"https:\/\/distribucionarc.com\/pt\/producto\/gofrera-profesional-doble\/","name":"Dvostruki profesionalni peka\u010d za vafle - ARC distribucija","isPartOf":{"@id":"https:\/\/www.distribucionarc.com\/sl\/#website"},"primaryImageOfPage":{"@id":"https:\/\/distribucionarc.com\/pt\/producto\/gofrera-profesional-doble\/#primaryimage"},"image":{"@id":"https:\/\/distribucionarc.com\/pt\/producto\/gofrera-profesional-doble\/#primaryimage"},"thumbnailUrl":"https:\/\/distribucionarc.com\/wp-content\/uploads\/2020\/07\/Gofrera-profesional-doble-0.jpg","datePublished":"2020-07-15T15:30:51+00:00","dateModified":"2024-09-05T17:41:15+00:00","breadcrumb":{"@id":"https:\/\/distribucionarc.com\/pt\/producto\/gofrera-profesional-doble\/#breadcrumb"},"inLanguage":"hr","potentialAction":[{"@type":"ReadAction","target":["https:\/\/distribucionarc.com\/pt\/producto\/gofrera-profesional-doble\/"]}]},{"@type":"ImageObject","inLanguage":"hr","@id":"https:\/\/distribucionarc.com\/pt\/producto\/gofrera-profesional-doble\/#primaryimage","url":"https:\/\/distribucionarc.com\/wp-content\/uploads\/2020\/07\/Gofrera-profesional-doble-0.jpg","contentUrl":"https:\/\/distribucionarc.com\/wp-content\/uploads\/2020\/07\/Gofrera-profesional-doble-0.jpg","width":1600,"height":1600,"caption":"Gofrera profesional doble"},{"@type":"BreadcrumbList","@id":"https:\/\/distribucionarc.com\/pt\/producto\/gofrera-profesional-doble\/#breadcrumb","itemListElement":[{"@type":"ListItem","position":1,"name":"Portada","item":"https:\/\/www.distribucionarc.com\/"},{"@type":"ListItem","position":2,"name":"\u00dcr\u00fcnler","item":"https:\/\/www.distribucionarc.com\/tr\/magaza\/"},{"@type":"ListItem","position":3,"name":"Gofrera profesional doble"}]},{"@type":"WebSite","@id":"https:\/\/www.distribucionarc.com\/sl\/#website","url":"https:\/\/www.distribucionarc.com\/sl\/","name":"ARC distribucija","description":"Tvrtka specijalizirana za proizvodnju i distribuciju industrijskih strojeva, strojeva za zatvaranje limenki, strojeva za izradu pilula, strojeva za rezanje mesa itd.","publisher":{"@id":"https:\/\/www.distribucionarc.com\/sl\/#organization"},"potentialAction":[{"@type":"SearchAction","target":{"@type":"EntryPoint","urlTemplate":"https:\/\/www.distribucionarc.com\/sl\/?s={search_term_string}"},"query-input":{"@type":"PropertyValueSpecification","valueRequired":true,"valueName":"search_term_string"}}],"inLanguage":"hr"},{"@type":"Organization","@id":"https:\/\/www.distribucionarc.com\/sl\/#organization","name":"ARC distribucija","url":"https:\/\/www.distribucionarc.com\/sl\/","logo":{"@type":"ImageObject","inLanguage":"hr","@id":"https:\/\/www.distribucionarc.com\/sl\/#\/schema\/logo\/image\/","url":"https:\/\/distribucionarc.com\/wp-content\/uploads\/2024\/10\/distribucion-ARC-COLOR-SIN-FONDO-e1732295305345.png","contentUrl":"https:\/\/distribucionarc.com\/wp-content\/uploads\/2024\/10\/distribucion-ARC-COLOR-SIN-FONDO-e1732295305345.png","width":1164,"height":558,"caption":"Distribuci\u00f3n ARC"},"image":{"@id":"https:\/\/www.distribucionarc.com\/sl\/#\/schema\/logo\/image\/"},"description":"Tvrtka specijalizirana za proizvodnju i distribuciju industrijskih strojeva za prehrambeni i farmaceutski sektor. Specijalizirani smo za: Strojeve za rezanje mesa Proizvodnja tableta Industrijske transportne sustave Linije za punjenje Strojevi za doziranje I jo\u0161 mnogo toga... Nudimo inovativna i prilago\u0111ena rje\u0161enja za optimizaciju proizvodnih procesa Va\u0161e tvrtke.","email":"Admistracion@distribucionarc.com","telephone":"+34 643496664","legalName":"ARC TECH SOLUTIONS","foundingDate":"2024-04-09","vatID":"B55480172","numberOfEmployees":{"@type":"QuantitativeValue","minValue":"1","maxValue":"10"}}]}},"_links":{"self":[{"href":"https:\/\/distribucionarc.com\/hr\/wp-json\/wp\/v2\/product\/983","targetHints":{"allow":["GET"]}}],"collection":[{"href":"https:\/\/distribucionarc.com\/hr\/wp-json\/wp\/v2\/product"}],"about":[{"href":"https:\/\/distribucionarc.com\/hr\/wp-json\/wp\/v2\/types\/product"}],"replies":[{"embeddable":true,"href":"https:\/\/distribucionarc.com\/hr\/wp-json\/wp\/v2\/comments?post=983"}],"version-history":[{"count":0,"href":"https:\/\/distribucionarc.com\/hr\/wp-json\/wp\/v2\/product\/983\/revisions"}],"wp:featuredmedia":[{"embeddable":true,"href":"https:\/\/distribucionarc.com\/hr\/wp-json\/wp\/v2\/media\/992"}],"wp:attachment":[{"href":"https:\/\/distribucionarc.com\/hr\/wp-json\/wp\/v2\/media?parent=983"}],"wp:term":[{"taxonomy":"product_brand","embeddable":true,"href":"https:\/\/distribucionarc.com\/hr\/wp-json\/wp\/v2\/product_brand?post=983"},{"taxonomy":"product_cat","embeddable":true,"href":"https:\/\/distribucionarc.com\/hr\/wp-json\/wp\/v2\/product_cat?post=983"},{"taxonomy":"product_tag","embeddable":true,"href":"https:\/\/distribucionarc.com\/hr\/wp-json\/wp\/v2\/product_tag?post=983"}],"curies":[{"name":"radni list","href":"https:\/\/api.w.org\/{rel}","templated":true}]}}