{"id":5025,"date":"2022-11-21T16:57:14","date_gmt":"2022-11-21T16:57:14","guid":{"rendered":"https:\/\/distribucionarc.com\/?page_id=5025"},"modified":"2025-04-24T06:01:57","modified_gmt":"2025-04-24T04:01:57","slug":"creare-una-fabbrica-e-un-industria-da-zero","status":"publish","type":"page","link":"https:\/\/distribucionarc.com\/it\/crear-una-fabrica-e-industria-desde-cero\/","title":{"rendered":"Crea una fabbrica e un&#039;industria da zero"},"content":{"rendered":"<div data-elementor-type=\"wp-page\" data-elementor-id=\"5025\" class=\"elementor elementor-5025\" data-elementor-post-type=\"page\">\n\t\t\t\t<div class=\"elementor-element elementor-element-fceeb90 wd-section-stretch e-flex e-con-boxed wpr-particle-no wpr-jarallax-no wpr-parallax-no wpr-sticky-section-no e-con e-parent\" data-id=\"fceeb90\" data-element_type=\"container\" data-e-type=\"container\" data-settings=\"{&quot;background_background&quot;:&quot;classic&quot;}\">\n\t\t\t\t\t<div class=\"e-con-inner\">\n\t\t<div class=\"elementor-element elementor-element-9b8ec44 e-con-full e-flex wpr-particle-no wpr-jarallax-no wpr-parallax-no wpr-sticky-section-no e-con e-child\" data-id=\"9b8ec44\" data-element_type=\"container\" data-e-type=\"container\">\n\t\t\t\t<div class=\"elementor-element elementor-element-343db2a elementor-widget elementor-widget-heading\" data-id=\"343db2a\" data-element_type=\"widget\" data-e-type=\"widget\" data-widget_type=\"heading.default\">\n\t\t\t\t\t<h2 class=\"elementor-heading-title elementor-size-default\">Crea una fabbrica e un&#039;industria da zero<\/h2>\t\t\t\t<\/div>\n\t\t\t\t<\/div>\n\t\t\t\t\t<\/div>\n\t\t\t\t<\/div>\n\t\t\t\t<section class=\"wd-negative-gap elementor-section elementor-top-section elementor-element elementor-element-b1de429 elementor-section-boxed elementor-section-height-default elementor-section-height-default wpr-particle-no wpr-jarallax-no wpr-parallax-no wpr-sticky-section-no\" data-id=\"b1de429\" data-element_type=\"section\" data-e-type=\"section\">\n\t\t\t\t\t\t<div class=\"elementor-container elementor-column-gap-default\">\n\t\t\t\t\t<div class=\"elementor-column elementor-col-100 elementor-top-column elementor-element elementor-element-5ace1ec\" data-id=\"5ace1ec\" data-element_type=\"column\" data-e-type=\"column\">\n\t\t\t<div class=\"elementor-widget-wrap elementor-element-populated\">\n\t\t\t\t\t\t<div class=\"elementor-element elementor-element-cf9fbaa elementor-widget elementor-widget-heading\" data-id=\"cf9fbaa\" data-element_type=\"widget\" data-e-type=\"widget\" data-widget_type=\"heading.default\">\n\t\t\t\t\t<h2 class=\"elementor-heading-title elementor-size-default\">Crea una fabbrica e un&#039;industria da zero <\/h2>\t\t\t\t<\/div>\n\t\t\t\t<div class=\"elementor-element elementor-element-53c70b7 color-scheme-inherit text-left elementor-widget elementor-widget-text-editor\" data-id=\"53c70b7\" data-element_type=\"widget\" data-e-type=\"widget\" data-widget_type=\"text-editor.default\">\n\t\t\t\t\t\t\t\t\t<p>Ci sono molti fattori da considerare quando <b>avviare una fabbrica da zero<\/b>.&nbsp;<\/p>\n<p>Il primo passo \u00e8 determinare il tipo di industria e il prodotto o i prodotti che la fabbrica produrr\u00e0.&nbsp;<\/p>\n<p>Successivamente \u00e8 necessario scegliere l&#039;ubicazione dello stabilimento.&nbsp;<\/p>\n<p>La fabbrica deve essere situata vicino alle materie prime necessarie per la produzione, nonch\u00e9 vicino ai potenziali mercati per i prodotti finiti.&nbsp;<\/p>\n<p>Una volta scelta la localit\u00e0, <b>la fabbrica deve essere progettata e costruita<\/b>.&nbsp;<\/p>\n<p>Il layout della fabbrica e la tipologia di <b>i macchinari necessari dipenderanno dai prodotti da realizzare<\/b>. Infine, la fabbrica deve disporre di lavoratori dotati delle competenze necessarie per far funzionare i macchinari e produrre i prodotti.<\/p>\t\t\t\t\t\t\t\t<\/div>\n\t\t\t\t<div class=\"elementor-element elementor-element-f239900 color-scheme-inherit text-left elementor-widget elementor-widget-text-editor\" data-id=\"f239900\" data-element_type=\"widget\" data-e-type=\"widget\" data-widget_type=\"text-editor.default\">\n\t\t\t\t\t\t\t\t\t<h2>Tipi di fabbriche<\/h2><p>Esistono diversi tipi di fabbriche a seconda dei prodotti che lavorano e dei loro prodotti finali. Si dividono in due grandi classi: fabbrica pesante e fabbrica leggera.<\/p><h3>fabbrica pesante<\/h3><p>La fabbrica pesante \u00e8 quella dedicata al trattamento delle materie prime per convertirle, generalmente in prodotti semilavorati e raramente in prodotti finali per il consumo diretto. Le fabbriche pesanti sono caratterizzate da grandi dimensioni e da un gran numero di macchine. Queste fabbriche sono anche conosciute come <b>impianti industriali.<\/b> Alcuni esempi di fabbriche pesanti sono:<\/p><ul><li><b>Chimica<\/b>: producono prodotti chimici come fertilizzanti, vernici e componenti sintetici.<\/li><li><b>Metallurgico<\/b>: Sono specializzati nel trattamento dei metalli.<\/li><li><b>Acciaio<\/b>: Si dedicano alla conversione dell&#039;acciaio in ferro.<\/li><li><b>cementificio<\/b>: trasformano le rocce in cemento e calce.<\/li><\/ul><h3>fabbrica della luce<\/h3><p>La fabbrica leggera \u00e8 quella che trasforma materie prime o materiali intermedi in prodotti destinati al consumo diretto. Le fabbriche leggere sono caratterizzate da dimensioni pi\u00f9 ridotte e comprendono sia macchine che risorse umane. Alcuni esempi di questo tipo di fabbriche sono:<\/p><ul><li><strong>Tessili<\/strong>: producono vestiti.<\/li><li><b>Cibo<\/b>: generano cibo.<\/li><li><strong>Farmaceutico<\/strong>: producono medicinali.<\/li><\/ul><h3>Fabbriche per sistemi produttivi, impianti industriali<\/h3><p>Le fabbriche vengono classificate anche in base al loro funzionamento, suddividendosi nelle seguenti tipologie di processi:<\/p><ul><li>Continuo: non ci sono interruzioni e mantiene la produzione 24 ore su 24, ad esempio nelle raffinerie di petrolio.<\/li><li>Ripetitivo: la linea di produzione \u00e8 gestita in lotti, ad esempio nelle fabbriche tessili e automobilistiche.<\/li><li>Intermittente: i prodotti realizzati sono su richiesta del cliente dopo l&#039;emissione di un ordine di acquisto, ad esempio fabbriche di turbine, navi o aeroplani.<\/li><\/ul>\t\t\t\t\t\t\t\t<\/div>\n\t\t\t\t\t<\/div>\n\t\t<\/div>\n\t\t\t\t\t<\/div>\n\t\t<\/section>\n\t\t\t\t<\/div>","protected":false},"excerpt":{"rendered":"<p>Creare una fabbrica e un&#039;industria da zero Creare una fabbrica e un&#039;industria da zero Ci sono molti fattori da considerare quando si crea una fabbrica e un&#039;industria da zero.<\/p>","protected":false},"author":1,"featured_media":0,"parent":0,"menu_order":0,"comment_status":"closed","ping_status":"closed","template":"elementor_header_footer","meta":{"footnotes":""},"class_list":["post-5025","page","type-page","status-publish","hentry"],"yoast_head":"<!-- This site is optimized with the Yoast SEO Premium plugin v24.9 (Yoast SEO v26.1) - https:\/\/yoast.com\/wordpress\/plugins\/seo\/ -->\n<title>Crear una fabrica e industria desde cero - distribuci\u00f3n ARC<\/title>\n<meta name=\"robots\" content=\"index, follow, max-snippet:-1, max-image-preview:large, max-video-preview:-1\" \/>\n<link rel=\"canonical\" href=\"https:\/\/www.distribucionarc.com\/pl\/crear-una-fabrica-e-industria-desde-cero\/\" \/>\n<meta property=\"og:locale\" content=\"it_IT\" \/>\n<meta property=\"og:type\" content=\"article\" \/>\n<meta property=\"og:title\" content=\"Crear una fabrica e industria desde cero\" \/>\n<meta property=\"og:description\" content=\"Crear una fabrica e industria desde cero Crear una fabrica e industria desde cero Hay muchos factores a considerar al\" \/>\n<meta property=\"og:url\" content=\"https:\/\/www.distribucionarc.com\/pl\/crear-una-fabrica-e-industria-desde-cero\/\" \/>\n<meta property=\"og:site_name\" content=\"distribuci\u00f3n ARC\" \/>\n<meta property=\"article:modified_time\" content=\"2025-04-24T04:01:57+00:00\" \/>\n<meta property=\"og:image\" content=\"https:\/\/distribucionarc.com\/wp-content\/uploads\/2024\/12\/icono-arc.jpg\" \/>\n\t<meta property=\"og:image:width\" content=\"612\" \/>\n\t<meta property=\"og:image:height\" content=\"792\" \/>\n\t<meta property=\"og:image:type\" content=\"image\/jpeg\" \/>\n<meta name=\"twitter:card\" content=\"summary_large_image\" \/>\n<meta name=\"twitter:label1\" content=\"Tempo di lettura stimato\" \/>\n\t<meta name=\"twitter:data1\" content=\"2 minuti\" \/>\n<script type=\"application\/ld+json\" class=\"yoast-schema-graph\">{\"@context\":\"https:\/\/schema.org\",\"@graph\":[{\"@type\":\"WebPage\",\"@id\":\"https:\/\/www.distribucionarc.com\/pl\/crear-una-fabrica-e-industria-desde-cero\/\",\"url\":\"https:\/\/www.distribucionarc.com\/pl\/crear-una-fabrica-e-industria-desde-cero\/\",\"name\":\"Crear una fabrica e industria desde cero - distribuci\u00f3n ARC\",\"isPartOf\":{\"@id\":\"https:\/\/www.distribucionarc.com\/sl\/#website\"},\"datePublished\":\"2022-11-21T16:57:14+00:00\",\"dateModified\":\"2025-04-24T04:01:57+00:00\",\"breadcrumb\":{\"@id\":\"https:\/\/www.distribucionarc.com\/pl\/crear-una-fabrica-e-industria-desde-cero\/#breadcrumb\"},\"inLanguage\":\"it-IT\",\"potentialAction\":[{\"@type\":\"ReadAction\",\"target\":[\"https:\/\/www.distribucionarc.com\/pl\/crear-una-fabrica-e-industria-desde-cero\/\"]}]},{\"@type\":\"BreadcrumbList\",\"@id\":\"https:\/\/www.distribucionarc.com\/pl\/crear-una-fabrica-e-industria-desde-cero\/#breadcrumb\",\"itemListElement\":[{\"@type\":\"ListItem\",\"position\":1,\"name\":\"Portada\",\"item\":\"https:\/\/www.distribucionarc.com\/\"},{\"@type\":\"ListItem\",\"position\":2,\"name\":\"Crear una fabrica e industria desde cero\"}]},{\"@type\":\"WebSite\",\"@id\":\"https:\/\/www.distribucionarc.com\/sl\/#website\",\"url\":\"https:\/\/www.distribucionarc.com\/sl\/\",\"name\":\"distribuci\u00f3n ARC\",\"description\":\"Empresa especializada en la fabricaci\u00f3n y distribuci\u00f3n de maquinaria industrial, selladoras de latas, Maquinas de hacer pastillas, Maquinas de cortar carne...\",\"publisher\":{\"@id\":\"https:\/\/www.distribucionarc.com\/sl\/#organization\"},\"potentialAction\":[{\"@type\":\"SearchAction\",\"target\":{\"@type\":\"EntryPoint\",\"urlTemplate\":\"https:\/\/www.distribucionarc.com\/sl\/?s={search_term_string}\"},\"query-input\":{\"@type\":\"PropertyValueSpecification\",\"valueRequired\":true,\"valueName\":\"search_term_string\"}}],\"inLanguage\":\"it-IT\"},{\"@type\":\"Organization\",\"@id\":\"https:\/\/www.distribucionarc.com\/sl\/#organization\",\"name\":\"Distribuci\u00f3n ARC\",\"url\":\"https:\/\/www.distribucionarc.com\/sl\/\",\"logo\":{\"@type\":\"ImageObject\",\"inLanguage\":\"it-IT\",\"@id\":\"https:\/\/www.distribucionarc.com\/sl\/#\/schema\/logo\/image\/\",\"url\":\"https:\/\/distribucionarc.com\/wp-content\/uploads\/2024\/10\/distribucion-ARC-COLOR-SIN-FONDO-e1732295305345.png\",\"contentUrl\":\"https:\/\/distribucionarc.com\/wp-content\/uploads\/2024\/10\/distribucion-ARC-COLOR-SIN-FONDO-e1732295305345.png\",\"width\":1164,\"height\":558,\"caption\":\"Distribuci\u00f3n ARC\"},\"image\":{\"@id\":\"https:\/\/www.distribucionarc.com\/sl\/#\/schema\/logo\/image\/\"},\"description\":\"Empresa especializada en la fabricaci\u00f3n y distribuci\u00f3n de maquinaria industrial para los sectores alimentario y farmac\u00e9utico. Nos especializamos en: M\u00e1quinas de cortar carne Fabricaci\u00f3n de comprimidos Sistemas de transporte industrial L\u00edneas de embotellado Dosificadores Y mucho m\u00e1s... Ofrecemos soluciones innovadoras y personalizadas para optimizar los procesos productivos de tu empresa.\",\"email\":\"Admistracion@distribucionarc.com\",\"telephone\":\"+34 643496664\",\"legalName\":\"ARC TECH SOLUTIONS\",\"foundingDate\":\"2024-04-09\",\"vatID\":\"B55480172\",\"numberOfEmployees\":{\"@type\":\"QuantitativeValue\",\"minValue\":\"1\",\"maxValue\":\"10\"}}]}<\/script>\n<!-- \/ Yoast SEO Premium plugin. -->","yoast_head_json":{"title":"Creare una fabbrica e un&#039;industria da zero - Distribuzione ARC","robots":{"index":"index","follow":"follow","max-snippet":"max-snippet:-1","max-image-preview":"max-image-preview:large","max-video-preview":"max-video-preview:-1"},"canonical":"https:\/\/www.distribucionarc.com\/pl\/crear-una-fabrica-e-industria-desde-cero\/","og_locale":"it_IT","og_type":"article","og_title":"Crear una fabrica e industria desde cero","og_description":"Crear una fabrica e industria desde cero Crear una fabrica e industria desde cero Hay muchos factores a considerar al","og_url":"https:\/\/www.distribucionarc.com\/pl\/crear-una-fabrica-e-industria-desde-cero\/","og_site_name":"distribuci\u00f3n ARC","article_modified_time":"2025-04-24T04:01:57+00:00","og_image":[{"width":612,"height":792,"url":"https:\/\/distribucionarc.com\/wp-content\/uploads\/2024\/12\/icono-arc.jpg","type":"image\/jpeg"}],"twitter_card":"summary_large_image","twitter_misc":{"Tempo di lettura stimato":"2 minuti"},"schema":{"@context":"https:\/\/schema.org","@graph":[{"@type":"WebPage","@id":"https:\/\/www.distribucionarc.com\/pl\/crear-una-fabrica-e-industria-desde-cero\/","url":"https:\/\/www.distribucionarc.com\/pl\/crear-una-fabrica-e-industria-desde-cero\/","name":"Creare una fabbrica e un&#039;industria da zero - Distribuzione ARC","isPartOf":{"@id":"https:\/\/www.distribucionarc.com\/sl\/#website"},"datePublished":"2022-11-21T16:57:14+00:00","dateModified":"2025-04-24T04:01:57+00:00","breadcrumb":{"@id":"https:\/\/www.distribucionarc.com\/pl\/crear-una-fabrica-e-industria-desde-cero\/#breadcrumb"},"inLanguage":"it-IT","potentialAction":[{"@type":"ReadAction","target":["https:\/\/www.distribucionarc.com\/pl\/crear-una-fabrica-e-industria-desde-cero\/"]}]},{"@type":"BreadcrumbList","@id":"https:\/\/www.distribucionarc.com\/pl\/crear-una-fabrica-e-industria-desde-cero\/#breadcrumb","itemListElement":[{"@type":"ListItem","position":1,"name":"Portada","item":"https:\/\/www.distribucionarc.com\/"},{"@type":"ListItem","position":2,"name":"Crear una fabrica e industria desde cero"}]},{"@type":"WebSite","@id":"https:\/\/www.distribucionarc.com\/sl\/#website","url":"https:\/\/www.distribucionarc.com\/sl\/","name":"Distribuzione dell&#039;ARCO","description":"Azienda specializzata nella produzione e distribuzione di macchinari industriali, macchine sigillatrici di lattine, macchine per la produzione di compresse, macchine per il taglio della carne...","publisher":{"@id":"https:\/\/www.distribucionarc.com\/sl\/#organization"},"potentialAction":[{"@type":"SearchAction","target":{"@type":"EntryPoint","urlTemplate":"https:\/\/www.distribucionarc.com\/sl\/?s={search_term_string}"},"query-input":{"@type":"PropertyValueSpecification","valueRequired":true,"valueName":"search_term_string"}}],"inLanguage":"it-IT"},{"@type":"Organization","@id":"https:\/\/www.distribucionarc.com\/sl\/#organization","name":"Distribuzione dell&#039;ARC","url":"https:\/\/www.distribucionarc.com\/sl\/","logo":{"@type":"ImageObject","inLanguage":"it-IT","@id":"https:\/\/www.distribucionarc.com\/sl\/#\/schema\/logo\/image\/","url":"https:\/\/distribucionarc.com\/wp-content\/uploads\/2024\/10\/distribucion-ARC-COLOR-SIN-FONDO-e1732295305345.png","contentUrl":"https:\/\/distribucionarc.com\/wp-content\/uploads\/2024\/10\/distribucion-ARC-COLOR-SIN-FONDO-e1732295305345.png","width":1164,"height":558,"caption":"Distribuci\u00f3n ARC"},"image":{"@id":"https:\/\/www.distribucionarc.com\/sl\/#\/schema\/logo\/image\/"},"description":"Azienda specializzata nella produzione e distribuzione di macchinari industriali per il settore alimentare e farmaceutico. Siamo specializzati in: Macchine per il taglio della carne Produzione di compresse Sistemi di trasporto industriale Linee di imbottigliamento Dispenser E molto altro ancora... Offriamo soluzioni innovative e personalizzate per ottimizzare i processi produttivi della vostra azienda.","email":"Admistracion@distribucionarc.com","telephone":"+34 643496664","legalName":"ARC TECH SOLUTIONS","foundingDate":"2024-04-09","vatID":"B55480172","numberOfEmployees":{"@type":"QuantitativeValue","minValue":"1","maxValue":"10"}}]}},"_links":{"self":[{"href":"https:\/\/distribucionarc.com\/it\/wp-json\/wp\/v2\/pages\/5025","targetHints":{"allow":["GET"]}}],"collection":[{"href":"https:\/\/distribucionarc.com\/it\/wp-json\/wp\/v2\/pages"}],"about":[{"href":"https:\/\/distribucionarc.com\/it\/wp-json\/wp\/v2\/types\/page"}],"author":[{"embeddable":true,"href":"https:\/\/distribucionarc.com\/it\/wp-json\/wp\/v2\/users\/1"}],"replies":[{"embeddable":true,"href":"https:\/\/distribucionarc.com\/it\/wp-json\/wp\/v2\/comments?post=5025"}],"version-history":[{"count":5,"href":"https:\/\/distribucionarc.com\/it\/wp-json\/wp\/v2\/pages\/5025\/revisions"}],"predecessor-version":[{"id":16218,"href":"https:\/\/distribucionarc.com\/it\/wp-json\/wp\/v2\/pages\/5025\/revisions\/16218"}],"wp:attachment":[{"href":"https:\/\/distribucionarc.com\/it\/wp-json\/wp\/v2\/media?parent=5025"}],"curies":[{"name":"wp","href":"https:\/\/api.w.org\/{rel}","templated":true}]}}