{"id":71,"date":"2020-04-15T09:30:06","date_gmt":"2020-04-15T09:30:06","guid":{"rendered":"https:\/\/distribucionarc.com\/?page_id=71"},"modified":"2025-04-25T07:08:47","modified_gmt":"2025-04-25T05:08:47","slug":"politica-sulla-riservatezza","status":"publish","type":"page","link":"https:\/\/distribucionarc.com\/it\/politica-de-privacidad\/","title":{"rendered":"politica sulla riservatezza"},"content":{"rendered":"<div data-elementor-type=\"wp-page\" data-elementor-id=\"71\" class=\"elementor elementor-71\" data-elementor-post-type=\"page\">\n\t\t\t\t<div class=\"elementor-element elementor-element-55ddc61 wd-section-stretch e-flex e-con-boxed wpr-particle-no wpr-jarallax-no wpr-parallax-no wpr-sticky-section-no e-con e-parent\" data-id=\"55ddc61\" data-element_type=\"container\" data-e-type=\"container\" data-settings=\"{&quot;background_background&quot;:&quot;classic&quot;}\">\n\t\t\t\t\t<div class=\"e-con-inner\">\n\t\t<div class=\"elementor-element elementor-element-5745e6e e-con-full e-flex wpr-particle-no wpr-jarallax-no wpr-parallax-no wpr-sticky-section-no e-con e-child\" data-id=\"5745e6e\" data-element_type=\"container\" data-e-type=\"container\">\n\t\t\t\t<div class=\"elementor-element elementor-element-05ceda0 elementor-widget elementor-widget-heading\" data-id=\"05ceda0\" data-element_type=\"widget\" data-e-type=\"widget\" data-widget_type=\"heading.default\">\n\t\t\t\t\t<h2 class=\"elementor-heading-title elementor-size-default\">politica sulla riservatezza<\/h2>\t\t\t\t<\/div>\n\t\t\t\t<\/div>\n\t\t\t\t\t<\/div>\n\t\t\t\t<\/div>\n\t\t<div class=\"wd-negative-gap elementor-element elementor-element-428fd617 e-flex e-con-boxed wpr-particle-no wpr-jarallax-no wpr-parallax-no wpr-sticky-section-no e-con e-parent\" data-id=\"428fd617\" data-element_type=\"container\" data-e-type=\"container\">\n\t\t\t\t\t<div class=\"e-con-inner\">\n\t\t\t\t<div class=\"elementor-element elementor-element-8a7b043 color-scheme-inherit text-left elementor-widget elementor-widget-text-editor\" data-id=\"8a7b043\" data-element_type=\"widget\" data-e-type=\"widget\" data-widget_type=\"text-editor.default\">\n\t\t\t\t\t\t\t\t\t\n<h2 class=\"wp-block-heading\">Raccomandazione precedente<\/h2>\n\n<p>Ti diamo il benvenuto su questo sito e ti consigliamo di leggere la nostra Informativa sulla privacy. Questo descrive il modo in cui\u00a0 <strong>DISTRIBUCIONARC.COM<\/strong> \u00a0raccoglie e utilizza informazioni sui propri clienti, utenti e abbonati di questo sito web.\u00a0<\/p>\n\n<p><strong>DISTRIBUCIONARC.COM<\/strong> con B55480172 e indirizzo C\/CASTELL N1 46970 ALAQUAS (VALENCIA), in qualit\u00e0 di responsabile del trattamento dei tuoi dati, tratta i tuoi dati attraverso questo sito web dove i dati personali degli utenti sono rispettati e curati. Come utente dovresti sapere che i tuoi diritti sono garantiti.<\/p>\n\n<p>\u00c8 necessario avvertire che la presente Privacy Policy potrebbe variare a seconda di esigenze legislative o di autoregolamentazione, pertanto si consiglia agli utenti di visitarla periodicamente. Sar\u00e0 applicabile se gli utenti decidono di compilare uno qualsiasi dei moduli di contatto in cui vengono raccolti dati personali.<\/p>\n\n<p>Norme legali a cui \u00e8 conforme la presente Informativa sulla privacy<\/p>\n\n<ul class=\"wp-block-list\">\n<li>Lui\u00a0<strong>GDPR (Regolamento (UE) 2016\/679 del Parlamento Europeo e del Consiglio del 27 aprile 2016 sulla protezione delle persone fisiche)<\/strong>, ovvero il nuovo regolamento dell&#039;Unione Europea che unifica la disciplina del trattamento dei dati personali nei diversi Paesi dell&#039;Unione Europea.<\/li>\n\n<li>IL\u00a0<strong>LOPD (Legge organica 03\/2018, del 5 dicembre sulla protezione dei dati e la garanzia dei diritti digitali).<\/strong><\/li>\n\n<li>IL\u00a0<strong>LSSI o LSSICE (Legge 34\/2002, dell&#039;11 luglio, sui servizi della societ\u00e0 dell&#039;informazione e sul commercio elettronico)<\/strong>, che regola le transazioni economiche attraverso mezzi elettronici, come nel caso di questo sito web.<\/li>\n<\/ul>\n\n<p>Finalit\u00e0 del trattamento<\/p>\n\n<p>In caso di quesiti e suggerimenti formulati, attraverso le sezioni appositamente esistenti, le informazioni verranno utilizzate esclusivamente per rispondere ai quesiti sollevati.<\/p>\n\n<p>Salvo nei campi dove espressamente indicato diversamente, il conferimento delle informazioni richieste nei moduli di richiesta dati \u00e8 obbligatorio per la corretta gestione delle richieste, dei quesiti e dei suggerimenti da Lei formulati. La mancata compilazione dei campi individuati come obbligatori, o il conferimento di dati errati, ne comporter\u00e0 l&#039;impossibilit\u00e0\u00a0<strong>DISTRIBUZIONE DELL&#039;ARCO<\/strong>\u00a0poterli gestire correttamente.<\/p>\n\n<p>Legittimazione al trattamento<\/p>\n\n<p>Contattandoci tramite il nostro sito web, l&#039;Utente dichiara di essere stato informato delle condizioni relative alla protezione dei dati personali, accettando e acconsentendo al trattamento degli stessi da parte nostra.\u00a0 <strong>DISTRIBUZIONE DELL&#039;ARCO<\/strong> \u00a0nei modi e per le finalit\u00e0 indicate.<\/p>\n\n<p>Conservazione e trasferimento dei dati<\/p>\n\n<p>I dati forniti verranno conservati per tutto il tempo in cui verr\u00e0 mantenuto il rapporto commerciale o per gli anni necessari per adempiere agli obblighi di legge.<\/p>\n\n<p>I dati non saranno ceduti a terzi tranne nei casi in cui sussista un obbligo legale.\u00a0 <strong>DISTRIBUZIONE DELL&#039;ARCO<\/strong> \u00a0non vende, affitta o trasferisce dati personali che possano identificare l&#039;utente, n\u00e9 lo far\u00e0 in futuro, a terzi senza previo consenso. Tuttavia, in alcuni casi potranno essere svolte collaborazioni con altri professionisti per organizzare formazione o fornire servizi. In questi casi verr\u00e0 richiesto il consenso degli utenti, informandoli dell&#039;identit\u00e0 del collaboratore e dello scopo della collaborazione. Sar\u00e0 sempre effettuato rispettando i pi\u00f9 severi standard di sicurezza.<\/p>\n\n<p>Esercizio dei diritti di protezione dei dati<\/p>\n\n<p>L&#039;utente potr\u00e0 indirizzare le proprie comunicazioni ed esercitare i diritti di accesso, rettifica, cancellazione e opposizione, nonch\u00e9 di limitazione del trattamento e portabilit\u00e0 dei dati tramite posta ordinaria all&#039;indirizzo\u00a0<strong>CARRER CASTELL N1 46970 ALAQUAS (VALENCIA)<\/strong>, o all&#039;e-mail: rgpd@distribucionarc.com insieme a un documento di identit\u00e0 valido, come una fotocopia del DNI o equivalente, indicando nell&#039;oggetto &quot;PROTEZIONE DEI DATI&quot;.<\/p>\n\n<p>Servizi di terze parti che utilizzo su questo sito web<\/p>\n\n<ul class=\"wp-block-list\">\n<li><strong>Ospitalit\u00e0: strato<\/strong><\/li>\n\n<li><strong>Piattaforma web: wordpress<\/strong><\/li>\n\n<li><strong>Google Analytics<\/strong><\/li>\n<\/ul>\n\n<p>Gli utenti potranno disiscriversi in ogni momento dai servizi forniti da <strong>DISTRIBUCIONARC.COM<\/strong> la stessa Newsletter. Nel rispetto della normativa vigente in materia di protezione dei dati personali, sia iscrivendosi a questo blog sia inserendo un commento in qualunque sua pagina e\/o voce, l&#039;utente acconsente:<\/p>\n\n<h2 class=\"wp-block-heading\">Accuratezza e veridicit\u00e0 dei dati<\/h2>\n\n<p>L&#039;utente \u00e8 l&#039;unico responsabile della veridicit\u00e0 e della correttezza dei dati inviati a\u00a0 <strong>DISTRIBUCIONARC.COM<\/strong> \u00a0esonerando il Fornitore da ogni responsabilit\u00e0 al riguardo. Gli Utenti garantiscono e sono responsabili, in ogni caso, dell&#039;esattezza, della validit\u00e0 e dell&#039;autenticit\u00e0 dei dati personali forniti, e si impegnano a mantenerli debitamente aggiornati. L&#039;utente si impegna a fornire informazioni complete e corrette nel modulo di contatto o di iscrizione.<\/p>\n\n<h2 class=\"wp-block-heading\">Modifiche alla presente informativa sulla privacy<\/h2>\n\n<p><strong>DISTRIBUZIONE DELL&#039;ARCO<\/strong>\u00a0si riserva il diritto di modificare questa politica per adattarla agli sviluppi legislativi o giurisprudenziali nonch\u00e9 alle pratiche del settore. In tali casi, il Fornitore annuncer\u00e0 le modifiche introdotte in questa pagina con congruo anticipo rispetto alla loro attuazione.<\/p>\n\t\t\t\t\t\t\t\t<\/div>\n\t\t\t\t\t<\/div>\n\t\t\t\t<\/div>\n\t\t\t\t<\/div>","protected":false},"excerpt":{"rendered":"<p>Informativa sulla privacy Raccomandazione preventiva Vi diamo il benvenuto su questo sito web e vi consigliamo di leggere la nostra informativa sulla privacy.<\/p>","protected":false},"author":1,"featured_media":0,"parent":0,"menu_order":0,"comment_status":"closed","ping_status":"closed","template":"elementor_header_footer","meta":{"footnotes":""},"class_list":["post-71","page","type-page","status-publish","hentry"],"yoast_head":"<!-- This site is optimized with the Yoast SEO Premium plugin v24.9 (Yoast SEO v26.1) - https:\/\/yoast.com\/wordpress\/plugins\/seo\/ -->\n<title>politica de privacidad - distribuci\u00f3n ARC<\/title>\n<meta name=\"robots\" content=\"index, follow, max-snippet:-1, max-image-preview:large, max-video-preview:-1\" \/>\n<link rel=\"canonical\" href=\"https:\/\/www.distribucionarc.com\/bg\/politica-de-privacidad\/\" \/>\n<meta property=\"og:locale\" content=\"it_IT\" \/>\n<meta property=\"og:type\" content=\"article\" \/>\n<meta property=\"og:title\" content=\"politica de privacidad\" \/>\n<meta property=\"og:description\" content=\"politica de privacidad Recomendaci\u00f3n previa Les damos la bienvenida a esta web y les recomendamos que lean nuestra pol\u00edtica de\" \/>\n<meta property=\"og:url\" content=\"https:\/\/www.distribucionarc.com\/bg\/politica-de-privacidad\/\" \/>\n<meta property=\"og:site_name\" content=\"distribuci\u00f3n ARC\" \/>\n<meta property=\"article:modified_time\" content=\"2025-04-25T05:08:47+00:00\" \/>\n<meta property=\"og:image\" content=\"https:\/\/distribucionarc.com\/wp-content\/uploads\/2024\/12\/icono-arc.jpg\" \/>\n\t<meta property=\"og:image:width\" content=\"612\" \/>\n\t<meta property=\"og:image:height\" content=\"792\" \/>\n\t<meta property=\"og:image:type\" content=\"image\/jpeg\" \/>\n<meta name=\"twitter:card\" content=\"summary_large_image\" \/>\n<meta name=\"twitter:label1\" content=\"Tempo di lettura stimato\" \/>\n\t<meta name=\"twitter:data1\" content=\"4 minuti\" \/>\n<script type=\"application\/ld+json\" class=\"yoast-schema-graph\">{\"@context\":\"https:\/\/schema.org\",\"@graph\":[{\"@type\":\"WebPage\",\"@id\":\"https:\/\/www.distribucionarc.com\/bg\/politica-de-privacidad\/\",\"url\":\"https:\/\/www.distribucionarc.com\/bg\/politica-de-privacidad\/\",\"name\":\"politica de privacidad - distribuci\u00f3n ARC\",\"isPartOf\":{\"@id\":\"https:\/\/distribucionarc.com\/bg\/#website\"},\"datePublished\":\"2020-04-15T09:30:06+00:00\",\"dateModified\":\"2025-04-25T05:08:47+00:00\",\"breadcrumb\":{\"@id\":\"https:\/\/www.distribucionarc.com\/bg\/politica-de-privacidad\/#breadcrumb\"},\"inLanguage\":\"it-IT\",\"potentialAction\":[{\"@type\":\"ReadAction\",\"target\":[\"https:\/\/www.distribucionarc.com\/bg\/politica-de-privacidad\/\"]}]},{\"@type\":\"BreadcrumbList\",\"@id\":\"https:\/\/www.distribucionarc.com\/bg\/politica-de-privacidad\/#breadcrumb\",\"itemListElement\":[{\"@type\":\"ListItem\",\"position\":1,\"name\":\"Portada\",\"item\":\"https:\/\/www.distribucionarc.com\/pl\/\"},{\"@type\":\"ListItem\",\"position\":2,\"name\":\"politica de privacidad\"}]},{\"@type\":\"WebSite\",\"@id\":\"https:\/\/distribucionarc.com\/bg\/#website\",\"url\":\"https:\/\/distribucionarc.com\/bg\/\",\"name\":\"distribuci\u00f3n ARC\",\"description\":\"Empresa especializada en la fabricaci\u00f3n y distribuci\u00f3n de maquinaria industrial, selladoras de latas, Maquinas de hacer pastillas, Maquinas de cortar carne...\",\"publisher\":{\"@id\":\"https:\/\/distribucionarc.com\/bg\/#organization\"},\"potentialAction\":[{\"@type\":\"SearchAction\",\"target\":{\"@type\":\"EntryPoint\",\"urlTemplate\":\"https:\/\/distribucionarc.com\/bg\/?s={search_term_string}\"},\"query-input\":{\"@type\":\"PropertyValueSpecification\",\"valueRequired\":true,\"valueName\":\"search_term_string\"}}],\"inLanguage\":\"it-IT\"},{\"@type\":\"Organization\",\"@id\":\"https:\/\/distribucionarc.com\/bg\/#organization\",\"name\":\"Distribuci\u00f3n ARC\",\"url\":\"https:\/\/distribucionarc.com\/bg\/\",\"logo\":{\"@type\":\"ImageObject\",\"inLanguage\":\"it-IT\",\"@id\":\"https:\/\/distribucionarc.com\/bg\/#\/schema\/logo\/image\/\",\"url\":\"https:\/\/distribucionarc.com\/wp-content\/uploads\/2024\/10\/distribucion-ARC-COLOR-SIN-FONDO-e1732295305345.png\",\"contentUrl\":\"https:\/\/distribucionarc.com\/wp-content\/uploads\/2024\/10\/distribucion-ARC-COLOR-SIN-FONDO-e1732295305345.png\",\"width\":1164,\"height\":558,\"caption\":\"Distribuci\u00f3n ARC\"},\"image\":{\"@id\":\"https:\/\/distribucionarc.com\/bg\/#\/schema\/logo\/image\/\"},\"description\":\"Empresa especializada en la fabricaci\u00f3n y distribuci\u00f3n de maquinaria industrial para los sectores alimentario y farmac\u00e9utico. Nos especializamos en: M\u00e1quinas de cortar carne Fabricaci\u00f3n de comprimidos Sistemas de transporte industrial L\u00edneas de embotellado Dosificadores Y mucho m\u00e1s... Ofrecemos soluciones innovadoras y personalizadas para optimizar los procesos productivos de tu empresa.\",\"email\":\"Admistracion@distribucionarc.com\",\"telephone\":\"+34 643496664\",\"legalName\":\"ARC TECH SOLUTIONS\",\"foundingDate\":\"2024-04-09\",\"vatID\":\"B55480172\",\"numberOfEmployees\":{\"@type\":\"QuantitativeValue\",\"minValue\":\"1\",\"maxValue\":\"10\"}}]}<\/script>\n<!-- \/ Yoast SEO Premium plugin. -->","yoast_head_json":{"title":"informativa sulla privacy - distribuzione ARC","robots":{"index":"index","follow":"follow","max-snippet":"max-snippet:-1","max-image-preview":"max-image-preview:large","max-video-preview":"max-video-preview:-1"},"canonical":"https:\/\/www.distribucionarc.com\/bg\/politica-de-privacidad\/","og_locale":"it_IT","og_type":"article","og_title":"politica de privacidad","og_description":"politica de privacidad Recomendaci\u00f3n previa Les damos la bienvenida a esta web y les recomendamos que lean nuestra pol\u00edtica de","og_url":"https:\/\/www.distribucionarc.com\/bg\/politica-de-privacidad\/","og_site_name":"distribuci\u00f3n ARC","article_modified_time":"2025-04-25T05:08:47+00:00","og_image":[{"width":612,"height":792,"url":"https:\/\/distribucionarc.com\/wp-content\/uploads\/2024\/12\/icono-arc.jpg","type":"image\/jpeg"}],"twitter_card":"summary_large_image","twitter_misc":{"Tempo di lettura stimato":"4 minuti"},"schema":{"@context":"https:\/\/schema.org","@graph":[{"@type":"WebPage","@id":"https:\/\/www.distribucionarc.com\/bg\/politica-de-privacidad\/","url":"https:\/\/www.distribucionarc.com\/bg\/politica-de-privacidad\/","name":"informativa sulla privacy - distribuzione ARC","isPartOf":{"@id":"https:\/\/distribucionarc.com\/bg\/#website"},"datePublished":"2020-04-15T09:30:06+00:00","dateModified":"2025-04-25T05:08:47+00:00","breadcrumb":{"@id":"https:\/\/www.distribucionarc.com\/bg\/politica-de-privacidad\/#breadcrumb"},"inLanguage":"it-IT","potentialAction":[{"@type":"ReadAction","target":["https:\/\/www.distribucionarc.com\/bg\/politica-de-privacidad\/"]}]},{"@type":"BreadcrumbList","@id":"https:\/\/www.distribucionarc.com\/bg\/politica-de-privacidad\/#breadcrumb","itemListElement":[{"@type":"ListItem","position":1,"name":"Portada","item":"https:\/\/www.distribucionarc.com\/pl\/"},{"@type":"ListItem","position":2,"name":"politica de privacidad"}]},{"@type":"WebSite","@id":"https:\/\/distribucionarc.com\/bg\/#website","url":"https:\/\/distribucionarc.com\/bg\/","name":"Distribuzione dell&#039;ARCO","description":"Azienda specializzata nella produzione e distribuzione di macchinari industriali, macchine sigillatrici di lattine, macchine per la produzione di compresse, macchine per il taglio della carne...","publisher":{"@id":"https:\/\/distribucionarc.com\/bg\/#organization"},"potentialAction":[{"@type":"SearchAction","target":{"@type":"EntryPoint","urlTemplate":"https:\/\/distribucionarc.com\/bg\/?s={search_term_string}"},"query-input":{"@type":"PropertyValueSpecification","valueRequired":true,"valueName":"search_term_string"}}],"inLanguage":"it-IT"},{"@type":"Organization","@id":"https:\/\/distribucionarc.com\/bg\/#organization","name":"Distribuzione dell&#039;ARC","url":"https:\/\/distribucionarc.com\/bg\/","logo":{"@type":"ImageObject","inLanguage":"it-IT","@id":"https:\/\/distribucionarc.com\/bg\/#\/schema\/logo\/image\/","url":"https:\/\/distribucionarc.com\/wp-content\/uploads\/2024\/10\/distribucion-ARC-COLOR-SIN-FONDO-e1732295305345.png","contentUrl":"https:\/\/distribucionarc.com\/wp-content\/uploads\/2024\/10\/distribucion-ARC-COLOR-SIN-FONDO-e1732295305345.png","width":1164,"height":558,"caption":"Distribuci\u00f3n ARC"},"image":{"@id":"https:\/\/distribucionarc.com\/bg\/#\/schema\/logo\/image\/"},"description":"Azienda specializzata nella produzione e distribuzione di macchinari industriali per il settore alimentare e farmaceutico. Siamo specializzati in: Macchine per il taglio della carne Produzione di compresse Sistemi di trasporto industriale Linee di imbottigliamento Dispenser E molto altro ancora... Offriamo soluzioni innovative e personalizzate per ottimizzare i processi produttivi della vostra azienda.","email":"Admistracion@distribucionarc.com","telephone":"+34 643496664","legalName":"ARC TECH SOLUTIONS","foundingDate":"2024-04-09","vatID":"B55480172","numberOfEmployees":{"@type":"QuantitativeValue","minValue":"1","maxValue":"10"}}]}},"_links":{"self":[{"href":"https:\/\/distribucionarc.com\/it\/wp-json\/wp\/v2\/pages\/71","targetHints":{"allow":["GET"]}}],"collection":[{"href":"https:\/\/distribucionarc.com\/it\/wp-json\/wp\/v2\/pages"}],"about":[{"href":"https:\/\/distribucionarc.com\/it\/wp-json\/wp\/v2\/types\/page"}],"author":[{"embeddable":true,"href":"https:\/\/distribucionarc.com\/it\/wp-json\/wp\/v2\/users\/1"}],"replies":[{"embeddable":true,"href":"https:\/\/distribucionarc.com\/it\/wp-json\/wp\/v2\/comments?post=71"}],"version-history":[{"count":5,"href":"https:\/\/distribucionarc.com\/it\/wp-json\/wp\/v2\/pages\/71\/revisions"}],"predecessor-version":[{"id":16724,"href":"https:\/\/distribucionarc.com\/it\/wp-json\/wp\/v2\/pages\/71\/revisions\/16724"}],"wp:attachment":[{"href":"https:\/\/distribucionarc.com\/it\/wp-json\/wp\/v2\/media?parent=71"}],"curies":[{"name":"wp","href":"https:\/\/api.w.org\/{rel}","templated":true}]}}