{"id":74,"date":"2020-04-15T09:38:42","date_gmt":"2020-04-15T09:38:42","guid":{"rendered":"https:\/\/distribucionarc.com\/?page_id=74"},"modified":"2025-05-06T15:58:50","modified_gmt":"2025-05-06T13:58:50","slug":"avvertimento-legale","status":"publish","type":"page","link":"https:\/\/distribucionarc.com\/it\/inicio\/aviso-legal\/","title":{"rendered":"avviso legale"},"content":{"rendered":"<div data-elementor-type=\"wp-page\" data-elementor-id=\"74\" class=\"elementor elementor-74\" data-elementor-post-type=\"page\">\n\t\t\t\t<div class=\"elementor-element elementor-element-17a78b4 wd-section-stretch e-flex e-con-boxed wpr-particle-no wpr-jarallax-no wpr-parallax-no wpr-sticky-section-no e-con e-parent\" data-id=\"17a78b4\" data-element_type=\"container\" data-e-type=\"container\" data-settings=\"{&quot;background_background&quot;:&quot;classic&quot;}\">\n\t\t\t\t\t<div class=\"e-con-inner\">\n\t\t<div class=\"elementor-element elementor-element-8e49855 e-con-full e-flex wpr-particle-no wpr-jarallax-no wpr-parallax-no wpr-sticky-section-no e-con e-child\" data-id=\"8e49855\" data-element_type=\"container\" data-e-type=\"container\">\n\t\t\t\t<div class=\"elementor-element elementor-element-3d3bbd4 elementor-widget elementor-widget-heading\" data-id=\"3d3bbd4\" data-element_type=\"widget\" data-e-type=\"widget\" data-widget_type=\"heading.default\">\n\t\t\t\t\t<h2 class=\"elementor-heading-title elementor-size-default\">avviso legale<\/h2>\t\t\t\t<\/div>\n\t\t\t\t<\/div>\n\t\t\t\t\t<\/div>\n\t\t\t\t<\/div>\n\t\t<div class=\"elementor-element elementor-element-7cdcae67 e-flex e-con-boxed wpr-particle-no wpr-jarallax-no wpr-parallax-no wpr-sticky-section-no e-con e-parent\" data-id=\"7cdcae67\" data-element_type=\"container\" data-e-type=\"container\">\n\t\t\t\t\t<div class=\"e-con-inner\">\n\t\t\t\t<div class=\"elementor-element elementor-element-fa54b7a color-scheme-inherit text-left elementor-widget elementor-widget-text-editor\" data-id=\"fa54b7a\" data-element_type=\"widget\" data-e-type=\"widget\" data-widget_type=\"text-editor.default\">\n\t\t\t\t\t\t\t\t\t\n<p>Dettagli del venditore<\/p>\n\n<p>Titolare: ARC TECH SOLUTIONS SL<\/p>\n\n<p>Indirizzo: Carrer Castell N1 Bajo Sinistra 46970 Alaquas (Valencia)<\/p>\n\n<p>Codice fiscale: B55480172<\/p>\n\n<p>\u00a0<\/p>\n\n<p>E-mail: info@distribucionarc.com<\/p>\n\n<p>Telefono: +34 643496664<\/p>\n\n<p>Il Cliente (di seguito, \u201c<strong>Cliente<\/strong>&quot;) che accede al sito web (il &quot;<strong>Sito web<\/strong>&quot;) di propriet\u00e0 di DISTRIBUCION ARC. (IL &quot;<strong>Societ\u00e0<\/strong>&quot;), registrarti o acquistare prodotti tramite il Sito, accetti di sottostare e sei vincolato dalla presente Nota Legale e dalle Condizioni Generali cos\u00ec come redatte al momento in cui accedi al Sito.<\/p>\n\n<p>Regole per l&#039;uso autorizzato del sito web (\u201c<strong>Sito web<\/strong>&quot;)<\/p>\n\n<p>Il Cliente pu\u00f2 accedere al Sito gratuitamente, fatti salvi i costi di connessione attraverso la rete di telecomunicazioni che dovranno essere pagati all&#039;entit\u00e0 con cui ha stipulato il contratto.<\/p>\n\n<p>In generale, l&#039;accesso al Sito \u00e8 vietato ai minori di 18 anni che non abbiano la corrispondente autorizzazione dei genitori o dei tutori legali.<\/p>\n\n<p>Il Cliente si impegna a rispettare la presente Nota Legale e le avvertenze o istruzioni particolari per l&#039;uso contenute nel Sito e ad agire sempre in conformit\u00e0 alla Legge, al buon costume e alle esigenze di buona fede, utilizzando una diligenza adeguata alla natura del servizio offerto. Godere.<\/p>\n\n<p>Il Cliente dovr\u00e0 astenersi dal: (i) fare un uso non autorizzato o fraudolento del Sito e\/o dei suoi contenuti; (ii) accedere o tentare di accedere a risorse o aree riservate del Sito, senza soddisfare le condizioni richieste per tale accesso; (iii) utilizzare il Sito Web e\/o i contenuti per scopi diversi dall&#039;acquisizione di uno qualsiasi dei prodotti offerti sul Sito Web, scopi o effetti illeciti, illegali, contrari a quanto stabilito nel presente Avviso Legale, in buona fede e pubblico ordine, lesivo dei diritti e degli interessi di terzi, o che in qualsiasi modo possa danneggiare, disabilitare o sovraccaricare il Sito o impedirne il normale utilizzo o godimento; (iv) causare danni a persone o cose della Societ\u00e0, dei suoi fornitori, Clienti o di terzi; (v) introdurre o diffondere nella rete virus informatici o qualsiasi altro sistema fisico o logico che possa causare danni ai sistemi fisici o logici della Societ\u00e0, dei suoi fornitori o di terzi.<\/p>\n\n<p>Il Cliente si impegna a utilizzare il Sito Web solo per effettuare richieste o ordini legalmente validi e a non effettuare ordini falsi o fraudolenti. In caso contrario, saremo autorizzati ad annullarlo e ad informare le autorit\u00e0 competenti.<\/p>\n\n<p>Non saremo responsabili per eventuali danni o perdite che colpiscono il tuo computer a seguito delle azioni precedenti, o dell&#039;uso del Sito Web o del download di contenuti dallo stesso o ai quali potrebbe essere reindirizzato.<\/p>\n\n<p>Il Sito pu\u00f2 contenere collegamenti ad altri siti web, social network e materiali di terze parti. Questi collegamenti sono forniti solo a scopo informativo, pertanto la Societ\u00e0 non ha alcun controllo sul contenuto di tali pagine web o materiali. Di conseguenza, la Societ\u00e0 non sar\u00e0 responsabile per eventuali danni o perdite derivanti dall&#039;uso di tali collegamenti o materiale di terze parti.<\/p>\n\n<p>Protezione dei dati<\/p>\n\n<p>Ai fini delle disposizioni della legge organica 15\/1999, del 13 dicembre, sulla protezione dei dati personali (\u201c<strong>LOPD<\/strong>&quot;), DISTRIBUCION ARC informa il Cliente che tutti i dati personali forniti in qualsiasi momento e volontariamente alla nostra azienda o ai nostri dipendenti, saranno inclusi in un archivio automatizzato di dati personali creato e mantenuto sotto la responsabilit\u00e0 di DISTRIBUCION ARC. e saranno trattati al solo fine di evadere la tua richiesta d&#039;ordine, nonch\u00e9 eventuali quesiti o suggerimenti formulati dal Cliente. Potrai esercitare il tuo diritto di accesso, rettifica, cancellazione e opposizione in qualsiasi momento indirizzando la tua richiesta all&#039;indirizzo, e-mail, telefono o fax elencati nella sezione precedente.<\/p>\n\n<p>Affinch\u00e9 le informazioni contenute nei nostri archivi siano sempre aggiornate e non contengano errori, chiediamo al Cliente di informarci, al pi\u00f9 presto possibile, di eventuali modifiche e rettifiche dei suoi dati personali.<\/p>\n\n<p>Ti informiamo che sono state adottate tutte le misure di sicurezza tecniche e organizzative necessarie per garantire la protezione dei tuoi dati personali e prevenirne l&#039;alterazione, la perdita, il trattamento e\/o l&#039;accesso non autorizzato, tenendo conto dello stato dell&#039;arte, della natura del dati memorizzati e i rischi a cui sono esposti, tutto questo, in conformit\u00e0 con le disposizioni della LOPD e dei suoi regolamenti di attuazione.<\/p>\n\n<p>Salvo nei campi dove espressamente indicato diversamente, il conferimento delle informazioni richieste nei moduli di richiesta dati \u00e8 obbligatorio per la corretta gestione degli ordini, dei quesiti e dei suggerimenti da Lei formulati. La mancata compilazione dei campi ritenuti obbligatori, o il conferimento di dati errati, comporter\u00e0 l&#039;impossibilit\u00e0 per DISTRIBUCION ARC di gestirli correttamente.<\/p>\n\n<p>Garanzia e responsabilit\u00e0<\/p>\n\n<p>L&#039;utilizzo del Sito da parte del Cliente avviene in ogni momento sotto il suo intero rischio e responsabilit\u00e0, che egli riconosce ed accetta espressamente, per cui la Societ\u00e0 non si assumer\u00e0 alcuna responsabilit\u00e0, diretta o indiretta, derivante da usi impropri o impropri. uso fraudolento o illecito del Sito da parte dei Clienti.<\/p>\n\n<p>La Societ\u00e0 far\u00e0 tutto il possibile per garantire il corretto funzionamento del Sito, riconoscendo esplicitamente al Cliente che non \u00e8 possibile offrire la completa disponibilit\u00e0 del 100%. La Societ\u00e0 si impegna tuttavia a mantenere disponibile il Sito online il pi\u00f9 a lungo possibile. Tuttavia, la Societ\u00e0 si riserva il diritto di limitare l&#039;accesso al Sito online, in tutto o in parte, temporaneamente o permanentemente, a causa di lavori di manutenzione, capacit\u00e0 o eventi fuori dal controllo della Societ\u00e0.<\/p>\n\n<p>Senza essere esaustivo, si precisa che la Societ\u00e0 non sar\u00e0 responsabile di:<\/p>\n\n<ul class=\"wp-block-list\">\n<li>Interruzioni, guasti, omissioni o disconnessioni di sistemi, interferenze o virus, problemi di accesso e, in generale, qualsiasi problema di disponibilit\u00e0, malfunzionamento e\/o continuit\u00e0 nella fornitura del servizio che possa influenzare il Sito.<\/li>\n<\/ul>\n\n<ul class=\"wp-block-list\">\n<li>Qualsiasi danno che possa verificarsi alle apparecchiature o ai dispositivi tecnologici dei Clienti a causa dell&#039;utilizzo del Sito.<\/li>\n<\/ul>\n\n<ul class=\"wp-block-list\">\n<li>Le azioni di terzi, compresi i Clienti stessi, esulano dal controllo della Societ\u00e0.<\/li>\n<\/ul>\n\n<p>Propriet\u00e0 intellettuale e industriale<\/p>\n\n<p>La Societ\u00e0 \u00e8 proprietaria esclusiva del Sito. \u00c8 vietata qualsiasi riproduzione totale o parziale del Sito.<\/p>\n\n<p>Tutti i contenuti mostrati sul Sito e, in particolare, tutti i prodotti, disegni, testi, grafica, loghi, icone, pulsanti, software, nomi commerciali, marchi, disegni industriali o qualsiasi altro segno suscettibile di uso industriale e commerciale sono soggetti a propriet\u00e0 intellettuale e diritti di propriet\u00e0 industriale della Societ\u00e0 o di terzi titolari della stessa che abbiano debitamente autorizzato la loro inclusione nel Sito.<\/p>\n\n<p>In nessun caso si intender\u00e0 concessa alcuna licenza o che tali diritti siano rinunciati, trasmessi, trasferiti in tutto o in parte, n\u00e9 venga conferito alcun diritto e, in particolare, di alterazione, sfruttamento, riproduzione, distribuzione o comunicazione pubblica su detti contenuti senza la previa autorizzazione espressa della Societ\u00e0 o dei relativi titolari, di conseguenza, il Cliente non potr\u00e0 riprodurre, trasformare, modificare, disassemblare, decodificare, distribuire, affittare, prestare, rendere disponibile o consentire l&#039;accesso al pubblico attraverso qualsiasi modalit\u00e0 di comunicazione pubblica di nessuno di gli elementi di cui al paragrafo precedente.<\/p>\n\n<p>Biscotti<\/p>\n\n<p>Il Sito Web utilizza i cookie, ovvero file che vengono scaricati sul dispositivo del Cliente quando vi accede. I cookie ci consentono di comprendere, tra le altre cose, come i Clienti navigano attraverso il Sito Web, archiviano e recuperano informazioni relative alla navigazione e alle abitudini dei Clienti.<\/p>\n\n<p>Il Sito utilizza cookie propri e di terze parti, che consentono di ricordare i dati di navigazione per migliorare l&#039;esperienza di navigazione. Il Cliente pu\u00f2 configurare il proprio browser Internet per eliminare, bloccare o ricevere avvisi se sono installati cookie, fermo restando che per utilizzare alcuni servizi del Sito \u00e8 necessario abilitare i cookie.<\/p>\n\n<p>I cookie utilizzati nel Sito sono:<\/p>\n\n<ul class=\"wp-block-list\">\n<li>Cookie tecnici: consentono al Cliente di utilizzare le diverse opzioni di navigazione o servizi del Sito, come l&#039;identificazione della sessione o l&#039;esecuzione di un processo di acquisto o di registrazione.<\/li>\n<\/ul>\n\n<ul class=\"wp-block-list\">\n<li>Cookie di personalizzazione: consentono al Cliente di accedere a un servizio con caratteristiche generali predefinite, come le impostazioni della lingua o del paese.<\/li>\n<\/ul>\n\n<ul class=\"wp-block-list\">\n<li>Cookie di analisi: vengono utilizzati per tracciare il comportamento dei Clienti sul nostro sito Web, al fine di introdurre miglioramenti al Sito Web.<\/li>\n<\/ul>\n\n<ul class=\"wp-block-list\">\n<li>Cookie pubblicitari e di pubblicit\u00e0 comportamentale: memorizzano informazioni sul comportamento del Cliente e adattano ad esso la pubblicit\u00e0.<\/li>\n<\/ul>\n\n<p>Contatto<\/p>\n\n<p>Siamo a tua completa disposizione per rispondere alle tue domande, suggerimenti o commenti riguardanti la nostra azienda, i nostri prodotti, il nostro sito web o la nostra politica sulla privacy. Per fare ci\u00f2 puoi contattarci tramite l&#039;e-mail, il numero di telefono o il numero di fax che appare nelle informazioni del venditore.<\/p>\n\n<p>I nostri orari di servizio clienti sono dal luned\u00ec al venerd\u00ec dalle 8:00 alle 18:00.<\/p>\n\t\t\t\t\t\t\t\t<\/div>\n\t\t\t\t\t<\/div>\n\t\t\t\t<\/div>\n\t\t\t\t<\/div>","protected":false},"excerpt":{"rendered":"<p>Dettagli del venditore Proprietario: ARC TECH SOLUTIONS SL Indirizzo: Carrer Castell N1, in basso a sinistra, 46970 Alaquas (Valencia) NIF:<\/p>","protected":false},"author":1,"featured_media":0,"parent":45,"menu_order":0,"comment_status":"closed","ping_status":"closed","template":"elementor_header_footer","meta":{"footnotes":""},"class_list":["post-74","page","type-page","status-publish","hentry"],"yoast_head":"<!-- This site is optimized with the Yoast SEO Premium plugin v24.9 (Yoast SEO v26.1) - https:\/\/yoast.com\/wordpress\/plugins\/seo\/ -->\n<title>aviso legal - distribuci\u00f3n ARC<\/title>\n<meta name=\"robots\" content=\"index, follow, max-snippet:-1, max-image-preview:large, max-video-preview:-1\" \/>\n<link rel=\"canonical\" href=\"https:\/\/distribucionarc.com\/it\/inizio\/avvertimento-legale\/\" \/>\n<meta property=\"og:locale\" content=\"it_IT\" \/>\n<meta property=\"og:type\" content=\"article\" \/>\n<meta property=\"og:title\" content=\"aviso legal\" \/>\n<meta property=\"og:description\" content=\"aviso legal Datos del vendedor Titular: ARC TECH SOLUTIONS S.L Direcci\u00f3n: carrer castell n1 bajo izquierda 46970 alaquas (valencia) N.I.F.:\" \/>\n<meta property=\"og:url\" content=\"https:\/\/distribucionarc.com\/it\/inizio\/avvertimento-legale\/\" \/>\n<meta property=\"og:site_name\" content=\"distribuci\u00f3n ARC\" \/>\n<meta property=\"article:modified_time\" content=\"2025-05-06T13:58:50+00:00\" \/>\n<meta property=\"og:image\" content=\"https:\/\/distribucionarc.com\/wp-content\/uploads\/2024\/12\/icono-arc.jpg\" \/>\n\t<meta property=\"og:image:width\" content=\"612\" \/>\n\t<meta property=\"og:image:height\" content=\"792\" \/>\n\t<meta property=\"og:image:type\" content=\"image\/jpeg\" \/>\n<meta name=\"twitter:card\" content=\"summary_large_image\" \/>\n<meta name=\"twitter:label1\" content=\"Tempo di lettura stimato\" \/>\n\t<meta name=\"twitter:data1\" content=\"8 minuti\" \/>\n<script type=\"application\/ld+json\" class=\"yoast-schema-graph\">{\"@context\":\"https:\/\/schema.org\",\"@graph\":[{\"@type\":\"WebPage\",\"@id\":\"https:\/\/distribucionarc.com\/it\/inicio\/aviso-legal\/\",\"url\":\"https:\/\/distribucionarc.com\/it\/inicio\/aviso-legal\/\",\"name\":\"aviso legal - distribuci\u00f3n ARC\",\"isPartOf\":{\"@id\":\"https:\/\/www.distribucionarc.com\/sl\/#website\"},\"datePublished\":\"2020-04-15T09:38:42+00:00\",\"dateModified\":\"2025-05-06T13:58:50+00:00\",\"breadcrumb\":{\"@id\":\"https:\/\/distribucionarc.com\/it\/inicio\/aviso-legal\/#breadcrumb\"},\"inLanguage\":\"it-IT\",\"potentialAction\":[{\"@type\":\"ReadAction\",\"target\":[\"https:\/\/distribucionarc.com\/it\/inicio\/aviso-legal\/\"]}]},{\"@type\":\"BreadcrumbList\",\"@id\":\"https:\/\/distribucionarc.com\/it\/inicio\/aviso-legal\/#breadcrumb\",\"itemListElement\":[{\"@type\":\"ListItem\",\"position\":1,\"name\":\"Portada\",\"item\":\"https:\/\/www.distribucionarc.com\/\"},{\"@type\":\"ListItem\",\"position\":2,\"name\":\"inicio\",\"item\":\"https:\/\/www.distribucionarc.com\/inicio\/\"},{\"@type\":\"ListItem\",\"position\":3,\"name\":\"aviso legal\"}]},{\"@type\":\"WebSite\",\"@id\":\"https:\/\/www.distribucionarc.com\/sl\/#website\",\"url\":\"https:\/\/www.distribucionarc.com\/sl\/\",\"name\":\"distribuci\u00f3n ARC\",\"description\":\"Empresa especializada en la fabricaci\u00f3n y distribuci\u00f3n de maquinaria industrial, selladoras de latas, Maquinas de hacer pastillas, Maquinas de cortar carne...\",\"publisher\":{\"@id\":\"https:\/\/www.distribucionarc.com\/sl\/#organization\"},\"potentialAction\":[{\"@type\":\"SearchAction\",\"target\":{\"@type\":\"EntryPoint\",\"urlTemplate\":\"https:\/\/www.distribucionarc.com\/sl\/?s={search_term_string}\"},\"query-input\":{\"@type\":\"PropertyValueSpecification\",\"valueRequired\":true,\"valueName\":\"search_term_string\"}}],\"inLanguage\":\"it-IT\"},{\"@type\":\"Organization\",\"@id\":\"https:\/\/www.distribucionarc.com\/sl\/#organization\",\"name\":\"Distribuci\u00f3n ARC\",\"url\":\"https:\/\/www.distribucionarc.com\/sl\/\",\"logo\":{\"@type\":\"ImageObject\",\"inLanguage\":\"it-IT\",\"@id\":\"https:\/\/www.distribucionarc.com\/sl\/#\/schema\/logo\/image\/\",\"url\":\"https:\/\/distribucionarc.com\/wp-content\/uploads\/2024\/10\/distribucion-ARC-COLOR-SIN-FONDO-e1732295305345.png\",\"contentUrl\":\"https:\/\/distribucionarc.com\/wp-content\/uploads\/2024\/10\/distribucion-ARC-COLOR-SIN-FONDO-e1732295305345.png\",\"width\":1164,\"height\":558,\"caption\":\"Distribuci\u00f3n ARC\"},\"image\":{\"@id\":\"https:\/\/www.distribucionarc.com\/sl\/#\/schema\/logo\/image\/\"},\"description\":\"Empresa especializada en la fabricaci\u00f3n y distribuci\u00f3n de maquinaria industrial para los sectores alimentario y farmac\u00e9utico. Nos especializamos en: M\u00e1quinas de cortar carne Fabricaci\u00f3n de comprimidos Sistemas de transporte industrial L\u00edneas de embotellado Dosificadores Y mucho m\u00e1s... Ofrecemos soluciones innovadoras y personalizadas para optimizar los procesos productivos de tu empresa.\",\"email\":\"Admistracion@distribucionarc.com\",\"telephone\":\"+34 643496664\",\"legalName\":\"ARC TECH SOLUTIONS\",\"foundingDate\":\"2024-04-09\",\"vatID\":\"B55480172\",\"numberOfEmployees\":{\"@type\":\"QuantitativeValue\",\"minValue\":\"1\",\"maxValue\":\"10\"}}]}<\/script>\n<!-- \/ Yoast SEO Premium plugin. -->","yoast_head_json":{"title":"avviso legale - distribuzione ARC","robots":{"index":"index","follow":"follow","max-snippet":"max-snippet:-1","max-image-preview":"max-image-preview:large","max-video-preview":"max-video-preview:-1"},"canonical":"https:\/\/distribucionarc.com\/it\/inizio\/avvertimento-legale\/","og_locale":"it_IT","og_type":"article","og_title":"aviso legal","og_description":"aviso legal Datos del vendedor Titular: ARC TECH SOLUTIONS S.L Direcci\u00f3n: carrer castell n1 bajo izquierda 46970 alaquas (valencia) N.I.F.:","og_url":"https:\/\/distribucionarc.com\/it\/inizio\/avvertimento-legale\/","og_site_name":"distribuci\u00f3n ARC","article_modified_time":"2025-05-06T13:58:50+00:00","og_image":[{"width":612,"height":792,"url":"https:\/\/distribucionarc.com\/wp-content\/uploads\/2024\/12\/icono-arc.jpg","type":"image\/jpeg"}],"twitter_card":"summary_large_image","twitter_misc":{"Tempo di lettura stimato":"8 minuti"},"schema":{"@context":"https:\/\/schema.org","@graph":[{"@type":"WebPage","@id":"https:\/\/distribucionarc.com\/it\/inicio\/aviso-legal\/","url":"https:\/\/distribucionarc.com\/it\/inicio\/aviso-legal\/","name":"avviso legale - distribuzione ARC","isPartOf":{"@id":"https:\/\/www.distribucionarc.com\/sl\/#website"},"datePublished":"2020-04-15T09:38:42+00:00","dateModified":"2025-05-06T13:58:50+00:00","breadcrumb":{"@id":"https:\/\/distribucionarc.com\/it\/inicio\/aviso-legal\/#breadcrumb"},"inLanguage":"it-IT","potentialAction":[{"@type":"ReadAction","target":["https:\/\/distribucionarc.com\/it\/inicio\/aviso-legal\/"]}]},{"@type":"BreadcrumbList","@id":"https:\/\/distribucionarc.com\/it\/inicio\/aviso-legal\/#breadcrumb","itemListElement":[{"@type":"ListItem","position":1,"name":"Portada","item":"https:\/\/www.distribucionarc.com\/"},{"@type":"ListItem","position":2,"name":"inicio","item":"https:\/\/www.distribucionarc.com\/inicio\/"},{"@type":"ListItem","position":3,"name":"aviso legal"}]},{"@type":"WebSite","@id":"https:\/\/www.distribucionarc.com\/sl\/#website","url":"https:\/\/www.distribucionarc.com\/sl\/","name":"Distribuzione dell&#039;ARCO","description":"Azienda specializzata nella produzione e distribuzione di macchinari industriali, macchine sigillatrici di lattine, macchine per la produzione di compresse, macchine per il taglio della carne...","publisher":{"@id":"https:\/\/www.distribucionarc.com\/sl\/#organization"},"potentialAction":[{"@type":"SearchAction","target":{"@type":"EntryPoint","urlTemplate":"https:\/\/www.distribucionarc.com\/sl\/?s={search_term_string}"},"query-input":{"@type":"PropertyValueSpecification","valueRequired":true,"valueName":"search_term_string"}}],"inLanguage":"it-IT"},{"@type":"Organization","@id":"https:\/\/www.distribucionarc.com\/sl\/#organization","name":"Distribuzione dell&#039;ARC","url":"https:\/\/www.distribucionarc.com\/sl\/","logo":{"@type":"ImageObject","inLanguage":"it-IT","@id":"https:\/\/www.distribucionarc.com\/sl\/#\/schema\/logo\/image\/","url":"https:\/\/distribucionarc.com\/wp-content\/uploads\/2024\/10\/distribucion-ARC-COLOR-SIN-FONDO-e1732295305345.png","contentUrl":"https:\/\/distribucionarc.com\/wp-content\/uploads\/2024\/10\/distribucion-ARC-COLOR-SIN-FONDO-e1732295305345.png","width":1164,"height":558,"caption":"Distribuci\u00f3n ARC"},"image":{"@id":"https:\/\/www.distribucionarc.com\/sl\/#\/schema\/logo\/image\/"},"description":"Azienda specializzata nella produzione e distribuzione di macchinari industriali per il settore alimentare e farmaceutico. Siamo specializzati in: Macchine per il taglio della carne Produzione di compresse Sistemi di trasporto industriale Linee di imbottigliamento Dispenser E molto altro ancora... Offriamo soluzioni innovative e personalizzate per ottimizzare i processi produttivi della vostra azienda.","email":"Admistracion@distribucionarc.com","telephone":"+34 643496664","legalName":"ARC TECH SOLUTIONS","foundingDate":"2024-04-09","vatID":"B55480172","numberOfEmployees":{"@type":"QuantitativeValue","minValue":"1","maxValue":"10"}}]}},"_links":{"self":[{"href":"https:\/\/distribucionarc.com\/it\/wp-json\/wp\/v2\/pages\/74","targetHints":{"allow":["GET"]}}],"collection":[{"href":"https:\/\/distribucionarc.com\/it\/wp-json\/wp\/v2\/pages"}],"about":[{"href":"https:\/\/distribucionarc.com\/it\/wp-json\/wp\/v2\/types\/page"}],"author":[{"embeddable":true,"href":"https:\/\/distribucionarc.com\/it\/wp-json\/wp\/v2\/users\/1"}],"replies":[{"embeddable":true,"href":"https:\/\/distribucionarc.com\/it\/wp-json\/wp\/v2\/comments?post=74"}],"version-history":[{"count":5,"href":"https:\/\/distribucionarc.com\/it\/wp-json\/wp\/v2\/pages\/74\/revisions"}],"predecessor-version":[{"id":17442,"href":"https:\/\/distribucionarc.com\/it\/wp-json\/wp\/v2\/pages\/74\/revisions\/17442"}],"up":[{"embeddable":true,"href":"https:\/\/distribucionarc.com\/it\/wp-json\/wp\/v2\/pages\/45"}],"wp:attachment":[{"href":"https:\/\/distribucionarc.com\/it\/wp-json\/wp\/v2\/media?parent=74"}],"curies":[{"name":"wp","href":"https:\/\/api.w.org\/{rel}","templated":true}]}}