{"id":1156,"date":"2020-07-17T11:31:11","date_gmt":"2020-07-17T11:31:11","guid":{"rendered":"https:\/\/distribucionarc.com\/?post_type=product&#038;p=1156"},"modified":"2024-09-08T15:03:58","modified_gmt":"2024-09-08T15:03:58","slug":"acqua-alcool-distillatore-38-5l","status":"publish","type":"product","link":"https:\/\/distribucionarc.com\/it\/producto\/destilador-alcohol-de-agua-38-5l\/","title":{"rendered":"Distillatore di alcol d&#039;acqua da 38,5 litri"},"content":{"rendered":"<h3>Distillatore di alcol d&#039;acqua da 38,5 litri<\/h3>\n<p>Lui <strong>distillatore di alcol<\/strong> Di <strong><span style=\"color: #ff0000;\">A<\/span><span style=\"color: #0000ff;\">R<\/span>C<\/strong> \u00c8 adatto per distillare vino di frutta, acqua, brandy, estrazione di piante, ecc. Consigliato sia ai principianti che ai professionisti. In grado di applicare tutti i tipi di metodi di riscaldamento.<\/p>\n<p>Lui <strong>distillatore di alcol<\/strong> <strong><span style=\"color: #ff0000;\">A<\/span><span style=\"color: #0000ff;\">R<\/span>C<\/strong> Ha una grande capacit\u00e0 produttiva per produrre fino a <strong>38,5 litri<\/strong> della materia. Il robusto <strong>distillatore<\/strong> L&#039;acciaio inossidabile dura per anni. Il fondo ispessito consente tutti i tipi di metodi di riscaldamento.<\/p>\n<p>Il raffreddamento di <strong>distillatore d&#039;acqua<\/strong> \u00c8 di tipo aperto con design a doppia canna. Le bobine in rame hanno un&#039;ampia area di contatto con l&#039;acqua di raffreddamento, che offre a <span style=\"color: #0000ff;\"><strong>prestazioni di raffreddamento e mantenere una temperatura abbastanza bassa del prodotto distillato<\/strong><\/span>. L&#039;acqua circolante entra attraverso l&#039;ingresso inferiore e viene scaricata dall&#039;uscita superiore. I tubi flessibili e robusti in silicone alimentare garantiscono un flusso d&#039;acqua rapido. La pompa di circolazione dell&#039;acqua aggiuntiva consente di risparmiare acqua e garantisce una maggiore produzione. Il termometro integrato nel coperchio del <strong>distillatore di alcol<\/strong> <strong><span style=\"color: #ff0000;\">A<\/span><span style=\"color: #0000ff;\">R<\/span>CDAF1<\/strong> Consente un facile monitoraggio della temperatura durante il processo di distillazione.<\/p>\n<p>Quattro ganci rapidi aiutano a sigillare ermeticamente il <strong>kit di distillazione<\/strong>, le maniglie di sollevamento fissate alla benna mantengono una grande tensione. Contiene una valvola di evacuazione dell&#039;aria unidirezionale utilizzata per l&#039;applicazione nel processo di fermentazione del grano.<\/p>\n<h6><\/h6>\n<h6><strong>Garanzia\u00a0<span style=\"color: #ff0000;\">A<\/span><span style=\"color: #0000ff;\">R<\/span>C 2 ANNI<\/strong><\/h6>\n<h6><span style=\"color: #0000ff;\">Sistema di raffreddamento rapido\u00a0<\/span><\/h6>\n<h6><strong>supporto tecnico incluso.<\/strong><\/h6>\n<p>&nbsp;<\/p>\n<table>\n<thead>\n<tr>\n<th><strong>Caratteristiche<\/strong><\/th>\n<th><strong>Descrizione<\/strong><\/th>\n<\/tr>\n<\/thead>\n<tbody>\n<tr>\n<td><strong>Temperatura regolabile<\/strong><\/td>\n<td>0-350 \u00baC \u2013 Adattabile per riscaldare e distillare diversi liquidi.<\/td>\n<\/tr>\n<tr>\n<td><strong>Capacit\u00e0 del barile<\/strong><\/td>\n<td>38,5 litri (L) \u2013 Ideale per la distillazione a lotti medi.<\/td>\n<\/tr>\n<tr>\n<td><strong>Dimensioni<\/strong><\/td>\n<td><strong>Altezza<\/strong>: 47 cm, <strong>Lungo<\/strong>: 46 cm, <strong>Ampio<\/strong>: 46 cm<\/td>\n<\/tr>\n<tr>\n<td><strong>Peso<\/strong><\/td>\n<td>7,2 kg \u2013 Leggero e maneggevole per installazioni rapide.<\/td>\n<\/tr>\n<tr>\n<td><strong>Materiale<\/strong><\/td>\n<td>Acciaio inossidabile 304: elevata resistenza alla corrosione e sicuro per gli alimenti.<\/td>\n<\/tr>\n<tr>\n<td><strong>Tipo di cappuccio<\/strong><\/td>\n<td>Chiusura ermetica con ganci di sicurezza per garantire la massima pressione e sicurezza.<\/td>\n<\/tr>\n<tr>\n<td><strong>Garanzia<\/strong><\/td>\n<td>2 anni \u2013 Copertura completa del prodotto.<\/td>\n<\/tr>\n<tr>\n<td><strong>Marca<\/strong><\/td>\n<td>ARC \u2013 Riconosciuto per la sua qualit\u00e0 nelle apparecchiature di distillazione.<\/td>\n<\/tr>\n<tr>\n<td><strong>Facilit\u00e0<\/strong><\/td>\n<td>Include strumenti per un&#039;installazione facile e veloce.<\/td>\n<\/tr>\n<tr>\n<td><strong>Controllo della pressione<\/strong><\/td>\n<td>Sistema di controllo integrato per una distillazione precisa.<\/td>\n<\/tr>\n<tr>\n<td><strong>Paesi con supporto tecnico<\/strong><\/td>\n<td><strong>Consultare il supporto tecnico <a href=\"https:\/\/distribucionarc.com\/it\/servizio-tecnico\/\">Qui<\/a><\/strong><\/td>\n<\/tr>\n<\/tbody>\n<\/table>\n<p>&nbsp;<\/p>","protected":false},"excerpt":{"rendered":"<h2><strong>Distillatore di alcol da 38 litri \u2013 Uso professionale e hobbistico<\/strong><\/h2>\n<p>Questo <strong>Distillatore di alcol da 38 litri<\/strong> \u00c8 una macchina versatile che si adatta ad entrambi <strong>hobbisti<\/strong> come utenti <strong>professionisti<\/strong>. La sua capacit\u00e0 di <strong>38 litri<\/strong> lo rende ideale per la produzione domestica di alcol, acqua distillata, oli essenziali e altri liquidi. Con il suo design in acciaio inossidabile di alta qualit\u00e0, questo distillatore garantisce durata, resistenza alla corrosione e sicurezza a contatto con gli alimenti.<\/p>\n<h3>Caratteristiche principali:<\/h3>\n<ul>\n<li><strong>Capacit\u00e0 38 litri (L).<\/strong>: Sufficiente per lotti medio-grandi, il che lo rende un&#039;opzione flessibile sia per gli utenti domestici che per le piccole produzioni commerciali.<\/li>\n<li><strong>Acciaio inossidabile per uso alimentare<\/strong>: La struttura \u00e8 realizzata in acciaio inossidabile 304, garantendo che tutti i processi siano sicuri e privi di contaminanti.<\/li>\n<li><strong>Efficiente sistema di raffreddamento<\/strong>: Il distillatore \u00e8 dotato di un sistema di condensazione che utilizza l&#039;acqua per raffreddare i vapori e trasformarli in liquidi. Questo sistema garantisce prestazioni ottimali nell&#039;estrazione del prodotto.<\/li>\n<li><strong>Versatilit\u00e0 negli usi<\/strong>: Anche se viene utilizzato principalmente per la distillazione <strong>alcol<\/strong> (come brandy, rum, vodka, whisky, ecc.), possono essere utilizzati anche per distillare <strong>acqua<\/strong>, oli essenziali e anche per l&#039;estrazione di alcoli a base di frutta ed erbe.<\/li>\n<\/ul>\n<h3>Esempi di utilizzo:<\/h3>\n<ul>\n<li><strong>distillazione di alcol<\/strong>: Adatto a coloro che desiderano creare bevande alcoliche come grappa o whisky a casa o in piccoli lotti commerciali.<\/li>\n<li><strong>distillazione dell&#039;acqua<\/strong>: Utile per produrre acqua depurata per usi o consumi industriali.<\/li>\n<li><strong>Oli essenziali<\/strong>: Consente l&#039;estrazione di oli essenziali da erbe come lavanda o eucalipto, rendendolo uno strumento popolare per <strong>industria cosmetica<\/strong> O <strong>aromaterapia<\/strong>.<\/li>\n<\/ul>\n<h3>Settori in cui pu\u00f2 essere implementato:<\/h3>\n<ul>\n<li><strong>Utenti amatoriali<\/strong>: Ideale per chi pratica la distillazione come hobby, poich\u00e9 le sue dimensioni sono maneggevoli e il suo funzionamento \u00e8 semplice.<\/li>\n<li><strong>Piccole distillerie<\/strong>: Perfetto per le distillerie boutique che necessitano di una macchina affidabile per la produzione di piccoli lotti.<\/li>\n<li><strong>Industria degli oli essenziali<\/strong>: Adatto anche per le piccole imprese che estraggono oli essenziali da piante ed erbe.<\/li>\n<li><strong>Piccole fabbriche di bevande<\/strong>: Questo distillatore pu\u00f2 essere utilizzato nella produzione di bevande alcoliche artigianali, come liquori e distillati.<\/li>\n<\/ul>","protected":false},"featured_media":6031,"comment_status":"open","ping_status":"closed","template":"","meta":{"wds_primary_product_brand":0,"wds_primary_product_cat":0},"product_brand":[],"product_cat":[54],"product_tag":[],"class_list":{"0":"post-1156","1":"product","2":"type-product","3":"status-publish","4":"has-post-thumbnail","6":"product_cat-maceracion-fermentacion","7":"product_shipping_class-hosteleria","9":"first","10":"instock","11":"sale","12":"taxable","13":"shipping-taxable","14":"purchasable","15":"product-type-simple"},"yoast_head":"<!-- This site is optimized with the Yoast SEO Premium plugin v24.9 (Yoast SEO v26.1) - https:\/\/yoast.com\/wordpress\/plugins\/seo\/ -->\n<title>Destilador alcohol de agua 38.5L - distribuci\u00f3n ARC<\/title>\n<meta name=\"robots\" content=\"index, follow, max-snippet:-1, max-image-preview:large, max-video-preview:-1\" \/>\n<link rel=\"canonical\" href=\"https:\/\/www.distribucionarc.com\/hr\/producto\/destilador-alcohol-de-agua-38-5l\/\" \/>\n<meta property=\"og:locale\" content=\"it_IT\" \/>\n<meta property=\"og:type\" content=\"article\" \/>\n<meta property=\"og:title\" content=\"Destilador alcohol de agua 38.5L\" \/>\n<meta property=\"og:description\" content=\"Destilador de alcohol de 38 litros \u2013 Uso profesional y aficionado Este destilador de alcohol de 38 litros es una m\u00e1quina vers\u00e1til que se adapta tanto a hobbyistas como a usuarios profesionales. Su capacidad de 38 litros lo hace ideal para la producci\u00f3n casera de alcohol, destilaci\u00f3n de agua, aceites esenciales y otros l\u00edquidos. Con su dise\u00f1o de acero inoxidable de alta calidad, este destilador garantiza durabilidad, resistencia a la corrosi\u00f3n y seguridad en contacto con alimentos. Caracter\u00edsticas principales:   Capacidad de 38 litros (L): Suficiente para lotes medianos a grandes, lo que lo convierte en una opci\u00f3n flexible tanto para usuarios caseros como para peque\u00f1as producciones comerciales.  Acero inoxidable de grado alimenticio: La estructura est\u00e1 fabricada en acero inoxidable 304, garantizando que todos los procesos sean seguros y libres de contaminantes.  Sistema de enfriamiento eficiente: El destilador viene con un sistema de condensaci\u00f3n que utiliza agua para enfriar los vapores y transformarlos en l\u00edquido. Este sistema asegura un rendimiento \u00f3ptimo en la extracci\u00f3n del producto.  Versatilidad en usos: Aunque es mayormente utilizado para destilar alcohol (como aguardiente, ron, vodka, whisky, etc.), tambi\u00e9n se puede utilizar para destilar agua, aceites esenciales, e incluso para la extracci\u00f3n de alcoholes a base de frutas y hierbas.  Ejemplos de uso:   Destilaci\u00f3n de alcohol: Adecuado para quienes buscan crear bebidas alcoh\u00f3licas como aguardiente o whisky en casa o en peque\u00f1os lotes comerciales.  Destilaci\u00f3n de agua: \u00datil para producir agua purificada para usos industriales o consumo.  Aceites esenciales: Permite la extracci\u00f3n de aceites esenciales a partir de hierbas como lavanda o eucalipto, lo que lo convierte en una herramienta popular para la industria cosm\u00e9tica o aromaterapia.  Sectores donde se puede implementar:   Usuarios aficionados: Ideal para personas que practican la destilaci\u00f3n como hobby, ya que su tama\u00f1o es manejable y su operaci\u00f3n sencilla.  Peque\u00f1as destiler\u00edas: Perfecto para destiler\u00edas boutique que necesitan una m\u00e1quina confiable para peque\u00f1os lotes de producci\u00f3n.  Industria de aceites esenciales: Tambi\u00e9n es adecuado para peque\u00f1as empresas que extraen aceites esenciales de plantas y hierbas.  Peque\u00f1as f\u00e1bricas de bebidas: Este destilador se puede utilizar en la producci\u00f3n de bebidas alcoh\u00f3licas artesanales, como licores y aguardientes.\" \/>\n<meta property=\"og:url\" content=\"https:\/\/www.distribucionarc.com\/hr\/producto\/destilador-alcohol-de-agua-38-5l\/\" \/>\n<meta property=\"og:site_name\" content=\"distribuci\u00f3n ARC\" \/>\n<meta property=\"article:modified_time\" content=\"2024-09-08T15:03:58+00:00\" \/>\n<meta property=\"og:image\" content=\"https:\/\/www.distribucionarc.com\/wp-content\/uploads\/2020\/07\/Destilador-alcohol-de-agua-38.5L-imagen-producto.jpg\" \/>\n\t<meta property=\"og:image:width\" content=\"1600\" \/>\n\t<meta property=\"og:image:height\" content=\"1600\" \/>\n\t<meta property=\"og:image:type\" content=\"image\/jpeg\" \/>\n<meta name=\"twitter:card\" content=\"summary_large_image\" \/>\n<meta name=\"twitter:label1\" content=\"Tempo di lettura stimato\" \/>\n\t<meta name=\"twitter:data1\" content=\"2 minuti\" \/>\n<script type=\"application\/ld+json\" class=\"yoast-schema-graph\">{\"@context\":\"https:\/\/schema.org\",\"@graph\":[{\"@type\":\"WebPage\",\"@id\":\"https:\/\/www.distribucionarc.com\/hr\/producto\/destilador-alcohol-de-agua-38-5l\/\",\"url\":\"https:\/\/www.distribucionarc.com\/hr\/producto\/destilador-alcohol-de-agua-38-5l\/\",\"name\":\"Destilador alcohol de agua 38.5L - distribuci\u00f3n ARC\",\"isPartOf\":{\"@id\":\"https:\/\/www.distribucionarc.com\/sl\/#website\"},\"primaryImageOfPage\":{\"@id\":\"https:\/\/www.distribucionarc.com\/hr\/producto\/destilador-alcohol-de-agua-38-5l\/#primaryimage\"},\"image\":{\"@id\":\"https:\/\/www.distribucionarc.com\/hr\/producto\/destilador-alcohol-de-agua-38-5l\/#primaryimage\"},\"thumbnailUrl\":\"https:\/\/distribucionarc.com\/wp-content\/uploads\/2020\/07\/Destilador-alcohol-de-agua-38.5L-imagen-producto.jpg\",\"datePublished\":\"2020-07-17T11:31:11+00:00\",\"dateModified\":\"2024-09-08T15:03:58+00:00\",\"breadcrumb\":{\"@id\":\"https:\/\/www.distribucionarc.com\/hr\/producto\/destilador-alcohol-de-agua-38-5l\/#breadcrumb\"},\"inLanguage\":\"it-IT\",\"potentialAction\":[{\"@type\":\"ReadAction\",\"target\":[\"https:\/\/www.distribucionarc.com\/hr\/producto\/destilador-alcohol-de-agua-38-5l\/\"]}]},{\"@type\":\"ImageObject\",\"inLanguage\":\"it-IT\",\"@id\":\"https:\/\/www.distribucionarc.com\/hr\/producto\/destilador-alcohol-de-agua-38-5l\/#primaryimage\",\"url\":\"https:\/\/distribucionarc.com\/wp-content\/uploads\/2020\/07\/Destilador-alcohol-de-agua-38.5L-imagen-producto.jpg\",\"contentUrl\":\"https:\/\/distribucionarc.com\/wp-content\/uploads\/2020\/07\/Destilador-alcohol-de-agua-38.5L-imagen-producto.jpg\",\"width\":1600,\"height\":1600},{\"@type\":\"BreadcrumbList\",\"@id\":\"https:\/\/www.distribucionarc.com\/hr\/producto\/destilador-alcohol-de-agua-38-5l\/#breadcrumb\",\"itemListElement\":[{\"@type\":\"ListItem\",\"position\":1,\"name\":\"Portada\",\"item\":\"https:\/\/www.distribucionarc.com\/\"},{\"@type\":\"ListItem\",\"position\":2,\"name\":\"\u00dcr\u00fcnler\",\"item\":\"https:\/\/www.distribucionarc.com\/tr\/magaza\/\"},{\"@type\":\"ListItem\",\"position\":3,\"name\":\"Destilador alcohol de agua 38.5L\"}]},{\"@type\":\"WebSite\",\"@id\":\"https:\/\/www.distribucionarc.com\/sl\/#website\",\"url\":\"https:\/\/www.distribucionarc.com\/sl\/\",\"name\":\"distribuci\u00f3n ARC\",\"description\":\"Empresa especializada en la fabricaci\u00f3n y distribuci\u00f3n de maquinaria industrial, selladoras de latas, Maquinas de hacer pastillas, Maquinas de cortar carne...\",\"publisher\":{\"@id\":\"https:\/\/www.distribucionarc.com\/sl\/#organization\"},\"potentialAction\":[{\"@type\":\"SearchAction\",\"target\":{\"@type\":\"EntryPoint\",\"urlTemplate\":\"https:\/\/www.distribucionarc.com\/sl\/?s={search_term_string}\"},\"query-input\":{\"@type\":\"PropertyValueSpecification\",\"valueRequired\":true,\"valueName\":\"search_term_string\"}}],\"inLanguage\":\"it-IT\"},{\"@type\":\"Organization\",\"@id\":\"https:\/\/www.distribucionarc.com\/sl\/#organization\",\"name\":\"Distribuci\u00f3n ARC\",\"url\":\"https:\/\/www.distribucionarc.com\/sl\/\",\"logo\":{\"@type\":\"ImageObject\",\"inLanguage\":\"it-IT\",\"@id\":\"https:\/\/www.distribucionarc.com\/sl\/#\/schema\/logo\/image\/\",\"url\":\"https:\/\/distribucionarc.com\/wp-content\/uploads\/2024\/10\/distribucion-ARC-COLOR-SIN-FONDO-e1732295305345.png\",\"contentUrl\":\"https:\/\/distribucionarc.com\/wp-content\/uploads\/2024\/10\/distribucion-ARC-COLOR-SIN-FONDO-e1732295305345.png\",\"width\":1164,\"height\":558,\"caption\":\"Distribuci\u00f3n ARC\"},\"image\":{\"@id\":\"https:\/\/www.distribucionarc.com\/sl\/#\/schema\/logo\/image\/\"},\"description\":\"Empresa especializada en la fabricaci\u00f3n y distribuci\u00f3n de maquinaria industrial para los sectores alimentario y farmac\u00e9utico. Nos especializamos en: M\u00e1quinas de cortar carne Fabricaci\u00f3n de comprimidos Sistemas de transporte industrial L\u00edneas de embotellado Dosificadores Y mucho m\u00e1s... Ofrecemos soluciones innovadoras y personalizadas para optimizar los procesos productivos de tu empresa.\",\"email\":\"Admistracion@distribucionarc.com\",\"telephone\":\"+34 643496664\",\"legalName\":\"ARC TECH SOLUTIONS\",\"foundingDate\":\"2024-04-09\",\"vatID\":\"B55480172\",\"numberOfEmployees\":{\"@type\":\"QuantitativeValue\",\"minValue\":\"1\",\"maxValue\":\"10\"}}]}<\/script>\n<!-- \/ Yoast SEO Premium plugin. -->","yoast_head_json":{"title":"Distillatore acqua-alcool da 38,5 L - distribuzione ARC","robots":{"index":"index","follow":"follow","max-snippet":"max-snippet:-1","max-image-preview":"max-image-preview:large","max-video-preview":"max-video-preview:-1"},"canonical":"https:\/\/www.distribucionarc.com\/hr\/producto\/destilador-alcohol-de-agua-38-5l\/","og_locale":"it_IT","og_type":"article","og_title":"Destilador alcohol de agua 38.5L","og_description":"Destilador de alcohol de 38 litros \u2013 Uso profesional y aficionado Este destilador de alcohol de 38 litros es una m\u00e1quina vers\u00e1til que se adapta tanto a hobbyistas como a usuarios profesionales. Su capacidad de 38 litros lo hace ideal para la producci\u00f3n casera de alcohol, destilaci\u00f3n de agua, aceites esenciales y otros l\u00edquidos. Con su dise\u00f1o de acero inoxidable de alta calidad, este destilador garantiza durabilidad, resistencia a la corrosi\u00f3n y seguridad en contacto con alimentos. Caracter\u00edsticas principales:   Capacidad de 38 litros (L): Suficiente para lotes medianos a grandes, lo que lo convierte en una opci\u00f3n flexible tanto para usuarios caseros como para peque\u00f1as producciones comerciales.  Acero inoxidable de grado alimenticio: La estructura est\u00e1 fabricada en acero inoxidable 304, garantizando que todos los procesos sean seguros y libres de contaminantes.  Sistema de enfriamiento eficiente: El destilador viene con un sistema de condensaci\u00f3n que utiliza agua para enfriar los vapores y transformarlos en l\u00edquido. Este sistema asegura un rendimiento \u00f3ptimo en la extracci\u00f3n del producto.  Versatilidad en usos: Aunque es mayormente utilizado para destilar alcohol (como aguardiente, ron, vodka, whisky, etc.), tambi\u00e9n se puede utilizar para destilar agua, aceites esenciales, e incluso para la extracci\u00f3n de alcoholes a base de frutas y hierbas.  Ejemplos de uso:   Destilaci\u00f3n de alcohol: Adecuado para quienes buscan crear bebidas alcoh\u00f3licas como aguardiente o whisky en casa o en peque\u00f1os lotes comerciales.  Destilaci\u00f3n de agua: \u00datil para producir agua purificada para usos industriales o consumo.  Aceites esenciales: Permite la extracci\u00f3n de aceites esenciales a partir de hierbas como lavanda o eucalipto, lo que lo convierte en una herramienta popular para la industria cosm\u00e9tica o aromaterapia.  Sectores donde se puede implementar:   Usuarios aficionados: Ideal para personas que practican la destilaci\u00f3n como hobby, ya que su tama\u00f1o es manejable y su operaci\u00f3n sencilla.  Peque\u00f1as destiler\u00edas: Perfecto para destiler\u00edas boutique que necesitan una m\u00e1quina confiable para peque\u00f1os lotes de producci\u00f3n.  Industria de aceites esenciales: Tambi\u00e9n es adecuado para peque\u00f1as empresas que extraen aceites esenciales de plantas y hierbas.  Peque\u00f1as f\u00e1bricas de bebidas: Este destilador se puede utilizar en la producci\u00f3n de bebidas alcoh\u00f3licas artesanales, como licores y aguardientes.","og_url":"https:\/\/www.distribucionarc.com\/hr\/producto\/destilador-alcohol-de-agua-38-5l\/","og_site_name":"distribuci\u00f3n ARC","article_modified_time":"2024-09-08T15:03:58+00:00","og_image":[{"width":1600,"height":1600,"url":"https:\/\/www.distribucionarc.com\/wp-content\/uploads\/2020\/07\/Destilador-alcohol-de-agua-38.5L-imagen-producto.jpg","type":"image\/jpeg"}],"twitter_card":"summary_large_image","twitter_misc":{"Tempo di lettura stimato":"2 minuti"},"schema":{"@context":"https:\/\/schema.org","@graph":[{"@type":"WebPage","@id":"https:\/\/www.distribucionarc.com\/hr\/producto\/destilador-alcohol-de-agua-38-5l\/","url":"https:\/\/www.distribucionarc.com\/hr\/producto\/destilador-alcohol-de-agua-38-5l\/","name":"Distillatore acqua-alcool da 38,5 L - distribuzione ARC","isPartOf":{"@id":"https:\/\/www.distribucionarc.com\/sl\/#website"},"primaryImageOfPage":{"@id":"https:\/\/www.distribucionarc.com\/hr\/producto\/destilador-alcohol-de-agua-38-5l\/#primaryimage"},"image":{"@id":"https:\/\/www.distribucionarc.com\/hr\/producto\/destilador-alcohol-de-agua-38-5l\/#primaryimage"},"thumbnailUrl":"https:\/\/distribucionarc.com\/wp-content\/uploads\/2020\/07\/Destilador-alcohol-de-agua-38.5L-imagen-producto.jpg","datePublished":"2020-07-17T11:31:11+00:00","dateModified":"2024-09-08T15:03:58+00:00","breadcrumb":{"@id":"https:\/\/www.distribucionarc.com\/hr\/producto\/destilador-alcohol-de-agua-38-5l\/#breadcrumb"},"inLanguage":"it-IT","potentialAction":[{"@type":"ReadAction","target":["https:\/\/www.distribucionarc.com\/hr\/producto\/destilador-alcohol-de-agua-38-5l\/"]}]},{"@type":"ImageObject","inLanguage":"it-IT","@id":"https:\/\/www.distribucionarc.com\/hr\/producto\/destilador-alcohol-de-agua-38-5l\/#primaryimage","url":"https:\/\/distribucionarc.com\/wp-content\/uploads\/2020\/07\/Destilador-alcohol-de-agua-38.5L-imagen-producto.jpg","contentUrl":"https:\/\/distribucionarc.com\/wp-content\/uploads\/2020\/07\/Destilador-alcohol-de-agua-38.5L-imagen-producto.jpg","width":1600,"height":1600},{"@type":"BreadcrumbList","@id":"https:\/\/www.distribucionarc.com\/hr\/producto\/destilador-alcohol-de-agua-38-5l\/#breadcrumb","itemListElement":[{"@type":"ListItem","position":1,"name":"Portada","item":"https:\/\/www.distribucionarc.com\/"},{"@type":"ListItem","position":2,"name":"\u00dcr\u00fcnler","item":"https:\/\/www.distribucionarc.com\/tr\/magaza\/"},{"@type":"ListItem","position":3,"name":"Destilador alcohol de agua 38.5L"}]},{"@type":"WebSite","@id":"https:\/\/www.distribucionarc.com\/sl\/#website","url":"https:\/\/www.distribucionarc.com\/sl\/","name":"Distribuzione dell&#039;ARCO","description":"Azienda specializzata nella produzione e distribuzione di macchinari industriali, macchine sigillatrici di lattine, macchine per la produzione di compresse, macchine per il taglio della carne...","publisher":{"@id":"https:\/\/www.distribucionarc.com\/sl\/#organization"},"potentialAction":[{"@type":"SearchAction","target":{"@type":"EntryPoint","urlTemplate":"https:\/\/www.distribucionarc.com\/sl\/?s={search_term_string}"},"query-input":{"@type":"PropertyValueSpecification","valueRequired":true,"valueName":"search_term_string"}}],"inLanguage":"it-IT"},{"@type":"Organization","@id":"https:\/\/www.distribucionarc.com\/sl\/#organization","name":"Distribuzione dell&#039;ARC","url":"https:\/\/www.distribucionarc.com\/sl\/","logo":{"@type":"ImageObject","inLanguage":"it-IT","@id":"https:\/\/www.distribucionarc.com\/sl\/#\/schema\/logo\/image\/","url":"https:\/\/distribucionarc.com\/wp-content\/uploads\/2024\/10\/distribucion-ARC-COLOR-SIN-FONDO-e1732295305345.png","contentUrl":"https:\/\/distribucionarc.com\/wp-content\/uploads\/2024\/10\/distribucion-ARC-COLOR-SIN-FONDO-e1732295305345.png","width":1164,"height":558,"caption":"Distribuci\u00f3n ARC"},"image":{"@id":"https:\/\/www.distribucionarc.com\/sl\/#\/schema\/logo\/image\/"},"description":"Azienda specializzata nella produzione e distribuzione di macchinari industriali per il settore alimentare e farmaceutico. Siamo specializzati in: Macchine per il taglio della carne Produzione di compresse Sistemi di trasporto industriale Linee di imbottigliamento Dispenser E molto altro ancora... Offriamo soluzioni innovative e personalizzate per ottimizzare i processi produttivi della vostra azienda.","email":"Admistracion@distribucionarc.com","telephone":"+34 643496664","legalName":"ARC TECH SOLUTIONS","foundingDate":"2024-04-09","vatID":"B55480172","numberOfEmployees":{"@type":"QuantitativeValue","minValue":"1","maxValue":"10"}}]}},"_links":{"self":[{"href":"https:\/\/distribucionarc.com\/it\/wp-json\/wp\/v2\/product\/1156","targetHints":{"allow":["GET"]}}],"collection":[{"href":"https:\/\/distribucionarc.com\/it\/wp-json\/wp\/v2\/product"}],"about":[{"href":"https:\/\/distribucionarc.com\/it\/wp-json\/wp\/v2\/types\/product"}],"replies":[{"embeddable":true,"href":"https:\/\/distribucionarc.com\/it\/wp-json\/wp\/v2\/comments?post=1156"}],"version-history":[{"count":0,"href":"https:\/\/distribucionarc.com\/it\/wp-json\/wp\/v2\/product\/1156\/revisions"}],"wp:featuredmedia":[{"embeddable":true,"href":"https:\/\/distribucionarc.com\/it\/wp-json\/wp\/v2\/media\/6031"}],"wp:attachment":[{"href":"https:\/\/distribucionarc.com\/it\/wp-json\/wp\/v2\/media?parent=1156"}],"wp:term":[{"taxonomy":"product_brand","embeddable":true,"href":"https:\/\/distribucionarc.com\/it\/wp-json\/wp\/v2\/product_brand?post=1156"},{"taxonomy":"product_cat","embeddable":true,"href":"https:\/\/distribucionarc.com\/it\/wp-json\/wp\/v2\/product_cat?post=1156"},{"taxonomy":"product_tag","embeddable":true,"href":"https:\/\/distribucionarc.com\/it\/wp-json\/wp\/v2\/product_tag?post=1156"}],"curies":[{"name":"wp","href":"https:\/\/api.w.org\/{rel}","templated":true}]}}