{"id":1222,"date":"2020-07-29T12:13:13","date_gmt":"2020-07-29T12:13:13","guid":{"rendered":"https:\/\/distribucionarc.com\/?post_type=product&#038;p=1222"},"modified":"2023-06-04T18:46:28","modified_gmt":"2023-06-04T18:46:28","slug":"frullatore-elettrico-professionale","status":"publish","type":"product","link":"https:\/\/distribucionarc.com\/it\/producto\/batidora-electrica-profesional\/","title":{"rendered":"Miscelatore elettrico professionale"},"content":{"rendered":"<h3>Miscelatore elettrico in acciaio inox da 1 litro<\/h3>\n<p>Nostro <strong>miscelatore elettrico <span style=\"color: #ff0000;\">A<\/span><span style=\"color: #0000ff;\">R<\/span>CBEP1<\/strong> \u00c8 ideale per preparare frullati, frapp\u00e8 e cocktail. La sua velocit\u00e0 lo rende un dispositivo perfetto per bar, ristoranti, caff\u00e8, ecc.<\/p>\n<p>IL <strong>miscelatore elettrico <span style=\"color: #ff0000;\">A<\/span><span style=\"color: #0000ff;\">R<\/span>C<\/strong> \u00c8 realizzato in acciaio inossidabile di alta qualit\u00e0, questo <strong>miscelatore<\/strong> Ha un design elegante, oltre a distinguersi per la sua robustezza e durata. Dispone di due livelli di velocit\u00e0 per soddisfare le diverse esigenze di cottura. La tazza in acciaio inossidabile ha una capacit\u00e0 di 0,7 litri ed \u00e8 dotata di una scala sulla superficie per poter misurare facilmente e comodamente. I piedini in gomma antiscivolo aumentano la stabilit\u00e0 del mixer.<\/p>\n<p>Con questo <strong>miscelatore elettrico <span style=\"color: #ff0000;\">A<\/span><span style=\"color: #0000ff;\">R<\/span>C<\/strong> Per un uso professionale o amatoriale avr\u00e0 risultati ottimali grazie alla sua velocit\u00e0 e potenza.<\/p>\n<h6><strong>Garanzia\u00a0<span style=\"color: #ff0000;\">A<\/span><span style=\"color: #0000ff;\">R<\/span>C<\/strong><strong>\u00a02 ANNI<\/strong><\/h6>\n<h6><span style=\"color: #008000;\">Miscelatore elettrico efficiente, basso consumo 160w<\/span><\/h6>\n<h6><strong>supporto tecnico incluso<\/strong><\/h6>\n<p>&nbsp;<\/p>\n<table role=\"presentation\" width=\"100%\" cellspacing=\"0\" cellpadding=\"0\">\n<tbody>\n<tr>\n<td class=\"attrLabels\">Velocit\u00e0:<\/td>\n<td width=\"50.0%\">Da 9.000 a 13.000 giri\/min<\/td>\n<\/tr>\n<tr>\n<td class=\"attrLabels\">Paese di distribuzione:<\/td>\n<td width=\"50.0%\">Spagna, Germania, Stati Uniti<\/td>\n<td class=\"attrLabels\">Peso:<\/td>\n<td width=\"50.0%\">4 kg<\/td>\n<\/tr>\n<tr>\n<td class=\"attrLabels\">Marca:<\/td>\n<td width=\"50.0%\">ARCO<\/td>\n<td class=\"attrLabels\">Altezza:<\/td>\n<td width=\"50.0%\">52 cm<\/td>\n<\/tr>\n<tr>\n<td class=\"attrLabels\">Colore:<\/td>\n<td width=\"50.0%\">Argento<\/td>\n<td class=\"attrLabels\">Lungo:<\/td>\n<td width=\"50.0%\">18,5 cm<\/td>\n<\/tr>\n<tr>\n<td class=\"attrLabels\">Tipo di prodotto:<\/td>\n<td width=\"50.0%\">Miscelatore elettrico professionale<\/td>\n<td class=\"attrLabels\">Ampio:<\/td>\n<td width=\"50.0%\">18,5 cm<\/td>\n<\/tr>\n<tr>\n<td class=\"attrLabels\">Numero del produttore:<\/td>\n<td width=\"50.0%\">ARCBEP1<\/td>\n<td class=\"attrLabels\">Energia:<\/td>\n<td width=\"50.0%\">160 W<\/td>\n<\/tr>\n<tr>\n<td class=\"attrLabels\">Materiale:<\/td>\n<td width=\"50.0%\">acciaio inossidabile, completamente automatico<\/td>\n<td class=\"attrLabels\">tensione di ingresso<\/td>\n<td width=\"50.0%\">220 V \u2013 60 Hz<\/td>\n<\/tr>\n<tr>\n<td class=\"attrLabels\">Capacit\u00e0 del bicchiere:<\/td>\n<td width=\"50.0%\">700 ml<\/td>\n<td class=\"attrLabels\">Garanzia:<\/td>\n<td width=\"50.0%\">2 ANNI<\/td>\n<\/tr>\n<tr>\n<td class=\"attrLabels\">Strumenti di installazione:<\/td>\n<td width=\"50.0%\">S\u00ec<\/td>\n<td class=\"attrLabels\">Produzione:<\/td>\n<td width=\"50.0%\">Da 1 a 2 minuti per frullato<\/td>\n<\/tr>\n<\/tbody>\n<\/table>","protected":false},"excerpt":{"rendered":"<h2>Miscelatore elettrico in acciaio inox da 1 litro<\/h2>\n<p>Con il <strong>sbattitore elettrico professionale <span style=\"color: #ff0000;\">A<\/span><span style=\"color: #0000ff;\">R<\/span>C<\/strong> Puoi preparare frullati, frullati, cocktail, ecc. Risparmia tempo ed energia grazie al motore di ultima generazione<\/p>\n<p>IL <strong>miscelatore elettrico <span style=\"color: #ff0000;\">A<\/span><span style=\"color: #0000ff;\">R<\/span>CBEP1<\/strong>\u00a0\u00c8 realizzato in acciaio inossidabile di alta qualit\u00e0, questo <strong>miscelatore<\/strong> Ha un design elegante, oltre a distinguersi per la sua robustezza e durata. La tazza in acciaio inossidabile ha una capacit\u00e0 di 0,7 litri ed \u00e8 dotata di una scala sulla superficie per poter misurare facilmente e comodamente.<\/p>\n<h6><strong>Garanzia\u00a0<span style=\"color: #ff0000;\">A<\/span><span style=\"color: #0000ff;\">R<\/span>C<\/strong><strong>\u00a02 ANNI<\/strong><\/h6>\n<h6><span style=\"color: #008000;\">Miscelatore elettrico efficiente, basso consumo 160w<\/span><\/h6>\n<h6><strong>supporto tecnico incluso<\/strong><\/h6>\n<p>&nbsp;<\/p>\n<p>&nbsp;<\/p>","protected":false},"featured_media":1701,"comment_status":"open","ping_status":"closed","template":"","meta":{"wds_primary_product_brand":0,"wds_primary_product_cat":0},"product_brand":[],"product_cat":[56],"product_tag":[],"class_list":{"0":"post-1222","1":"product","2":"type-product","3":"status-publish","4":"has-post-thumbnail","6":"product_cat-maquinaria-para-ferias","7":"product_shipping_class-hosteleria","9":"first","10":"instock","11":"taxable","12":"shipping-taxable","13":"purchasable","14":"product-type-simple"},"yoast_head":"<!-- This site is optimized with the Yoast SEO Premium plugin v24.9 (Yoast SEO v26.1) - https:\/\/yoast.com\/wordpress\/plugins\/seo\/ -->\n<title>Batidora el\u00e9ctrica profesional - distribuci\u00f3n ARC<\/title>\n<meta name=\"robots\" content=\"index, follow, max-snippet:-1, max-image-preview:large, max-video-preview:-1\" \/>\n<link rel=\"canonical\" href=\"https:\/\/distribucionarc.com\/it\/prodotto\/frullatore-elettrico-professionale\/\" \/>\n<meta property=\"og:locale\" content=\"it_IT\" \/>\n<meta property=\"og:type\" content=\"article\" \/>\n<meta property=\"og:title\" content=\"Batidora el\u00e9ctrica profesional\" \/>\n<meta property=\"og:description\" content=\"Batidora el\u00e9ctrica acero inox 1L Con la batidora el\u00e9ctrica profesional ARC podr\u00e1s realizar batidos, smoothies, cocktails etc. Ahorra en tiempo y energ\u00eda gracias a su motor de \u00faltima generaci\u00f3n  La batidora el\u00e9ctrica de ARCBEP1\u00a0est\u00e1 hecha de acero inoxidable de alta calidad, esta licuadora tiene un dise\u00f1o elegante, al igual que tambi\u00e9n destaca por su robustez y durabilidad. El vaso de acero inoxidable tiene una capacidad de 0.7 litros y cuenta con una escala en la superficie para que pueda medir f\u00e1cil y c\u00f3modamente. Garant\u00eda\u00a0ARC\u00a02 A\u00d1OS Batidora el\u00e9ctrica eficiente, bajo consumo 160w soporte t\u00e9cnico incluido &nbsp;  &nbsp;\" \/>\n<meta property=\"og:url\" content=\"https:\/\/distribucionarc.com\/it\/prodotto\/frullatore-elettrico-professionale\/\" \/>\n<meta property=\"og:site_name\" content=\"distribuci\u00f3n ARC\" \/>\n<meta property=\"article:modified_time\" content=\"2023-06-04T18:46:28+00:00\" \/>\n<meta property=\"og:image\" content=\"https:\/\/distribucionarc.com\/wp-content\/uploads\/2020\/07\/Batidora-el\u00e9ctrica-profesional-0.jpg\" \/>\n\t<meta property=\"og:image:width\" content=\"1600\" \/>\n\t<meta property=\"og:image:height\" content=\"1600\" \/>\n\t<meta property=\"og:image:type\" content=\"image\/jpeg\" \/>\n<meta name=\"twitter:card\" content=\"summary_large_image\" \/>\n<meta name=\"twitter:label1\" content=\"Tempo di lettura stimato\" \/>\n\t<meta name=\"twitter:data1\" content=\"1 minuto\" \/>\n<script type=\"application\/ld+json\" class=\"yoast-schema-graph\">{\"@context\":\"https:\/\/schema.org\",\"@graph\":[{\"@type\":\"WebPage\",\"@id\":\"https:\/\/distribucionarc.com\/producto\/batidora-electrica-profesional\/\",\"url\":\"https:\/\/distribucionarc.com\/producto\/batidora-electrica-profesional\/\",\"name\":\"Batidora el\u00e9ctrica profesional - distribuci\u00f3n ARC\",\"isPartOf\":{\"@id\":\"https:\/\/distribucionarc.com\/ar\/#website\"},\"primaryImageOfPage\":{\"@id\":\"https:\/\/distribucionarc.com\/producto\/batidora-electrica-profesional\/#primaryimage\"},\"image\":{\"@id\":\"https:\/\/distribucionarc.com\/producto\/batidora-electrica-profesional\/#primaryimage\"},\"thumbnailUrl\":\"https:\/\/distribucionarc.com\/wp-content\/uploads\/2020\/07\/Batidora-el\u00e9ctrica-profesional-0.jpg\",\"datePublished\":\"2020-07-29T12:13:13+00:00\",\"dateModified\":\"2023-06-04T18:46:28+00:00\",\"breadcrumb\":{\"@id\":\"https:\/\/distribucionarc.com\/producto\/batidora-electrica-profesional\/#breadcrumb\"},\"inLanguage\":\"it-IT\",\"potentialAction\":[{\"@type\":\"ReadAction\",\"target\":[\"https:\/\/distribucionarc.com\/producto\/batidora-electrica-profesional\/\"]}]},{\"@type\":\"ImageObject\",\"inLanguage\":\"it-IT\",\"@id\":\"https:\/\/distribucionarc.com\/producto\/batidora-electrica-profesional\/#primaryimage\",\"url\":\"https:\/\/distribucionarc.com\/wp-content\/uploads\/2020\/07\/Batidora-el\u00e9ctrica-profesional-0.jpg\",\"contentUrl\":\"https:\/\/distribucionarc.com\/wp-content\/uploads\/2020\/07\/Batidora-el\u00e9ctrica-profesional-0.jpg\",\"width\":1600,\"height\":1600,\"caption\":\"Batidora el\u00e9ctrica profesional\"},{\"@type\":\"BreadcrumbList\",\"@id\":\"https:\/\/distribucionarc.com\/producto\/batidora-electrica-profesional\/#breadcrumb\",\"itemListElement\":[{\"@type\":\"ListItem\",\"position\":1,\"name\":\"Portada\",\"item\":\"https:\/\/www.distribucionarc.com\/pt\/\"},{\"@type\":\"ListItem\",\"position\":2,\"name\":\"Produtos\",\"item\":\"https:\/\/www.distribucionarc.com\/pt\/shop\/\"},{\"@type\":\"ListItem\",\"position\":3,\"name\":\"Batidora el\u00e9ctrica profesional\"}]},{\"@type\":\"WebSite\",\"@id\":\"https:\/\/distribucionarc.com\/ar\/#website\",\"url\":\"https:\/\/distribucionarc.com\/ar\/\",\"name\":\"distribuci\u00f3n ARC\",\"description\":\"Empresa especializada en la fabricaci\u00f3n y distribuci\u00f3n de maquinaria industrial, selladoras de latas, Maquinas de hacer pastillas, Maquinas de cortar carne...\",\"publisher\":{\"@id\":\"https:\/\/distribucionarc.com\/ar\/#organization\"},\"potentialAction\":[{\"@type\":\"SearchAction\",\"target\":{\"@type\":\"EntryPoint\",\"urlTemplate\":\"https:\/\/distribucionarc.com\/ar\/?s={search_term_string}\"},\"query-input\":{\"@type\":\"PropertyValueSpecification\",\"valueRequired\":true,\"valueName\":\"search_term_string\"}}],\"inLanguage\":\"it-IT\"},{\"@type\":\"Organization\",\"@id\":\"https:\/\/distribucionarc.com\/ar\/#organization\",\"name\":\"Distribuci\u00f3n ARC\",\"url\":\"https:\/\/distribucionarc.com\/ar\/\",\"logo\":{\"@type\":\"ImageObject\",\"inLanguage\":\"it-IT\",\"@id\":\"https:\/\/distribucionarc.com\/ar\/#\/schema\/logo\/image\/\",\"url\":\"https:\/\/distribucionarc.com\/wp-content\/uploads\/2024\/10\/distribucion-ARC-COLOR-SIN-FONDO-e1732295305345.png\",\"contentUrl\":\"https:\/\/distribucionarc.com\/wp-content\/uploads\/2024\/10\/distribucion-ARC-COLOR-SIN-FONDO-e1732295305345.png\",\"width\":1164,\"height\":558,\"caption\":\"Distribuci\u00f3n ARC\"},\"image\":{\"@id\":\"https:\/\/distribucionarc.com\/ar\/#\/schema\/logo\/image\/\"},\"description\":\"Empresa especializada en la fabricaci\u00f3n y distribuci\u00f3n de maquinaria industrial para los sectores alimentario y farmac\u00e9utico. Nos especializamos en: M\u00e1quinas de cortar carne Fabricaci\u00f3n de comprimidos Sistemas de transporte industrial L\u00edneas de embotellado Dosificadores Y mucho m\u00e1s... Ofrecemos soluciones innovadoras y personalizadas para optimizar los procesos productivos de tu empresa.\",\"email\":\"Admistracion@distribucionarc.com\",\"telephone\":\"+34 643496664\",\"legalName\":\"ARC TECH SOLUTIONS\",\"foundingDate\":\"2024-04-09\",\"vatID\":\"B55480172\",\"numberOfEmployees\":{\"@type\":\"QuantitativeValue\",\"minValue\":\"1\",\"maxValue\":\"10\"}}]}<\/script>\n<!-- \/ Yoast SEO Premium plugin. -->","yoast_head_json":{"title":"Miscelatore elettrico professionale - distribuzione ARC","robots":{"index":"index","follow":"follow","max-snippet":"max-snippet:-1","max-image-preview":"max-image-preview:large","max-video-preview":"max-video-preview:-1"},"canonical":"https:\/\/distribucionarc.com\/it\/prodotto\/frullatore-elettrico-professionale\/","og_locale":"it_IT","og_type":"article","og_title":"Batidora el\u00e9ctrica profesional","og_description":"Batidora el\u00e9ctrica acero inox 1L Con la batidora el\u00e9ctrica profesional ARC podr\u00e1s realizar batidos, smoothies, cocktails etc. Ahorra en tiempo y energ\u00eda gracias a su motor de \u00faltima generaci\u00f3n  La batidora el\u00e9ctrica de ARCBEP1\u00a0est\u00e1 hecha de acero inoxidable de alta calidad, esta licuadora tiene un dise\u00f1o elegante, al igual que tambi\u00e9n destaca por su robustez y durabilidad. El vaso de acero inoxidable tiene una capacidad de 0.7 litros y cuenta con una escala en la superficie para que pueda medir f\u00e1cil y c\u00f3modamente. Garant\u00eda\u00a0ARC\u00a02 A\u00d1OS Batidora el\u00e9ctrica eficiente, bajo consumo 160w soporte t\u00e9cnico incluido &nbsp;  &nbsp;","og_url":"https:\/\/distribucionarc.com\/it\/prodotto\/frullatore-elettrico-professionale\/","og_site_name":"distribuci\u00f3n ARC","article_modified_time":"2023-06-04T18:46:28+00:00","og_image":[{"width":1600,"height":1600,"url":"https:\/\/distribucionarc.com\/wp-content\/uploads\/2020\/07\/Batidora-el\u00e9ctrica-profesional-0.jpg","type":"image\/jpeg"}],"twitter_card":"summary_large_image","twitter_misc":{"Tempo di lettura stimato":"1 minuto"},"schema":{"@context":"https:\/\/schema.org","@graph":[{"@type":"WebPage","@id":"https:\/\/distribucionarc.com\/producto\/batidora-electrica-profesional\/","url":"https:\/\/distribucionarc.com\/producto\/batidora-electrica-profesional\/","name":"Miscelatore elettrico professionale - distribuzione ARC","isPartOf":{"@id":"https:\/\/distribucionarc.com\/ar\/#website"},"primaryImageOfPage":{"@id":"https:\/\/distribucionarc.com\/producto\/batidora-electrica-profesional\/#primaryimage"},"image":{"@id":"https:\/\/distribucionarc.com\/producto\/batidora-electrica-profesional\/#primaryimage"},"thumbnailUrl":"https:\/\/distribucionarc.com\/wp-content\/uploads\/2020\/07\/Batidora-el\u00e9ctrica-profesional-0.jpg","datePublished":"2020-07-29T12:13:13+00:00","dateModified":"2023-06-04T18:46:28+00:00","breadcrumb":{"@id":"https:\/\/distribucionarc.com\/producto\/batidora-electrica-profesional\/#breadcrumb"},"inLanguage":"it-IT","potentialAction":[{"@type":"ReadAction","target":["https:\/\/distribucionarc.com\/producto\/batidora-electrica-profesional\/"]}]},{"@type":"ImageObject","inLanguage":"it-IT","@id":"https:\/\/distribucionarc.com\/producto\/batidora-electrica-profesional\/#primaryimage","url":"https:\/\/distribucionarc.com\/wp-content\/uploads\/2020\/07\/Batidora-el\u00e9ctrica-profesional-0.jpg","contentUrl":"https:\/\/distribucionarc.com\/wp-content\/uploads\/2020\/07\/Batidora-el\u00e9ctrica-profesional-0.jpg","width":1600,"height":1600,"caption":"Batidora el\u00e9ctrica profesional"},{"@type":"BreadcrumbList","@id":"https:\/\/distribucionarc.com\/producto\/batidora-electrica-profesional\/#breadcrumb","itemListElement":[{"@type":"ListItem","position":1,"name":"Portada","item":"https:\/\/www.distribucionarc.com\/pt\/"},{"@type":"ListItem","position":2,"name":"Produtos","item":"https:\/\/www.distribucionarc.com\/pt\/shop\/"},{"@type":"ListItem","position":3,"name":"Batidora el\u00e9ctrica profesional"}]},{"@type":"WebSite","@id":"https:\/\/distribucionarc.com\/ar\/#website","url":"https:\/\/distribucionarc.com\/ar\/","name":"Distribuzione dell&#039;ARCO","description":"Azienda specializzata nella produzione e distribuzione di macchinari industriali, macchine sigillatrici di lattine, macchine per la produzione di compresse, macchine per il taglio della carne...","publisher":{"@id":"https:\/\/distribucionarc.com\/ar\/#organization"},"potentialAction":[{"@type":"SearchAction","target":{"@type":"EntryPoint","urlTemplate":"https:\/\/distribucionarc.com\/ar\/?s={search_term_string}"},"query-input":{"@type":"PropertyValueSpecification","valueRequired":true,"valueName":"search_term_string"}}],"inLanguage":"it-IT"},{"@type":"Organization","@id":"https:\/\/distribucionarc.com\/ar\/#organization","name":"Distribuzione dell&#039;ARC","url":"https:\/\/distribucionarc.com\/ar\/","logo":{"@type":"ImageObject","inLanguage":"it-IT","@id":"https:\/\/distribucionarc.com\/ar\/#\/schema\/logo\/image\/","url":"https:\/\/distribucionarc.com\/wp-content\/uploads\/2024\/10\/distribucion-ARC-COLOR-SIN-FONDO-e1732295305345.png","contentUrl":"https:\/\/distribucionarc.com\/wp-content\/uploads\/2024\/10\/distribucion-ARC-COLOR-SIN-FONDO-e1732295305345.png","width":1164,"height":558,"caption":"Distribuci\u00f3n ARC"},"image":{"@id":"https:\/\/distribucionarc.com\/ar\/#\/schema\/logo\/image\/"},"description":"Azienda specializzata nella produzione e distribuzione di macchinari industriali per il settore alimentare e farmaceutico. Siamo specializzati in: Macchine per il taglio della carne Produzione di compresse Sistemi di trasporto industriale Linee di imbottigliamento Dispenser E molto altro ancora... Offriamo soluzioni innovative e personalizzate per ottimizzare i processi produttivi della vostra azienda.","email":"Admistracion@distribucionarc.com","telephone":"+34 643496664","legalName":"ARC TECH SOLUTIONS","foundingDate":"2024-04-09","vatID":"B55480172","numberOfEmployees":{"@type":"QuantitativeValue","minValue":"1","maxValue":"10"}}]}},"_links":{"self":[{"href":"https:\/\/distribucionarc.com\/it\/wp-json\/wp\/v2\/product\/1222","targetHints":{"allow":["GET"]}}],"collection":[{"href":"https:\/\/distribucionarc.com\/it\/wp-json\/wp\/v2\/product"}],"about":[{"href":"https:\/\/distribucionarc.com\/it\/wp-json\/wp\/v2\/types\/product"}],"replies":[{"embeddable":true,"href":"https:\/\/distribucionarc.com\/it\/wp-json\/wp\/v2\/comments?post=1222"}],"version-history":[{"count":0,"href":"https:\/\/distribucionarc.com\/it\/wp-json\/wp\/v2\/product\/1222\/revisions"}],"wp:featuredmedia":[{"embeddable":true,"href":"https:\/\/distribucionarc.com\/it\/wp-json\/wp\/v2\/media\/1701"}],"wp:attachment":[{"href":"https:\/\/distribucionarc.com\/it\/wp-json\/wp\/v2\/media?parent=1222"}],"wp:term":[{"taxonomy":"product_brand","embeddable":true,"href":"https:\/\/distribucionarc.com\/it\/wp-json\/wp\/v2\/product_brand?post=1222"},{"taxonomy":"product_cat","embeddable":true,"href":"https:\/\/distribucionarc.com\/it\/wp-json\/wp\/v2\/product_cat?post=1222"},{"taxonomy":"product_tag","embeddable":true,"href":"https:\/\/distribucionarc.com\/it\/wp-json\/wp\/v2\/product_tag?post=1222"}],"curies":[{"name":"wp","href":"https:\/\/api.w.org\/{rel}","templated":true}]}}