{"id":1263,"date":"2020-07-20T13:17:24","date_gmt":"2020-07-20T13:17:24","guid":{"rendered":"https:\/\/distribucionarc.com\/?post_type=product&#038;p=1263"},"modified":"2024-09-08T22:32:59","modified_gmt":"2024-09-08T22:32:59","slug":"macchina-per-fare-gelato-morbido-12l","status":"publish","type":"product","link":"https:\/\/distribucionarc.com\/it\/producto\/maquina-para-hacer-helados-suaves-12l\/","title":{"rendered":"Gelatiera cremosa da 12 litri"},"content":{"rendered":"<h3>Gelatiera cremosa da 12 litri<\/h3>\n<p><strong>La macchina per il gelato<\/strong> Di <strong><span style=\"color: #ff0000;\">A<\/span><span style=\"color: #0000ff;\">R<\/span>C<\/strong> \u00c8 ampiamente applicato in ristoranti, caff\u00e8, gelaterie, riposo. fast food. Senza passaggi complicati, puoi <strong>preparare velocemente il gelato<\/strong>, <strong>yogurt<\/strong> O <strong>sorbetto<\/strong><\/p>\n<p>IL <strong><span style=\"color: #ff0000;\">A<\/span><span style=\"color: #0000ff;\">R<\/span>CMH02<\/strong> \u00c8 dotato di doppi compressori GMCC, due tramogge in acciaio inossidabile da 6 litri, un radiatore ad alta energia e refrigerante R410a, con funzione di preraffreddamento e produzione che varia da 20 L\/H a 28 L\/H.<\/p>\n<p>IL <strong>macchina per il gelato<\/strong> Ha due contenitori in acciaio inossidabile incorporati, questo <strong>macchina per il gelato<\/strong> Di <strong><span style=\"color: #ff0000;\">A<\/span><span style=\"color: #0000ff;\">R<\/span>C<\/strong> Pu\u00f2 essere utilizzato per creare tre gusti di gelato, inclusi due gusti semplici e un gusto mix, per una variet\u00e0 di gusti.<\/p>\n<p>Tempo, temperatura, durezza e quantit\u00e0 di gelato possono essere visualizzati sul touch screen LCD per un&#039;osservazione costante. Potete modulare liberamente in base ai gusti. Inoltre, la pulizia con un solo pulsante consente una pulizia rapida e automatica della macchina per il gelato.<\/p>\n<p>Gli ingredienti del <strong>macchina per il gelato<\/strong> Possono essere pre-raffreddati in modo che il gelato possa essere conservato <strong>prepararsi velocemente<\/strong> dopo aver avviato la macchina. La funzione di conservazione notturna riduce la frequenza della pulizia e consente di risparmiare ingredienti.<\/p>\n<p>Il portaconi migliorato \u00e8 posizionato all&#039;esterno del<strong> macchina per il gelato<\/strong>, in modo che i coni gelato non si bagnino facilmente e si possa mantenere il sapore dei coni.<\/p>\n<h6><\/h6>\n<h6><strong>Garanzia\u00a0<span style=\"color: #ff0000;\">A<\/span><span style=\"color: #0000ff;\">R<\/span>C 2 ANNI<\/strong><\/h6>\n<h6><span style=\"color: #008000;\">Efficiente macchina per fare il gelato, basso consumo 2000w<\/span><\/h6>\n<h6><strong>supporto tecnico incluso<\/strong><\/h6>\n<p>&nbsp;<\/p>\n<table>\n<thead>\n<tr>\n<th><strong>Caratteristiche<\/strong><\/th>\n<th><strong>Descrizione<\/strong><\/th>\n<\/tr>\n<\/thead>\n<tbody>\n<tr>\n<td><strong>Numero del produttore<\/strong><\/td>\n<td>ARCMH02<\/td>\n<\/tr>\n<tr>\n<td><strong>Paesi con supporto tecnico<\/strong><\/td>\n<td><a href=\"https:\/\/distribucionarc.com\/it\/servizio-tecnico\/\" target=\"_new\" rel=\"noopener\">Consulta il supporto tecnico qui<\/a><\/td>\n<\/tr>\n<tr>\n<td><strong>Peso<\/strong><\/td>\n<td>132 chilogrammi (kg)<\/td>\n<\/tr>\n<tr>\n<td><strong>Dimensioni della macchina<\/strong><\/td>\n<td><strong>Altezza<\/strong>: 149 cm, <strong>Lungo<\/strong>: 63 cm, <strong>Ampio<\/strong>: 61 cm<\/td>\n<\/tr>\n<tr>\n<td><strong>Colore<\/strong><\/td>\n<td>Argento<\/td>\n<\/tr>\n<tr>\n<td><strong>Energia<\/strong><\/td>\n<td>2000 watt (W)<\/td>\n<\/tr>\n<tr>\n<td><strong>tensione di ingresso<\/strong><\/td>\n<td>220 V \u2013 60 Hz<\/td>\n<\/tr>\n<tr>\n<td><strong>Capacit\u00e0 produttiva<\/strong><\/td>\n<td>20 \u2013 28 litri (L) all&#039;ora<\/td>\n<\/tr>\n<tr>\n<td><strong>Refrigerante<\/strong><\/td>\n<td>R410a<\/td>\n<\/tr>\n<tr>\n<td><strong>Dimensione del deposito<\/strong><\/td>\n<td>6 litri (L) per unit\u00e0<\/td>\n<\/tr>\n<tr>\n<td><strong>Materiale<\/strong><\/td>\n<td>Pannello LCD smart touch in acciaio inossidabile<\/td>\n<\/tr>\n<tr>\n<td><strong>Strumenti di installazione<\/strong><\/td>\n<td>Incluso<\/td>\n<\/tr>\n<tr>\n<td><strong>Garanzia<\/strong><\/td>\n<td>2 anni<\/td>\n<\/tr>\n<\/tbody>\n<\/table>","protected":false},"excerpt":{"rendered":"<h2>Macchina per gelato soft e cremoso ARC \u2013 Alta capacit\u00e0 e prestazioni per gelaterie e ristoranti<\/h2>\n<p>IL <strong>Macchina professionale per la produzione di gelato soft e cremoso ARC<\/strong> \u00c8 la soluzione ideale per le aziende che necessitano di produrre gelato soft in modo rapido ed efficiente. La sua capacit\u00e0 di <strong>Da 20 a 28 litri all&#039;ora<\/strong> garantisce un flusso costante di gelato di alta qualit\u00e0, perfetto per soddisfare la clientela <strong>gelaterie<\/strong>, <strong>ristoranti<\/strong> E <strong>franchising<\/strong>.<\/p>\n<p>Il sistema di raffreddamento utilizza <strong>R410a<\/strong>, un refrigerante ad alta efficienza, che garantisce al gelato di mantenere la sua ideale cremosit\u00e0 e morbidezza. Inoltre, il <strong>pannello LCD touch intelligente<\/strong> Permette di regolare facilmente la temperatura e la consistenza del gelato, rendendo l&#039;operazione semplice e precisa.<\/p>\n<h3>Prodotti realizzabili:<\/h3>\n<ul>\n<li><strong>Gelato morbido e cremoso<\/strong>: Con una consistenza ideale e sempre alla temperatura perfetta.<\/li>\n<li><strong>Gelati con abbinamenti di gusti<\/strong>: Questa macchina permette di servire fino a tre gusti diversi di gelato.<\/li>\n<li><strong>Gelati misti<\/strong>: Permette di mescolare pi\u00f9 gusti in un&#039;unica porzione, perfetta per diversificare la tua offerta.<\/li>\n<\/ul>\n<h3>Settori in cui pu\u00f2 essere implementato:<\/h3>\n<ul>\n<li><strong>Gelaterie<\/strong>: Per la produzione rapida di gelati soft con gusti diversi.<\/li>\n<li><strong>Ristoranti e franchising<\/strong>: Ideale per proporre nel men\u00f9 semifreddi personalizzati.<\/li>\n<li><strong>Caff\u00e8 e bar<\/strong>: Ottimo per servire il gelato fresco ai clienti.<\/li>\n<li><strong>Ristorazione ed eventi<\/strong>: Perfetto per servire grandi volumi di persone durante gli eventi.<\/li>\n<\/ul>","protected":false},"featured_media":6051,"comment_status":"open","ping_status":"closed","template":"","meta":{"wds_primary_product_brand":0,"wds_primary_product_cat":0},"product_brand":[],"product_cat":[56,58],"product_tag":[],"class_list":{"0":"post-1263","1":"product","2":"type-product","3":"status-publish","4":"has-post-thumbnail","6":"product_cat-maquinaria-para-ferias","7":"product_cat-maquinaria-para-heladerias-profesionales","8":"product_shipping_class-hosteleria","10":"first","11":"instock","12":"sale","13":"taxable","14":"shipping-taxable","15":"purchasable","16":"product-type-simple"},"yoast_head":"<!-- This site is optimized with the Yoast SEO Premium plugin v24.9 (Yoast SEO v26.1) - https:\/\/yoast.com\/wordpress\/plugins\/seo\/ -->\n<title>Maquina para hacer helados cremosos 12L - distribuci\u00f3n ARC<\/title>\n<meta name=\"robots\" content=\"index, follow, max-snippet:-1, max-image-preview:large, max-video-preview:-1\" \/>\n<link rel=\"canonical\" href=\"https:\/\/www.distribucionarc.com\/hr\/producto\/maquina-para-hacer-helados-suaves-12l\/\" \/>\n<meta property=\"og:locale\" content=\"it_IT\" \/>\n<meta property=\"og:type\" content=\"article\" \/>\n<meta property=\"og:title\" content=\"Maquina para hacer helados cremosos 12L\" \/>\n<meta property=\"og:description\" content=\"M\u00e1quina para hacer helados blandos y cremosos ARC \u2013 Alta capacidad y rendimiento para helader\u00edas y restaurantes La m\u00e1quina para hacer helados blandos y cremosos profesional ARC es la opci\u00f3n ideal para negocios que necesitan producir helados suaves de manera r\u00e1pida y eficiente. Su capacidad de 20 a 28 litros por hora garantiza un flujo constante de helado de alta calidad, perfecto para satisfacer a los clientes en helader\u00edas, restaurantes y franquicias.  El sistema de refrigeraci\u00f3n utiliza R410a, un refrigerante de alta eficiencia, lo que asegura que el helado mantenga su cremosidad y suavidad ideal. Adem\u00e1s, el panel LCD t\u00e1ctil inteligente te permite ajustar de manera f\u00e1cil la temperatura y la consistencia del helado, lo que hace que la operaci\u00f3n sea sencilla y precisa. Productos que se pueden hacer:   Helado suave y cremoso: Con una textura ideal y siempre a la temperatura perfecta.  Helados con combinaciones de sabores: Esta m\u00e1quina permite servir hasta tres sabores diferentes de helado.  Helados mixtos: Permite mezclar varios sabores en una sola porci\u00f3n, lo que es perfecto para diversificar tu oferta.  Sectores donde se puede implementar:   Helader\u00edas: Para la producci\u00f3n r\u00e1pida de helados suaves con diferentes sabores.  Restaurantes y franquicias: Ideal para ofrecer postres helados personalizados en el men\u00fa.  Cafeter\u00edas y bares: Excelente para servir helados frescos a los clientes.  Catering y eventos: Perfecta para atender grandes vol\u00famenes de personas en eventos.\" \/>\n<meta property=\"og:url\" content=\"https:\/\/www.distribucionarc.com\/hr\/producto\/maquina-para-hacer-helados-suaves-12l\/\" \/>\n<meta property=\"og:site_name\" content=\"distribuci\u00f3n ARC\" \/>\n<meta property=\"article:modified_time\" content=\"2024-09-08T22:32:59+00:00\" \/>\n<meta property=\"og:image\" content=\"https:\/\/www.distribucionarc.com\/wp-content\/uploads\/2020\/07\/Maquina-para-hacer-helados-cremosos-12L-imagen-producto.jpg\" \/>\n\t<meta property=\"og:image:width\" content=\"1600\" \/>\n\t<meta property=\"og:image:height\" content=\"1600\" \/>\n\t<meta property=\"og:image:type\" content=\"image\/jpeg\" \/>\n<meta name=\"twitter:card\" content=\"summary_large_image\" \/>\n<meta name=\"twitter:label1\" content=\"Tempo di lettura stimato\" \/>\n\t<meta name=\"twitter:data1\" content=\"2 minuti\" \/>\n<script type=\"application\/ld+json\" class=\"yoast-schema-graph\">{\"@context\":\"https:\/\/schema.org\",\"@graph\":[{\"@type\":\"WebPage\",\"@id\":\"https:\/\/www.distribucionarc.com\/hr\/producto\/maquina-para-hacer-helados-suaves-12l\/\",\"url\":\"https:\/\/www.distribucionarc.com\/hr\/producto\/maquina-para-hacer-helados-suaves-12l\/\",\"name\":\"Maquina para hacer helados cremosos 12L - distribuci\u00f3n ARC\",\"isPartOf\":{\"@id\":\"https:\/\/www.distribucionarc.com\/sl\/#website\"},\"primaryImageOfPage\":{\"@id\":\"https:\/\/www.distribucionarc.com\/hr\/producto\/maquina-para-hacer-helados-suaves-12l\/#primaryimage\"},\"image\":{\"@id\":\"https:\/\/www.distribucionarc.com\/hr\/producto\/maquina-para-hacer-helados-suaves-12l\/#primaryimage\"},\"thumbnailUrl\":\"https:\/\/distribucionarc.com\/wp-content\/uploads\/2020\/07\/Maquina-para-hacer-helados-cremosos-12L-imagen-producto.jpg\",\"datePublished\":\"2020-07-20T13:17:24+00:00\",\"dateModified\":\"2024-09-08T22:32:59+00:00\",\"breadcrumb\":{\"@id\":\"https:\/\/www.distribucionarc.com\/hr\/producto\/maquina-para-hacer-helados-suaves-12l\/#breadcrumb\"},\"inLanguage\":\"it-IT\",\"potentialAction\":[{\"@type\":\"ReadAction\",\"target\":[\"https:\/\/www.distribucionarc.com\/hr\/producto\/maquina-para-hacer-helados-suaves-12l\/\"]}]},{\"@type\":\"ImageObject\",\"inLanguage\":\"it-IT\",\"@id\":\"https:\/\/www.distribucionarc.com\/hr\/producto\/maquina-para-hacer-helados-suaves-12l\/#primaryimage\",\"url\":\"https:\/\/distribucionarc.com\/wp-content\/uploads\/2020\/07\/Maquina-para-hacer-helados-cremosos-12L-imagen-producto.jpg\",\"contentUrl\":\"https:\/\/distribucionarc.com\/wp-content\/uploads\/2020\/07\/Maquina-para-hacer-helados-cremosos-12L-imagen-producto.jpg\",\"width\":1600,\"height\":1600},{\"@type\":\"BreadcrumbList\",\"@id\":\"https:\/\/www.distribucionarc.com\/hr\/producto\/maquina-para-hacer-helados-suaves-12l\/#breadcrumb\",\"itemListElement\":[{\"@type\":\"ListItem\",\"position\":1,\"name\":\"Portada\",\"item\":\"https:\/\/www.distribucionarc.com\/\"},{\"@type\":\"ListItem\",\"position\":2,\"name\":\"\u00dcr\u00fcnler\",\"item\":\"https:\/\/www.distribucionarc.com\/tr\/magaza\/\"},{\"@type\":\"ListItem\",\"position\":3,\"name\":\"Maquina para hacer helados cremosos 12L\"}]},{\"@type\":\"WebSite\",\"@id\":\"https:\/\/www.distribucionarc.com\/sl\/#website\",\"url\":\"https:\/\/www.distribucionarc.com\/sl\/\",\"name\":\"distribuci\u00f3n ARC\",\"description\":\"Empresa especializada en la fabricaci\u00f3n y distribuci\u00f3n de maquinaria industrial, selladoras de latas, Maquinas de hacer pastillas, Maquinas de cortar carne...\",\"publisher\":{\"@id\":\"https:\/\/www.distribucionarc.com\/sl\/#organization\"},\"potentialAction\":[{\"@type\":\"SearchAction\",\"target\":{\"@type\":\"EntryPoint\",\"urlTemplate\":\"https:\/\/www.distribucionarc.com\/sl\/?s={search_term_string}\"},\"query-input\":{\"@type\":\"PropertyValueSpecification\",\"valueRequired\":true,\"valueName\":\"search_term_string\"}}],\"inLanguage\":\"it-IT\"},{\"@type\":\"Organization\",\"@id\":\"https:\/\/www.distribucionarc.com\/sl\/#organization\",\"name\":\"Distribuci\u00f3n ARC\",\"url\":\"https:\/\/www.distribucionarc.com\/sl\/\",\"logo\":{\"@type\":\"ImageObject\",\"inLanguage\":\"it-IT\",\"@id\":\"https:\/\/www.distribucionarc.com\/sl\/#\/schema\/logo\/image\/\",\"url\":\"https:\/\/distribucionarc.com\/wp-content\/uploads\/2024\/10\/distribucion-ARC-COLOR-SIN-FONDO-e1732295305345.png\",\"contentUrl\":\"https:\/\/distribucionarc.com\/wp-content\/uploads\/2024\/10\/distribucion-ARC-COLOR-SIN-FONDO-e1732295305345.png\",\"width\":1164,\"height\":558,\"caption\":\"Distribuci\u00f3n ARC\"},\"image\":{\"@id\":\"https:\/\/www.distribucionarc.com\/sl\/#\/schema\/logo\/image\/\"},\"description\":\"Empresa especializada en la fabricaci\u00f3n y distribuci\u00f3n de maquinaria industrial para los sectores alimentario y farmac\u00e9utico. Nos especializamos en: M\u00e1quinas de cortar carne Fabricaci\u00f3n de comprimidos Sistemas de transporte industrial L\u00edneas de embotellado Dosificadores Y mucho m\u00e1s... Ofrecemos soluciones innovadoras y personalizadas para optimizar los procesos productivos de tu empresa.\",\"email\":\"Admistracion@distribucionarc.com\",\"telephone\":\"+34 643496664\",\"legalName\":\"ARC TECH SOLUTIONS\",\"foundingDate\":\"2024-04-09\",\"vatID\":\"B55480172\",\"numberOfEmployees\":{\"@type\":\"QuantitativeValue\",\"minValue\":\"1\",\"maxValue\":\"10\"}}]}<\/script>\n<!-- \/ Yoast SEO Premium plugin. -->","yoast_head_json":{"title":"Macchina per fare gelato cremoso da 12 lt - distribuzione ARC","robots":{"index":"index","follow":"follow","max-snippet":"max-snippet:-1","max-image-preview":"max-image-preview:large","max-video-preview":"max-video-preview:-1"},"canonical":"https:\/\/www.distribucionarc.com\/hr\/producto\/maquina-para-hacer-helados-suaves-12l\/","og_locale":"it_IT","og_type":"article","og_title":"Maquina para hacer helados cremosos 12L","og_description":"M\u00e1quina para hacer helados blandos y cremosos ARC \u2013 Alta capacidad y rendimiento para helader\u00edas y restaurantes La m\u00e1quina para hacer helados blandos y cremosos profesional ARC es la opci\u00f3n ideal para negocios que necesitan producir helados suaves de manera r\u00e1pida y eficiente. Su capacidad de 20 a 28 litros por hora garantiza un flujo constante de helado de alta calidad, perfecto para satisfacer a los clientes en helader\u00edas, restaurantes y franquicias.  El sistema de refrigeraci\u00f3n utiliza R410a, un refrigerante de alta eficiencia, lo que asegura que el helado mantenga su cremosidad y suavidad ideal. Adem\u00e1s, el panel LCD t\u00e1ctil inteligente te permite ajustar de manera f\u00e1cil la temperatura y la consistencia del helado, lo que hace que la operaci\u00f3n sea sencilla y precisa. Productos que se pueden hacer:   Helado suave y cremoso: Con una textura ideal y siempre a la temperatura perfecta.  Helados con combinaciones de sabores: Esta m\u00e1quina permite servir hasta tres sabores diferentes de helado.  Helados mixtos: Permite mezclar varios sabores en una sola porci\u00f3n, lo que es perfecto para diversificar tu oferta.  Sectores donde se puede implementar:   Helader\u00edas: Para la producci\u00f3n r\u00e1pida de helados suaves con diferentes sabores.  Restaurantes y franquicias: Ideal para ofrecer postres helados personalizados en el men\u00fa.  Cafeter\u00edas y bares: Excelente para servir helados frescos a los clientes.  Catering y eventos: Perfecta para atender grandes vol\u00famenes de personas en eventos.","og_url":"https:\/\/www.distribucionarc.com\/hr\/producto\/maquina-para-hacer-helados-suaves-12l\/","og_site_name":"distribuci\u00f3n ARC","article_modified_time":"2024-09-08T22:32:59+00:00","og_image":[{"width":1600,"height":1600,"url":"https:\/\/www.distribucionarc.com\/wp-content\/uploads\/2020\/07\/Maquina-para-hacer-helados-cremosos-12L-imagen-producto.jpg","type":"image\/jpeg"}],"twitter_card":"summary_large_image","twitter_misc":{"Tempo di lettura stimato":"2 minuti"},"schema":{"@context":"https:\/\/schema.org","@graph":[{"@type":"WebPage","@id":"https:\/\/www.distribucionarc.com\/hr\/producto\/maquina-para-hacer-helados-suaves-12l\/","url":"https:\/\/www.distribucionarc.com\/hr\/producto\/maquina-para-hacer-helados-suaves-12l\/","name":"Macchina per fare gelato cremoso da 12 lt - distribuzione ARC","isPartOf":{"@id":"https:\/\/www.distribucionarc.com\/sl\/#website"},"primaryImageOfPage":{"@id":"https:\/\/www.distribucionarc.com\/hr\/producto\/maquina-para-hacer-helados-suaves-12l\/#primaryimage"},"image":{"@id":"https:\/\/www.distribucionarc.com\/hr\/producto\/maquina-para-hacer-helados-suaves-12l\/#primaryimage"},"thumbnailUrl":"https:\/\/distribucionarc.com\/wp-content\/uploads\/2020\/07\/Maquina-para-hacer-helados-cremosos-12L-imagen-producto.jpg","datePublished":"2020-07-20T13:17:24+00:00","dateModified":"2024-09-08T22:32:59+00:00","breadcrumb":{"@id":"https:\/\/www.distribucionarc.com\/hr\/producto\/maquina-para-hacer-helados-suaves-12l\/#breadcrumb"},"inLanguage":"it-IT","potentialAction":[{"@type":"ReadAction","target":["https:\/\/www.distribucionarc.com\/hr\/producto\/maquina-para-hacer-helados-suaves-12l\/"]}]},{"@type":"ImageObject","inLanguage":"it-IT","@id":"https:\/\/www.distribucionarc.com\/hr\/producto\/maquina-para-hacer-helados-suaves-12l\/#primaryimage","url":"https:\/\/distribucionarc.com\/wp-content\/uploads\/2020\/07\/Maquina-para-hacer-helados-cremosos-12L-imagen-producto.jpg","contentUrl":"https:\/\/distribucionarc.com\/wp-content\/uploads\/2020\/07\/Maquina-para-hacer-helados-cremosos-12L-imagen-producto.jpg","width":1600,"height":1600},{"@type":"BreadcrumbList","@id":"https:\/\/www.distribucionarc.com\/hr\/producto\/maquina-para-hacer-helados-suaves-12l\/#breadcrumb","itemListElement":[{"@type":"ListItem","position":1,"name":"Portada","item":"https:\/\/www.distribucionarc.com\/"},{"@type":"ListItem","position":2,"name":"\u00dcr\u00fcnler","item":"https:\/\/www.distribucionarc.com\/tr\/magaza\/"},{"@type":"ListItem","position":3,"name":"Maquina para hacer helados cremosos 12L"}]},{"@type":"WebSite","@id":"https:\/\/www.distribucionarc.com\/sl\/#website","url":"https:\/\/www.distribucionarc.com\/sl\/","name":"Distribuzione dell&#039;ARCO","description":"Azienda specializzata nella produzione e distribuzione di macchinari industriali, macchine sigillatrici di lattine, macchine per la produzione di compresse, macchine per il taglio della carne...","publisher":{"@id":"https:\/\/www.distribucionarc.com\/sl\/#organization"},"potentialAction":[{"@type":"SearchAction","target":{"@type":"EntryPoint","urlTemplate":"https:\/\/www.distribucionarc.com\/sl\/?s={search_term_string}"},"query-input":{"@type":"PropertyValueSpecification","valueRequired":true,"valueName":"search_term_string"}}],"inLanguage":"it-IT"},{"@type":"Organization","@id":"https:\/\/www.distribucionarc.com\/sl\/#organization","name":"Distribuzione dell&#039;ARC","url":"https:\/\/www.distribucionarc.com\/sl\/","logo":{"@type":"ImageObject","inLanguage":"it-IT","@id":"https:\/\/www.distribucionarc.com\/sl\/#\/schema\/logo\/image\/","url":"https:\/\/distribucionarc.com\/wp-content\/uploads\/2024\/10\/distribucion-ARC-COLOR-SIN-FONDO-e1732295305345.png","contentUrl":"https:\/\/distribucionarc.com\/wp-content\/uploads\/2024\/10\/distribucion-ARC-COLOR-SIN-FONDO-e1732295305345.png","width":1164,"height":558,"caption":"Distribuci\u00f3n ARC"},"image":{"@id":"https:\/\/www.distribucionarc.com\/sl\/#\/schema\/logo\/image\/"},"description":"Azienda specializzata nella produzione e distribuzione di macchinari industriali per il settore alimentare e farmaceutico. Siamo specializzati in: Macchine per il taglio della carne Produzione di compresse Sistemi di trasporto industriale Linee di imbottigliamento Dispenser E molto altro ancora... Offriamo soluzioni innovative e personalizzate per ottimizzare i processi produttivi della vostra azienda.","email":"Admistracion@distribucionarc.com","telephone":"+34 643496664","legalName":"ARC TECH SOLUTIONS","foundingDate":"2024-04-09","vatID":"B55480172","numberOfEmployees":{"@type":"QuantitativeValue","minValue":"1","maxValue":"10"}}]}},"_links":{"self":[{"href":"https:\/\/distribucionarc.com\/it\/wp-json\/wp\/v2\/product\/1263","targetHints":{"allow":["GET"]}}],"collection":[{"href":"https:\/\/distribucionarc.com\/it\/wp-json\/wp\/v2\/product"}],"about":[{"href":"https:\/\/distribucionarc.com\/it\/wp-json\/wp\/v2\/types\/product"}],"replies":[{"embeddable":true,"href":"https:\/\/distribucionarc.com\/it\/wp-json\/wp\/v2\/comments?post=1263"}],"version-history":[{"count":0,"href":"https:\/\/distribucionarc.com\/it\/wp-json\/wp\/v2\/product\/1263\/revisions"}],"wp:featuredmedia":[{"embeddable":true,"href":"https:\/\/distribucionarc.com\/it\/wp-json\/wp\/v2\/media\/6051"}],"wp:attachment":[{"href":"https:\/\/distribucionarc.com\/it\/wp-json\/wp\/v2\/media?parent=1263"}],"wp:term":[{"taxonomy":"product_brand","embeddable":true,"href":"https:\/\/distribucionarc.com\/it\/wp-json\/wp\/v2\/product_brand?post=1263"},{"taxonomy":"product_cat","embeddable":true,"href":"https:\/\/distribucionarc.com\/it\/wp-json\/wp\/v2\/product_cat?post=1263"},{"taxonomy":"product_tag","embeddable":true,"href":"https:\/\/distribucionarc.com\/it\/wp-json\/wp\/v2\/product_tag?post=1263"}],"curies":[{"name":"wp","href":"https:\/\/api.w.org\/{rel}","templated":true}]}}