{"id":1343,"date":"2020-07-23T10:16:39","date_gmt":"2020-07-23T10:16:39","guid":{"rendered":"https:\/\/distribucionarc.com\/?post_type=product&#038;p=1343"},"modified":"2020-09-29T18:25:55","modified_gmt":"2020-09-29T18:25:55","slug":"estrattore-miele-elettrico-4m","status":"publish","type":"product","link":"https:\/\/distribucionarc.com\/it\/producto\/extractor-de-miel-electrico-4m\/","title":{"rendered":"Estrattore di miele elettrico 4M"},"content":{"rendered":"<h3><strong>Estrattore di miele elettrico 4M<\/strong><\/h3>\n<p>Questo\u00a0<strong>macchina elettrica industriale<\/strong>\u00a0per\u00a0<strong>apicoltura<\/strong>\u00a0Presenta un corpo in acciaio inossidabile lucidato di alta qualit\u00e0 e un telaio ad alveare per resistenza alla ruggine e all&#039;abrasione. La struttura di saldatura senza soluzione di continuit\u00e0 render\u00e0 pi\u00f9 semplice la manutenzione e la pulizia della macchina.<\/p>\n<p>IL\u00a0<strong>smelatore elettrico <span style=\"color: #ff0000\">A<\/span><span style=\"color: #0000ff\">R<\/span>CEME03<\/strong>\u00a0Ha un motore da 120 W 1,1 A, 1300 giri al minuto con opzioni di velocit\u00e0 variabile, questo estrattore di miele \u00e8 alimentato da un motore elettrico. Il metodo operativo \u00e8 semplice e consente di risparmiare tempo e manodopera. Oltre a favorire i consumi energetici grazie al suo\u00a0<strong>motore a basso consumo<\/strong>.<\/p>\n<p>IL\u00a0<strong>macchine per l&#039;apicoltura<\/strong>\u00a0Di\u00a0<strong><span style=\"color: #ff0000\">A<\/span><span style=\"color: #0000ff\">R<\/span>C<\/strong> \u00c8 progettato per carichi pesanti, gestisce fino a 4 telai standard a profondit\u00e0 bassa, media e alta, l&#039;attrezzatura chiusa sul telaio aiuta a non contaminare il <strong>Miele<\/strong>.<br \/>\nLa trave ispessita integrata \u00e8 realizzata in lega di alluminio resistente, pi\u00f9 resistente e pi\u00f9 stabile. Nessun spigolo vivo per evitare la contaminazione del<strong>\u00a0Miele<\/strong>\u00a0e fornire una gestione pi\u00f9 sicura. Compatto e progettato per darti maggiore stabilit\u00e0<br \/>\nDispone di 2 coperture trasparenti per consentire l&#039;osservazione durante il processo di\u00a0<strong>estrazione<\/strong>. Il cancello\u00a0<strong>progettato per il miele<\/strong>\u00a0sul fondo della vasca permette al miele di fluire a piacimento.<\/p>\n<p>L&#039;uso di\u00a0<strong><span style=\"color: #ff0000\">A<\/span><span style=\"color: #0000ff\">R<\/span>CEME03<\/strong>\u00a0ti aiuter\u00e0 nel processo\u00a0<strong>produzione del miele<\/strong>\u00a0per la sua comodit\u00e0 e facilit\u00e0 di elaborazione, semplice come posizionare il<strong>\u00a0nido d&#039;ape<\/strong>\u00a0sui telai ed azionare il motore elettrico per metterlo in rotazione ed ottenere cos\u00ec il prodotto finale; in brevissimo tempo. Ideale per l&#039;hobbista o\u00a0<strong>piccolo apicoltore<\/strong>.<\/p>\n<h6><strong>Garanzia\u00a0<span style=\"color: red\">A<\/span><span style=\"color: blue\">R<\/span>C 2 ANNI<\/strong><\/h6>\n<h6><span style=\"color: green\">Efficiente smelatore elettrico, a basso consumo 120w<\/span><\/h6>\n<h6><strong>supporto tecnico incluso<\/strong><\/h6>\n<p>&nbsp;<\/p>\n<p>&nbsp;<\/p>\n<table role=\"presentation\" width=\"100%\" cellspacing=\"0\" cellpadding=\"0\">\n<tbody>\n<tr>\n<td class=\"attrLabels\">energia:<\/td>\n<td width=\"50.0%\">120 W<\/td>\n<\/tr>\n<tr>\n<td class=\"attrLabels\">Paese di distribuzione:<\/td>\n<td width=\"50.0%\">Spagna, Germania, Stati Uniti<\/td>\n<td class=\"attrLabels\">Peso:<\/td>\n<td width=\"50.0%\">23kg<\/td>\n<\/tr>\n<tr>\n<td class=\"attrLabels\">Marca:<\/td>\n<td width=\"50.0%\">ARCO<\/td>\n<td class=\"attrLabels\">Altezza:<\/td>\n<td width=\"50.0%\">78 cm<\/td>\n<\/tr>\n<tr>\n<td class=\"attrLabels\">Colore:<\/td>\n<td width=\"50.0%\">Argento<\/td>\n<td class=\"attrLabels\">Lungo:<\/td>\n<td width=\"50.0%\">\u00a053 cm<\/td>\n<\/tr>\n<tr>\n<td class=\"attrLabels\">Tipo di prodotto:<\/td>\n<td width=\"50.0%\">smelatore elettrico<\/td>\n<td class=\"attrLabels\">Ampio:<\/td>\n<td width=\"50.0%\">53 cm<\/td>\n<\/tr>\n<tr>\n<td class=\"attrLabels\">Numero del produttore:<\/td>\n<td width=\"50.0%\">ARCEME03<\/td>\n<td class=\"attrLabels\">Potenza del motore:<\/td>\n<td width=\"50.0%\">1.1A<\/td>\n<\/tr>\n<tr>\n<td class=\"attrLabels\">Materiale:<\/td>\n<td width=\"50.0%\">acciaio inox, motore a basso consumo, lega di alluminio<\/td>\n<td class=\"attrLabels\">tensione di ingresso<\/td>\n<td width=\"50.0%\">220 V \u2013 50 Hz 110 V \u2013 60 Hz<\/td>\n<\/tr>\n<tr>\n<td class=\"attrLabels\">Dimensioni della canna:<\/td>\n<td width=\"50.0%\">Diametro 50 cm<\/td>\n<td class=\"attrLabels\">Garanzia:<\/td>\n<td width=\"50.0%\">2 ANNI<\/td>\n<\/tr>\n<tr>\n<td class=\"attrLabels\">Altezza della canna:<\/td>\n<td width=\"50.0%\">60 centimetri<\/td>\n<td class=\"attrLabels\">Produzione:<\/td>\n<td width=\"50.0%\">4 punti<\/td>\n<\/tr>\n<\/tbody>\n<\/table>","protected":false},"excerpt":{"rendered":"<h2>Estrattore di miele elettrico 4M<\/h2>\n<p>Lui<strong>\u00a0smelatore elettrico<\/strong>\u00a0Di<strong>\u00a0<span style=\"color: red\">A<\/span><span style=\"color: blue\">R<\/span>C<\/strong> \u00c8 progettato per elaborare 4 fotogrammi, \u00e8 realizzato in acciaio inossidabile estremamente resistente. Questo <strong>macchine per l&#039;apicoltura<\/strong>\u00a0viene fornito a<strong>\u00a0prezzo imbattibile<\/strong>\u00a0per la cura nella produzione del miele e per le materie prime di prima qualit\u00e0.<\/p>\n<p>Lui\u00a0<strong>estrattore di merda<\/strong>l Viene fornito con 2 coperchi trasparenti e 2 maniglie laterali per un facile trasporto. La parte inferiore interna dello stelo \u00e8 di forma conica. IL\u00a0<strong>Miele<\/strong>\u00a0Viene scaricato dal dispenser da 5 cm con dispositivo di bloccaggio. Lui\u00a0<strong>smelatore elettrico<\/strong> \u00e8 progettato per elaborare <strong>4 fotogrammi<\/strong>\u00a0ed \u00e8 adatto per telai di profondit\u00e0 bassa, media e alta. Gli ingranaggi in metallo sono completamente interni per evitare che si sporchino di miele. Lui\u00a0<strong>estrattore di miele\u00a0<span style=\"color: red\">A<\/span><span style=\"color: blue\">R<\/span>CEME03<\/strong>\u00a0\u00c8 uno dei pochi sul mercato dotato di cuscinetto inferiore rialzato che impedisce la penetrazione del miele estratto. La finitura in acciaio inox lucidato a specchio gli conferisce caratteristiche molto eleganti.<\/p>\n<h6><strong>Garanzia\u00a0<span style=\"color: red\">A<\/span><span style=\"color: blue\">R<\/span>C 2 ANNI<\/strong><\/h6>\n<h6><span style=\"color: green\">Efficiente smelatore elettrico, a basso consumo 120w<\/span><\/h6>\n<h6><strong>supporto tecnico incluso<\/strong><\/h6>","protected":false},"featured_media":1352,"comment_status":"open","ping_status":"closed","template":"","meta":{"wds_primary_product_brand":0,"wds_primary_product_cat":0},"product_brand":[],"product_cat":[30],"product_tag":[],"class_list":{"0":"post-1343","1":"product","2":"type-product","3":"status-publish","4":"has-post-thumbnail","6":"product_cat-maquinaria-apicola","7":"product_shipping_class-express","9":"first","10":"instock","11":"sale","12":"taxable","13":"shipping-taxable","14":"purchasable","15":"product-type-simple"},"yoast_head":"<!-- This site is optimized with the Yoast SEO Premium plugin v24.9 (Yoast SEO v26.1) - https:\/\/yoast.com\/wordpress\/plugins\/seo\/ -->\n<title>Extractor de miel el\u00e9ctrico 4M - distribuci\u00f3n ARC<\/title>\n<meta name=\"robots\" content=\"index, follow, max-snippet:-1, max-image-preview:large, max-video-preview:-1\" \/>\n<link rel=\"canonical\" href=\"https:\/\/distribucionarc.com\/it\/prodotto\/estrattore-miele-elettrico-4m\/\" \/>\n<meta property=\"og:locale\" content=\"it_IT\" \/>\n<meta property=\"og:type\" content=\"article\" \/>\n<meta property=\"og:title\" content=\"Extractor de miel el\u00e9ctrico 4M\" \/>\n<meta property=\"og:description\" content=\"Extractor de miel el\u00e9ctrico 4M El\u00a0Extractor de miel el\u00e9ctrico\u00a0de\u00a0ARC est\u00e1 dise\u00f1ada para procesar 4 marcos, est\u00e1 hecho de acero inoxidable extremadamente duradero. Esta maquinaria ap\u00edcola\u00a0se proporciona a un\u00a0precio inmejorable\u00a0por su cuidado en la elaboraci\u00f3n de la miel y sus materiales de primera calidad.  El\u00a0extractor de miel viene con 2 tapas transparentes y 2 asas laterales para facilitar el transporte. La parte inferior interna del tallo tiene forma c\u00f3nica. La\u00a0miel\u00a0se descarga del dispensador de 5 cm con un dispositivo de bloqueo. El\u00a0extractor de miel el\u00e9ctrico est\u00e1 dise\u00f1ado para procesar 4\u00a0marcos\u00a0y es adecuado para marcos de baja, media y alta profundidad. Los engranajes met\u00e1licos son totalmente internos para evitar que se ensucie con la miel. El\u00a0extractor de miel\u00a0ARCEME03\u00a0es uno de los pocos en el mercado equipado con un rodamiento elevado m\u00e1s bajo que impide la penetraci\u00f3n de la miel extra\u00edda. El acabado de acero inoxidable pulido espejo le da unas caracter\u00edsticas muy elegantes. Garant\u00eda\u00a0ARC 2 A\u00d1OS Extractor de miel el\u00e9ctrico eficiente, bajo consumo 120w soporte t\u00e9cnico\u00a0incluido\" \/>\n<meta property=\"og:url\" content=\"https:\/\/distribucionarc.com\/it\/prodotto\/estrattore-miele-elettrico-4m\/\" \/>\n<meta property=\"og:site_name\" content=\"distribuci\u00f3n ARC\" \/>\n<meta property=\"article:modified_time\" content=\"2020-09-29T18:25:55+00:00\" \/>\n<meta property=\"og:image\" content=\"https:\/\/distribucionarc.com\/wp-content\/uploads\/2020\/07\/Extractor-de-miel-el\u00e9ctrico-4M-2.jpg\" \/>\n\t<meta property=\"og:image:width\" content=\"1600\" \/>\n\t<meta property=\"og:image:height\" content=\"1600\" \/>\n\t<meta property=\"og:image:type\" content=\"image\/jpeg\" \/>\n<meta name=\"twitter:card\" content=\"summary_large_image\" \/>\n<meta name=\"twitter:label1\" content=\"Tempo di lettura stimato\" \/>\n\t<meta name=\"twitter:data1\" content=\"2 minuti\" \/>\n<script type=\"application\/ld+json\" class=\"yoast-schema-graph\">{\"@context\":\"https:\/\/schema.org\",\"@graph\":[{\"@type\":\"WebPage\",\"@id\":\"https:\/\/distribucionarc.com\/sk\/producto\/extractor-de-miel-electrico-4m\/\",\"url\":\"https:\/\/distribucionarc.com\/sk\/producto\/extractor-de-miel-electrico-4m\/\",\"name\":\"Extractor de miel el\u00e9ctrico 4M - distribuci\u00f3n ARC\",\"isPartOf\":{\"@id\":\"https:\/\/www.distribucionarc.com\/sl\/#website\"},\"primaryImageOfPage\":{\"@id\":\"https:\/\/distribucionarc.com\/sk\/producto\/extractor-de-miel-electrico-4m\/#primaryimage\"},\"image\":{\"@id\":\"https:\/\/distribucionarc.com\/sk\/producto\/extractor-de-miel-electrico-4m\/#primaryimage\"},\"thumbnailUrl\":\"https:\/\/distribucionarc.com\/wp-content\/uploads\/2020\/07\/Extractor-de-miel-el\u00e9ctrico-4M-2.jpg\",\"datePublished\":\"2020-07-23T10:16:39+00:00\",\"dateModified\":\"2020-09-29T18:25:55+00:00\",\"breadcrumb\":{\"@id\":\"https:\/\/distribucionarc.com\/sk\/producto\/extractor-de-miel-electrico-4m\/#breadcrumb\"},\"inLanguage\":\"it-IT\",\"potentialAction\":[{\"@type\":\"ReadAction\",\"target\":[\"https:\/\/distribucionarc.com\/sk\/producto\/extractor-de-miel-electrico-4m\/\"]}]},{\"@type\":\"ImageObject\",\"inLanguage\":\"it-IT\",\"@id\":\"https:\/\/distribucionarc.com\/sk\/producto\/extractor-de-miel-electrico-4m\/#primaryimage\",\"url\":\"https:\/\/distribucionarc.com\/wp-content\/uploads\/2020\/07\/Extractor-de-miel-el\u00e9ctrico-4M-2.jpg\",\"contentUrl\":\"https:\/\/distribucionarc.com\/wp-content\/uploads\/2020\/07\/Extractor-de-miel-el\u00e9ctrico-4M-2.jpg\",\"width\":1600,\"height\":1600,\"caption\":\"Extractor de miel el\u00e9ctrico 4M\"},{\"@type\":\"BreadcrumbList\",\"@id\":\"https:\/\/distribucionarc.com\/sk\/producto\/extractor-de-miel-electrico-4m\/#breadcrumb\",\"itemListElement\":[{\"@type\":\"ListItem\",\"position\":1,\"name\":\"Portada\",\"item\":\"https:\/\/www.distribucionarc.com\/\"},{\"@type\":\"ListItem\",\"position\":2,\"name\":\"\u00dcr\u00fcnler\",\"item\":\"https:\/\/www.distribucionarc.com\/tr\/magaza\/\"},{\"@type\":\"ListItem\",\"position\":3,\"name\":\"Extractor de miel el\u00e9ctrico 4M\"}]},{\"@type\":\"WebSite\",\"@id\":\"https:\/\/www.distribucionarc.com\/sl\/#website\",\"url\":\"https:\/\/www.distribucionarc.com\/sl\/\",\"name\":\"distribuci\u00f3n ARC\",\"description\":\"Empresa especializada en la fabricaci\u00f3n y distribuci\u00f3n de maquinaria industrial, selladoras de latas, Maquinas de hacer pastillas, Maquinas de cortar carne...\",\"publisher\":{\"@id\":\"https:\/\/www.distribucionarc.com\/sl\/#organization\"},\"potentialAction\":[{\"@type\":\"SearchAction\",\"target\":{\"@type\":\"EntryPoint\",\"urlTemplate\":\"https:\/\/www.distribucionarc.com\/sl\/?s={search_term_string}\"},\"query-input\":{\"@type\":\"PropertyValueSpecification\",\"valueRequired\":true,\"valueName\":\"search_term_string\"}}],\"inLanguage\":\"it-IT\"},{\"@type\":\"Organization\",\"@id\":\"https:\/\/www.distribucionarc.com\/sl\/#organization\",\"name\":\"Distribuci\u00f3n ARC\",\"url\":\"https:\/\/www.distribucionarc.com\/sl\/\",\"logo\":{\"@type\":\"ImageObject\",\"inLanguage\":\"it-IT\",\"@id\":\"https:\/\/www.distribucionarc.com\/sl\/#\/schema\/logo\/image\/\",\"url\":\"https:\/\/distribucionarc.com\/wp-content\/uploads\/2024\/10\/distribucion-ARC-COLOR-SIN-FONDO-e1732295305345.png\",\"contentUrl\":\"https:\/\/distribucionarc.com\/wp-content\/uploads\/2024\/10\/distribucion-ARC-COLOR-SIN-FONDO-e1732295305345.png\",\"width\":1164,\"height\":558,\"caption\":\"Distribuci\u00f3n ARC\"},\"image\":{\"@id\":\"https:\/\/www.distribucionarc.com\/sl\/#\/schema\/logo\/image\/\"},\"description\":\"Empresa especializada en la fabricaci\u00f3n y distribuci\u00f3n de maquinaria industrial para los sectores alimentario y farmac\u00e9utico. Nos especializamos en: M\u00e1quinas de cortar carne Fabricaci\u00f3n de comprimidos Sistemas de transporte industrial L\u00edneas de embotellado Dosificadores Y mucho m\u00e1s... Ofrecemos soluciones innovadoras y personalizadas para optimizar los procesos productivos de tu empresa.\",\"email\":\"Admistracion@distribucionarc.com\",\"telephone\":\"+34 643496664\",\"legalName\":\"ARC TECH SOLUTIONS\",\"foundingDate\":\"2024-04-09\",\"vatID\":\"B55480172\",\"numberOfEmployees\":{\"@type\":\"QuantitativeValue\",\"minValue\":\"1\",\"maxValue\":\"10\"}}]}<\/script>\n<!-- \/ Yoast SEO Premium plugin. -->","yoast_head_json":{"title":"Smelatore elettrico 4M - distribuzione ARC","robots":{"index":"index","follow":"follow","max-snippet":"max-snippet:-1","max-image-preview":"max-image-preview:large","max-video-preview":"max-video-preview:-1"},"canonical":"https:\/\/distribucionarc.com\/it\/prodotto\/estrattore-miele-elettrico-4m\/","og_locale":"it_IT","og_type":"article","og_title":"Extractor de miel el\u00e9ctrico 4M","og_description":"Extractor de miel el\u00e9ctrico 4M El\u00a0Extractor de miel el\u00e9ctrico\u00a0de\u00a0ARC est\u00e1 dise\u00f1ada para procesar 4 marcos, est\u00e1 hecho de acero inoxidable extremadamente duradero. Esta maquinaria ap\u00edcola\u00a0se proporciona a un\u00a0precio inmejorable\u00a0por su cuidado en la elaboraci\u00f3n de la miel y sus materiales de primera calidad.  El\u00a0extractor de miel viene con 2 tapas transparentes y 2 asas laterales para facilitar el transporte. La parte inferior interna del tallo tiene forma c\u00f3nica. La\u00a0miel\u00a0se descarga del dispensador de 5 cm con un dispositivo de bloqueo. El\u00a0extractor de miel el\u00e9ctrico est\u00e1 dise\u00f1ado para procesar 4\u00a0marcos\u00a0y es adecuado para marcos de baja, media y alta profundidad. Los engranajes met\u00e1licos son totalmente internos para evitar que se ensucie con la miel. El\u00a0extractor de miel\u00a0ARCEME03\u00a0es uno de los pocos en el mercado equipado con un rodamiento elevado m\u00e1s bajo que impide la penetraci\u00f3n de la miel extra\u00edda. El acabado de acero inoxidable pulido espejo le da unas caracter\u00edsticas muy elegantes. Garant\u00eda\u00a0ARC 2 A\u00d1OS Extractor de miel el\u00e9ctrico eficiente, bajo consumo 120w soporte t\u00e9cnico\u00a0incluido","og_url":"https:\/\/distribucionarc.com\/it\/prodotto\/estrattore-miele-elettrico-4m\/","og_site_name":"distribuci\u00f3n ARC","article_modified_time":"2020-09-29T18:25:55+00:00","og_image":[{"width":1600,"height":1600,"url":"https:\/\/distribucionarc.com\/wp-content\/uploads\/2020\/07\/Extractor-de-miel-el\u00e9ctrico-4M-2.jpg","type":"image\/jpeg"}],"twitter_card":"summary_large_image","twitter_misc":{"Tempo di lettura stimato":"2 minuti"},"schema":{"@context":"https:\/\/schema.org","@graph":[{"@type":"WebPage","@id":"https:\/\/distribucionarc.com\/sk\/producto\/extractor-de-miel-electrico-4m\/","url":"https:\/\/distribucionarc.com\/sk\/producto\/extractor-de-miel-electrico-4m\/","name":"Smelatore elettrico 4M - distribuzione ARC","isPartOf":{"@id":"https:\/\/www.distribucionarc.com\/sl\/#website"},"primaryImageOfPage":{"@id":"https:\/\/distribucionarc.com\/sk\/producto\/extractor-de-miel-electrico-4m\/#primaryimage"},"image":{"@id":"https:\/\/distribucionarc.com\/sk\/producto\/extractor-de-miel-electrico-4m\/#primaryimage"},"thumbnailUrl":"https:\/\/distribucionarc.com\/wp-content\/uploads\/2020\/07\/Extractor-de-miel-el\u00e9ctrico-4M-2.jpg","datePublished":"2020-07-23T10:16:39+00:00","dateModified":"2020-09-29T18:25:55+00:00","breadcrumb":{"@id":"https:\/\/distribucionarc.com\/sk\/producto\/extractor-de-miel-electrico-4m\/#breadcrumb"},"inLanguage":"it-IT","potentialAction":[{"@type":"ReadAction","target":["https:\/\/distribucionarc.com\/sk\/producto\/extractor-de-miel-electrico-4m\/"]}]},{"@type":"ImageObject","inLanguage":"it-IT","@id":"https:\/\/distribucionarc.com\/sk\/producto\/extractor-de-miel-electrico-4m\/#primaryimage","url":"https:\/\/distribucionarc.com\/wp-content\/uploads\/2020\/07\/Extractor-de-miel-el\u00e9ctrico-4M-2.jpg","contentUrl":"https:\/\/distribucionarc.com\/wp-content\/uploads\/2020\/07\/Extractor-de-miel-el\u00e9ctrico-4M-2.jpg","width":1600,"height":1600,"caption":"Extractor de miel el\u00e9ctrico 4M"},{"@type":"BreadcrumbList","@id":"https:\/\/distribucionarc.com\/sk\/producto\/extractor-de-miel-electrico-4m\/#breadcrumb","itemListElement":[{"@type":"ListItem","position":1,"name":"Portada","item":"https:\/\/www.distribucionarc.com\/"},{"@type":"ListItem","position":2,"name":"\u00dcr\u00fcnler","item":"https:\/\/www.distribucionarc.com\/tr\/magaza\/"},{"@type":"ListItem","position":3,"name":"Extractor de miel el\u00e9ctrico 4M"}]},{"@type":"WebSite","@id":"https:\/\/www.distribucionarc.com\/sl\/#website","url":"https:\/\/www.distribucionarc.com\/sl\/","name":"Distribuzione dell&#039;ARCO","description":"Azienda specializzata nella produzione e distribuzione di macchinari industriali, macchine sigillatrici di lattine, macchine per la produzione di compresse, macchine per il taglio della carne...","publisher":{"@id":"https:\/\/www.distribucionarc.com\/sl\/#organization"},"potentialAction":[{"@type":"SearchAction","target":{"@type":"EntryPoint","urlTemplate":"https:\/\/www.distribucionarc.com\/sl\/?s={search_term_string}"},"query-input":{"@type":"PropertyValueSpecification","valueRequired":true,"valueName":"search_term_string"}}],"inLanguage":"it-IT"},{"@type":"Organization","@id":"https:\/\/www.distribucionarc.com\/sl\/#organization","name":"Distribuzione dell&#039;ARC","url":"https:\/\/www.distribucionarc.com\/sl\/","logo":{"@type":"ImageObject","inLanguage":"it-IT","@id":"https:\/\/www.distribucionarc.com\/sl\/#\/schema\/logo\/image\/","url":"https:\/\/distribucionarc.com\/wp-content\/uploads\/2024\/10\/distribucion-ARC-COLOR-SIN-FONDO-e1732295305345.png","contentUrl":"https:\/\/distribucionarc.com\/wp-content\/uploads\/2024\/10\/distribucion-ARC-COLOR-SIN-FONDO-e1732295305345.png","width":1164,"height":558,"caption":"Distribuci\u00f3n ARC"},"image":{"@id":"https:\/\/www.distribucionarc.com\/sl\/#\/schema\/logo\/image\/"},"description":"Azienda specializzata nella produzione e distribuzione di macchinari industriali per il settore alimentare e farmaceutico. Siamo specializzati in: Macchine per il taglio della carne Produzione di compresse Sistemi di trasporto industriale Linee di imbottigliamento Dispenser E molto altro ancora... Offriamo soluzioni innovative e personalizzate per ottimizzare i processi produttivi della vostra azienda.","email":"Admistracion@distribucionarc.com","telephone":"+34 643496664","legalName":"ARC TECH SOLUTIONS","foundingDate":"2024-04-09","vatID":"B55480172","numberOfEmployees":{"@type":"QuantitativeValue","minValue":"1","maxValue":"10"}}]}},"_links":{"self":[{"href":"https:\/\/distribucionarc.com\/it\/wp-json\/wp\/v2\/product\/1343","targetHints":{"allow":["GET"]}}],"collection":[{"href":"https:\/\/distribucionarc.com\/it\/wp-json\/wp\/v2\/product"}],"about":[{"href":"https:\/\/distribucionarc.com\/it\/wp-json\/wp\/v2\/types\/product"}],"replies":[{"embeddable":true,"href":"https:\/\/distribucionarc.com\/it\/wp-json\/wp\/v2\/comments?post=1343"}],"version-history":[{"count":0,"href":"https:\/\/distribucionarc.com\/it\/wp-json\/wp\/v2\/product\/1343\/revisions"}],"wp:featuredmedia":[{"embeddable":true,"href":"https:\/\/distribucionarc.com\/it\/wp-json\/wp\/v2\/media\/1352"}],"wp:attachment":[{"href":"https:\/\/distribucionarc.com\/it\/wp-json\/wp\/v2\/media?parent=1343"}],"wp:term":[{"taxonomy":"product_brand","embeddable":true,"href":"https:\/\/distribucionarc.com\/it\/wp-json\/wp\/v2\/product_brand?post=1343"},{"taxonomy":"product_cat","embeddable":true,"href":"https:\/\/distribucionarc.com\/it\/wp-json\/wp\/v2\/product_cat?post=1343"},{"taxonomy":"product_tag","embeddable":true,"href":"https:\/\/distribucionarc.com\/it\/wp-json\/wp\/v2\/product_tag?post=1343"}],"curies":[{"name":"wp","href":"https:\/\/api.w.org\/{rel}","templated":true}]}}