{"id":1358,"date":"2020-07-23T12:14:59","date_gmt":"2020-07-23T12:14:59","guid":{"rendered":"https:\/\/distribucionarc.com\/?post_type=product&#038;p=1358"},"modified":"2020-10-09T09:36:51","modified_gmt":"2020-10-09T09:36:51","slug":"salsiccia-elettrica-15l","status":"publish","type":"product","link":"https:\/\/distribucionarc.com\/it\/producto\/maquina-para-embutidos-electrica-15l\/","title":{"rendered":"Macchina per salsicce elettrica da 15 litri"},"content":{"rendered":"<h3><strong>Macchina per salsicce elettrica da 15 litri<\/strong><\/h3>\n<p>IL<b> macchina per salsicce elettrica professionale <span style=\"color: #ff0000;\">A<\/span><span style=\"color: #0000ff;\">R<\/span>CMP2<\/b> \u00c8 realizzato in acciaio inossidabile di alta qualit\u00e0 e presenta caratteristiche all&#039;avanguardia. E&#039; caratterizzato da un sistema di aggancio di sicurezza per unire la botte al piedistallo, per cui \u00e8 facilmente smontabile parzialmente per il riempimento e completamente per la pulizia. Il pistone incorpora una valvola pneumatica per impedire un&#039;eccessiva penetrazione dell&#039;aria e creare salsicce perfette. La guarnizione del pistone particolarmente resistente consente di riempire la macchina con facilit\u00e0.<\/p>\n<p>Tutti gli ingranaggi in metallo e l&#039;asta del pistone aiutano <b>ripieno<\/b>\u00a0<strong><span style=\"color: #ff0000;\">A<\/span><span style=\"color: #0000ff;\">R<\/span>C<\/strong> Resiste a grandi pressioni, il pistone per uso alimentare con guarnizione impedisce al prodotto di fuoriuscire dal pistone.<\/p>\n<p>IL <strong><span style=\"color: #ff0000;\">A<\/span><span style=\"color: #0000ff;\">R<\/span>CMP2<\/strong> Dispone di una valvola di rilascio dell&#039;aria per ridurre il flusso d&#039;aria ed evitare sacche d&#039;aria nelle salsicce. Controllato tramite interruttore a pedale<strong> ripieno di salsiccia<\/strong> Consente il funzionamento a mani libere. Il design della canna rapidamente rimovibile faciliter\u00e0 la pulizia e la durata della macchina.<\/p>\n<p>L&#039;efficiente motore del\u00a0<b>macchina per salsicce<\/b> Di<strong><span style=\"color: #ff0000;\"> A<\/span><span style=\"color: #0000ff;\">R<\/span>C<\/strong> Favoriscono la produzione facendo a <span style=\"color: #008000;\"><strong>consumo energetico minimo di soli 40 W. <\/strong><\/span>Ampiamente utilizzato nelle cucine, nei ristoranti e in molti luoghi di lavorazione degli alimenti.<\/p>\n<h6><\/h6>\n<h6>Garanzia<strong><span style=\"color: #ff0000;\"> A<\/span><span style=\"color: #0000ff;\">R<\/span>C 2 ANNI<\/strong><\/h6>\n<h6><span style=\"color: #008000;\">motore pi\u00f9 efficiente con basso consumo 40 w<\/span><\/h6>\n<h6>supporto tecnico incluso.<\/h6>\n<p>&nbsp;<\/p>\n<table role=\"presentation\" width=\"100%\" cellspacing=\"0\" cellpadding=\"0\">\n<tbody>\n<tr>\n<td class=\"attrLabels\">Energia:<\/td>\n<td width=\"50.0%\">40W<\/td>\n<\/tr>\n<tr>\n<td class=\"attrLabels\">voltaggio:<\/td>\n<td width=\"50.0%\">220 V da 50 Hz a 60 Hz<\/td>\n<td class=\"attrLabels\">Peso:<\/td>\n<td width=\"50.0%\">31 chili<\/td>\n<\/tr>\n<tr>\n<td class=\"attrLabels\">Paese di distribuzione:<\/td>\n<td width=\"50.0%\">Spagna, Germania, Stati Uniti<\/td>\n<td class=\"attrLabels\">Altezza:<\/td>\n<td width=\"50.0%\">81,10 centimetri<\/td>\n<\/tr>\n<tr>\n<td class=\"attrLabels\">Marca:<\/td>\n<td width=\"50.0%\">ARCO<\/td>\n<td class=\"attrLabels\">Lungo:<\/td>\n<td width=\"50.0%\">33,70 centimetri<\/td>\n<\/tr>\n<tr>\n<td class=\"attrLabels\">Tipo di prodotto:<\/td>\n<td width=\"50.0%\">macchina per salsicce<\/td>\n<td class=\"attrLabels\">Ampio:<\/td>\n<td width=\"50.0%\">\u00a033 cm<\/td>\n<\/tr>\n<tr>\n<td class=\"attrLabels\">Numero del produttore:<\/td>\n<td width=\"50.0%\">ARCMPS1<\/td>\n<td class=\"attrLabels\">Diametro: imbuti<\/td>\n<td width=\"50.0%\">\u00a01,9 cm\/2,5 cm\/3,8 cm\/4,2 cm<\/td>\n<\/tr>\n<tr>\n<td class=\"attrLabels\">Materiale:<\/td>\n<td width=\"50.0%\">acciaio inox, gomma antiscivolo, valvola di evacuazione<\/td>\n<td class=\"attrLabels\">Misurare :<\/td>\n<td width=\"50.0%\">15 litri<\/td>\n<\/tr>\n<tr>\n<td class=\"attrLabels\">Velocit\u00e0:<\/td>\n<td width=\"50.0%\">Variabile\/doppia altezza<\/td>\n<td class=\"attrLabels\">Colore:<\/td>\n<td width=\"50.0%\">Argento<\/td>\n<\/tr>\n<tr>\n<td class=\"attrLabels\">Strumenti di installazione:<\/td>\n<td width=\"50.0%\">S\u00ec<\/td>\n<td class=\"attrLabels\">Garanzia:<\/td>\n<td width=\"50.0%\">2 ANNI<\/td>\n<\/tr>\n<\/tbody>\n<\/table>\n<p>&nbsp;<\/p>","protected":false},"excerpt":{"rendered":"<h2 class=\"product_title entry-title\"><strong>Macchina per salsicce elettrica da 15 litri\u00a0<\/strong><\/h2>\n<p>IL <strong>macchina per salsicce elettrica<\/strong> <strong><span style=\"color: #ff0000;\">A<\/span><span style=\"color: #0000ff;\">R<\/span>CMP2<\/strong> unisce tutti i vantaggi di <strong>insaccatrice elettrica per salsicce<\/strong> del mercato. Potrete gustare in qualsiasi momento una produzione semplice e grandi quantit\u00e0 di salsicce gourmet. Pu\u00f2 essere utilizzato per uso commerciale o domestico.<\/p>\n<p>Il corpo di <strong>il ripieno <\/strong>Di <strong><span style=\"color: #ff0000;\">A<\/span><span style=\"color: #0000ff;\">R<\/span>C<\/strong> \u00c8 realizzato in acciaio inossidabile resistente alla ruggine, che lo rende durevole. Un telaio robusto che non si piegher\u00e0 n\u00e9 si incliner\u00e0 sotto pressione. IL <strong>ripieno di salsiccia<\/strong> Dispone di un doppio sistema di gestione della velocit\u00e0 alta e variabile. Puoi regolarlo alla velocit\u00e0 pi\u00f9 appropriata per ciascun prodotto.<\/p>\n<h6>Garanzia<strong><span style=\"color: #ff0000;\"> A<\/span><span style=\"color: #0000ff;\">R<\/span>C 2 ANNI<\/strong><\/h6>\n<h6><span style=\"color: #008000;\">motore pi\u00f9 efficiente con basso consumo 40 w<\/span><\/h6>\n<h6>supporto tecnico incluso.<\/h6>\n<p>&nbsp;<\/p>","protected":false},"featured_media":1366,"comment_status":"open","ping_status":"closed","template":"","meta":{"wds_primary_product_brand":0,"wds_primary_product_cat":0},"product_brand":[],"product_cat":[50],"product_tag":[],"class_list":{"0":"post-1358","1":"product","2":"type-product","3":"status-publish","4":"has-post-thumbnail","6":"product_cat-elaboradoras-de-croquetas-y-albondigas","7":"product_shipping_class-hosteleria","9":"first","10":"instock","11":"sale","12":"taxable","13":"shipping-taxable","14":"purchasable","15":"product-type-simple"},"yoast_head":"<!-- This site is optimized with the Yoast SEO Premium plugin v24.9 (Yoast SEO v26.1) - https:\/\/yoast.com\/wordpress\/plugins\/seo\/ -->\n<title>M\u00e1quina para embutidos el\u00e9ctrica 15L - distribuci\u00f3n ARC<\/title>\n<meta name=\"robots\" content=\"index, follow, max-snippet:-1, max-image-preview:large, max-video-preview:-1\" \/>\n<link rel=\"canonical\" href=\"https:\/\/distribucionarc.com\/it\/prodotto\/salsiccia-elettrica-15l\/\" \/>\n<meta property=\"og:locale\" content=\"it_IT\" \/>\n<meta property=\"og:type\" content=\"article\" \/>\n<meta property=\"og:title\" content=\"M\u00e1quina para embutidos el\u00e9ctrica 15L\" \/>\n<meta property=\"og:description\" content=\"M\u00e1quina para embutidos el\u00e9ctrica 15L\u00a0 La maquina para salchichas el\u00e9ctrica ARCMPS2 combina todas las ventajas del relleno de embutidos el\u00e9ctrico del mercado. Usted puede disfrutar de una producci\u00f3n sencilla y de grandes cantidades de embutidos gourmet en cualquier momento.\u00a0 se puede utilizar para uso comercial o dom\u00e9stico.  El cuerpo de la embutidora de ARC est\u00e1 hecho de acero inoxidable resistente a la oxidaci\u00f3n, por lo que es duradero. Un marco robusto que no se dobla ni se inclina bajo presi\u00f3n. La rellenadora de salchichas tiene un sistema de gesti\u00f3n de velocidad variable y alto dual. La puede ajustar a la velocidad m\u00e1s adecuada para cada producto. Garant\u00eda ARC 2 A\u00d1OS motor m\u00e1s eficiente bajo consumo 40 w soporte t\u00e9cnico\u00a0incluido. &nbsp;\" \/>\n<meta property=\"og:url\" content=\"https:\/\/distribucionarc.com\/it\/prodotto\/salsiccia-elettrica-15l\/\" \/>\n<meta property=\"og:site_name\" content=\"distribuci\u00f3n ARC\" \/>\n<meta property=\"article:modified_time\" content=\"2020-10-09T09:36:51+00:00\" \/>\n<meta property=\"og:image\" content=\"https:\/\/distribucionarc.com\/wp-content\/uploads\/2020\/07\/M\u00e1quina-para-embutidos-el\u00e9ctrica-15L-0.jpg\" \/>\n\t<meta property=\"og:image:width\" content=\"1600\" \/>\n\t<meta property=\"og:image:height\" content=\"1600\" \/>\n\t<meta property=\"og:image:type\" content=\"image\/jpeg\" \/>\n<meta name=\"twitter:card\" content=\"summary_large_image\" \/>\n<meta name=\"twitter:label1\" content=\"Tempo di lettura stimato\" \/>\n\t<meta name=\"twitter:data1\" content=\"2 minuti\" \/>\n<script type=\"application\/ld+json\" class=\"yoast-schema-graph\">{\"@context\":\"https:\/\/schema.org\",\"@graph\":[{\"@type\":\"WebPage\",\"@id\":\"https:\/\/distribucionarc.com\/pl\/producto\/maquina-para-embutidos-electrica-15l\/\",\"url\":\"https:\/\/distribucionarc.com\/pl\/producto\/maquina-para-embutidos-electrica-15l\/\",\"name\":\"M\u00e1quina para embutidos el\u00e9ctrica 15L - distribuci\u00f3n ARC\",\"isPartOf\":{\"@id\":\"https:\/\/distribucionarc.com\/de\/#website\"},\"primaryImageOfPage\":{\"@id\":\"https:\/\/distribucionarc.com\/pl\/producto\/maquina-para-embutidos-electrica-15l\/#primaryimage\"},\"image\":{\"@id\":\"https:\/\/distribucionarc.com\/pl\/producto\/maquina-para-embutidos-electrica-15l\/#primaryimage\"},\"thumbnailUrl\":\"https:\/\/distribucionarc.com\/wp-content\/uploads\/2020\/07\/M\u00e1quina-para-embutidos-el\u00e9ctrica-15L-0.jpg\",\"datePublished\":\"2020-07-23T12:14:59+00:00\",\"dateModified\":\"2020-10-09T09:36:51+00:00\",\"breadcrumb\":{\"@id\":\"https:\/\/distribucionarc.com\/pl\/producto\/maquina-para-embutidos-electrica-15l\/#breadcrumb\"},\"inLanguage\":\"it-IT\",\"potentialAction\":[{\"@type\":\"ReadAction\",\"target\":[\"https:\/\/distribucionarc.com\/pl\/producto\/maquina-para-embutidos-electrica-15l\/\"]}]},{\"@type\":\"ImageObject\",\"inLanguage\":\"it-IT\",\"@id\":\"https:\/\/distribucionarc.com\/pl\/producto\/maquina-para-embutidos-electrica-15l\/#primaryimage\",\"url\":\"https:\/\/distribucionarc.com\/wp-content\/uploads\/2020\/07\/M\u00e1quina-para-embutidos-el\u00e9ctrica-15L-0.jpg\",\"contentUrl\":\"https:\/\/distribucionarc.com\/wp-content\/uploads\/2020\/07\/M\u00e1quina-para-embutidos-el\u00e9ctrica-15L-0.jpg\",\"width\":1600,\"height\":1600,\"caption\":\"sausage stuffer sausage maker sausage stuffer machine sausage maker kit sausage making kit sausage makers sausages stuffer sausage making machine lem sausage stuffer meat stuffer sausage press sausage machine sausage filler sausage kit\"},{\"@type\":\"BreadcrumbList\",\"@id\":\"https:\/\/distribucionarc.com\/pl\/producto\/maquina-para-embutidos-electrica-15l\/#breadcrumb\",\"itemListElement\":[{\"@type\":\"ListItem\",\"position\":1,\"name\":\"Portada\",\"item\":\"https:\/\/distribucionarc.com\/pl\/\"},{\"@type\":\"ListItem\",\"position\":2,\"name\":\"Produkty\",\"item\":\"https:\/\/distribucionarc.com\/pl\/shop\/\"},{\"@type\":\"ListItem\",\"position\":3,\"name\":\"M\u00e1quina para embutidos el\u00e9ctrica 15L\"}]},{\"@type\":\"WebSite\",\"@id\":\"https:\/\/distribucionarc.com\/de\/#website\",\"url\":\"https:\/\/distribucionarc.com\/de\/\",\"name\":\"distribuci\u00f3n ARC\",\"description\":\"Empresa especializada en la fabricaci\u00f3n y distribuci\u00f3n de maquinaria industrial, selladoras de latas, Maquinas de hacer pastillas, Maquinas de cortar carne...\",\"publisher\":{\"@id\":\"https:\/\/distribucionarc.com\/de\/#organization\"},\"potentialAction\":[{\"@type\":\"SearchAction\",\"target\":{\"@type\":\"EntryPoint\",\"urlTemplate\":\"https:\/\/distribucionarc.com\/de\/?s={search_term_string}\"},\"query-input\":{\"@type\":\"PropertyValueSpecification\",\"valueRequired\":true,\"valueName\":\"search_term_string\"}}],\"inLanguage\":\"it-IT\"},{\"@type\":\"Organization\",\"@id\":\"https:\/\/distribucionarc.com\/de\/#organization\",\"name\":\"Distribuci\u00f3n ARC\",\"url\":\"https:\/\/distribucionarc.com\/de\/\",\"logo\":{\"@type\":\"ImageObject\",\"inLanguage\":\"it-IT\",\"@id\":\"https:\/\/distribucionarc.com\/de\/#\/schema\/logo\/image\/\",\"url\":\"https:\/\/distribucionarc.com\/wp-content\/uploads\/2024\/10\/distribucion-ARC-COLOR-SIN-FONDO-e1732295305345.png\",\"contentUrl\":\"https:\/\/distribucionarc.com\/wp-content\/uploads\/2024\/10\/distribucion-ARC-COLOR-SIN-FONDO-e1732295305345.png\",\"width\":1164,\"height\":558,\"caption\":\"Distribuci\u00f3n ARC\"},\"image\":{\"@id\":\"https:\/\/distribucionarc.com\/de\/#\/schema\/logo\/image\/\"},\"description\":\"Empresa especializada en la fabricaci\u00f3n y distribuci\u00f3n de maquinaria industrial para los sectores alimentario y farmac\u00e9utico. Nos especializamos en: M\u00e1quinas de cortar carne Fabricaci\u00f3n de comprimidos Sistemas de transporte industrial L\u00edneas de embotellado Dosificadores Y mucho m\u00e1s... Ofrecemos soluciones innovadoras y personalizadas para optimizar los procesos productivos de tu empresa.\",\"email\":\"Admistracion@distribucionarc.com\",\"telephone\":\"+34 643496664\",\"legalName\":\"ARC TECH SOLUTIONS\",\"foundingDate\":\"2024-04-09\",\"vatID\":\"B55480172\",\"numberOfEmployees\":{\"@type\":\"QuantitativeValue\",\"minValue\":\"1\",\"maxValue\":\"10\"}}]}<\/script>\n<!-- \/ Yoast SEO Premium plugin. -->","yoast_head_json":{"title":"Salsicciatrice elettrica 15L - Distribuzione ARC","robots":{"index":"index","follow":"follow","max-snippet":"max-snippet:-1","max-image-preview":"max-image-preview:large","max-video-preview":"max-video-preview:-1"},"canonical":"https:\/\/distribucionarc.com\/it\/prodotto\/salsiccia-elettrica-15l\/","og_locale":"it_IT","og_type":"article","og_title":"M\u00e1quina para embutidos el\u00e9ctrica 15L","og_description":"M\u00e1quina para embutidos el\u00e9ctrica 15L\u00a0 La maquina para salchichas el\u00e9ctrica ARCMPS2 combina todas las ventajas del relleno de embutidos el\u00e9ctrico del mercado. Usted puede disfrutar de una producci\u00f3n sencilla y de grandes cantidades de embutidos gourmet en cualquier momento.\u00a0 se puede utilizar para uso comercial o dom\u00e9stico.  El cuerpo de la embutidora de ARC est\u00e1 hecho de acero inoxidable resistente a la oxidaci\u00f3n, por lo que es duradero. Un marco robusto que no se dobla ni se inclina bajo presi\u00f3n. La rellenadora de salchichas tiene un sistema de gesti\u00f3n de velocidad variable y alto dual. La puede ajustar a la velocidad m\u00e1s adecuada para cada producto. Garant\u00eda ARC 2 A\u00d1OS motor m\u00e1s eficiente bajo consumo 40 w soporte t\u00e9cnico\u00a0incluido. &nbsp;","og_url":"https:\/\/distribucionarc.com\/it\/prodotto\/salsiccia-elettrica-15l\/","og_site_name":"distribuci\u00f3n ARC","article_modified_time":"2020-10-09T09:36:51+00:00","og_image":[{"width":1600,"height":1600,"url":"https:\/\/distribucionarc.com\/wp-content\/uploads\/2020\/07\/M\u00e1quina-para-embutidos-el\u00e9ctrica-15L-0.jpg","type":"image\/jpeg"}],"twitter_card":"summary_large_image","twitter_misc":{"Tempo di lettura stimato":"2 minuti"},"schema":{"@context":"https:\/\/schema.org","@graph":[{"@type":"WebPage","@id":"https:\/\/distribucionarc.com\/pl\/producto\/maquina-para-embutidos-electrica-15l\/","url":"https:\/\/distribucionarc.com\/pl\/producto\/maquina-para-embutidos-electrica-15l\/","name":"Salsicciatrice elettrica 15L - Distribuzione ARC","isPartOf":{"@id":"https:\/\/distribucionarc.com\/de\/#website"},"primaryImageOfPage":{"@id":"https:\/\/distribucionarc.com\/pl\/producto\/maquina-para-embutidos-electrica-15l\/#primaryimage"},"image":{"@id":"https:\/\/distribucionarc.com\/pl\/producto\/maquina-para-embutidos-electrica-15l\/#primaryimage"},"thumbnailUrl":"https:\/\/distribucionarc.com\/wp-content\/uploads\/2020\/07\/M\u00e1quina-para-embutidos-el\u00e9ctrica-15L-0.jpg","datePublished":"2020-07-23T12:14:59+00:00","dateModified":"2020-10-09T09:36:51+00:00","breadcrumb":{"@id":"https:\/\/distribucionarc.com\/pl\/producto\/maquina-para-embutidos-electrica-15l\/#breadcrumb"},"inLanguage":"it-IT","potentialAction":[{"@type":"ReadAction","target":["https:\/\/distribucionarc.com\/pl\/producto\/maquina-para-embutidos-electrica-15l\/"]}]},{"@type":"ImageObject","inLanguage":"it-IT","@id":"https:\/\/distribucionarc.com\/pl\/producto\/maquina-para-embutidos-electrica-15l\/#primaryimage","url":"https:\/\/distribucionarc.com\/wp-content\/uploads\/2020\/07\/M\u00e1quina-para-embutidos-el\u00e9ctrica-15L-0.jpg","contentUrl":"https:\/\/distribucionarc.com\/wp-content\/uploads\/2020\/07\/M\u00e1quina-para-embutidos-el\u00e9ctrica-15L-0.jpg","width":1600,"height":1600,"caption":"sausage stuffer sausage maker sausage stuffer machine sausage maker kit sausage making kit sausage makers sausages stuffer sausage making machine lem sausage stuffer meat stuffer sausage press sausage machine sausage filler sausage kit"},{"@type":"BreadcrumbList","@id":"https:\/\/distribucionarc.com\/pl\/producto\/maquina-para-embutidos-electrica-15l\/#breadcrumb","itemListElement":[{"@type":"ListItem","position":1,"name":"Portada","item":"https:\/\/distribucionarc.com\/pl\/"},{"@type":"ListItem","position":2,"name":"Produkty","item":"https:\/\/distribucionarc.com\/pl\/shop\/"},{"@type":"ListItem","position":3,"name":"M\u00e1quina para embutidos el\u00e9ctrica 15L"}]},{"@type":"WebSite","@id":"https:\/\/distribucionarc.com\/de\/#website","url":"https:\/\/distribucionarc.com\/de\/","name":"Distribuzione dell&#039;ARCO","description":"Azienda specializzata nella produzione e distribuzione di macchinari industriali, macchine sigillatrici di lattine, macchine per la produzione di compresse, macchine per il taglio della carne...","publisher":{"@id":"https:\/\/distribucionarc.com\/de\/#organization"},"potentialAction":[{"@type":"SearchAction","target":{"@type":"EntryPoint","urlTemplate":"https:\/\/distribucionarc.com\/de\/?s={search_term_string}"},"query-input":{"@type":"PropertyValueSpecification","valueRequired":true,"valueName":"search_term_string"}}],"inLanguage":"it-IT"},{"@type":"Organization","@id":"https:\/\/distribucionarc.com\/de\/#organization","name":"Distribuzione dell&#039;ARC","url":"https:\/\/distribucionarc.com\/de\/","logo":{"@type":"ImageObject","inLanguage":"it-IT","@id":"https:\/\/distribucionarc.com\/de\/#\/schema\/logo\/image\/","url":"https:\/\/distribucionarc.com\/wp-content\/uploads\/2024\/10\/distribucion-ARC-COLOR-SIN-FONDO-e1732295305345.png","contentUrl":"https:\/\/distribucionarc.com\/wp-content\/uploads\/2024\/10\/distribucion-ARC-COLOR-SIN-FONDO-e1732295305345.png","width":1164,"height":558,"caption":"Distribuci\u00f3n ARC"},"image":{"@id":"https:\/\/distribucionarc.com\/de\/#\/schema\/logo\/image\/"},"description":"Azienda specializzata nella produzione e distribuzione di macchinari industriali per il settore alimentare e farmaceutico. Siamo specializzati in: Macchine per il taglio della carne Produzione di compresse Sistemi di trasporto industriale Linee di imbottigliamento Dispenser E molto altro ancora... Offriamo soluzioni innovative e personalizzate per ottimizzare i processi produttivi della vostra azienda.","email":"Admistracion@distribucionarc.com","telephone":"+34 643496664","legalName":"ARC TECH SOLUTIONS","foundingDate":"2024-04-09","vatID":"B55480172","numberOfEmployees":{"@type":"QuantitativeValue","minValue":"1","maxValue":"10"}}]}},"_links":{"self":[{"href":"https:\/\/distribucionarc.com\/it\/wp-json\/wp\/v2\/product\/1358","targetHints":{"allow":["GET"]}}],"collection":[{"href":"https:\/\/distribucionarc.com\/it\/wp-json\/wp\/v2\/product"}],"about":[{"href":"https:\/\/distribucionarc.com\/it\/wp-json\/wp\/v2\/types\/product"}],"replies":[{"embeddable":true,"href":"https:\/\/distribucionarc.com\/it\/wp-json\/wp\/v2\/comments?post=1358"}],"version-history":[{"count":0,"href":"https:\/\/distribucionarc.com\/it\/wp-json\/wp\/v2\/product\/1358\/revisions"}],"wp:featuredmedia":[{"embeddable":true,"href":"https:\/\/distribucionarc.com\/it\/wp-json\/wp\/v2\/media\/1366"}],"wp:attachment":[{"href":"https:\/\/distribucionarc.com\/it\/wp-json\/wp\/v2\/media?parent=1358"}],"wp:term":[{"taxonomy":"product_brand","embeddable":true,"href":"https:\/\/distribucionarc.com\/it\/wp-json\/wp\/v2\/product_brand?post=1358"},{"taxonomy":"product_cat","embeddable":true,"href":"https:\/\/distribucionarc.com\/it\/wp-json\/wp\/v2\/product_cat?post=1358"},{"taxonomy":"product_tag","embeddable":true,"href":"https:\/\/distribucionarc.com\/it\/wp-json\/wp\/v2\/product_tag?post=1358"}],"curies":[{"name":"wp","href":"https:\/\/api.w.org\/{rel}","templated":true}]}}