{"id":1406,"date":"2020-07-24T10:10:37","date_gmt":"2020-07-24T10:10:37","guid":{"rendered":"https:\/\/distribucionarc.com\/?post_type=product&#038;p=1406"},"modified":"2022-08-09T10:24:37","modified_gmt":"2022-08-09T10:24:37","slug":"macchina-per-il-ghiaccio-a-cubetti-70-kg","status":"publish","type":"product","link":"https:\/\/distribucionarc.com\/it\/producto\/maquina-de-hielo-para-cubitos-de-hielo-70-kg\/","title":{"rendered":"Macchina per cubetti di ghiaccio 60 Kg"},"content":{"rendered":"<h3>Macchina per il ghiaccio a cubetti 60 Kg<\/h3>\n<p>IL\u00a0<strong>macchina per il ghiaccio<\/strong>\u00a0\u00e8 dotato di a<strong>\u00a0sistema di protezione automatica<\/strong>\u00a0che pu\u00f2 arrestarsi automaticamente quando il ghiaccio \u00e8 pieno o in mancanza d&#039;acqua, evitando efficacemente incidenti.<\/p>\n<p>Adotta il compressore SECOP importato che ha un kernel potente e pu\u00f2 essere utilizzato in modo silenzioso.\u00a0<span style=\"color: #008000;\"><strong>Fornir\u00e0 risparmi energetici e contribuir\u00e0 a essere rispettosi dell&#039;ambiente.<\/strong><\/span>, pu\u00f2 massimizzare l&#039;efficienza della produzione di ghiaccio.<\/p>\n<p>IL<strong>\u00a0macchina per il ghiaccio<\/strong>\u00a0Di\u00a0<strong><span style=\"color: #ff0000;\">A<\/span><span style=\"color: #0000ff;\">R<\/span>C<\/strong> \u00c8 circondato da un isolamento in schiuma a doppio strato, che pu\u00f2 prevenire efficacemente lo scioglimento dei cubetti di ghiaccio per 3-5 ore dopo un&#039;interruzione di corrente. Il design visualizzato consente una visione diretta dell&#039;interno senza la necessit\u00e0 di rimuovere la copertura. Dotato di una ciotola di ghiaccio multi-raster da 45 pezzi (5 x 9), questo<strong>\u00a0macchina a cubetti\u00a0<span style=\"color: #ff0000;\">A<\/span><span style=\"color: #0000ff;\">R<\/span>CMCH60<\/strong> \u00e8 in grado di produrre circa (55-60 kg) di squisiti frutti <strong>cubetti di ghiaccio cristallini<\/strong> ogni 24 ore. Lo spessore dei cubetti di ghiaccio pu\u00f2 essere regolato liberamente in base alle necessit\u00e0. Dispone inoltre di una pompa di scarico per facilitare lo svuotamento.<\/p>\n<p>Questo\u00a0<strong>macchina per il ghiaccio\u00a0<span style=\"color: #ff0000;\">A<\/span><span style=\"color: #0000ff;\">R<\/span>C<\/strong>\u00a0 \u00c8 dotato di un pannello LCD touch intelligente in grado di controllare con precisione la temperatura e regolare l&#039;ora. Grazie alla funzione di backup, il produttore di ghiaccio pu\u00f2 essere spento di notte e riavviato al mattino<\/p>\n<p>IL\u00a0<strong>macchina per cubetti di ghiaccio<\/strong>\u00a0Potere\u00a0<span style=\"color: #00ccff;\"><strong>pulire automaticamente<\/strong><\/span> in circa 30 minuti con un solo pulsante, risparmiando tempo e fatica. Usa il <span style=\"color: #800080;\"><strong>Luce blu NANO-UV<\/strong><\/span>, Quello <span style=\"color: #00ccff;\"><strong>contribuisce all&#039;illuminazione interna ed \u00e8 efficace per la sterilizzazione<\/strong>.<\/span><\/p>\n<h6><strong>Garanzia\u00a0<span style=\"color: #ff0000;\">A<\/span><span style=\"color: #0000ff;\">R<\/span>C 2 ANNI<\/strong><\/h6>\n<h6><span style=\"color: #008000;\"><strong>Efficiente macchina per il ghiaccio, basso consumo 300w<\/strong><\/span><\/h6>\n<h6><strong>supporto tecnico incluso.<\/strong><\/h6>\n<p>&nbsp;<\/p>\n<table role=\"presentation\" width=\"100%\" cellspacing=\"0\" cellpadding=\"0\">\n<tbody>\n<tr>\n<td class=\"attrLabels\">Energia:<\/td>\n<td width=\"50.0%\">300W<\/td>\n<\/tr>\n<tr>\n<td class=\"attrLabels\">voltaggio:<\/td>\n<td width=\"50.0%\">220 V \u2013 240 V, 50 Hz<\/td>\n<td class=\"attrLabels\">Peso:<\/td>\n<td width=\"50.0%\">70 kg<\/td>\n<\/tr>\n<tr>\n<td class=\"attrLabels\">Paese di distribuzione:<\/td>\n<td width=\"50.0%\">Spagna, Germania, Stati Uniti<\/td>\n<td class=\"attrLabels\">Altezza:<\/td>\n<td width=\"50.0%\">83 cm<\/td>\n<\/tr>\n<tr>\n<td class=\"attrLabels\">Marca:<\/td>\n<td width=\"50.0%\">ARCO<\/td>\n<td class=\"attrLabels\">Lungo:<\/td>\n<td width=\"50.0%\">50 cm<\/td>\n<\/tr>\n<tr>\n<td class=\"attrLabels\">Tipo di prodotto:<\/td>\n<td width=\"50.0%\">Macchina per cubetti di ghiaccio<\/td>\n<td class=\"attrLabels\">Ampio:<\/td>\n<td width=\"50.0%\">\u00a037 cm<\/td>\n<\/tr>\n<tr>\n<td class=\"attrLabels\">Numero del produttore:<\/td>\n<td width=\"50.0%\">ARCMCH70<\/td>\n<td class=\"attrLabels\">Velocit\u00e0 di lavoro:<\/td>\n<td width=\"50.0%\">\u00a060 kg<\/td>\n<\/tr>\n<tr>\n<td class=\"attrLabels\">Materiale:<\/td>\n<td width=\"50.0%\">acciaio inossidabile, touch screen LCD, luce blu UV, motore ottimizzato, pompa di scarico<\/td>\n<td class=\"attrLabels\">dimensione del cubetto di ghiaccio:<\/td>\n<td width=\"50.0%\">22x22x22mm<\/td>\n<\/tr>\n<tr>\n<td class=\"attrLabels\">Colore:<\/td>\n<td width=\"50.0%\">Argento<\/td>\n<td class=\"attrLabels\">Magazzinaggio:<\/td>\n<td width=\"50.0%\">20kg<\/td>\n<\/tr>\n<tr>\n<td class=\"attrLabels\">Strumenti di installazione:<\/td>\n<td width=\"50.0%\">S\u00ec<\/td>\n<td class=\"attrLabels\">Garanzia:<\/td>\n<td width=\"50.0%\">2 ANNI<\/td>\n<\/tr>\n<\/tbody>\n<\/table>","protected":false},"excerpt":{"rendered":"<h2>Macchina per il ghiaccio a cubetti 60 Kg<\/h2>\n<p>Non perdere altro tempo acquistando borse del ghiaccio, con il\u00a0<strong>macchine per cubetti di ghiaccio<\/strong>\u00a0Di<span style=\"color: #ff0000;\">\u00a0<\/span><strong><span style=\"color: #ff0000;\">A<\/span><span style=\"color: #0000ff;\">R<\/span>C;<\/strong> Non dovrai andare da nessuna parte per avere sempre le tue riserve piene, conservandole mentre viene prodotto altro ghiaccio.<\/p>\n<p>Questo\u00a0<strong>macchina per il ghiaccio\u00a0<span style=\"color: #ff0000;\">A<\/span><span style=\"color: #0000ff;\">R<\/span>C<\/strong>\u00a0L&#039;alta qualit\u00e0 \u00e8 realizzata in acciaio inossidabile della migliore qualit\u00e0, speciale per alimenti con isolamento in schiuma a doppio strato.  IL\u00a0<strong>macchina per cubetti di ghiaccio<\/strong>\u00a0<strong><span style=\"color: #ff0000;\">A<\/span><span style=\"color: #0000ff;\">R<\/span>CMCH60<\/strong>\u00a0ha una capacit\u00e0 di<span style=\"color: #3366ff;\">\u00a0<span style=\"color: #0000ff;\"><strong>produzione di ghiaccio di 60 kg in 24 ore<\/strong><\/span><\/span> e una capacit\u00e0 di stoccaggio del ghiaccio di 20 kg, con il <strong>macchina per il ghiaccio<\/strong>\u00a0Puoi regolare lo spessore dei cubetti secondo necessit\u00e0.<\/p>\n<h6><strong>Garanzia <span style=\"color: #ff0000;\">A<\/span><span style=\"color: #0000ff;\">R<\/span>C 2 ANNI<\/strong><\/h6>\n<h6><span style=\"color: #008000;\"><strong>Efficiente macchina per il ghiaccio, basso consumo 300w<\/strong><\/span><\/h6>\n<h6><strong>supporto tecnico incluso.<\/strong><\/h6>","protected":false},"featured_media":1413,"comment_status":"open","ping_status":"closed","template":"","meta":{"wds_primary_product_brand":0,"wds_primary_product_cat":0},"product_brand":[],"product_cat":[59],"product_tag":[],"class_list":{"0":"post-1406","1":"product","2":"type-product","3":"status-publish","4":"has-post-thumbnail","6":"product_cat-hielo","7":"product_shipping_class-hosteleria","9":"first","10":"instock","11":"sale","12":"taxable","13":"shipping-taxable","14":"purchasable","15":"product-type-simple"},"yoast_head":"<!-- This site is optimized with the Yoast SEO Premium plugin v24.9 (Yoast SEO v26.1) - https:\/\/yoast.com\/wordpress\/plugins\/seo\/ -->\n<title>M\u00e1quina para cubitos de hielo 60 Kg - distribuci\u00f3n ARC<\/title>\n<meta name=\"robots\" content=\"index, follow, max-snippet:-1, max-image-preview:large, max-video-preview:-1\" \/>\n<link rel=\"canonical\" href=\"https:\/\/www.distribucionarc.com\/fr\/producto\/maquina-de-hielo-para-cubitos-de-hielo-70-kg\/\" \/>\n<meta property=\"og:locale\" content=\"it_IT\" \/>\n<meta property=\"og:type\" content=\"article\" \/>\n<meta property=\"og:title\" content=\"M\u00e1quina para cubitos de hielo 60 Kg\" \/>\n<meta property=\"og:description\" content=\"M\u00e1quina de hielo para cubitos de hielo 60 Kg No pierdas m\u00e1s el tiempo comprando sacos de hielo, con las\u00a0m\u00e1quinas para cubitos de hielo\u00a0de\u00a0ARC; no tendr\u00e1s que ir a ning\u00fan lado para tener tus reservas siempre llenas, al almacenarlo mientras se va fabricando m\u00e1s hielo.  Esta\u00a0m\u00e1quina de hielo\u00a0ARC\u00a0de alta calidad est\u00e1 hecha de acero inoxidable de la mejor calidad, especial para alimentos con aislamiento de espuma de doble capa. \u00a0La\u00a0m\u00e1quina para cubitos de hielo\u00a0ARCMCH60\u00a0cuenta con una capacidad de\u00a0producci\u00f3n de hielo de 60 kg en 24 horas y una capacidad de almacenamiento de hielo de 20 Kg, con la maquina de hielo\u00a0usted podr\u00e1 ajustar el grosor de los cubitos seg\u00fan le sea necesario. Garant\u00eda ARC 2 A\u00d1OS Maquina para cubitos de hielo eficiente, bajo consumo 300w soporte t\u00e9cnico\u00a0incluido.\" \/>\n<meta property=\"og:url\" content=\"https:\/\/www.distribucionarc.com\/fr\/producto\/maquina-de-hielo-para-cubitos-de-hielo-70-kg\/\" \/>\n<meta property=\"og:site_name\" content=\"distribuci\u00f3n ARC\" \/>\n<meta property=\"article:modified_time\" content=\"2022-08-09T10:24:37+00:00\" \/>\n<meta property=\"og:image\" content=\"https:\/\/distribucionarc.com\/wp-content\/uploads\/2020\/07\/M\u00e1quina-de-hielo-para-cubitos-de-hielo-70-Kg-0.jpg\" \/>\n\t<meta property=\"og:image:width\" content=\"1600\" \/>\n\t<meta property=\"og:image:height\" content=\"1600\" \/>\n\t<meta property=\"og:image:type\" content=\"image\/jpeg\" \/>\n<meta name=\"twitter:card\" content=\"summary_large_image\" \/>\n<meta name=\"twitter:label1\" content=\"Tempo di lettura stimato\" \/>\n\t<meta name=\"twitter:data1\" content=\"2 minuti\" \/>\n<script type=\"application\/ld+json\" class=\"yoast-schema-graph\">{\"@context\":\"https:\/\/schema.org\",\"@graph\":[{\"@type\":\"WebPage\",\"@id\":\"https:\/\/www.distribucionarc.com\/fr\/producto\/maquina-de-hielo-para-cubitos-de-hielo-70-kg\/\",\"url\":\"https:\/\/www.distribucionarc.com\/fr\/producto\/maquina-de-hielo-para-cubitos-de-hielo-70-kg\/\",\"name\":\"M\u00e1quina para cubitos de hielo 60 Kg - distribuci\u00f3n ARC\",\"isPartOf\":{\"@id\":\"https:\/\/www.distribucionarc.com\/sl\/#website\"},\"primaryImageOfPage\":{\"@id\":\"https:\/\/www.distribucionarc.com\/fr\/producto\/maquina-de-hielo-para-cubitos-de-hielo-70-kg\/#primaryimage\"},\"image\":{\"@id\":\"https:\/\/www.distribucionarc.com\/fr\/producto\/maquina-de-hielo-para-cubitos-de-hielo-70-kg\/#primaryimage\"},\"thumbnailUrl\":\"https:\/\/distribucionarc.com\/wp-content\/uploads\/2020\/07\/M\u00e1quina-de-hielo-para-cubitos-de-hielo-70-Kg-0.jpg\",\"datePublished\":\"2020-07-24T10:10:37+00:00\",\"dateModified\":\"2022-08-09T10:24:37+00:00\",\"breadcrumb\":{\"@id\":\"https:\/\/www.distribucionarc.com\/fr\/producto\/maquina-de-hielo-para-cubitos-de-hielo-70-kg\/#breadcrumb\"},\"inLanguage\":\"it-IT\",\"potentialAction\":[{\"@type\":\"ReadAction\",\"target\":[\"https:\/\/www.distribucionarc.com\/fr\/producto\/maquina-de-hielo-para-cubitos-de-hielo-70-kg\/\"]}]},{\"@type\":\"ImageObject\",\"inLanguage\":\"it-IT\",\"@id\":\"https:\/\/www.distribucionarc.com\/fr\/producto\/maquina-de-hielo-para-cubitos-de-hielo-70-kg\/#primaryimage\",\"url\":\"https:\/\/distribucionarc.com\/wp-content\/uploads\/2020\/07\/M\u00e1quina-de-hielo-para-cubitos-de-hielo-70-Kg-0.jpg\",\"contentUrl\":\"https:\/\/distribucionarc.com\/wp-content\/uploads\/2020\/07\/M\u00e1quina-de-hielo-para-cubitos-de-hielo-70-Kg-0.jpg\",\"width\":1600,\"height\":1600,\"caption\":\"M\u00e1quina de hielo para cubitos de hielo 70 Kg\"},{\"@type\":\"BreadcrumbList\",\"@id\":\"https:\/\/www.distribucionarc.com\/fr\/producto\/maquina-de-hielo-para-cubitos-de-hielo-70-kg\/#breadcrumb\",\"itemListElement\":[{\"@type\":\"ListItem\",\"position\":1,\"name\":\"Portada\",\"item\":\"https:\/\/www.distribucionarc.com\/\"},{\"@type\":\"ListItem\",\"position\":2,\"name\":\"\u00dcr\u00fcnler\",\"item\":\"https:\/\/www.distribucionarc.com\/tr\/magaza\/\"},{\"@type\":\"ListItem\",\"position\":3,\"name\":\"M\u00e1quina para cubitos de hielo 60 Kg\"}]},{\"@type\":\"WebSite\",\"@id\":\"https:\/\/www.distribucionarc.com\/sl\/#website\",\"url\":\"https:\/\/www.distribucionarc.com\/sl\/\",\"name\":\"distribuci\u00f3n ARC\",\"description\":\"Empresa especializada en la fabricaci\u00f3n y distribuci\u00f3n de maquinaria industrial, selladoras de latas, Maquinas de hacer pastillas, Maquinas de cortar carne...\",\"publisher\":{\"@id\":\"https:\/\/www.distribucionarc.com\/sl\/#organization\"},\"potentialAction\":[{\"@type\":\"SearchAction\",\"target\":{\"@type\":\"EntryPoint\",\"urlTemplate\":\"https:\/\/www.distribucionarc.com\/sl\/?s={search_term_string}\"},\"query-input\":{\"@type\":\"PropertyValueSpecification\",\"valueRequired\":true,\"valueName\":\"search_term_string\"}}],\"inLanguage\":\"it-IT\"},{\"@type\":\"Organization\",\"@id\":\"https:\/\/www.distribucionarc.com\/sl\/#organization\",\"name\":\"Distribuci\u00f3n ARC\",\"url\":\"https:\/\/www.distribucionarc.com\/sl\/\",\"logo\":{\"@type\":\"ImageObject\",\"inLanguage\":\"it-IT\",\"@id\":\"https:\/\/www.distribucionarc.com\/sl\/#\/schema\/logo\/image\/\",\"url\":\"https:\/\/distribucionarc.com\/wp-content\/uploads\/2024\/10\/distribucion-ARC-COLOR-SIN-FONDO-e1732295305345.png\",\"contentUrl\":\"https:\/\/distribucionarc.com\/wp-content\/uploads\/2024\/10\/distribucion-ARC-COLOR-SIN-FONDO-e1732295305345.png\",\"width\":1164,\"height\":558,\"caption\":\"Distribuci\u00f3n ARC\"},\"image\":{\"@id\":\"https:\/\/www.distribucionarc.com\/sl\/#\/schema\/logo\/image\/\"},\"description\":\"Empresa especializada en la fabricaci\u00f3n y distribuci\u00f3n de maquinaria industrial para los sectores alimentario y farmac\u00e9utico. Nos especializamos en: M\u00e1quinas de cortar carne Fabricaci\u00f3n de comprimidos Sistemas de transporte industrial L\u00edneas de embotellado Dosificadores Y mucho m\u00e1s... Ofrecemos soluciones innovadoras y personalizadas para optimizar los procesos productivos de tu empresa.\",\"email\":\"Admistracion@distribucionarc.com\",\"telephone\":\"+34 643496664\",\"legalName\":\"ARC TECH SOLUTIONS\",\"foundingDate\":\"2024-04-09\",\"vatID\":\"B55480172\",\"numberOfEmployees\":{\"@type\":\"QuantitativeValue\",\"minValue\":\"1\",\"maxValue\":\"10\"}}]}<\/script>\n<!-- \/ Yoast SEO Premium plugin. -->","yoast_head_json":{"title":"Macchina per il ghiaccio in cubetti 60 Kg - distribuzione ARC","robots":{"index":"index","follow":"follow","max-snippet":"max-snippet:-1","max-image-preview":"max-image-preview:large","max-video-preview":"max-video-preview:-1"},"canonical":"https:\/\/www.distribucionarc.com\/fr\/producto\/maquina-de-hielo-para-cubitos-de-hielo-70-kg\/","og_locale":"it_IT","og_type":"article","og_title":"M\u00e1quina para cubitos de hielo 60 Kg","og_description":"M\u00e1quina de hielo para cubitos de hielo 60 Kg No pierdas m\u00e1s el tiempo comprando sacos de hielo, con las\u00a0m\u00e1quinas para cubitos de hielo\u00a0de\u00a0ARC; no tendr\u00e1s que ir a ning\u00fan lado para tener tus reservas siempre llenas, al almacenarlo mientras se va fabricando m\u00e1s hielo.  Esta\u00a0m\u00e1quina de hielo\u00a0ARC\u00a0de alta calidad est\u00e1 hecha de acero inoxidable de la mejor calidad, especial para alimentos con aislamiento de espuma de doble capa. \u00a0La\u00a0m\u00e1quina para cubitos de hielo\u00a0ARCMCH60\u00a0cuenta con una capacidad de\u00a0producci\u00f3n de hielo de 60 kg en 24 horas y una capacidad de almacenamiento de hielo de 20 Kg, con la maquina de hielo\u00a0usted podr\u00e1 ajustar el grosor de los cubitos seg\u00fan le sea necesario. Garant\u00eda ARC 2 A\u00d1OS Maquina para cubitos de hielo eficiente, bajo consumo 300w soporte t\u00e9cnico\u00a0incluido.","og_url":"https:\/\/www.distribucionarc.com\/fr\/producto\/maquina-de-hielo-para-cubitos-de-hielo-70-kg\/","og_site_name":"distribuci\u00f3n ARC","article_modified_time":"2022-08-09T10:24:37+00:00","og_image":[{"width":1600,"height":1600,"url":"https:\/\/distribucionarc.com\/wp-content\/uploads\/2020\/07\/M\u00e1quina-de-hielo-para-cubitos-de-hielo-70-Kg-0.jpg","type":"image\/jpeg"}],"twitter_card":"summary_large_image","twitter_misc":{"Tempo di lettura stimato":"2 minuti"},"schema":{"@context":"https:\/\/schema.org","@graph":[{"@type":"WebPage","@id":"https:\/\/www.distribucionarc.com\/fr\/producto\/maquina-de-hielo-para-cubitos-de-hielo-70-kg\/","url":"https:\/\/www.distribucionarc.com\/fr\/producto\/maquina-de-hielo-para-cubitos-de-hielo-70-kg\/","name":"Macchina per il ghiaccio in cubetti 60 Kg - distribuzione ARC","isPartOf":{"@id":"https:\/\/www.distribucionarc.com\/sl\/#website"},"primaryImageOfPage":{"@id":"https:\/\/www.distribucionarc.com\/fr\/producto\/maquina-de-hielo-para-cubitos-de-hielo-70-kg\/#primaryimage"},"image":{"@id":"https:\/\/www.distribucionarc.com\/fr\/producto\/maquina-de-hielo-para-cubitos-de-hielo-70-kg\/#primaryimage"},"thumbnailUrl":"https:\/\/distribucionarc.com\/wp-content\/uploads\/2020\/07\/M\u00e1quina-de-hielo-para-cubitos-de-hielo-70-Kg-0.jpg","datePublished":"2020-07-24T10:10:37+00:00","dateModified":"2022-08-09T10:24:37+00:00","breadcrumb":{"@id":"https:\/\/www.distribucionarc.com\/fr\/producto\/maquina-de-hielo-para-cubitos-de-hielo-70-kg\/#breadcrumb"},"inLanguage":"it-IT","potentialAction":[{"@type":"ReadAction","target":["https:\/\/www.distribucionarc.com\/fr\/producto\/maquina-de-hielo-para-cubitos-de-hielo-70-kg\/"]}]},{"@type":"ImageObject","inLanguage":"it-IT","@id":"https:\/\/www.distribucionarc.com\/fr\/producto\/maquina-de-hielo-para-cubitos-de-hielo-70-kg\/#primaryimage","url":"https:\/\/distribucionarc.com\/wp-content\/uploads\/2020\/07\/M\u00e1quina-de-hielo-para-cubitos-de-hielo-70-Kg-0.jpg","contentUrl":"https:\/\/distribucionarc.com\/wp-content\/uploads\/2020\/07\/M\u00e1quina-de-hielo-para-cubitos-de-hielo-70-Kg-0.jpg","width":1600,"height":1600,"caption":"M\u00e1quina de hielo para cubitos de hielo 70 Kg"},{"@type":"BreadcrumbList","@id":"https:\/\/www.distribucionarc.com\/fr\/producto\/maquina-de-hielo-para-cubitos-de-hielo-70-kg\/#breadcrumb","itemListElement":[{"@type":"ListItem","position":1,"name":"Portada","item":"https:\/\/www.distribucionarc.com\/"},{"@type":"ListItem","position":2,"name":"\u00dcr\u00fcnler","item":"https:\/\/www.distribucionarc.com\/tr\/magaza\/"},{"@type":"ListItem","position":3,"name":"M\u00e1quina para cubitos de hielo 60 Kg"}]},{"@type":"WebSite","@id":"https:\/\/www.distribucionarc.com\/sl\/#website","url":"https:\/\/www.distribucionarc.com\/sl\/","name":"Distribuzione dell&#039;ARCO","description":"Azienda specializzata nella produzione e distribuzione di macchinari industriali, macchine sigillatrici di lattine, macchine per la produzione di compresse, macchine per il taglio della carne...","publisher":{"@id":"https:\/\/www.distribucionarc.com\/sl\/#organization"},"potentialAction":[{"@type":"SearchAction","target":{"@type":"EntryPoint","urlTemplate":"https:\/\/www.distribucionarc.com\/sl\/?s={search_term_string}"},"query-input":{"@type":"PropertyValueSpecification","valueRequired":true,"valueName":"search_term_string"}}],"inLanguage":"it-IT"},{"@type":"Organization","@id":"https:\/\/www.distribucionarc.com\/sl\/#organization","name":"Distribuzione dell&#039;ARC","url":"https:\/\/www.distribucionarc.com\/sl\/","logo":{"@type":"ImageObject","inLanguage":"it-IT","@id":"https:\/\/www.distribucionarc.com\/sl\/#\/schema\/logo\/image\/","url":"https:\/\/distribucionarc.com\/wp-content\/uploads\/2024\/10\/distribucion-ARC-COLOR-SIN-FONDO-e1732295305345.png","contentUrl":"https:\/\/distribucionarc.com\/wp-content\/uploads\/2024\/10\/distribucion-ARC-COLOR-SIN-FONDO-e1732295305345.png","width":1164,"height":558,"caption":"Distribuci\u00f3n ARC"},"image":{"@id":"https:\/\/www.distribucionarc.com\/sl\/#\/schema\/logo\/image\/"},"description":"Azienda specializzata nella produzione e distribuzione di macchinari industriali per il settore alimentare e farmaceutico. Siamo specializzati in: Macchine per il taglio della carne Produzione di compresse Sistemi di trasporto industriale Linee di imbottigliamento Dispenser E molto altro ancora... Offriamo soluzioni innovative e personalizzate per ottimizzare i processi produttivi della vostra azienda.","email":"Admistracion@distribucionarc.com","telephone":"+34 643496664","legalName":"ARC TECH SOLUTIONS","foundingDate":"2024-04-09","vatID":"B55480172","numberOfEmployees":{"@type":"QuantitativeValue","minValue":"1","maxValue":"10"}}]}},"_links":{"self":[{"href":"https:\/\/distribucionarc.com\/it\/wp-json\/wp\/v2\/product\/1406","targetHints":{"allow":["GET"]}}],"collection":[{"href":"https:\/\/distribucionarc.com\/it\/wp-json\/wp\/v2\/product"}],"about":[{"href":"https:\/\/distribucionarc.com\/it\/wp-json\/wp\/v2\/types\/product"}],"replies":[{"embeddable":true,"href":"https:\/\/distribucionarc.com\/it\/wp-json\/wp\/v2\/comments?post=1406"}],"version-history":[{"count":0,"href":"https:\/\/distribucionarc.com\/it\/wp-json\/wp\/v2\/product\/1406\/revisions"}],"wp:featuredmedia":[{"embeddable":true,"href":"https:\/\/distribucionarc.com\/it\/wp-json\/wp\/v2\/media\/1413"}],"wp:attachment":[{"href":"https:\/\/distribucionarc.com\/it\/wp-json\/wp\/v2\/media?parent=1406"}],"wp:term":[{"taxonomy":"product_brand","embeddable":true,"href":"https:\/\/distribucionarc.com\/it\/wp-json\/wp\/v2\/product_brand?post=1406"},{"taxonomy":"product_cat","embeddable":true,"href":"https:\/\/distribucionarc.com\/it\/wp-json\/wp\/v2\/product_cat?post=1406"},{"taxonomy":"product_tag","embeddable":true,"href":"https:\/\/distribucionarc.com\/it\/wp-json\/wp\/v2\/product_tag?post=1406"}],"curies":[{"name":"wp","href":"https:\/\/api.w.org\/{rel}","templated":true}]}}