{"id":1443,"date":"2020-07-24T14:44:52","date_gmt":"2020-07-24T14:44:52","guid":{"rendered":"https:\/\/distribucionarc.com\/?post_type=product&#038;p=1443"},"modified":"2020-10-09T11:14:42","modified_gmt":"2020-10-09T11:14:42","slug":"macchina-per-il-latte-vegetale-professionale","status":"publish","type":"product","link":"https:\/\/distribucionarc.com\/it\/producto\/maquina-profesional-para-leche-vegetal\/","title":{"rendered":"Macchina professionale per latte vegetale"},"content":{"rendered":"<h2>Macchina professionale per latte vegetale<\/h2>\n<p>Potrai produrre latte di soia squisito e tenero, questo <strong>macchina automatica per latte vegetale<\/strong> \u00c8 adatto a tutti i tipi di fagioli, arachidi, ecc.<\/p>\n<p>Il corpo del <strong>macchina per il latte di soia<span style=\"color: #ff0000;\"> A<\/span><span style=\"color: #0000ff;\">R<\/span>C<\/strong> \u00c8 realizzato in acciaio inossidabile addensato e lega di alluminio di alta qualit\u00e0 alimentare. Il motore interamente in rame per l&#039;alta velocit\u00e0, 2800 giri\/min, non si surriscalda facilmente, la scelta migliore per ottenere le massime prestazioni. Il metodo fisico tradizionale di raffinazione non distrugge le pareti cellulari del fagiolo, mantiene efficacemente la nutrizione ed estrae le proteine.<\/p>\n<p>La base ispessita del <strong>macchina per il latte vegetale<\/strong> Di <strong><span style=\"color: #ff0000;\">A<\/span><span style=\"color: #0000ff;\">R<\/span>C<\/strong> \u00c8 anticorrosivo per favorire la durabilit\u00e0. \u00c8 fissato con grandi piedini in gomma per darti maggiore stabilit\u00e0 durante il processo. Le robuste fibbie adottate su entrambi i lati si fissano facilmente e saldamente al produttore di latte non caseario e prevengono fuoriuscite accidentali.<\/p>\n<p>Il design avanzato del <strong>macchina per la soia <span style=\"color: #ff0000;\">A<\/span><span style=\"color: #0000ff;\">R<\/span>CMLV1<\/strong> Rettifica migliorata, doppie ruote in sabbia bianca. Filtrato con ferro e maglia fitta. Gli scarti e il delizioso latte di soia vengono separati in due uscite, senza necessit\u00e0 di ulteriore lavoro.<\/p>\n<p>Produci fino a <span style=\"color: #0000ff;\"><strong>35 kg di soia all&#039;ora<\/strong><\/span> con il minimo sforzo oltre a sfruttare l&#039;efficiente motore a basso consumo energetico.<\/p>\n<h6><strong>Garanzia\u00a0<span style=\"color: #ff0000;\">A<\/span><span style=\"color: #0000ff;\">R<\/span>C 2 ANNI<\/strong><\/h6>\n<h6><span style=\"color: #008000;\">Macchina automatica per latte vegetale efficiente, basso consumo 1000 w<\/span><\/h6>\n<h6><strong>supporto tecnico incluso<\/strong><\/h6>\n<p>&nbsp;<\/p>\n<p>&nbsp;<\/p>\n<table role=\"presentation\" width=\"100%\" cellspacing=\"0\" cellpadding=\"0\">\n<tbody>\n<tr>\n<td class=\"attrLabels\">Colore:<\/td>\n<td width=\"50.0%\">Argento<\/td>\n<\/tr>\n<tr>\n<td class=\"attrLabels\">Paese di distribuzione:<\/td>\n<td width=\"50.0%\">Spagna, Germania, Stati Uniti<\/td>\n<td class=\"attrLabels\">Peso:<\/td>\n<td width=\"50.0%\">35kg<\/td>\n<\/tr>\n<tr>\n<td class=\"attrLabels\">Marca:<\/td>\n<td width=\"50.0%\">ARCO<\/td>\n<td class=\"attrLabels\">Altezza:<\/td>\n<td width=\"50.0%\">70 cm<\/td>\n<\/tr>\n<tr>\n<td class=\"attrLabels\">Garanzia:<\/td>\n<td width=\"50.0%\">2 ANNI<\/td>\n<td class=\"attrLabels\">Lungo:<\/td>\n<td width=\"50.0%\">34 cm<\/td>\n<\/tr>\n<tr>\n<td class=\"attrLabels\">Tipo di prodotto:<\/td>\n<td width=\"50.0%\">macchina per il latte di soia<\/td>\n<td class=\"attrLabels\">Ampio:<\/td>\n<td width=\"50.0%\">34 cm<\/td>\n<\/tr>\n<tr>\n<td class=\"attrLabels\">Numero del produttore:<\/td>\n<td width=\"50.0%\">ARCMLV1<\/td>\n<td class=\"attrLabels\">Energia:<\/td>\n<td width=\"50.0%\">1000W<\/td>\n<\/tr>\n<tr>\n<td class=\"attrLabels\">Materiale:<\/td>\n<td width=\"50.0%\">acciaio inossidabile, motore in rame ad alta potenza,<\/td>\n<td class=\"attrLabels\">tensione di ingresso<\/td>\n<td width=\"50.0%\">220 V \u2013 50 Hz 110 V \u2013 60 Hz<\/td>\n<\/tr>\n<tr>\n<td class=\"attrLabels\">Tipologie di trattamento:<\/td>\n<td width=\"50.0%\">freddo, caldo con o senza frittura<\/td>\n<td class=\"attrLabels\">Velocit\u00e0 del motore:<\/td>\n<td width=\"50.0%\">\u00a02800 giri\/min<\/td>\n<\/tr>\n<tr>\n<td class=\"attrLabels\">Strumenti di installazione:<\/td>\n<td width=\"50.0%\">S\u00ec<\/td>\n<td class=\"attrLabels\">Capacit\u00e0:<\/td>\n<td width=\"50.0%\">35 kg all&#039;ora<\/td>\n<\/tr>\n<\/tbody>\n<\/table>\n<p>&nbsp;<\/p>","protected":false},"excerpt":{"rendered":"<h3>Macchina professionale per latte vegetale<\/h3>\n<p>Latte fresco, sano e gustoso! Con il <strong>mulino raffinatore elettrico<\/strong> Di<strong>\u00a0<\/strong><span style=\"color: #ff0000;\"><strong>A<\/strong><\/span><span style=\"color: #0000ff;\"><strong><span style=\"font-style: inherit; font-weight: inherit;\">R<\/span><\/strong><\/span><strong>C<\/strong>\u00a0Puoi arricchire la tua cucina con le migliori bevande vegetali speciali a base di noci, cereali o semi senza additivi.<\/p>\n<p>IL <strong>macchina automatica per il latte di soia <span style=\"color: #ff0000;\">A<\/span><span style=\"color: #0000ff;\">R<\/span>C<\/strong> Adotta metodi antichi, ma con meno rumore e maggiore produzione, che a loro volta mantengono efficacemente la nutrizione ed estraggono tutte le proteine. Latte e rifiuti vengono separati. Adatto per vari materiali tra cui soia, fagioli neri, arachidi, sesamo nero, noci, mandorle, wolfberry, ecc. IL <strong>macchina per il latte di soia <span style=\"color: #ff0000;\">A<\/span><span style=\"color: #0000ff;\">R<\/span>CMLV1\u00a0 <\/strong>Ha un robusto corpo in acciaio inossidabile della migliore qualit\u00e0 alimentare.<\/p>\n<div class=\"summary entry-summary\">\n<div class=\"woocommerce-product-details__short-description\"><\/div>\n<\/div>\n<div class=\"woocommerce-tabs wc-tabs-wrapper\">\n<h6><strong>Garanzia\u00a0<span style=\"color: #ff0000;\">A<\/span><span style=\"color: #0000ff;\">R<\/span>C 2 ANNI<\/strong><\/h6>\n<h6><span style=\"color: #008000;\">Macchina automatica per latte vegetale efficiente, basso consumo 1000 w<\/span><\/h6>\n<h6><strong>supporto tecnico incluso<\/strong><\/h6>\n<\/div>","protected":false},"featured_media":1450,"comment_status":"open","ping_status":"closed","template":"","meta":{"wds_primary_product_brand":0,"wds_primary_product_cat":0},"product_brand":[],"product_cat":[55],"product_tag":[],"class_list":{"0":"post-1443","1":"product","2":"type-product","3":"status-publish","4":"has-post-thumbnail","6":"product_cat-extractor-prensa-de-aceites","7":"product_shipping_class-hosteleria","9":"first","10":"instock","11":"sale","12":"taxable","13":"shipping-taxable","14":"purchasable","15":"product-type-simple"},"yoast_head":"<!-- This site is optimized with the Yoast SEO Premium plugin v24.9 (Yoast SEO v26.1) - https:\/\/yoast.com\/wordpress\/plugins\/seo\/ -->\n<title>Maquina profesional para leche vegetal - distribuci\u00f3n ARC<\/title>\n<meta name=\"robots\" content=\"index, follow, max-snippet:-1, max-image-preview:large, max-video-preview:-1\" \/>\n<link rel=\"canonical\" href=\"https:\/\/www.distribucionarc.com\/hr\/producto\/maquina-profesional-para-leche-vegetal\/\" \/>\n<meta property=\"og:locale\" content=\"it_IT\" \/>\n<meta property=\"og:type\" content=\"article\" \/>\n<meta property=\"og:title\" content=\"Maquina profesional para leche vegetal\" \/>\n<meta property=\"og:description\" content=\"Maquina profesional para leche vegetal \u00a1Leche fresca, sana y sabrosa! Con el molino refinador el\u00e9ctrico de\u00a0ARC\u00a0puedes enriquecer tu cocina con las mejores bebidas vegetales especiales de frutos secos, granos o semillas sin aditivos.  La m\u00e1quina autom\u00e1tica de leche de soja ARC adopta m\u00e9todos antiguos, pero de menor ruido y mayor producci\u00f3n que a su vez mantienen eficazmente la nutrici\u00f3n y extrae todas las prote\u00ednas. La leche y los residuos est\u00e1n separados. Adecuado para diversos materiales incluyendo soja, frijol negro, cacahuete, s\u00e9samo negro, nuez, almendra, baya de lobo, etc. La m\u00e1quina para leche de soja ARCMLV1\u00a0 tiene un cuerpo robusto de acero inoxidable de la mejor calidad alimentaria.     Garant\u00eda\u00a0ARC 2 A\u00d1OS Maquina automatica para leche vegetal eficiente, bajo consumo 1000 w soporte t\u00e9cnico\u00a0incluido\" \/>\n<meta property=\"og:url\" content=\"https:\/\/www.distribucionarc.com\/hr\/producto\/maquina-profesional-para-leche-vegetal\/\" \/>\n<meta property=\"og:site_name\" content=\"distribuci\u00f3n ARC\" \/>\n<meta property=\"article:modified_time\" content=\"2020-10-09T11:14:42+00:00\" \/>\n<meta property=\"og:image\" content=\"https:\/\/distribucionarc.com\/wp-content\/uploads\/2020\/07\/M\u00e1quina-profesional-para-leche-vegetal-0.jpg\" \/>\n\t<meta property=\"og:image:width\" content=\"1600\" \/>\n\t<meta property=\"og:image:height\" content=\"1600\" \/>\n\t<meta property=\"og:image:type\" content=\"image\/jpeg\" \/>\n<meta name=\"twitter:card\" content=\"summary_large_image\" \/>\n<meta name=\"twitter:label1\" content=\"Tempo di lettura stimato\" \/>\n\t<meta name=\"twitter:data1\" content=\"2 minuti\" \/>\n<script type=\"application\/ld+json\" class=\"yoast-schema-graph\">{\"@context\":\"https:\/\/schema.org\",\"@graph\":[{\"@type\":\"WebPage\",\"@id\":\"https:\/\/www.distribucionarc.com\/hr\/producto\/maquina-profesional-para-leche-vegetal\/\",\"url\":\"https:\/\/www.distribucionarc.com\/hr\/producto\/maquina-profesional-para-leche-vegetal\/\",\"name\":\"Maquina profesional para leche vegetal - distribuci\u00f3n ARC\",\"isPartOf\":{\"@id\":\"https:\/\/distribucionarc.com\/bg\/#website\"},\"primaryImageOfPage\":{\"@id\":\"https:\/\/www.distribucionarc.com\/hr\/producto\/maquina-profesional-para-leche-vegetal\/#primaryimage\"},\"image\":{\"@id\":\"https:\/\/www.distribucionarc.com\/hr\/producto\/maquina-profesional-para-leche-vegetal\/#primaryimage\"},\"thumbnailUrl\":\"https:\/\/distribucionarc.com\/wp-content\/uploads\/2020\/07\/M\u00e1quina-profesional-para-leche-vegetal-0.jpg\",\"datePublished\":\"2020-07-24T14:44:52+00:00\",\"dateModified\":\"2020-10-09T11:14:42+00:00\",\"breadcrumb\":{\"@id\":\"https:\/\/www.distribucionarc.com\/hr\/producto\/maquina-profesional-para-leche-vegetal\/#breadcrumb\"},\"inLanguage\":\"it-IT\",\"potentialAction\":[{\"@type\":\"ReadAction\",\"target\":[\"https:\/\/www.distribucionarc.com\/hr\/producto\/maquina-profesional-para-leche-vegetal\/\"]}]},{\"@type\":\"ImageObject\",\"inLanguage\":\"it-IT\",\"@id\":\"https:\/\/www.distribucionarc.com\/hr\/producto\/maquina-profesional-para-leche-vegetal\/#primaryimage\",\"url\":\"https:\/\/distribucionarc.com\/wp-content\/uploads\/2020\/07\/M\u00e1quina-profesional-para-leche-vegetal-0.jpg\",\"contentUrl\":\"https:\/\/distribucionarc.com\/wp-content\/uploads\/2020\/07\/M\u00e1quina-profesional-para-leche-vegetal-0.jpg\",\"width\":1600,\"height\":1600,\"caption\":\"M\u00e1quina profesional para leche vegetal\"},{\"@type\":\"BreadcrumbList\",\"@id\":\"https:\/\/www.distribucionarc.com\/hr\/producto\/maquina-profesional-para-leche-vegetal\/#breadcrumb\",\"itemListElement\":[{\"@type\":\"ListItem\",\"position\":1,\"name\":\"Portada\",\"item\":\"https:\/\/distribucionarc.com\/nb\/\"},{\"@type\":\"ListItem\",\"position\":2,\"name\":\"Products\",\"item\":\"https:\/\/www.distribucionarc.com\/en\/shop\/\"},{\"@type\":\"ListItem\",\"position\":3,\"name\":\"Maquina profesional para leche vegetal\"}]},{\"@type\":\"WebSite\",\"@id\":\"https:\/\/distribucionarc.com\/bg\/#website\",\"url\":\"https:\/\/distribucionarc.com\/bg\/\",\"name\":\"distribuci\u00f3n ARC\",\"description\":\"Empresa especializada en la fabricaci\u00f3n y distribuci\u00f3n de maquinaria industrial, selladoras de latas, Maquinas de hacer pastillas, Maquinas de cortar carne...\",\"publisher\":{\"@id\":\"https:\/\/distribucionarc.com\/bg\/#organization\"},\"potentialAction\":[{\"@type\":\"SearchAction\",\"target\":{\"@type\":\"EntryPoint\",\"urlTemplate\":\"https:\/\/distribucionarc.com\/bg\/?s={search_term_string}\"},\"query-input\":{\"@type\":\"PropertyValueSpecification\",\"valueRequired\":true,\"valueName\":\"search_term_string\"}}],\"inLanguage\":\"it-IT\"},{\"@type\":\"Organization\",\"@id\":\"https:\/\/distribucionarc.com\/bg\/#organization\",\"name\":\"Distribuci\u00f3n ARC\",\"url\":\"https:\/\/distribucionarc.com\/bg\/\",\"logo\":{\"@type\":\"ImageObject\",\"inLanguage\":\"it-IT\",\"@id\":\"https:\/\/distribucionarc.com\/bg\/#\/schema\/logo\/image\/\",\"url\":\"https:\/\/distribucionarc.com\/wp-content\/uploads\/2024\/10\/distribucion-ARC-COLOR-SIN-FONDO-e1732295305345.png\",\"contentUrl\":\"https:\/\/distribucionarc.com\/wp-content\/uploads\/2024\/10\/distribucion-ARC-COLOR-SIN-FONDO-e1732295305345.png\",\"width\":1164,\"height\":558,\"caption\":\"Distribuci\u00f3n ARC\"},\"image\":{\"@id\":\"https:\/\/distribucionarc.com\/bg\/#\/schema\/logo\/image\/\"},\"description\":\"Empresa especializada en la fabricaci\u00f3n y distribuci\u00f3n de maquinaria industrial para los sectores alimentario y farmac\u00e9utico. Nos especializamos en: M\u00e1quinas de cortar carne Fabricaci\u00f3n de comprimidos Sistemas de transporte industrial L\u00edneas de embotellado Dosificadores Y mucho m\u00e1s... Ofrecemos soluciones innovadoras y personalizadas para optimizar los procesos productivos de tu empresa.\",\"email\":\"Admistracion@distribucionarc.com\",\"telephone\":\"+34 643496664\",\"legalName\":\"ARC TECH SOLUTIONS\",\"foundingDate\":\"2024-04-09\",\"vatID\":\"B55480172\",\"numberOfEmployees\":{\"@type\":\"QuantitativeValue\",\"minValue\":\"1\",\"maxValue\":\"10\"}}]}<\/script>\n<!-- \/ Yoast SEO Premium plugin. -->","yoast_head_json":{"title":"Macchina professionale per latte vegetale - distribuzione ARC","robots":{"index":"index","follow":"follow","max-snippet":"max-snippet:-1","max-image-preview":"max-image-preview:large","max-video-preview":"max-video-preview:-1"},"canonical":"https:\/\/www.distribucionarc.com\/hr\/producto\/maquina-profesional-para-leche-vegetal\/","og_locale":"it_IT","og_type":"article","og_title":"Maquina profesional para leche vegetal","og_description":"Maquina profesional para leche vegetal \u00a1Leche fresca, sana y sabrosa! Con el molino refinador el\u00e9ctrico de\u00a0ARC\u00a0puedes enriquecer tu cocina con las mejores bebidas vegetales especiales de frutos secos, granos o semillas sin aditivos.  La m\u00e1quina autom\u00e1tica de leche de soja ARC adopta m\u00e9todos antiguos, pero de menor ruido y mayor producci\u00f3n que a su vez mantienen eficazmente la nutrici\u00f3n y extrae todas las prote\u00ednas. La leche y los residuos est\u00e1n separados. Adecuado para diversos materiales incluyendo soja, frijol negro, cacahuete, s\u00e9samo negro, nuez, almendra, baya de lobo, etc. La m\u00e1quina para leche de soja ARCMLV1\u00a0 tiene un cuerpo robusto de acero inoxidable de la mejor calidad alimentaria.     Garant\u00eda\u00a0ARC 2 A\u00d1OS Maquina automatica para leche vegetal eficiente, bajo consumo 1000 w soporte t\u00e9cnico\u00a0incluido","og_url":"https:\/\/www.distribucionarc.com\/hr\/producto\/maquina-profesional-para-leche-vegetal\/","og_site_name":"distribuci\u00f3n ARC","article_modified_time":"2020-10-09T11:14:42+00:00","og_image":[{"width":1600,"height":1600,"url":"https:\/\/distribucionarc.com\/wp-content\/uploads\/2020\/07\/M\u00e1quina-profesional-para-leche-vegetal-0.jpg","type":"image\/jpeg"}],"twitter_card":"summary_large_image","twitter_misc":{"Tempo di lettura stimato":"2 minuti"},"schema":{"@context":"https:\/\/schema.org","@graph":[{"@type":"WebPage","@id":"https:\/\/www.distribucionarc.com\/hr\/producto\/maquina-profesional-para-leche-vegetal\/","url":"https:\/\/www.distribucionarc.com\/hr\/producto\/maquina-profesional-para-leche-vegetal\/","name":"Macchina professionale per latte vegetale - distribuzione ARC","isPartOf":{"@id":"https:\/\/distribucionarc.com\/bg\/#website"},"primaryImageOfPage":{"@id":"https:\/\/www.distribucionarc.com\/hr\/producto\/maquina-profesional-para-leche-vegetal\/#primaryimage"},"image":{"@id":"https:\/\/www.distribucionarc.com\/hr\/producto\/maquina-profesional-para-leche-vegetal\/#primaryimage"},"thumbnailUrl":"https:\/\/distribucionarc.com\/wp-content\/uploads\/2020\/07\/M\u00e1quina-profesional-para-leche-vegetal-0.jpg","datePublished":"2020-07-24T14:44:52+00:00","dateModified":"2020-10-09T11:14:42+00:00","breadcrumb":{"@id":"https:\/\/www.distribucionarc.com\/hr\/producto\/maquina-profesional-para-leche-vegetal\/#breadcrumb"},"inLanguage":"it-IT","potentialAction":[{"@type":"ReadAction","target":["https:\/\/www.distribucionarc.com\/hr\/producto\/maquina-profesional-para-leche-vegetal\/"]}]},{"@type":"ImageObject","inLanguage":"it-IT","@id":"https:\/\/www.distribucionarc.com\/hr\/producto\/maquina-profesional-para-leche-vegetal\/#primaryimage","url":"https:\/\/distribucionarc.com\/wp-content\/uploads\/2020\/07\/M\u00e1quina-profesional-para-leche-vegetal-0.jpg","contentUrl":"https:\/\/distribucionarc.com\/wp-content\/uploads\/2020\/07\/M\u00e1quina-profesional-para-leche-vegetal-0.jpg","width":1600,"height":1600,"caption":"M\u00e1quina profesional para leche vegetal"},{"@type":"BreadcrumbList","@id":"https:\/\/www.distribucionarc.com\/hr\/producto\/maquina-profesional-para-leche-vegetal\/#breadcrumb","itemListElement":[{"@type":"ListItem","position":1,"name":"Portada","item":"https:\/\/distribucionarc.com\/nb\/"},{"@type":"ListItem","position":2,"name":"Products","item":"https:\/\/www.distribucionarc.com\/en\/shop\/"},{"@type":"ListItem","position":3,"name":"Maquina profesional para leche vegetal"}]},{"@type":"WebSite","@id":"https:\/\/distribucionarc.com\/bg\/#website","url":"https:\/\/distribucionarc.com\/bg\/","name":"Distribuzione dell&#039;ARCO","description":"Azienda specializzata nella produzione e distribuzione di macchinari industriali, macchine sigillatrici di lattine, macchine per la produzione di compresse, macchine per il taglio della carne...","publisher":{"@id":"https:\/\/distribucionarc.com\/bg\/#organization"},"potentialAction":[{"@type":"SearchAction","target":{"@type":"EntryPoint","urlTemplate":"https:\/\/distribucionarc.com\/bg\/?s={search_term_string}"},"query-input":{"@type":"PropertyValueSpecification","valueRequired":true,"valueName":"search_term_string"}}],"inLanguage":"it-IT"},{"@type":"Organization","@id":"https:\/\/distribucionarc.com\/bg\/#organization","name":"Distribuzione dell&#039;ARC","url":"https:\/\/distribucionarc.com\/bg\/","logo":{"@type":"ImageObject","inLanguage":"it-IT","@id":"https:\/\/distribucionarc.com\/bg\/#\/schema\/logo\/image\/","url":"https:\/\/distribucionarc.com\/wp-content\/uploads\/2024\/10\/distribucion-ARC-COLOR-SIN-FONDO-e1732295305345.png","contentUrl":"https:\/\/distribucionarc.com\/wp-content\/uploads\/2024\/10\/distribucion-ARC-COLOR-SIN-FONDO-e1732295305345.png","width":1164,"height":558,"caption":"Distribuci\u00f3n ARC"},"image":{"@id":"https:\/\/distribucionarc.com\/bg\/#\/schema\/logo\/image\/"},"description":"Azienda specializzata nella produzione e distribuzione di macchinari industriali per il settore alimentare e farmaceutico. Siamo specializzati in: Macchine per il taglio della carne Produzione di compresse Sistemi di trasporto industriale Linee di imbottigliamento Dispenser E molto altro ancora... Offriamo soluzioni innovative e personalizzate per ottimizzare i processi produttivi della vostra azienda.","email":"Admistracion@distribucionarc.com","telephone":"+34 643496664","legalName":"ARC TECH SOLUTIONS","foundingDate":"2024-04-09","vatID":"B55480172","numberOfEmployees":{"@type":"QuantitativeValue","minValue":"1","maxValue":"10"}}]}},"_links":{"self":[{"href":"https:\/\/distribucionarc.com\/it\/wp-json\/wp\/v2\/product\/1443","targetHints":{"allow":["GET"]}}],"collection":[{"href":"https:\/\/distribucionarc.com\/it\/wp-json\/wp\/v2\/product"}],"about":[{"href":"https:\/\/distribucionarc.com\/it\/wp-json\/wp\/v2\/types\/product"}],"replies":[{"embeddable":true,"href":"https:\/\/distribucionarc.com\/it\/wp-json\/wp\/v2\/comments?post=1443"}],"version-history":[{"count":0,"href":"https:\/\/distribucionarc.com\/it\/wp-json\/wp\/v2\/product\/1443\/revisions"}],"wp:featuredmedia":[{"embeddable":true,"href":"https:\/\/distribucionarc.com\/it\/wp-json\/wp\/v2\/media\/1450"}],"wp:attachment":[{"href":"https:\/\/distribucionarc.com\/it\/wp-json\/wp\/v2\/media?parent=1443"}],"wp:term":[{"taxonomy":"product_brand","embeddable":true,"href":"https:\/\/distribucionarc.com\/it\/wp-json\/wp\/v2\/product_brand?post=1443"},{"taxonomy":"product_cat","embeddable":true,"href":"https:\/\/distribucionarc.com\/it\/wp-json\/wp\/v2\/product_cat?post=1443"},{"taxonomy":"product_tag","embeddable":true,"href":"https:\/\/distribucionarc.com\/it\/wp-json\/wp\/v2\/product_tag?post=1443"}],"curies":[{"name":"wp","href":"https:\/\/api.w.org\/{rel}","templated":true}]}}