{"id":1487,"date":"2020-07-25T11:51:24","date_gmt":"2020-07-25T11:51:24","guid":{"rendered":"https:\/\/distribucionarc.com\/?post_type=product&#038;p=1487"},"modified":"2020-09-27T09:58:53","modified_gmt":"2020-09-27T09:58:53","slug":"forno-friggitrice-ad-aria-calda-con-funzione-girevole","status":"publish","type":"product","link":"https:\/\/distribucionarc.com\/it\/producto\/horno-freidora-de-aire-caliente-con-funcion-giratoria\/","title":{"rendered":"Forno friggitrice ad aria calda con funzione rotante"},"content":{"rendered":"<h3>Forno friggitrice ad aria calda con funzione rotante<\/h3>\n<p>La capacit\u00e0 del <strong>friggitrice ad aria calda<\/strong> Ha una capacit\u00e0 di 12 litri, un efficiente spazio di cottura e una funzione rotante. La sua funzione di conservazione del calore contribuir\u00e0 a contribuire a un <span style=\"color: #008000;\"><strong>basso consumo energetico<\/strong><\/span>.<\/p>\n<p>Con il <strong>forno friggitrice <span style=\"color: #ff0000;\">A<\/span><span style=\"color: #0000ff;\">R<\/span>Codice CFHA12<\/strong> e con i suoi 1600 watt, avrete a disposizione un elettrodomestico da cucina versatile con cui potrete cuocere o friggere pesce, carne, verdure, piatti vegani e dessert. Grazie alle sue dimensioni e alla funzione di riscaldamento rapido, diventer\u00e0 indispensabile.<\/p>\n<p>Simile a un <strong>forno a convezione<\/strong>, i piatti vengono preparati utilizzando il calore dall&#039;alto, piuttosto che con olio o grasso, principalmente sotto un flusso di aria calda. L&#039;elemento riscaldante del <strong>forno con friggitrice ad aria calda <span style=\"color: #ff0000;\">A<\/span><span style=\"color: #0000ff;\">R<\/span>C<\/strong> \u00c8 realizzato con il miglior acciaio inossidabile per uso alimentare.<\/p>\n<p>Con il display digitale del <strong>forno ad aria calda<\/strong>, controller\u00e0 il tempo di cottura regolabile da 1 a 60 minuti e la temperatura da 50\u00baC a 200\u00baC. Grazie ai 9 programmi preimpostati, potrai cucinare piatti diversi in diversi modi. La tecnologia di circolazione dell&#039;aria ad alta velocit\u00e0 ti fa risparmiare tempo.<\/p>\n<h6><\/h6>\n<h6>Garanzia<strong>\u00a0<span style=\"color: #ff0000;\">A<\/span><span style=\"color: #0000ff;\">R<\/span>C 2 ANNI<\/strong><\/h6>\n<h6><span style=\"color: #008000;\">Forno elettrico friggitrice efficiente, basso consumo 1600w<\/span><\/h6>\n<h6>supporto tecnico incluso<\/h6>\n<p>&nbsp;<\/p>\n<table role=\"presentation\" width=\"100%\" cellspacing=\"0\" cellpadding=\"0\">\n<tbody>\n<tr>\n<td class=\"attrLabels\">Temperatura:<\/td>\n<td width=\"50.0%\">50-200\u00baC<\/td>\n<\/tr>\n<tr>\n<td class=\"attrLabels\">Paese di distribuzione:<\/td>\n<td width=\"50.0%\">Spagna, Germania, Stati Uniti<\/td>\n<td class=\"attrLabels\">Peso:<\/td>\n<td width=\"50.0%\">7kg<\/td>\n<\/tr>\n<tr>\n<td class=\"attrLabels\">Marca:<\/td>\n<td width=\"50.0%\">ARCO<\/td>\n<td class=\"attrLabels\">Altezza:<\/td>\n<td width=\"50.0%\">\u00a037 cm<\/td>\n<\/tr>\n<tr>\n<td class=\"attrLabels\">Colore:<\/td>\n<td width=\"50.0%\">Argento<\/td>\n<td class=\"attrLabels\">Lungo:<\/td>\n<td width=\"50.0%\">34 cm<\/td>\n<\/tr>\n<tr>\n<td class=\"attrLabels\">Tipo di prodotto:<\/td>\n<td width=\"50.0%\">forno con friggitrice ad aria calda<\/td>\n<td class=\"attrLabels\">Ampio:<\/td>\n<td width=\"50.0%\">33 cm<\/td>\n<\/tr>\n<tr>\n<td class=\"attrLabels\">Numero del produttore:<\/td>\n<td width=\"50.0%\">ARCFHA12<\/td>\n<td class=\"attrLabels\">Energia:<\/td>\n<td width=\"50.0%\">1600W<\/td>\n<\/tr>\n<tr>\n<td class=\"attrLabels\">Materiale:<\/td>\n<td width=\"50.0%\">Acciaio inossidabile, touch screen LCD<\/td>\n<td class=\"attrLabels\">tensione di ingresso<\/td>\n<td width=\"50.0%\">220 V \u2013 50 Hz<\/td>\n<\/tr>\n<tr>\n<td class=\"attrLabels\">Caratteristiche:<\/td>\n<td width=\"50.0%\">Forno ad aria calda, friggitrice, tostatura, funzione rotante, arrostimento<\/td>\n<td class=\"attrLabels\">Capacit\u00e0:<\/td>\n<td width=\"50.0%\">12 litri<\/td>\n<\/tr>\n<tr>\n<td class=\"attrLabels\">Strumenti di installazione:<\/td>\n<td width=\"50.0%\">S\u00ec<\/td>\n<td class=\"attrLabels\">Garanzia:<\/td>\n<td width=\"50.0%\">ARCO 2 ANNI<\/td>\n<\/tr>\n<\/tbody>\n<\/table>","protected":false},"excerpt":{"rendered":"<h2>Forno friggitrice ad aria calda con funzione rotante<\/h2>\n<p>Prenditi cura dei tuoi clienti e sorprendili con la <strong>friggitrici ad aria calda <span style=\"color: #ff0000;\">A<\/span><span style=\"color: #0000ff;\">R<\/span>C<\/strong>, i tuoi piatti saranno pi\u00f9 sani e gustosi non dipendendo da oli o grassi, fino a <strong>80% meno grassi<\/strong> e allo stesso tempo un <strong>sapore 100%<\/strong>.<\/p>\n<p>Con il<strong> friggitrice ad aria calda<\/strong> Di <strong><span style=\"color: #ff0000;\">A<\/span><span style=\"color: #0000ff;\">R<\/span>C<\/strong>, i piatti vengono preparati in un flusso di aria calda, simile a un<strong> forno a convezione<\/strong> Distribuendo l&#039;aria circolante sia nella parte superiore che in quella inferiore, senza bisogno di olio o grasso, \u00e8 possibile ottenere risultati imbattibili. IL<strong> friggitrice ad aria calda <span style=\"color: #ff0000;\">A<\/span><span style=\"color: #0000ff;\">R<\/span>Codice CFHA12<\/strong> Dispone di uno spazio di cottura efficiente e, rispetto a un forno ad aria circolante, raggiunge la temperatura di esercizio desiderata in tempi record. Inoltre, la sua funzione di conservazione del calore contribuisce a un <span style=\"color: #008000;\"><strong>basso consumo energetico.<\/strong><\/span><\/p>\n<h6>Garanzia<strong>\u00a0<span style=\"color: #ff0000;\">A<\/span><span style=\"color: #0000ff;\">R<\/span>C 2 ANNI<\/strong><\/h6>\n<h6><span style=\"color: #008000;\">Forno elettrico friggitrice efficiente, basso consumo 1600w<\/span><\/h6>\n<h6>supporto tecnico incluso<\/h6>\n<p>&nbsp;<\/p>","protected":false},"featured_media":1488,"comment_status":"open","ping_status":"closed","template":"","meta":{"wds_primary_product_brand":0,"wds_primary_product_cat":0},"product_brand":[],"product_cat":[42,38,40],"product_tag":[],"class_list":{"0":"post-1487","1":"product","2":"type-product","3":"status-publish","4":"has-post-thumbnail","6":"product_cat-asador-de-pollos","7":"product_cat-freidoras","8":"product_cat-hornos","9":"product_shipping_class-hosteleria","11":"first","12":"instock","13":"sale","14":"taxable","15":"shipping-taxable","16":"purchasable","17":"product-type-simple"},"yoast_head":"<!-- This site is optimized with the Yoast SEO Premium plugin v24.9 (Yoast SEO v26.1) - https:\/\/yoast.com\/wordpress\/plugins\/seo\/ -->\n<title>Horno freidora de aire caliente con funci\u00f3n giratoria - distribuci\u00f3n ARC<\/title>\n<meta name=\"robots\" content=\"index, follow, max-snippet:-1, max-image-preview:large, max-video-preview:-1\" \/>\n<link rel=\"canonical\" href=\"https:\/\/distribucionarc.com\/it\/prodotto\/forno-friggitrice-ad-aria-calda-con-funzione-girevole\/\" \/>\n<meta property=\"og:locale\" content=\"it_IT\" \/>\n<meta property=\"og:type\" content=\"article\" \/>\n<meta property=\"og:title\" content=\"Horno freidora de aire caliente con funci\u00f3n giratoria\" \/>\n<meta property=\"og:description\" content=\"Horno freidora de aire caliente con funci\u00f3n giratoria Cuida a tus clientes y sorpr\u00e9ndelos con las freidoras de aire caliente ARC, tus platos ser\u00e1n los m\u00e1s sanos y sabrosos al no depender de aceites o grasas, hasta un 80% menos de grasa y al mismo tiempo un 100% de sabor.  Con la freidora de aire caliente de ARC, los platos se preparan en una corriente de aire caliente, similar a un horno de convecci\u00f3n repartiendo el aire circulante por ambas partes superior \/inferior, sin necesidad de aceite o grasas podr\u00e1 lograr unos resultados insuperables. La freidora de aire caliente ARCFHA12 dispone de un espacio de cocci\u00f3n eficaz adem\u00e1s en comparaci\u00f3n con un horno de aire circulante conseguir\u00e1 la temperatura de funcionamiento deseada en tiempo r\u00e9cord. Adem\u00e1s, su funci\u00f3n de conservaci\u00f3n del calor contribuye a un bajo consumo energ\u00e9tico. Garant\u00eda\u00a0ARC 2 A\u00d1OS Horno freidora el\u00e9ctrica eficiente, bajo consumo 1600w soporte t\u00e9cnico\u00a0incluido &nbsp;\" \/>\n<meta property=\"og:url\" content=\"https:\/\/distribucionarc.com\/it\/prodotto\/forno-friggitrice-ad-aria-calda-con-funzione-girevole\/\" \/>\n<meta property=\"og:site_name\" content=\"distribuci\u00f3n ARC\" \/>\n<meta property=\"article:modified_time\" content=\"2020-09-27T09:58:53+00:00\" \/>\n<meta property=\"og:image\" content=\"https:\/\/distribucionarc.com\/wp-content\/uploads\/2020\/07\/Horno-freidora-de-aire-caliente-con-funci\u00f3n-giratoria-0.jpeg\" \/>\n\t<meta property=\"og:image:width\" content=\"1600\" \/>\n\t<meta property=\"og:image:height\" content=\"1548\" \/>\n\t<meta property=\"og:image:type\" content=\"image\/jpeg\" \/>\n<meta name=\"twitter:card\" content=\"summary_large_image\" \/>\n<meta name=\"twitter:label1\" content=\"Tempo di lettura stimato\" \/>\n\t<meta name=\"twitter:data1\" content=\"1 minuto\" \/>\n<script type=\"application\/ld+json\" class=\"yoast-schema-graph\">{\"@context\":\"https:\/\/schema.org\",\"@graph\":[{\"@type\":\"WebPage\",\"@id\":\"https:\/\/distribucionarc.com\/ar\/producto\/horno-freidora-de-aire-caliente-con-funcion-giratoria\/\",\"url\":\"https:\/\/distribucionarc.com\/ar\/producto\/horno-freidora-de-aire-caliente-con-funcion-giratoria\/\",\"name\":\"Horno freidora de aire caliente con funci\u00f3n giratoria - distribuci\u00f3n ARC\",\"isPartOf\":{\"@id\":\"https:\/\/distribucionarc.com\/ro\/#website\"},\"primaryImageOfPage\":{\"@id\":\"https:\/\/distribucionarc.com\/ar\/producto\/horno-freidora-de-aire-caliente-con-funcion-giratoria\/#primaryimage\"},\"image\":{\"@id\":\"https:\/\/distribucionarc.com\/ar\/producto\/horno-freidora-de-aire-caliente-con-funcion-giratoria\/#primaryimage\"},\"thumbnailUrl\":\"https:\/\/distribucionarc.com\/wp-content\/uploads\/2020\/07\/Horno-freidora-de-aire-caliente-con-funci\u00f3n-giratoria-0.jpeg\",\"datePublished\":\"2020-07-25T11:51:24+00:00\",\"dateModified\":\"2020-09-27T09:58:53+00:00\",\"breadcrumb\":{\"@id\":\"https:\/\/distribucionarc.com\/ar\/producto\/horno-freidora-de-aire-caliente-con-funcion-giratoria\/#breadcrumb\"},\"inLanguage\":\"it-IT\",\"potentialAction\":[{\"@type\":\"ReadAction\",\"target\":[\"https:\/\/distribucionarc.com\/ar\/producto\/horno-freidora-de-aire-caliente-con-funcion-giratoria\/\"]}]},{\"@type\":\"ImageObject\",\"inLanguage\":\"it-IT\",\"@id\":\"https:\/\/distribucionarc.com\/ar\/producto\/horno-freidora-de-aire-caliente-con-funcion-giratoria\/#primaryimage\",\"url\":\"https:\/\/distribucionarc.com\/wp-content\/uploads\/2020\/07\/Horno-freidora-de-aire-caliente-con-funci\u00f3n-giratoria-0.jpeg\",\"contentUrl\":\"https:\/\/distribucionarc.com\/wp-content\/uploads\/2020\/07\/Horno-freidora-de-aire-caliente-con-funci\u00f3n-giratoria-0.jpeg\",\"width\":1600,\"height\":1548,\"caption\":\"Horno freidora de aire caliente\"},{\"@type\":\"BreadcrumbList\",\"@id\":\"https:\/\/distribucionarc.com\/ar\/producto\/horno-freidora-de-aire-caliente-con-funcion-giratoria\/#breadcrumb\",\"itemListElement\":[{\"@type\":\"ListItem\",\"position\":1,\"name\":\"Portada\",\"item\":\"https:\/\/distribucionarc.com\/ar\/\"},{\"@type\":\"ListItem\",\"position\":2,\"name\":\"Proizvodi\",\"item\":\"https:\/\/www.distribucionarc.com\/hr\/ducan\/\"},{\"@type\":\"ListItem\",\"position\":3,\"name\":\"Horno freidora de aire caliente con funci\u00f3n giratoria\"}]},{\"@type\":\"WebSite\",\"@id\":\"https:\/\/distribucionarc.com\/ro\/#website\",\"url\":\"https:\/\/distribucionarc.com\/ro\/\",\"name\":\"distribuci\u00f3n ARC\",\"description\":\"Empresa especializada en la fabricaci\u00f3n y distribuci\u00f3n de maquinaria industrial, selladoras de latas, Maquinas de hacer pastillas, Maquinas de cortar carne...\",\"publisher\":{\"@id\":\"https:\/\/distribucionarc.com\/ro\/#organization\"},\"potentialAction\":[{\"@type\":\"SearchAction\",\"target\":{\"@type\":\"EntryPoint\",\"urlTemplate\":\"https:\/\/distribucionarc.com\/ro\/?s={search_term_string}\"},\"query-input\":{\"@type\":\"PropertyValueSpecification\",\"valueRequired\":true,\"valueName\":\"search_term_string\"}}],\"inLanguage\":\"it-IT\"},{\"@type\":\"Organization\",\"@id\":\"https:\/\/distribucionarc.com\/ro\/#organization\",\"name\":\"Distribuci\u00f3n ARC\",\"url\":\"https:\/\/distribucionarc.com\/ro\/\",\"logo\":{\"@type\":\"ImageObject\",\"inLanguage\":\"it-IT\",\"@id\":\"https:\/\/distribucionarc.com\/ro\/#\/schema\/logo\/image\/\",\"url\":\"https:\/\/distribucionarc.com\/wp-content\/uploads\/2024\/10\/distribucion-ARC-COLOR-SIN-FONDO-e1732295305345.png\",\"contentUrl\":\"https:\/\/distribucionarc.com\/wp-content\/uploads\/2024\/10\/distribucion-ARC-COLOR-SIN-FONDO-e1732295305345.png\",\"width\":1164,\"height\":558,\"caption\":\"Distribuci\u00f3n ARC\"},\"image\":{\"@id\":\"https:\/\/distribucionarc.com\/ro\/#\/schema\/logo\/image\/\"},\"description\":\"Empresa especializada en la fabricaci\u00f3n y distribuci\u00f3n de maquinaria industrial para los sectores alimentario y farmac\u00e9utico. Nos especializamos en: M\u00e1quinas de cortar carne Fabricaci\u00f3n de comprimidos Sistemas de transporte industrial L\u00edneas de embotellado Dosificadores Y mucho m\u00e1s... Ofrecemos soluciones innovadoras y personalizadas para optimizar los procesos productivos de tu empresa.\",\"email\":\"Admistracion@distribucionarc.com\",\"telephone\":\"+34 643496664\",\"legalName\":\"ARC TECH SOLUTIONS\",\"foundingDate\":\"2024-04-09\",\"vatID\":\"B55480172\",\"numberOfEmployees\":{\"@type\":\"QuantitativeValue\",\"minValue\":\"1\",\"maxValue\":\"10\"}}]}<\/script>\n<!-- \/ Yoast SEO Premium plugin. -->","yoast_head_json":{"title":"Forno friggitrice ad aria calda con funzione rotante - Distribuzione ARC","robots":{"index":"index","follow":"follow","max-snippet":"max-snippet:-1","max-image-preview":"max-image-preview:large","max-video-preview":"max-video-preview:-1"},"canonical":"https:\/\/distribucionarc.com\/it\/prodotto\/forno-friggitrice-ad-aria-calda-con-funzione-girevole\/","og_locale":"it_IT","og_type":"article","og_title":"Horno freidora de aire caliente con funci\u00f3n giratoria","og_description":"Horno freidora de aire caliente con funci\u00f3n giratoria Cuida a tus clientes y sorpr\u00e9ndelos con las freidoras de aire caliente ARC, tus platos ser\u00e1n los m\u00e1s sanos y sabrosos al no depender de aceites o grasas, hasta un 80% menos de grasa y al mismo tiempo un 100% de sabor.  Con la freidora de aire caliente de ARC, los platos se preparan en una corriente de aire caliente, similar a un horno de convecci\u00f3n repartiendo el aire circulante por ambas partes superior \/inferior, sin necesidad de aceite o grasas podr\u00e1 lograr unos resultados insuperables. La freidora de aire caliente ARCFHA12 dispone de un espacio de cocci\u00f3n eficaz adem\u00e1s en comparaci\u00f3n con un horno de aire circulante conseguir\u00e1 la temperatura de funcionamiento deseada en tiempo r\u00e9cord. Adem\u00e1s, su funci\u00f3n de conservaci\u00f3n del calor contribuye a un bajo consumo energ\u00e9tico. Garant\u00eda\u00a0ARC 2 A\u00d1OS Horno freidora el\u00e9ctrica eficiente, bajo consumo 1600w soporte t\u00e9cnico\u00a0incluido &nbsp;","og_url":"https:\/\/distribucionarc.com\/it\/prodotto\/forno-friggitrice-ad-aria-calda-con-funzione-girevole\/","og_site_name":"distribuci\u00f3n ARC","article_modified_time":"2020-09-27T09:58:53+00:00","og_image":[{"width":1600,"height":1548,"url":"https:\/\/distribucionarc.com\/wp-content\/uploads\/2020\/07\/Horno-freidora-de-aire-caliente-con-funci\u00f3n-giratoria-0.jpeg","type":"image\/jpeg"}],"twitter_card":"summary_large_image","twitter_misc":{"Tempo di lettura stimato":"1 minuto"},"schema":{"@context":"https:\/\/schema.org","@graph":[{"@type":"WebPage","@id":"https:\/\/distribucionarc.com\/ar\/producto\/horno-freidora-de-aire-caliente-con-funcion-giratoria\/","url":"https:\/\/distribucionarc.com\/ar\/producto\/horno-freidora-de-aire-caliente-con-funcion-giratoria\/","name":"Forno friggitrice ad aria calda con funzione rotante - Distribuzione ARC","isPartOf":{"@id":"https:\/\/distribucionarc.com\/ro\/#website"},"primaryImageOfPage":{"@id":"https:\/\/distribucionarc.com\/ar\/producto\/horno-freidora-de-aire-caliente-con-funcion-giratoria\/#primaryimage"},"image":{"@id":"https:\/\/distribucionarc.com\/ar\/producto\/horno-freidora-de-aire-caliente-con-funcion-giratoria\/#primaryimage"},"thumbnailUrl":"https:\/\/distribucionarc.com\/wp-content\/uploads\/2020\/07\/Horno-freidora-de-aire-caliente-con-funci\u00f3n-giratoria-0.jpeg","datePublished":"2020-07-25T11:51:24+00:00","dateModified":"2020-09-27T09:58:53+00:00","breadcrumb":{"@id":"https:\/\/distribucionarc.com\/ar\/producto\/horno-freidora-de-aire-caliente-con-funcion-giratoria\/#breadcrumb"},"inLanguage":"it-IT","potentialAction":[{"@type":"ReadAction","target":["https:\/\/distribucionarc.com\/ar\/producto\/horno-freidora-de-aire-caliente-con-funcion-giratoria\/"]}]},{"@type":"ImageObject","inLanguage":"it-IT","@id":"https:\/\/distribucionarc.com\/ar\/producto\/horno-freidora-de-aire-caliente-con-funcion-giratoria\/#primaryimage","url":"https:\/\/distribucionarc.com\/wp-content\/uploads\/2020\/07\/Horno-freidora-de-aire-caliente-con-funci\u00f3n-giratoria-0.jpeg","contentUrl":"https:\/\/distribucionarc.com\/wp-content\/uploads\/2020\/07\/Horno-freidora-de-aire-caliente-con-funci\u00f3n-giratoria-0.jpeg","width":1600,"height":1548,"caption":"Horno freidora de aire caliente"},{"@type":"BreadcrumbList","@id":"https:\/\/distribucionarc.com\/ar\/producto\/horno-freidora-de-aire-caliente-con-funcion-giratoria\/#breadcrumb","itemListElement":[{"@type":"ListItem","position":1,"name":"Portada","item":"https:\/\/distribucionarc.com\/ar\/"},{"@type":"ListItem","position":2,"name":"Proizvodi","item":"https:\/\/www.distribucionarc.com\/hr\/ducan\/"},{"@type":"ListItem","position":3,"name":"Horno freidora de aire caliente con funci\u00f3n giratoria"}]},{"@type":"WebSite","@id":"https:\/\/distribucionarc.com\/ro\/#website","url":"https:\/\/distribucionarc.com\/ro\/","name":"Distribuzione dell&#039;ARCO","description":"Azienda specializzata nella produzione e distribuzione di macchinari industriali, macchine sigillatrici di lattine, macchine per la produzione di compresse, macchine per il taglio della carne...","publisher":{"@id":"https:\/\/distribucionarc.com\/ro\/#organization"},"potentialAction":[{"@type":"SearchAction","target":{"@type":"EntryPoint","urlTemplate":"https:\/\/distribucionarc.com\/ro\/?s={search_term_string}"},"query-input":{"@type":"PropertyValueSpecification","valueRequired":true,"valueName":"search_term_string"}}],"inLanguage":"it-IT"},{"@type":"Organization","@id":"https:\/\/distribucionarc.com\/ro\/#organization","name":"Distribuzione dell&#039;ARC","url":"https:\/\/distribucionarc.com\/ro\/","logo":{"@type":"ImageObject","inLanguage":"it-IT","@id":"https:\/\/distribucionarc.com\/ro\/#\/schema\/logo\/image\/","url":"https:\/\/distribucionarc.com\/wp-content\/uploads\/2024\/10\/distribucion-ARC-COLOR-SIN-FONDO-e1732295305345.png","contentUrl":"https:\/\/distribucionarc.com\/wp-content\/uploads\/2024\/10\/distribucion-ARC-COLOR-SIN-FONDO-e1732295305345.png","width":1164,"height":558,"caption":"Distribuci\u00f3n ARC"},"image":{"@id":"https:\/\/distribucionarc.com\/ro\/#\/schema\/logo\/image\/"},"description":"Azienda specializzata nella produzione e distribuzione di macchinari industriali per il settore alimentare e farmaceutico. Siamo specializzati in: Macchine per il taglio della carne Produzione di compresse Sistemi di trasporto industriale Linee di imbottigliamento Dispenser E molto altro ancora... Offriamo soluzioni innovative e personalizzate per ottimizzare i processi produttivi della vostra azienda.","email":"Admistracion@distribucionarc.com","telephone":"+34 643496664","legalName":"ARC TECH SOLUTIONS","foundingDate":"2024-04-09","vatID":"B55480172","numberOfEmployees":{"@type":"QuantitativeValue","minValue":"1","maxValue":"10"}}]}},"_links":{"self":[{"href":"https:\/\/distribucionarc.com\/it\/wp-json\/wp\/v2\/product\/1487","targetHints":{"allow":["GET"]}}],"collection":[{"href":"https:\/\/distribucionarc.com\/it\/wp-json\/wp\/v2\/product"}],"about":[{"href":"https:\/\/distribucionarc.com\/it\/wp-json\/wp\/v2\/types\/product"}],"replies":[{"embeddable":true,"href":"https:\/\/distribucionarc.com\/it\/wp-json\/wp\/v2\/comments?post=1487"}],"version-history":[{"count":0,"href":"https:\/\/distribucionarc.com\/it\/wp-json\/wp\/v2\/product\/1487\/revisions"}],"wp:featuredmedia":[{"embeddable":true,"href":"https:\/\/distribucionarc.com\/it\/wp-json\/wp\/v2\/media\/1488"}],"wp:attachment":[{"href":"https:\/\/distribucionarc.com\/it\/wp-json\/wp\/v2\/media?parent=1487"}],"wp:term":[{"taxonomy":"product_brand","embeddable":true,"href":"https:\/\/distribucionarc.com\/it\/wp-json\/wp\/v2\/product_brand?post=1487"},{"taxonomy":"product_cat","embeddable":true,"href":"https:\/\/distribucionarc.com\/it\/wp-json\/wp\/v2\/product_cat?post=1487"},{"taxonomy":"product_tag","embeddable":true,"href":"https:\/\/distribucionarc.com\/it\/wp-json\/wp\/v2\/product_tag?post=1487"}],"curies":[{"name":"wp","href":"https:\/\/api.w.org\/{rel}","templated":true}]}}