{"id":1519,"date":"2020-07-25T17:16:23","date_gmt":"2020-07-25T17:16:23","guid":{"rendered":"https:\/\/distribucionarc.com\/?post_type=product&#038;p=1519"},"modified":"2020-09-27T10:08:37","modified_gmt":"2020-09-27T10:08:37","slug":"barbecue-gas-per-ristorazione-6-fuochi","status":"publish","type":"product","link":"https:\/\/distribucionarc.com\/it\/producto\/barbacoa-de-gas-para-hosteleria-6-quemadores\/","title":{"rendered":"Barbecue a gas per l&#039;ospitalit\u00e0 6 fuochi"},"content":{"rendered":"<h3>Barbecue a gas per l&#039;ospitalit\u00e0 6 fuochi<\/h3>\n<p>IL<strong>\u00a0barbecue a gas\u00a0<span style=\"color: #ff0000;\">A<\/span><span style=\"color: #0000ff;\">R<\/span>C<\/strong> Hanno un corpo robusto realizzato in acciaio inossidabile della migliore qualit\u00e0, per garantire stabilit\u00e0 e durata della macchina. La griglia da 78 x 27 cm \u00e8 realizzata in acciaio inossidabile per alimenti.<\/p>\n<p>Dispone di quattro fuochi, ciascuno controllato in modo indipendente, per cuocere pezzi diversi. I bruciatori del\u00a0<strong>barbecue a gas<\/strong>\u00a0<strong><span style=\"color: #ff0000;\">A<\/span><span style=\"color: #0000ff;\">R<\/span>CB6G<\/strong> Sono ricoperti da una piastra in acciaio e da una lastra in vetro per evitare che il grasso cada su di essi e distrugga la fiamma. L&#039;altezza della griglia pu\u00f2 essere facilmente regolata per diversi punti di cottura.<\/p>\n<p>IL\u00a0<strong>griglia<\/strong>, i protettori del bruciatore e la vaschetta raccolta grassi sono facilmente smontabili, per facilitare la manutenzione del\u00a0<strong>barbecue a gas<\/strong>. Senza la necessit\u00e0 di affidarsi alla pietra vulcanica, questo\u00a0<strong>barbecue a gas<\/strong>\u00a0Soddisfer\u00e0 le tue esigenze.<\/p>\n<h6><\/h6>\n<h6><strong>Garanzia\u00a0<span style=\"color: #ff0000;\">A<\/span><span style=\"color: #0000ff;\">R<\/span>C 2 ANNI<\/strong><\/h6>\n<h6><strong>supporto tecnico incluso<\/strong><\/h6>\n<p>&nbsp;<\/p>\n<table width=\"100%\">\n<tbody>\n<tr>\n<td>Marca:<\/td>\n<td width=\"32%\">ARCO<\/td>\n<td>Peso:<\/td>\n<td width=\"30%\">9,7 kg<\/td>\n<\/tr>\n<tr>\n<td>Paese di distribuzione:<\/td>\n<td width=\"32%\">Spagna, Germania, Stati Uniti<\/td>\n<td>Altezza:<\/td>\n<td width=\"30%\">20 cm<\/td>\n<\/tr>\n<tr>\n<td>Colore:<\/td>\n<td width=\"32%\">Argento<\/td>\n<td>Lungo:<\/td>\n<td width=\"30%\">84 cm<\/td>\n<\/tr>\n<tr>\n<td>Tipo di prodotto:<\/td>\n<td width=\"32%\">Barbecue professionale a gas<\/td>\n<td>Ampio:<\/td>\n<td width=\"30%\">42 cm<\/td>\n<\/tr>\n<tr>\n<td>Numero del produttore:<\/td>\n<td width=\"32%\">ARCB6G<\/td>\n<td>Pressione della valvola:<\/td>\n<td width=\"30%\">2800 Pa<\/td>\n<\/tr>\n<tr>\n<td>Materiale:<\/td>\n<td width=\"32%\">\u00a0Acciaio inossidabile, controllo della temperatura, vetro<\/td>\n<td>Dimensione della griglia:<\/td>\n<td width=\"30%\">78x27 cm<\/td>\n<\/tr>\n<tr>\n<td>Garanzia:<\/td>\n<td width=\"32%\">2 anni<\/td>\n<td>Copertura del bruciatore:<\/td>\n<td width=\"30%\">\u00a0Vetro\/acciaio<\/td>\n<\/tr>\n<\/tbody>\n<\/table>","protected":false},"excerpt":{"rendered":"<h2>Barbecue a gas per l&#039;ospitalit\u00e0 6 fuochi<\/h2>\n<p>IL<strong>\u00a0barbecue a gas<\/strong>\u00a0Di<span style=\"color: #ff0000;\">\u00a0<\/span><strong><span style=\"color: #ff0000;\">A<\/span><span style=\"color: #0000ff;\">R<\/span>C<\/strong>\u00a0Sono realizzati con i materiali migliori e pi\u00f9 innovativi per ottenere un gusto, un effetto visivo e un odore autentici.<strong>\u00a0griglia<\/strong>.<\/p>\n<p>Se quello che stai cercando \u00e8 la redditivit\u00e0, il\u00a0<strong>barbecue a gas<\/strong>\u00a0Di<strong>\u00a0<span style=\"color: #ff0000;\">A<\/span><span style=\"color: #0000ff;\">R<\/span>C<\/strong>\u00a0Soddisferanno le tue esigenze. Dimentica la manutenzione della pietra vulcanica e opta per alcune\u00a0<strong>bruciatori efficienti<\/strong>\u00a0protetto, per garantire la durata del\u00a0<strong>griglia a gas<\/strong>\u00a0e fornirti una marcatura perfetta di carne, pesce, verdure, tofu, ecc. IL\u00a0<strong>barbecue a gas\u00a0<span style=\"color: #ff0000;\">A<\/span><span style=\"color: #0000ff;\">R<\/span>CB6G<\/strong> Dispone di sei bruciatori con controllo della temperatura regolabile per ciascun bruciatore.<\/p>\n<h6><strong>Garanzia\u00a0<span style=\"color: #ff0000;\">A<\/span><span style=\"color: #0000ff;\">R<\/span>C 2 ANNI<\/strong><\/h6>\n<h6><strong>supporto tecnico incluso<\/strong><\/h6>","protected":false},"featured_media":1520,"comment_status":"open","ping_status":"closed","template":"","meta":{"wds_primary_product_brand":0,"wds_primary_product_cat":0},"product_brand":[],"product_cat":[39],"product_tag":[],"class_list":{"0":"post-1519","1":"product","2":"type-product","3":"status-publish","4":"has-post-thumbnail","6":"product_cat-plancha-de-cosina","7":"product_shipping_class-hosteleria","9":"first","10":"instock","11":"sale","12":"taxable","13":"shipping-taxable","14":"purchasable","15":"product-type-simple"},"yoast_head":"<!-- This site is optimized with the Yoast SEO Premium plugin v24.9 (Yoast SEO v26.1) - https:\/\/yoast.com\/wordpress\/plugins\/seo\/ -->\n<title>Barbacoa de gas para hosteler\u00eda 6 quemadores - distribuci\u00f3n ARC<\/title>\n<meta name=\"robots\" content=\"index, follow, max-snippet:-1, max-image-preview:large, max-video-preview:-1\" \/>\n<link rel=\"canonical\" href=\"https:\/\/distribucionarc.com\/it\/prodotto\/barbecue-gas-per-ristorazione-6-fuochi\/\" \/>\n<meta property=\"og:locale\" content=\"it_IT\" \/>\n<meta property=\"og:type\" content=\"article\" \/>\n<meta property=\"og:title\" content=\"Barbacoa de gas para hosteler\u00eda 6 quemadores\" \/>\n<meta property=\"og:description\" content=\"Barbacoa de gas para hosteler\u00eda 6 quemadores Las\u00a0barbacoas a gas\u00a0de\u00a0ARC\u00a0est\u00e1n fabricadas con los mejores y m\u00e1s innovadores materiales para obtener un sabor, efecto visual, olor \u00a0de aut\u00e9ntica\u00a0parrilla.  Si lo que buscas es rentabilidad, las\u00a0barbacoas a gas\u00a0de\u00a0ARC\u00a0cumplir\u00e1n con tus necesidades. Olv\u00eddate del mantenimiento de la piedra volc\u00e1nica y apuesta por unos\u00a0quemadores eficientes\u00a0protegidos, para asegurar la durabilidad de la\u00a0parrilla a gas\u00a0y proporcionarte un marcado perfecto de tus carnes, pescados, vegetales, tofu, etc. La\u00a0barbacoa a gas\u00a0ARCB6G dispone de seis quemadores con control de temperatura ajustable para cada quemador. Garant\u00eda\u00a0ARC 2 A\u00d1OS soporte t\u00e9cnico incluido\" \/>\n<meta property=\"og:url\" content=\"https:\/\/distribucionarc.com\/it\/prodotto\/barbecue-gas-per-ristorazione-6-fuochi\/\" \/>\n<meta property=\"og:site_name\" content=\"distribuci\u00f3n ARC\" \/>\n<meta property=\"article:modified_time\" content=\"2020-09-27T10:08:37+00:00\" \/>\n<meta property=\"og:image\" content=\"https:\/\/distribucionarc.com\/wp-content\/uploads\/2020\/07\/Barbacoa-de-gas-para-hosteler\u00eda-6-quemadores-0.jpg\" \/>\n\t<meta property=\"og:image:width\" content=\"1000\" \/>\n\t<meta property=\"og:image:height\" content=\"1000\" \/>\n\t<meta property=\"og:image:type\" content=\"image\/jpeg\" \/>\n<meta name=\"twitter:card\" content=\"summary_large_image\" \/>\n<meta name=\"twitter:label1\" content=\"Tempo di lettura stimato\" \/>\n\t<meta name=\"twitter:data1\" content=\"1 minuto\" \/>\n<script type=\"application\/ld+json\" class=\"yoast-schema-graph\">{\"@context\":\"https:\/\/schema.org\",\"@graph\":[{\"@type\":\"WebPage\",\"@id\":\"https:\/\/distribucionarc.com\/it\/producto\/barbacoa-de-gas-para-hosteleria-6-quemadores\/\",\"url\":\"https:\/\/distribucionarc.com\/it\/producto\/barbacoa-de-gas-para-hosteleria-6-quemadores\/\",\"name\":\"Barbacoa de gas para hosteler\u00eda 6 quemadores - distribuci\u00f3n ARC\",\"isPartOf\":{\"@id\":\"https:\/\/distribucionarc.com\/de\/#website\"},\"primaryImageOfPage\":{\"@id\":\"https:\/\/distribucionarc.com\/it\/producto\/barbacoa-de-gas-para-hosteleria-6-quemadores\/#primaryimage\"},\"image\":{\"@id\":\"https:\/\/distribucionarc.com\/it\/producto\/barbacoa-de-gas-para-hosteleria-6-quemadores\/#primaryimage\"},\"thumbnailUrl\":\"https:\/\/distribucionarc.com\/wp-content\/uploads\/2020\/07\/Barbacoa-de-gas-para-hosteler\u00eda-6-quemadores-0.jpg\",\"datePublished\":\"2020-07-25T17:16:23+00:00\",\"dateModified\":\"2020-09-27T10:08:37+00:00\",\"breadcrumb\":{\"@id\":\"https:\/\/distribucionarc.com\/it\/producto\/barbacoa-de-gas-para-hosteleria-6-quemadores\/#breadcrumb\"},\"inLanguage\":\"it-IT\",\"potentialAction\":[{\"@type\":\"ReadAction\",\"target\":[\"https:\/\/distribucionarc.com\/it\/producto\/barbacoa-de-gas-para-hosteleria-6-quemadores\/\"]}]},{\"@type\":\"ImageObject\",\"inLanguage\":\"it-IT\",\"@id\":\"https:\/\/distribucionarc.com\/it\/producto\/barbacoa-de-gas-para-hosteleria-6-quemadores\/#primaryimage\",\"url\":\"https:\/\/distribucionarc.com\/wp-content\/uploads\/2020\/07\/Barbacoa-de-gas-para-hosteler\u00eda-6-quemadores-0.jpg\",\"contentUrl\":\"https:\/\/distribucionarc.com\/wp-content\/uploads\/2020\/07\/Barbacoa-de-gas-para-hosteler\u00eda-6-quemadores-0.jpg\",\"width\":1000,\"height\":1000,\"caption\":\"Barbacoa de gas para hosteler\u00eda 6 quemadores\"},{\"@type\":\"BreadcrumbList\",\"@id\":\"https:\/\/distribucionarc.com\/it\/producto\/barbacoa-de-gas-para-hosteleria-6-quemadores\/#breadcrumb\",\"itemListElement\":[{\"@type\":\"ListItem\",\"position\":1,\"name\":\"Portada\",\"item\":\"https:\/\/distribucionarc.com\/pl\/\"},{\"@type\":\"ListItem\",\"position\":2,\"name\":\"Produkty\",\"item\":\"https:\/\/distribucionarc.com\/pl\/shop\/\"},{\"@type\":\"ListItem\",\"position\":3,\"name\":\"Barbacoa de gas para hosteler\u00eda 6 quemadores\"}]},{\"@type\":\"WebSite\",\"@id\":\"https:\/\/distribucionarc.com\/de\/#website\",\"url\":\"https:\/\/distribucionarc.com\/de\/\",\"name\":\"distribuci\u00f3n ARC\",\"description\":\"Empresa especializada en la fabricaci\u00f3n y distribuci\u00f3n de maquinaria industrial, selladoras de latas, Maquinas de hacer pastillas, Maquinas de cortar carne...\",\"publisher\":{\"@id\":\"https:\/\/distribucionarc.com\/de\/#organization\"},\"potentialAction\":[{\"@type\":\"SearchAction\",\"target\":{\"@type\":\"EntryPoint\",\"urlTemplate\":\"https:\/\/distribucionarc.com\/de\/?s={search_term_string}\"},\"query-input\":{\"@type\":\"PropertyValueSpecification\",\"valueRequired\":true,\"valueName\":\"search_term_string\"}}],\"inLanguage\":\"it-IT\"},{\"@type\":\"Organization\",\"@id\":\"https:\/\/distribucionarc.com\/de\/#organization\",\"name\":\"Distribuci\u00f3n ARC\",\"url\":\"https:\/\/distribucionarc.com\/de\/\",\"logo\":{\"@type\":\"ImageObject\",\"inLanguage\":\"it-IT\",\"@id\":\"https:\/\/distribucionarc.com\/de\/#\/schema\/logo\/image\/\",\"url\":\"https:\/\/distribucionarc.com\/wp-content\/uploads\/2024\/10\/distribucion-ARC-COLOR-SIN-FONDO-e1732295305345.png\",\"contentUrl\":\"https:\/\/distribucionarc.com\/wp-content\/uploads\/2024\/10\/distribucion-ARC-COLOR-SIN-FONDO-e1732295305345.png\",\"width\":1164,\"height\":558,\"caption\":\"Distribuci\u00f3n ARC\"},\"image\":{\"@id\":\"https:\/\/distribucionarc.com\/de\/#\/schema\/logo\/image\/\"},\"description\":\"Empresa especializada en la fabricaci\u00f3n y distribuci\u00f3n de maquinaria industrial para los sectores alimentario y farmac\u00e9utico. Nos especializamos en: M\u00e1quinas de cortar carne Fabricaci\u00f3n de comprimidos Sistemas de transporte industrial L\u00edneas de embotellado Dosificadores Y mucho m\u00e1s... Ofrecemos soluciones innovadoras y personalizadas para optimizar los procesos productivos de tu empresa.\",\"email\":\"Admistracion@distribucionarc.com\",\"telephone\":\"+34 643496664\",\"legalName\":\"ARC TECH SOLUTIONS\",\"foundingDate\":\"2024-04-09\",\"vatID\":\"B55480172\",\"numberOfEmployees\":{\"@type\":\"QuantitativeValue\",\"minValue\":\"1\",\"maxValue\":\"10\"}}]}<\/script>\n<!-- \/ Yoast SEO Premium plugin. -->","yoast_head_json":{"title":"Barbecue a gas per l&#039;ospitalit\u00e0 6 fuochi - distribuzione ARC","robots":{"index":"index","follow":"follow","max-snippet":"max-snippet:-1","max-image-preview":"max-image-preview:large","max-video-preview":"max-video-preview:-1"},"canonical":"https:\/\/distribucionarc.com\/it\/prodotto\/barbecue-gas-per-ristorazione-6-fuochi\/","og_locale":"it_IT","og_type":"article","og_title":"Barbacoa de gas para hosteler\u00eda 6 quemadores","og_description":"Barbacoa de gas para hosteler\u00eda 6 quemadores Las\u00a0barbacoas a gas\u00a0de\u00a0ARC\u00a0est\u00e1n fabricadas con los mejores y m\u00e1s innovadores materiales para obtener un sabor, efecto visual, olor \u00a0de aut\u00e9ntica\u00a0parrilla.  Si lo que buscas es rentabilidad, las\u00a0barbacoas a gas\u00a0de\u00a0ARC\u00a0cumplir\u00e1n con tus necesidades. Olv\u00eddate del mantenimiento de la piedra volc\u00e1nica y apuesta por unos\u00a0quemadores eficientes\u00a0protegidos, para asegurar la durabilidad de la\u00a0parrilla a gas\u00a0y proporcionarte un marcado perfecto de tus carnes, pescados, vegetales, tofu, etc. La\u00a0barbacoa a gas\u00a0ARCB6G dispone de seis quemadores con control de temperatura ajustable para cada quemador. Garant\u00eda\u00a0ARC 2 A\u00d1OS soporte t\u00e9cnico incluido","og_url":"https:\/\/distribucionarc.com\/it\/prodotto\/barbecue-gas-per-ristorazione-6-fuochi\/","og_site_name":"distribuci\u00f3n ARC","article_modified_time":"2020-09-27T10:08:37+00:00","og_image":[{"width":1000,"height":1000,"url":"https:\/\/distribucionarc.com\/wp-content\/uploads\/2020\/07\/Barbacoa-de-gas-para-hosteler\u00eda-6-quemadores-0.jpg","type":"image\/jpeg"}],"twitter_card":"summary_large_image","twitter_misc":{"Tempo di lettura stimato":"1 minuto"},"schema":{"@context":"https:\/\/schema.org","@graph":[{"@type":"WebPage","@id":"https:\/\/distribucionarc.com\/it\/producto\/barbacoa-de-gas-para-hosteleria-6-quemadores\/","url":"https:\/\/distribucionarc.com\/it\/producto\/barbacoa-de-gas-para-hosteleria-6-quemadores\/","name":"Barbecue a gas per l&#039;ospitalit\u00e0 6 fuochi - distribuzione ARC","isPartOf":{"@id":"https:\/\/distribucionarc.com\/de\/#website"},"primaryImageOfPage":{"@id":"https:\/\/distribucionarc.com\/it\/producto\/barbacoa-de-gas-para-hosteleria-6-quemadores\/#primaryimage"},"image":{"@id":"https:\/\/distribucionarc.com\/it\/producto\/barbacoa-de-gas-para-hosteleria-6-quemadores\/#primaryimage"},"thumbnailUrl":"https:\/\/distribucionarc.com\/wp-content\/uploads\/2020\/07\/Barbacoa-de-gas-para-hosteler\u00eda-6-quemadores-0.jpg","datePublished":"2020-07-25T17:16:23+00:00","dateModified":"2020-09-27T10:08:37+00:00","breadcrumb":{"@id":"https:\/\/distribucionarc.com\/it\/producto\/barbacoa-de-gas-para-hosteleria-6-quemadores\/#breadcrumb"},"inLanguage":"it-IT","potentialAction":[{"@type":"ReadAction","target":["https:\/\/distribucionarc.com\/it\/producto\/barbacoa-de-gas-para-hosteleria-6-quemadores\/"]}]},{"@type":"ImageObject","inLanguage":"it-IT","@id":"https:\/\/distribucionarc.com\/it\/producto\/barbacoa-de-gas-para-hosteleria-6-quemadores\/#primaryimage","url":"https:\/\/distribucionarc.com\/wp-content\/uploads\/2020\/07\/Barbacoa-de-gas-para-hosteler\u00eda-6-quemadores-0.jpg","contentUrl":"https:\/\/distribucionarc.com\/wp-content\/uploads\/2020\/07\/Barbacoa-de-gas-para-hosteler\u00eda-6-quemadores-0.jpg","width":1000,"height":1000,"caption":"Barbacoa de gas para hosteler\u00eda 6 quemadores"},{"@type":"BreadcrumbList","@id":"https:\/\/distribucionarc.com\/it\/producto\/barbacoa-de-gas-para-hosteleria-6-quemadores\/#breadcrumb","itemListElement":[{"@type":"ListItem","position":1,"name":"Portada","item":"https:\/\/distribucionarc.com\/pl\/"},{"@type":"ListItem","position":2,"name":"Produkty","item":"https:\/\/distribucionarc.com\/pl\/shop\/"},{"@type":"ListItem","position":3,"name":"Barbacoa de gas para hosteler\u00eda 6 quemadores"}]},{"@type":"WebSite","@id":"https:\/\/distribucionarc.com\/de\/#website","url":"https:\/\/distribucionarc.com\/de\/","name":"Distribuzione dell&#039;ARCO","description":"Azienda specializzata nella produzione e distribuzione di macchinari industriali, macchine sigillatrici di lattine, macchine per la produzione di compresse, macchine per il taglio della carne...","publisher":{"@id":"https:\/\/distribucionarc.com\/de\/#organization"},"potentialAction":[{"@type":"SearchAction","target":{"@type":"EntryPoint","urlTemplate":"https:\/\/distribucionarc.com\/de\/?s={search_term_string}"},"query-input":{"@type":"PropertyValueSpecification","valueRequired":true,"valueName":"search_term_string"}}],"inLanguage":"it-IT"},{"@type":"Organization","@id":"https:\/\/distribucionarc.com\/de\/#organization","name":"Distribuzione dell&#039;ARC","url":"https:\/\/distribucionarc.com\/de\/","logo":{"@type":"ImageObject","inLanguage":"it-IT","@id":"https:\/\/distribucionarc.com\/de\/#\/schema\/logo\/image\/","url":"https:\/\/distribucionarc.com\/wp-content\/uploads\/2024\/10\/distribucion-ARC-COLOR-SIN-FONDO-e1732295305345.png","contentUrl":"https:\/\/distribucionarc.com\/wp-content\/uploads\/2024\/10\/distribucion-ARC-COLOR-SIN-FONDO-e1732295305345.png","width":1164,"height":558,"caption":"Distribuci\u00f3n ARC"},"image":{"@id":"https:\/\/distribucionarc.com\/de\/#\/schema\/logo\/image\/"},"description":"Azienda specializzata nella produzione e distribuzione di macchinari industriali per il settore alimentare e farmaceutico. Siamo specializzati in: Macchine per il taglio della carne Produzione di compresse Sistemi di trasporto industriale Linee di imbottigliamento Dispenser E molto altro ancora... Offriamo soluzioni innovative e personalizzate per ottimizzare i processi produttivi della vostra azienda.","email":"Admistracion@distribucionarc.com","telephone":"+34 643496664","legalName":"ARC TECH SOLUTIONS","foundingDate":"2024-04-09","vatID":"B55480172","numberOfEmployees":{"@type":"QuantitativeValue","minValue":"1","maxValue":"10"}}]}},"_links":{"self":[{"href":"https:\/\/distribucionarc.com\/it\/wp-json\/wp\/v2\/product\/1519","targetHints":{"allow":["GET"]}}],"collection":[{"href":"https:\/\/distribucionarc.com\/it\/wp-json\/wp\/v2\/product"}],"about":[{"href":"https:\/\/distribucionarc.com\/it\/wp-json\/wp\/v2\/types\/product"}],"replies":[{"embeddable":true,"href":"https:\/\/distribucionarc.com\/it\/wp-json\/wp\/v2\/comments?post=1519"}],"version-history":[{"count":0,"href":"https:\/\/distribucionarc.com\/it\/wp-json\/wp\/v2\/product\/1519\/revisions"}],"wp:featuredmedia":[{"embeddable":true,"href":"https:\/\/distribucionarc.com\/it\/wp-json\/wp\/v2\/media\/1520"}],"wp:attachment":[{"href":"https:\/\/distribucionarc.com\/it\/wp-json\/wp\/v2\/media?parent=1519"}],"wp:term":[{"taxonomy":"product_brand","embeddable":true,"href":"https:\/\/distribucionarc.com\/it\/wp-json\/wp\/v2\/product_brand?post=1519"},{"taxonomy":"product_cat","embeddable":true,"href":"https:\/\/distribucionarc.com\/it\/wp-json\/wp\/v2\/product_cat?post=1519"},{"taxonomy":"product_tag","embeddable":true,"href":"https:\/\/distribucionarc.com\/it\/wp-json\/wp\/v2\/product_tag?post=1519"}],"curies":[{"name":"wp","href":"https:\/\/api.w.org\/{rel}","templated":true}]}}