{"id":1582,"date":"2020-07-28T08:48:48","date_gmt":"2020-07-28T08:48:48","guid":{"rendered":"https:\/\/distribucionarc.com\/?post_type=product&#038;p=1582"},"modified":"2020-09-27T10:24:09","modified_gmt":"2020-09-27T10:24:09","slug":"estrattore-pressa-olio-manuale","status":"publish","type":"product","link":"https:\/\/distribucionarc.com\/it\/producto\/extractor-prensa-de-aceite-manual\/","title":{"rendered":"estrattore manuale per frantoio"},"content":{"rendered":"<h3>estrattore manuale per frantoio<\/h3>\n<p>Questa \u00e8 una novit\u00e0 <strong>frantoio manuale per olio <span style=\"color: #ff0000;\">A<\/span><span style=\"color: #0000ff;\">R<\/span>C<\/strong> che \u00e8 composto da quattro parti principali: telaio, gabbia della pressa, maniglia e parte riscaldante.<\/p>\n<p>Crea il tuo olio sano fatto in casa. L&#039;olio pu\u00f2 essere utilizzato per cucinare o come idratante per il corpo. Saprai che \u00e8 100% sano e puro, proprio come saprai tu stesso. Un ottimo modo per vivere meglio. Questo <strong>frantoio per l&#039;olio<\/strong> Pu\u00f2 essere utilizzato a casa o per chef professionisti che sono orgogliosi di realizzare tutto da zero.<\/p>\n<p>Dovrai acquistare i tuoi ingredienti, come noci, arachidi e cos\u00ec via. Lui <strong>estrattore manuale <span style=\"color: #ff0000;\">A<\/span><span style=\"color: #0000ff;\">R<\/span>CEAM01<\/strong> Include anche una singola bottiglia di olio, quindi una volta utilizzata puoi lavarla e riutilizzarla o acquistare bottiglie aggiuntive. La bottiglia dell&#039;olio pu\u00f2 essere sostituita (e riciclata) con bottiglie domestiche standard.<\/p>\n<p>&nbsp;<\/p>\n<h6><strong>Garanzia\u00a0<span style=\"color: #ff0000;\">A<\/span><span style=\"color: #0000ff;\">R<\/span>C 2 ANNI<\/strong><\/h6>\n<h6><strong>supporto tecnico incluso<\/strong><\/h6>\n<p>&nbsp;<\/p>\n<table width=\"100%\">\n<tbody>\n<tr>\n<td>Marca:<\/td>\n<td width=\"32%\">ARCO<\/td>\n<td>Peso:<\/td>\n<td width=\"30%\">6 kg<\/td>\n<\/tr>\n<tr>\n<td>Paese di distribuzione:<\/td>\n<td width=\"32%\">Spagna, Germania, Stati Uniti<\/td>\n<td>Altezza:<\/td>\n<td width=\"30%\">35 cm<\/td>\n<\/tr>\n<tr>\n<td>Colore:<\/td>\n<td width=\"32%\">Argento<\/td>\n<td>Lungo:<\/td>\n<td width=\"30%\">27 cm<\/td>\n<\/tr>\n<tr>\n<td>Tipo di prodotto:<\/td>\n<td width=\"32%\">estrattore d&#039;olio manuale<\/td>\n<td>Ampio:<\/td>\n<td width=\"30%\">6 cm<\/td>\n<\/tr>\n<tr>\n<td>Numero del produttore:<\/td>\n<td width=\"32%\">ARCEMA1<\/td>\n<td>Dimensioni della tramoggia:<\/td>\n<td width=\"30%\">Da 500 a 1000 g<\/td>\n<\/tr>\n<tr>\n<td>Materiale:<\/td>\n<td width=\"32%\">acciaio inossidabile<\/td>\n<td>Garanzia:<\/td>\n<td width=\"30%\">2 ANNI<\/td>\n<\/tr>\n<tr>\n<td>contenuto oleico ottenuto:<\/td>\n<td width=\"32%\">pi\u00f9 di 25%<\/td>\n<td><\/td>\n<td width=\"30%\"><\/td>\n<\/tr>\n<\/tbody>\n<\/table>","protected":false},"excerpt":{"rendered":"<h2>estrattore manuale per frantoio<\/h2>\n<p>Olio fresco, sano e gustoso! Con il\u00a0<strong>frantoio per l&#039;olio\u00a0<span style=\"color: #ff0000;\">A<\/span><span style=\"color: #0000ff;\">R<\/span>C<\/strong> Puoi arricchire la tua cucina con i migliori oli speciali di noci, cereali o semi senza additivi.<\/p>\n<p>Questo <strong>estrattore manuale <span style=\"color: #ff0000;\">A<\/span><span style=\"color: #0000ff;\">R<\/span>CEAM01<\/strong> Dispone dei migliori materiali sul mercato per realizzare un olio di alta qualit\u00e0 con attenzione ai dettagli, questo frantoio manuale \u00e8 adatto per uso domestico, amatoriale o professionale. Basato sul sistema tradizionale di <strong>estrazione del petrolio<\/strong> otterrai tutti gli immobili che stai cercando.<\/p>\n<h6><strong>Garanzia\u00a0<span style=\"color: #ff0000;\">A<\/span><span style=\"color: #0000ff;\">R<\/span>C 2 ANNI<\/strong><\/h6>\n<h6><strong>supporto tecnico incluso<\/strong><\/h6>","protected":false},"featured_media":1590,"comment_status":"open","ping_status":"closed","template":"","meta":{"wds_primary_product_brand":0,"wds_primary_product_cat":0},"product_brand":[],"product_cat":[55],"product_tag":[],"class_list":{"0":"post-1582","1":"product","2":"type-product","3":"status-publish","4":"has-post-thumbnail","6":"product_cat-extractor-prensa-de-aceites","7":"product_shipping_class-hosteleria","9":"first","10":"instock","11":"sale","12":"taxable","13":"shipping-taxable","14":"purchasable","15":"product-type-simple"},"yoast_head":"<!-- This site is optimized with the Yoast SEO Premium plugin v24.9 (Yoast SEO v26.1) - https:\/\/yoast.com\/wordpress\/plugins\/seo\/ -->\n<title>Extractor prensa de aceite manual - distribuci\u00f3n ARC<\/title>\n<meta name=\"robots\" content=\"index, follow, max-snippet:-1, max-image-preview:large, max-video-preview:-1\" \/>\n<link rel=\"canonical\" href=\"https:\/\/distribucionarc.com\/it\/prodotto\/estrattore-pressa-olio-manuale\/\" \/>\n<meta property=\"og:locale\" content=\"it_IT\" \/>\n<meta property=\"og:type\" content=\"article\" \/>\n<meta property=\"og:title\" content=\"Extractor prensa de aceite manual\" \/>\n<meta property=\"og:description\" content=\"Extractor prensa de aceite manual \u00a1Aceite fresco, sano y sabroso! Con la\u00a0prensa de aceite\u00a0ARC puedes enriquecer tu cocina con los mejores aceites especiales de frutos secos, granos o semillas sin aditivos.  Este extractor manual ARCEAM01 cuenta con los mejores materiales del mercado para realizar un aceite de gran calidad cuidado sus detalles, esta prensa de aceite manual es la indicada para uso dom\u00e9stico, aficionado o profesional. Bas\u00e1ndose en sistema tradicional de extracci\u00f3n de aceite obtendr\u00e1 todas las propiedas que busca. Garant\u00eda\u00a0ARC 2 A\u00d1OS soporte t\u00e9cnico\u00a0incluido\" \/>\n<meta property=\"og:url\" content=\"https:\/\/distribucionarc.com\/it\/prodotto\/estrattore-pressa-olio-manuale\/\" \/>\n<meta property=\"og:site_name\" content=\"distribuci\u00f3n ARC\" \/>\n<meta property=\"article:modified_time\" content=\"2020-09-27T10:24:09+00:00\" \/>\n<meta property=\"og:image\" content=\"https:\/\/distribucionarc.com\/wp-content\/uploads\/2020\/07\/Extractor-prensa-de-aceite-manual-0.jpg\" \/>\n\t<meta property=\"og:image:width\" content=\"1600\" \/>\n\t<meta property=\"og:image:height\" content=\"1600\" \/>\n\t<meta property=\"og:image:type\" content=\"image\/jpeg\" \/>\n<meta name=\"twitter:card\" content=\"summary_large_image\" \/>\n<meta name=\"twitter:label1\" content=\"Tempo di lettura stimato\" \/>\n\t<meta name=\"twitter:data1\" content=\"1 minuto\" \/>\n<script type=\"application\/ld+json\" class=\"yoast-schema-graph\">{\"@context\":\"https:\/\/schema.org\",\"@graph\":[{\"@type\":\"WebPage\",\"@id\":\"https:\/\/distribucionarc.com\/bg\/producto\/extractor-prensa-de-aceite-manual\/\",\"url\":\"https:\/\/distribucionarc.com\/bg\/producto\/extractor-prensa-de-aceite-manual\/\",\"name\":\"Extractor prensa de aceite manual - distribuci\u00f3n ARC\",\"isPartOf\":{\"@id\":\"https:\/\/distribucionarc.com\/ro\/#website\"},\"primaryImageOfPage\":{\"@id\":\"https:\/\/distribucionarc.com\/bg\/producto\/extractor-prensa-de-aceite-manual\/#primaryimage\"},\"image\":{\"@id\":\"https:\/\/distribucionarc.com\/bg\/producto\/extractor-prensa-de-aceite-manual\/#primaryimage\"},\"thumbnailUrl\":\"https:\/\/distribucionarc.com\/wp-content\/uploads\/2020\/07\/Extractor-prensa-de-aceite-manual-0.jpg\",\"datePublished\":\"2020-07-28T08:48:48+00:00\",\"dateModified\":\"2020-09-27T10:24:09+00:00\",\"breadcrumb\":{\"@id\":\"https:\/\/distribucionarc.com\/bg\/producto\/extractor-prensa-de-aceite-manual\/#breadcrumb\"},\"inLanguage\":\"it-IT\",\"potentialAction\":[{\"@type\":\"ReadAction\",\"target\":[\"https:\/\/distribucionarc.com\/bg\/producto\/extractor-prensa-de-aceite-manual\/\"]}]},{\"@type\":\"ImageObject\",\"inLanguage\":\"it-IT\",\"@id\":\"https:\/\/distribucionarc.com\/bg\/producto\/extractor-prensa-de-aceite-manual\/#primaryimage\",\"url\":\"https:\/\/distribucionarc.com\/wp-content\/uploads\/2020\/07\/Extractor-prensa-de-aceite-manual-0.jpg\",\"contentUrl\":\"https:\/\/distribucionarc.com\/wp-content\/uploads\/2020\/07\/Extractor-prensa-de-aceite-manual-0.jpg\",\"width\":1600,\"height\":1600,\"caption\":\"Extractor prensa de aceite manual\"},{\"@type\":\"BreadcrumbList\",\"@id\":\"https:\/\/distribucionarc.com\/bg\/producto\/extractor-prensa-de-aceite-manual\/#breadcrumb\",\"itemListElement\":[{\"@type\":\"ListItem\",\"position\":1,\"name\":\"Portada\",\"item\":\"https:\/\/distribucionarc.com\/ar\/\"},{\"@type\":\"ListItem\",\"position\":2,\"name\":\"Proizvodi\",\"item\":\"https:\/\/www.distribucionarc.com\/hr\/ducan\/\"},{\"@type\":\"ListItem\",\"position\":3,\"name\":\"Extractor prensa de aceite manual\"}]},{\"@type\":\"WebSite\",\"@id\":\"https:\/\/distribucionarc.com\/ro\/#website\",\"url\":\"https:\/\/distribucionarc.com\/ro\/\",\"name\":\"distribuci\u00f3n ARC\",\"description\":\"Empresa especializada en la fabricaci\u00f3n y distribuci\u00f3n de maquinaria industrial, selladoras de latas, Maquinas de hacer pastillas, Maquinas de cortar carne...\",\"publisher\":{\"@id\":\"https:\/\/distribucionarc.com\/ro\/#organization\"},\"potentialAction\":[{\"@type\":\"SearchAction\",\"target\":{\"@type\":\"EntryPoint\",\"urlTemplate\":\"https:\/\/distribucionarc.com\/ro\/?s={search_term_string}\"},\"query-input\":{\"@type\":\"PropertyValueSpecification\",\"valueRequired\":true,\"valueName\":\"search_term_string\"}}],\"inLanguage\":\"it-IT\"},{\"@type\":\"Organization\",\"@id\":\"https:\/\/distribucionarc.com\/ro\/#organization\",\"name\":\"Distribuci\u00f3n ARC\",\"url\":\"https:\/\/distribucionarc.com\/ro\/\",\"logo\":{\"@type\":\"ImageObject\",\"inLanguage\":\"it-IT\",\"@id\":\"https:\/\/distribucionarc.com\/ro\/#\/schema\/logo\/image\/\",\"url\":\"https:\/\/distribucionarc.com\/wp-content\/uploads\/2024\/10\/distribucion-ARC-COLOR-SIN-FONDO-e1732295305345.png\",\"contentUrl\":\"https:\/\/distribucionarc.com\/wp-content\/uploads\/2024\/10\/distribucion-ARC-COLOR-SIN-FONDO-e1732295305345.png\",\"width\":1164,\"height\":558,\"caption\":\"Distribuci\u00f3n ARC\"},\"image\":{\"@id\":\"https:\/\/distribucionarc.com\/ro\/#\/schema\/logo\/image\/\"},\"description\":\"Empresa especializada en la fabricaci\u00f3n y distribuci\u00f3n de maquinaria industrial para los sectores alimentario y farmac\u00e9utico. Nos especializamos en: M\u00e1quinas de cortar carne Fabricaci\u00f3n de comprimidos Sistemas de transporte industrial L\u00edneas de embotellado Dosificadores Y mucho m\u00e1s... Ofrecemos soluciones innovadoras y personalizadas para optimizar los procesos productivos de tu empresa.\",\"email\":\"Admistracion@distribucionarc.com\",\"telephone\":\"+34 643496664\",\"legalName\":\"ARC TECH SOLUTIONS\",\"foundingDate\":\"2024-04-09\",\"vatID\":\"B55480172\",\"numberOfEmployees\":{\"@type\":\"QuantitativeValue\",\"minValue\":\"1\",\"maxValue\":\"10\"}}]}<\/script>\n<!-- \/ Yoast SEO Premium plugin. -->","yoast_head_json":{"title":"Estrattore manuale per olio - distribuzione ARC","robots":{"index":"index","follow":"follow","max-snippet":"max-snippet:-1","max-image-preview":"max-image-preview:large","max-video-preview":"max-video-preview:-1"},"canonical":"https:\/\/distribucionarc.com\/it\/prodotto\/estrattore-pressa-olio-manuale\/","og_locale":"it_IT","og_type":"article","og_title":"Extractor prensa de aceite manual","og_description":"Extractor prensa de aceite manual \u00a1Aceite fresco, sano y sabroso! Con la\u00a0prensa de aceite\u00a0ARC puedes enriquecer tu cocina con los mejores aceites especiales de frutos secos, granos o semillas sin aditivos.  Este extractor manual ARCEAM01 cuenta con los mejores materiales del mercado para realizar un aceite de gran calidad cuidado sus detalles, esta prensa de aceite manual es la indicada para uso dom\u00e9stico, aficionado o profesional. Bas\u00e1ndose en sistema tradicional de extracci\u00f3n de aceite obtendr\u00e1 todas las propiedas que busca. Garant\u00eda\u00a0ARC 2 A\u00d1OS soporte t\u00e9cnico\u00a0incluido","og_url":"https:\/\/distribucionarc.com\/it\/prodotto\/estrattore-pressa-olio-manuale\/","og_site_name":"distribuci\u00f3n ARC","article_modified_time":"2020-09-27T10:24:09+00:00","og_image":[{"width":1600,"height":1600,"url":"https:\/\/distribucionarc.com\/wp-content\/uploads\/2020\/07\/Extractor-prensa-de-aceite-manual-0.jpg","type":"image\/jpeg"}],"twitter_card":"summary_large_image","twitter_misc":{"Tempo di lettura stimato":"1 minuto"},"schema":{"@context":"https:\/\/schema.org","@graph":[{"@type":"WebPage","@id":"https:\/\/distribucionarc.com\/bg\/producto\/extractor-prensa-de-aceite-manual\/","url":"https:\/\/distribucionarc.com\/bg\/producto\/extractor-prensa-de-aceite-manual\/","name":"Estrattore manuale per olio - distribuzione ARC","isPartOf":{"@id":"https:\/\/distribucionarc.com\/ro\/#website"},"primaryImageOfPage":{"@id":"https:\/\/distribucionarc.com\/bg\/producto\/extractor-prensa-de-aceite-manual\/#primaryimage"},"image":{"@id":"https:\/\/distribucionarc.com\/bg\/producto\/extractor-prensa-de-aceite-manual\/#primaryimage"},"thumbnailUrl":"https:\/\/distribucionarc.com\/wp-content\/uploads\/2020\/07\/Extractor-prensa-de-aceite-manual-0.jpg","datePublished":"2020-07-28T08:48:48+00:00","dateModified":"2020-09-27T10:24:09+00:00","breadcrumb":{"@id":"https:\/\/distribucionarc.com\/bg\/producto\/extractor-prensa-de-aceite-manual\/#breadcrumb"},"inLanguage":"it-IT","potentialAction":[{"@type":"ReadAction","target":["https:\/\/distribucionarc.com\/bg\/producto\/extractor-prensa-de-aceite-manual\/"]}]},{"@type":"ImageObject","inLanguage":"it-IT","@id":"https:\/\/distribucionarc.com\/bg\/producto\/extractor-prensa-de-aceite-manual\/#primaryimage","url":"https:\/\/distribucionarc.com\/wp-content\/uploads\/2020\/07\/Extractor-prensa-de-aceite-manual-0.jpg","contentUrl":"https:\/\/distribucionarc.com\/wp-content\/uploads\/2020\/07\/Extractor-prensa-de-aceite-manual-0.jpg","width":1600,"height":1600,"caption":"Extractor prensa de aceite manual"},{"@type":"BreadcrumbList","@id":"https:\/\/distribucionarc.com\/bg\/producto\/extractor-prensa-de-aceite-manual\/#breadcrumb","itemListElement":[{"@type":"ListItem","position":1,"name":"Portada","item":"https:\/\/distribucionarc.com\/ar\/"},{"@type":"ListItem","position":2,"name":"Proizvodi","item":"https:\/\/www.distribucionarc.com\/hr\/ducan\/"},{"@type":"ListItem","position":3,"name":"Extractor prensa de aceite manual"}]},{"@type":"WebSite","@id":"https:\/\/distribucionarc.com\/ro\/#website","url":"https:\/\/distribucionarc.com\/ro\/","name":"Distribuzione dell&#039;ARCO","description":"Azienda specializzata nella produzione e distribuzione di macchinari industriali, macchine sigillatrici di lattine, macchine per la produzione di compresse, macchine per il taglio della carne...","publisher":{"@id":"https:\/\/distribucionarc.com\/ro\/#organization"},"potentialAction":[{"@type":"SearchAction","target":{"@type":"EntryPoint","urlTemplate":"https:\/\/distribucionarc.com\/ro\/?s={search_term_string}"},"query-input":{"@type":"PropertyValueSpecification","valueRequired":true,"valueName":"search_term_string"}}],"inLanguage":"it-IT"},{"@type":"Organization","@id":"https:\/\/distribucionarc.com\/ro\/#organization","name":"Distribuzione dell&#039;ARC","url":"https:\/\/distribucionarc.com\/ro\/","logo":{"@type":"ImageObject","inLanguage":"it-IT","@id":"https:\/\/distribucionarc.com\/ro\/#\/schema\/logo\/image\/","url":"https:\/\/distribucionarc.com\/wp-content\/uploads\/2024\/10\/distribucion-ARC-COLOR-SIN-FONDO-e1732295305345.png","contentUrl":"https:\/\/distribucionarc.com\/wp-content\/uploads\/2024\/10\/distribucion-ARC-COLOR-SIN-FONDO-e1732295305345.png","width":1164,"height":558,"caption":"Distribuci\u00f3n ARC"},"image":{"@id":"https:\/\/distribucionarc.com\/ro\/#\/schema\/logo\/image\/"},"description":"Azienda specializzata nella produzione e distribuzione di macchinari industriali per il settore alimentare e farmaceutico. Siamo specializzati in: Macchine per il taglio della carne Produzione di compresse Sistemi di trasporto industriale Linee di imbottigliamento Dispenser E molto altro ancora... Offriamo soluzioni innovative e personalizzate per ottimizzare i processi produttivi della vostra azienda.","email":"Admistracion@distribucionarc.com","telephone":"+34 643496664","legalName":"ARC TECH SOLUTIONS","foundingDate":"2024-04-09","vatID":"B55480172","numberOfEmployees":{"@type":"QuantitativeValue","minValue":"1","maxValue":"10"}}]}},"_links":{"self":[{"href":"https:\/\/distribucionarc.com\/it\/wp-json\/wp\/v2\/product\/1582","targetHints":{"allow":["GET"]}}],"collection":[{"href":"https:\/\/distribucionarc.com\/it\/wp-json\/wp\/v2\/product"}],"about":[{"href":"https:\/\/distribucionarc.com\/it\/wp-json\/wp\/v2\/types\/product"}],"replies":[{"embeddable":true,"href":"https:\/\/distribucionarc.com\/it\/wp-json\/wp\/v2\/comments?post=1582"}],"version-history":[{"count":0,"href":"https:\/\/distribucionarc.com\/it\/wp-json\/wp\/v2\/product\/1582\/revisions"}],"wp:featuredmedia":[{"embeddable":true,"href":"https:\/\/distribucionarc.com\/it\/wp-json\/wp\/v2\/media\/1590"}],"wp:attachment":[{"href":"https:\/\/distribucionarc.com\/it\/wp-json\/wp\/v2\/media?parent=1582"}],"wp:term":[{"taxonomy":"product_brand","embeddable":true,"href":"https:\/\/distribucionarc.com\/it\/wp-json\/wp\/v2\/product_brand?post=1582"},{"taxonomy":"product_cat","embeddable":true,"href":"https:\/\/distribucionarc.com\/it\/wp-json\/wp\/v2\/product_cat?post=1582"},{"taxonomy":"product_tag","embeddable":true,"href":"https:\/\/distribucionarc.com\/it\/wp-json\/wp\/v2\/product_tag?post=1582"}],"curies":[{"name":"wp","href":"https:\/\/api.w.org\/{rel}","templated":true}]}}