{"id":1612,"date":"2020-07-28T10:31:20","date_gmt":"2020-07-28T10:31:20","guid":{"rendered":"https:\/\/distribucionarc.com\/?post_type=product&#038;p=1612"},"modified":"2020-09-27T10:27:06","modified_gmt":"2020-09-27T10:27:06","slug":"sbucciatore-automatico-di-uova-di-quaglia","status":"publish","type":"product","link":"https:\/\/distribucionarc.com\/it\/producto\/peladora-automatica-de-huevos-de-codorniz\/","title":{"rendered":"Sbucciatrice automatica per uova di quaglia"},"content":{"rendered":"<h2>Sbucciatrice automatica per uova di quaglia<\/h2>\n<p>Facile da usare, non c&#039;\u00e8 bisogno di preoccuparsi di operazioni noiose. Per il funzionamento semiautomatico \u00e8 sufficiente fare clic leggermente sull&#039;uovo. Il processo di sbucciatura delle uova di quaglia presenta un basso tasso di danneggiamento.<\/p>\n<p>IL <strong>pelapatate per uova di quaglia <span style=\"color: #ff0000;\">A<\/span><span style=\"color: #0000ff;\">R<\/span>C<\/strong> adotta un motore da 25 W, con <span style=\"color: #008000;\"><strong>Basso consumo energetico, ma elevata efficienza lavorativa<\/strong><\/span>. La velocit\u00e0 di pelatura \u00e8 elevata. <strong>Produci fino a 50 kg\/h<\/strong>, riducendo efficacemente tempi e costi di manodopera.<\/p>\n<p>Lui <strong>pelapatate per uova di quaglia <span style=\"color: #ff0000;\">A<\/span><span style=\"color: #0000ff;\">R<\/span>CPAH1<\/strong>\u00a0\u00c8 realizzato in acciaio inossidabile 304 per uso alimentare. \u00c8 robusto e non arrugginisce facilmente, garantendo una macchina di alta qualit\u00e0 per un uso prolungato.<\/p>\n<p>Utilizzare il design di rotazione del tubo per strappare il guscio dell&#039;uovo e sbucciarlo. I tubi sono realizzati con materie prime di qualit\u00e0 alimentare, igieniche, sane e sicure.<\/p>\n<p>La dimensione del <strong>sbucciatore per uova<\/strong> \u00c8 piccolo, comodo da spostare e trasportare. Non occupa troppo spazio ed \u00e8 adatto a diversi tipi di cucine.<\/p>\n<h6><\/h6>\n<h6>Garanzia<strong>\u00a0<span style=\"color: #ff0000;\">A<\/span><span style=\"color: #0000ff;\">R<\/span>C 2 ANNI<\/strong><\/h6>\n<h6><span style=\"color: #008000;\">motore pi\u00f9 efficiente con basso consumo 18w<\/span><\/h6>\n<h6>supporto tecnico incluso.<\/h6>\n<p>&nbsp;<\/p>\n<table role=\"presentation\" width=\"100%\" cellspacing=\"0\" cellpadding=\"0\">\n<tbody>\n<tr>\n<td class=\"attrLabels\">Energia:<\/td>\n<td width=\"50.0%\">18W<\/td>\n<\/tr>\n<tr>\n<td class=\"attrLabels\">voltaggio:<\/td>\n<td width=\"50.0%\">110 V \u2013 220 V da 50 Hz a 60 Hz<\/td>\n<td class=\"attrLabels\">Peso:<\/td>\n<td width=\"50.0%\">2,5 kg<\/td>\n<\/tr>\n<tr>\n<td class=\"attrLabels\">Paese di distribuzione:<\/td>\n<td width=\"50.0%\">Spagna, Germania, Stati Uniti<\/td>\n<td class=\"attrLabels\">Altezza:<\/td>\n<td width=\"50.0%\">11 centimetri<\/td>\n<\/tr>\n<tr>\n<td class=\"attrLabels\">Marca:<\/td>\n<td width=\"50.0%\">ARCO<\/td>\n<td class=\"attrLabels\">Lungo:<\/td>\n<td width=\"50.0%\">40 cm<\/td>\n<\/tr>\n<tr>\n<td class=\"attrLabels\">Tipo di prodotto:<\/td>\n<td width=\"50.0%\">Pelapatate per uova di quaglia<\/td>\n<td class=\"attrLabels\">Ampio:<\/td>\n<td width=\"50.0%\">\u00a018 cm<\/td>\n<\/tr>\n<tr>\n<td class=\"attrLabels\">Numero del produttore:<\/td>\n<td width=\"50.0%\">ARCPAH1<\/td>\n<td class=\"attrLabels\">Velocit\u00e0 di lavoro:<\/td>\n<td width=\"50.0%\">\u00a050 kg all&#039;ora<\/td>\n<\/tr>\n<tr>\n<td class=\"attrLabels\">Materiale:<\/td>\n<td width=\"50.0%\">Tubi flessibili in acciaio inossidabile per uso alimentare<\/td>\n<td class=\"attrLabels\">\u00a0Garanzia:<\/td>\n<td width=\"50.0%\">2 ANNI<\/td>\n<\/tr>\n<tr>\n<td class=\"attrLabels\">Colore:<\/td>\n<td width=\"50.0%\">Argento<\/td>\n<td class=\"attrLabels\"><\/td>\n<td width=\"50.0%\"><\/td>\n<\/tr>\n<tr>\n<td class=\"attrLabels\">Strumenti di installazione:<\/td>\n<td width=\"50.0%\">S\u00ec<\/td>\n<td class=\"attrLabels\"><\/td>\n<td width=\"50.0%\"><\/td>\n<\/tr>\n<\/tbody>\n<\/table>","protected":false},"excerpt":{"rendered":"<h2>Sbucciatrice automatica per uova di quaglia<\/h2>\n<p>Risparmia tempo nella preparazione dei tuoi piatti e tapas, con questo <strong>pelapatate automatico <span style=\"color: #ff0000;\">A<\/span><span style=\"color: #0000ff;\">R<\/span>CPAH1<\/strong> Basta premere un pulsante per ottenere un prodotto pulito e senza tagli.<\/p>\n<p><strong>Macchina professionale per sbucciare le uova di quaglia <span style=\"color: #ff0000;\">A<\/span><span style=\"color: #0000ff;\">R<\/span>C<\/strong>Realizzato in acciaio inossidabile 304 di alta qualit\u00e0, \u00e8 durevole e sicuro da usare. Pu\u00f2 sbucciare le uova con grande efficienza e riducendo al minimo le rotture. Uscita fino a <strong>60 kg\/ora<\/strong>, riduce notevolmente il tempo di pelatura manuale. Le dimensioni sono ridotte, comode da spostare e trasportare. Adatto per alberghi, ristoranti, bar e settore della ristorazione.<\/p>\n<h6>Garanzia<strong>\u00a0<span style=\"color: #ff0000;\">A<\/span><span style=\"color: #0000ff;\">R<\/span>C 2 ANNI<\/strong><\/h6>\n<h6><span style=\"color: #008000;\">motore pi\u00f9 efficiente con basso consumo 18w<\/span><\/h6>\n<h6>supporto tecnico incluso.<\/h6>","protected":false},"featured_media":1619,"comment_status":"open","ping_status":"closed","template":"","meta":{"wds_primary_product_brand":0,"wds_primary_product_cat":0},"product_brand":[],"product_cat":[43,61],"product_tag":[],"class_list":{"0":"post-1612","1":"product","2":"type-product","3":"status-publish","4":"has-post-thumbnail","6":"product_cat-cortadoras-de-alimentos","7":"product_cat-peladoras-de-alimentos","8":"product_shipping_class-hosteleria","10":"first","11":"instock","12":"sale","13":"taxable","14":"shipping-taxable","15":"purchasable","16":"product-type-simple"},"yoast_head":"<!-- This site is optimized with the Yoast SEO Premium plugin v24.9 (Yoast SEO v26.1) - https:\/\/yoast.com\/wordpress\/plugins\/seo\/ -->\n<title>Peladora autom\u00e1tica de huevos de codorniz - distribuci\u00f3n ARC<\/title>\n<meta name=\"robots\" content=\"index, follow, max-snippet:-1, max-image-preview:large, max-video-preview:-1\" \/>\n<link rel=\"canonical\" href=\"https:\/\/distribucionarc.com\/it\/prodotto\/sbucciatore-automatico-di-uova-di-quaglia\/\" \/>\n<meta property=\"og:locale\" content=\"it_IT\" \/>\n<meta property=\"og:type\" content=\"article\" \/>\n<meta property=\"og:title\" content=\"Peladora autom\u00e1tica de huevos de codorniz\" \/>\n<meta property=\"og:description\" content=\"Peladora autom\u00e1tica de huevos de codorniz Ahorre tiempo para elaborar sus platos y tapas, con esta peladora autom\u00e1tica ARCPAH1 tan solo tendr\u00e1 que presionar un bot\u00f3n para obtener un producto limpio y sin cortes.  M\u00e1quina profesional para pelar huevos de codorniz ARC, hecha de acero inoxidable 304 premium, es duradera y segura de usar. Puede pelar huevos con alta eficiencia y con poca rotura. Salida de hasta 60 kg \/ h, reduce significativamente el tiempo de pelado manual. El tama\u00f1o es peque\u00f1o, conveniente para mover y transportar. Adecuado para hoteles, restaurantes, bar e industria de catering. Garant\u00eda\u00a0ARC 2 A\u00d1OS motor m\u00e1s eficiente bajo consumo 18w soporte t\u00e9cnico\u00a0incluido.\" \/>\n<meta property=\"og:url\" content=\"https:\/\/distribucionarc.com\/it\/prodotto\/sbucciatore-automatico-di-uova-di-quaglia\/\" \/>\n<meta property=\"og:site_name\" content=\"distribuci\u00f3n ARC\" \/>\n<meta property=\"article:modified_time\" content=\"2020-09-27T10:27:06+00:00\" \/>\n<meta property=\"og:image\" content=\"https:\/\/distribucionarc.com\/wp-content\/uploads\/2020\/07\/Peladora-autom\u00e1tica-de-huevos-de-codorniz-0.jpg\" \/>\n\t<meta property=\"og:image:width\" content=\"1600\" \/>\n\t<meta property=\"og:image:height\" content=\"1600\" \/>\n\t<meta property=\"og:image:type\" content=\"image\/jpeg\" \/>\n<meta name=\"twitter:card\" content=\"summary_large_image\" \/>\n<meta name=\"twitter:label1\" content=\"Tempo di lettura stimato\" \/>\n\t<meta name=\"twitter:data1\" content=\"1 minuto\" \/>\n<script type=\"application\/ld+json\" class=\"yoast-schema-graph\">{\"@context\":\"https:\/\/schema.org\",\"@graph\":[{\"@type\":\"WebPage\",\"@id\":\"https:\/\/distribucionarc.com\/sl\/producto\/peladora-automatica-de-huevos-de-codorniz\/\",\"url\":\"https:\/\/distribucionarc.com\/sl\/producto\/peladora-automatica-de-huevos-de-codorniz\/\",\"name\":\"Peladora autom\u00e1tica de huevos de codorniz - distribuci\u00f3n ARC\",\"isPartOf\":{\"@id\":\"https:\/\/distribucionarc.com\/bg\/#website\"},\"primaryImageOfPage\":{\"@id\":\"https:\/\/distribucionarc.com\/sl\/producto\/peladora-automatica-de-huevos-de-codorniz\/#primaryimage\"},\"image\":{\"@id\":\"https:\/\/distribucionarc.com\/sl\/producto\/peladora-automatica-de-huevos-de-codorniz\/#primaryimage\"},\"thumbnailUrl\":\"https:\/\/distribucionarc.com\/wp-content\/uploads\/2020\/07\/Peladora-autom\u00e1tica-de-huevos-de-codorniz-0.jpg\",\"datePublished\":\"2020-07-28T10:31:20+00:00\",\"dateModified\":\"2020-09-27T10:27:06+00:00\",\"breadcrumb\":{\"@id\":\"https:\/\/distribucionarc.com\/sl\/producto\/peladora-automatica-de-huevos-de-codorniz\/#breadcrumb\"},\"inLanguage\":\"it-IT\",\"potentialAction\":[{\"@type\":\"ReadAction\",\"target\":[\"https:\/\/distribucionarc.com\/sl\/producto\/peladora-automatica-de-huevos-de-codorniz\/\"]}]},{\"@type\":\"ImageObject\",\"inLanguage\":\"it-IT\",\"@id\":\"https:\/\/distribucionarc.com\/sl\/producto\/peladora-automatica-de-huevos-de-codorniz\/#primaryimage\",\"url\":\"https:\/\/distribucionarc.com\/wp-content\/uploads\/2020\/07\/Peladora-autom\u00e1tica-de-huevos-de-codorniz-0.jpg\",\"contentUrl\":\"https:\/\/distribucionarc.com\/wp-content\/uploads\/2020\/07\/Peladora-autom\u00e1tica-de-huevos-de-codorniz-0.jpg\",\"width\":1600,\"height\":1600,\"caption\":\"Peladora autom\u00e1tica de huevos de codorniz\"},{\"@type\":\"BreadcrumbList\",\"@id\":\"https:\/\/distribucionarc.com\/sl\/producto\/peladora-automatica-de-huevos-de-codorniz\/#breadcrumb\",\"itemListElement\":[{\"@type\":\"ListItem\",\"position\":1,\"name\":\"Portada\",\"item\":\"https:\/\/distribucionarc.com\/nb\/\"},{\"@type\":\"ListItem\",\"position\":2,\"name\":\"Products\",\"item\":\"https:\/\/www.distribucionarc.com\/en\/shop\/\"},{\"@type\":\"ListItem\",\"position\":3,\"name\":\"Peladora autom\u00e1tica de huevos de codorniz\"}]},{\"@type\":\"WebSite\",\"@id\":\"https:\/\/distribucionarc.com\/bg\/#website\",\"url\":\"https:\/\/distribucionarc.com\/bg\/\",\"name\":\"distribuci\u00f3n ARC\",\"description\":\"Empresa especializada en la fabricaci\u00f3n y distribuci\u00f3n de maquinaria industrial, selladoras de latas, Maquinas de hacer pastillas, Maquinas de cortar carne...\",\"publisher\":{\"@id\":\"https:\/\/distribucionarc.com\/bg\/#organization\"},\"potentialAction\":[{\"@type\":\"SearchAction\",\"target\":{\"@type\":\"EntryPoint\",\"urlTemplate\":\"https:\/\/distribucionarc.com\/bg\/?s={search_term_string}\"},\"query-input\":{\"@type\":\"PropertyValueSpecification\",\"valueRequired\":true,\"valueName\":\"search_term_string\"}}],\"inLanguage\":\"it-IT\"},{\"@type\":\"Organization\",\"@id\":\"https:\/\/distribucionarc.com\/bg\/#organization\",\"name\":\"Distribuci\u00f3n ARC\",\"url\":\"https:\/\/distribucionarc.com\/bg\/\",\"logo\":{\"@type\":\"ImageObject\",\"inLanguage\":\"it-IT\",\"@id\":\"https:\/\/distribucionarc.com\/bg\/#\/schema\/logo\/image\/\",\"url\":\"https:\/\/distribucionarc.com\/wp-content\/uploads\/2024\/10\/distribucion-ARC-COLOR-SIN-FONDO-e1732295305345.png\",\"contentUrl\":\"https:\/\/distribucionarc.com\/wp-content\/uploads\/2024\/10\/distribucion-ARC-COLOR-SIN-FONDO-e1732295305345.png\",\"width\":1164,\"height\":558,\"caption\":\"Distribuci\u00f3n ARC\"},\"image\":{\"@id\":\"https:\/\/distribucionarc.com\/bg\/#\/schema\/logo\/image\/\"},\"description\":\"Empresa especializada en la fabricaci\u00f3n y distribuci\u00f3n de maquinaria industrial para los sectores alimentario y farmac\u00e9utico. Nos especializamos en: M\u00e1quinas de cortar carne Fabricaci\u00f3n de comprimidos Sistemas de transporte industrial L\u00edneas de embotellado Dosificadores Y mucho m\u00e1s... Ofrecemos soluciones innovadoras y personalizadas para optimizar los procesos productivos de tu empresa.\",\"email\":\"Admistracion@distribucionarc.com\",\"telephone\":\"+34 643496664\",\"legalName\":\"ARC TECH SOLUTIONS\",\"foundingDate\":\"2024-04-09\",\"vatID\":\"B55480172\",\"numberOfEmployees\":{\"@type\":\"QuantitativeValue\",\"minValue\":\"1\",\"maxValue\":\"10\"}}]}<\/script>\n<!-- \/ Yoast SEO Premium plugin. -->","yoast_head_json":{"title":"Pelatrice automatica per uova di quaglia - ARC distribution","robots":{"index":"index","follow":"follow","max-snippet":"max-snippet:-1","max-image-preview":"max-image-preview:large","max-video-preview":"max-video-preview:-1"},"canonical":"https:\/\/distribucionarc.com\/it\/prodotto\/sbucciatore-automatico-di-uova-di-quaglia\/","og_locale":"it_IT","og_type":"article","og_title":"Peladora autom\u00e1tica de huevos de codorniz","og_description":"Peladora autom\u00e1tica de huevos de codorniz Ahorre tiempo para elaborar sus platos y tapas, con esta peladora autom\u00e1tica ARCPAH1 tan solo tendr\u00e1 que presionar un bot\u00f3n para obtener un producto limpio y sin cortes.  M\u00e1quina profesional para pelar huevos de codorniz ARC, hecha de acero inoxidable 304 premium, es duradera y segura de usar. Puede pelar huevos con alta eficiencia y con poca rotura. Salida de hasta 60 kg \/ h, reduce significativamente el tiempo de pelado manual. El tama\u00f1o es peque\u00f1o, conveniente para mover y transportar. Adecuado para hoteles, restaurantes, bar e industria de catering. Garant\u00eda\u00a0ARC 2 A\u00d1OS motor m\u00e1s eficiente bajo consumo 18w soporte t\u00e9cnico\u00a0incluido.","og_url":"https:\/\/distribucionarc.com\/it\/prodotto\/sbucciatore-automatico-di-uova-di-quaglia\/","og_site_name":"distribuci\u00f3n ARC","article_modified_time":"2020-09-27T10:27:06+00:00","og_image":[{"width":1600,"height":1600,"url":"https:\/\/distribucionarc.com\/wp-content\/uploads\/2020\/07\/Peladora-autom\u00e1tica-de-huevos-de-codorniz-0.jpg","type":"image\/jpeg"}],"twitter_card":"summary_large_image","twitter_misc":{"Tempo di lettura stimato":"1 minuto"},"schema":{"@context":"https:\/\/schema.org","@graph":[{"@type":"WebPage","@id":"https:\/\/distribucionarc.com\/sl\/producto\/peladora-automatica-de-huevos-de-codorniz\/","url":"https:\/\/distribucionarc.com\/sl\/producto\/peladora-automatica-de-huevos-de-codorniz\/","name":"Pelatrice automatica per uova di quaglia - ARC distribution","isPartOf":{"@id":"https:\/\/distribucionarc.com\/bg\/#website"},"primaryImageOfPage":{"@id":"https:\/\/distribucionarc.com\/sl\/producto\/peladora-automatica-de-huevos-de-codorniz\/#primaryimage"},"image":{"@id":"https:\/\/distribucionarc.com\/sl\/producto\/peladora-automatica-de-huevos-de-codorniz\/#primaryimage"},"thumbnailUrl":"https:\/\/distribucionarc.com\/wp-content\/uploads\/2020\/07\/Peladora-autom\u00e1tica-de-huevos-de-codorniz-0.jpg","datePublished":"2020-07-28T10:31:20+00:00","dateModified":"2020-09-27T10:27:06+00:00","breadcrumb":{"@id":"https:\/\/distribucionarc.com\/sl\/producto\/peladora-automatica-de-huevos-de-codorniz\/#breadcrumb"},"inLanguage":"it-IT","potentialAction":[{"@type":"ReadAction","target":["https:\/\/distribucionarc.com\/sl\/producto\/peladora-automatica-de-huevos-de-codorniz\/"]}]},{"@type":"ImageObject","inLanguage":"it-IT","@id":"https:\/\/distribucionarc.com\/sl\/producto\/peladora-automatica-de-huevos-de-codorniz\/#primaryimage","url":"https:\/\/distribucionarc.com\/wp-content\/uploads\/2020\/07\/Peladora-autom\u00e1tica-de-huevos-de-codorniz-0.jpg","contentUrl":"https:\/\/distribucionarc.com\/wp-content\/uploads\/2020\/07\/Peladora-autom\u00e1tica-de-huevos-de-codorniz-0.jpg","width":1600,"height":1600,"caption":"Peladora autom\u00e1tica de huevos de codorniz"},{"@type":"BreadcrumbList","@id":"https:\/\/distribucionarc.com\/sl\/producto\/peladora-automatica-de-huevos-de-codorniz\/#breadcrumb","itemListElement":[{"@type":"ListItem","position":1,"name":"Portada","item":"https:\/\/distribucionarc.com\/nb\/"},{"@type":"ListItem","position":2,"name":"Products","item":"https:\/\/www.distribucionarc.com\/en\/shop\/"},{"@type":"ListItem","position":3,"name":"Peladora autom\u00e1tica de huevos de codorniz"}]},{"@type":"WebSite","@id":"https:\/\/distribucionarc.com\/bg\/#website","url":"https:\/\/distribucionarc.com\/bg\/","name":"Distribuzione dell&#039;ARCO","description":"Azienda specializzata nella produzione e distribuzione di macchinari industriali, macchine sigillatrici di lattine, macchine per la produzione di compresse, macchine per il taglio della carne...","publisher":{"@id":"https:\/\/distribucionarc.com\/bg\/#organization"},"potentialAction":[{"@type":"SearchAction","target":{"@type":"EntryPoint","urlTemplate":"https:\/\/distribucionarc.com\/bg\/?s={search_term_string}"},"query-input":{"@type":"PropertyValueSpecification","valueRequired":true,"valueName":"search_term_string"}}],"inLanguage":"it-IT"},{"@type":"Organization","@id":"https:\/\/distribucionarc.com\/bg\/#organization","name":"Distribuzione dell&#039;ARC","url":"https:\/\/distribucionarc.com\/bg\/","logo":{"@type":"ImageObject","inLanguage":"it-IT","@id":"https:\/\/distribucionarc.com\/bg\/#\/schema\/logo\/image\/","url":"https:\/\/distribucionarc.com\/wp-content\/uploads\/2024\/10\/distribucion-ARC-COLOR-SIN-FONDO-e1732295305345.png","contentUrl":"https:\/\/distribucionarc.com\/wp-content\/uploads\/2024\/10\/distribucion-ARC-COLOR-SIN-FONDO-e1732295305345.png","width":1164,"height":558,"caption":"Distribuci\u00f3n ARC"},"image":{"@id":"https:\/\/distribucionarc.com\/bg\/#\/schema\/logo\/image\/"},"description":"Azienda specializzata nella produzione e distribuzione di macchinari industriali per il settore alimentare e farmaceutico. Siamo specializzati in: Macchine per il taglio della carne Produzione di compresse Sistemi di trasporto industriale Linee di imbottigliamento Dispenser E molto altro ancora... Offriamo soluzioni innovative e personalizzate per ottimizzare i processi produttivi della vostra azienda.","email":"Admistracion@distribucionarc.com","telephone":"+34 643496664","legalName":"ARC TECH SOLUTIONS","foundingDate":"2024-04-09","vatID":"B55480172","numberOfEmployees":{"@type":"QuantitativeValue","minValue":"1","maxValue":"10"}}]}},"_links":{"self":[{"href":"https:\/\/distribucionarc.com\/it\/wp-json\/wp\/v2\/product\/1612","targetHints":{"allow":["GET"]}}],"collection":[{"href":"https:\/\/distribucionarc.com\/it\/wp-json\/wp\/v2\/product"}],"about":[{"href":"https:\/\/distribucionarc.com\/it\/wp-json\/wp\/v2\/types\/product"}],"replies":[{"embeddable":true,"href":"https:\/\/distribucionarc.com\/it\/wp-json\/wp\/v2\/comments?post=1612"}],"version-history":[{"count":0,"href":"https:\/\/distribucionarc.com\/it\/wp-json\/wp\/v2\/product\/1612\/revisions"}],"wp:featuredmedia":[{"embeddable":true,"href":"https:\/\/distribucionarc.com\/it\/wp-json\/wp\/v2\/media\/1619"}],"wp:attachment":[{"href":"https:\/\/distribucionarc.com\/it\/wp-json\/wp\/v2\/media?parent=1612"}],"wp:term":[{"taxonomy":"product_brand","embeddable":true,"href":"https:\/\/distribucionarc.com\/it\/wp-json\/wp\/v2\/product_brand?post=1612"},{"taxonomy":"product_cat","embeddable":true,"href":"https:\/\/distribucionarc.com\/it\/wp-json\/wp\/v2\/product_cat?post=1612"},{"taxonomy":"product_tag","embeddable":true,"href":"https:\/\/distribucionarc.com\/it\/wp-json\/wp\/v2\/product_tag?post=1612"}],"curies":[{"name":"wp","href":"https:\/\/api.w.org\/{rel}","templated":true}]}}