{"id":1643,"date":"2020-07-28T16:45:37","date_gmt":"2020-07-28T16:45:37","guid":{"rendered":"https:\/\/distribucionarc.com\/?post_type=product&#038;p=1643"},"modified":"2024-10-05T03:49:28","modified_gmt":"2024-10-05T03:49:28","slug":"tritacarne-industriale-350-kg","status":"publish","type":"product","link":"https:\/\/distribucionarc.com\/it\/producto\/picadora-de-carne-industrial-350-kg\/","title":{"rendered":"Tritacarne industriale 350 Kg"},"content":{"rendered":"<h3>Tritacarne industriale 350 Kg<\/h3>\n<p>Lui\u00a0<strong>smerigliatrice elettrica<\/strong>\u00a0Di\u00a0<strong><span style=\"color: #ff0000;\">A<\/span><span style=\"color: #0000ff;\">R<\/span>C<\/strong>\u00a0\u00c8 adatto per l&#039;uso commerciale grazie ai materiali di alta qualit\u00e0 e alla potenza di lavorazione.<\/p>\n<p>Composta da acciaio inox della migliore qualit\u00e0 alimentare garantisce la robustezza e la durata della macchina. Il potente motore del tritacarne ha 2000 W per macinare rapidamente le carni pi\u00f9 dure.<\/p>\n<p>Con questo\u00a0<strong>smerigliatrice elettrica <span style=\"color: #ff0000;\">A<\/span><span style=\"color: #0000ff;\">R<\/span>CTMC350<\/strong> Pu\u00f2 macinare tranquillamente 350 kg all&#039;ora, anche la velocit\u00e0 della lama \u00e8 elevata e lavora a 220 giri al minuto. A differenza dei tritacarne piccoli, ha un ampio tubo di alimentazione quindi non necessita di tagliare la carne in pezzi pi\u00f9 piccoli.<\/p>\n<h6>Garanzia<strong>\u00a0<\/strong><span style=\"color: #ff0000;\"><strong>A<\/strong><\/span><span style=\"color: #0000ff;\"><strong>R<\/strong><\/span><strong>C 2 ANNI<\/strong><\/h6>\n<h6><span style=\"color: #008000;\">Motore da 2000 W a basso consumo pi\u00f9 efficiente<\/span><\/h6>\n<h6>supporto tecnico incluso.<\/h6>\n<p>&nbsp;<\/p>\n<table role=\"presentation\" width=\"100%\" cellspacing=\"0\" cellpadding=\"0\">\n<tbody>\n<tr>\n<td class=\"attrLabels\">Energia:<\/td>\n<td width=\"50.0%\">2000 W<\/td>\n<\/tr>\n<tr>\n<td class=\"attrLabels\">voltaggio:<\/td>\n<td width=\"50.0%\">220 V 50 Hz<\/td>\n<td class=\"attrLabels\">Peso:<\/td>\n<td width=\"50.0%\">25 kg<\/td>\n<\/tr>\n<tr>\n<td class=\"attrLabels\">Paese di distribuzione:<\/td>\n<td width=\"50.0%\">Spagna, Germania, Stati Uniti<\/td>\n<td class=\"attrLabels\">Altezza:<\/td>\n<td width=\"50.0%\">56 cm<\/td>\n<\/tr>\n<tr>\n<td class=\"attrLabels\">Marca:<\/td>\n<td width=\"50.0%\">ARCO<\/td>\n<td class=\"attrLabels\">Lungo:<\/td>\n<td width=\"50.0%\">44 cm<\/td>\n<\/tr>\n<tr>\n<td class=\"attrLabels\">Tipo di prodotto:<\/td>\n<td width=\"50.0%\">tritacarne industriale<\/td>\n<td class=\"attrLabels\">Ampio:<\/td>\n<td width=\"50.0%\">\u00a024 cm<\/td>\n<\/tr>\n<tr>\n<td class=\"attrLabels\">Numero del produttore:<\/td>\n<td width=\"50.0%\">ARCTMC350<\/td>\n<td class=\"attrLabels\">Velocit\u00e0 di lavoro:<\/td>\n<td width=\"50.0%\">\u00a0650 Kg all&#039;ora<\/td>\n<\/tr>\n<tr>\n<td class=\"attrLabels\">Materiale:<\/td>\n<td width=\"50.0%\">acciaio inossidabile, piedini antiscivolo,<\/td>\n<td class=\"attrLabels\">Dimensione dell&#039;input:<\/td>\n<td width=\"50.0%\">14,5\u00d77 cm<\/td>\n<\/tr>\n<tr>\n<td class=\"attrLabels\">Colore:<\/td>\n<td width=\"50.0%\">Argento<\/td>\n<td class=\"attrLabels\">Velocit\u00e0 del motore:<\/td>\n<td width=\"50.0%\">220 giri\/min<\/td>\n<\/tr>\n<tr>\n<td class=\"attrLabels\">Strumenti di installazione:<\/td>\n<td width=\"50.0%\">S\u00ec<\/td>\n<td class=\"attrLabels\">Garanzia:<\/td>\n<td width=\"50.0%\">2 ANNI<\/td>\n<\/tr>\n<\/tbody>\n<\/table>","protected":false},"excerpt":{"rendered":"<h2>Tritacarne industriale 350 Kg<\/h2>\n<p>Macina rapidamente la carne per hamburger, polpettoni o salsicce con questo potente\u00a0<strong>tritacarne elettrico<\/strong>\u00a0o vegetale.<\/p>\n<p>La pag<strong>tritacarne<span style=\"color: #ff0000;\">\u00a0A<\/span><span style=\"color: #0000ff;\">R<\/span>C<\/strong>\u00a0Il servizio pesante \u00e8 perfetto per creare carne macinata, salsicce e carne di selvaggina. Con il suo motore da 1000 watt, soddisfer\u00e0 sicuramente la domanda di ristoranti, negozi di lavorazione della carne, gastronomie, macellerie e altro ancora. Lui\u00a0<strong>tritacarne\u00a0<span style=\"color: #ff0000;\">A<\/span><span style=\"color: #0000ff;\">R<\/span>CTMC350<\/strong> Pu\u00f2 macinare circa fino a 350 kg di carne all&#039;ora.<\/p>\n<h6>Garanzia<strong>\u00a0<\/strong><span style=\"color: #ff0000;\"><strong>A<\/strong><\/span><span style=\"color: #0000ff;\"><strong>R<\/strong><\/span><strong>C 2 ANNI<\/strong><\/h6>\n<h6><span style=\"color: #008000;\">Motore da 2000 W a basso consumo pi\u00f9 efficiente<\/span><\/h6>\n<h6>supporto tecnico incluso.<\/h6>","protected":false},"featured_media":1651,"comment_status":"open","ping_status":"closed","template":"","meta":{"wds_primary_product_brand":0,"wds_primary_product_cat":0},"product_brand":[],"product_cat":[120],"product_tag":[],"class_list":{"0":"post-1643","1":"product","2":"type-product","3":"status-publish","4":"has-post-thumbnail","6":"product_cat-picadoras-carne","7":"product_shipping_class-hosteleria","9":"first","10":"instock","11":"taxable","12":"shipping-taxable","13":"purchasable","14":"product-type-simple"},"yoast_head":"<!-- This site is optimized with the Yoast SEO Premium plugin v24.9 (Yoast SEO v26.1) - https:\/\/yoast.com\/wordpress\/plugins\/seo\/ -->\n<title>Picadora de carne industrial 350 Kg - distribuci\u00f3n ARC<\/title>\n<meta name=\"robots\" content=\"index, follow, max-snippet:-1, max-image-preview:large, max-video-preview:-1\" \/>\n<link rel=\"canonical\" href=\"https:\/\/distribucionarc.com\/it\/prodotto\/tritacarne-industriale-350-kg\/\" \/>\n<meta property=\"og:locale\" content=\"it_IT\" \/>\n<meta property=\"og:type\" content=\"article\" \/>\n<meta property=\"og:title\" content=\"Picadora de carne industrial 350 Kg\" \/>\n<meta property=\"og:description\" content=\"Picadora de carne industrial 350 Kg Muela r\u00e1pidamente la carne para hamburguesas, pastel de carne o salchichas con esta potente\u00a0picadora de carne el\u00e9ctrica\u00a0o verdura.  La picadora de carne\u00a0ARC\u00a0de servicio pesado es perfecto para crear carne molida, salchichas y carne de caza silvestre. Con su motor de 1000 vatios, sin duda satisfar\u00e1 la demanda de restaurantes, tienda de procesamiento de carne, delicatessen, carnicer\u00edas y m\u00e1s. El\u00a0triturador de carne\u00a0ARCTMC350 puede moler aproximadamente hasta 350 kg de carne por hora. Garant\u00eda\u00a0ARC 2 A\u00d1OS motor m\u00e1s eficiente bajo consumo 2000w soporte t\u00e9cnico\u00a0incluido.\" \/>\n<meta property=\"og:url\" content=\"https:\/\/distribucionarc.com\/it\/prodotto\/tritacarne-industriale-350-kg\/\" \/>\n<meta property=\"og:site_name\" content=\"distribuci\u00f3n ARC\" \/>\n<meta property=\"article:modified_time\" content=\"2024-10-05T03:49:28+00:00\" \/>\n<meta property=\"og:image\" content=\"https:\/\/distribucionarc.com\/wp-content\/uploads\/2020\/07\/icadora-de-carne-industrial-350-Kg-0.jpg\" \/>\n\t<meta property=\"og:image:width\" content=\"1600\" \/>\n\t<meta property=\"og:image:height\" content=\"1600\" \/>\n\t<meta property=\"og:image:type\" content=\"image\/jpeg\" \/>\n<meta name=\"twitter:card\" content=\"summary_large_image\" \/>\n<meta name=\"twitter:label1\" content=\"Tempo di lettura stimato\" \/>\n\t<meta name=\"twitter:data1\" content=\"2 minuti\" \/>\n<script type=\"application\/ld+json\" class=\"yoast-schema-graph\">{\"@context\":\"https:\/\/schema.org\",\"@graph\":[{\"@type\":\"WebPage\",\"@id\":\"https:\/\/distribucionarc.com\/pt\/producto\/picadora-de-carne-industrial-350-kg\/\",\"url\":\"https:\/\/distribucionarc.com\/pt\/producto\/picadora-de-carne-industrial-350-kg\/\",\"name\":\"Picadora de carne industrial 350 Kg - distribuci\u00f3n ARC\",\"isPartOf\":{\"@id\":\"https:\/\/www.distribucionarc.com\/#website\"},\"primaryImageOfPage\":{\"@id\":\"https:\/\/distribucionarc.com\/pt\/producto\/picadora-de-carne-industrial-350-kg\/#primaryimage\"},\"image\":{\"@id\":\"https:\/\/distribucionarc.com\/pt\/producto\/picadora-de-carne-industrial-350-kg\/#primaryimage\"},\"thumbnailUrl\":\"https:\/\/distribucionarc.com\/wp-content\/uploads\/2020\/07\/icadora-de-carne-industrial-350-Kg-0.jpg\",\"datePublished\":\"2020-07-28T16:45:37+00:00\",\"dateModified\":\"2024-10-05T03:49:28+00:00\",\"breadcrumb\":{\"@id\":\"https:\/\/distribucionarc.com\/pt\/producto\/picadora-de-carne-industrial-350-kg\/#breadcrumb\"},\"inLanguage\":\"it-IT\",\"potentialAction\":[{\"@type\":\"ReadAction\",\"target\":[\"https:\/\/distribucionarc.com\/pt\/producto\/picadora-de-carne-industrial-350-kg\/\"]}]},{\"@type\":\"ImageObject\",\"inLanguage\":\"it-IT\",\"@id\":\"https:\/\/distribucionarc.com\/pt\/producto\/picadora-de-carne-industrial-350-kg\/#primaryimage\",\"url\":\"https:\/\/distribucionarc.com\/wp-content\/uploads\/2020\/07\/icadora-de-carne-industrial-350-Kg-0.jpg\",\"contentUrl\":\"https:\/\/distribucionarc.com\/wp-content\/uploads\/2020\/07\/icadora-de-carne-industrial-350-Kg-0.jpg\",\"width\":1600,\"height\":1600,\"caption\":\"Picadora de carne industrial 350 Kg\"},{\"@type\":\"BreadcrumbList\",\"@id\":\"https:\/\/distribucionarc.com\/pt\/producto\/picadora-de-carne-industrial-350-kg\/#breadcrumb\",\"itemListElement\":[{\"@type\":\"ListItem\",\"position\":1,\"name\":\"Portada\",\"item\":\"https:\/\/distribucionarc.com\/pl\/\"},{\"@type\":\"ListItem\",\"position\":2,\"name\":\"\u0627\u0644\u0645\u0646\u062a\u062c\u0627\u062a\",\"item\":\"https:\/\/www.distribucionarc.com\/ar\/%d9%85%d8%ad%d9%84\/\"},{\"@type\":\"ListItem\",\"position\":3,\"name\":\"Picadora de carne industrial 350 Kg\"}]},{\"@type\":\"WebSite\",\"@id\":\"https:\/\/www.distribucionarc.com\/#website\",\"url\":\"https:\/\/www.distribucionarc.com\/\",\"name\":\"distribuci\u00f3n ARC\",\"description\":\"Empresa especializada en la fabricaci\u00f3n y distribuci\u00f3n de maquinaria industrial, selladoras de latas, Maquinas de hacer pastillas, Maquinas de cortar carne...\",\"publisher\":{\"@id\":\"https:\/\/www.distribucionarc.com\/#organization\"},\"potentialAction\":[{\"@type\":\"SearchAction\",\"target\":{\"@type\":\"EntryPoint\",\"urlTemplate\":\"https:\/\/www.distribucionarc.com\/?s={search_term_string}\"},\"query-input\":{\"@type\":\"PropertyValueSpecification\",\"valueRequired\":true,\"valueName\":\"search_term_string\"}}],\"inLanguage\":\"it-IT\"},{\"@type\":\"Organization\",\"@id\":\"https:\/\/www.distribucionarc.com\/#organization\",\"name\":\"Distribuci\u00f3n ARC\",\"url\":\"https:\/\/www.distribucionarc.com\/\",\"logo\":{\"@type\":\"ImageObject\",\"inLanguage\":\"it-IT\",\"@id\":\"https:\/\/www.distribucionarc.com\/#\/schema\/logo\/image\/\",\"url\":\"https:\/\/distribucionarc.com\/wp-content\/uploads\/2024\/10\/distribucion-ARC-COLOR-SIN-FONDO-e1732295305345.png\",\"contentUrl\":\"https:\/\/distribucionarc.com\/wp-content\/uploads\/2024\/10\/distribucion-ARC-COLOR-SIN-FONDO-e1732295305345.png\",\"width\":1164,\"height\":558,\"caption\":\"Distribuci\u00f3n ARC\"},\"image\":{\"@id\":\"https:\/\/www.distribucionarc.com\/#\/schema\/logo\/image\/\"},\"description\":\"Empresa especializada en la fabricaci\u00f3n y distribuci\u00f3n de maquinaria industrial para los sectores alimentario y farmac\u00e9utico. Nos especializamos en: M\u00e1quinas de cortar carne Fabricaci\u00f3n de comprimidos Sistemas de transporte industrial L\u00edneas de embotellado Dosificadores Y mucho m\u00e1s... Ofrecemos soluciones innovadoras y personalizadas para optimizar los procesos productivos de tu empresa.\",\"email\":\"Admistracion@distribucionarc.com\",\"telephone\":\"+34 643496664\",\"legalName\":\"ARC TECH SOLUTIONS\",\"foundingDate\":\"2024-04-09\",\"vatID\":\"B55480172\",\"numberOfEmployees\":{\"@type\":\"QuantitativeValue\",\"minValue\":\"1\",\"maxValue\":\"10\"}}]}<\/script>\n<!-- \/ Yoast SEO Premium plugin. -->","yoast_head_json":{"title":"Tritacarne industriale 350 Kg - distribuzione ARC","robots":{"index":"index","follow":"follow","max-snippet":"max-snippet:-1","max-image-preview":"max-image-preview:large","max-video-preview":"max-video-preview:-1"},"canonical":"https:\/\/distribucionarc.com\/it\/prodotto\/tritacarne-industriale-350-kg\/","og_locale":"it_IT","og_type":"article","og_title":"Picadora de carne industrial 350 Kg","og_description":"Picadora de carne industrial 350 Kg Muela r\u00e1pidamente la carne para hamburguesas, pastel de carne o salchichas con esta potente\u00a0picadora de carne el\u00e9ctrica\u00a0o verdura.  La picadora de carne\u00a0ARC\u00a0de servicio pesado es perfecto para crear carne molida, salchichas y carne de caza silvestre. Con su motor de 1000 vatios, sin duda satisfar\u00e1 la demanda de restaurantes, tienda de procesamiento de carne, delicatessen, carnicer\u00edas y m\u00e1s. El\u00a0triturador de carne\u00a0ARCTMC350 puede moler aproximadamente hasta 350 kg de carne por hora. Garant\u00eda\u00a0ARC 2 A\u00d1OS motor m\u00e1s eficiente bajo consumo 2000w soporte t\u00e9cnico\u00a0incluido.","og_url":"https:\/\/distribucionarc.com\/it\/prodotto\/tritacarne-industriale-350-kg\/","og_site_name":"distribuci\u00f3n ARC","article_modified_time":"2024-10-05T03:49:28+00:00","og_image":[{"width":1600,"height":1600,"url":"https:\/\/distribucionarc.com\/wp-content\/uploads\/2020\/07\/icadora-de-carne-industrial-350-Kg-0.jpg","type":"image\/jpeg"}],"twitter_card":"summary_large_image","twitter_misc":{"Tempo di lettura stimato":"2 minuti"},"schema":{"@context":"https:\/\/schema.org","@graph":[{"@type":"WebPage","@id":"https:\/\/distribucionarc.com\/pt\/producto\/picadora-de-carne-industrial-350-kg\/","url":"https:\/\/distribucionarc.com\/pt\/producto\/picadora-de-carne-industrial-350-kg\/","name":"Tritacarne industriale 350 Kg - distribuzione ARC","isPartOf":{"@id":"https:\/\/www.distribucionarc.com\/#website"},"primaryImageOfPage":{"@id":"https:\/\/distribucionarc.com\/pt\/producto\/picadora-de-carne-industrial-350-kg\/#primaryimage"},"image":{"@id":"https:\/\/distribucionarc.com\/pt\/producto\/picadora-de-carne-industrial-350-kg\/#primaryimage"},"thumbnailUrl":"https:\/\/distribucionarc.com\/wp-content\/uploads\/2020\/07\/icadora-de-carne-industrial-350-Kg-0.jpg","datePublished":"2020-07-28T16:45:37+00:00","dateModified":"2024-10-05T03:49:28+00:00","breadcrumb":{"@id":"https:\/\/distribucionarc.com\/pt\/producto\/picadora-de-carne-industrial-350-kg\/#breadcrumb"},"inLanguage":"it-IT","potentialAction":[{"@type":"ReadAction","target":["https:\/\/distribucionarc.com\/pt\/producto\/picadora-de-carne-industrial-350-kg\/"]}]},{"@type":"ImageObject","inLanguage":"it-IT","@id":"https:\/\/distribucionarc.com\/pt\/producto\/picadora-de-carne-industrial-350-kg\/#primaryimage","url":"https:\/\/distribucionarc.com\/wp-content\/uploads\/2020\/07\/icadora-de-carne-industrial-350-Kg-0.jpg","contentUrl":"https:\/\/distribucionarc.com\/wp-content\/uploads\/2020\/07\/icadora-de-carne-industrial-350-Kg-0.jpg","width":1600,"height":1600,"caption":"Picadora de carne industrial 350 Kg"},{"@type":"BreadcrumbList","@id":"https:\/\/distribucionarc.com\/pt\/producto\/picadora-de-carne-industrial-350-kg\/#breadcrumb","itemListElement":[{"@type":"ListItem","position":1,"name":"Portada","item":"https:\/\/distribucionarc.com\/pl\/"},{"@type":"ListItem","position":2,"name":"\u0627\u0644\u0645\u0646\u062a\u062c\u0627\u062a","item":"https:\/\/www.distribucionarc.com\/ar\/%d9%85%d8%ad%d9%84\/"},{"@type":"ListItem","position":3,"name":"Picadora de carne industrial 350 Kg"}]},{"@type":"WebSite","@id":"https:\/\/www.distribucionarc.com\/#website","url":"https:\/\/www.distribucionarc.com\/","name":"Distribuzione dell&#039;ARCO","description":"Azienda specializzata nella produzione e distribuzione di macchinari industriali, macchine sigillatrici di lattine, macchine per la produzione di compresse, macchine per il taglio della carne...","publisher":{"@id":"https:\/\/www.distribucionarc.com\/#organization"},"potentialAction":[{"@type":"SearchAction","target":{"@type":"EntryPoint","urlTemplate":"https:\/\/www.distribucionarc.com\/?s={search_term_string}"},"query-input":{"@type":"PropertyValueSpecification","valueRequired":true,"valueName":"search_term_string"}}],"inLanguage":"it-IT"},{"@type":"Organization","@id":"https:\/\/www.distribucionarc.com\/#organization","name":"Distribuzione dell&#039;ARC","url":"https:\/\/www.distribucionarc.com\/","logo":{"@type":"ImageObject","inLanguage":"it-IT","@id":"https:\/\/www.distribucionarc.com\/#\/schema\/logo\/image\/","url":"https:\/\/distribucionarc.com\/wp-content\/uploads\/2024\/10\/distribucion-ARC-COLOR-SIN-FONDO-e1732295305345.png","contentUrl":"https:\/\/distribucionarc.com\/wp-content\/uploads\/2024\/10\/distribucion-ARC-COLOR-SIN-FONDO-e1732295305345.png","width":1164,"height":558,"caption":"Distribuci\u00f3n ARC"},"image":{"@id":"https:\/\/www.distribucionarc.com\/#\/schema\/logo\/image\/"},"description":"Azienda specializzata nella produzione e distribuzione di macchinari industriali per il settore alimentare e farmaceutico. Siamo specializzati in: Macchine per il taglio della carne Produzione di compresse Sistemi di trasporto industriale Linee di imbottigliamento Dispenser E molto altro ancora... Offriamo soluzioni innovative e personalizzate per ottimizzare i processi produttivi della vostra azienda.","email":"Admistracion@distribucionarc.com","telephone":"+34 643496664","legalName":"ARC TECH SOLUTIONS","foundingDate":"2024-04-09","vatID":"B55480172","numberOfEmployees":{"@type":"QuantitativeValue","minValue":"1","maxValue":"10"}}]}},"_links":{"self":[{"href":"https:\/\/distribucionarc.com\/it\/wp-json\/wp\/v2\/product\/1643","targetHints":{"allow":["GET"]}}],"collection":[{"href":"https:\/\/distribucionarc.com\/it\/wp-json\/wp\/v2\/product"}],"about":[{"href":"https:\/\/distribucionarc.com\/it\/wp-json\/wp\/v2\/types\/product"}],"replies":[{"embeddable":true,"href":"https:\/\/distribucionarc.com\/it\/wp-json\/wp\/v2\/comments?post=1643"}],"version-history":[{"count":0,"href":"https:\/\/distribucionarc.com\/it\/wp-json\/wp\/v2\/product\/1643\/revisions"}],"wp:featuredmedia":[{"embeddable":true,"href":"https:\/\/distribucionarc.com\/it\/wp-json\/wp\/v2\/media\/1651"}],"wp:attachment":[{"href":"https:\/\/distribucionarc.com\/it\/wp-json\/wp\/v2\/media?parent=1643"}],"wp:term":[{"taxonomy":"product_brand","embeddable":true,"href":"https:\/\/distribucionarc.com\/it\/wp-json\/wp\/v2\/product_brand?post=1643"},{"taxonomy":"product_cat","embeddable":true,"href":"https:\/\/distribucionarc.com\/it\/wp-json\/wp\/v2\/product_cat?post=1643"},{"taxonomy":"product_tag","embeddable":true,"href":"https:\/\/distribucionarc.com\/it\/wp-json\/wp\/v2\/product_tag?post=1643"}],"curies":[{"name":"wp","href":"https:\/\/api.w.org\/{rel}","templated":true}]}}