{"id":1771,"date":"2020-07-31T08:57:24","date_gmt":"2020-07-31T08:57:24","guid":{"rendered":"https:\/\/distribucionarc.com\/?post_type=product&#038;p=1771"},"modified":"2025-09-05T02:30:19","modified_gmt":"2025-09-05T00:30:19","slug":"sigillatrice-automatica-per-lattine","status":"publish","type":"product","link":"https:\/\/distribucionarc.com\/it\/producto\/selladora-de-latas-automatica\/","title":{"rendered":"Sigillatrice automatica per lattine"},"content":{"rendered":"<div data-elementor-type=\"product-post\" data-elementor-id=\"1771\" class=\"elementor elementor-1771\" data-elementor-post-type=\"product\">\n\t\t\t\t<div class=\"wd-negative-gap elementor-element elementor-element-e21fb60 e-flex e-con-boxed wpr-particle-no wpr-jarallax-no wpr-parallax-no wpr-sticky-section-no e-con e-parent\" data-id=\"e21fb60\" data-element_type=\"container\" data-e-type=\"container\">\n\t\t\t\t\t<div class=\"e-con-inner\">\n\t\t\t\t<div class=\"elementor-element elementor-element-d3af900 color-scheme-inherit text-left elementor-widget elementor-widget-text-editor\" data-id=\"d3af900\" data-element_type=\"widget\" data-e-type=\"widget\" data-widget_type=\"text-editor.default\">\n\t\t\t\t\t\t\t\t\t<!-- BLOQUE DE ENLACES DE SOPORTE ARC -->\n<section class=\"manual-links\">\n  <div class=\"wrap\">\n    <div class=\"cta-bar\">\n      <a class=\"btn btn-primary\" href=\"https:\/\/distribucionarc.com\/it\/manutenzione-preventiva-dellarco\/\" target=\"_blank\" rel=\"noopener\">\n        Manutenzione preventiva\n      <\/a>\n\n      <a class=\"btn btn-ghost\" href=\"https:\/\/distribucionarc.com\/it\/servizio-tecnico\/\" target=\"_blank\" rel=\"noopener\">\n        Assistenza tecnica (per paese e localit\u00e0)\n      <\/a>\n\n      <a class=\"btn btn-ghost\" href=\"https:\/\/distribucionarc.com\/it\/garanzia-distribuzione-arco\/\" target=\"_blank\" rel=\"noopener\">\n        Garanzia ARC\n      <\/a>\n\n      <a class=\"btn btn-ghost\" href=\"https:\/\/distribucionarc.com\/it\/macchinari\/sigillanti-per-lattine\/\" target=\"_blank\" rel=\"noopener\">\n        Tutte le sigillatrici per lattine\n      <\/a>\n\n      <a class=\"btn btn-ghost\" href=\"https:\/\/distribucionarc.com\/it\/servizio-tecnico\/servizio-di-riparazione-per-macchine-sigillatrici-e-inscatolatrici\/\" target=\"_blank\" rel=\"noopener\">\n        Assistenza tecnica per sigillatrici di lattine\n      <\/a>\n    <\/div>\n  <\/div>\n<\/section>\n\n<style>\n.manual-links .wrap{\n  max-width:1100px;\n  margin:auto;\n  padding:0 20px;\n}\n.manual-links .cta-bar{\n  display:flex;\n  flex-wrap:wrap;\n  justify-content:center;\n  gap:14px;\n  padding:18px 24px;\n  background:rgba(12,42,107,.03);\n  border-radius:14px;\n  border:1px solid rgba(12,42,107,.12);\n}\n.manual-links .btn{\n  padding:12px 18px;\n  border-radius:10px;\n  text-decoration:none;\n  font-weight:600;\n  transition:.2s;\n}\n.manual-links .btn-primary{\n  background:var(--arc-blue,#0c2a6b);\n  color:#fff;\n}\n.manual-links .btn-primary:hover{ background:#092055; }\n.manual-links .btn-ghost{\n  background:#fff;\n  color:var(--arc-blue,#0c2a6b);\n  border:1px solid rgba(12,42,107,.3);\n}\n.manual-links .btn-ghost:hover{\n  background:rgba(122,173,210,.12);\n}\n<\/style>\n\t\t\t\t\t\t\t\t<\/div>\n\t\t\t\t\t<\/div>\n\t\t\t\t<\/div>\n\t\t<div class=\"wd-negative-gap elementor-element elementor-element-264766c1 e-flex e-con-boxed wpr-particle-no wpr-jarallax-no wpr-parallax-no wpr-sticky-section-no e-con e-parent\" data-id=\"264766c1\" data-element_type=\"container\" data-e-type=\"container\">\n\t\t\t\t\t<div class=\"e-con-inner\">\n\t\t\t\t<div class=\"elementor-element elementor-element-20f921c0 color-scheme-inherit text-left elementor-widget elementor-widget-text-editor\" data-id=\"20f921c0\" data-element_type=\"widget\" data-e-type=\"widget\" data-widget_type=\"text-editor.default\">\n\t\t\t\t\t\t\t\t\t<h1 data-start=\"347\" data-end=\"438\">Sigillatrice automatica per lattine ARCSLA1: efficienza e precisione per alimenti e bevande in scatola<\/h1><p data-start=\"440\" data-end=\"830\">IL <strong data-start=\"443\" data-end=\"504\">Sigillatrice automatica per lattine ARC Distribution ARCSLA1<\/strong> \u00c8 progettato per le aziende che cercano <strong data-start=\"544\" data-end=\"587\">massima qualit\u00e0 nella chiusura degli imballaggi<\/strong>, con una macchina robusta, efficiente e versatile. La sua struttura <strong data-start=\"653\" data-end=\"714\">acciaio ad alta resistenza con rivestimento anticorrosione<\/strong> rendendolo un dispositivo pronto per l&#039;uso continuo nei settori alimentare, della birra e degli integratori.<\/p><p data-start=\"832\" data-end=\"1054\">Dotato di <strong data-start=\"845\" data-end=\"869\">motore doppio in rame<\/strong>, unisce potenza e bassi consumi (<strong data-start=\"904\" data-end=\"912\">350 W<\/strong>), consentendo di lavorare in <strong data-start=\"939\" data-end=\"958\">modalit\u00e0 automatica<\/strong> per produzioni rapide o <strong data-start=\"987\" data-end=\"1030\">modalit\u00e0 manuale con controllo dell&#039;interruttore<\/strong> per una maggiore precisione.<\/p><p data-start=\"1056\" data-end=\"1280\">La sua compatibilit\u00e0 con molteplici materiali (<strong data-start=\"1100\" data-end=\"1148\">alluminio, banda stagnata, ferro, plastica e carta<\/strong>) lo rende un ideale chiudiporta per <strong data-start=\"1191\" data-end=\"1277\">conserve artigianali, bevande, integratori alimentari e prodotti industriali in scatola<\/strong>.<\/p><hr data-start=\"1282\" data-end=\"1285\"><h2 data-start=\"1287\" data-end=\"1326\">Applicazioni e prodotti specifici<\/h2><p data-start=\"1327\" data-end=\"1371\">L&#039;ARCSLA1 \u00e8 perfetto per chiudere:<\/p><ul data-start=\"1372\" data-end=\"1809\">\n<li data-start=\"1372\" data-end=\"1462\">\n<p data-start=\"1374\" data-end=\"1462\">\ud83e\udd6b <strong data-start=\"1377\" data-end=\"1403\">Cibo in scatola<\/strong>: salse, legumi, frutta sciroppata, pesce in scatola.<\/p>\n<\/li>\n<li data-start=\"1463\" data-end=\"1579\">\n<p data-start=\"1465\" data-end=\"1579\">\ud83c\udf7a <strong data-start=\"1468\" data-end=\"1492\">Birre e bevande analcoliche<\/strong>: tappare lattine di birra artigianale, bibite gassate e bevande energetiche.<\/p>\n<\/li>\n<li data-start=\"1580\" data-end=\"1687\">\n<p data-start=\"1582\" data-end=\"1687\">\ud83d\udc8a <strong data-start=\"1585\" data-end=\"1612\">Integratori e nutrizione<\/strong>: proteine in polvere, supercibi, capsule e integratori alimentari.<\/p>\n<\/li>\n<li data-start=\"1688\" data-end=\"1809\">\n<p data-start=\"1690\" data-end=\"1809\">\ud83d\udc3e <strong data-start=\"1693\" data-end=\"1717\">Prodotti speciali<\/strong>: cibo in scatola per animali domestici (formato BARF), zuppe istantanee e miscele in polvere.<\/p>\n<\/li>\n<\/ul><hr data-start=\"1811\" data-end=\"1814\"><h2 data-start=\"1816\" data-end=\"1841\">Vantaggi principali<\/h2><ul data-start=\"1842\" data-end=\"2178\">\n<li data-start=\"1842\" data-end=\"1916\">\n<p data-start=\"1844\" data-end=\"1916\">\ud83d\ude80 <strong data-start=\"1847\" data-end=\"1869\">Alta produttivit\u00e0<\/strong>: Fino a <strong data-start=\"1877\" data-end=\"1913\">20 chiusure ermetiche al minuto<\/strong>.<\/p>\n<\/li>\n<li data-start=\"1917\" data-end=\"1998\">\n<p data-start=\"1919\" data-end=\"1998\">\ud83d\udd12 <strong data-start=\"1922\" data-end=\"1942\">Massima sicurezza<\/strong>: previene le perdite e mantiene i prodotti freschi.<\/p>\n<\/li>\n<li data-start=\"1999\" data-end=\"2071\">\n<p data-start=\"2001\" data-end=\"2071\">\ud83c\udf0d <strong data-start=\"2004\" data-end=\"2020\">Versatilit\u00e0<\/strong>: l&#039;altezza pu\u00f2 variare tra <strong data-start=\"2053\" data-end=\"2068\">25 e 200 mm<\/strong>.<\/p>\n<\/li>\n<li data-start=\"2072\" data-end=\"2178\">\n<p data-start=\"2074\" data-end=\"2178\">\ud83d\udee0\ufe0f <strong data-start=\"2078\" data-end=\"2093\">Supporto ARC<\/strong>: include strumenti, supporto tecnico specializzato e <strong data-start=\"2149\" data-end=\"2175\">Garanzia ARC di 2 anni<\/strong>.<\/p>\n<\/li>\n<\/ul><hr data-start=\"2180\" data-end=\"2183\"><h2 data-start=\"2185\" data-end=\"2223\">Specifiche tecniche ARCSLA1<\/h2><p>\n\n\n\n\n\n\n\n\n\n\n\n\n<\/p><div><div tabindex=\"-1\"><table data-start=\"2225\" data-end=\"3217\"><thead data-start=\"2225\" data-end=\"2276\"><tr data-start=\"2225\" data-end=\"2276\"><th data-start=\"2225\" data-end=\"2253\" data-col-size=\"sm\"><strong data-start=\"2227\" data-end=\"2245\">Specifica<\/strong><\/th><th data-start=\"2253\" data-end=\"2276\" data-col-size=\"md\"><strong data-start=\"2255\" data-end=\"2274\">Dettagli tecnici<\/strong><\/th><\/tr><\/thead><tbody data-start=\"2330\" data-end=\"3217\"><tr data-start=\"2330\" data-end=\"2370\"><td data-start=\"2330\" data-end=\"2359\" data-col-size=\"sm\"><strong data-start=\"2332\" data-end=\"2342\">Modello<\/strong><\/td><td data-start=\"2359\" data-end=\"2370\" data-col-size=\"md\">ARCSLA1<\/td><\/tr><tr data-start=\"2371\" data-end=\"2466\"><td data-start=\"2371\" data-end=\"2401\" data-col-size=\"sm\"><strong data-start=\"2373\" data-end=\"2400\">Materiale di fabbricazione<\/strong><\/td><td data-start=\"2401\" data-end=\"2466\" data-col-size=\"md\">Acciaio al carbonio con rivestimento antiruggine e anticorrosione<\/td><\/tr><tr data-start=\"2467\" data-end=\"2513\"><td data-start=\"2467\" data-end=\"2498\" data-col-size=\"sm\"><strong data-start=\"2469\" data-end=\"2497\">Altezza ammessa<\/strong><\/td><td data-start=\"2498\" data-end=\"2513\" data-col-size=\"md\">25 \u2013 200 mm<\/td><\/tr><tr data-start=\"2514\" data-end=\"2576\"><td data-start=\"2514\" data-end=\"2543\" data-col-size=\"sm\"><strong data-start=\"2516\" data-end=\"2539\">Diametro compatibile<\/strong><\/td><td data-start=\"2543\" data-end=\"2576\" data-col-size=\"md\">52,5 mm (superiore e inferiore)<\/td><\/tr><tr data-start=\"2577\" data-end=\"2626\"><td data-start=\"2577\" data-end=\"2607\" data-col-size=\"sm\"><strong data-start=\"2579\" data-end=\"2606\">Velocit\u00e0 di produzione<\/strong><\/td><td data-start=\"2607\" data-end=\"2626\" data-col-size=\"md\">20 lattine\/minuto<\/td><\/tr><tr data-start=\"2627\" data-end=\"2707\"><td data-start=\"2627\" data-end=\"2657\" data-col-size=\"sm\"><strong data-start=\"2629\" data-end=\"2656\">Modalit\u00e0 operative<\/strong><\/td><td data-start=\"2657\" data-end=\"2707\" data-col-size=\"md\">Automatico\/Manuale con interruttore di controllo<\/td><\/tr><tr data-start=\"2708\" data-end=\"2780\"><td data-start=\"2708\" data-end=\"2737\" data-col-size=\"sm\"><strong data-start=\"2710\" data-end=\"2719\">Motore<\/strong><\/td><td data-start=\"2737\" data-end=\"2780\" data-col-size=\"md\">Motore in rame doppio ad alta efficienza<\/td><\/tr><tr data-start=\"2781\" data-end=\"2818\"><td data-start=\"2781\" data-end=\"2810\" data-col-size=\"sm\"><strong data-start=\"2783\" data-end=\"2795\">Energia<\/strong><\/td><td data-start=\"2810\" data-end=\"2818\" data-col-size=\"md\">350 W<\/td><\/tr><tr data-start=\"2819\" data-end=\"2863\"><td data-start=\"2819\" data-end=\"2848\" data-col-size=\"sm\"><strong data-start=\"2821\" data-end=\"2843\">tensione di ingresso<\/strong><\/td><td data-start=\"2848\" data-end=\"2863\" data-col-size=\"md\">220 V \u2013 60 Hz<\/td><\/tr><tr data-start=\"2864\" data-end=\"2941\"><td data-start=\"2864\" data-end=\"2893\" data-col-size=\"sm\"><strong data-start=\"2866\" data-end=\"2881\">Dimensioni<\/strong><\/td><td data-start=\"2893\" data-end=\"2941\" data-col-size=\"md\">64 cm (altezza) \u00d7 49 cm (larghezza) \u00d7 30 cm (lunghezza)<\/td><\/tr><tr data-start=\"2942\" data-end=\"2980\"><td data-start=\"2942\" data-end=\"2971\" data-col-size=\"sm\"><strong data-start=\"2944\" data-end=\"2952\">Peso<\/strong><\/td><td data-start=\"2971\" data-end=\"2980\" data-col-size=\"md\">32 chili<\/td><\/tr><tr data-start=\"2981\" data-end=\"3019\"><td data-start=\"2981\" data-end=\"3010\" data-col-size=\"sm\"><strong data-start=\"2983\" data-end=\"2992\">Colore<\/strong><\/td><td data-start=\"3010\" data-end=\"3019\" data-col-size=\"md\">Argento<\/td><\/tr><tr data-start=\"3020\" data-end=\"3080\"><td data-start=\"3020\" data-end=\"3049\" data-col-size=\"sm\"><strong data-start=\"3022\" data-end=\"3046\">Accessori inclusi<\/strong><\/td><td data-start=\"3049\" data-end=\"3080\" data-col-size=\"md\">Strumenti di installazione<\/td><\/tr><tr data-start=\"3081\" data-end=\"3138\"><td data-start=\"3081\" data-end=\"3110\" data-col-size=\"sm\"><strong data-start=\"3083\" data-end=\"3109\">Paesi di distribuzione<\/strong><\/td><td data-start=\"3110\" data-end=\"3138\" data-col-size=\"md\">Spagna, Germania, Stati Uniti<\/td><\/tr><tr data-start=\"3139\" data-end=\"3217\"><td data-start=\"3139\" data-end=\"3168\" data-col-size=\"sm\"><strong data-start=\"3141\" data-end=\"3153\">Garanzia<\/strong><\/td><td data-start=\"3168\" data-end=\"3217\" data-col-size=\"md\">2 anni ARC con servizio tecnico specializzato<\/td><\/tr><\/tbody><\/table><\/div><\/div>\t\t\t\t\t\t\t\t<\/div>\n\t\t\t\t\t<\/div>\n\t\t\t\t<\/div>\n\t\t\t\t<\/div>","protected":false},"excerpt":{"rendered":"<p><strong data-start=\"159\" data-end=\"210\">Sigillatrice automatica per lattine ARCSLA1 di ARC<\/strong> Si tratta di una sigillatrice professionale compatta e robusta, progettata per <strong data-start=\"274\" data-end=\"327\">prodotti in scatola, birra e lattine di alluminio o di latta<\/strong>. Con <strong data-start=\"333\" data-end=\"396\">Doppio motore in rame, 20 lattine\/minuto e basso consumo (350W)<\/strong>, combina <strong data-start=\"406\" data-end=\"457\">Precisione, durata e garanzia ARC (tipo B) di 2 anni<\/strong>, perfetto per le aziende che cercano <strong data-start=\"500\" data-end=\"547\" data-is-only-node=\"\">produttivit\u00e0 e tenuta ermetica affidabile<\/strong>.<\/p>\n<p>&nbsp;<\/p>","protected":false},"featured_media":1777,"comment_status":"open","ping_status":"closed","template":"","meta":{"wds_primary_product_brand":0,"wds_primary_product_cat":0},"product_brand":[],"product_cat":[62],"product_tag":[],"class_list":{"0":"post-1771","1":"product","2":"type-product","3":"status-publish","4":"has-post-thumbnail","6":"product_cat-selladoras-de-latas","7":"product_shipping_class-express","9":"first","10":"instock","11":"taxable","12":"shipping-taxable","13":"purchasable","14":"product-type-simple"},"yoast_head":"<!-- This site is optimized with the Yoast SEO Premium plugin v24.9 (Yoast SEO v26.1) - https:\/\/yoast.com\/wordpress\/plugins\/seo\/ -->\n<title>Selladora de latas autom\u00e1tica - distribuci\u00f3n ARC<\/title>\n<meta name=\"description\" content=\"Compra la selladora de latas autom\u00e1tica ARCSLA1 de ARC. Cerradora profesional para conservas, cerveza y suplementos. 20 latas\/min, motor doble, bajo consumo y 2 a\u00f1os de garant\u00eda.\" \/>\n<meta name=\"robots\" content=\"index, follow, max-snippet:-1, max-image-preview:large, max-video-preview:-1\" \/>\n<link rel=\"canonical\" href=\"https:\/\/distribucionarc.com\/it\/prodotto\/sigillatrice-automatica-per-lattine\/\" \/>\n<meta property=\"og:locale\" content=\"it_IT\" \/>\n<meta property=\"og:type\" content=\"article\" \/>\n<meta property=\"og:title\" content=\"Selladora de latas autom\u00e1tica\" \/>\n<meta property=\"og:description\" content=\"Compra la selladora de latas autom\u00e1tica ARCSLA1 de ARC. Cerradora profesional para conservas, cerveza y suplementos. 20 latas\/min, motor doble, bajo consumo y 2 a\u00f1os de garant\u00eda.\" \/>\n<meta property=\"og:url\" content=\"https:\/\/distribucionarc.com\/it\/prodotto\/sigillatrice-automatica-per-lattine\/\" \/>\n<meta property=\"og:site_name\" content=\"distribuci\u00f3n ARC\" \/>\n<meta property=\"article:modified_time\" content=\"2025-09-05T00:30:19+00:00\" \/>\n<meta property=\"og:image\" content=\"https:\/\/distribucionarc.com\/wp-content\/uploads\/2020\/07\/Selladora-de-latas-autom\u00e1tica-0.jpg\" \/>\n\t<meta property=\"og:image:width\" content=\"1600\" \/>\n\t<meta property=\"og:image:height\" content=\"1600\" \/>\n\t<meta property=\"og:image:type\" content=\"image\/jpeg\" \/>\n<meta name=\"twitter:card\" content=\"summary_large_image\" \/>\n<meta name=\"twitter:label1\" content=\"Tempo di lettura stimato\" \/>\n\t<meta name=\"twitter:data1\" content=\"2 minuti\" \/>\n<script type=\"application\/ld+json\" class=\"yoast-schema-graph\">{\"@context\":\"https:\/\/schema.org\",\"@graph\":[{\"@type\":\"WebPage\",\"@id\":\"https:\/\/distribucionarc.com\/producto\/selladora-de-latas-automatica\/\",\"url\":\"https:\/\/distribucionarc.com\/producto\/selladora-de-latas-automatica\/\",\"name\":\"Selladora de latas autom\u00e1tica - distribuci\u00f3n ARC\",\"isPartOf\":{\"@id\":\"https:\/\/www.distribucionarc.com\/de\/#website\"},\"primaryImageOfPage\":{\"@id\":\"https:\/\/distribucionarc.com\/producto\/selladora-de-latas-automatica\/#primaryimage\"},\"image\":{\"@id\":\"https:\/\/distribucionarc.com\/producto\/selladora-de-latas-automatica\/#primaryimage\"},\"thumbnailUrl\":\"https:\/\/distribucionarc.com\/wp-content\/uploads\/2020\/07\/Selladora-de-latas-autom\u00e1tica-0.jpg\",\"datePublished\":\"2020-07-31T08:57:24+00:00\",\"dateModified\":\"2025-09-05T00:30:19+00:00\",\"description\":\"Compra la selladora de latas autom\u00e1tica ARCSLA1 de ARC. Cerradora profesional para conservas, cerveza y suplementos. 20 latas\/min, motor doble, bajo consumo y 2 a\u00f1os de garant\u00eda.\",\"breadcrumb\":{\"@id\":\"https:\/\/distribucionarc.com\/producto\/selladora-de-latas-automatica\/#breadcrumb\"},\"inLanguage\":\"it-IT\",\"potentialAction\":[{\"@type\":\"ReadAction\",\"target\":[\"https:\/\/distribucionarc.com\/producto\/selladora-de-latas-automatica\/\"]}]},{\"@type\":\"ImageObject\",\"inLanguage\":\"it-IT\",\"@id\":\"https:\/\/distribucionarc.com\/producto\/selladora-de-latas-automatica\/#primaryimage\",\"url\":\"https:\/\/distribucionarc.com\/wp-content\/uploads\/2020\/07\/Selladora-de-latas-autom\u00e1tica-0.jpg\",\"contentUrl\":\"https:\/\/distribucionarc.com\/wp-content\/uploads\/2020\/07\/Selladora-de-latas-autom\u00e1tica-0.jpg\",\"width\":1600,\"height\":1600,\"caption\":\"Selladora de latas autom\u00e1tica\"},{\"@type\":\"BreadcrumbList\",\"@id\":\"https:\/\/distribucionarc.com\/producto\/selladora-de-latas-automatica\/#breadcrumb\",\"itemListElement\":[{\"@type\":\"ListItem\",\"position\":1,\"name\":\"Portada\",\"item\":\"https:\/\/www.distribucionarc.com\/en\/\"},{\"@type\":\"ListItem\",\"position\":2,\"name\":\"Products\",\"item\":\"https:\/\/www.distribucionarc.com\/en\/shop\/\"},{\"@type\":\"ListItem\",\"position\":3,\"name\":\"Selladora de latas autom\u00e1tica\"}]},{\"@type\":\"WebSite\",\"@id\":\"https:\/\/www.distribucionarc.com\/de\/#website\",\"url\":\"https:\/\/www.distribucionarc.com\/de\/\",\"name\":\"distribuci\u00f3n ARC\",\"description\":\"Empresa especializada en la fabricaci\u00f3n y distribuci\u00f3n de maquinaria industrial, selladoras de latas, Maquinas de hacer pastillas, Maquinas de cortar carne...\",\"publisher\":{\"@id\":\"https:\/\/www.distribucionarc.com\/de\/#organization\"},\"potentialAction\":[{\"@type\":\"SearchAction\",\"target\":{\"@type\":\"EntryPoint\",\"urlTemplate\":\"https:\/\/www.distribucionarc.com\/de\/?s={search_term_string}\"},\"query-input\":{\"@type\":\"PropertyValueSpecification\",\"valueRequired\":true,\"valueName\":\"search_term_string\"}}],\"inLanguage\":\"it-IT\"},{\"@type\":\"Organization\",\"@id\":\"https:\/\/www.distribucionarc.com\/de\/#organization\",\"name\":\"Distribuci\u00f3n ARC\",\"url\":\"https:\/\/www.distribucionarc.com\/de\/\",\"logo\":{\"@type\":\"ImageObject\",\"inLanguage\":\"it-IT\",\"@id\":\"https:\/\/www.distribucionarc.com\/de\/#\/schema\/logo\/image\/\",\"url\":\"https:\/\/distribucionarc.com\/wp-content\/uploads\/2024\/10\/distribucion-ARC-COLOR-SIN-FONDO-e1732295305345.png\",\"contentUrl\":\"https:\/\/distribucionarc.com\/wp-content\/uploads\/2024\/10\/distribucion-ARC-COLOR-SIN-FONDO-e1732295305345.png\",\"width\":1164,\"height\":558,\"caption\":\"Distribuci\u00f3n ARC\"},\"image\":{\"@id\":\"https:\/\/www.distribucionarc.com\/de\/#\/schema\/logo\/image\/\"},\"description\":\"Empresa especializada en la fabricaci\u00f3n y distribuci\u00f3n de maquinaria industrial para los sectores alimentario y farmac\u00e9utico. Nos especializamos en: M\u00e1quinas de cortar carne Fabricaci\u00f3n de comprimidos Sistemas de transporte industrial L\u00edneas de embotellado Dosificadores Y mucho m\u00e1s... Ofrecemos soluciones innovadoras y personalizadas para optimizar los procesos productivos de tu empresa.\",\"email\":\"Admistracion@distribucionarc.com\",\"telephone\":\"+34 643496664\",\"legalName\":\"ARC TECH SOLUTIONS\",\"foundingDate\":\"2024-04-09\",\"vatID\":\"B55480172\",\"numberOfEmployees\":{\"@type\":\"QuantitativeValue\",\"minValue\":\"1\",\"maxValue\":\"10\"}}]}<\/script>\n<!-- \/ Yoast SEO Premium plugin. -->","yoast_head_json":{"title":"Sigillatrice automatica per lattine - distribuzione ARC","description":"Acquista la sigillatrice automatica per lattine ARC ARCSLA1. Sigillatrice professionale per prodotti in scatola, birra e integratori. 20 lattine\/min, doppio motore, bassi consumi e 2 anni di garanzia.","robots":{"index":"index","follow":"follow","max-snippet":"max-snippet:-1","max-image-preview":"max-image-preview:large","max-video-preview":"max-video-preview:-1"},"canonical":"https:\/\/distribucionarc.com\/it\/prodotto\/sigillatrice-automatica-per-lattine\/","og_locale":"it_IT","og_type":"article","og_title":"Selladora de latas autom\u00e1tica","og_description":"Compra la selladora de latas autom\u00e1tica ARCSLA1 de ARC. Cerradora profesional para conservas, cerveza y suplementos. 20 latas\/min, motor doble, bajo consumo y 2 a\u00f1os de garant\u00eda.","og_url":"https:\/\/distribucionarc.com\/it\/prodotto\/sigillatrice-automatica-per-lattine\/","og_site_name":"distribuci\u00f3n ARC","article_modified_time":"2025-09-05T00:30:19+00:00","og_image":[{"width":1600,"height":1600,"url":"https:\/\/distribucionarc.com\/wp-content\/uploads\/2020\/07\/Selladora-de-latas-autom\u00e1tica-0.jpg","type":"image\/jpeg"}],"twitter_card":"summary_large_image","twitter_misc":{"Tempo di lettura stimato":"2 minuti"},"schema":{"@context":"https:\/\/schema.org","@graph":[{"@type":"WebPage","@id":"https:\/\/distribucionarc.com\/producto\/selladora-de-latas-automatica\/","url":"https:\/\/distribucionarc.com\/producto\/selladora-de-latas-automatica\/","name":"Sigillatrice automatica per lattine - distribuzione ARC","isPartOf":{"@id":"https:\/\/www.distribucionarc.com\/de\/#website"},"primaryImageOfPage":{"@id":"https:\/\/distribucionarc.com\/producto\/selladora-de-latas-automatica\/#primaryimage"},"image":{"@id":"https:\/\/distribucionarc.com\/producto\/selladora-de-latas-automatica\/#primaryimage"},"thumbnailUrl":"https:\/\/distribucionarc.com\/wp-content\/uploads\/2020\/07\/Selladora-de-latas-autom\u00e1tica-0.jpg","datePublished":"2020-07-31T08:57:24+00:00","dateModified":"2025-09-05T00:30:19+00:00","description":"Acquista la sigillatrice automatica per lattine ARC ARCSLA1. Sigillatrice professionale per prodotti in scatola, birra e integratori. 20 lattine\/min, doppio motore, bassi consumi e 2 anni di garanzia.","breadcrumb":{"@id":"https:\/\/distribucionarc.com\/producto\/selladora-de-latas-automatica\/#breadcrumb"},"inLanguage":"it-IT","potentialAction":[{"@type":"ReadAction","target":["https:\/\/distribucionarc.com\/producto\/selladora-de-latas-automatica\/"]}]},{"@type":"ImageObject","inLanguage":"it-IT","@id":"https:\/\/distribucionarc.com\/producto\/selladora-de-latas-automatica\/#primaryimage","url":"https:\/\/distribucionarc.com\/wp-content\/uploads\/2020\/07\/Selladora-de-latas-autom\u00e1tica-0.jpg","contentUrl":"https:\/\/distribucionarc.com\/wp-content\/uploads\/2020\/07\/Selladora-de-latas-autom\u00e1tica-0.jpg","width":1600,"height":1600,"caption":"Selladora de latas autom\u00e1tica"},{"@type":"BreadcrumbList","@id":"https:\/\/distribucionarc.com\/producto\/selladora-de-latas-automatica\/#breadcrumb","itemListElement":[{"@type":"ListItem","position":1,"name":"Portada","item":"https:\/\/www.distribucionarc.com\/en\/"},{"@type":"ListItem","position":2,"name":"Products","item":"https:\/\/www.distribucionarc.com\/en\/shop\/"},{"@type":"ListItem","position":3,"name":"Selladora de latas autom\u00e1tica"}]},{"@type":"WebSite","@id":"https:\/\/www.distribucionarc.com\/de\/#website","url":"https:\/\/www.distribucionarc.com\/de\/","name":"Distribuzione dell&#039;ARCO","description":"Azienda specializzata nella produzione e distribuzione di macchinari industriali, macchine sigillatrici di lattine, macchine per la produzione di compresse, macchine per il taglio della carne...","publisher":{"@id":"https:\/\/www.distribucionarc.com\/de\/#organization"},"potentialAction":[{"@type":"SearchAction","target":{"@type":"EntryPoint","urlTemplate":"https:\/\/www.distribucionarc.com\/de\/?s={search_term_string}"},"query-input":{"@type":"PropertyValueSpecification","valueRequired":true,"valueName":"search_term_string"}}],"inLanguage":"it-IT"},{"@type":"Organization","@id":"https:\/\/www.distribucionarc.com\/de\/#organization","name":"Distribuzione dell&#039;ARC","url":"https:\/\/www.distribucionarc.com\/de\/","logo":{"@type":"ImageObject","inLanguage":"it-IT","@id":"https:\/\/www.distribucionarc.com\/de\/#\/schema\/logo\/image\/","url":"https:\/\/distribucionarc.com\/wp-content\/uploads\/2024\/10\/distribucion-ARC-COLOR-SIN-FONDO-e1732295305345.png","contentUrl":"https:\/\/distribucionarc.com\/wp-content\/uploads\/2024\/10\/distribucion-ARC-COLOR-SIN-FONDO-e1732295305345.png","width":1164,"height":558,"caption":"Distribuci\u00f3n ARC"},"image":{"@id":"https:\/\/www.distribucionarc.com\/de\/#\/schema\/logo\/image\/"},"description":"Azienda specializzata nella produzione e distribuzione di macchinari industriali per il settore alimentare e farmaceutico. Siamo specializzati in: Macchine per il taglio della carne Produzione di compresse Sistemi di trasporto industriale Linee di imbottigliamento Dispenser E molto altro ancora... Offriamo soluzioni innovative e personalizzate per ottimizzare i processi produttivi della vostra azienda.","email":"Admistracion@distribucionarc.com","telephone":"+34 643496664","legalName":"ARC TECH SOLUTIONS","foundingDate":"2024-04-09","vatID":"B55480172","numberOfEmployees":{"@type":"QuantitativeValue","minValue":"1","maxValue":"10"}}]}},"_links":{"self":[{"href":"https:\/\/distribucionarc.com\/it\/wp-json\/wp\/v2\/product\/1771","targetHints":{"allow":["GET"]}}],"collection":[{"href":"https:\/\/distribucionarc.com\/it\/wp-json\/wp\/v2\/product"}],"about":[{"href":"https:\/\/distribucionarc.com\/it\/wp-json\/wp\/v2\/types\/product"}],"replies":[{"embeddable":true,"href":"https:\/\/distribucionarc.com\/it\/wp-json\/wp\/v2\/comments?post=1771"}],"version-history":[{"count":13,"href":"https:\/\/distribucionarc.com\/it\/wp-json\/wp\/v2\/product\/1771\/revisions"}],"predecessor-version":[{"id":17959,"href":"https:\/\/distribucionarc.com\/it\/wp-json\/wp\/v2\/product\/1771\/revisions\/17959"}],"wp:featuredmedia":[{"embeddable":true,"href":"https:\/\/distribucionarc.com\/it\/wp-json\/wp\/v2\/media\/1777"}],"wp:attachment":[{"href":"https:\/\/distribucionarc.com\/it\/wp-json\/wp\/v2\/media?parent=1771"}],"wp:term":[{"taxonomy":"product_brand","embeddable":true,"href":"https:\/\/distribucionarc.com\/it\/wp-json\/wp\/v2\/product_brand?post=1771"},{"taxonomy":"product_cat","embeddable":true,"href":"https:\/\/distribucionarc.com\/it\/wp-json\/wp\/v2\/product_cat?post=1771"},{"taxonomy":"product_tag","embeddable":true,"href":"https:\/\/distribucionarc.com\/it\/wp-json\/wp\/v2\/product_tag?post=1771"}],"curies":[{"name":"wp","href":"https:\/\/api.w.org\/{rel}","templated":true}]}}