{"id":17778,"date":"2025-08-21T01:39:52","date_gmt":"2025-08-20T23:39:52","guid":{"rendered":"https:\/\/distribucionarc.com\/?post_type=product&#038;p=17778"},"modified":"2025-08-21T01:39:53","modified_gmt":"2025-08-20T23:39:53","slug":"granulatore-oscillante-per-lavorazioni-a-freddo-e-prodotti-soggetti-a-umidita","status":"publish","type":"product","link":"https:\/\/distribucionarc.com\/it\/producto\/triturador-granulador-oscilante-trabajo-en-frio-productos-humedad\/","title":{"rendered":"Granulatore oscillante, frantumatore, prodotti per lavorazione a freddo e umidit\u00e0"},"content":{"rendered":"<p data-start=\"790\" data-end=\"1407\">Lui <strong data-start=\"793\" data-end=\"805\">Tipo di prodotto: YARK-160<\/strong> \u00e8 un <strong data-start=\"812\" data-end=\"854\">mulino\/frantoio\/granulatore oscillante<\/strong> alte prestazioni progettate per <strong data-start=\"889\" data-end=\"922\">prodotti con elevata umidit\u00e0<\/strong> O <strong data-start=\"925\" data-end=\"947\">sensibile al calore<\/strong>La sua oscillazione <strong data-start=\"963\" data-end=\"971\">360\u00ba<\/strong> A <strong data-start=\"974\" data-end=\"992\">\u224860 cicli\/min<\/strong> genera <strong data-start=\"1000\" data-end=\"1017\">taglio morbido<\/strong>, con <strong data-start=\"1023\" data-end=\"1040\">basso attrito<\/strong> E <strong data-start=\"1043\" data-end=\"1071\">minimo aumento termico<\/strong>, che consente <strong data-start=\"1088\" data-end=\"1133\">frantumare, deagglomerare e granulare a freddo<\/strong> senza il materiale <strong data-start=\"1154\" data-end=\"1200\">si scioglie, si agglutina o perde propriet\u00e0<\/strong>.<br data-start=\"1201\" data-end=\"1204\" \/>Progettato per le linee <strong data-start=\"1224\" data-end=\"1237\">tu continui<\/strong> e turni intensivi, offerte <strong data-start=\"1266\" data-end=\"1294\">distribuzione granulometrica controllata<\/strong> (secondo la mesh) per ottimizzare <strong data-start=\"1324\" data-end=\"1373\">miscelazione, dosaggio, estrusione, compresse<\/strong> E <strong data-start=\"1376\" data-end=\"1387\">fluidit\u00e0<\/strong> del prodotto finale.<\/p>\n<p data-start=\"1409\" data-end=\"1452\"><strong data-start=\"1409\" data-end=\"1450\">Applicazioni e materiali (esempi):<\/strong><\/p>\n<ul data-start=\"1453\" data-end=\"2008\">\n<li data-start=\"1453\" data-end=\"1659\">\n<p data-start=\"1455\" data-end=\"1659\"><strong data-start=\"1455\" data-end=\"1471\">Alimentazione<\/strong>: cioccolato\/cacao (non fuso), brodi concentrati\/\u201cAvecrem\u201d, zucchero liquido, sale marino liquido, spezie con oli, frutta disidratata con umidit\u00e0 residua, premiscele e rilavorazioni.<\/p>\n<\/li>\n<li data-start=\"1660\" data-end=\"1804\">\n<p data-start=\"1662\" data-end=\"1804\"><strong data-start=\"1662\" data-end=\"1678\">Farmaceutico<\/strong>: <strong data-start=\"1680\" data-end=\"1702\">granulazione a umido<\/strong> di polveri per compresse, compresse rifrantumate, <strong data-start=\"1756\" data-end=\"1773\">deagglomerato<\/strong> prima della miscelazione\/incapsulamento.<\/p>\n<\/li>\n<li data-start=\"1805\" data-end=\"1906\">\n<p data-start=\"1807\" data-end=\"1906\"><strong data-start=\"1807\" data-end=\"1820\">Cosmetici<\/strong>: basi di sapone, cere, balsami e paste; controllo delle dimensioni <strong data-start=\"1882\" data-end=\"1903\">senza surriscaldamento<\/strong>.<\/p>\n<\/li>\n<li data-start=\"1907\" data-end=\"2008\">\n<p data-start=\"1909\" data-end=\"2008\"><strong data-start=\"1909\" data-end=\"1920\">Chimica<\/strong>: polveri igroscopiche\/reattive, pregranulate per <strong data-start=\"1972\" data-end=\"1988\">dosaggio<\/strong> E <strong data-start=\"1991\" data-end=\"2007\">compattazione<\/strong>.<\/p>\n<\/li>\n<\/ul>\n<p data-start=\"2010\" data-end=\"2031\"><strong data-start=\"2010\" data-end=\"2029\">Vantaggi principali:<\/strong><\/p>\n<ul data-start=\"2032\" data-end=\"2494\">\n<li data-start=\"2032\" data-end=\"2117\">\n<p data-start=\"2034\" data-end=\"2117\"><strong data-start=\"2034\" data-end=\"2053\">Lavoro a freddo<\/strong> \u2192 meno incollaggi, meno multe problematiche, <strong data-start=\"2097\" data-end=\"2114\">flusso stabile<\/strong>.<\/p>\n<\/li>\n<li data-start=\"2118\" data-end=\"2213\">\n<p data-start=\"2120\" data-end=\"2213\"><strong data-start=\"2120\" data-end=\"2146\">Capacit\u00e0 200\u2013300 kg\/h<\/strong> con <strong data-start=\"2151\" data-end=\"2167\">Motore da 2,2 kW<\/strong> \u2192 <strong data-start=\"2170\" data-end=\"2195\">efficienza energetica<\/strong> E <strong data-start=\"2198\" data-end=\"2210\">robustezza<\/strong>.<\/p>\n<\/li>\n<li data-start=\"2214\" data-end=\"2314\">\n<p data-start=\"2216\" data-end=\"2314\"><strong data-start=\"2216\" data-end=\"2236\">Acciaio inossidabile<\/strong>, design compatto per le sue dimensioni, <strong data-start=\"2270\" data-end=\"2289\">cambio di maglia<\/strong> E <strong data-start=\"2292\" data-end=\"2311\">pulizia rapida<\/strong>.<\/p>\n<\/li>\n<li data-start=\"2315\" data-end=\"2396\">\n<p data-start=\"2317\" data-end=\"2396\"><strong data-start=\"2317\" data-end=\"2341\">Integrazione online<\/strong>: tramoggia adattabile, uscita uniforme, funzionamento sicuro.<\/p>\n<\/li>\n<li data-start=\"2397\" data-end=\"2494\">\n<p data-start=\"2399\" data-end=\"2494\"><strong data-start=\"2399\" data-end=\"2424\">Supporto ARC in Spagna<\/strong>: consulenza, messa in servizio facoltativa, ricambi e manutenzione.<\/p>\n<\/li>\n<\/ul>\n<blockquote data-start=\"2496\" data-end=\"2710\">\n<p data-start=\"2498\" data-end=\"2710\"><strong data-start=\"2498\" data-end=\"2542\">Disponibile anche nei modelli superiori<\/strong> (bocca pi\u00f9 grande e portata &gt;300 kg\/h). Indica <strong data-start=\"2583\" data-end=\"2595\">materiale<\/strong>, <strong data-start=\"2597\" data-end=\"2613\">% umidit\u00e0<\/strong>, <strong data-start=\"2615\" data-end=\"2643\">dimensione di input\/output<\/strong> E <strong data-start=\"2646\" data-end=\"2665\">portata target<\/strong> per raccomandarti <strong data-start=\"2684\" data-end=\"2693\">maglia<\/strong> e configurazione.<\/p>\n<\/blockquote>\n<table class=\"tabla-especificaciones yark-160\">\n<thead>\n<tr>\n<th colspan=\"2\">Specifiche tecniche \u2014 YARK-160<\/th>\n<\/tr>\n<\/thead>\n<tbody>\n<tr>\n<td>Modello<\/td>\n<td>Tipo di prodotto: YARK-160<\/td>\n<\/tr>\n<tr>\n<td>Capacit\u00e0 produttiva<\/td>\n<td>200\u2013300 kg\/h (a seconda del materiale, dell&#039;umidit\u00e0 e della maglia)<\/td>\n<\/tr>\n<tr>\n<td>Diametro del rotore oscillante<\/td>\n<td>160 millimetri<\/td>\n<\/tr>\n<tr>\n<td>Angolo di spostamento\/oscillazione<\/td>\n<td>360\u00b0<\/td>\n<\/tr>\n<tr>\n<td>Frequenza di oscillazione<\/td>\n<td>\u2248 60 cicli\/min<\/td>\n<\/tr>\n<tr>\n<td>Potenza del motore<\/td>\n<td>2,2 kW<\/td>\n<\/tr>\n<tr>\n<td>Peso<\/td>\n<td>330 chili<\/td>\n<\/tr>\n<tr>\n<td>Dimensioni (L \u00d7 P \u00d7 A)<\/td>\n<td>950 \u00d7 750 \u00d7 1240 millimetri<\/td>\n<\/tr>\n<tr>\n<td>Materiale da costruzione<\/td>\n<td>Acciaio inossidabile (struttura robusta, facile da pulire)<\/td>\n<\/tr>\n<tr>\n<td>Operazioni<\/td>\n<td>Frantumazione, granulazione a freddo e a umido, deagglomerazione, omogeneizzazione<\/td>\n<\/tr>\n<tr>\n<td>Manutenzione preventiva<\/td>\n<td><a href=\"https:\/\/distribucionarc.com\/it\/manutenzione-preventiva-dellarco\/\" target=\"_blank\" rel=\"noopener\">Piano di manutenzione preventiva ARC<\/a><\/td>\n<\/tr>\n<tr>\n<td>Servizio tecnico<\/td>\n<td><a href=\"https:\/\/distribucionarc.com\/it\/servizio-tecnico\/\" target=\"_blank\" rel=\"noopener\">Servizio tecnico specializzato (ricerca per paese e localit\u00e0)<\/a><\/td>\n<\/tr>\n<tr>\n<td>Garanzia applicabile<\/td>\n<td>Tipo A \u2014 <a href=\"https:\/\/distribucionarc.com\/it\/garanzia-distribuzione-arco\/\" target=\"_blank\" rel=\"noopener\">Garanzia di distribuzione ARC<\/a><\/td>\n<\/tr>\n<\/tbody>\n<\/table>\n<p>&nbsp;<\/p>\n<p>&nbsp;<\/p>","protected":false},"excerpt":{"rendered":"<p>Lui <strong data-start=\"400\" data-end=\"412\">Tipo di prodotto: YARK-160<\/strong> \u00e8 un <strong data-start=\"419\" data-end=\"454\">frantoio-granulatore oscillante<\/strong> Di <strong data-start=\"458\" data-end=\"491\">alta capacit\u00e0 (200\u2013300 kg\/h)<\/strong> per <strong data-start=\"497\" data-end=\"527\">granulazione a freddo e umido<\/strong>Ideale per alimenti, farmaci, cosmetici e prodotti chimici: <strong data-start=\"582\" data-end=\"620\">impedisce che si sciolga, si attacchi e si incrosti<\/strong>, migliora la <strong data-start=\"632\" data-end=\"641\">fluire<\/strong> e il <strong data-start=\"647\" data-end=\"663\">omogeneit\u00e0<\/strong> del granulato. <strong data-start=\"679\" data-end=\"718\">Servizio tecnico ARC in Europa e negli Stati Uniti<\/strong>\u00a0E <strong data-start=\"721\" data-end=\"740\">garanzia di tipo A<\/strong>.<\/p>","protected":false},"featured_media":17784,"comment_status":"open","ping_status":"closed","template":"","meta":{"wds_primary_product_brand":0,"wds_primary_product_cat":0},"product_brand":[],"product_cat":[326],"product_tag":[],"class_list":{"0":"post-17778","1":"product","2":"type-product","3":"status-publish","4":"has-post-thumbnail","6":"product_cat-trituradoras-industriales","8":"first","9":"instock","10":"taxable","11":"shipping-taxable","12":"purchasable","13":"product-type-simple"},"yoast_head":"<!-- This site is optimized with the Yoast SEO Premium plugin v24.9 (Yoast SEO v26.1) - https:\/\/yoast.com\/wordpress\/plugins\/seo\/ -->\n<title>Triturador Granulador Oscilante Trabajo en fr\u00edo productos humedad - distribuci\u00f3n ARC<\/title>\n<meta name=\"description\" content=\"YARK-160: triturador oscilante 200\u2013300 kg\/h para granulaci\u00f3n h\u00fameda en fr\u00edo en alimentos, farmacia y cosm\u00e9tica. Garant\u00eda tipo A y SAT ARC en Europa y estados unidos\" \/>\n<meta name=\"robots\" content=\"index, follow, max-snippet:-1, max-image-preview:large, max-video-preview:-1\" \/>\n<link rel=\"canonical\" href=\"https:\/\/distribucionarc.com\/it\/prodotto\/granulatore-oscillante-per-lavorazioni-a-freddo-e-prodotti-soggetti-a-umidita\/\" \/>\n<meta property=\"og:locale\" content=\"it_IT\" \/>\n<meta property=\"og:type\" content=\"article\" \/>\n<meta property=\"og:title\" content=\"Triturador Granulador Oscilante Trabajo en fr\u00edo productos humedad\" \/>\n<meta property=\"og:description\" content=\"YARK-160: triturador oscilante 200\u2013300 kg\/h para granulaci\u00f3n h\u00fameda en fr\u00edo en alimentos, farmacia y cosm\u00e9tica. Garant\u00eda tipo A y SAT ARC en Europa y estados unidos\" \/>\n<meta property=\"og:url\" content=\"https:\/\/distribucionarc.com\/it\/prodotto\/granulatore-oscillante-per-lavorazioni-a-freddo-e-prodotti-soggetti-a-umidita\/\" \/>\n<meta property=\"og:site_name\" content=\"distribuci\u00f3n ARC\" \/>\n<meta property=\"article:modified_time\" content=\"2025-08-20T23:39:53+00:00\" \/>\n<meta property=\"og:image\" content=\"https:\/\/distribucionarc.com\/wp-content\/uploads\/2025\/08\/Granulador-industrial-YARK-160-vista-lateral-derecha-completa.jpeg\" \/>\n\t<meta property=\"og:image:width\" content=\"800\" \/>\n\t<meta property=\"og:image:height\" content=\"800\" \/>\n\t<meta property=\"og:image:type\" content=\"image\/jpeg\" \/>\n<meta name=\"twitter:card\" content=\"summary_large_image\" \/>\n<meta name=\"twitter:label1\" content=\"Tempo di lettura stimato\" \/>\n\t<meta name=\"twitter:data1\" content=\"2 minuti\" \/>\n<script type=\"application\/ld+json\" class=\"yoast-schema-graph\">{\"@context\":\"https:\/\/schema.org\",\"@graph\":[{\"@type\":\"WebPage\",\"@id\":\"https:\/\/distribucionarc.com\/pt\/producto\/triturador-granulador-oscilante-trabajo-en-frio-productos-humedad\/\",\"url\":\"https:\/\/distribucionarc.com\/pt\/producto\/triturador-granulador-oscilante-trabajo-en-frio-productos-humedad\/\",\"name\":\"Triturador Granulador Oscilante Trabajo en fr\u00edo productos humedad - distribuci\u00f3n ARC\",\"isPartOf\":{\"@id\":\"https:\/\/www.distribucionarc.com\/sl\/#website\"},\"primaryImageOfPage\":{\"@id\":\"https:\/\/distribucionarc.com\/pt\/producto\/triturador-granulador-oscilante-trabajo-en-frio-productos-humedad\/#primaryimage\"},\"image\":{\"@id\":\"https:\/\/distribucionarc.com\/pt\/producto\/triturador-granulador-oscilante-trabajo-en-frio-productos-humedad\/#primaryimage\"},\"thumbnailUrl\":\"https:\/\/distribucionarc.com\/wp-content\/uploads\/2025\/08\/Granulador-industrial-YARK-160-vista-lateral-derecha-completa.jpeg\",\"datePublished\":\"2025-08-20T23:39:52+00:00\",\"dateModified\":\"2025-08-20T23:39:53+00:00\",\"description\":\"YARK-160: triturador oscilante 200\u2013300 kg\/h para granulaci\u00f3n h\u00fameda en fr\u00edo en alimentos, farmacia y cosm\u00e9tica. Garant\u00eda tipo A y SAT ARC en Europa y estados unidos\",\"breadcrumb\":{\"@id\":\"https:\/\/distribucionarc.com\/pt\/producto\/triturador-granulador-oscilante-trabajo-en-frio-productos-humedad\/#breadcrumb\"},\"inLanguage\":\"it-IT\",\"potentialAction\":[{\"@type\":\"ReadAction\",\"target\":[\"https:\/\/distribucionarc.com\/pt\/producto\/triturador-granulador-oscilante-trabajo-en-frio-productos-humedad\/\"]}]},{\"@type\":\"ImageObject\",\"inLanguage\":\"it-IT\",\"@id\":\"https:\/\/distribucionarc.com\/pt\/producto\/triturador-granulador-oscilante-trabajo-en-frio-productos-humedad\/#primaryimage\",\"url\":\"https:\/\/distribucionarc.com\/wp-content\/uploads\/2025\/08\/Granulador-industrial-YARK-160-vista-lateral-derecha-completa.jpeg\",\"contentUrl\":\"https:\/\/distribucionarc.com\/wp-content\/uploads\/2025\/08\/Granulador-industrial-YARK-160-vista-lateral-derecha-completa.jpeg\",\"width\":800,\"height\":800,\"caption\":\"Vista lateral completa del YARK-160 en posici\u00f3n de trabajo\"},{\"@type\":\"BreadcrumbList\",\"@id\":\"https:\/\/distribucionarc.com\/pt\/producto\/triturador-granulador-oscilante-trabajo-en-frio-productos-humedad\/#breadcrumb\",\"itemListElement\":[{\"@type\":\"ListItem\",\"position\":1,\"name\":\"Portada\",\"item\":\"https:\/\/www.distribucionarc.com\/\"},{\"@type\":\"ListItem\",\"position\":2,\"name\":\"\u00dcr\u00fcnler\",\"item\":\"https:\/\/www.distribucionarc.com\/tr\/magaza\/\"},{\"@type\":\"ListItem\",\"position\":3,\"name\":\"Triturador Granulador Oscilante Trabajo en fr\u00edo productos humedad\"}]},{\"@type\":\"WebSite\",\"@id\":\"https:\/\/www.distribucionarc.com\/sl\/#website\",\"url\":\"https:\/\/www.distribucionarc.com\/sl\/\",\"name\":\"distribuci\u00f3n ARC\",\"description\":\"Empresa especializada en la fabricaci\u00f3n y distribuci\u00f3n de maquinaria industrial, selladoras de latas, Maquinas de hacer pastillas, Maquinas de cortar carne...\",\"publisher\":{\"@id\":\"https:\/\/www.distribucionarc.com\/sl\/#organization\"},\"potentialAction\":[{\"@type\":\"SearchAction\",\"target\":{\"@type\":\"EntryPoint\",\"urlTemplate\":\"https:\/\/www.distribucionarc.com\/sl\/?s={search_term_string}\"},\"query-input\":{\"@type\":\"PropertyValueSpecification\",\"valueRequired\":true,\"valueName\":\"search_term_string\"}}],\"inLanguage\":\"it-IT\"},{\"@type\":\"Organization\",\"@id\":\"https:\/\/www.distribucionarc.com\/sl\/#organization\",\"name\":\"Distribuci\u00f3n ARC\",\"url\":\"https:\/\/www.distribucionarc.com\/sl\/\",\"logo\":{\"@type\":\"ImageObject\",\"inLanguage\":\"it-IT\",\"@id\":\"https:\/\/www.distribucionarc.com\/sl\/#\/schema\/logo\/image\/\",\"url\":\"https:\/\/distribucionarc.com\/wp-content\/uploads\/2024\/10\/distribucion-ARC-COLOR-SIN-FONDO-e1732295305345.png\",\"contentUrl\":\"https:\/\/distribucionarc.com\/wp-content\/uploads\/2024\/10\/distribucion-ARC-COLOR-SIN-FONDO-e1732295305345.png\",\"width\":1164,\"height\":558,\"caption\":\"Distribuci\u00f3n ARC\"},\"image\":{\"@id\":\"https:\/\/www.distribucionarc.com\/sl\/#\/schema\/logo\/image\/\"},\"description\":\"Empresa especializada en la fabricaci\u00f3n y distribuci\u00f3n de maquinaria industrial para los sectores alimentario y farmac\u00e9utico. Nos especializamos en: M\u00e1quinas de cortar carne Fabricaci\u00f3n de comprimidos Sistemas de transporte industrial L\u00edneas de embotellado Dosificadores Y mucho m\u00e1s... Ofrecemos soluciones innovadoras y personalizadas para optimizar los procesos productivos de tu empresa.\",\"email\":\"Admistracion@distribucionarc.com\",\"telephone\":\"+34 643496664\",\"legalName\":\"ARC TECH SOLUTIONS\",\"foundingDate\":\"2024-04-09\",\"vatID\":\"B55480172\",\"numberOfEmployees\":{\"@type\":\"QuantitativeValue\",\"minValue\":\"1\",\"maxValue\":\"10\"}}]}<\/script>\n<!-- \/ Yoast SEO Premium plugin. -->","yoast_head_json":{"title":"Granulatore oscillante per la lavorazione a freddo di prodotti soggetti ad umidit\u00e0 - Distribuzione ARC","description":"YARK-160: frantoio oscillante da 200\u2013300 kg\/h per la granulazione a freddo e a umido nei settori alimentare, farmaceutico e cosmetico. Garanzia di tipo A e SAT ARC in Europa e negli Stati Uniti.","robots":{"index":"index","follow":"follow","max-snippet":"max-snippet:-1","max-image-preview":"max-image-preview:large","max-video-preview":"max-video-preview:-1"},"canonical":"https:\/\/distribucionarc.com\/it\/prodotto\/granulatore-oscillante-per-lavorazioni-a-freddo-e-prodotti-soggetti-a-umidita\/","og_locale":"it_IT","og_type":"article","og_title":"Triturador Granulador Oscilante Trabajo en fr\u00edo productos humedad","og_description":"YARK-160: triturador oscilante 200\u2013300 kg\/h para granulaci\u00f3n h\u00fameda en fr\u00edo en alimentos, farmacia y cosm\u00e9tica. Garant\u00eda tipo A y SAT ARC en Europa y estados unidos","og_url":"https:\/\/distribucionarc.com\/it\/prodotto\/granulatore-oscillante-per-lavorazioni-a-freddo-e-prodotti-soggetti-a-umidita\/","og_site_name":"distribuci\u00f3n ARC","article_modified_time":"2025-08-20T23:39:53+00:00","og_image":[{"width":800,"height":800,"url":"https:\/\/distribucionarc.com\/wp-content\/uploads\/2025\/08\/Granulador-industrial-YARK-160-vista-lateral-derecha-completa.jpeg","type":"image\/jpeg"}],"twitter_card":"summary_large_image","twitter_misc":{"Tempo di lettura stimato":"2 minuti"},"schema":{"@context":"https:\/\/schema.org","@graph":[{"@type":"WebPage","@id":"https:\/\/distribucionarc.com\/pt\/producto\/triturador-granulador-oscilante-trabajo-en-frio-productos-humedad\/","url":"https:\/\/distribucionarc.com\/pt\/producto\/triturador-granulador-oscilante-trabajo-en-frio-productos-humedad\/","name":"Granulatore oscillante per la lavorazione a freddo di prodotti soggetti ad umidit\u00e0 - Distribuzione ARC","isPartOf":{"@id":"https:\/\/www.distribucionarc.com\/sl\/#website"},"primaryImageOfPage":{"@id":"https:\/\/distribucionarc.com\/pt\/producto\/triturador-granulador-oscilante-trabajo-en-frio-productos-humedad\/#primaryimage"},"image":{"@id":"https:\/\/distribucionarc.com\/pt\/producto\/triturador-granulador-oscilante-trabajo-en-frio-productos-humedad\/#primaryimage"},"thumbnailUrl":"https:\/\/distribucionarc.com\/wp-content\/uploads\/2025\/08\/Granulador-industrial-YARK-160-vista-lateral-derecha-completa.jpeg","datePublished":"2025-08-20T23:39:52+00:00","dateModified":"2025-08-20T23:39:53+00:00","description":"YARK-160: frantoio oscillante da 200\u2013300 kg\/h per la granulazione a freddo e a umido nei settori alimentare, farmaceutico e cosmetico. Garanzia di tipo A e SAT ARC in Europa e negli Stati Uniti.","breadcrumb":{"@id":"https:\/\/distribucionarc.com\/pt\/producto\/triturador-granulador-oscilante-trabajo-en-frio-productos-humedad\/#breadcrumb"},"inLanguage":"it-IT","potentialAction":[{"@type":"ReadAction","target":["https:\/\/distribucionarc.com\/pt\/producto\/triturador-granulador-oscilante-trabajo-en-frio-productos-humedad\/"]}]},{"@type":"ImageObject","inLanguage":"it-IT","@id":"https:\/\/distribucionarc.com\/pt\/producto\/triturador-granulador-oscilante-trabajo-en-frio-productos-humedad\/#primaryimage","url":"https:\/\/distribucionarc.com\/wp-content\/uploads\/2025\/08\/Granulador-industrial-YARK-160-vista-lateral-derecha-completa.jpeg","contentUrl":"https:\/\/distribucionarc.com\/wp-content\/uploads\/2025\/08\/Granulador-industrial-YARK-160-vista-lateral-derecha-completa.jpeg","width":800,"height":800,"caption":"Vista lateral completa del YARK-160 en posici\u00f3n de trabajo"},{"@type":"BreadcrumbList","@id":"https:\/\/distribucionarc.com\/pt\/producto\/triturador-granulador-oscilante-trabajo-en-frio-productos-humedad\/#breadcrumb","itemListElement":[{"@type":"ListItem","position":1,"name":"Portada","item":"https:\/\/www.distribucionarc.com\/"},{"@type":"ListItem","position":2,"name":"\u00dcr\u00fcnler","item":"https:\/\/www.distribucionarc.com\/tr\/magaza\/"},{"@type":"ListItem","position":3,"name":"Triturador Granulador Oscilante Trabajo en fr\u00edo productos humedad"}]},{"@type":"WebSite","@id":"https:\/\/www.distribucionarc.com\/sl\/#website","url":"https:\/\/www.distribucionarc.com\/sl\/","name":"Distribuzione dell&#039;ARCO","description":"Azienda specializzata nella produzione e distribuzione di macchinari industriali, macchine sigillatrici di lattine, macchine per la produzione di compresse, macchine per il taglio della carne...","publisher":{"@id":"https:\/\/www.distribucionarc.com\/sl\/#organization"},"potentialAction":[{"@type":"SearchAction","target":{"@type":"EntryPoint","urlTemplate":"https:\/\/www.distribucionarc.com\/sl\/?s={search_term_string}"},"query-input":{"@type":"PropertyValueSpecification","valueRequired":true,"valueName":"search_term_string"}}],"inLanguage":"it-IT"},{"@type":"Organization","@id":"https:\/\/www.distribucionarc.com\/sl\/#organization","name":"Distribuzione dell&#039;ARC","url":"https:\/\/www.distribucionarc.com\/sl\/","logo":{"@type":"ImageObject","inLanguage":"it-IT","@id":"https:\/\/www.distribucionarc.com\/sl\/#\/schema\/logo\/image\/","url":"https:\/\/distribucionarc.com\/wp-content\/uploads\/2024\/10\/distribucion-ARC-COLOR-SIN-FONDO-e1732295305345.png","contentUrl":"https:\/\/distribucionarc.com\/wp-content\/uploads\/2024\/10\/distribucion-ARC-COLOR-SIN-FONDO-e1732295305345.png","width":1164,"height":558,"caption":"Distribuci\u00f3n ARC"},"image":{"@id":"https:\/\/www.distribucionarc.com\/sl\/#\/schema\/logo\/image\/"},"description":"Azienda specializzata nella produzione e distribuzione di macchinari industriali per il settore alimentare e farmaceutico. Siamo specializzati in: Macchine per il taglio della carne Produzione di compresse Sistemi di trasporto industriale Linee di imbottigliamento Dispenser E molto altro ancora... Offriamo soluzioni innovative e personalizzate per ottimizzare i processi produttivi della vostra azienda.","email":"Admistracion@distribucionarc.com","telephone":"+34 643496664","legalName":"ARC TECH SOLUTIONS","foundingDate":"2024-04-09","vatID":"B55480172","numberOfEmployees":{"@type":"QuantitativeValue","minValue":"1","maxValue":"10"}}]}},"_links":{"self":[{"href":"https:\/\/distribucionarc.com\/it\/wp-json\/wp\/v2\/product\/17778","targetHints":{"allow":["GET"]}}],"collection":[{"href":"https:\/\/distribucionarc.com\/it\/wp-json\/wp\/v2\/product"}],"about":[{"href":"https:\/\/distribucionarc.com\/it\/wp-json\/wp\/v2\/types\/product"}],"replies":[{"embeddable":true,"href":"https:\/\/distribucionarc.com\/it\/wp-json\/wp\/v2\/comments?post=17778"}],"version-history":[{"count":1,"href":"https:\/\/distribucionarc.com\/it\/wp-json\/wp\/v2\/product\/17778\/revisions"}],"predecessor-version":[{"id":17785,"href":"https:\/\/distribucionarc.com\/it\/wp-json\/wp\/v2\/product\/17778\/revisions\/17785"}],"wp:featuredmedia":[{"embeddable":true,"href":"https:\/\/distribucionarc.com\/it\/wp-json\/wp\/v2\/media\/17784"}],"wp:attachment":[{"href":"https:\/\/distribucionarc.com\/it\/wp-json\/wp\/v2\/media?parent=17778"}],"wp:term":[{"taxonomy":"product_brand","embeddable":true,"href":"https:\/\/distribucionarc.com\/it\/wp-json\/wp\/v2\/product_brand?post=17778"},{"taxonomy":"product_cat","embeddable":true,"href":"https:\/\/distribucionarc.com\/it\/wp-json\/wp\/v2\/product_cat?post=17778"},{"taxonomy":"product_tag","embeddable":true,"href":"https:\/\/distribucionarc.com\/it\/wp-json\/wp\/v2\/product_tag?post=17778"}],"curies":[{"name":"wp","href":"https:\/\/api.w.org\/{rel}","templated":true}]}}