{"id":1829,"date":"2020-07-31T11:57:58","date_gmt":"2020-07-31T11:57:58","guid":{"rendered":"https:\/\/distribucionarc.com\/?post_type=product&#038;p=1829"},"modified":"2022-02-03T13:17:21","modified_gmt":"2022-02-03T13:17:21","slug":"riempitrice-dosatore-di-polveri-grani-farine-2kg","status":"publish","type":"product","link":"https:\/\/distribucionarc.com\/it\/producto\/llenadora-dosificadora-de-polvos-granos-harinas-2kg\/","title":{"rendered":"Dosatore riempitivo per polveri, grani, farine 2Kg"},"content":{"rendered":"<h3>Riempitrice dosatrice per polveri, cereali, farine<\/h3>\n<p>L&#039;involucro e la tramoggia del\u00a0<strong>riempitivo<\/strong>\u00a0Di<span style=\"color: #ff0000;\">\u00a0<\/span><strong><span style=\"color: #ff0000;\">A<\/span><span style=\"color: #0000ff;\">R<\/span>C<\/strong>\u00a0Sono realizzati in acciaio inossidabile per uso alimentare, durevoli per un uso prolungato. Facile apertura e chiusura grazie alle robuste fibbie. Capacit\u00e0 tramoggia: 25\u201350 Kg.<\/p>\n<p>Con finestra trasparente<strong> distributore <span style=\"color: #ff0000;\">A<\/span><span style=\"color: #0000ff;\">R<\/span>CDLE2<\/strong>\u00a0visibile, consente agli utenti di osservare il funzionamento interno. Possono partecipare al riempimento con l&#039;interruttore a pedale per il dosaggio. 4 ruote universali sono comode da spostare<\/p>\n<p>Il sistema di controllo del microcomputer ad alta precisione rende scientifico il processo di pesatura e riempimento e riduce gli errori. Facile da usare. IL\u00a0<strong>macchina riempitrice<\/strong> \u00c8 dotato di un vibratore ad alta potenza che accelera la velocit\u00e0 di riempimento e fa fluire il materiale di riempimento senza intoppi. Peso dell&#039;imbottitura: 10-2000 g.<\/p>\n<p>Il volume di ingresso \u00e8 regolabile con una scala e anche il volume di uscita pu\u00f2 essere regolato. Dotato di dispositivo ad induzione ad infrarossi per il mascheramento automatico.<\/p>\n<p>Questo<strong>\u00a0pesatrice automatica<\/strong>\u00a0\u00c8 adatto per polvere fine, polvere chimica, polvere commestibile, polvere di caff\u00e8 e altri materiali secchi e mobili.<\/p>\n<h6><strong>Garanzia\u00a0<span style=\"color: #ff0000;\">A<\/span><span style=\"color: #0000ff;\">R<\/span>C 2 ANNI<\/strong><\/h6>\n<h6><span style=\"color: #008000;\">Efficiente dispenser automatico, basso consumo 250w<\/span><\/h6>\n<h6><strong>supporto tecnico incluso<\/strong><\/h6>\n<p>&nbsp;<\/p>\n<p>&nbsp;<\/p>\n<table role=\"presentation\" width=\"100%\" cellspacing=\"0\" cellpadding=\"0\">\n<tbody>\n<tr>\n<td class=\"attrLabels\">Marca:<\/td>\n<td width=\"50.0%\">ARCO<\/td>\n<\/tr>\n<tr>\n<td class=\"attrLabels\">Paese di distribuzione:<\/td>\n<td width=\"50.0%\">Spagna, Germania, Stati Uniti<\/td>\n<td class=\"attrLabels\">Peso:<\/td>\n<td width=\"50.0%\">50 kg<\/td>\n<\/tr>\n<tr>\n<td class=\"attrLabels\">Marca:<\/td>\n<td width=\"50.0%\">ARCO<\/td>\n<td class=\"attrLabels\">Altezza:<\/td>\n<td width=\"50.0%\">130 cm<\/td>\n<\/tr>\n<tr>\n<td class=\"attrLabels\">Colore:<\/td>\n<td width=\"50.0%\">Argento<\/td>\n<td class=\"attrLabels\">Lungo:<\/td>\n<td width=\"50.0%\">36 cm<\/td>\n<\/tr>\n<tr>\n<td class=\"attrLabels\">Tipo di prodotto:<\/td>\n<td width=\"50.0%\">Dosatore di riempimento automatico<\/td>\n<td class=\"attrLabels\">Ampio:<\/td>\n<td width=\"50.0%\">57 cm<\/td>\n<\/tr>\n<tr>\n<td class=\"attrLabels\">Numero del produttore:<\/td>\n<td width=\"50.0%\">ARCDLE2<\/td>\n<td class=\"attrLabels\">Energia:<\/td>\n<td width=\"50.0%\">250 W<\/td>\n<\/tr>\n<tr>\n<td class=\"attrLabels\">Materiale:<\/td>\n<td width=\"50.0%\">acciaio inossidabile, microcomputer, controllo automatico<\/td>\n<td class=\"attrLabels\">tensione di ingresso<\/td>\n<td width=\"50.0%\">220 V \u2013 60 Hz<\/td>\n<\/tr>\n<tr>\n<td class=\"attrLabels\">Garanzia:<\/td>\n<td width=\"50.0%\">\u00a0 2 anni<\/td>\n<td class=\"attrLabels\">Velocit\u00e0 di imballaggio:<\/td>\n<td width=\"50.0%\">6 \u2013 12 sacchetti al minuto<\/td>\n<\/tr>\n<tr>\n<td class=\"attrLabels\">Strumenti di installazione:<\/td>\n<td width=\"50.0%\">S\u00ec<\/td>\n<td class=\"attrLabels\">Capacit\u00e0 di imballaggio:<\/td>\n<td width=\"50.0%\">\u00a010 \u2013 2000 grammi<\/td>\n<\/tr>\n<\/tbody>\n<\/table>","protected":false},"excerpt":{"rendered":"<h2>Riempitrice dosatrice per polveri, cereali, farine<\/h2>\n<p><span style=\"color: #ff0000;\"><strong>A<\/strong><\/span><span style=\"color: #0000ff;\"><strong>R<\/strong><\/span><strong>C<\/strong>\u00a0offre diverse tipologie di soluzioni per le industrie che lavorano polveri, cereali e farine. Con questo\u00a0<strong>distributore<\/strong> Di <strong>2kg<\/strong>, la tua produzione sar\u00e0 istantanea.<\/p>\n<p>Questo\u00a0<strong>macchina riempitrice per polveri<\/strong>\u00a0Serve come un buon assistente per proteggere tutti i tipi di particelle, polvere e componenti. Questo\u00a0<strong>riempitivo<\/strong>\u00a0Di<strong>\u00a0<span style=\"color: #ff0000;\">A<\/span><span style=\"color: #0000ff;\">R<\/span>C<\/strong>\u00a0Il filtro antiparticolato \u00e8 dotato di un sistema di controllo automatico tramite microcomputer, che garantisce pienamente l&#039;elevata velocit\u00e0 e precisione del processo di riempimento. \u00c8 un dispositivo meraviglioso in grado di soddisfare diverse esigenze. Perfetto per uso industriale.<\/p>\n<h6><strong>Garanzia\u00a0<span style=\"color: #ff0000;\">A<\/span><span style=\"color: #0000ff;\">R<\/span>C 2 ANNI<\/strong><\/h6>\n<h6><span style=\"color: #008000;\">Efficiente dispenser automatico, basso consumo 250w<\/span><\/h6>\n<h6><strong>supporto tecnico incluso<\/strong><\/h6>","protected":false},"featured_media":1836,"comment_status":"open","ping_status":"closed","template":"","meta":{"wds_primary_product_brand":0,"wds_primary_product_cat":0},"product_brand":[],"product_cat":[22,21],"product_tag":[],"class_list":{"0":"post-1829","1":"product","2":"type-product","3":"status-publish","4":"has-post-thumbnail","6":"product_cat-llenadora-de-bolsas-granos-y-polvo","7":"product_cat-maquinas-llenadoras","8":"product_shipping_class-hosteleria","10":"first","11":"outofstock","12":"sale","13":"taxable","14":"shipping-taxable","15":"purchasable","16":"product-type-simple"},"yoast_head":"<!-- This site is optimized with the Yoast SEO Premium plugin v24.9 (Yoast SEO v26.1) - https:\/\/yoast.com\/wordpress\/plugins\/seo\/ -->\n<title>Llenadora dosificadora de polvos, granos, harinas 2Kg - distribuci\u00f3n ARC<\/title>\n<meta name=\"robots\" content=\"index, follow, max-snippet:-1, max-image-preview:large, max-video-preview:-1\" \/>\n<link rel=\"canonical\" href=\"https:\/\/distribucionarc.com\/it\/prodotto\/riempitrice-dosatore-di-polveri-grani-farine-2kg\/\" \/>\n<meta property=\"og:locale\" content=\"it_IT\" \/>\n<meta property=\"og:type\" content=\"article\" \/>\n<meta property=\"og:title\" content=\"Llenadora dosificadora de polvos, granos, harinas 2Kg\" \/>\n<meta property=\"og:description\" content=\"Llenadora dosificadora de polvos, granos, harinas ARC\u00a0ofrece varios tipos de soluciones para las industrias que trabajan con polvos, granos y harinas. Con esta\u00a0dosificadora de 2\u00a0Kg, su producci\u00f3n ser\u00e1 instant\u00e1nea.  Esta\u00a0m\u00e1quina de llenado de polvo\u00a0sirve como un buen asistente en el asegurador de todo tipo de part\u00edculas, polvo y componentes. Esta\u00a0llenadora\u00a0de\u00a0ARC\u00a0de part\u00edculas dispone de un sistema autom\u00e1tico de control con microordenador, garantizando plenamente la alta velocidad y precisi\u00f3n del proceso de llenado. Es un dispositivo maravilloso que puede satisfacer diferentes necesidades. Perfecto para uso industrial. Garant\u00eda\u00a0ARC 2 A\u00d1OS Dosificadora autom\u00e1tica eficiente, bajo consumo 250w soporte t\u00e9cnico incluido\" \/>\n<meta property=\"og:url\" content=\"https:\/\/distribucionarc.com\/it\/prodotto\/riempitrice-dosatore-di-polveri-grani-farine-2kg\/\" \/>\n<meta property=\"og:site_name\" content=\"distribuci\u00f3n ARC\" \/>\n<meta property=\"article:modified_time\" content=\"2022-02-03T13:17:21+00:00\" \/>\n<meta property=\"og:image\" content=\"https:\/\/distribucionarc.com\/wp-content\/uploads\/2020\/07\/Llenadora-dosificadora-de-polvos-granos-harinas-2Kg-0.jpg\" \/>\n\t<meta property=\"og:image:width\" content=\"1600\" \/>\n\t<meta property=\"og:image:height\" content=\"1600\" \/>\n\t<meta property=\"og:image:type\" content=\"image\/jpeg\" \/>\n<meta name=\"twitter:card\" content=\"summary_large_image\" \/>\n<meta name=\"twitter:label1\" content=\"Tempo di lettura stimato\" \/>\n\t<meta name=\"twitter:data1\" content=\"1 minuto\" \/>\n<script type=\"application\/ld+json\" class=\"yoast-schema-graph\">{\"@context\":\"https:\/\/schema.org\",\"@graph\":[{\"@type\":\"WebPage\",\"@id\":\"https:\/\/distribucionarc.com\/fr\/producto\/llenadora-dosificadora-de-polvos-granos-harinas-2kg\/\",\"url\":\"https:\/\/distribucionarc.com\/fr\/producto\/llenadora-dosificadora-de-polvos-granos-harinas-2kg\/\",\"name\":\"Llenadora dosificadora de polvos, granos, harinas 2Kg - distribuci\u00f3n ARC\",\"isPartOf\":{\"@id\":\"https:\/\/distribucionarc.com\/de\/#website\"},\"primaryImageOfPage\":{\"@id\":\"https:\/\/distribucionarc.com\/fr\/producto\/llenadora-dosificadora-de-polvos-granos-harinas-2kg\/#primaryimage\"},\"image\":{\"@id\":\"https:\/\/distribucionarc.com\/fr\/producto\/llenadora-dosificadora-de-polvos-granos-harinas-2kg\/#primaryimage\"},\"thumbnailUrl\":\"https:\/\/distribucionarc.com\/wp-content\/uploads\/2020\/07\/Llenadora-dosificadora-de-polvos-granos-harinas-2Kg-0.jpg\",\"datePublished\":\"2020-07-31T11:57:58+00:00\",\"dateModified\":\"2022-02-03T13:17:21+00:00\",\"breadcrumb\":{\"@id\":\"https:\/\/distribucionarc.com\/fr\/producto\/llenadora-dosificadora-de-polvos-granos-harinas-2kg\/#breadcrumb\"},\"inLanguage\":\"it-IT\",\"potentialAction\":[{\"@type\":\"ReadAction\",\"target\":[\"https:\/\/distribucionarc.com\/fr\/producto\/llenadora-dosificadora-de-polvos-granos-harinas-2kg\/\"]}]},{\"@type\":\"ImageObject\",\"inLanguage\":\"it-IT\",\"@id\":\"https:\/\/distribucionarc.com\/fr\/producto\/llenadora-dosificadora-de-polvos-granos-harinas-2kg\/#primaryimage\",\"url\":\"https:\/\/distribucionarc.com\/wp-content\/uploads\/2020\/07\/Llenadora-dosificadora-de-polvos-granos-harinas-2Kg-0.jpg\",\"contentUrl\":\"https:\/\/distribucionarc.com\/wp-content\/uploads\/2020\/07\/Llenadora-dosificadora-de-polvos-granos-harinas-2Kg-0.jpg\",\"width\":1600,\"height\":1600,\"caption\":\"Llenadora dosificadora de polvos granos harinas 2Kg\"},{\"@type\":\"BreadcrumbList\",\"@id\":\"https:\/\/distribucionarc.com\/fr\/producto\/llenadora-dosificadora-de-polvos-granos-harinas-2kg\/#breadcrumb\",\"itemListElement\":[{\"@type\":\"ListItem\",\"position\":1,\"name\":\"Portada\",\"item\":\"https:\/\/distribucionarc.com\/pl\/\"},{\"@type\":\"ListItem\",\"position\":2,\"name\":\"Produkty\",\"item\":\"https:\/\/distribucionarc.com\/pl\/shop\/\"},{\"@type\":\"ListItem\",\"position\":3,\"name\":\"Llenadora dosificadora de polvos, granos, harinas 2Kg\"}]},{\"@type\":\"WebSite\",\"@id\":\"https:\/\/distribucionarc.com\/de\/#website\",\"url\":\"https:\/\/distribucionarc.com\/de\/\",\"name\":\"distribuci\u00f3n ARC\",\"description\":\"Empresa especializada en la fabricaci\u00f3n y distribuci\u00f3n de maquinaria industrial, selladoras de latas, Maquinas de hacer pastillas, Maquinas de cortar carne...\",\"publisher\":{\"@id\":\"https:\/\/distribucionarc.com\/de\/#organization\"},\"potentialAction\":[{\"@type\":\"SearchAction\",\"target\":{\"@type\":\"EntryPoint\",\"urlTemplate\":\"https:\/\/distribucionarc.com\/de\/?s={search_term_string}\"},\"query-input\":{\"@type\":\"PropertyValueSpecification\",\"valueRequired\":true,\"valueName\":\"search_term_string\"}}],\"inLanguage\":\"it-IT\"},{\"@type\":\"Organization\",\"@id\":\"https:\/\/distribucionarc.com\/de\/#organization\",\"name\":\"Distribuci\u00f3n ARC\",\"url\":\"https:\/\/distribucionarc.com\/de\/\",\"logo\":{\"@type\":\"ImageObject\",\"inLanguage\":\"it-IT\",\"@id\":\"https:\/\/distribucionarc.com\/de\/#\/schema\/logo\/image\/\",\"url\":\"https:\/\/distribucionarc.com\/wp-content\/uploads\/2024\/10\/distribucion-ARC-COLOR-SIN-FONDO-e1732295305345.png\",\"contentUrl\":\"https:\/\/distribucionarc.com\/wp-content\/uploads\/2024\/10\/distribucion-ARC-COLOR-SIN-FONDO-e1732295305345.png\",\"width\":1164,\"height\":558,\"caption\":\"Distribuci\u00f3n ARC\"},\"image\":{\"@id\":\"https:\/\/distribucionarc.com\/de\/#\/schema\/logo\/image\/\"},\"description\":\"Empresa especializada en la fabricaci\u00f3n y distribuci\u00f3n de maquinaria industrial para los sectores alimentario y farmac\u00e9utico. Nos especializamos en: M\u00e1quinas de cortar carne Fabricaci\u00f3n de comprimidos Sistemas de transporte industrial L\u00edneas de embotellado Dosificadores Y mucho m\u00e1s... Ofrecemos soluciones innovadoras y personalizadas para optimizar los procesos productivos de tu empresa.\",\"email\":\"Admistracion@distribucionarc.com\",\"telephone\":\"+34 643496664\",\"legalName\":\"ARC TECH SOLUTIONS\",\"foundingDate\":\"2024-04-09\",\"vatID\":\"B55480172\",\"numberOfEmployees\":{\"@type\":\"QuantitativeValue\",\"minValue\":\"1\",\"maxValue\":\"10\"}}]}<\/script>\n<!-- \/ Yoast SEO Premium plugin. -->","yoast_head_json":{"title":"Riempitrice dosatrice per polveri, grani, farine 2Kg - distribuzione ARC","robots":{"index":"index","follow":"follow","max-snippet":"max-snippet:-1","max-image-preview":"max-image-preview:large","max-video-preview":"max-video-preview:-1"},"canonical":"https:\/\/distribucionarc.com\/it\/prodotto\/riempitrice-dosatore-di-polveri-grani-farine-2kg\/","og_locale":"it_IT","og_type":"article","og_title":"Llenadora dosificadora de polvos, granos, harinas 2Kg","og_description":"Llenadora dosificadora de polvos, granos, harinas ARC\u00a0ofrece varios tipos de soluciones para las industrias que trabajan con polvos, granos y harinas. Con esta\u00a0dosificadora de 2\u00a0Kg, su producci\u00f3n ser\u00e1 instant\u00e1nea.  Esta\u00a0m\u00e1quina de llenado de polvo\u00a0sirve como un buen asistente en el asegurador de todo tipo de part\u00edculas, polvo y componentes. Esta\u00a0llenadora\u00a0de\u00a0ARC\u00a0de part\u00edculas dispone de un sistema autom\u00e1tico de control con microordenador, garantizando plenamente la alta velocidad y precisi\u00f3n del proceso de llenado. Es un dispositivo maravilloso que puede satisfacer diferentes necesidades. Perfecto para uso industrial. Garant\u00eda\u00a0ARC 2 A\u00d1OS Dosificadora autom\u00e1tica eficiente, bajo consumo 250w soporte t\u00e9cnico incluido","og_url":"https:\/\/distribucionarc.com\/it\/prodotto\/riempitrice-dosatore-di-polveri-grani-farine-2kg\/","og_site_name":"distribuci\u00f3n ARC","article_modified_time":"2022-02-03T13:17:21+00:00","og_image":[{"width":1600,"height":1600,"url":"https:\/\/distribucionarc.com\/wp-content\/uploads\/2020\/07\/Llenadora-dosificadora-de-polvos-granos-harinas-2Kg-0.jpg","type":"image\/jpeg"}],"twitter_card":"summary_large_image","twitter_misc":{"Tempo di lettura stimato":"1 minuto"},"schema":{"@context":"https:\/\/schema.org","@graph":[{"@type":"WebPage","@id":"https:\/\/distribucionarc.com\/fr\/producto\/llenadora-dosificadora-de-polvos-granos-harinas-2kg\/","url":"https:\/\/distribucionarc.com\/fr\/producto\/llenadora-dosificadora-de-polvos-granos-harinas-2kg\/","name":"Riempitrice dosatrice per polveri, grani, farine 2Kg - distribuzione ARC","isPartOf":{"@id":"https:\/\/distribucionarc.com\/de\/#website"},"primaryImageOfPage":{"@id":"https:\/\/distribucionarc.com\/fr\/producto\/llenadora-dosificadora-de-polvos-granos-harinas-2kg\/#primaryimage"},"image":{"@id":"https:\/\/distribucionarc.com\/fr\/producto\/llenadora-dosificadora-de-polvos-granos-harinas-2kg\/#primaryimage"},"thumbnailUrl":"https:\/\/distribucionarc.com\/wp-content\/uploads\/2020\/07\/Llenadora-dosificadora-de-polvos-granos-harinas-2Kg-0.jpg","datePublished":"2020-07-31T11:57:58+00:00","dateModified":"2022-02-03T13:17:21+00:00","breadcrumb":{"@id":"https:\/\/distribucionarc.com\/fr\/producto\/llenadora-dosificadora-de-polvos-granos-harinas-2kg\/#breadcrumb"},"inLanguage":"it-IT","potentialAction":[{"@type":"ReadAction","target":["https:\/\/distribucionarc.com\/fr\/producto\/llenadora-dosificadora-de-polvos-granos-harinas-2kg\/"]}]},{"@type":"ImageObject","inLanguage":"it-IT","@id":"https:\/\/distribucionarc.com\/fr\/producto\/llenadora-dosificadora-de-polvos-granos-harinas-2kg\/#primaryimage","url":"https:\/\/distribucionarc.com\/wp-content\/uploads\/2020\/07\/Llenadora-dosificadora-de-polvos-granos-harinas-2Kg-0.jpg","contentUrl":"https:\/\/distribucionarc.com\/wp-content\/uploads\/2020\/07\/Llenadora-dosificadora-de-polvos-granos-harinas-2Kg-0.jpg","width":1600,"height":1600,"caption":"Llenadora dosificadora de polvos granos harinas 2Kg"},{"@type":"BreadcrumbList","@id":"https:\/\/distribucionarc.com\/fr\/producto\/llenadora-dosificadora-de-polvos-granos-harinas-2kg\/#breadcrumb","itemListElement":[{"@type":"ListItem","position":1,"name":"Portada","item":"https:\/\/distribucionarc.com\/pl\/"},{"@type":"ListItem","position":2,"name":"Produkty","item":"https:\/\/distribucionarc.com\/pl\/shop\/"},{"@type":"ListItem","position":3,"name":"Llenadora dosificadora de polvos, granos, harinas 2Kg"}]},{"@type":"WebSite","@id":"https:\/\/distribucionarc.com\/de\/#website","url":"https:\/\/distribucionarc.com\/de\/","name":"Distribuzione dell&#039;ARCO","description":"Azienda specializzata nella produzione e distribuzione di macchinari industriali, macchine sigillatrici di lattine, macchine per la produzione di compresse, macchine per il taglio della carne...","publisher":{"@id":"https:\/\/distribucionarc.com\/de\/#organization"},"potentialAction":[{"@type":"SearchAction","target":{"@type":"EntryPoint","urlTemplate":"https:\/\/distribucionarc.com\/de\/?s={search_term_string}"},"query-input":{"@type":"PropertyValueSpecification","valueRequired":true,"valueName":"search_term_string"}}],"inLanguage":"it-IT"},{"@type":"Organization","@id":"https:\/\/distribucionarc.com\/de\/#organization","name":"Distribuzione dell&#039;ARC","url":"https:\/\/distribucionarc.com\/de\/","logo":{"@type":"ImageObject","inLanguage":"it-IT","@id":"https:\/\/distribucionarc.com\/de\/#\/schema\/logo\/image\/","url":"https:\/\/distribucionarc.com\/wp-content\/uploads\/2024\/10\/distribucion-ARC-COLOR-SIN-FONDO-e1732295305345.png","contentUrl":"https:\/\/distribucionarc.com\/wp-content\/uploads\/2024\/10\/distribucion-ARC-COLOR-SIN-FONDO-e1732295305345.png","width":1164,"height":558,"caption":"Distribuci\u00f3n ARC"},"image":{"@id":"https:\/\/distribucionarc.com\/de\/#\/schema\/logo\/image\/"},"description":"Azienda specializzata nella produzione e distribuzione di macchinari industriali per il settore alimentare e farmaceutico. Siamo specializzati in: Macchine per il taglio della carne Produzione di compresse Sistemi di trasporto industriale Linee di imbottigliamento Dispenser E molto altro ancora... Offriamo soluzioni innovative e personalizzate per ottimizzare i processi produttivi della vostra azienda.","email":"Admistracion@distribucionarc.com","telephone":"+34 643496664","legalName":"ARC TECH SOLUTIONS","foundingDate":"2024-04-09","vatID":"B55480172","numberOfEmployees":{"@type":"QuantitativeValue","minValue":"1","maxValue":"10"}}]}},"_links":{"self":[{"href":"https:\/\/distribucionarc.com\/it\/wp-json\/wp\/v2\/product\/1829","targetHints":{"allow":["GET"]}}],"collection":[{"href":"https:\/\/distribucionarc.com\/it\/wp-json\/wp\/v2\/product"}],"about":[{"href":"https:\/\/distribucionarc.com\/it\/wp-json\/wp\/v2\/types\/product"}],"replies":[{"embeddable":true,"href":"https:\/\/distribucionarc.com\/it\/wp-json\/wp\/v2\/comments?post=1829"}],"version-history":[{"count":0,"href":"https:\/\/distribucionarc.com\/it\/wp-json\/wp\/v2\/product\/1829\/revisions"}],"wp:featuredmedia":[{"embeddable":true,"href":"https:\/\/distribucionarc.com\/it\/wp-json\/wp\/v2\/media\/1836"}],"wp:attachment":[{"href":"https:\/\/distribucionarc.com\/it\/wp-json\/wp\/v2\/media?parent=1829"}],"wp:term":[{"taxonomy":"product_brand","embeddable":true,"href":"https:\/\/distribucionarc.com\/it\/wp-json\/wp\/v2\/product_brand?post=1829"},{"taxonomy":"product_cat","embeddable":true,"href":"https:\/\/distribucionarc.com\/it\/wp-json\/wp\/v2\/product_cat?post=1829"},{"taxonomy":"product_tag","embeddable":true,"href":"https:\/\/distribucionarc.com\/it\/wp-json\/wp\/v2\/product_tag?post=1829"}],"curies":[{"name":"wp","href":"https:\/\/api.w.org\/{rel}","templated":true}]}}