{"id":2022,"date":"2020-08-05T16:52:52","date_gmt":"2020-08-05T16:52:52","guid":{"rendered":"https:\/\/distribucionarc.com\/?post_type=product&#038;p=2022"},"modified":"2023-01-05T23:59:19","modified_gmt":"2023-01-05T23:59:19","slug":"macchina-per-gelato-arrotolato","status":"publish","type":"product","link":"https:\/\/distribucionarc.com\/it\/producto\/maquina-para-helados-enrollados\/","title":{"rendered":"Macchina per il gelato arrotolato"},"content":{"rendered":"<h3>Macchina per il gelato arrotolato a piastra fredda<\/h3>\n<p>IL<strong> macchina per il gelato <span style=\"color: #ff0000;\">A<\/span><span style=\"color: #0000ff;\">R<\/span>C<\/strong> Adotta materiale in acciaio inossidabile ad alta resistenza. Tutte le parti a contatto con il cibo sono realizzate in acciaio inossidabile alimentare 304. Elegante, igienico, resistente e facile da pulire.<\/p>\n<p>L&#039;intero piatto <strong>ferro da gelato <span style=\"color: #ff0000;\">A<\/span><span style=\"color: #0000ff;\">R<\/span>CPFM6<\/strong> \u00c8 perfettamente funzionante, senza un angolo morto. I tubi di rame di raffreddamento integrati e distribuiti uniformemente migliorano notevolmente l&#039;efficienza di raffreddamento e possono produrre ghiaccio in soli 58 secondi. Il compressore di marca ha una forte funzione di raffreddamento, un elevato effetto di raffreddamento, bassa rumorosit\u00e0 e risparmio energetico.<\/p>\n<p><strong>\u00a0<\/strong><\/p>\n<p>IL <strong>Rolls piastra fredda<\/strong> Dispone di 6 cilindri per ingredienti lucidati a specchio, anch&#039;essi realizzati in acciaio inossidabile. Resistente all&#039;usura, inodore e facile da pulire.<\/p>\n<p>Ha due metodi di scongelamento. Puoi sbrinare la macchina semplicemente premendo un pulsante o il pedale, inoltre facilita lo sbrinamento quando hai le mani occupate.<\/p>\n<h6><strong>Garanzia\u00a0<span style=\"color: #ff0000;\">A<\/span><span style=\"color: #0000ff;\">R<\/span>C 2 ANNI<\/strong><\/h6>\n<h6><span style=\"color: #008000;\">Macchina per fare il gelato efficiente, a basso consumo 740w<\/span><\/h6>\n<p><strong>supporto tecnico incluso<\/strong><\/p>\n<table role=\"presentation\" width=\"100%\" cellspacing=\"0\" cellpadding=\"0\">\n<tbody>\n<tr>\n<td class=\"attrLabels\">Refrigerante:<\/td>\n<td width=\"50.0%\">R410a<\/td>\n<\/tr>\n<tr>\n<td class=\"attrLabels\">Paese di distribuzione:<\/td>\n<td width=\"50.0%\">Spagna, Germania, Stati Uniti<\/td>\n<td class=\"attrLabels\">Peso:<\/td>\n<td width=\"50.0%\">57 kg<\/td>\n<\/tr>\n<tr>\n<td class=\"attrLabels\">Marca:<\/td>\n<td width=\"50.0%\">ARCO<\/td>\n<td class=\"attrLabels\">Altezza:<\/td>\n<td width=\"50.0%\">81 cm<\/td>\n<\/tr>\n<tr>\n<td class=\"attrLabels\">Colore:<\/td>\n<td width=\"50.0%\">Argento<\/td>\n<td class=\"attrLabels\">Lungo:<\/td>\n<td width=\"50.0%\">91 cm<\/td>\n<\/tr>\n<tr>\n<td class=\"attrLabels\">Tipo di prodotto:<\/td>\n<td width=\"50.0%\">macchina per fare il gelato<\/td>\n<td class=\"attrLabels\">Ampio:<\/td>\n<td width=\"50.0%\">\u00a063 cm<\/td>\n<\/tr>\n<tr>\n<td class=\"attrLabels\">Numero del produttore:<\/td>\n<td width=\"50.0%\">ARCPFM6<\/td>\n<td class=\"attrLabels\">Energia:<\/td>\n<td width=\"50.0%\">740 W<\/td>\n<\/tr>\n<tr>\n<td class=\"attrLabels\">Materiale:<\/td>\n<td width=\"50.0%\">acciaio inossidabile<\/td>\n<td class=\"attrLabels\">tensione di ingresso<\/td>\n<td width=\"50.0%\">220 V \u2013 60 Hz<\/td>\n<\/tr>\n<tr>\n<td class=\"attrLabels\">Diametro piatto:<\/td>\n<td width=\"50.0%\">\u00a040 cm<\/td>\n<td class=\"attrLabels\">Capacit\u00e0:<\/td>\n<td width=\"50.0%\">6 pentole<\/td>\n<\/tr>\n<tr>\n<td class=\"attrLabels\">Strumenti di installazione:<\/td>\n<td width=\"50.0%\">S\u00ec<\/td>\n<td class=\"attrLabels\">Garanzia:<\/td>\n<td width=\"50.0%\">2 ANNI<\/td>\n<\/tr>\n<\/tbody>\n<\/table>","protected":false},"excerpt":{"rendered":"<h2>Macchina per il gelato arrotolato a piastra fredda<\/h2>\n<p>Con il <strong>ferro freddo<\/strong> per <strong>rotoli di gelato<\/strong> Di <strong><span style=\"color: #ff0000;\">A<\/span><span style=\"color: #0000ff;\">R<\/span>C<\/strong> Dar\u00e0 un tocco unico al tuo locale, con questo modo innovativo di servire il gelato.<br \/>\nQuesto <strong>macchina per il gelato arrotolato<\/strong> \u00c8 costruito con materiale in acciaio inossidabile, robusto e durevole. Viene fornito con sei cilindri per ingredienti di grande capacit\u00e0 per contenere vari ingredienti per sapori pi\u00f9 ricchi. Ampiamente usato in bar, caffetterie, gelaterie, ristoranti in stile occidentale, hotel, panetterie<\/p>\n<h6><strong>Garanzia\u00a0<span style=\"color: #ff0000;\">A<\/span><span style=\"color: #0000ff;\">R<\/span>C 2 ANNI<\/strong><\/h6>\n<h6><span style=\"color: #008000;\">Macchina per fare il gelato efficiente, a basso consumo 740w<\/span><\/h6>\n<p><strong>supporto tecnico incluso<\/strong><\/p>","protected":false},"featured_media":2028,"comment_status":"open","ping_status":"closed","template":"","meta":{"wds_primary_product_brand":0,"wds_primary_product_cat":0},"product_brand":[],"product_cat":[56,58],"product_tag":[],"class_list":{"0":"post-2022","1":"product","2":"type-product","3":"status-publish","4":"has-post-thumbnail","6":"product_cat-maquinaria-para-ferias","7":"product_cat-maquinaria-para-heladerias-profesionales","8":"product_shipping_class-express","10":"first","11":"instock","12":"taxable","13":"shipping-taxable","14":"purchasable","15":"product-type-simple"},"yoast_head":"<!-- This site is optimized with the Yoast SEO Premium plugin v24.9 (Yoast SEO v26.1) - https:\/\/yoast.com\/wordpress\/plugins\/seo\/ -->\n<title>Maquina para helados enrollados - distribuci\u00f3n ARC<\/title>\n<meta name=\"robots\" content=\"index, follow, max-snippet:-1, max-image-preview:large, max-video-preview:-1\" \/>\n<link rel=\"canonical\" href=\"https:\/\/www.distribucionarc.com\/hr\/producto\/maquina-para-helados-enrollados\/\" \/>\n<meta property=\"og:locale\" content=\"it_IT\" \/>\n<meta property=\"og:type\" content=\"article\" \/>\n<meta property=\"og:title\" content=\"Maquina para helados enrollados\" \/>\n<meta property=\"og:description\" content=\"Maquina para helados enrollados plancha fr\u00eda Con la plancha fr\u00eda para Rolls de helado de ARC le dar\u00e1 un toque \u00fanico a su establecimiento, con esta innovadora forma de servir el helado. Esta m\u00e1quina de helados enrollados est\u00e1 construida con material de acero inoxidable, robusto y duradero. Viene con seis cilindros de ingredientes de gran capacidad para contener varios ingredientes para obtener sabores m\u00e1s ricos. Se utiliza ampliamente en bares, caf\u00e9s, helader\u00edas, restaurantes de estilo occidental, hoteles, panader\u00edas Garant\u00eda\u00a0ARC 2 A\u00d1OS Maquina para hacer helados eficiente, bajo consumo 740w soporte t\u00e9cnico incluido\" \/>\n<meta property=\"og:url\" content=\"https:\/\/www.distribucionarc.com\/hr\/producto\/maquina-para-helados-enrollados\/\" \/>\n<meta property=\"og:site_name\" content=\"distribuci\u00f3n ARC\" \/>\n<meta property=\"article:modified_time\" content=\"2023-01-05T23:59:19+00:00\" \/>\n<meta property=\"og:image\" content=\"https:\/\/distribucionarc.com\/wp-content\/uploads\/2020\/08\/M\u00e1quina-para-helados-enrollados-0.jpg\" \/>\n\t<meta property=\"og:image:width\" content=\"1600\" \/>\n\t<meta property=\"og:image:height\" content=\"1600\" \/>\n\t<meta property=\"og:image:type\" content=\"image\/jpeg\" \/>\n<meta name=\"twitter:card\" content=\"summary_large_image\" \/>\n<meta name=\"twitter:label1\" content=\"Tempo di lettura stimato\" \/>\n\t<meta name=\"twitter:data1\" content=\"1 minuto\" \/>\n<script type=\"application\/ld+json\" class=\"yoast-schema-graph\">{\"@context\":\"https:\/\/schema.org\",\"@graph\":[{\"@type\":\"WebPage\",\"@id\":\"https:\/\/www.distribucionarc.com\/hr\/producto\/maquina-para-helados-enrollados\/\",\"url\":\"https:\/\/www.distribucionarc.com\/hr\/producto\/maquina-para-helados-enrollados\/\",\"name\":\"Maquina para helados enrollados - distribuci\u00f3n ARC\",\"isPartOf\":{\"@id\":\"https:\/\/distribucionarc.com\/ro\/#website\"},\"primaryImageOfPage\":{\"@id\":\"https:\/\/www.distribucionarc.com\/hr\/producto\/maquina-para-helados-enrollados\/#primaryimage\"},\"image\":{\"@id\":\"https:\/\/www.distribucionarc.com\/hr\/producto\/maquina-para-helados-enrollados\/#primaryimage\"},\"thumbnailUrl\":\"https:\/\/distribucionarc.com\/wp-content\/uploads\/2020\/08\/M\u00e1quina-para-helados-enrollados-0.jpg\",\"datePublished\":\"2020-08-05T16:52:52+00:00\",\"dateModified\":\"2023-01-05T23:59:19+00:00\",\"breadcrumb\":{\"@id\":\"https:\/\/www.distribucionarc.com\/hr\/producto\/maquina-para-helados-enrollados\/#breadcrumb\"},\"inLanguage\":\"it-IT\",\"potentialAction\":[{\"@type\":\"ReadAction\",\"target\":[\"https:\/\/www.distribucionarc.com\/hr\/producto\/maquina-para-helados-enrollados\/\"]}]},{\"@type\":\"ImageObject\",\"inLanguage\":\"it-IT\",\"@id\":\"https:\/\/www.distribucionarc.com\/hr\/producto\/maquina-para-helados-enrollados\/#primaryimage\",\"url\":\"https:\/\/distribucionarc.com\/wp-content\/uploads\/2020\/08\/M\u00e1quina-para-helados-enrollados-0.jpg\",\"contentUrl\":\"https:\/\/distribucionarc.com\/wp-content\/uploads\/2020\/08\/M\u00e1quina-para-helados-enrollados-0.jpg\",\"width\":1600,\"height\":1600,\"caption\":\"M\u00e1quina para helados enrollados\"},{\"@type\":\"BreadcrumbList\",\"@id\":\"https:\/\/www.distribucionarc.com\/hr\/producto\/maquina-para-helados-enrollados\/#breadcrumb\",\"itemListElement\":[{\"@type\":\"ListItem\",\"position\":1,\"name\":\"Portada\",\"item\":\"https:\/\/distribucionarc.com\/ar\/\"},{\"@type\":\"ListItem\",\"position\":2,\"name\":\"Proizvodi\",\"item\":\"https:\/\/www.distribucionarc.com\/hr\/ducan\/\"},{\"@type\":\"ListItem\",\"position\":3,\"name\":\"Maquina para helados enrollados\"}]},{\"@type\":\"WebSite\",\"@id\":\"https:\/\/distribucionarc.com\/ro\/#website\",\"url\":\"https:\/\/distribucionarc.com\/ro\/\",\"name\":\"distribuci\u00f3n ARC\",\"description\":\"Empresa especializada en la fabricaci\u00f3n y distribuci\u00f3n de maquinaria industrial, selladoras de latas, Maquinas de hacer pastillas, Maquinas de cortar carne...\",\"publisher\":{\"@id\":\"https:\/\/distribucionarc.com\/ro\/#organization\"},\"potentialAction\":[{\"@type\":\"SearchAction\",\"target\":{\"@type\":\"EntryPoint\",\"urlTemplate\":\"https:\/\/distribucionarc.com\/ro\/?s={search_term_string}\"},\"query-input\":{\"@type\":\"PropertyValueSpecification\",\"valueRequired\":true,\"valueName\":\"search_term_string\"}}],\"inLanguage\":\"it-IT\"},{\"@type\":\"Organization\",\"@id\":\"https:\/\/distribucionarc.com\/ro\/#organization\",\"name\":\"Distribuci\u00f3n ARC\",\"url\":\"https:\/\/distribucionarc.com\/ro\/\",\"logo\":{\"@type\":\"ImageObject\",\"inLanguage\":\"it-IT\",\"@id\":\"https:\/\/distribucionarc.com\/ro\/#\/schema\/logo\/image\/\",\"url\":\"https:\/\/distribucionarc.com\/wp-content\/uploads\/2024\/10\/distribucion-ARC-COLOR-SIN-FONDO-e1732295305345.png\",\"contentUrl\":\"https:\/\/distribucionarc.com\/wp-content\/uploads\/2024\/10\/distribucion-ARC-COLOR-SIN-FONDO-e1732295305345.png\",\"width\":1164,\"height\":558,\"caption\":\"Distribuci\u00f3n ARC\"},\"image\":{\"@id\":\"https:\/\/distribucionarc.com\/ro\/#\/schema\/logo\/image\/\"},\"description\":\"Empresa especializada en la fabricaci\u00f3n y distribuci\u00f3n de maquinaria industrial para los sectores alimentario y farmac\u00e9utico. Nos especializamos en: M\u00e1quinas de cortar carne Fabricaci\u00f3n de comprimidos Sistemas de transporte industrial L\u00edneas de embotellado Dosificadores Y mucho m\u00e1s... Ofrecemos soluciones innovadoras y personalizadas para optimizar los procesos productivos de tu empresa.\",\"email\":\"Admistracion@distribucionarc.com\",\"telephone\":\"+34 643496664\",\"legalName\":\"ARC TECH SOLUTIONS\",\"foundingDate\":\"2024-04-09\",\"vatID\":\"B55480172\",\"numberOfEmployees\":{\"@type\":\"QuantitativeValue\",\"minValue\":\"1\",\"maxValue\":\"10\"}}]}<\/script>\n<!-- \/ Yoast SEO Premium plugin. -->","yoast_head_json":{"title":"Macchina per gelato arrotolato - distribuzione ARC","robots":{"index":"index","follow":"follow","max-snippet":"max-snippet:-1","max-image-preview":"max-image-preview:large","max-video-preview":"max-video-preview:-1"},"canonical":"https:\/\/www.distribucionarc.com\/hr\/producto\/maquina-para-helados-enrollados\/","og_locale":"it_IT","og_type":"article","og_title":"Maquina para helados enrollados","og_description":"Maquina para helados enrollados plancha fr\u00eda Con la plancha fr\u00eda para Rolls de helado de ARC le dar\u00e1 un toque \u00fanico a su establecimiento, con esta innovadora forma de servir el helado. Esta m\u00e1quina de helados enrollados est\u00e1 construida con material de acero inoxidable, robusto y duradero. Viene con seis cilindros de ingredientes de gran capacidad para contener varios ingredientes para obtener sabores m\u00e1s ricos. Se utiliza ampliamente en bares, caf\u00e9s, helader\u00edas, restaurantes de estilo occidental, hoteles, panader\u00edas Garant\u00eda\u00a0ARC 2 A\u00d1OS Maquina para hacer helados eficiente, bajo consumo 740w soporte t\u00e9cnico incluido","og_url":"https:\/\/www.distribucionarc.com\/hr\/producto\/maquina-para-helados-enrollados\/","og_site_name":"distribuci\u00f3n ARC","article_modified_time":"2023-01-05T23:59:19+00:00","og_image":[{"width":1600,"height":1600,"url":"https:\/\/distribucionarc.com\/wp-content\/uploads\/2020\/08\/M\u00e1quina-para-helados-enrollados-0.jpg","type":"image\/jpeg"}],"twitter_card":"summary_large_image","twitter_misc":{"Tempo di lettura stimato":"1 minuto"},"schema":{"@context":"https:\/\/schema.org","@graph":[{"@type":"WebPage","@id":"https:\/\/www.distribucionarc.com\/hr\/producto\/maquina-para-helados-enrollados\/","url":"https:\/\/www.distribucionarc.com\/hr\/producto\/maquina-para-helados-enrollados\/","name":"Macchina per gelato arrotolato - distribuzione ARC","isPartOf":{"@id":"https:\/\/distribucionarc.com\/ro\/#website"},"primaryImageOfPage":{"@id":"https:\/\/www.distribucionarc.com\/hr\/producto\/maquina-para-helados-enrollados\/#primaryimage"},"image":{"@id":"https:\/\/www.distribucionarc.com\/hr\/producto\/maquina-para-helados-enrollados\/#primaryimage"},"thumbnailUrl":"https:\/\/distribucionarc.com\/wp-content\/uploads\/2020\/08\/M\u00e1quina-para-helados-enrollados-0.jpg","datePublished":"2020-08-05T16:52:52+00:00","dateModified":"2023-01-05T23:59:19+00:00","breadcrumb":{"@id":"https:\/\/www.distribucionarc.com\/hr\/producto\/maquina-para-helados-enrollados\/#breadcrumb"},"inLanguage":"it-IT","potentialAction":[{"@type":"ReadAction","target":["https:\/\/www.distribucionarc.com\/hr\/producto\/maquina-para-helados-enrollados\/"]}]},{"@type":"ImageObject","inLanguage":"it-IT","@id":"https:\/\/www.distribucionarc.com\/hr\/producto\/maquina-para-helados-enrollados\/#primaryimage","url":"https:\/\/distribucionarc.com\/wp-content\/uploads\/2020\/08\/M\u00e1quina-para-helados-enrollados-0.jpg","contentUrl":"https:\/\/distribucionarc.com\/wp-content\/uploads\/2020\/08\/M\u00e1quina-para-helados-enrollados-0.jpg","width":1600,"height":1600,"caption":"M\u00e1quina para helados enrollados"},{"@type":"BreadcrumbList","@id":"https:\/\/www.distribucionarc.com\/hr\/producto\/maquina-para-helados-enrollados\/#breadcrumb","itemListElement":[{"@type":"ListItem","position":1,"name":"Portada","item":"https:\/\/distribucionarc.com\/ar\/"},{"@type":"ListItem","position":2,"name":"Proizvodi","item":"https:\/\/www.distribucionarc.com\/hr\/ducan\/"},{"@type":"ListItem","position":3,"name":"Maquina para helados enrollados"}]},{"@type":"WebSite","@id":"https:\/\/distribucionarc.com\/ro\/#website","url":"https:\/\/distribucionarc.com\/ro\/","name":"Distribuzione dell&#039;ARCO","description":"Azienda specializzata nella produzione e distribuzione di macchinari industriali, macchine sigillatrici di lattine, macchine per la produzione di compresse, macchine per il taglio della carne...","publisher":{"@id":"https:\/\/distribucionarc.com\/ro\/#organization"},"potentialAction":[{"@type":"SearchAction","target":{"@type":"EntryPoint","urlTemplate":"https:\/\/distribucionarc.com\/ro\/?s={search_term_string}"},"query-input":{"@type":"PropertyValueSpecification","valueRequired":true,"valueName":"search_term_string"}}],"inLanguage":"it-IT"},{"@type":"Organization","@id":"https:\/\/distribucionarc.com\/ro\/#organization","name":"Distribuzione dell&#039;ARC","url":"https:\/\/distribucionarc.com\/ro\/","logo":{"@type":"ImageObject","inLanguage":"it-IT","@id":"https:\/\/distribucionarc.com\/ro\/#\/schema\/logo\/image\/","url":"https:\/\/distribucionarc.com\/wp-content\/uploads\/2024\/10\/distribucion-ARC-COLOR-SIN-FONDO-e1732295305345.png","contentUrl":"https:\/\/distribucionarc.com\/wp-content\/uploads\/2024\/10\/distribucion-ARC-COLOR-SIN-FONDO-e1732295305345.png","width":1164,"height":558,"caption":"Distribuci\u00f3n ARC"},"image":{"@id":"https:\/\/distribucionarc.com\/ro\/#\/schema\/logo\/image\/"},"description":"Azienda specializzata nella produzione e distribuzione di macchinari industriali per il settore alimentare e farmaceutico. Siamo specializzati in: Macchine per il taglio della carne Produzione di compresse Sistemi di trasporto industriale Linee di imbottigliamento Dispenser E molto altro ancora... Offriamo soluzioni innovative e personalizzate per ottimizzare i processi produttivi della vostra azienda.","email":"Admistracion@distribucionarc.com","telephone":"+34 643496664","legalName":"ARC TECH SOLUTIONS","foundingDate":"2024-04-09","vatID":"B55480172","numberOfEmployees":{"@type":"QuantitativeValue","minValue":"1","maxValue":"10"}}]}},"_links":{"self":[{"href":"https:\/\/distribucionarc.com\/it\/wp-json\/wp\/v2\/product\/2022","targetHints":{"allow":["GET"]}}],"collection":[{"href":"https:\/\/distribucionarc.com\/it\/wp-json\/wp\/v2\/product"}],"about":[{"href":"https:\/\/distribucionarc.com\/it\/wp-json\/wp\/v2\/types\/product"}],"replies":[{"embeddable":true,"href":"https:\/\/distribucionarc.com\/it\/wp-json\/wp\/v2\/comments?post=2022"}],"version-history":[{"count":0,"href":"https:\/\/distribucionarc.com\/it\/wp-json\/wp\/v2\/product\/2022\/revisions"}],"wp:featuredmedia":[{"embeddable":true,"href":"https:\/\/distribucionarc.com\/it\/wp-json\/wp\/v2\/media\/2028"}],"wp:attachment":[{"href":"https:\/\/distribucionarc.com\/it\/wp-json\/wp\/v2\/media?parent=2022"}],"wp:term":[{"taxonomy":"product_brand","embeddable":true,"href":"https:\/\/distribucionarc.com\/it\/wp-json\/wp\/v2\/product_brand?post=2022"},{"taxonomy":"product_cat","embeddable":true,"href":"https:\/\/distribucionarc.com\/it\/wp-json\/wp\/v2\/product_cat?post=2022"},{"taxonomy":"product_tag","embeddable":true,"href":"https:\/\/distribucionarc.com\/it\/wp-json\/wp\/v2\/product_tag?post=2022"}],"curies":[{"name":"wp","href":"https:\/\/api.w.org\/{rel}","templated":true}]}}