{"id":2186,"date":"2020-08-11T15:21:24","date_gmt":"2020-08-11T15:21:24","guid":{"rendered":"https:\/\/distribucionarc.com\/?post_type=product&#038;p=2186"},"modified":"2020-09-30T10:02:02","modified_gmt":"2020-09-30T10:02:02","slug":"pressa-acqua-idropressa-per-vino-frutta-miele-40l","status":"publish","type":"product","link":"https:\/\/distribucionarc.com\/it\/producto\/prensa-de-agua-hidroprensa-para-vino-frutas-miel-40l\/","title":{"rendered":"Pressa ad acqua, idropressa per vino, frutta, miele 40L"},"content":{"rendered":"<h2>Pressa ad acqua, idropressa per vino, frutta, miele 40L<\/h2>\n<p>Il modo pi\u00f9 veloce per lavorare il succo fresco che conserva tutte le sue propriet\u00e0. Basta aggiungere la purea di frutta al<strong>\u00a0pressa ad acqua\u00a0<span style=\"color: #ff0000;\">A<\/span><span style=\"color: #0000ff;\">R<\/span>C<\/strong>, aprire il rubinetto e osservare come la pressione dell&#039;acqua del rubinetto in entrata preme il materiale macinato dall&#039;interno verso l&#039;esterno contro il supporto del cestello.<\/p>\n<p>Un&#039;unit\u00e0 ingegnosamente semplice<strong>\u00a0<span style=\"color: #008000;\">risparmiare energia<\/span><\/strong>: Collegare il tubo al tubo dell&#039;acqua e aprire il rubinetto. L&#039;acqua del rubinetto espande la membrana di gomma incorporata verso l&#039;esterno e preme la griglia contro la griglia del cestello. La forza di pressione e il tempo possono essere regolati aprendo o chiudendo il rubinetto.<\/p>\n<p>Lui\u00a0<strong>pressatura veloce<\/strong>\u00a0e il\u00a0<strong>percorsi di flusso brevi<\/strong>\u00a0proteggere le vitamine; Il succo manterr\u00e0 un aroma meravigliosamente fresco. Grazie all&#039;elevata pressione di 3 bar esercitata dal\u00a0<strong>spremiagrumi\u00a0<span style=\"color: #ff0000;\">A<\/span><span style=\"color: #0000ff;\">R<\/span>CPHA40<\/strong>\u00a0ottieni un\u00a0<strong>resa in succo<\/strong>\u00a0eccezionalmente\u00a0<strong>alto<\/strong>, anche se il cestello pressa \u00e8 parzialmente pieno.<\/p>\n<h6><\/h6>\n<h6><strong>Garanzia\u00a0<\/strong><span style=\"color: #ff0000;\"><strong>A<\/strong><\/span><span style=\"color: #0000ff;\"><strong>R<\/strong><\/span><strong>C 2 ANNI<\/strong><\/h6>\n<h6><span style=\"color: #0000ff;\">Pressa senza elettricit\u00e0, pressione dell&#039;acqua (3 bar)<\/span><\/h6>\n<h6><strong>supporto tecnico incluso<\/strong><\/h6>\n<p>&nbsp;<\/p>\n<table width=\"100%\">\n<tbody>\n<tr>\n<td>Tipo:<\/td>\n<td width=\"50%\">Idropressa<\/td>\n<td colspan=\"2\" width=\"327\"><\/td>\n<\/tr>\n<tr>\n<td>Paese di distribuzione:<\/td>\n<td width=\"50%\">Spagna, Germania, Stati Uniti<\/td>\n<td>Peso:<\/td>\n<td width=\"50%\">18kg<\/td>\n<\/tr>\n<tr>\n<td>Marca:<\/td>\n<td width=\"50%\">ARCO<\/td>\n<td>Altezza:<\/td>\n<td width=\"50%\">90 cm<\/td>\n<\/tr>\n<tr>\n<td>Colore:<\/td>\n<td width=\"50%\">Argento<\/td>\n<td>Lungo:<\/td>\n<td width=\"50%\">60 centimetri<\/td>\n<\/tr>\n<tr>\n<td>Tipo di prodotto:<\/td>\n<td width=\"50%\">spremifrutta, torchio per il vino<\/td>\n<td>Ampio:<\/td>\n<td width=\"50%\">60 centimetri<\/td>\n<\/tr>\n<tr>\n<td>Numero del produttore:<\/td>\n<td width=\"50%\">ARCPHA40<\/td>\n<td>Capacit\u00e0:<\/td>\n<td width=\"50%\">40 litri<\/td>\n<\/tr>\n<tr>\n<td>Materiale:<\/td>\n<td width=\"50%\">\u00a0acciaio inossidabile per uso alimentare, membrana in gomma per uso alimentare<\/td>\n<td>Dimensioni del cestino:<\/td>\n<td width=\"50%\">48x41 cm<\/td>\n<\/tr>\n<tr>\n<td>Dimensioni della canna:<\/td>\n<td width=\"50%\">Diametro 41 cm<\/td>\n<td>Attrezzatura:<\/td>\n<td width=\"50%\">Panno per la stampa incluso<\/td>\n<\/tr>\n<tr>\n<td>Altezza della canna:<\/td>\n<td width=\"50%\">48 centimetri<\/td>\n<td>Garanzia:<\/td>\n<td width=\"50%\">2 ANNI<\/td>\n<\/tr>\n<\/tbody>\n<\/table>","protected":false},"excerpt":{"rendered":"<h2>Pressa ad acqua, idropressa per vino, frutta, miele 40L<\/h2>\n<p>IL<strong>\u00a0frantoi idraulici\u00a0<span style=\"color: #ff0000;\">A<\/span><span style=\"color: #0000ff;\">R<\/span>C<\/strong>\u00a0Sono la soluzione migliore per la produzione di succhi, la lavorazione di favi, mosti, vino, sidro, ecc.<span style=\"color: #008000;\">\u00a0<\/span><strong><span style=\"color: #008000;\">Senza<\/span>\u00a0<\/strong>IL<strong>\u00a0<span style=\"color: #008000;\">bisogno di energia elettrica<\/span><\/strong><span style=\"color: #008000;\">\u00a0<\/span>e senza sforzo fisico<\/p>\n<p>Grazie al\u00a0<strong>presse idrauliche\u00a0<span style=\"color: #ff0000;\">A<\/span><span style=\"color: #0000ff;\">R<\/span>C<\/strong>\u00a0il pressante sar\u00e0<strong>\u00a0veloce<\/strong>\u00a0e con\u00a0<strong>percorsi di flusso brevi\u00a0<\/strong>aiutando a proteggere le vitamine; Otterrai un prodotto dal profumo meravigliosamente fresco. Grazie all&#039;alta pressione, a\u00a0<strong>prestazione\u00a0<\/strong>di succo eccezionalmente\u00a0<strong>alto<\/strong><\/p>\n<h6><strong>Garanzia<span style=\"color: #ff0000;\">\u00a0<\/span><\/strong><span style=\"color: #ff0000;\"><strong>A<\/strong><\/span><span style=\"color: #0000ff;\"><strong>R<\/strong><\/span><strong>C 2 ANNI<\/strong><\/h6>\n<h6><span style=\"color: #0000ff;\">Pressa senza elettricit\u00e0, pressione dell&#039;acqua (3 bar)<\/span><\/h6>\n<h6><strong>supporto tecnico incluso<\/strong><\/h6>","protected":false},"featured_media":2187,"comment_status":"open","ping_status":"closed","template":"","meta":{"wds_primary_product_brand":0,"wds_primary_product_cat":0},"product_brand":[],"product_cat":[30,65,67],"product_tag":[],"class_list":{"0":"post-2186","1":"product","2":"type-product","3":"status-publish","4":"has-post-thumbnail","6":"product_cat-maquinaria-apicola","7":"product_cat-maquinaria-industrial-para-procesar-fruta-verdura-panales","8":"product_cat-prensas-de-frutas-trituradoras","9":"product_shipping_class-hosteleria","11":"first","12":"instock","13":"sale","14":"taxable","15":"shipping-taxable","16":"purchasable","17":"product-type-simple"},"yoast_head":"<!-- This site is optimized with the Yoast SEO Premium plugin v24.9 (Yoast SEO v26.1) - https:\/\/yoast.com\/wordpress\/plugins\/seo\/ -->\n<title>Prensa de agua, Hidroprensa para vino, frutas, miel 40L - distribuci\u00f3n ARC<\/title>\n<meta name=\"robots\" content=\"index, follow, max-snippet:-1, max-image-preview:large, max-video-preview:-1\" \/>\n<link rel=\"canonical\" href=\"https:\/\/www.distribucionarc.com\/lt\/producto\/prensa-de-agua-hidroprensa-para-vino-frutas-miel-40l\/\" \/>\n<meta property=\"og:locale\" content=\"it_IT\" \/>\n<meta property=\"og:type\" content=\"article\" \/>\n<meta property=\"og:title\" content=\"Prensa de agua, Hidroprensa para vino, frutas, miel 40L\" \/>\n<meta property=\"og:description\" content=\"Prensa de agua, Hidroprensa para vino, frutas, miel 40L Las\u00a0trituradoras hidr\u00e1ulicas\u00a0ARC\u00a0son la mejor soluci\u00f3n para realizar zumos, procesar panales de miel, mostos, vino, sidra, etc.\u00a0Sin\u00a0la\u00a0necesidad de energ\u00eda el\u00e9ctrica\u00a0y sin esfuerzo f\u00edsico  Gracias a las\u00a0Prensas hidr\u00e1ulicas\u00a0ARC\u00a0el\u00a0prensado ser\u00e1\u00a0r\u00e1pido\u00a0y con\u00a0recorridos cortos de flujo\u00a0ayudando a\u00a0proteger las vitaminas;\u00a0obtendr\u00e1 un producto con un aroma maravillosamente fresco.\u00a0Gracias a la alta presi\u00f3n se obtiene un\u00a0rendimiento\u00a0de zumo\u00a0excepcionalmente\u00a0alto Garant\u00eda\u00a0ARC 2 A\u00d1OS Prensa sin electricidad,\u00a0 presi\u00f3n de agua\u00a0(3 bar) soporte t\u00e9cnico\u00a0incluido\" \/>\n<meta property=\"og:url\" content=\"https:\/\/www.distribucionarc.com\/lt\/producto\/prensa-de-agua-hidroprensa-para-vino-frutas-miel-40l\/\" \/>\n<meta property=\"og:site_name\" content=\"distribuci\u00f3n ARC\" \/>\n<meta property=\"article:modified_time\" content=\"2020-09-30T10:02:02+00:00\" \/>\n<meta property=\"og:image\" content=\"https:\/\/www.distribucionarc.com\/wp-content\/uploads\/2020\/08\/Prensa-de-agua-Hidro-prensa-para-frutas-verduras-miel-40L-0.jpg\" \/>\n\t<meta property=\"og:image:width\" content=\"1000\" \/>\n\t<meta property=\"og:image:height\" content=\"1000\" \/>\n\t<meta property=\"og:image:type\" content=\"image\/jpeg\" \/>\n<meta name=\"twitter:card\" content=\"summary_large_image\" \/>\n<meta name=\"twitter:label1\" content=\"Tempo di lettura stimato\" \/>\n\t<meta name=\"twitter:data1\" content=\"1 minuto\" \/>\n<script type=\"application\/ld+json\" class=\"yoast-schema-graph\">{\"@context\":\"https:\/\/schema.org\",\"@graph\":[{\"@type\":\"WebPage\",\"@id\":\"https:\/\/www.distribucionarc.com\/lt\/producto\/prensa-de-agua-hidroprensa-para-vino-frutas-miel-40l\/\",\"url\":\"https:\/\/www.distribucionarc.com\/lt\/producto\/prensa-de-agua-hidroprensa-para-vino-frutas-miel-40l\/\",\"name\":\"Prensa de agua, Hidroprensa para vino, frutas, miel 40L - distribuci\u00f3n ARC\",\"isPartOf\":{\"@id\":\"https:\/\/distribucionarc.com\/de\/#website\"},\"primaryImageOfPage\":{\"@id\":\"https:\/\/www.distribucionarc.com\/lt\/producto\/prensa-de-agua-hidroprensa-para-vino-frutas-miel-40l\/#primaryimage\"},\"image\":{\"@id\":\"https:\/\/www.distribucionarc.com\/lt\/producto\/prensa-de-agua-hidroprensa-para-vino-frutas-miel-40l\/#primaryimage\"},\"thumbnailUrl\":\"https:\/\/distribucionarc.com\/wp-content\/uploads\/2020\/08\/Prensa-de-agua-Hidro-prensa-para-frutas-verduras-miel-40L-0.jpg\",\"datePublished\":\"2020-08-11T15:21:24+00:00\",\"dateModified\":\"2020-09-30T10:02:02+00:00\",\"breadcrumb\":{\"@id\":\"https:\/\/www.distribucionarc.com\/lt\/producto\/prensa-de-agua-hidroprensa-para-vino-frutas-miel-40l\/#breadcrumb\"},\"inLanguage\":\"it-IT\",\"potentialAction\":[{\"@type\":\"ReadAction\",\"target\":[\"https:\/\/www.distribucionarc.com\/lt\/producto\/prensa-de-agua-hidroprensa-para-vino-frutas-miel-40l\/\"]}]},{\"@type\":\"ImageObject\",\"inLanguage\":\"it-IT\",\"@id\":\"https:\/\/www.distribucionarc.com\/lt\/producto\/prensa-de-agua-hidroprensa-para-vino-frutas-miel-40l\/#primaryimage\",\"url\":\"https:\/\/distribucionarc.com\/wp-content\/uploads\/2020\/08\/Prensa-de-agua-Hidro-prensa-para-frutas-verduras-miel-40L-0.jpg\",\"contentUrl\":\"https:\/\/distribucionarc.com\/wp-content\/uploads\/2020\/08\/Prensa-de-agua-Hidro-prensa-para-frutas-verduras-miel-40L-0.jpg\",\"width\":1000,\"height\":1000,\"caption\":\"Prensa de agua Hidro prensa para frutas verduras miel 40L\"},{\"@type\":\"BreadcrumbList\",\"@id\":\"https:\/\/www.distribucionarc.com\/lt\/producto\/prensa-de-agua-hidroprensa-para-vino-frutas-miel-40l\/#breadcrumb\",\"itemListElement\":[{\"@type\":\"ListItem\",\"position\":1,\"name\":\"Portada\",\"item\":\"https:\/\/distribucionarc.com\/pl\/\"},{\"@type\":\"ListItem\",\"position\":2,\"name\":\"Produkty\",\"item\":\"https:\/\/distribucionarc.com\/pl\/shop\/\"},{\"@type\":\"ListItem\",\"position\":3,\"name\":\"Prensa de agua, Hidroprensa para vino, frutas, miel 40L\"}]},{\"@type\":\"WebSite\",\"@id\":\"https:\/\/distribucionarc.com\/de\/#website\",\"url\":\"https:\/\/distribucionarc.com\/de\/\",\"name\":\"distribuci\u00f3n ARC\",\"description\":\"Empresa especializada en la fabricaci\u00f3n y distribuci\u00f3n de maquinaria industrial, selladoras de latas, Maquinas de hacer pastillas, Maquinas de cortar carne...\",\"publisher\":{\"@id\":\"https:\/\/distribucionarc.com\/de\/#organization\"},\"potentialAction\":[{\"@type\":\"SearchAction\",\"target\":{\"@type\":\"EntryPoint\",\"urlTemplate\":\"https:\/\/distribucionarc.com\/de\/?s={search_term_string}\"},\"query-input\":{\"@type\":\"PropertyValueSpecification\",\"valueRequired\":true,\"valueName\":\"search_term_string\"}}],\"inLanguage\":\"it-IT\"},{\"@type\":\"Organization\",\"@id\":\"https:\/\/distribucionarc.com\/de\/#organization\",\"name\":\"Distribuci\u00f3n ARC\",\"url\":\"https:\/\/distribucionarc.com\/de\/\",\"logo\":{\"@type\":\"ImageObject\",\"inLanguage\":\"it-IT\",\"@id\":\"https:\/\/distribucionarc.com\/de\/#\/schema\/logo\/image\/\",\"url\":\"https:\/\/distribucionarc.com\/wp-content\/uploads\/2024\/10\/distribucion-ARC-COLOR-SIN-FONDO-e1732295305345.png\",\"contentUrl\":\"https:\/\/distribucionarc.com\/wp-content\/uploads\/2024\/10\/distribucion-ARC-COLOR-SIN-FONDO-e1732295305345.png\",\"width\":1164,\"height\":558,\"caption\":\"Distribuci\u00f3n ARC\"},\"image\":{\"@id\":\"https:\/\/distribucionarc.com\/de\/#\/schema\/logo\/image\/\"},\"description\":\"Empresa especializada en la fabricaci\u00f3n y distribuci\u00f3n de maquinaria industrial para los sectores alimentario y farmac\u00e9utico. Nos especializamos en: M\u00e1quinas de cortar carne Fabricaci\u00f3n de comprimidos Sistemas de transporte industrial L\u00edneas de embotellado Dosificadores Y mucho m\u00e1s... Ofrecemos soluciones innovadoras y personalizadas para optimizar los procesos productivos de tu empresa.\",\"email\":\"Admistracion@distribucionarc.com\",\"telephone\":\"+34 643496664\",\"legalName\":\"ARC TECH SOLUTIONS\",\"foundingDate\":\"2024-04-09\",\"vatID\":\"B55480172\",\"numberOfEmployees\":{\"@type\":\"QuantitativeValue\",\"minValue\":\"1\",\"maxValue\":\"10\"}}]}<\/script>\n<!-- \/ Yoast SEO Premium plugin. -->","yoast_head_json":{"title":"Pressa ad acqua, Idropressa per vino, frutta, miele 40L - Distribuzione ARC","robots":{"index":"index","follow":"follow","max-snippet":"max-snippet:-1","max-image-preview":"max-image-preview:large","max-video-preview":"max-video-preview:-1"},"canonical":"https:\/\/www.distribucionarc.com\/lt\/producto\/prensa-de-agua-hidroprensa-para-vino-frutas-miel-40l\/","og_locale":"it_IT","og_type":"article","og_title":"Prensa de agua, Hidroprensa para vino, frutas, miel 40L","og_description":"Prensa de agua, Hidroprensa para vino, frutas, miel 40L Las\u00a0trituradoras hidr\u00e1ulicas\u00a0ARC\u00a0son la mejor soluci\u00f3n para realizar zumos, procesar panales de miel, mostos, vino, sidra, etc.\u00a0Sin\u00a0la\u00a0necesidad de energ\u00eda el\u00e9ctrica\u00a0y sin esfuerzo f\u00edsico  Gracias a las\u00a0Prensas hidr\u00e1ulicas\u00a0ARC\u00a0el\u00a0prensado ser\u00e1\u00a0r\u00e1pido\u00a0y con\u00a0recorridos cortos de flujo\u00a0ayudando a\u00a0proteger las vitaminas;\u00a0obtendr\u00e1 un producto con un aroma maravillosamente fresco.\u00a0Gracias a la alta presi\u00f3n se obtiene un\u00a0rendimiento\u00a0de zumo\u00a0excepcionalmente\u00a0alto Garant\u00eda\u00a0ARC 2 A\u00d1OS Prensa sin electricidad,\u00a0 presi\u00f3n de agua\u00a0(3 bar) soporte t\u00e9cnico\u00a0incluido","og_url":"https:\/\/www.distribucionarc.com\/lt\/producto\/prensa-de-agua-hidroprensa-para-vino-frutas-miel-40l\/","og_site_name":"distribuci\u00f3n ARC","article_modified_time":"2020-09-30T10:02:02+00:00","og_image":[{"width":1000,"height":1000,"url":"https:\/\/www.distribucionarc.com\/wp-content\/uploads\/2020\/08\/Prensa-de-agua-Hidro-prensa-para-frutas-verduras-miel-40L-0.jpg","type":"image\/jpeg"}],"twitter_card":"summary_large_image","twitter_misc":{"Tempo di lettura stimato":"1 minuto"},"schema":{"@context":"https:\/\/schema.org","@graph":[{"@type":"WebPage","@id":"https:\/\/www.distribucionarc.com\/lt\/producto\/prensa-de-agua-hidroprensa-para-vino-frutas-miel-40l\/","url":"https:\/\/www.distribucionarc.com\/lt\/producto\/prensa-de-agua-hidroprensa-para-vino-frutas-miel-40l\/","name":"Pressa ad acqua, Idropressa per vino, frutta, miele 40L - Distribuzione ARC","isPartOf":{"@id":"https:\/\/distribucionarc.com\/de\/#website"},"primaryImageOfPage":{"@id":"https:\/\/www.distribucionarc.com\/lt\/producto\/prensa-de-agua-hidroprensa-para-vino-frutas-miel-40l\/#primaryimage"},"image":{"@id":"https:\/\/www.distribucionarc.com\/lt\/producto\/prensa-de-agua-hidroprensa-para-vino-frutas-miel-40l\/#primaryimage"},"thumbnailUrl":"https:\/\/distribucionarc.com\/wp-content\/uploads\/2020\/08\/Prensa-de-agua-Hidro-prensa-para-frutas-verduras-miel-40L-0.jpg","datePublished":"2020-08-11T15:21:24+00:00","dateModified":"2020-09-30T10:02:02+00:00","breadcrumb":{"@id":"https:\/\/www.distribucionarc.com\/lt\/producto\/prensa-de-agua-hidroprensa-para-vino-frutas-miel-40l\/#breadcrumb"},"inLanguage":"it-IT","potentialAction":[{"@type":"ReadAction","target":["https:\/\/www.distribucionarc.com\/lt\/producto\/prensa-de-agua-hidroprensa-para-vino-frutas-miel-40l\/"]}]},{"@type":"ImageObject","inLanguage":"it-IT","@id":"https:\/\/www.distribucionarc.com\/lt\/producto\/prensa-de-agua-hidroprensa-para-vino-frutas-miel-40l\/#primaryimage","url":"https:\/\/distribucionarc.com\/wp-content\/uploads\/2020\/08\/Prensa-de-agua-Hidro-prensa-para-frutas-verduras-miel-40L-0.jpg","contentUrl":"https:\/\/distribucionarc.com\/wp-content\/uploads\/2020\/08\/Prensa-de-agua-Hidro-prensa-para-frutas-verduras-miel-40L-0.jpg","width":1000,"height":1000,"caption":"Prensa de agua Hidro prensa para frutas verduras miel 40L"},{"@type":"BreadcrumbList","@id":"https:\/\/www.distribucionarc.com\/lt\/producto\/prensa-de-agua-hidroprensa-para-vino-frutas-miel-40l\/#breadcrumb","itemListElement":[{"@type":"ListItem","position":1,"name":"Portada","item":"https:\/\/distribucionarc.com\/pl\/"},{"@type":"ListItem","position":2,"name":"Produkty","item":"https:\/\/distribucionarc.com\/pl\/shop\/"},{"@type":"ListItem","position":3,"name":"Prensa de agua, Hidroprensa para vino, frutas, miel 40L"}]},{"@type":"WebSite","@id":"https:\/\/distribucionarc.com\/de\/#website","url":"https:\/\/distribucionarc.com\/de\/","name":"Distribuzione dell&#039;ARCO","description":"Azienda specializzata nella produzione e distribuzione di macchinari industriali, macchine sigillatrici di lattine, macchine per la produzione di compresse, macchine per il taglio della carne...","publisher":{"@id":"https:\/\/distribucionarc.com\/de\/#organization"},"potentialAction":[{"@type":"SearchAction","target":{"@type":"EntryPoint","urlTemplate":"https:\/\/distribucionarc.com\/de\/?s={search_term_string}"},"query-input":{"@type":"PropertyValueSpecification","valueRequired":true,"valueName":"search_term_string"}}],"inLanguage":"it-IT"},{"@type":"Organization","@id":"https:\/\/distribucionarc.com\/de\/#organization","name":"Distribuzione dell&#039;ARC","url":"https:\/\/distribucionarc.com\/de\/","logo":{"@type":"ImageObject","inLanguage":"it-IT","@id":"https:\/\/distribucionarc.com\/de\/#\/schema\/logo\/image\/","url":"https:\/\/distribucionarc.com\/wp-content\/uploads\/2024\/10\/distribucion-ARC-COLOR-SIN-FONDO-e1732295305345.png","contentUrl":"https:\/\/distribucionarc.com\/wp-content\/uploads\/2024\/10\/distribucion-ARC-COLOR-SIN-FONDO-e1732295305345.png","width":1164,"height":558,"caption":"Distribuci\u00f3n ARC"},"image":{"@id":"https:\/\/distribucionarc.com\/de\/#\/schema\/logo\/image\/"},"description":"Azienda specializzata nella produzione e distribuzione di macchinari industriali per il settore alimentare e farmaceutico. Siamo specializzati in: Macchine per il taglio della carne Produzione di compresse Sistemi di trasporto industriale Linee di imbottigliamento Dispenser E molto altro ancora... Offriamo soluzioni innovative e personalizzate per ottimizzare i processi produttivi della vostra azienda.","email":"Admistracion@distribucionarc.com","telephone":"+34 643496664","legalName":"ARC TECH SOLUTIONS","foundingDate":"2024-04-09","vatID":"B55480172","numberOfEmployees":{"@type":"QuantitativeValue","minValue":"1","maxValue":"10"}}]}},"_links":{"self":[{"href":"https:\/\/distribucionarc.com\/it\/wp-json\/wp\/v2\/product\/2186","targetHints":{"allow":["GET"]}}],"collection":[{"href":"https:\/\/distribucionarc.com\/it\/wp-json\/wp\/v2\/product"}],"about":[{"href":"https:\/\/distribucionarc.com\/it\/wp-json\/wp\/v2\/types\/product"}],"replies":[{"embeddable":true,"href":"https:\/\/distribucionarc.com\/it\/wp-json\/wp\/v2\/comments?post=2186"}],"version-history":[{"count":0,"href":"https:\/\/distribucionarc.com\/it\/wp-json\/wp\/v2\/product\/2186\/revisions"}],"wp:featuredmedia":[{"embeddable":true,"href":"https:\/\/distribucionarc.com\/it\/wp-json\/wp\/v2\/media\/2187"}],"wp:attachment":[{"href":"https:\/\/distribucionarc.com\/it\/wp-json\/wp\/v2\/media?parent=2186"}],"wp:term":[{"taxonomy":"product_brand","embeddable":true,"href":"https:\/\/distribucionarc.com\/it\/wp-json\/wp\/v2\/product_brand?post=2186"},{"taxonomy":"product_cat","embeddable":true,"href":"https:\/\/distribucionarc.com\/it\/wp-json\/wp\/v2\/product_cat?post=2186"},{"taxonomy":"product_tag","embeddable":true,"href":"https:\/\/distribucionarc.com\/it\/wp-json\/wp\/v2\/product_tag?post=2186"}],"curies":[{"name":"wp","href":"https:\/\/api.w.org\/{rel}","templated":true}]}}