{"id":2236,"date":"2020-10-08T10:53:49","date_gmt":"2020-10-08T10:53:49","guid":{"rendered":"https:\/\/distribucionarc.com\/?post_type=product&#038;p=2236"},"modified":"2023-02-23T18:21:39","modified_gmt":"2023-02-23T18:21:39","slug":"agitatore-orbitale","status":"publish","type":"product","link":"https:\/\/distribucionarc.com\/it\/producto\/agitador-orbital\/","title":{"rendered":"Agitatore orbitale"},"content":{"rendered":"<h3>Agitatore orbitale<\/h3>\n<p>Lui <strong>agitatore orbitale <span style=\"color: #ff0000;\">A<\/span><span style=\"color: #0000ff;\">R<\/span>C<\/strong> Offre prestazioni elevate e pu\u00f2 essere programmato ininterrottamente in un&#039;ampia variet\u00e0 di laboratori medici, chimici e biologici. Il suo funzionamento stabile, le prestazioni affidabili e la funzione semplice renderanno pi\u00f9 semplice qualsiasi processo.<\/p>\n<p>Il suo accurato motore di agitazione non produce vibrazioni oltre ad essere abbastanza leggero, conferendogli un peso minimo. <strong>oscillatore <span style=\"color: #ff0000;\">A<\/span><span style=\"color: #0000ff;\">R<\/span>CAOO1<\/strong> per poterti muovere comodamente.<\/p>\n<p>Puoi regolare la velocit\u00e0 che desideri regolando l&#039;agitatore magnetico. La piattaforma protegge il meccanismo di funzionamento da eventuali fuoriuscite e dispone di una superficie antiscivolo per evitare che i contenitori scivolino.<\/p>\n<h6><\/h6>\n<h6><strong>Garanzia\u00a0<span style=\"color: #ff0000;\">A<\/span><span style=\"color: #0000ff;\">R<\/span>C<\/strong><strong>\u00a02 ANNI<\/strong><\/h6>\n<h6>Agitatore orbitale efficiente, basso consumo 2000w<\/h6>\n<h6><strong>supporto tecnico incluso<\/strong><\/h6>\n<p>&nbsp;<\/p>\n<table role=\"presentation\" width=\"100%\" cellspacing=\"0\" cellpadding=\"0\">\n<tbody>\n<tr>\n<td class=\"attrLabels\">Garanzia:<\/td>\n<td width=\"50.0%\">\u00a02 ANNI<\/td>\n<\/tr>\n<tr>\n<td class=\"attrLabels\">Paese di distribuzione:<\/td>\n<td width=\"50.0%\">Spagna, Germania, Stati Uniti<\/td>\n<td class=\"attrLabels\">Peso:<\/td>\n<td width=\"50.0%\">9kg<\/td>\n<\/tr>\n<tr>\n<td class=\"attrLabels\">Marca:<\/td>\n<td width=\"50.0%\">ARCO<\/td>\n<td class=\"attrLabels\">Altezza:<\/td>\n<td width=\"50.0%\">64 cm<\/td>\n<\/tr>\n<tr>\n<td class=\"attrLabels\">Colore:<\/td>\n<td width=\"50.0%\">Argento<\/td>\n<td class=\"attrLabels\">Lungo:<\/td>\n<td width=\"50.0%\">24 cm<\/td>\n<\/tr>\n<tr>\n<td class=\"attrLabels\">Tipo di prodotto:<\/td>\n<td width=\"50.0%\">Agitatore orbitale<\/td>\n<td class=\"attrLabels\">Ampio:<\/td>\n<td width=\"50.0%\">46 cm<\/td>\n<\/tr>\n<tr>\n<td class=\"attrLabels\">Numero del produttore:<\/td>\n<td width=\"50.0%\">ARCAOO1<\/td>\n<td class=\"attrLabels\">Diametro dell&#039;orbita:<\/td>\n<td width=\"50.0%\">22 mm<\/td>\n<\/tr>\n<tr>\n<td class=\"attrLabels\">Materiale:<\/td>\n<td width=\"50.0%\">acciaio inossidabile, completamente automatico<\/td>\n<td class=\"attrLabels\">Timer:<\/td>\n<td width=\"50.0%\">0 \u2013 15 minuti o funzionamento continuo<\/td>\n<\/tr>\n<tr>\n<td class=\"attrLabels\">Voltaggio in ingresso:<\/td>\n<td width=\"50.0%\">110 V\/220 V 20\/60 Hz<\/td>\n<td class=\"attrLabels\">Velocit\u00e0:<\/td>\n<td width=\"50.0%\">0 \u2013 210 giri\/min<\/td>\n<\/tr>\n<tr>\n<td class=\"attrLabels\">Strumenti di installazione:<\/td>\n<td width=\"50.0%\">S\u00ec<\/td>\n<td class=\"attrLabels\">Fusibile:<\/td>\n<td width=\"50.0%\">1A<\/td>\n<\/tr>\n<\/tbody>\n<\/table>","protected":false},"excerpt":{"rendered":"<h3>Agitatore orbitale<\/h3>\n<p>Questa macchina <strong>scuotimento orbitale<span style=\"color: #ff0000;\"> A<\/span><span style=\"color: #0000ff;\">R<\/span>C<\/strong> Pu\u00f2 essere utilizzato per la miscelazione omogenea di test clinici e altri test biochimici. Il prodotto funziona senza intoppi, con prestazioni affidabili, tempo disponibile, velocit\u00e0 regolabile, facile da usare. Questo <strong>macchina altalena<\/strong>\u00a0 \u00c8 caratterizzato dalla stabilizzazione ed \u00e8 facile da usare.<\/p>\n<h6><strong>Garanzia\u00a0<span style=\"color: #ff0000;\">A<\/span><span style=\"color: #0000ff;\">R<\/span>C<\/strong><strong>\u00a02 ANNI<\/strong><\/h6>\n<h6>Agitatore orbitale efficiente, basso consumo 2000w<\/h6>\n<h6><strong>supporto tecnico incluso<\/strong><\/h6>","protected":false},"featured_media":2245,"comment_status":"open","ping_status":"closed","template":"","meta":{"wds_primary_product_brand":0,"wds_primary_product_cat":0},"product_brand":[],"product_cat":[29],"product_tag":[],"class_list":{"0":"post-2236","1":"product","2":"type-product","3":"status-publish","4":"has-post-thumbnail","6":"product_cat-maquinas-industria-quimica","7":"product_shipping_class-hosteleria","9":"first","10":"instock","11":"taxable","12":"shipping-taxable","13":"purchasable","14":"product-type-simple"},"yoast_head":"<!-- This site is optimized with the Yoast SEO Premium plugin v24.9 (Yoast SEO v26.1) - https:\/\/yoast.com\/wordpress\/plugins\/seo\/ -->\n<title>Agitador orbital - distribuci\u00f3n ARC<\/title>\n<meta name=\"robots\" content=\"index, follow, max-snippet:-1, max-image-preview:large, max-video-preview:-1\" \/>\n<link rel=\"canonical\" href=\"https:\/\/distribucionarc.com\/it\/prodotto\/agitatore-orbitale\/\" \/>\n<meta property=\"og:locale\" content=\"it_IT\" \/>\n<meta property=\"og:type\" content=\"article\" \/>\n<meta property=\"og:title\" content=\"Agitador orbital\" \/>\n<meta property=\"og:description\" content=\"Agitador orbital Esta m\u00e1quina \u00a0de agitaci\u00f3n orbital ARC se puede utilizar para la mezcla homog\u00e9nea de pruebas cl\u00ednicas y otras pruebas bioqu\u00edmicas. El producto funciona sin problemas, con un rendimiento confiable, tiempo disponible, velocidad ajustable, f\u00e1cil de utilizar. Esta m\u00e1quina de oscilaci\u00f3n\u00a0 se caracteriza por la estabilizaci\u00f3n y es sencilla de utilizar. Garant\u00eda\u00a0ARC\u00a02 A\u00d1OS Agitador orbital eficiente, bajo consumo 2000w soporte t\u00e9cnico incluido\" \/>\n<meta property=\"og:url\" content=\"https:\/\/distribucionarc.com\/it\/prodotto\/agitatore-orbitale\/\" \/>\n<meta property=\"og:site_name\" content=\"distribuci\u00f3n ARC\" \/>\n<meta property=\"article:modified_time\" content=\"2023-02-23T18:21:39+00:00\" \/>\n<meta property=\"og:image\" content=\"https:\/\/distribucionarc.com\/wp-content\/uploads\/2020\/08\/Agitador-orbital-1.jpg\" \/>\n\t<meta property=\"og:image:width\" content=\"1600\" \/>\n\t<meta property=\"og:image:height\" content=\"1600\" \/>\n\t<meta property=\"og:image:type\" content=\"image\/jpeg\" \/>\n<meta name=\"twitter:card\" content=\"summary_large_image\" \/>\n<meta name=\"twitter:label1\" content=\"Tempo di lettura stimato\" \/>\n\t<meta name=\"twitter:data1\" content=\"1 minuto\" \/>\n<script type=\"application\/ld+json\" class=\"yoast-schema-graph\">{\"@context\":\"https:\/\/schema.org\",\"@graph\":[{\"@type\":\"WebPage\",\"@id\":\"https:\/\/distribucionarc.com\/nb\/producto\/agitador-orbital\/\",\"url\":\"https:\/\/distribucionarc.com\/nb\/producto\/agitador-orbital\/\",\"name\":\"Agitador orbital - distribuci\u00f3n ARC\",\"isPartOf\":{\"@id\":\"https:\/\/distribucionarc.com\/de\/#website\"},\"primaryImageOfPage\":{\"@id\":\"https:\/\/distribucionarc.com\/nb\/producto\/agitador-orbital\/#primaryimage\"},\"image\":{\"@id\":\"https:\/\/distribucionarc.com\/nb\/producto\/agitador-orbital\/#primaryimage\"},\"thumbnailUrl\":\"https:\/\/distribucionarc.com\/wp-content\/uploads\/2020\/08\/Agitador-orbital-1.jpg\",\"datePublished\":\"2020-10-08T10:53:49+00:00\",\"dateModified\":\"2023-02-23T18:21:39+00:00\",\"breadcrumb\":{\"@id\":\"https:\/\/distribucionarc.com\/nb\/producto\/agitador-orbital\/#breadcrumb\"},\"inLanguage\":\"it-IT\",\"potentialAction\":[{\"@type\":\"ReadAction\",\"target\":[\"https:\/\/distribucionarc.com\/nb\/producto\/agitador-orbital\/\"]}]},{\"@type\":\"ImageObject\",\"inLanguage\":\"it-IT\",\"@id\":\"https:\/\/distribucionarc.com\/nb\/producto\/agitador-orbital\/#primaryimage\",\"url\":\"https:\/\/distribucionarc.com\/wp-content\/uploads\/2020\/08\/Agitador-orbital-1.jpg\",\"contentUrl\":\"https:\/\/distribucionarc.com\/wp-content\/uploads\/2020\/08\/Agitador-orbital-1.jpg\",\"width\":1600,\"height\":1600,\"caption\":\"Agitador orbital\"},{\"@type\":\"BreadcrumbList\",\"@id\":\"https:\/\/distribucionarc.com\/nb\/producto\/agitador-orbital\/#breadcrumb\",\"itemListElement\":[{\"@type\":\"ListItem\",\"position\":1,\"name\":\"Portada\",\"item\":\"https:\/\/distribucionarc.com\/pl\/\"},{\"@type\":\"ListItem\",\"position\":2,\"name\":\"Produkty\",\"item\":\"https:\/\/distribucionarc.com\/pl\/shop\/\"},{\"@type\":\"ListItem\",\"position\":3,\"name\":\"Agitador orbital\"}]},{\"@type\":\"WebSite\",\"@id\":\"https:\/\/distribucionarc.com\/de\/#website\",\"url\":\"https:\/\/distribucionarc.com\/de\/\",\"name\":\"distribuci\u00f3n ARC\",\"description\":\"Empresa especializada en la fabricaci\u00f3n y distribuci\u00f3n de maquinaria industrial, selladoras de latas, Maquinas de hacer pastillas, Maquinas de cortar carne...\",\"publisher\":{\"@id\":\"https:\/\/distribucionarc.com\/de\/#organization\"},\"potentialAction\":[{\"@type\":\"SearchAction\",\"target\":{\"@type\":\"EntryPoint\",\"urlTemplate\":\"https:\/\/distribucionarc.com\/de\/?s={search_term_string}\"},\"query-input\":{\"@type\":\"PropertyValueSpecification\",\"valueRequired\":true,\"valueName\":\"search_term_string\"}}],\"inLanguage\":\"it-IT\"},{\"@type\":\"Organization\",\"@id\":\"https:\/\/distribucionarc.com\/de\/#organization\",\"name\":\"Distribuci\u00f3n ARC\",\"url\":\"https:\/\/distribucionarc.com\/de\/\",\"logo\":{\"@type\":\"ImageObject\",\"inLanguage\":\"it-IT\",\"@id\":\"https:\/\/distribucionarc.com\/de\/#\/schema\/logo\/image\/\",\"url\":\"https:\/\/distribucionarc.com\/wp-content\/uploads\/2024\/10\/distribucion-ARC-COLOR-SIN-FONDO-e1732295305345.png\",\"contentUrl\":\"https:\/\/distribucionarc.com\/wp-content\/uploads\/2024\/10\/distribucion-ARC-COLOR-SIN-FONDO-e1732295305345.png\",\"width\":1164,\"height\":558,\"caption\":\"Distribuci\u00f3n ARC\"},\"image\":{\"@id\":\"https:\/\/distribucionarc.com\/de\/#\/schema\/logo\/image\/\"},\"description\":\"Empresa especializada en la fabricaci\u00f3n y distribuci\u00f3n de maquinaria industrial para los sectores alimentario y farmac\u00e9utico. Nos especializamos en: M\u00e1quinas de cortar carne Fabricaci\u00f3n de comprimidos Sistemas de transporte industrial L\u00edneas de embotellado Dosificadores Y mucho m\u00e1s... Ofrecemos soluciones innovadoras y personalizadas para optimizar los procesos productivos de tu empresa.\",\"email\":\"Admistracion@distribucionarc.com\",\"telephone\":\"+34 643496664\",\"legalName\":\"ARC TECH SOLUTIONS\",\"foundingDate\":\"2024-04-09\",\"vatID\":\"B55480172\",\"numberOfEmployees\":{\"@type\":\"QuantitativeValue\",\"minValue\":\"1\",\"maxValue\":\"10\"}}]}<\/script>\n<!-- \/ Yoast SEO Premium plugin. -->","yoast_head_json":{"title":"Agitatore orbitale - distribuzione ARC","robots":{"index":"index","follow":"follow","max-snippet":"max-snippet:-1","max-image-preview":"max-image-preview:large","max-video-preview":"max-video-preview:-1"},"canonical":"https:\/\/distribucionarc.com\/it\/prodotto\/agitatore-orbitale\/","og_locale":"it_IT","og_type":"article","og_title":"Agitador orbital","og_description":"Agitador orbital Esta m\u00e1quina \u00a0de agitaci\u00f3n orbital ARC se puede utilizar para la mezcla homog\u00e9nea de pruebas cl\u00ednicas y otras pruebas bioqu\u00edmicas. El producto funciona sin problemas, con un rendimiento confiable, tiempo disponible, velocidad ajustable, f\u00e1cil de utilizar. Esta m\u00e1quina de oscilaci\u00f3n\u00a0 se caracteriza por la estabilizaci\u00f3n y es sencilla de utilizar. Garant\u00eda\u00a0ARC\u00a02 A\u00d1OS Agitador orbital eficiente, bajo consumo 2000w soporte t\u00e9cnico incluido","og_url":"https:\/\/distribucionarc.com\/it\/prodotto\/agitatore-orbitale\/","og_site_name":"distribuci\u00f3n ARC","article_modified_time":"2023-02-23T18:21:39+00:00","og_image":[{"width":1600,"height":1600,"url":"https:\/\/distribucionarc.com\/wp-content\/uploads\/2020\/08\/Agitador-orbital-1.jpg","type":"image\/jpeg"}],"twitter_card":"summary_large_image","twitter_misc":{"Tempo di lettura stimato":"1 minuto"},"schema":{"@context":"https:\/\/schema.org","@graph":[{"@type":"WebPage","@id":"https:\/\/distribucionarc.com\/nb\/producto\/agitador-orbital\/","url":"https:\/\/distribucionarc.com\/nb\/producto\/agitador-orbital\/","name":"Agitatore orbitale - distribuzione ARC","isPartOf":{"@id":"https:\/\/distribucionarc.com\/de\/#website"},"primaryImageOfPage":{"@id":"https:\/\/distribucionarc.com\/nb\/producto\/agitador-orbital\/#primaryimage"},"image":{"@id":"https:\/\/distribucionarc.com\/nb\/producto\/agitador-orbital\/#primaryimage"},"thumbnailUrl":"https:\/\/distribucionarc.com\/wp-content\/uploads\/2020\/08\/Agitador-orbital-1.jpg","datePublished":"2020-10-08T10:53:49+00:00","dateModified":"2023-02-23T18:21:39+00:00","breadcrumb":{"@id":"https:\/\/distribucionarc.com\/nb\/producto\/agitador-orbital\/#breadcrumb"},"inLanguage":"it-IT","potentialAction":[{"@type":"ReadAction","target":["https:\/\/distribucionarc.com\/nb\/producto\/agitador-orbital\/"]}]},{"@type":"ImageObject","inLanguage":"it-IT","@id":"https:\/\/distribucionarc.com\/nb\/producto\/agitador-orbital\/#primaryimage","url":"https:\/\/distribucionarc.com\/wp-content\/uploads\/2020\/08\/Agitador-orbital-1.jpg","contentUrl":"https:\/\/distribucionarc.com\/wp-content\/uploads\/2020\/08\/Agitador-orbital-1.jpg","width":1600,"height":1600,"caption":"Agitador orbital"},{"@type":"BreadcrumbList","@id":"https:\/\/distribucionarc.com\/nb\/producto\/agitador-orbital\/#breadcrumb","itemListElement":[{"@type":"ListItem","position":1,"name":"Portada","item":"https:\/\/distribucionarc.com\/pl\/"},{"@type":"ListItem","position":2,"name":"Produkty","item":"https:\/\/distribucionarc.com\/pl\/shop\/"},{"@type":"ListItem","position":3,"name":"Agitador orbital"}]},{"@type":"WebSite","@id":"https:\/\/distribucionarc.com\/de\/#website","url":"https:\/\/distribucionarc.com\/de\/","name":"Distribuzione dell&#039;ARCO","description":"Azienda specializzata nella produzione e distribuzione di macchinari industriali, macchine sigillatrici di lattine, macchine per la produzione di compresse, macchine per il taglio della carne...","publisher":{"@id":"https:\/\/distribucionarc.com\/de\/#organization"},"potentialAction":[{"@type":"SearchAction","target":{"@type":"EntryPoint","urlTemplate":"https:\/\/distribucionarc.com\/de\/?s={search_term_string}"},"query-input":{"@type":"PropertyValueSpecification","valueRequired":true,"valueName":"search_term_string"}}],"inLanguage":"it-IT"},{"@type":"Organization","@id":"https:\/\/distribucionarc.com\/de\/#organization","name":"Distribuzione dell&#039;ARC","url":"https:\/\/distribucionarc.com\/de\/","logo":{"@type":"ImageObject","inLanguage":"it-IT","@id":"https:\/\/distribucionarc.com\/de\/#\/schema\/logo\/image\/","url":"https:\/\/distribucionarc.com\/wp-content\/uploads\/2024\/10\/distribucion-ARC-COLOR-SIN-FONDO-e1732295305345.png","contentUrl":"https:\/\/distribucionarc.com\/wp-content\/uploads\/2024\/10\/distribucion-ARC-COLOR-SIN-FONDO-e1732295305345.png","width":1164,"height":558,"caption":"Distribuci\u00f3n ARC"},"image":{"@id":"https:\/\/distribucionarc.com\/de\/#\/schema\/logo\/image\/"},"description":"Azienda specializzata nella produzione e distribuzione di macchinari industriali per il settore alimentare e farmaceutico. Siamo specializzati in: Macchine per il taglio della carne Produzione di compresse Sistemi di trasporto industriale Linee di imbottigliamento Dispenser E molto altro ancora... Offriamo soluzioni innovative e personalizzate per ottimizzare i processi produttivi della vostra azienda.","email":"Admistracion@distribucionarc.com","telephone":"+34 643496664","legalName":"ARC TECH SOLUTIONS","foundingDate":"2024-04-09","vatID":"B55480172","numberOfEmployees":{"@type":"QuantitativeValue","minValue":"1","maxValue":"10"}}]}},"_links":{"self":[{"href":"https:\/\/distribucionarc.com\/it\/wp-json\/wp\/v2\/product\/2236","targetHints":{"allow":["GET"]}}],"collection":[{"href":"https:\/\/distribucionarc.com\/it\/wp-json\/wp\/v2\/product"}],"about":[{"href":"https:\/\/distribucionarc.com\/it\/wp-json\/wp\/v2\/types\/product"}],"replies":[{"embeddable":true,"href":"https:\/\/distribucionarc.com\/it\/wp-json\/wp\/v2\/comments?post=2236"}],"version-history":[{"count":0,"href":"https:\/\/distribucionarc.com\/it\/wp-json\/wp\/v2\/product\/2236\/revisions"}],"wp:featuredmedia":[{"embeddable":true,"href":"https:\/\/distribucionarc.com\/it\/wp-json\/wp\/v2\/media\/2245"}],"wp:attachment":[{"href":"https:\/\/distribucionarc.com\/it\/wp-json\/wp\/v2\/media?parent=2236"}],"wp:term":[{"taxonomy":"product_brand","embeddable":true,"href":"https:\/\/distribucionarc.com\/it\/wp-json\/wp\/v2\/product_brand?post=2236"},{"taxonomy":"product_cat","embeddable":true,"href":"https:\/\/distribucionarc.com\/it\/wp-json\/wp\/v2\/product_cat?post=2236"},{"taxonomy":"product_tag","embeddable":true,"href":"https:\/\/distribucionarc.com\/it\/wp-json\/wp\/v2\/product_tag?post=2236"}],"curies":[{"name":"wp","href":"https:\/\/api.w.org\/{rel}","templated":true}]}}