{"id":2286,"date":"2020-08-13T15:32:23","date_gmt":"2020-08-13T15:32:23","guid":{"rendered":"https:\/\/distribucionarc.com\/?post_type=product&#038;p=2286"},"modified":"2020-09-30T11:54:16","modified_gmt":"2020-09-30T11:54:16","slug":"spremiagrumi-mulino-manuale-per-succo","status":"publish","type":"product","link":"https:\/\/distribucionarc.com\/it\/producto\/exprimidor-manual-molino-para-zumo\/","title":{"rendered":"Spremiagrumi manuale, macina succo"},"content":{"rendered":"<h3>Spremiagrumi manuale, macina succo<\/h3>\n<p>Lui <strong>spremitore <\/strong>Di<strong style=\"font-size: 16px;\">\u00a0<span style=\"color: #ff0000;\">A<\/span><span style=\"color: #0000ff;\">R<\/span>C<\/strong><span style=\"font-size: 16px;\"> \u00c8 realizzato in acciaio inossidabile 304 con finitura in metallo lucido. Resistente alla ruggine e facile da pulire. Il filtro a rete in acciaio inox 304 \u00e8 pulito e igienico e non si arrugginisce facilmente. Separa efficacemente i residui e il succo. Un filtro sostitutivo \u00e8 incluso.<\/span><\/p>\n<p>Lui <strong>estrattore di succo<span style=\"color: #ff0000;\"> A<\/span><span style=\"color: #0000ff;\">R<\/span>CMMP1<\/strong> Dotato di un morsetto da tavolo nella parte inferiore per un fissaggio stabile alla superficie (lo spessore del tavolo deve essere inferiore a 6 cm).<\/p>\n<p>Utilizza un asse di <strong>Vite extra lunga con tecnologia di estrusione progressiva<\/strong> Processo in cinque fasi per pressare completamente gli ingredienti e preservare i nutrienti. Manico ergonomico in legno facilmente rimovibile per risparmiare spazio.<\/p>\n<p>\u00c8 dotato di un contenitore per la raccolta del succo, di uno stantuffo per un&#039;alimentazione comoda del materiale, di una spazzola per una facile pulizia, di una chiave per aprire il coperchio anteriore e di un gancio per estrarre il filtro.<\/p>\n<h6><strong>Garanzia\u00a0<\/strong><span style=\"color: #ff0000;\"><strong>A<\/strong><\/span><span style=\"color: #0000ff;\"><strong>R<\/strong><\/span><strong>C 2 ANNI<\/strong><\/h6>\n<h6><strong>supporto tecnico incluso<\/strong><\/h6>\n<p>&nbsp;<\/p>\n<p>&nbsp;<\/p>\n<table width=\"100%\">\n<tbody>\n<tr>\n<td>Tipo:<\/td>\n<td width=\"50%\">Manuale<\/td>\n<td colspan=\"2\" width=\"327\"><\/td>\n<\/tr>\n<tr>\n<td>Paese di distribuzione:<\/td>\n<td width=\"50%\">Spagna, Germania, Stati Uniti<\/td>\n<td>Peso:<\/td>\n<td width=\"50%\">2,6 kg<\/td>\n<\/tr>\n<tr>\n<td>Marca:<\/td>\n<td width=\"50%\">ARCO<\/td>\n<td>Altezza:<\/td>\n<td width=\"50%\">32 cm<\/td>\n<\/tr>\n<tr>\n<td>Colore:<\/td>\n<td width=\"50%\">Argento<\/td>\n<td>Lungo:<\/td>\n<td width=\"50%\">\u00a012 cm<\/td>\n<\/tr>\n<tr>\n<td>Tipo di prodotto:<\/td>\n<td width=\"50%\">Spremiagrumi<\/td>\n<td>Ampio:<\/td>\n<td width=\"50%\">20 cm<\/td>\n<\/tr>\n<tr>\n<td>Numero del produttore:<\/td>\n<td width=\"50%\">ARCMMP1<\/td>\n<td>Tipo di estrazione:<\/td>\n<td width=\"50%\">una mano<\/td>\n<\/tr>\n<tr>\n<td>Materiale:<\/td>\n<td width=\"50%\">\u00a0acciaio inossidabile per uso alimentare<\/td>\n<td>Dimensione dell&#039;ingresso:<\/td>\n<td width=\"50%\">8,6x8,6 cm<\/td>\n<\/tr>\n<tr>\n<td>Garanzia:<\/td>\n<td width=\"50%\">2 ANNI<\/td>\n<td>Tipo di impugnatura:<\/td>\n<td width=\"50%\">Panca piana<\/td>\n<\/tr>\n<tr>\n<td>Strumenti di installazione:<\/td>\n<td width=\"50%\">S\u00ec<\/td>\n<td>Attrezzatura:<\/td>\n<td width=\"50%\">Stantuffo, spazzola, chiave, gancio, filtro e tazza<\/td>\n<\/tr>\n<\/tbody>\n<\/table>","protected":false},"excerpt":{"rendered":"<h2>Spremiagrumi manuale, macina succo<\/h2>\n<p>Questo <strong>spremiagrumi <span style=\"color: #ff0000;\">A<\/span><span style=\"color: #0000ff;\">R<\/span>C<\/strong> \u00c8 realizzato in acciaio inossidabile 304, \u00e8 antiruggine e igienico. Il mulino \u00e8 facile da montare e da pulire. \u00c8 progettato per fissare il morsetto al tavolo, il che garantisce una forte stabilit\u00e0 durante il processo. \u00c8 perfetto per spremere l&#039;erba di grano, varie verdure e la maggior parte della frutta.<\/p>\n<h6><strong>Garanzia\u00a0<\/strong><span style=\"color: #ff0000;\"><strong>A<\/strong><\/span><span style=\"color: #0000ff;\"><strong>R<\/strong><\/span><strong>C 2 ANNI<\/strong><\/h6>\n<h6><strong>supporto tecnico incluso<\/strong><\/h6>\n<div class=\"summary entry-summary\">\n<div class=\"quantity\"><label class=\"screen-reader-text\" for=\"quantity_5f35576ca79d3\">Pressa a vite, estrattore di succo, mini spremiagrumi 3L quantit\u00e0<\/label><\/div>\n<\/div>","protected":false},"featured_media":2291,"comment_status":"open","ping_status":"closed","template":"","meta":{"wds_primary_product_brand":0,"wds_primary_product_cat":0},"product_brand":[],"product_cat":[30,56,67],"product_tag":[],"class_list":{"0":"post-2286","1":"product","2":"type-product","3":"status-publish","4":"has-post-thumbnail","6":"product_cat-maquinaria-apicola","7":"product_cat-maquinaria-para-ferias","8":"product_cat-prensas-de-frutas-trituradoras","9":"product_shipping_class-hosteleria","11":"first","12":"instock","13":"sale","14":"taxable","15":"shipping-taxable","16":"purchasable","17":"product-type-simple"},"yoast_head":"<!-- This site is optimized with the Yoast SEO Premium plugin v24.9 (Yoast SEO v26.1) - https:\/\/yoast.com\/wordpress\/plugins\/seo\/ -->\n<title>Exprimidor manual, molino para zumo - distribuci\u00f3n ARC<\/title>\n<meta name=\"robots\" content=\"index, follow, max-snippet:-1, max-image-preview:large, max-video-preview:-1\" \/>\n<link rel=\"canonical\" href=\"https:\/\/www.distribucionarc.com\/pt\/producto\/exprimidor-manual-molino-para-zumo\/\" \/>\n<meta property=\"og:locale\" content=\"it_IT\" \/>\n<meta property=\"og:type\" content=\"article\" \/>\n<meta property=\"og:title\" content=\"Exprimidor manual, molino para zumo\" \/>\n<meta property=\"og:description\" content=\"Exprimidor manual, molino para zumo Este exprimidor de fruta ARC est\u00e1 hecho de acero inoxidable 304, es inoxidable e higi\u00e9nico. El molino es f\u00e1cil de montar y f\u00e1cil de limpiar. Tiene un dise\u00f1o para fijar la abrazadera a la mesa, lo que garantiza una fuerte estabilidad durante el proceso. Es perfecto para zumo de hierba de trigo, varias verduras y la mayor\u00eda de las frutas. Garant\u00eda\u00a0ARC 2 A\u00d1OS soporte t\u00e9cnico\u00a0incluido  Prensa de tornillo, extractor de zumo,\u00a0 mini exprimidor de frutas 3L cantidad\" \/>\n<meta property=\"og:url\" content=\"https:\/\/www.distribucionarc.com\/pt\/producto\/exprimidor-manual-molino-para-zumo\/\" \/>\n<meta property=\"og:site_name\" content=\"distribuci\u00f3n ARC\" \/>\n<meta property=\"article:modified_time\" content=\"2020-09-30T11:54:16+00:00\" \/>\n<meta property=\"og:image\" content=\"https:\/\/www.distribucionarc.com\/wp-content\/uploads\/2020\/08\/Exprimidor-manual-molino-para-zumo-0.jpg\" \/>\n\t<meta property=\"og:image:width\" content=\"1600\" \/>\n\t<meta property=\"og:image:height\" content=\"1600\" \/>\n\t<meta property=\"og:image:type\" content=\"image\/jpeg\" \/>\n<meta name=\"twitter:card\" content=\"summary_large_image\" \/>\n<meta name=\"twitter:label1\" content=\"Tempo di lettura stimato\" \/>\n\t<meta name=\"twitter:data1\" content=\"1 minuto\" \/>\n<script type=\"application\/ld+json\" class=\"yoast-schema-graph\">{\"@context\":\"https:\/\/schema.org\",\"@graph\":[{\"@type\":\"WebPage\",\"@id\":\"https:\/\/www.distribucionarc.com\/pt\/producto\/exprimidor-manual-molino-para-zumo\/\",\"url\":\"https:\/\/www.distribucionarc.com\/pt\/producto\/exprimidor-manual-molino-para-zumo\/\",\"name\":\"Exprimidor manual, molino para zumo - distribuci\u00f3n ARC\",\"isPartOf\":{\"@id\":\"https:\/\/distribucionarc.com\/de\/#website\"},\"primaryImageOfPage\":{\"@id\":\"https:\/\/www.distribucionarc.com\/pt\/producto\/exprimidor-manual-molino-para-zumo\/#primaryimage\"},\"image\":{\"@id\":\"https:\/\/www.distribucionarc.com\/pt\/producto\/exprimidor-manual-molino-para-zumo\/#primaryimage\"},\"thumbnailUrl\":\"https:\/\/distribucionarc.com\/wp-content\/uploads\/2020\/08\/Exprimidor-manual-molino-para-zumo-0.jpg\",\"datePublished\":\"2020-08-13T15:32:23+00:00\",\"dateModified\":\"2020-09-30T11:54:16+00:00\",\"breadcrumb\":{\"@id\":\"https:\/\/www.distribucionarc.com\/pt\/producto\/exprimidor-manual-molino-para-zumo\/#breadcrumb\"},\"inLanguage\":\"it-IT\",\"potentialAction\":[{\"@type\":\"ReadAction\",\"target\":[\"https:\/\/www.distribucionarc.com\/pt\/producto\/exprimidor-manual-molino-para-zumo\/\"]}]},{\"@type\":\"ImageObject\",\"inLanguage\":\"it-IT\",\"@id\":\"https:\/\/www.distribucionarc.com\/pt\/producto\/exprimidor-manual-molino-para-zumo\/#primaryimage\",\"url\":\"https:\/\/distribucionarc.com\/wp-content\/uploads\/2020\/08\/Exprimidor-manual-molino-para-zumo-0.jpg\",\"contentUrl\":\"https:\/\/distribucionarc.com\/wp-content\/uploads\/2020\/08\/Exprimidor-manual-molino-para-zumo-0.jpg\",\"width\":1600,\"height\":1600,\"caption\":\"Exprimidor manual, molino para zumo\"},{\"@type\":\"BreadcrumbList\",\"@id\":\"https:\/\/www.distribucionarc.com\/pt\/producto\/exprimidor-manual-molino-para-zumo\/#breadcrumb\",\"itemListElement\":[{\"@type\":\"ListItem\",\"position\":1,\"name\":\"Portada\",\"item\":\"https:\/\/distribucionarc.com\/pl\/\"},{\"@type\":\"ListItem\",\"position\":2,\"name\":\"Produkty\",\"item\":\"https:\/\/distribucionarc.com\/pl\/shop\/\"},{\"@type\":\"ListItem\",\"position\":3,\"name\":\"Exprimidor manual, molino para zumo\"}]},{\"@type\":\"WebSite\",\"@id\":\"https:\/\/distribucionarc.com\/de\/#website\",\"url\":\"https:\/\/distribucionarc.com\/de\/\",\"name\":\"distribuci\u00f3n ARC\",\"description\":\"Empresa especializada en la fabricaci\u00f3n y distribuci\u00f3n de maquinaria industrial, selladoras de latas, Maquinas de hacer pastillas, Maquinas de cortar carne...\",\"publisher\":{\"@id\":\"https:\/\/distribucionarc.com\/de\/#organization\"},\"potentialAction\":[{\"@type\":\"SearchAction\",\"target\":{\"@type\":\"EntryPoint\",\"urlTemplate\":\"https:\/\/distribucionarc.com\/de\/?s={search_term_string}\"},\"query-input\":{\"@type\":\"PropertyValueSpecification\",\"valueRequired\":true,\"valueName\":\"search_term_string\"}}],\"inLanguage\":\"it-IT\"},{\"@type\":\"Organization\",\"@id\":\"https:\/\/distribucionarc.com\/de\/#organization\",\"name\":\"Distribuci\u00f3n ARC\",\"url\":\"https:\/\/distribucionarc.com\/de\/\",\"logo\":{\"@type\":\"ImageObject\",\"inLanguage\":\"it-IT\",\"@id\":\"https:\/\/distribucionarc.com\/de\/#\/schema\/logo\/image\/\",\"url\":\"https:\/\/distribucionarc.com\/wp-content\/uploads\/2024\/10\/distribucion-ARC-COLOR-SIN-FONDO-e1732295305345.png\",\"contentUrl\":\"https:\/\/distribucionarc.com\/wp-content\/uploads\/2024\/10\/distribucion-ARC-COLOR-SIN-FONDO-e1732295305345.png\",\"width\":1164,\"height\":558,\"caption\":\"Distribuci\u00f3n ARC\"},\"image\":{\"@id\":\"https:\/\/distribucionarc.com\/de\/#\/schema\/logo\/image\/\"},\"description\":\"Empresa especializada en la fabricaci\u00f3n y distribuci\u00f3n de maquinaria industrial para los sectores alimentario y farmac\u00e9utico. Nos especializamos en: M\u00e1quinas de cortar carne Fabricaci\u00f3n de comprimidos Sistemas de transporte industrial L\u00edneas de embotellado Dosificadores Y mucho m\u00e1s... Ofrecemos soluciones innovadoras y personalizadas para optimizar los procesos productivos de tu empresa.\",\"email\":\"Admistracion@distribucionarc.com\",\"telephone\":\"+34 643496664\",\"legalName\":\"ARC TECH SOLUTIONS\",\"foundingDate\":\"2024-04-09\",\"vatID\":\"B55480172\",\"numberOfEmployees\":{\"@type\":\"QuantitativeValue\",\"minValue\":\"1\",\"maxValue\":\"10\"}}]}<\/script>\n<!-- \/ Yoast SEO Premium plugin. -->","yoast_head_json":{"title":"Spremiagrumi manuale, frantoio - Distribuzione ARC","robots":{"index":"index","follow":"follow","max-snippet":"max-snippet:-1","max-image-preview":"max-image-preview:large","max-video-preview":"max-video-preview:-1"},"canonical":"https:\/\/www.distribucionarc.com\/pt\/producto\/exprimidor-manual-molino-para-zumo\/","og_locale":"it_IT","og_type":"article","og_title":"Exprimidor manual, molino para zumo","og_description":"Exprimidor manual, molino para zumo Este exprimidor de fruta ARC est\u00e1 hecho de acero inoxidable 304, es inoxidable e higi\u00e9nico. El molino es f\u00e1cil de montar y f\u00e1cil de limpiar. Tiene un dise\u00f1o para fijar la abrazadera a la mesa, lo que garantiza una fuerte estabilidad durante el proceso. Es perfecto para zumo de hierba de trigo, varias verduras y la mayor\u00eda de las frutas. Garant\u00eda\u00a0ARC 2 A\u00d1OS soporte t\u00e9cnico\u00a0incluido  Prensa de tornillo, extractor de zumo,\u00a0 mini exprimidor de frutas 3L cantidad","og_url":"https:\/\/www.distribucionarc.com\/pt\/producto\/exprimidor-manual-molino-para-zumo\/","og_site_name":"distribuci\u00f3n ARC","article_modified_time":"2020-09-30T11:54:16+00:00","og_image":[{"width":1600,"height":1600,"url":"https:\/\/www.distribucionarc.com\/wp-content\/uploads\/2020\/08\/Exprimidor-manual-molino-para-zumo-0.jpg","type":"image\/jpeg"}],"twitter_card":"summary_large_image","twitter_misc":{"Tempo di lettura stimato":"1 minuto"},"schema":{"@context":"https:\/\/schema.org","@graph":[{"@type":"WebPage","@id":"https:\/\/www.distribucionarc.com\/pt\/producto\/exprimidor-manual-molino-para-zumo\/","url":"https:\/\/www.distribucionarc.com\/pt\/producto\/exprimidor-manual-molino-para-zumo\/","name":"Spremiagrumi manuale, frantoio - Distribuzione ARC","isPartOf":{"@id":"https:\/\/distribucionarc.com\/de\/#website"},"primaryImageOfPage":{"@id":"https:\/\/www.distribucionarc.com\/pt\/producto\/exprimidor-manual-molino-para-zumo\/#primaryimage"},"image":{"@id":"https:\/\/www.distribucionarc.com\/pt\/producto\/exprimidor-manual-molino-para-zumo\/#primaryimage"},"thumbnailUrl":"https:\/\/distribucionarc.com\/wp-content\/uploads\/2020\/08\/Exprimidor-manual-molino-para-zumo-0.jpg","datePublished":"2020-08-13T15:32:23+00:00","dateModified":"2020-09-30T11:54:16+00:00","breadcrumb":{"@id":"https:\/\/www.distribucionarc.com\/pt\/producto\/exprimidor-manual-molino-para-zumo\/#breadcrumb"},"inLanguage":"it-IT","potentialAction":[{"@type":"ReadAction","target":["https:\/\/www.distribucionarc.com\/pt\/producto\/exprimidor-manual-molino-para-zumo\/"]}]},{"@type":"ImageObject","inLanguage":"it-IT","@id":"https:\/\/www.distribucionarc.com\/pt\/producto\/exprimidor-manual-molino-para-zumo\/#primaryimage","url":"https:\/\/distribucionarc.com\/wp-content\/uploads\/2020\/08\/Exprimidor-manual-molino-para-zumo-0.jpg","contentUrl":"https:\/\/distribucionarc.com\/wp-content\/uploads\/2020\/08\/Exprimidor-manual-molino-para-zumo-0.jpg","width":1600,"height":1600,"caption":"Exprimidor manual, molino para zumo"},{"@type":"BreadcrumbList","@id":"https:\/\/www.distribucionarc.com\/pt\/producto\/exprimidor-manual-molino-para-zumo\/#breadcrumb","itemListElement":[{"@type":"ListItem","position":1,"name":"Portada","item":"https:\/\/distribucionarc.com\/pl\/"},{"@type":"ListItem","position":2,"name":"Produkty","item":"https:\/\/distribucionarc.com\/pl\/shop\/"},{"@type":"ListItem","position":3,"name":"Exprimidor manual, molino para zumo"}]},{"@type":"WebSite","@id":"https:\/\/distribucionarc.com\/de\/#website","url":"https:\/\/distribucionarc.com\/de\/","name":"Distribuzione dell&#039;ARCO","description":"Azienda specializzata nella produzione e distribuzione di macchinari industriali, macchine sigillatrici di lattine, macchine per la produzione di compresse, macchine per il taglio della carne...","publisher":{"@id":"https:\/\/distribucionarc.com\/de\/#organization"},"potentialAction":[{"@type":"SearchAction","target":{"@type":"EntryPoint","urlTemplate":"https:\/\/distribucionarc.com\/de\/?s={search_term_string}"},"query-input":{"@type":"PropertyValueSpecification","valueRequired":true,"valueName":"search_term_string"}}],"inLanguage":"it-IT"},{"@type":"Organization","@id":"https:\/\/distribucionarc.com\/de\/#organization","name":"Distribuzione dell&#039;ARC","url":"https:\/\/distribucionarc.com\/de\/","logo":{"@type":"ImageObject","inLanguage":"it-IT","@id":"https:\/\/distribucionarc.com\/de\/#\/schema\/logo\/image\/","url":"https:\/\/distribucionarc.com\/wp-content\/uploads\/2024\/10\/distribucion-ARC-COLOR-SIN-FONDO-e1732295305345.png","contentUrl":"https:\/\/distribucionarc.com\/wp-content\/uploads\/2024\/10\/distribucion-ARC-COLOR-SIN-FONDO-e1732295305345.png","width":1164,"height":558,"caption":"Distribuci\u00f3n ARC"},"image":{"@id":"https:\/\/distribucionarc.com\/de\/#\/schema\/logo\/image\/"},"description":"Azienda specializzata nella produzione e distribuzione di macchinari industriali per il settore alimentare e farmaceutico. Siamo specializzati in: Macchine per il taglio della carne Produzione di compresse Sistemi di trasporto industriale Linee di imbottigliamento Dispenser E molto altro ancora... Offriamo soluzioni innovative e personalizzate per ottimizzare i processi produttivi della vostra azienda.","email":"Admistracion@distribucionarc.com","telephone":"+34 643496664","legalName":"ARC TECH SOLUTIONS","foundingDate":"2024-04-09","vatID":"B55480172","numberOfEmployees":{"@type":"QuantitativeValue","minValue":"1","maxValue":"10"}}]}},"_links":{"self":[{"href":"https:\/\/distribucionarc.com\/it\/wp-json\/wp\/v2\/product\/2286","targetHints":{"allow":["GET"]}}],"collection":[{"href":"https:\/\/distribucionarc.com\/it\/wp-json\/wp\/v2\/product"}],"about":[{"href":"https:\/\/distribucionarc.com\/it\/wp-json\/wp\/v2\/types\/product"}],"replies":[{"embeddable":true,"href":"https:\/\/distribucionarc.com\/it\/wp-json\/wp\/v2\/comments?post=2286"}],"version-history":[{"count":0,"href":"https:\/\/distribucionarc.com\/it\/wp-json\/wp\/v2\/product\/2286\/revisions"}],"wp:featuredmedia":[{"embeddable":true,"href":"https:\/\/distribucionarc.com\/it\/wp-json\/wp\/v2\/media\/2291"}],"wp:attachment":[{"href":"https:\/\/distribucionarc.com\/it\/wp-json\/wp\/v2\/media?parent=2286"}],"wp:term":[{"taxonomy":"product_brand","embeddable":true,"href":"https:\/\/distribucionarc.com\/it\/wp-json\/wp\/v2\/product_brand?post=2286"},{"taxonomy":"product_cat","embeddable":true,"href":"https:\/\/distribucionarc.com\/it\/wp-json\/wp\/v2\/product_cat?post=2286"},{"taxonomy":"product_tag","embeddable":true,"href":"https:\/\/distribucionarc.com\/it\/wp-json\/wp\/v2\/product_tag?post=2286"}],"curies":[{"name":"wp","href":"https:\/\/api.w.org\/{rel}","templated":true}]}}