{"id":2304,"date":"2020-08-14T10:40:14","date_gmt":"2020-08-14T10:40:14","guid":{"rendered":"https:\/\/distribucionarc.com\/?post_type=product&#038;p=2304"},"modified":"2020-09-30T11:59:21","modified_gmt":"2020-09-30T11:59:21","slug":"gocciolatoio-con-drenaggio-e-1-vaschetta-bagnata-1-32-x-15-cm","status":"publish","type":"product","link":"https:\/\/distribucionarc.com\/it\/producto\/bandeja-de-goteo-con-drenaje-y-1-moja-copas-1-32-x-15-cm\/","title":{"rendered":"Vaschetta raccogligocce con piletta e 1 portabicchieri 32 x 15 cm"},"content":{"rendered":"<h3>Vaschetta raccogligocce con piletta e 1 portabicchieri 32 x 15 cm<\/h3>\n<p>Il corpo di questo <strong>Vassoio bar ARC<\/strong> \u00c8 realizzato in acciaio inossidabile 304 con rondella in ABS e ingresso e uscita dell&#039;acqua in ottone. Garantisce protezione contro la corrosione e la ruggine.<\/p>\n<p>Lo scarico utilizza una valvola completamente in acciaio inossidabile 304 per garantire la sicurezza dell&#039;acqua. Dispone di cinque potenti fori di spruzzo d&#039;acqua che offrono pulizia multidimensionale e massima pulizia.<\/p>\n<p>I bicchieri possono essere puliti in tutte le direzioni semplicemente posizionandoli nella <strong>lava caraffa per cottura a vapore<\/strong> con una mano. Questo <strong>lavatazze <span style=\"color: #ff0000;\">A<\/span><span style=\"color: #0000ff;\">R<\/span>CBGV100<\/strong> Ha un design incorporato che pu\u00f2 essere perfettamente incorporato nella barra a seconda delle dimensioni per avere pi\u00f9 spazio.<\/p>\n<h6><strong>Garanzia\u00a0<\/strong><span style=\"color: #ff0000;\"><strong>A<\/strong><\/span><span style=\"color: #0000ff;\"><strong>R<\/strong><\/span><strong>C 2 ANNI<\/strong><\/h6>\n<h6><strong>supporto tecnico incluso<\/strong><\/h6>\n<p>&nbsp;<\/p>\n<table width=\"100%\">\n<tbody>\n<tr>\n<td>Tipo:<\/td>\n<td width=\"50%\">Manuale<\/td>\n<td colspan=\"2\" width=\"327\"><\/td>\n<\/tr>\n<tr>\n<td>Paese di distribuzione:<\/td>\n<td width=\"50%\">Spagna, Germania, Stati Uniti<\/td>\n<td>Peso:<\/td>\n<td width=\"50%\">650 g<\/td>\n<\/tr>\n<tr>\n<td>Marca:<\/td>\n<td width=\"50%\">ARCO<\/td>\n<td>Altezza:<\/td>\n<td width=\"50%\">3 cm<\/td>\n<\/tr>\n<tr>\n<td>Colore:<\/td>\n<td width=\"50%\">Argento<\/td>\n<td>Lungo:<\/td>\n<td width=\"50%\">32,8 centimetri<\/td>\n<\/tr>\n<tr>\n<td>Tipo di prodotto:<\/td>\n<td width=\"50%\">vassoio raccogligocce<\/td>\n<td>Ampio:<\/td>\n<td width=\"50%\">15,5 centimetri<\/td>\n<\/tr>\n<tr>\n<td>Numero del produttore:<\/td>\n<td width=\"50%\">ARCBGV100<\/td>\n<td>Diametro del pulitore per vetri:<\/td>\n<td width=\"50%\">11,5 cm<\/td>\n<\/tr>\n<tr>\n<td>Materiale:<\/td>\n<td width=\"50%\">Acciaio inossidabile alimentare 304<\/td>\n<td>Vassoio raccogligocce:<\/td>\n<td width=\"50%\">12&quot;x6&quot;<\/td>\n<\/tr>\n<tr>\n<td>Strumento di installazione:<\/td>\n<td width=\"50%\">2 tubi di ingresso e uscita dell&#039;acqua<\/p>\n<p>2 adattatori di conversione<\/td>\n<td>Pressione dell&#039;acqua consigliata:<\/td>\n<td width=\"50%\">15-30PSI<\/td>\n<\/tr>\n<tr>\n<td>Garanzia:<\/td>\n<td width=\"50%\">2 ANNI<\/td>\n<td>Spessore del materiale:<\/td>\n<td width=\"50%\">0,12 cm<\/td>\n<\/tr>\n<\/tbody>\n<\/table>","protected":false},"excerpt":{"rendered":"<h2>Vaschetta raccogligocce con piletta e 1 portabicchieri 32 x 15 cm<\/h2>\n<p>Questo<strong> lavabicchieri <span style=\"color: #ff0000;\">A<\/span><span style=\"color: #0000ff;\">R<\/span>C<\/strong> La Sciacquatrice \u00e8 uno strumento efficace per pulire tutti i tipi di bicchieri e contenitori con diametro inferiore a 12 cm. Offre pi\u00f9 di 80% di risparmio idrico rispetto al lavaggio a mano convenzionale. Con 5 potenti fori di spruzzo d&#039;acqua, i tuoi occhiali vengono puliti in 3 secondi.<\/p>\n<h6><strong>Garanzia\u00a0<\/strong><span style=\"color: #ff0000;\"><strong>A<\/strong><\/span><span style=\"color: #0000ff;\"><strong>R<\/strong><\/span><strong>C 2 ANNI<\/strong><\/h6>\n<h6><strong>supporto tecnico incluso<\/strong><\/h6>","protected":false},"featured_media":2311,"comment_status":"open","ping_status":"closed","template":"","meta":{"wds_primary_product_brand":0,"wds_primary_product_cat":0},"product_brand":[],"product_cat":[64],"product_tag":[],"class_list":{"0":"post-2304","1":"product","2":"type-product","3":"status-publish","4":"has-post-thumbnail","6":"product_cat-fregaderos-mesas-de-apoyo-mesones-de-trabajo","7":"product_shipping_class-hosteleria","9":"first","10":"instock","11":"sale","12":"taxable","13":"shipping-taxable","14":"purchasable","15":"product-type-simple"},"yoast_head":"<!-- This site is optimized with the Yoast SEO Premium plugin v24.9 (Yoast SEO v26.1) - https:\/\/yoast.com\/wordpress\/plugins\/seo\/ -->\n<title>Bandeja de goteo con drenaje y 1 moja copas 32 x 15 cm - distribuci\u00f3n ARC<\/title>\n<meta name=\"robots\" content=\"index, follow, max-snippet:-1, max-image-preview:large, max-video-preview:-1\" \/>\n<link rel=\"canonical\" href=\"https:\/\/distribucionarc.com\/it\/prodotto\/gocciolatoio-con-drenaggio-e-1-vaschetta-bagnata-1-32-x-15-cm\/\" \/>\n<meta property=\"og:locale\" content=\"it_IT\" \/>\n<meta property=\"og:type\" content=\"article\" \/>\n<meta property=\"og:title\" content=\"Bandeja de goteo con drenaje y 1 moja copas 32 x 15 cm\" \/>\n<meta property=\"og:description\" content=\"Bandeja de goteo con drenaje y\u00a0 1 moja copas \u00a032 x 15 cm Esta lavadora de vidrio ARC para enjuague es una herramienta eficiente para la limpieza de todo tipo de vasos y recipientes con un di\u00e1metro inferior a 12 cm. Ofrece m\u00e1s del 80% de ahorro de agua en comparaci\u00f3n con el lavado de manos convencional. Con 5 potentes orificios de pulverizaci\u00f3n de agua, sus vasos se limpian en 3 segundos. Garant\u00eda\u00a0ARC 2 A\u00d1OS soporte t\u00e9cnico\u00a0incluido\" \/>\n<meta property=\"og:url\" content=\"https:\/\/distribucionarc.com\/it\/prodotto\/gocciolatoio-con-drenaggio-e-1-vaschetta-bagnata-1-32-x-15-cm\/\" \/>\n<meta property=\"og:site_name\" content=\"distribuci\u00f3n ARC\" \/>\n<meta property=\"article:modified_time\" content=\"2020-09-30T11:59:21+00:00\" \/>\n<meta property=\"og:image\" content=\"https:\/\/distribucionarc.com\/wp-content\/uploads\/2020\/08\/Bandeja-de-goteo-con-drenaje-y-1-moja-copas-1-32-x-15-cm-0.jpg\" \/>\n\t<meta property=\"og:image:width\" content=\"1600\" \/>\n\t<meta property=\"og:image:height\" content=\"1600\" \/>\n\t<meta property=\"og:image:type\" content=\"image\/jpeg\" \/>\n<meta name=\"twitter:card\" content=\"summary_large_image\" \/>\n<meta name=\"twitter:label1\" content=\"Tempo di lettura stimato\" \/>\n\t<meta name=\"twitter:data1\" content=\"1 minuto\" \/>\n<script type=\"application\/ld+json\" class=\"yoast-schema-graph\">{\"@context\":\"https:\/\/schema.org\",\"@graph\":[{\"@type\":\"WebPage\",\"@id\":\"https:\/\/distribucionarc.com\/pt\/producto\/bandeja-de-goteo-con-drenaje-y-1-moja-copas-1-32-x-15-cm\/\",\"url\":\"https:\/\/distribucionarc.com\/pt\/producto\/bandeja-de-goteo-con-drenaje-y-1-moja-copas-1-32-x-15-cm\/\",\"name\":\"Bandeja de goteo con drenaje y 1 moja copas 32 x 15 cm - distribuci\u00f3n ARC\",\"isPartOf\":{\"@id\":\"https:\/\/distribucionarc.com\/de\/#website\"},\"primaryImageOfPage\":{\"@id\":\"https:\/\/distribucionarc.com\/pt\/producto\/bandeja-de-goteo-con-drenaje-y-1-moja-copas-1-32-x-15-cm\/#primaryimage\"},\"image\":{\"@id\":\"https:\/\/distribucionarc.com\/pt\/producto\/bandeja-de-goteo-con-drenaje-y-1-moja-copas-1-32-x-15-cm\/#primaryimage\"},\"thumbnailUrl\":\"https:\/\/distribucionarc.com\/wp-content\/uploads\/2020\/08\/Bandeja-de-goteo-con-drenaje-y-1-moja-copas-1-32-x-15-cm-0.jpg\",\"datePublished\":\"2020-08-14T10:40:14+00:00\",\"dateModified\":\"2020-09-30T11:59:21+00:00\",\"breadcrumb\":{\"@id\":\"https:\/\/distribucionarc.com\/pt\/producto\/bandeja-de-goteo-con-drenaje-y-1-moja-copas-1-32-x-15-cm\/#breadcrumb\"},\"inLanguage\":\"it-IT\",\"potentialAction\":[{\"@type\":\"ReadAction\",\"target\":[\"https:\/\/distribucionarc.com\/pt\/producto\/bandeja-de-goteo-con-drenaje-y-1-moja-copas-1-32-x-15-cm\/\"]}]},{\"@type\":\"ImageObject\",\"inLanguage\":\"it-IT\",\"@id\":\"https:\/\/distribucionarc.com\/pt\/producto\/bandeja-de-goteo-con-drenaje-y-1-moja-copas-1-32-x-15-cm\/#primaryimage\",\"url\":\"https:\/\/distribucionarc.com\/wp-content\/uploads\/2020\/08\/Bandeja-de-goteo-con-drenaje-y-1-moja-copas-1-32-x-15-cm-0.jpg\",\"contentUrl\":\"https:\/\/distribucionarc.com\/wp-content\/uploads\/2020\/08\/Bandeja-de-goteo-con-drenaje-y-1-moja-copas-1-32-x-15-cm-0.jpg\",\"width\":1600,\"height\":1600,\"caption\":\"Bandeja de goteo con drenaje y 1 moja copas 1 32 x 15 cm\"},{\"@type\":\"BreadcrumbList\",\"@id\":\"https:\/\/distribucionarc.com\/pt\/producto\/bandeja-de-goteo-con-drenaje-y-1-moja-copas-1-32-x-15-cm\/#breadcrumb\",\"itemListElement\":[{\"@type\":\"ListItem\",\"position\":1,\"name\":\"Portada\",\"item\":\"https:\/\/distribucionarc.com\/pl\/\"},{\"@type\":\"ListItem\",\"position\":2,\"name\":\"Produkty\",\"item\":\"https:\/\/distribucionarc.com\/pl\/shop\/\"},{\"@type\":\"ListItem\",\"position\":3,\"name\":\"Bandeja de goteo con drenaje y 1 moja copas 32 x 15 cm\"}]},{\"@type\":\"WebSite\",\"@id\":\"https:\/\/distribucionarc.com\/de\/#website\",\"url\":\"https:\/\/distribucionarc.com\/de\/\",\"name\":\"distribuci\u00f3n ARC\",\"description\":\"Empresa especializada en la fabricaci\u00f3n y distribuci\u00f3n de maquinaria industrial, selladoras de latas, Maquinas de hacer pastillas, Maquinas de cortar carne...\",\"publisher\":{\"@id\":\"https:\/\/distribucionarc.com\/de\/#organization\"},\"potentialAction\":[{\"@type\":\"SearchAction\",\"target\":{\"@type\":\"EntryPoint\",\"urlTemplate\":\"https:\/\/distribucionarc.com\/de\/?s={search_term_string}\"},\"query-input\":{\"@type\":\"PropertyValueSpecification\",\"valueRequired\":true,\"valueName\":\"search_term_string\"}}],\"inLanguage\":\"it-IT\"},{\"@type\":\"Organization\",\"@id\":\"https:\/\/distribucionarc.com\/de\/#organization\",\"name\":\"Distribuci\u00f3n ARC\",\"url\":\"https:\/\/distribucionarc.com\/de\/\",\"logo\":{\"@type\":\"ImageObject\",\"inLanguage\":\"it-IT\",\"@id\":\"https:\/\/distribucionarc.com\/de\/#\/schema\/logo\/image\/\",\"url\":\"https:\/\/distribucionarc.com\/wp-content\/uploads\/2024\/10\/distribucion-ARC-COLOR-SIN-FONDO-e1732295305345.png\",\"contentUrl\":\"https:\/\/distribucionarc.com\/wp-content\/uploads\/2024\/10\/distribucion-ARC-COLOR-SIN-FONDO-e1732295305345.png\",\"width\":1164,\"height\":558,\"caption\":\"Distribuci\u00f3n ARC\"},\"image\":{\"@id\":\"https:\/\/distribucionarc.com\/de\/#\/schema\/logo\/image\/\"},\"description\":\"Empresa especializada en la fabricaci\u00f3n y distribuci\u00f3n de maquinaria industrial para los sectores alimentario y farmac\u00e9utico. Nos especializamos en: M\u00e1quinas de cortar carne Fabricaci\u00f3n de comprimidos Sistemas de transporte industrial L\u00edneas de embotellado Dosificadores Y mucho m\u00e1s... Ofrecemos soluciones innovadoras y personalizadas para optimizar los procesos productivos de tu empresa.\",\"email\":\"Admistracion@distribucionarc.com\",\"telephone\":\"+34 643496664\",\"legalName\":\"ARC TECH SOLUTIONS\",\"foundingDate\":\"2024-04-09\",\"vatID\":\"B55480172\",\"numberOfEmployees\":{\"@type\":\"QuantitativeValue\",\"minValue\":\"1\",\"maxValue\":\"10\"}}]}<\/script>\n<!-- \/ Yoast SEO Premium plugin. -->","yoast_head_json":{"title":"Vaschetta raccogligocce con drenaggio e 1 tazza bagnata 32 x 15 cm - distribuzione ARC","robots":{"index":"index","follow":"follow","max-snippet":"max-snippet:-1","max-image-preview":"max-image-preview:large","max-video-preview":"max-video-preview:-1"},"canonical":"https:\/\/distribucionarc.com\/it\/prodotto\/gocciolatoio-con-drenaggio-e-1-vaschetta-bagnata-1-32-x-15-cm\/","og_locale":"it_IT","og_type":"article","og_title":"Bandeja de goteo con drenaje y 1 moja copas 32 x 15 cm","og_description":"Bandeja de goteo con drenaje y\u00a0 1 moja copas \u00a032 x 15 cm Esta lavadora de vidrio ARC para enjuague es una herramienta eficiente para la limpieza de todo tipo de vasos y recipientes con un di\u00e1metro inferior a 12 cm. Ofrece m\u00e1s del 80% de ahorro de agua en comparaci\u00f3n con el lavado de manos convencional. Con 5 potentes orificios de pulverizaci\u00f3n de agua, sus vasos se limpian en 3 segundos. Garant\u00eda\u00a0ARC 2 A\u00d1OS soporte t\u00e9cnico\u00a0incluido","og_url":"https:\/\/distribucionarc.com\/it\/prodotto\/gocciolatoio-con-drenaggio-e-1-vaschetta-bagnata-1-32-x-15-cm\/","og_site_name":"distribuci\u00f3n ARC","article_modified_time":"2020-09-30T11:59:21+00:00","og_image":[{"width":1600,"height":1600,"url":"https:\/\/distribucionarc.com\/wp-content\/uploads\/2020\/08\/Bandeja-de-goteo-con-drenaje-y-1-moja-copas-1-32-x-15-cm-0.jpg","type":"image\/jpeg"}],"twitter_card":"summary_large_image","twitter_misc":{"Tempo di lettura stimato":"1 minuto"},"schema":{"@context":"https:\/\/schema.org","@graph":[{"@type":"WebPage","@id":"https:\/\/distribucionarc.com\/pt\/producto\/bandeja-de-goteo-con-drenaje-y-1-moja-copas-1-32-x-15-cm\/","url":"https:\/\/distribucionarc.com\/pt\/producto\/bandeja-de-goteo-con-drenaje-y-1-moja-copas-1-32-x-15-cm\/","name":"Vaschetta raccogligocce con drenaggio e 1 tazza bagnata 32 x 15 cm - distribuzione ARC","isPartOf":{"@id":"https:\/\/distribucionarc.com\/de\/#website"},"primaryImageOfPage":{"@id":"https:\/\/distribucionarc.com\/pt\/producto\/bandeja-de-goteo-con-drenaje-y-1-moja-copas-1-32-x-15-cm\/#primaryimage"},"image":{"@id":"https:\/\/distribucionarc.com\/pt\/producto\/bandeja-de-goteo-con-drenaje-y-1-moja-copas-1-32-x-15-cm\/#primaryimage"},"thumbnailUrl":"https:\/\/distribucionarc.com\/wp-content\/uploads\/2020\/08\/Bandeja-de-goteo-con-drenaje-y-1-moja-copas-1-32-x-15-cm-0.jpg","datePublished":"2020-08-14T10:40:14+00:00","dateModified":"2020-09-30T11:59:21+00:00","breadcrumb":{"@id":"https:\/\/distribucionarc.com\/pt\/producto\/bandeja-de-goteo-con-drenaje-y-1-moja-copas-1-32-x-15-cm\/#breadcrumb"},"inLanguage":"it-IT","potentialAction":[{"@type":"ReadAction","target":["https:\/\/distribucionarc.com\/pt\/producto\/bandeja-de-goteo-con-drenaje-y-1-moja-copas-1-32-x-15-cm\/"]}]},{"@type":"ImageObject","inLanguage":"it-IT","@id":"https:\/\/distribucionarc.com\/pt\/producto\/bandeja-de-goteo-con-drenaje-y-1-moja-copas-1-32-x-15-cm\/#primaryimage","url":"https:\/\/distribucionarc.com\/wp-content\/uploads\/2020\/08\/Bandeja-de-goteo-con-drenaje-y-1-moja-copas-1-32-x-15-cm-0.jpg","contentUrl":"https:\/\/distribucionarc.com\/wp-content\/uploads\/2020\/08\/Bandeja-de-goteo-con-drenaje-y-1-moja-copas-1-32-x-15-cm-0.jpg","width":1600,"height":1600,"caption":"Bandeja de goteo con drenaje y 1 moja copas 1 32 x 15 cm"},{"@type":"BreadcrumbList","@id":"https:\/\/distribucionarc.com\/pt\/producto\/bandeja-de-goteo-con-drenaje-y-1-moja-copas-1-32-x-15-cm\/#breadcrumb","itemListElement":[{"@type":"ListItem","position":1,"name":"Portada","item":"https:\/\/distribucionarc.com\/pl\/"},{"@type":"ListItem","position":2,"name":"Produkty","item":"https:\/\/distribucionarc.com\/pl\/shop\/"},{"@type":"ListItem","position":3,"name":"Bandeja de goteo con drenaje y 1 moja copas 32 x 15 cm"}]},{"@type":"WebSite","@id":"https:\/\/distribucionarc.com\/de\/#website","url":"https:\/\/distribucionarc.com\/de\/","name":"Distribuzione dell&#039;ARCO","description":"Azienda specializzata nella produzione e distribuzione di macchinari industriali, macchine sigillatrici di lattine, macchine per la produzione di compresse, macchine per il taglio della carne...","publisher":{"@id":"https:\/\/distribucionarc.com\/de\/#organization"},"potentialAction":[{"@type":"SearchAction","target":{"@type":"EntryPoint","urlTemplate":"https:\/\/distribucionarc.com\/de\/?s={search_term_string}"},"query-input":{"@type":"PropertyValueSpecification","valueRequired":true,"valueName":"search_term_string"}}],"inLanguage":"it-IT"},{"@type":"Organization","@id":"https:\/\/distribucionarc.com\/de\/#organization","name":"Distribuzione dell&#039;ARC","url":"https:\/\/distribucionarc.com\/de\/","logo":{"@type":"ImageObject","inLanguage":"it-IT","@id":"https:\/\/distribucionarc.com\/de\/#\/schema\/logo\/image\/","url":"https:\/\/distribucionarc.com\/wp-content\/uploads\/2024\/10\/distribucion-ARC-COLOR-SIN-FONDO-e1732295305345.png","contentUrl":"https:\/\/distribucionarc.com\/wp-content\/uploads\/2024\/10\/distribucion-ARC-COLOR-SIN-FONDO-e1732295305345.png","width":1164,"height":558,"caption":"Distribuci\u00f3n ARC"},"image":{"@id":"https:\/\/distribucionarc.com\/de\/#\/schema\/logo\/image\/"},"description":"Azienda specializzata nella produzione e distribuzione di macchinari industriali per il settore alimentare e farmaceutico. Siamo specializzati in: Macchine per il taglio della carne Produzione di compresse Sistemi di trasporto industriale Linee di imbottigliamento Dispenser E molto altro ancora... Offriamo soluzioni innovative e personalizzate per ottimizzare i processi produttivi della vostra azienda.","email":"Admistracion@distribucionarc.com","telephone":"+34 643496664","legalName":"ARC TECH SOLUTIONS","foundingDate":"2024-04-09","vatID":"B55480172","numberOfEmployees":{"@type":"QuantitativeValue","minValue":"1","maxValue":"10"}}]}},"_links":{"self":[{"href":"https:\/\/distribucionarc.com\/it\/wp-json\/wp\/v2\/product\/2304","targetHints":{"allow":["GET"]}}],"collection":[{"href":"https:\/\/distribucionarc.com\/it\/wp-json\/wp\/v2\/product"}],"about":[{"href":"https:\/\/distribucionarc.com\/it\/wp-json\/wp\/v2\/types\/product"}],"replies":[{"embeddable":true,"href":"https:\/\/distribucionarc.com\/it\/wp-json\/wp\/v2\/comments?post=2304"}],"version-history":[{"count":0,"href":"https:\/\/distribucionarc.com\/it\/wp-json\/wp\/v2\/product\/2304\/revisions"}],"wp:featuredmedia":[{"embeddable":true,"href":"https:\/\/distribucionarc.com\/it\/wp-json\/wp\/v2\/media\/2311"}],"wp:attachment":[{"href":"https:\/\/distribucionarc.com\/it\/wp-json\/wp\/v2\/media?parent=2304"}],"wp:term":[{"taxonomy":"product_brand","embeddable":true,"href":"https:\/\/distribucionarc.com\/it\/wp-json\/wp\/v2\/product_brand?post=2304"},{"taxonomy":"product_cat","embeddable":true,"href":"https:\/\/distribucionarc.com\/it\/wp-json\/wp\/v2\/product_cat?post=2304"},{"taxonomy":"product_tag","embeddable":true,"href":"https:\/\/distribucionarc.com\/it\/wp-json\/wp\/v2\/product_tag?post=2304"}],"curies":[{"name":"wp","href":"https:\/\/api.w.org\/{rel}","templated":true}]}}