{"id":2527,"date":"2020-08-19T15:38:52","date_gmt":"2020-08-19T15:38:52","guid":{"rendered":"https:\/\/distribucionarc.com\/?post_type=product&#038;p=2527"},"modified":"2020-10-01T08:20:42","modified_gmt":"2020-10-01T08:20:42","slug":"macchina-automatica-per-ciambelle-o-ciambelle-professionale-per-6-ciambelle","status":"publish","type":"product","link":"https:\/\/distribucionarc.com\/it\/producto\/maquina-automatica-para-donuts-o-rosquillas-profesional-para-6-donuts\/","title":{"rendered":"Macchina automatica professionale per ciambelle o ciambelle per 6 ciambelle"},"content":{"rendered":"<h3>Macchina automatica professionale per ciambelle o ciambelle per 6 ciambelle<\/h3>\n<p>Aumenta la tua produzione senza perdere il sapore del tuo prodotto con il<strong>\u00a0macchina automatica per ciambelle<\/strong>\u00a0Di\u00a0<strong><span style=\"color: #ff0000;\">A<\/span><span style=\"color: #0000ff;\">R<\/span>C<\/strong>. Ha le funzionalit\u00e0 necessarie per evidenziare il tuo a<strong>alte prestazioni<\/strong>, gestibilit\u00e0 e\u00a0<span style=\"color: #008000;\"><strong>basso consumo energetico<\/strong>.<\/span><\/p>\n<p>Questo\u00a0<strong>macchina per ciambelle commerciale<\/strong>\u00a0Di\u00a0<strong><span style=\"color: #ff0000;\">A<\/span><span style=\"color: #0000ff;\">R<\/span>C<\/strong>\u00a0\u00c8 realizzato in acciaio inossidabile alimentare 304, robusto e durevole. Resistente alla corrosione, resistente alla ruggine e facile da pulire.<\/p>\n<p>IL\u00a0<strong>macchina automatica per ciambelle<\/strong>\u00a0<strong><span style=\"color: #ff0000;\">A<\/span><span style=\"color: #0000ff;\">R<\/span>CMADL6<\/strong>\u00a0\u00c8 dotato di un pannello di controllo intelligente per un controllo comodo e preciso della temperatura dell&#039;olio e del tempo di frittura. Con indicatori per mostrare in ogni momento lo stato della cottura. Questo\u00a0<strong>macchina per ciambelle<\/strong>\u00a0Di\u00a0<strong><span style=\"color: #ff0000;\">A<\/span><span style=\"color: #0000ff;\">R<\/span>C<\/strong>\u00a0\u00c8 completamente automatico, con formatura automatica, controllo automatico della temperatura, frittura automatica, rotazione e uscita automatiche\u00a0<span style=\"color: #008000;\"><strong>risparmia notevolmente la tua energia<\/strong><\/span>\u00a0e il suo tempo.<\/p>\n<p>IL\u00a0<strong>mini macchina automatica per fare ciambelle<\/strong> Viene fornita con una tramoggia di grande capacit\u00e0 per contenere 9,5 litri di impasto. Puoi preparare pi\u00f9 ciambelle contemporaneamente, senza dover ricaricare ripetutamente la tramoggia.<\/p>\n<p>La tramoggia \u00e8 dotata di 6 stampi per ciambelle, <span style=\"color: #ff0000;\"><strong>in grado di produrre 2700 pezzi di ciambelle all&#039;ora<\/strong><\/span>. Questa macchina per ciambelle a 6 file supporta il trasporto di quattro file di ciambelle, per una preparazione pi\u00f9 efficiente delle ciambelle; La dimensione varia da 4 a 6 cm, con 5 impostazioni di velocit\u00e0.<\/p>\n<h6><strong>Garanzia\u00a0<span style=\"color: #ff0000;\">A<\/span><span style=\"color: #0000ff;\">R<\/span>C<\/strong><strong>\u00a02 ANNI<\/strong><\/h6>\n<h6><span style=\"color: #008000;\">Macchina automatica per ciambelline e ciambelline, efficiente, a basso consumo 2800w<\/span><\/h6>\n<h6><strong>supporto tecnico incluso<\/strong><\/h6>\n<p>&nbsp;<\/p>\n<p>&nbsp;<\/p>\n<table role=\"presentation\" width=\"100%\" cellspacing=\"0\" cellpadding=\"0\">\n<tbody>\n<tr>\n<td class=\"attrLabels\">Temperatura:<\/td>\n<td width=\"50.0%\">0-300\u00baC<\/td>\n<\/tr>\n<tr>\n<td class=\"attrLabels\">Paese di distribuzione:<\/td>\n<td width=\"50.0%\">Spagna, Germania, Stati Uniti<\/td>\n<td class=\"attrLabels\">Peso:<\/td>\n<td width=\"50.0%\">24 kg<\/td>\n<\/tr>\n<tr>\n<td class=\"attrLabels\">Marca:<\/td>\n<td width=\"50.0%\">ARCO<\/td>\n<td class=\"attrLabels\">Altezza:<\/td>\n<td width=\"50.0%\">51 cm<\/td>\n<\/tr>\n<tr>\n<td class=\"attrLabels\">Colore:<\/td>\n<td width=\"50.0%\">Argento<\/td>\n<td class=\"attrLabels\">Lungo:<\/td>\n<td width=\"50.0%\">74,5 cm<\/td>\n<\/tr>\n<tr>\n<td class=\"attrLabels\">Tipo di prodotto:<\/td>\n<td width=\"50.0%\">Macchina automatica professionale per ciambelle<\/td>\n<td class=\"attrLabels\">Ampio:<\/td>\n<td width=\"50.0%\">54,3 cm<\/td>\n<\/tr>\n<tr>\n<td class=\"attrLabels\">Numero del produttore:<\/td>\n<td width=\"50.0%\">ARCMADL6<\/td>\n<td class=\"attrLabels\">Energia:<\/td>\n<td width=\"50.0%\">2800W<\/td>\n<\/tr>\n<tr>\n<td class=\"attrLabels\">Materiale:<\/td>\n<td width=\"50.0%\">acciaio inossidabile, controllo della temperatura, completamente automatico<\/td>\n<td class=\"attrLabels\">tensione di ingresso<\/td>\n<td width=\"50.0%\">220 V \u2013 60 Hz<\/td>\n<\/tr>\n<tr>\n<td class=\"attrLabels\">Dimensione della ciambella:<\/td>\n<td width=\"50.0%\">4 \u2013 6 cm<\/td>\n<td class=\"attrLabels\">Garanzia:<\/td>\n<td width=\"50.0%\">2 ANNI<\/td>\n<\/tr>\n<tr>\n<td class=\"attrLabels\">Strumenti di installazione:<\/td>\n<td width=\"50.0%\">S\u00ec<\/td>\n<td class=\"attrLabels\">Produzione:<\/td>\n<td width=\"50.0%\">2700 pezzi all&#039;ora<\/td>\n<\/tr>\n<\/tbody>\n<\/table>","protected":false},"excerpt":{"rendered":"<h2>Macchina automatica professionale per ciambelle o ciambelle per 6 ciambelle<\/h2>\n<p>Questo\u00a0<strong>macchina per ciambelle<\/strong>\u00a0Di\u00a0<strong><span style=\"color: #ff0000;\">A<\/span><span style=\"color: #0000ff;\">R<\/span>C<\/strong>\u00a0\u00c8 indicato per la produzione a catena o anche per produrre ciambelle fresche in grandi quantit\u00e0 affinch\u00e9 conservino tutta la loro consistenza e sapore.<\/p>\n<p>IL\u00a0<strong>macchina automatica per ciambelle\u00a0<span style=\"color: #ff0000;\">A<\/span><span style=\"color: #0000ff;\">R<\/span>CMADL6<\/strong>\u00a0\u00c8 realizzato in acciaio inossidabile per uso alimentare. Il design completamente automatico \u00e8 popolare per la sua elevata efficienza e precisione di produzione<span style=\"color: #ff0000;\"><strong> 6 ciambelle di fila<\/strong><\/span>\u00a0con formazione automatica: ha il controllo automatico della temperatura, le ciambelline ruotano automaticamente sul nastro\u00a0<span style=\"color: #008000;\"><strong>risparmiando tempo ed energia<\/strong><\/span>. Con il\u00a0<strong>macchina automatica per ciambelle<\/strong>\u00a0pu\u00f2 fare molto delizioso<strong>\u00a0ciambelle<\/strong> dorata e croccante grazie al suo serbatoio da 9,5 L, potrai anche aggiungere arachidi, sesamo o noci sulla superficie della ciambella durante la modellatura. Ideale per uso professionale o domestico.<\/p>\n<h6><strong>Garanzia\u00a0<span style=\"color: #ff0000;\">A<\/span><span style=\"color: #0000ff;\">R<\/span>C<\/strong><strong>\u00a02 ANNI<\/strong><\/h6>\n<h6><span style=\"color: #008000;\">Macchina automatica per ciambelline e ciambelline, efficiente, a basso consumo 2800w<\/span><\/h6>\n<h6><strong>supporto tecnico incluso<\/strong><\/h6>","protected":false},"featured_media":2591,"comment_status":"open","ping_status":"closed","template":"","meta":{"wds_primary_product_brand":0,"wds_primary_product_cat":0},"product_brand":[],"product_cat":[56,53],"product_tag":[],"class_list":{"0":"post-2527","1":"product","2":"type-product","3":"status-publish","4":"has-post-thumbnail","6":"product_cat-maquinaria-para-ferias","7":"product_cat-panaderia-y-pasteleria-industrial","8":"product_shipping_class-express","10":"first","11":"instock","12":"sale","13":"taxable","14":"shipping-taxable","15":"purchasable","16":"product-type-simple"},"yoast_head":"<!-- This site is optimized with the Yoast SEO Premium plugin v24.9 (Yoast SEO v26.1) - https:\/\/yoast.com\/wordpress\/plugins\/seo\/ -->\n<title>M\u00e1quina autom\u00e1tica para donuts o rosquillas profesional para 6 donuts - distribuci\u00f3n ARC<\/title>\n<meta name=\"robots\" content=\"index, follow, max-snippet:-1, max-image-preview:large, max-video-preview:-1\" \/>\n<link rel=\"canonical\" href=\"https:\/\/distribucionarc.com\/it\/prodotto\/macchina-automatica-per-ciambelle-o-ciambelle-professionale-per-6-ciambelle\/\" \/>\n<meta property=\"og:locale\" content=\"it_IT\" \/>\n<meta property=\"og:type\" content=\"article\" \/>\n<meta property=\"og:title\" content=\"M\u00e1quina autom\u00e1tica para donuts o rosquillas profesional para 6 donuts\" \/>\n<meta property=\"og:description\" content=\"M\u00e1quina autom\u00e1tica para donuts o rosquillas profesional para 6 donuts Esta\u00a0m\u00e1quina de donuts\u00a0de\u00a0ARC\u00a0es la indicada para la producci\u00f3n en cadena o incluso para fabricar donuts frescos en gran cantidad para que conserven toda su textura y sabor.  La\u00a0m\u00e1quina autom\u00e1tica de rosquillas\u00a0ARCMADL6\u00a0est\u00e1 hecha de acero inoxidable de calidad alimentaria. El dise\u00f1o totalmente autom\u00e1tico es popular por su alta eficiencia y precisi\u00f3n para producir 6\u00a0donuts seguidos\u00a0con formaci\u00f3n autom\u00e1tica: dispone de control autom\u00e1tico de temperatura, los donuts giran autom\u00e1ticamente por la cinta\u00a0ahorrando tiempo y energ\u00eda. Con la\u00a0m\u00e1quina autom\u00e1tica de rosquillas\u00a0puede hacer \u00a0una gran cantidad de deliciosos\u00a0donuts dorados y crujientes gracias a su tanque de 9,5L , tambi\u00e9n se pueden a\u00f1adir cacahuetes, s\u00e9samo o nueces a la superficie del donut al moldear. Ideal para profesional o dom\u00e9stico. Garant\u00eda\u00a0ARC\u00a02 A\u00d1OS Maquina automatica para donuts y rosquillas eficiente, bajo consumo 2800w soporte t\u00e9cnico incluido\" \/>\n<meta property=\"og:url\" content=\"https:\/\/distribucionarc.com\/it\/prodotto\/macchina-automatica-per-ciambelle-o-ciambelle-professionale-per-6-ciambelle\/\" \/>\n<meta property=\"og:site_name\" content=\"distribuci\u00f3n ARC\" \/>\n<meta property=\"article:modified_time\" content=\"2020-10-01T08:20:42+00:00\" \/>\n<meta property=\"og:image\" content=\"https:\/\/distribucionarc.com\/wp-content\/uploads\/2020\/08\/M\u00e1quina-autom\u00e1tica-para-donuts-o-rosquillas-profesional-para-6-donuts-0.jpg\" \/>\n\t<meta property=\"og:image:width\" content=\"1600\" \/>\n\t<meta property=\"og:image:height\" content=\"1600\" \/>\n\t<meta property=\"og:image:type\" content=\"image\/jpeg\" \/>\n<meta name=\"twitter:card\" content=\"summary_large_image\" \/>\n<meta name=\"twitter:label1\" content=\"Tempo di lettura stimato\" \/>\n\t<meta name=\"twitter:data1\" content=\"2 minuti\" \/>\n<script type=\"application\/ld+json\" class=\"yoast-schema-graph\">{\"@context\":\"https:\/\/schema.org\",\"@graph\":[{\"@type\":\"WebPage\",\"@id\":\"https:\/\/distribucionarc.com\/producto\/maquina-automatica-para-donuts-o-rosquillas-profesional-para-6-donuts\/\",\"url\":\"https:\/\/distribucionarc.com\/producto\/maquina-automatica-para-donuts-o-rosquillas-profesional-para-6-donuts\/\",\"name\":\"M\u00e1quina autom\u00e1tica para donuts o rosquillas profesional para 6 donuts - distribuci\u00f3n ARC\",\"isPartOf\":{\"@id\":\"https:\/\/distribucionarc.com\/de\/#website\"},\"primaryImageOfPage\":{\"@id\":\"https:\/\/distribucionarc.com\/producto\/maquina-automatica-para-donuts-o-rosquillas-profesional-para-6-donuts\/#primaryimage\"},\"image\":{\"@id\":\"https:\/\/distribucionarc.com\/producto\/maquina-automatica-para-donuts-o-rosquillas-profesional-para-6-donuts\/#primaryimage\"},\"thumbnailUrl\":\"https:\/\/distribucionarc.com\/wp-content\/uploads\/2020\/08\/M\u00e1quina-autom\u00e1tica-para-donuts-o-rosquillas-profesional-para-6-donuts-0.jpg\",\"datePublished\":\"2020-08-19T15:38:52+00:00\",\"dateModified\":\"2020-10-01T08:20:42+00:00\",\"breadcrumb\":{\"@id\":\"https:\/\/distribucionarc.com\/producto\/maquina-automatica-para-donuts-o-rosquillas-profesional-para-6-donuts\/#breadcrumb\"},\"inLanguage\":\"it-IT\",\"potentialAction\":[{\"@type\":\"ReadAction\",\"target\":[\"https:\/\/distribucionarc.com\/producto\/maquina-automatica-para-donuts-o-rosquillas-profesional-para-6-donuts\/\"]}]},{\"@type\":\"ImageObject\",\"inLanguage\":\"it-IT\",\"@id\":\"https:\/\/distribucionarc.com\/producto\/maquina-automatica-para-donuts-o-rosquillas-profesional-para-6-donuts\/#primaryimage\",\"url\":\"https:\/\/distribucionarc.com\/wp-content\/uploads\/2020\/08\/M\u00e1quina-autom\u00e1tica-para-donuts-o-rosquillas-profesional-para-6-donuts-0.jpg\",\"contentUrl\":\"https:\/\/distribucionarc.com\/wp-content\/uploads\/2020\/08\/M\u00e1quina-autom\u00e1tica-para-donuts-o-rosquillas-profesional-para-6-donuts-0.jpg\",\"width\":1600,\"height\":1600,\"caption\":\"M\u00e1quina autom\u00e1tica para donuts o rosquillas profesional para 6 donuts\"},{\"@type\":\"BreadcrumbList\",\"@id\":\"https:\/\/distribucionarc.com\/producto\/maquina-automatica-para-donuts-o-rosquillas-profesional-para-6-donuts\/#breadcrumb\",\"itemListElement\":[{\"@type\":\"ListItem\",\"position\":1,\"name\":\"Portada\",\"item\":\"https:\/\/distribucionarc.com\/pl\/\"},{\"@type\":\"ListItem\",\"position\":2,\"name\":\"Produkty\",\"item\":\"https:\/\/distribucionarc.com\/pl\/shop\/\"},{\"@type\":\"ListItem\",\"position\":3,\"name\":\"M\u00e1quina autom\u00e1tica para donuts o rosquillas profesional para 6 donuts\"}]},{\"@type\":\"WebSite\",\"@id\":\"https:\/\/distribucionarc.com\/de\/#website\",\"url\":\"https:\/\/distribucionarc.com\/de\/\",\"name\":\"distribuci\u00f3n ARC\",\"description\":\"Empresa especializada en la fabricaci\u00f3n y distribuci\u00f3n de maquinaria industrial, selladoras de latas, Maquinas de hacer pastillas, Maquinas de cortar carne...\",\"publisher\":{\"@id\":\"https:\/\/distribucionarc.com\/de\/#organization\"},\"potentialAction\":[{\"@type\":\"SearchAction\",\"target\":{\"@type\":\"EntryPoint\",\"urlTemplate\":\"https:\/\/distribucionarc.com\/de\/?s={search_term_string}\"},\"query-input\":{\"@type\":\"PropertyValueSpecification\",\"valueRequired\":true,\"valueName\":\"search_term_string\"}}],\"inLanguage\":\"it-IT\"},{\"@type\":\"Organization\",\"@id\":\"https:\/\/distribucionarc.com\/de\/#organization\",\"name\":\"Distribuci\u00f3n ARC\",\"url\":\"https:\/\/distribucionarc.com\/de\/\",\"logo\":{\"@type\":\"ImageObject\",\"inLanguage\":\"it-IT\",\"@id\":\"https:\/\/distribucionarc.com\/de\/#\/schema\/logo\/image\/\",\"url\":\"https:\/\/distribucionarc.com\/wp-content\/uploads\/2024\/10\/distribucion-ARC-COLOR-SIN-FONDO-e1732295305345.png\",\"contentUrl\":\"https:\/\/distribucionarc.com\/wp-content\/uploads\/2024\/10\/distribucion-ARC-COLOR-SIN-FONDO-e1732295305345.png\",\"width\":1164,\"height\":558,\"caption\":\"Distribuci\u00f3n ARC\"},\"image\":{\"@id\":\"https:\/\/distribucionarc.com\/de\/#\/schema\/logo\/image\/\"},\"description\":\"Empresa especializada en la fabricaci\u00f3n y distribuci\u00f3n de maquinaria industrial para los sectores alimentario y farmac\u00e9utico. Nos especializamos en: M\u00e1quinas de cortar carne Fabricaci\u00f3n de comprimidos Sistemas de transporte industrial L\u00edneas de embotellado Dosificadores Y mucho m\u00e1s... Ofrecemos soluciones innovadoras y personalizadas para optimizar los procesos productivos de tu empresa.\",\"email\":\"Admistracion@distribucionarc.com\",\"telephone\":\"+34 643496664\",\"legalName\":\"ARC TECH SOLUTIONS\",\"foundingDate\":\"2024-04-09\",\"vatID\":\"B55480172\",\"numberOfEmployees\":{\"@type\":\"QuantitativeValue\",\"minValue\":\"1\",\"maxValue\":\"10\"}}]}<\/script>\n<!-- \/ Yoast SEO Premium plugin. -->","yoast_head_json":{"title":"Macchina professionale automatica per ciambelle o ciambelle da 6 ciambelle - distribuzione ARC","robots":{"index":"index","follow":"follow","max-snippet":"max-snippet:-1","max-image-preview":"max-image-preview:large","max-video-preview":"max-video-preview:-1"},"canonical":"https:\/\/distribucionarc.com\/it\/prodotto\/macchina-automatica-per-ciambelle-o-ciambelle-professionale-per-6-ciambelle\/","og_locale":"it_IT","og_type":"article","og_title":"M\u00e1quina autom\u00e1tica para donuts o rosquillas profesional para 6 donuts","og_description":"M\u00e1quina autom\u00e1tica para donuts o rosquillas profesional para 6 donuts Esta\u00a0m\u00e1quina de donuts\u00a0de\u00a0ARC\u00a0es la indicada para la producci\u00f3n en cadena o incluso para fabricar donuts frescos en gran cantidad para que conserven toda su textura y sabor.  La\u00a0m\u00e1quina autom\u00e1tica de rosquillas\u00a0ARCMADL6\u00a0est\u00e1 hecha de acero inoxidable de calidad alimentaria. El dise\u00f1o totalmente autom\u00e1tico es popular por su alta eficiencia y precisi\u00f3n para producir 6\u00a0donuts seguidos\u00a0con formaci\u00f3n autom\u00e1tica: dispone de control autom\u00e1tico de temperatura, los donuts giran autom\u00e1ticamente por la cinta\u00a0ahorrando tiempo y energ\u00eda. Con la\u00a0m\u00e1quina autom\u00e1tica de rosquillas\u00a0puede hacer \u00a0una gran cantidad de deliciosos\u00a0donuts dorados y crujientes gracias a su tanque de 9,5L , tambi\u00e9n se pueden a\u00f1adir cacahuetes, s\u00e9samo o nueces a la superficie del donut al moldear. Ideal para profesional o dom\u00e9stico. Garant\u00eda\u00a0ARC\u00a02 A\u00d1OS Maquina automatica para donuts y rosquillas eficiente, bajo consumo 2800w soporte t\u00e9cnico incluido","og_url":"https:\/\/distribucionarc.com\/it\/prodotto\/macchina-automatica-per-ciambelle-o-ciambelle-professionale-per-6-ciambelle\/","og_site_name":"distribuci\u00f3n ARC","article_modified_time":"2020-10-01T08:20:42+00:00","og_image":[{"width":1600,"height":1600,"url":"https:\/\/distribucionarc.com\/wp-content\/uploads\/2020\/08\/M\u00e1quina-autom\u00e1tica-para-donuts-o-rosquillas-profesional-para-6-donuts-0.jpg","type":"image\/jpeg"}],"twitter_card":"summary_large_image","twitter_misc":{"Tempo di lettura stimato":"2 minuti"},"schema":{"@context":"https:\/\/schema.org","@graph":[{"@type":"WebPage","@id":"https:\/\/distribucionarc.com\/producto\/maquina-automatica-para-donuts-o-rosquillas-profesional-para-6-donuts\/","url":"https:\/\/distribucionarc.com\/producto\/maquina-automatica-para-donuts-o-rosquillas-profesional-para-6-donuts\/","name":"Macchina professionale automatica per ciambelle o ciambelle da 6 ciambelle - distribuzione ARC","isPartOf":{"@id":"https:\/\/distribucionarc.com\/de\/#website"},"primaryImageOfPage":{"@id":"https:\/\/distribucionarc.com\/producto\/maquina-automatica-para-donuts-o-rosquillas-profesional-para-6-donuts\/#primaryimage"},"image":{"@id":"https:\/\/distribucionarc.com\/producto\/maquina-automatica-para-donuts-o-rosquillas-profesional-para-6-donuts\/#primaryimage"},"thumbnailUrl":"https:\/\/distribucionarc.com\/wp-content\/uploads\/2020\/08\/M\u00e1quina-autom\u00e1tica-para-donuts-o-rosquillas-profesional-para-6-donuts-0.jpg","datePublished":"2020-08-19T15:38:52+00:00","dateModified":"2020-10-01T08:20:42+00:00","breadcrumb":{"@id":"https:\/\/distribucionarc.com\/producto\/maquina-automatica-para-donuts-o-rosquillas-profesional-para-6-donuts\/#breadcrumb"},"inLanguage":"it-IT","potentialAction":[{"@type":"ReadAction","target":["https:\/\/distribucionarc.com\/producto\/maquina-automatica-para-donuts-o-rosquillas-profesional-para-6-donuts\/"]}]},{"@type":"ImageObject","inLanguage":"it-IT","@id":"https:\/\/distribucionarc.com\/producto\/maquina-automatica-para-donuts-o-rosquillas-profesional-para-6-donuts\/#primaryimage","url":"https:\/\/distribucionarc.com\/wp-content\/uploads\/2020\/08\/M\u00e1quina-autom\u00e1tica-para-donuts-o-rosquillas-profesional-para-6-donuts-0.jpg","contentUrl":"https:\/\/distribucionarc.com\/wp-content\/uploads\/2020\/08\/M\u00e1quina-autom\u00e1tica-para-donuts-o-rosquillas-profesional-para-6-donuts-0.jpg","width":1600,"height":1600,"caption":"M\u00e1quina autom\u00e1tica para donuts o rosquillas profesional para 6 donuts"},{"@type":"BreadcrumbList","@id":"https:\/\/distribucionarc.com\/producto\/maquina-automatica-para-donuts-o-rosquillas-profesional-para-6-donuts\/#breadcrumb","itemListElement":[{"@type":"ListItem","position":1,"name":"Portada","item":"https:\/\/distribucionarc.com\/pl\/"},{"@type":"ListItem","position":2,"name":"Produkty","item":"https:\/\/distribucionarc.com\/pl\/shop\/"},{"@type":"ListItem","position":3,"name":"M\u00e1quina autom\u00e1tica para donuts o rosquillas profesional para 6 donuts"}]},{"@type":"WebSite","@id":"https:\/\/distribucionarc.com\/de\/#website","url":"https:\/\/distribucionarc.com\/de\/","name":"Distribuzione dell&#039;ARCO","description":"Azienda specializzata nella produzione e distribuzione di macchinari industriali, macchine sigillatrici di lattine, macchine per la produzione di compresse, macchine per il taglio della carne...","publisher":{"@id":"https:\/\/distribucionarc.com\/de\/#organization"},"potentialAction":[{"@type":"SearchAction","target":{"@type":"EntryPoint","urlTemplate":"https:\/\/distribucionarc.com\/de\/?s={search_term_string}"},"query-input":{"@type":"PropertyValueSpecification","valueRequired":true,"valueName":"search_term_string"}}],"inLanguage":"it-IT"},{"@type":"Organization","@id":"https:\/\/distribucionarc.com\/de\/#organization","name":"Distribuzione dell&#039;ARC","url":"https:\/\/distribucionarc.com\/de\/","logo":{"@type":"ImageObject","inLanguage":"it-IT","@id":"https:\/\/distribucionarc.com\/de\/#\/schema\/logo\/image\/","url":"https:\/\/distribucionarc.com\/wp-content\/uploads\/2024\/10\/distribucion-ARC-COLOR-SIN-FONDO-e1732295305345.png","contentUrl":"https:\/\/distribucionarc.com\/wp-content\/uploads\/2024\/10\/distribucion-ARC-COLOR-SIN-FONDO-e1732295305345.png","width":1164,"height":558,"caption":"Distribuci\u00f3n ARC"},"image":{"@id":"https:\/\/distribucionarc.com\/de\/#\/schema\/logo\/image\/"},"description":"Azienda specializzata nella produzione e distribuzione di macchinari industriali per il settore alimentare e farmaceutico. Siamo specializzati in: Macchine per il taglio della carne Produzione di compresse Sistemi di trasporto industriale Linee di imbottigliamento Dispenser E molto altro ancora... Offriamo soluzioni innovative e personalizzate per ottimizzare i processi produttivi della vostra azienda.","email":"Admistracion@distribucionarc.com","telephone":"+34 643496664","legalName":"ARC TECH SOLUTIONS","foundingDate":"2024-04-09","vatID":"B55480172","numberOfEmployees":{"@type":"QuantitativeValue","minValue":"1","maxValue":"10"}}]}},"_links":{"self":[{"href":"https:\/\/distribucionarc.com\/it\/wp-json\/wp\/v2\/product\/2527","targetHints":{"allow":["GET"]}}],"collection":[{"href":"https:\/\/distribucionarc.com\/it\/wp-json\/wp\/v2\/product"}],"about":[{"href":"https:\/\/distribucionarc.com\/it\/wp-json\/wp\/v2\/types\/product"}],"replies":[{"embeddable":true,"href":"https:\/\/distribucionarc.com\/it\/wp-json\/wp\/v2\/comments?post=2527"}],"version-history":[{"count":0,"href":"https:\/\/distribucionarc.com\/it\/wp-json\/wp\/v2\/product\/2527\/revisions"}],"wp:featuredmedia":[{"embeddable":true,"href":"https:\/\/distribucionarc.com\/it\/wp-json\/wp\/v2\/media\/2591"}],"wp:attachment":[{"href":"https:\/\/distribucionarc.com\/it\/wp-json\/wp\/v2\/media?parent=2527"}],"wp:term":[{"taxonomy":"product_brand","embeddable":true,"href":"https:\/\/distribucionarc.com\/it\/wp-json\/wp\/v2\/product_brand?post=2527"},{"taxonomy":"product_cat","embeddable":true,"href":"https:\/\/distribucionarc.com\/it\/wp-json\/wp\/v2\/product_cat?post=2527"},{"taxonomy":"product_tag","embeddable":true,"href":"https:\/\/distribucionarc.com\/it\/wp-json\/wp\/v2\/product_tag?post=2527"}],"curies":[{"name":"wp","href":"https:\/\/api.w.org\/{rel}","templated":true}]}}